{"id":8552,"date":"2024-09-30T18:27:29","date_gmt":"2024-09-30T18:27:29","guid":{"rendered":"https:\/\/elfsight.com\/pl\/?page_id=8552"},"modified":"2024-12-17T13:06:39","modified_gmt":"2024-12-17T13:06:39","slug":"magento","status":"publish","type":"page","link":"https:\/\/elfsight.com\/pl\/poll-widget\/magento\/","title":{"rendered":"poll &#8211; magento"},"content":{"rendered":"<div class=\"application-platform-content-item-description application-platform-content-item\" id=\"description\" data-nav-section=\"description\"> <h2>Osad\u017a ankiet\u0119 w Magento za pomoc\u0105 rozszerzenia Elfsight<\/h2> <p>Z \u0142atwo\u015bci\u0105 dodaj indywidualne rozszerzenie ankiety do swojej witryny, aby zwi\u0119kszy\u0107 zaanga\u017cowanie odbiorc\u00f3w i zbiera\u0107 spostrze\u017cenia. W kilku krokach mo\u017cesz utworzy\u0107 interaktywne ankiety zawieraj\u0105ce wiele typ\u00f3w pyta\u0144, takich jak wielokrotny wyb\u00f3r i skale ocen. Uruchomienie ankiety jest szybkie i proste. <\/p><p>Utworzenie nowych ankiet zajmuje tylko jedno klikni\u0119cie, a wyniki s\u0105 wy\u015bwietlane w czasie rzeczywistym. Dzi\u0119ki logice warunkowej mo\u017cesz dostosowywa\u0107 pytania na podstawie odpowiedzi klient\u00f3w. Rozszerzenie doskonale integruje si\u0119 z powszechnie u\u017cywanymi narz\u0119dziami CRM i e-mail, u\u0142atwiaj\u0105c porz\u0105dkowanie danych i ulepszanie us\u0142ug z uwzgl\u0119dnieniem oczekiwa\u0144 klient\u00f3w. <\/p><p><b>Tw\u00f3rz szybko indywidualne kwestionariusze, aby dowiedzie\u0107 si\u0119, czego odbiorcy oczekuj\u0105 od Twojej firmy! <\/b><\/p><\/div> <div class=\"application-platform-content-item-features application-platform-content-item\" id=\"features\" data-nav-section=\"features\"> <h2>Rozszerzenie posiada praktyczne i proste funkcje, oto niekt\u00f3re z nich: <\/h2><ul><li><b> Uelastycznij swoje ankiety dzi\u0119ki logice warunkowej. <\/b> Mo\u017cesz dynamicznie dostosowywa\u0107 pytania uzupe\u0142niaj\u0105ce, zapewniaj\u0105c bardziej zorientowan\u0105 na u\u017cytkownika i rozs\u0105dn\u0105 obs\u0142ug\u0119 ankiety. <\/li><li><b>Tw\u00f3rz ekscytuj\u0105ce ankiety w ci\u0105gu zaledwie kilku minut. <\/b> Nasz przyjazny dla u\u017cytkownika edytor u\u0142atwia tworzenie anga\u017cuj\u0105cych ankiet w celu gromadzenia odpowiedzi i opinii bez \u017cadnych problem\u00f3w. <\/li><li><b>Przekszta\u0142caj odpowiedzi w sprzeda\u017c w czasie rzeczywistym. <\/b> Zrozum potrzeby klient\u00f3w na miejscu i natychmiast zaproponuj odpowiednie rozwi\u0105zania, przekszta\u0142caj\u0105c odpowiedzi w mo\u017cliwo\u015bci biznesowe. <\/li><li><b>U\u017cywaj r\u00f3\u017cnych typ\u00f3w p\u00f3l i danych wej\u015bciowych. <\/b> Utw\u00f3rz niestandardow\u0105 ankiet\u0119, aby uzyska\u0107 niezb\u0119dne dane, korzystaj\u0105c z p\u00f3l wyboru, p\u00f3l tekstowych, list rozwijanych, przycisk\u00f3w opcji i wielu innych element\u00f3w. <\/li><li><b>Zacznij od odpowiedniego, wst\u0119pnie zaprojektowanego szablonu. <\/b> Wybieraj spo\u015br\u00f3d zestawu profesjonalnie zaprojektowanych szablon\u00f3w ankiet, zoptymalizowanych pod k\u0105tem r\u00f3\u017cnych typ\u00f3w ankiet i potrzeb biznesowych. <\/li><\/ul><p><a href=\"#demo\">Po prostu przejrzyj wszystkie ustawienia rozszerzenia w edytorze bezpo\u015brednio na tej stronie<\/a><\/p><\/div> <div class=\"application-platform-content-item-instalacja application-platform-content-item\" id=\"instalacja\" data-nav-section=\"instalacja\"> <h2>Jak mog\u0119 osadzi\u0107 Ankiet\u0119 na mojej stronie Magento? <\/h2><p>Znajd\u017a prosty spos\u00f3b na skonfigurowanie rozszerzenia w swojej witrynie Magento. Zajmie to tylko kilka minut i nie wymaga kodowania. <\/p> <ol><li><strong>Stw\u00f3rz swoje indywidualne rozszerzenie ankiety<\/strong><br> Zacznij od dowolnego szablonu w edytorze, pracuj z wygodnymi elementami edytora i dostosuj rozszerzenie do preferowanego projektu i opcje. <\/li><li><strong>Zdob\u0105d\u017a osobisty kod do osadzenia rozszerzenia<\/strong><br> Gdy tylko uko\u0144czysz tworzenie rozszerzenia, otrzymasz indywidualny kod HTML na swoim panelu kontrolnym. Skopiuj plik zawieraj\u0105cy wszystkie informacje o Twoich ustawieniach. <\/li> <li><strong>Wy\u015bwietl rozszerzenie na swojej stronie Magento<\/strong><br> Zdefiniuj sekcje swojej witryny, w kt\u00f3rych chcesz zaprezentowa\u0107 Ankiet\u0119, i wklej tam kod. Zapisz zmiany. <\/li> <\/ol><p>To wszystko! Teraz sprawd\u017a, jak rozszerzenie radzi sobie w Twojej witrynie. <\/p><p>Je\u015bli masz jakiekolwiek problemy z osadzeniem rozszerzenia w witrynie internetowej, skontaktuj si\u0119 z naszym dzia\u0142em obs\u0142ugi klienta. Z przyjemno\u015bci\u0105 doradzimy Ci w sprawie dodania i zarz\u0105dzania Twoj\u0105 ankiet\u0105. <\/p><\/div>","protected":false},"excerpt":{"rendered":"","protected":false},"author":9,"featured_media":0,"parent":8198,"menu_order":0,"comment_status":"closed","ping_status":"closed","template":"templates\/template-application-platform.php","meta":{"publish_to_discourse":"","publish_post_category":"","wpdc_auto_publish_overridden":"","wpdc_topic_tags":"","wpdc_pin_topic":"","wpdc_pin_until":"","discourse_post_id":"","discourse_permalink":"","wpdc_publishing_response":"","wpdc_publishing_error":"","footnotes":""},"class_list":["post-8552","page","type-page","status-publish","hentry"],"yoast_head":"<!-- This site is optimized with the Yoast SEO plugin v25.3.1 - https:\/\/yoast.com\/wordpress\/plugins\/seo\/ -->\n<title>Rozszerzenie Magento Poll - Dodaj ankiet\u0119 do swojej witryny Magento [BEZP\u0141ATNIE]<\/title>\n<meta name=\"description\" content=\"Dodaj p\u0142ynne rozszerzenie ankiety do swojej witryny OpenCart. Wypr\u00f3buj prosty edytor Elfsight, aby bez wysi\u0142ku stworzy\u0107 swoje indywidualne rozwi\u0105zanie.\" \/>\n<meta name=\"robots\" content=\"index, follow, max-snippet:-1, max-image-preview:large, max-video-preview:-1\" \/>\n<link rel=\"canonical\" href=\"https:\/\/elfsight.com\/pl\/poll-widget\/magento\/\" \/>\n<meta property=\"og:locale\" content=\"pl_PL\" \/>\n<meta property=\"og:type\" content=\"article\" \/>\n<meta property=\"og:title\" content=\"Rozszerzenie Magento Poll - Dodaj ankiet\u0119 do swojej witryny Magento [BEZP\u0141ATNIE]\" \/>\n<meta property=\"og:description\" content=\"Dodaj p\u0142ynne rozszerzenie ankiety do swojej witryny OpenCart. Wypr\u00f3buj prosty edytor Elfsight, aby bez wysi\u0142ku stworzy\u0107 swoje indywidualne rozwi\u0105zanie.\" \/>\n<meta property=\"og:url\" content=\"https:\/\/elfsight.com\/pl\/poll-widget\/magento\/\" \/>\n<meta property=\"og:site_name\" content=\"Elfsight PL\" \/>\n<meta property=\"article:modified_time\" content=\"2024-12-17T13:06:39+00:00\" \/>\n<meta name=\"twitter:card\" content=\"summary_large_image\" \/>\n<meta name=\"twitter:label1\" content=\"Szacowany czas czytania\" \/>\n\t<meta name=\"twitter:data1\" content=\"2 minuty\" \/>\n<!-- \/ Yoast SEO plugin. -->","yoast_head_json":{"title":"Rozszerzenie Magento Poll - Dodaj ankiet\u0119 do swojej witryny Magento [BEZP\u0141ATNIE]","description":"Dodaj p\u0142ynne rozszerzenie ankiety do swojej witryny OpenCart. Wypr\u00f3buj prosty edytor Elfsight, aby bez wysi\u0142ku stworzy\u0107 swoje indywidualne rozwi\u0105zanie.","robots":{"index":"index","follow":"follow","max-snippet":"max-snippet:-1","max-image-preview":"max-image-preview:large","max-video-preview":"max-video-preview:-1"},"canonical":"https:\/\/elfsight.com\/pl\/poll-widget\/magento\/","og_locale":"pl_PL","og_type":"article","og_title":"Rozszerzenie Magento Poll - Dodaj ankiet\u0119 do swojej witryny Magento [BEZP\u0141ATNIE]","og_description":"Dodaj p\u0142ynne rozszerzenie ankiety do swojej witryny OpenCart. Wypr\u00f3buj prosty edytor Elfsight, aby bez wysi\u0142ku stworzy\u0107 swoje indywidualne rozwi\u0105zanie.","og_url":"https:\/\/elfsight.com\/pl\/poll-widget\/magento\/","og_site_name":"Elfsight PL","article_modified_time":"2024-12-17T13:06:39+00:00","twitter_card":"summary_large_image","twitter_misc":{"Szacowany czas czytania":"2 minuty"},"schema":{"@context":"https:\/\/schema.org","@graph":[{"@type":"WebPage","@id":"https:\/\/elfsight.com\/pl\/poll-widget\/magento\/","url":"https:\/\/elfsight.com\/pl\/poll-widget\/magento\/","name":"Rozszerzenie Magento Poll - Dodaj ankiet\u0119 do swojej witryny Magento [BEZP\u0141ATNIE]","isPartOf":{"@id":"https:\/\/elfsight.com\/pl\/#website"},"datePublished":"2024-09-30T18:27:29+00:00","dateModified":"2024-12-17T13:06:39+00:00","description":"Dodaj p\u0142ynne rozszerzenie ankiety do swojej witryny OpenCart. Wypr\u00f3buj prosty edytor Elfsight, aby bez wysi\u0142ku stworzy\u0107 swoje indywidualne rozwi\u0105zanie.","breadcrumb":{"@id":"https:\/\/elfsight.com\/pl\/poll-widget\/magento\/#breadcrumb"},"inLanguage":"pl-PL","potentialAction":[{"@type":"ReadAction","target":["https:\/\/elfsight.com\/pl\/poll-widget\/magento\/"]}]},{"@type":"BreadcrumbList","@id":"https:\/\/elfsight.com\/pl\/poll-widget\/magento\/#breadcrumb","itemListElement":[{"@type":"ListItem","position":1,"name":"Home","item":"https:\/\/elfsight.com\/pl\/"},{"@type":"ListItem","position":2,"name":"Poll","item":"https:\/\/elfsight.com\/pl\/poll-widget\/"},{"@type":"ListItem","position":3,"name":"poll &#8211; magento"}]},{"@type":"WebSite","@id":"https:\/\/elfsight.com\/pl\/#website","url":"https:\/\/elfsight.com\/pl\/","name":"Elfsight PL","description":"Just another Elfsight Sites site","potentialAction":[{"@type":"SearchAction","target":{"@type":"EntryPoint","urlTemplate":"https:\/\/elfsight.com\/pl\/?s={search_term_string}"},"query-input":{"@type":"PropertyValueSpecification","valueRequired":true,"valueName":"search_term_string"}}],"inLanguage":"pl-PL"}]}},"meta_box":{"industry":"","seo_heading":"","heading":"","description":"","cta_heading":"","cta_description":"","application":"8189","h1":"Dodaj ankiet\u0119 do strony Magento","h1_caption":"Anga\u017cuj odwiedzaj\u0105cych Twoj\u0105 witryn\u0119 Magento, tworz\u0105c interaktywne ankiety, pomagaj\u0105c Ci zebra\u0107 cenne opinie i spostrze\u017cenia w celu ulepszenia Twoich produkt\u00f3w i us\u0142ug.","application_category":[],"applications_title":"","applications_request_title":"","applications_request_button_text":"","hero_text":"","hero_video":"","hero_video_schema_markup":"","selling_points_title":"","selling_points_caption":"","selling_points":[],"selling_points_cta_text":"","features_title":"","features":"","ed_cta_examples_text":"","ed_cta_examples_hidden":"","ed_cta_demo_text":"","ed_cta_demo_hidden":"","why_caption":"","why_editor_title":"","why_editor_text":"","why_team_title":"","why_team_text":"","why_service_title":"","why_service_text":"","template_catalog_visible":"","template_catalog_title":"","template_catalog_text":"","template_catalog_categories_visible":"","demo_title":"Utw\u00f3rz rozszerzenie ankiety","demo_caption":"Skonfiguruj swoj\u0105 Ankiet\u0119 i dodaj j\u0105 do swojej witryny Magento za darmo!","default_faq_hidden":"","app_template_category":[],"platform":"92","template_public_id":"","codecanyon_url":"","codecanyon_item_id":"","codecanyon_price":"","pricing_caption":"","pricing_elfsight_apps_hide_column":"","pricing_elfsight_apps_url":"","pricing_codecanyon_price_caption":"","integration_category":[],"integration_request_title":"","integration_request_cta":"","integration_platform":"","integrations":[],"platform_category":[],"video_schema_markup":"","price":"od 0 USD \/ miesi\u0105c","trial":"","benefits":[{"text":"Bezp\u0142atna us\u0142uga monta\u017cu"},{"text":"Do\u015bwiadczona obs\u0142uga klienta"},{"text":"14-dniowa gwarancja zwrotu pieni\u0119dzy"},{"text":"Ci\u0105g\u0142y rozw\u00f3j"}],"button_url":"#demo","button_target_blank":"","button_nofollow":"","attributes":[{"name":"Zainstalowa\u0107","content":"50,000 - 100,000"},{"name":"Czu\u0142y","content":"Tak"},{"name":"Kompatybilne przegl\u0105darki","content":"Firefox, Safari, Opera, Chrome, Edge"}],"tags":[],"tags_disable_links":"","hide_more_platforms":"","video_object":"","demo_hide_cta":"","demo_hide_cloud_options":"","pricing_title":"","pricing":[{"pricing_icon":"platform","pricing_title":"Elfsight Apps","pricing_title_caption":"Niezale\u017cne od platformy rozwi\u0105zanie cyfrowe, kt\u00f3re pasuje do ka\u017cdej witryny internetowej","pricing_price":"od 0 USD \/ miesi\u0105c","pricing_price_caption":"zacznij od darmowego planu","pricing_benefits":[{"text":"Nielimitowane strony internetowe"},{"text":"Bezp\u0142atna obs\u0142uga klienta"},{"text":"Bezp\u0142atna pomoc w instalacji"},{"text":"100% konfigurowalny"}],"pricing_button_text":"Dodaj do witryny","pricing_button_url":"#demo"}],"related_apps_title":"","related_apps_hidden":"","author":"","image":[],"title":"","job":"","social_networks":[]},"_links":{"self":[{"href":"https:\/\/elfsight.com\/pl\/wp-json\/wp\/v2\/pages\/8552","targetHints":{"allow":["GET"]}}],"collection":[{"href":"https:\/\/elfsight.com\/pl\/wp-json\/wp\/v2\/pages"}],"about":[{"href":"https:\/\/elfsight.com\/pl\/wp-json\/wp\/v2\/types\/page"}],"author":[{"embeddable":true,"href":"https:\/\/elfsight.com\/pl\/wp-json\/wp\/v2\/users\/9"}],"replies":[{"embeddable":true,"href":"https:\/\/elfsight.com\/pl\/wp-json\/wp\/v2\/comments?post=8552"}],"version-history":[{"count":1,"href":"https:\/\/elfsight.com\/pl\/wp-json\/wp\/v2\/pages\/8552\/revisions"}],"predecessor-version":[{"id":8556,"href":"https:\/\/elfsight.com\/pl\/wp-json\/wp\/v2\/pages\/8552\/revisions\/8556"}],"up":[{"embeddable":true,"href":"https:\/\/elfsight.com\/pl\/wp-json\/wp\/v2\/pages\/8198"}],"wp:attachment":[{"href":"https:\/\/elfsight.com\/pl\/wp-json\/wp\/v2\/media?parent=8552"}],"curies":[{"name":"wp","href":"https:\/\/api.w.org\/{rel}","templated":true}]}}