{"id":8535,"date":"2024-09-30T18:27:29","date_gmt":"2024-09-30T18:27:29","guid":{"rendered":"https:\/\/elfsight.com\/pl\/?page_id=8535"},"modified":"2024-12-17T13:06:21","modified_gmt":"2024-12-17T13:06:21","slug":"html","status":"publish","type":"page","link":"https:\/\/elfsight.com\/pl\/poll-widget\/html\/","title":{"rendered":"poll &#8211; html"},"content":{"rendered":"<div class=\"application-platform-content-item-description application-platform-content-item\" id=\"description\" data-nav-section=\"description\"> <h2>Osad\u017a ankiet\u0119 w formacie HTML za pomoc\u0105 wid\u017cetu Elfsight<\/h2> <p>Z \u0142atwo\u015bci\u0105 dodaj indywidualny wid\u017cet ankiety do dowolnej witryny internetowej, aby zwi\u0119kszy\u0107 zaanga\u017cowanie odbiorc\u00f3w i zbiera\u0107 spostrze\u017cenia. W kilku krokach mo\u017cesz utworzy\u0107 interaktywne ankiety zawieraj\u0105ce wiele typ\u00f3w pyta\u0144, np. wielokrotny wyb\u00f3r i skale ocen. Konfiguracja ankiety jest szybka i prosta. <\/p><p>Utworzenie nowych ankiet zajmuje tylko jedno klikni\u0119cie, a wyniki prezentowane s\u0105 w czasie rzeczywistym. Dzi\u0119ki logice warunkowej mo\u017cesz dostosowywa\u0107 pytania na podstawie odpowiedzi u\u017cytkownika. Widget integruje si\u0119 tak\u017ce z szeroko stosowanymi narz\u0119dziami CRM i e-mail, u\u0142atwiaj\u0105c porz\u0105dkowanie danych i udoskonalanie us\u0142ug w oparciu o opinie klient\u00f3w. <\/p><p><b>Tw\u00f3rz z \u0142atwo\u015bci\u0105 indywidualne ankiety, aby dowiedzie\u0107 si\u0119, czego odbiorcy oczekuj\u0105 od Twojej firmy! <\/b><\/p><\/div> <div class=\"application-platform-content-item-features application-platform-content-item\" id=\"features\" data-nav-section=\"features\"> <h2>Poni\u017cej znajduj\u0105 si\u0119 g\u0142\u00f3wne funkcje wid\u017cetu: <\/h2><ul><li><b>Uelastycznij swoje ankiety dzi\u0119ki warunkowym logika. <\/b> Mo\u017cesz dynamicznie dostosowywa\u0107 nadchodz\u0105ce pytania, zapewniaj\u0105c bardziej zorientowan\u0105 na u\u017cytkownika i rozs\u0105dn\u0105 obs\u0142ug\u0119 ankiety. <\/li><li><b>Tw\u00f3rz ekscytuj\u0105ce ankiety za pomoc\u0105 zaledwie kilku klikni\u0119\u0107. <\/b> Nasz intuicyjny edytor u\u0142atwia bezproblemowe uruchamianie anga\u017cuj\u0105cych ankiet w celu zebrania odpowiedzi i opinii. <\/li><li><b>Przekszta\u0142caj odpowiedzi w sprzeda\u017c w czasie rzeczywistym. <\/b> B\u0142yskawicznie zrozum potrzeby u\u017cytkownik\u00f3w i natychmiast zaproponuj odpowiednie rozwi\u0105zania, przekszta\u0142caj\u0105c odpowiedzi w mo\u017cliwo\u015bci biznesowe. <\/li><li><b>U\u017cywaj r\u00f3\u017cnych typ\u00f3w p\u00f3l i danych wej\u015bciowych. <\/b> Dostosuj swoj\u0105 osobist\u0105 ankiet\u0119, aby zbiera\u0107 dowolne dane za pomoc\u0105 p\u00f3l tekstowych, przycisk\u00f3w opcji, p\u00f3l wyboru, list rozwijanych i wielu innych opcji. <\/li><li><b>Zacznij od odpowiedniego, gotowego szablonu. <\/b> Wybieraj spo\u015br\u00f3d zestawu profesjonalnie zaprojektowanych szablon\u00f3w ankiet, zoptymalizowanych pod k\u0105tem r\u00f3\u017cnych typ\u00f3w ankiet i zada\u0144 biznesowych. <\/li><\/ul><p><a href=\"#demo\">Sprawd\u017a przyjazny dla u\u017cytkownika edytor, aby dowiedzie\u0107 si\u0119, co potrafi widget<\/a><\/p><\/div> <div class=\"application-platform-content-item-installation application-platform-content-item\" id=\"installation\" data-nav-section=\"installation\"> <h2>Jak mog\u0119 osadzi\u0107 ankiet\u0119 w mojej witrynie HTML? <\/h2><p>Przyjrzyj si\u0119 temu prostemu sposobowi skonfigurowania wid\u017cetu na swojej witrynie HTML. Zajmie to tylko kilka minut i nie wymaga \u017cadnego kodowania. <\/p> <ol><li><strong>Utw\u00f3rz sw\u00f3j osobisty wid\u017cet ankiety<\/strong><br> Rozpocznij od dowolnego szablonu w edytorze, pracuj z przyjaznymi dla u\u017cytkownika elementami edytora i dostosuj wid\u017cet do swoich \u017c\u0105dany styl i ustawienia. <\/li><li><strong>Uzyskaj osobisty kod, aby osadzi\u0107 wid\u017cet<\/strong><br> Po utworzeniu wid\u017cetu otrzymasz indywidualny kod HTML na swoim panelu kontrolnym. Skopiuj ten kod, kt\u00f3ry zawiera wszystkie szczeg\u00f3\u0142y dotycz\u0105ce Twoich dostosowa\u0144. <\/li> <li><strong>Zaprezentuj wid\u017cet na swojej stronie HTML<\/strong><br> Wybierz obszary swojej witryny, w kt\u00f3rych chcesz zaprezentowa\u0107 Ankiet\u0119, i wklej tam kod. Zapisz zmiany. <\/li> <\/ol><p>To wszystko! Teraz sprawd\u017a jak widget radzi sobie na Twojej stronie. <\/p><p>W przypadku problem\u00f3w z osadzeniem wid\u017cetu na stronie internetowej prosimy o kontakt z naszymi mened\u017cerami pomocy technicznej. Ch\u0119tnie pomo\u017cemy Ci doda\u0107 i dostosowa\u0107 Twoj\u0105 Ankiet\u0119. <\/p><\/div>","protected":false},"excerpt":{"rendered":"","protected":false},"author":9,"featured_media":0,"parent":8198,"menu_order":0,"comment_status":"closed","ping_status":"closed","template":"templates\/template-application-platform.php","meta":{"publish_to_discourse":"","publish_post_category":"","wpdc_auto_publish_overridden":"","wpdc_topic_tags":"","wpdc_pin_topic":"","wpdc_pin_until":"","discourse_post_id":"","discourse_permalink":"","wpdc_publishing_response":"","wpdc_publishing_error":"","footnotes":""},"class_list":["post-8535","page","type-page","status-publish","hentry"],"yoast_head":"<!-- This site is optimized with the Yoast SEO plugin v25.3.1 - https:\/\/yoast.com\/wordpress\/plugins\/seo\/ -->\n<title>Wid\u017cet ankiety HTML - Dodaj ankiet\u0119 do swojej witryny HTML [BEZP\u0141ATNIE]<\/title>\n<meta name=\"description\" content=\"Dodaj p\u0142ynny dodatek do ankiety do swojej witryny PrestaShop. Wypr\u00f3buj edytor online Elfsight, aby bez wysi\u0142ku stworzy\u0107 indywidualne rozwi\u0105zanie.\" \/>\n<meta name=\"robots\" content=\"index, follow, max-snippet:-1, max-image-preview:large, max-video-preview:-1\" \/>\n<link rel=\"canonical\" href=\"https:\/\/elfsight.com\/pl\/poll-widget\/html\/\" \/>\n<meta property=\"og:locale\" content=\"pl_PL\" \/>\n<meta property=\"og:type\" content=\"article\" \/>\n<meta property=\"og:title\" content=\"Wid\u017cet ankiety HTML - Dodaj ankiet\u0119 do swojej witryny HTML [BEZP\u0141ATNIE]\" \/>\n<meta property=\"og:description\" content=\"Dodaj p\u0142ynny dodatek do ankiety do swojej witryny PrestaShop. Wypr\u00f3buj edytor online Elfsight, aby bez wysi\u0142ku stworzy\u0107 indywidualne rozwi\u0105zanie.\" \/>\n<meta property=\"og:url\" content=\"https:\/\/elfsight.com\/pl\/poll-widget\/html\/\" \/>\n<meta property=\"og:site_name\" content=\"Elfsight PL\" \/>\n<meta property=\"article:modified_time\" content=\"2024-12-17T13:06:21+00:00\" \/>\n<meta name=\"twitter:card\" content=\"summary_large_image\" \/>\n<meta name=\"twitter:label1\" content=\"Szacowany czas czytania\" \/>\n\t<meta name=\"twitter:data1\" content=\"2 minuty\" \/>\n<!-- \/ Yoast SEO plugin. -->","yoast_head_json":{"title":"Wid\u017cet ankiety HTML - Dodaj ankiet\u0119 do swojej witryny HTML [BEZP\u0141ATNIE]","description":"Dodaj p\u0142ynny dodatek do ankiety do swojej witryny PrestaShop. Wypr\u00f3buj edytor online Elfsight, aby bez wysi\u0142ku stworzy\u0107 indywidualne rozwi\u0105zanie.","robots":{"index":"index","follow":"follow","max-snippet":"max-snippet:-1","max-image-preview":"max-image-preview:large","max-video-preview":"max-video-preview:-1"},"canonical":"https:\/\/elfsight.com\/pl\/poll-widget\/html\/","og_locale":"pl_PL","og_type":"article","og_title":"Wid\u017cet ankiety HTML - Dodaj ankiet\u0119 do swojej witryny HTML [BEZP\u0141ATNIE]","og_description":"Dodaj p\u0142ynny dodatek do ankiety do swojej witryny PrestaShop. Wypr\u00f3buj edytor online Elfsight, aby bez wysi\u0142ku stworzy\u0107 indywidualne rozwi\u0105zanie.","og_url":"https:\/\/elfsight.com\/pl\/poll-widget\/html\/","og_site_name":"Elfsight PL","article_modified_time":"2024-12-17T13:06:21+00:00","twitter_card":"summary_large_image","twitter_misc":{"Szacowany czas czytania":"2 minuty"},"schema":{"@context":"https:\/\/schema.org","@graph":[{"@type":"WebPage","@id":"https:\/\/elfsight.com\/pl\/poll-widget\/html\/","url":"https:\/\/elfsight.com\/pl\/poll-widget\/html\/","name":"Wid\u017cet ankiety HTML - Dodaj ankiet\u0119 do swojej witryny HTML [BEZP\u0141ATNIE]","isPartOf":{"@id":"https:\/\/elfsight.com\/pl\/#website"},"datePublished":"2024-09-30T18:27:29+00:00","dateModified":"2024-12-17T13:06:21+00:00","description":"Dodaj p\u0142ynny dodatek do ankiety do swojej witryny PrestaShop. Wypr\u00f3buj edytor online Elfsight, aby bez wysi\u0142ku stworzy\u0107 indywidualne rozwi\u0105zanie.","breadcrumb":{"@id":"https:\/\/elfsight.com\/pl\/poll-widget\/html\/#breadcrumb"},"inLanguage":"pl-PL","potentialAction":[{"@type":"ReadAction","target":["https:\/\/elfsight.com\/pl\/poll-widget\/html\/"]}]},{"@type":"BreadcrumbList","@id":"https:\/\/elfsight.com\/pl\/poll-widget\/html\/#breadcrumb","itemListElement":[{"@type":"ListItem","position":1,"name":"Home","item":"https:\/\/elfsight.com\/pl\/"},{"@type":"ListItem","position":2,"name":"Poll","item":"https:\/\/elfsight.com\/pl\/poll-widget\/"},{"@type":"ListItem","position":3,"name":"poll &#8211; html"}]},{"@type":"WebSite","@id":"https:\/\/elfsight.com\/pl\/#website","url":"https:\/\/elfsight.com\/pl\/","name":"Elfsight PL","description":"Just another Elfsight Sites site","potentialAction":[{"@type":"SearchAction","target":{"@type":"EntryPoint","urlTemplate":"https:\/\/elfsight.com\/pl\/?s={search_term_string}"},"query-input":{"@type":"PropertyValueSpecification","valueRequired":true,"valueName":"search_term_string"}}],"inLanguage":"pl-PL"}]}},"meta_box":{"industry":"","seo_heading":"","heading":"","description":"","cta_heading":"","cta_description":"","application":"8189","h1":"Dodaj ankiet\u0119 do strony HTML","h1_caption":"Anga\u017cuj odwiedzaj\u0105cych Twoj\u0105 witryn\u0119 HTML, tworz\u0105c interaktywne ankiety, kt\u00f3re pomog\u0105 Ci zebra\u0107 cenne opinie i spostrze\u017cenia w celu ulepszenia Twoich produkt\u00f3w i us\u0142ug.","application_category":[],"applications_title":"","applications_request_title":"","applications_request_button_text":"","hero_text":"","hero_video":"","hero_video_schema_markup":"","selling_points_title":"","selling_points_caption":"","selling_points":[],"selling_points_cta_text":"","features_title":"","features":"","ed_cta_examples_text":"","ed_cta_examples_hidden":"","ed_cta_demo_text":"","ed_cta_demo_hidden":"","why_caption":"","why_editor_title":"","why_editor_text":"","why_team_title":"","why_team_text":"","why_service_title":"","why_service_text":"","template_catalog_visible":"","template_catalog_title":"","template_catalog_text":"","template_catalog_categories_visible":"","demo_title":"Utw\u00f3rz wid\u017cet ankiety","demo_caption":"Skonfiguruj swoj\u0105 ankiet\u0119 i dodaj j\u0105 do swojej witryny HTML za darmo!","default_faq_hidden":"","app_template_category":[],"platform":"50","template_public_id":"","codecanyon_url":"","codecanyon_item_id":"","codecanyon_price":"","pricing_caption":"","pricing_elfsight_apps_hide_column":"","pricing_elfsight_apps_url":"","pricing_codecanyon_price_caption":"","integration_category":[],"integration_request_title":"","integration_request_cta":"","integration_platform":"","integrations":[],"platform_category":[],"video_schema_markup":"","price":"od 0 USD \/ miesi\u0105c","trial":"","benefits":[{"text":"Bezp\u0142atna us\u0142uga monta\u017cu"},{"text":"Kompetentna obs\u0142uga klienta"},{"text":"14-dniowa gwarancja zwrotu pieni\u0119dzy"},{"text":"Regularne bezp\u0142atne ulepszenia"}],"button_url":"#demo","button_target_blank":"","button_nofollow":"","attributes":[{"name":"Zainstalowa\u0107","content":"50,000 - 100,000"},{"name":"Czu\u0142y","content":"Tak"},{"name":"Kompatybilne przegl\u0105darki","content":"Firefox, Safari, Opera, Chrome, Edge"}],"tags":[],"tags_disable_links":"","hide_more_platforms":"","video_object":"","demo_hide_cta":"","demo_hide_cloud_options":"","pricing_title":"","pricing":[{"pricing_icon":"platform","pricing_title":"Elfsight Apps","pricing_title_caption":"Wersja niezale\u017cna od platformy, kt\u00f3ra dzia\u0142a na ka\u017cdej stronie internetowej","pricing_price":"od 0 USD \/ miesi\u0105c","pricing_price_caption":"zacznij od darmowego planu","pricing_benefits":[{"text":"Nielimitowane strony internetowe"},{"text":"Ca\u0142odobowe wsparcie firmy"},{"text":"Bezp\u0142atna pomoc w monta\u017cu"},{"text":"Elastyczny projekt"}],"pricing_button_text":"Dodaj do witryny","pricing_button_url":"#demo"}],"related_apps_title":"","related_apps_hidden":"","author":"","image":[],"title":"","job":"","social_networks":[]},"_links":{"self":[{"href":"https:\/\/elfsight.com\/pl\/wp-json\/wp\/v2\/pages\/8535","targetHints":{"allow":["GET"]}}],"collection":[{"href":"https:\/\/elfsight.com\/pl\/wp-json\/wp\/v2\/pages"}],"about":[{"href":"https:\/\/elfsight.com\/pl\/wp-json\/wp\/v2\/types\/page"}],"author":[{"embeddable":true,"href":"https:\/\/elfsight.com\/pl\/wp-json\/wp\/v2\/users\/9"}],"replies":[{"embeddable":true,"href":"https:\/\/elfsight.com\/pl\/wp-json\/wp\/v2\/comments?post=8535"}],"version-history":[{"count":1,"href":"https:\/\/elfsight.com\/pl\/wp-json\/wp\/v2\/pages\/8535\/revisions"}],"predecessor-version":[{"id":8539,"href":"https:\/\/elfsight.com\/pl\/wp-json\/wp\/v2\/pages\/8535\/revisions\/8539"}],"up":[{"embeddable":true,"href":"https:\/\/elfsight.com\/pl\/wp-json\/wp\/v2\/pages\/8198"}],"wp:attachment":[{"href":"https:\/\/elfsight.com\/pl\/wp-json\/wp\/v2\/media?parent=8535"}],"curies":[{"name":"wp","href":"https:\/\/api.w.org\/{rel}","templated":true}]}}