{"id":8527,"date":"2024-09-30T18:27:29","date_gmt":"2024-09-30T18:27:29","guid":{"rendered":"https:\/\/elfsight.com\/pl\/?page_id=8527"},"modified":"2024-12-17T13:06:12","modified_gmt":"2024-12-17T13:06:12","slug":"drupal","status":"publish","type":"page","link":"https:\/\/elfsight.com\/pl\/spinning-wheel-widget\/drupal\/","title":{"rendered":"spinning wheel &#8211; drupal"},"content":{"rendered":"<div class=\"application-platform-content-item-description application-platform-content-item\" id=\"description\" data-nav-section=\"description\"><h2>Umie\u015b\u0107 ko\u0142owrotek z modu\u0142em Elfsight<\/h2> <p>W\u0142\u0105cz wci\u0105gaj\u0105cy i interaktywny ko\u0142owrotek do swojej witryny! Spersonalizuj nawet 10 nagr\u00f3d, dodaj\u0105c spersonalizowan\u0105 tre\u015b\u0107, obrazy, ekskluzywne kody promocyjne i wezwania do dzia\u0142ania. Zbieraj e-maile, zanim odwiedzaj\u0105cy zaczn\u0105 obraca\u0107 si\u0119, wysy\u0142aj automatyczne powiadomienia do zwyci\u0119zc\u00f3w, otrzymuj aktualizacje w czasie rzeczywistym i zarz\u0105dzaj szansami na wygran\u0105 dla ka\u017cdej nagrody. Optymalizuj widoczno\u015b\u0107 dzi\u0119ki inteligentnym wyzwalaczom i celowaniu na konkretne urz\u0105dzenie. Modu\u0142 obs\u0142uguje ponad 70 j\u0119zyk\u00f3w i jest w pe\u0142ni responsywny. Mo\u017cesz tak\u017ce dostosowa\u0107 jego wygl\u0105d i zachowanie, korzystaj\u0105c z niestandardowego CSS i JavaScript.<\/p> <p><b>Zwi\u0119ksz zaanga\u017cowanie u\u017cytkownik\u00f3w i konwersje, oferuj\u0105c atrakcyjne nagrody odwiedzaj\u0105cym Twoj\u0105 witryn\u0119!<\/b><\/p> [\/application_platform_content_item ] <div class=\"application-platform-content-item-features application-platform-content-item\" id=\"features\" data-nav-section=\"features\"><\/div> <h2>G\u0142\u00f3wne cechy modu\u0142u Spinning Wheel dla Drupala<\/h2> <p>Poni\u017cej znajduje si\u0119 szczeg\u00f3\u0142owy przegl\u0105d Spinning Wheel funkcje modu\u0142u zaprojektowane specjalnie dla Drupala. Opcje te s\u0105 dost\u0119pne w edytorze, co pomo\u017ce Ci skonfigurowa\u0107 modu\u0142 zgodnie z Twoimi potrzebami.<\/p> <ul> <li>Dodaj a\u017c do 10 unikalnych nagr\u00f3d do interaktywnego ko\u0142owrotka.<\/li> <li>Niestandardowa zawarto\u015b\u0107 dla ka\u017cda indywidualna nagroda.<\/li> <li>Ka\u017cda nagroda mo\u017ce mie\u0107 sw\u00f3j w\u0142asny, unikalny kod promocyjny.<\/li> <li>Dedykowany przycisk akcji dla ka\u017cdej nagrody.<\/li> <li>Opcja gromadzenia e-maili u\u017cytkownik\u00f3w przed ich zakr\u0119\u0107 ko\u0142em.<\/li> <\/ul> <p>Ten modu\u0142 jest idealny dla u\u017cytkownik\u00f3w Drupala, kt\u00f3rzy chc\u0105 doda\u0107 interaktywne elementy do swojej witryny.<\/p><p><a href=\"#demo\">Poznaj wszystkie dodatkowe funkcje w wersji demonstracyjnej<\/a><\/p> <\/div> <div class=\"application-platform-content-item-installation application-platform-content-item\" id=\"installation\" data-nav-section=\"installation\"> <h2>Jak osadzi\u0107 Spinning Wheel na mojej stronie Drupal?<\/h2> <p>Aby zainstalowa\u0107 modu\u0142 na swoim Drupal, po prostu wykonaj nast\u0119puj\u0105ce kroki:<\/p> <ul> <li><b>Utw\u00f3rz w\u0142asny modu\u0142 Spinning Wheel<\/b><br> Skorzystaj z naszej bezp\u0142atnej wersji demonstracyjnej, aby zaprojektowa\u0107 modu\u0142 o po\u017c\u0105danym wygl\u0105dzie i funkcjach.<\/li> <li><b>Skopiuj unikalny kod, aby zintegrowa\u0107 modu\u0142<\/b><br> Po zako\u0144czeniu konfiguracji modu\u0142u otrzymasz osobisty kod z wyskakuj\u0105cego okienka w aplikacjach Elfsight. Zachowaj ten kod pod r\u0119k\u0105 do p\u00f3\u017aniejszego wykorzystania.<\/li> <li><b>Dodaj modu\u0142 Spinning Wheel do swojej witryny Drupal<\/b><br> Przejd\u017a do sekcji, w kt\u00f3rej chcesz umie\u015bci\u0107 modu\u0142, wklej skopiowany kod i zapisz zmiany.<\/li> <li><b>Modu\u0142 zosta\u0142 pomy\u015blnie osadzony!<\/b><br> Odwied\u017a swoj\u0105 witryn\u0119 opart\u0105 na Drupalu, aby zobaczy\u0107 modu\u0142 w dzia\u0142aniu.<\/li> <\/ul> <p>Je\u015bli potrzebujesz pomocy lub masz jakie\u015b pytania, skontaktuj si\u0119 z naszym wsparciem zesp\u00f3\u0142. Zawsze jeste\u015bmy tutaj, aby pom\u00f3c, zw\u0142aszcza u\u017cytkownikom Drupala.<\/p> <div class=\"faq\" data-component=\"FAQ\"><div class=\"faq-item\">\r\n\t\t\t\t\t<div class=\"faq-item-question\">\r\n\t\t\t\t\t\t<h3 class=\"faq-item-question-text\">Jak mog\u0119 doda\u0107 Spinning Wheel do mojej witryny Drupal bez do\u015bwiadczenia w kodowaniu?<\/h3>\r\n\r\n\t\t\t\t\t\t<div class=\"faq-item-question-icon\"><\/div>\r\n\t\t\t\t\t<\/div>\r\n\r\n\t\t\t\t\t<div class=\"faq-item-answer\">\r\n\t\t\t\t\t\t<div class=\"faq-item-answer-text\"> <p>Elfsight zapewnia platform\u0119 SaaS kt\u00f3ry umo\u017cliwia utworzenie modu\u0142u Spinning Wheel bez konieczno\u015bci posiadania wiedzy na temat kodowania. U\u017cyj edytora online, aby skonfigurowa\u0107 sw\u00f3j modu\u0142. Wybierz szablon, dostosuj ustawienia, dodaj w\u0142asn\u0105 tre\u015b\u0107 i dostosuj uk\u0142ad i kolory. Po zako\u0144czeniu zapisz modu\u0142 i skopiuj kod instalacyjny, aby zintegrowa\u0107 go ze swoj\u0105 witryn\u0105 Drupal. Aby korzysta\u0107 z us\u0142ugi, nie jest wymagana p\u0142atna subskrypcja ani karta kredytowa. Je\u015bli napotkasz jakiekolwiek problemy, nasz zesp\u00f3\u0142 pomocy technicznej jest zawsze gotowy do pomocy.<\/p> <\/div>\r\n\t\t\t\t\t<\/div>\r\n\t\t\t\t<\/div> <\/div> <\/div>","protected":false},"excerpt":{"rendered":"","protected":false},"author":9,"featured_media":0,"parent":8192,"menu_order":0,"comment_status":"closed","ping_status":"closed","template":"templates\/template-application-platform.php","meta":{"publish_to_discourse":"","publish_post_category":"","wpdc_auto_publish_overridden":"","wpdc_topic_tags":"","wpdc_pin_topic":"","wpdc_pin_until":"","discourse_post_id":"","discourse_permalink":"","wpdc_publishing_response":"","wpdc_publishing_error":"","footnotes":""},"class_list":["post-8527","page","type-page","status-publish","hentry"],"yoast_head":"<!-- This site is optimized with the Yoast SEO plugin v25.3.1 - https:\/\/yoast.com\/wordpress\/plugins\/seo\/ -->\n<title>Modu\u0142 Spinning Wheel - Umie\u015b\u0107 Luck Spin na stronie internetowej [BEZP\u0141ATNIE]<\/title>\n<meta name=\"description\" content=\"Umie\u015b\u0107 interaktywny ko\u0142owrotek w witrynie Bloggera. Zobacz wszystkie funkcje wtyczki Blogger Spinning Wheel, kt\u00f3re mo\u017cesz doda\u0107 do witryny.\" \/>\n<meta name=\"robots\" content=\"index, follow, max-snippet:-1, max-image-preview:large, max-video-preview:-1\" \/>\n<link rel=\"canonical\" href=\"https:\/\/elfsight.com\/pl\/spinning-wheel-widget\/drupal\/\" \/>\n<meta property=\"og:locale\" content=\"pl_PL\" \/>\n<meta property=\"og:type\" content=\"article\" \/>\n<meta property=\"og:title\" content=\"Modu\u0142 Spinning Wheel - Umie\u015b\u0107 Luck Spin na stronie internetowej [BEZP\u0141ATNIE]\" \/>\n<meta property=\"og:description\" content=\"Umie\u015b\u0107 interaktywny ko\u0142owrotek w witrynie Bloggera. Zobacz wszystkie funkcje wtyczki Blogger Spinning Wheel, kt\u00f3re mo\u017cesz doda\u0107 do witryny.\" \/>\n<meta property=\"og:url\" content=\"https:\/\/elfsight.com\/pl\/spinning-wheel-widget\/drupal\/\" \/>\n<meta property=\"og:site_name\" content=\"Elfsight PL\" \/>\n<meta property=\"article:modified_time\" content=\"2024-12-17T13:06:12+00:00\" \/>\n<meta name=\"twitter:card\" content=\"summary_large_image\" \/>\n<meta name=\"twitter:label1\" content=\"Szacowany czas czytania\" \/>\n\t<meta name=\"twitter:data1\" content=\"3 minuty\" \/>\n<!-- \/ Yoast SEO plugin. -->","yoast_head_json":{"title":"Modu\u0142 Spinning Wheel - Umie\u015b\u0107 Luck Spin na stronie internetowej [BEZP\u0141ATNIE]","description":"Umie\u015b\u0107 interaktywny ko\u0142owrotek w witrynie Bloggera. Zobacz wszystkie funkcje wtyczki Blogger Spinning Wheel, kt\u00f3re mo\u017cesz doda\u0107 do witryny.","robots":{"index":"index","follow":"follow","max-snippet":"max-snippet:-1","max-image-preview":"max-image-preview:large","max-video-preview":"max-video-preview:-1"},"canonical":"https:\/\/elfsight.com\/pl\/spinning-wheel-widget\/drupal\/","og_locale":"pl_PL","og_type":"article","og_title":"Modu\u0142 Spinning Wheel - Umie\u015b\u0107 Luck Spin na stronie internetowej [BEZP\u0141ATNIE]","og_description":"Umie\u015b\u0107 interaktywny ko\u0142owrotek w witrynie Bloggera. Zobacz wszystkie funkcje wtyczki Blogger Spinning Wheel, kt\u00f3re mo\u017cesz doda\u0107 do witryny.","og_url":"https:\/\/elfsight.com\/pl\/spinning-wheel-widget\/drupal\/","og_site_name":"Elfsight PL","article_modified_time":"2024-12-17T13:06:12+00:00","twitter_card":"summary_large_image","twitter_misc":{"Szacowany czas czytania":"3 minuty"},"schema":{"@context":"https:\/\/schema.org","@graph":[{"@type":"WebPage","@id":"https:\/\/elfsight.com\/pl\/spinning-wheel-widget\/drupal\/","url":"https:\/\/elfsight.com\/pl\/spinning-wheel-widget\/drupal\/","name":"Modu\u0142 Spinning Wheel - Umie\u015b\u0107 Luck Spin na stronie internetowej [BEZP\u0141ATNIE]","isPartOf":{"@id":"https:\/\/elfsight.com\/pl\/#website"},"datePublished":"2024-09-30T18:27:29+00:00","dateModified":"2024-12-17T13:06:12+00:00","description":"Umie\u015b\u0107 interaktywny ko\u0142owrotek w witrynie Bloggera. Zobacz wszystkie funkcje wtyczki Blogger Spinning Wheel, kt\u00f3re mo\u017cesz doda\u0107 do witryny.","breadcrumb":{"@id":"https:\/\/elfsight.com\/pl\/spinning-wheel-widget\/drupal\/#breadcrumb"},"inLanguage":"pl-PL","potentialAction":[{"@type":"ReadAction","target":["https:\/\/elfsight.com\/pl\/spinning-wheel-widget\/drupal\/"]}]},{"@type":"BreadcrumbList","@id":"https:\/\/elfsight.com\/pl\/spinning-wheel-widget\/drupal\/#breadcrumb","itemListElement":[{"@type":"ListItem","position":1,"name":"Home","item":"https:\/\/elfsight.com\/pl\/"},{"@type":"ListItem","position":2,"name":"Spinning Wheel","item":"https:\/\/elfsight.com\/pl\/spinning-wheel-widget\/"},{"@type":"ListItem","position":3,"name":"spinning wheel &#8211; drupal"}]},{"@type":"WebSite","@id":"https:\/\/elfsight.com\/pl\/#website","url":"https:\/\/elfsight.com\/pl\/","name":"Elfsight PL","description":"Just another Elfsight Sites site","potentialAction":[{"@type":"SearchAction","target":{"@type":"EntryPoint","urlTemplate":"https:\/\/elfsight.com\/pl\/?s={search_term_string}"},"query-input":{"@type":"PropertyValueSpecification","valueRequired":true,"valueName":"search_term_string"}}],"inLanguage":"pl-PL"}]}},"meta_box":{"industry":"","seo_heading":"","heading":"","description":"","cta_heading":"","cta_description":"","application":"8187","h1":"Modu\u0142 Spinning Wheel dla Drupala","h1_caption":"Zwi\u0119ksz zaanga\u017cowanie i liczb\u0119 konwersji dzi\u0119ki zabawnemu Spinning Wheel for Dupal, kt\u00f3ry oferuje odwiedzaj\u0105cym szans\u0119 na wygranie zni\u017cek, nagr\u00f3d lub innych zach\u0119t.","application_category":[],"applications_title":"","applications_request_title":"","applications_request_button_text":"","hero_text":"","hero_video":"","hero_video_schema_markup":"","selling_points_title":"","selling_points_caption":"","selling_points":[],"selling_points_cta_text":"","features_title":"","features":"","ed_cta_examples_text":"","ed_cta_examples_hidden":"","ed_cta_demo_text":"","ed_cta_demo_hidden":"","why_caption":"","why_editor_title":"","why_editor_text":"","why_team_title":"","why_team_text":"","why_service_title":"","why_service_text":"","template_catalog_visible":"","template_catalog_title":"","template_catalog_text":"","template_catalog_categories_visible":"","demo_title":"Utw\u00f3rz modu\u0142 Spinning Wheel","demo_caption":"Skonfiguruj sw\u00f3j Spinning Wheel i dodaj go za darmo do swojej witryny Drupal!","default_faq_hidden":"","app_template_category":[],"platform":"47","template_public_id":"","codecanyon_url":"","codecanyon_item_id":"","codecanyon_price":"","pricing_caption":"","pricing_elfsight_apps_hide_column":"","pricing_elfsight_apps_url":"","pricing_codecanyon_price_caption":"","integration_category":[],"integration_request_title":"","integration_request_cta":"","integration_platform":"","integrations":[],"platform_category":[],"video_schema_markup":"","price":"od 0 USD \/ miesi\u0105c","trial":"","benefits":[{"text":"Bezp\u0142atna pomoc w monta\u017cu"},{"text":"Wsparcie premium"},{"text":"14-dniowa gwarancja zwrotu pieni\u0119dzy"},{"text":"Ci\u0105g\u0142e bezp\u0142atne ulepszenia"}],"button_url":"#demo","button_target_blank":"","button_nofollow":"","attributes":[{"name":"Instaluje","content":"1,000 - 5,000"},{"name":"Czu\u0142y","content":"Tak"},{"name":"Kompatybilne przegl\u0105darki","content":"IE11, Firefox, Safari, Opera, Chrome, Edge"}],"tags":[],"tags_disable_links":"","hide_more_platforms":"","video_object":"","demo_hide_cta":"","demo_hide_cloud_options":"","pricing_title":"","pricing":[{"pricing_icon":"platform","pricing_title":"Elfsight Apps","pricing_title_caption":"Rozwi\u0105zanie niezale\u017cne od platformy, kt\u00f3re dzia\u0142a na ka\u017cdej stronie internetowej","pricing_price":"od 0 USD \/ miesi\u0105c","pricing_price_caption":"zacznij od bezp\u0142atnego planu","pricing_benefits":[{"text":"Nielimitowane domeny"},{"text":"Wsparcie premium"},{"text":"Bezp\u0142atna pomoc w instalacji"},{"text":"Specjalna cena za wiele aplikacji"}],"pricing_button_text":"Dodaj do witryny","pricing_button_url":"#demo"}],"related_apps_title":"","related_apps_hidden":"","author":"","image":[],"title":"","job":"","social_networks":[]},"_links":{"self":[{"href":"https:\/\/elfsight.com\/pl\/wp-json\/wp\/v2\/pages\/8527","targetHints":{"allow":["GET"]}}],"collection":[{"href":"https:\/\/elfsight.com\/pl\/wp-json\/wp\/v2\/pages"}],"about":[{"href":"https:\/\/elfsight.com\/pl\/wp-json\/wp\/v2\/types\/page"}],"author":[{"embeddable":true,"href":"https:\/\/elfsight.com\/pl\/wp-json\/wp\/v2\/users\/9"}],"replies":[{"embeddable":true,"href":"https:\/\/elfsight.com\/pl\/wp-json\/wp\/v2\/comments?post=8527"}],"version-history":[{"count":1,"href":"https:\/\/elfsight.com\/pl\/wp-json\/wp\/v2\/pages\/8527\/revisions"}],"predecessor-version":[{"id":8531,"href":"https:\/\/elfsight.com\/pl\/wp-json\/wp\/v2\/pages\/8527\/revisions\/8531"}],"up":[{"embeddable":true,"href":"https:\/\/elfsight.com\/pl\/wp-json\/wp\/v2\/pages\/8192"}],"wp:attachment":[{"href":"https:\/\/elfsight.com\/pl\/wp-json\/wp\/v2\/media?parent=8527"}],"curies":[{"name":"wp","href":"https:\/\/api.w.org\/{rel}","templated":true}]}}