{"id":8512,"date":"2024-09-30T18:27:29","date_gmt":"2024-09-30T18:27:29","guid":{"rendered":"https:\/\/elfsight.com\/pl\/?page_id=8512"},"modified":"2024-12-17T13:05:52","modified_gmt":"2024-12-17T13:05:52","slug":"woocommerce","status":"publish","type":"page","link":"https:\/\/elfsight.com\/pl\/spinning-wheel-widget\/woocommerce\/","title":{"rendered":"spinning wheel &#8211; woocommerce"},"content":{"rendered":"<div class=\"application-platform-content-item-description application-platform-content-item\" id=\"description\" data-nav-section=\"description\"><h2>Osad\u017a ko\u0142owrotek z aplikacj\u0105 Elfsight<\/h2> <p>Zintegruj dynamiczny ko\u0142owrotek ze swoj\u0105 witryn\u0105! Spersonalizuj nawet 10 r\u00f3\u017cnych nagr\u00f3d za pomoc\u0105 spersonalizowanej tre\u015bci, obraz\u00f3w, ekskluzywnych kod\u00f3w rabatowych i wezwa\u0144 do dzia\u0142ania. Zbieraj e-maile, zanim u\u017cytkownicy zakr\u0119c\u0105 ko\u0142em, wysy\u0142aj automatyczne powiadomienia do zwyci\u0119zc\u00f3w, otrzymuj aktualizacje w czasie rzeczywistym i kontroluj szanse na wygran\u0105 dla ka\u017cdej nagrody. Optymalizuj wy\u015bwietlanie za pomoc\u0105 inteligentnych wyzwalaczy i kierowania na konkretne urz\u0105dzenie. Aplikacja obs\u0142uguje ponad 70 j\u0119zyk\u00f3w i jest w pe\u0142ni responsywna. Mo\u017cesz tak\u017ce dostosowa\u0107 jego wygl\u0105d i zachowanie za pomoc\u0105 w\u0142asnego CSS i JavaScript.<\/p> <p><b>Zwi\u0119ksz zaanga\u017cowanie i zwi\u0119ksz konwersje, oferuj\u0105c odwiedzaj\u0105cym atrakcyjne nagrody!<\/b><\/p> <\/div> <div class=\"application-platform-content-item-features application-platform-content-item\" id=\"features\" data-nav-section=\"features\"> <h2>G\u0142\u00f3wne funkcje aplikacji Spinning Wheel dla WooCommerce<\/h2> <p>Poni\u017cej znajduje si\u0119 obszerna lista funkcji aplikacji Spinning Wheel zaprojektowanej specjalnie dla WooCommerce. Narz\u0119dzia te s\u0105 dost\u0119pne w edytorze i pomagaj\u0105 skonfigurowa\u0107 aplikacj\u0119 dok\u0142adnie pod Twoje potrzeby.<\/p> <ul> <li>Dodaj a\u017c do 10 unikalnych nagr\u00f3d do wci\u0105gaj\u0105cego ko\u0142owrotka.<\/li> <li>Tre\u015b\u0107 niestandardowa dla ka\u017cdej nagrody.<\/li> <li>Ka\u017cda nagroda mo\u017ce zawiera\u0107 sw\u00f3j w\u0142asny, ekskluzywny kod promocyjny.<\/li> <li>Dedykowany przycisk akcji dla ka\u017cdej nagrody.<\/li> <li>Opcja gromadzenia e-maili u\u017cytkownik\u00f3w przed ich zakr\u0119\u0107 ko\u0142em.<\/li> <\/ul> <p>Ta aplikacja jest idealna dla u\u017cytkownik\u00f3w WooCommerce, kt\u00f3rzy chc\u0105 doda\u0107 interaktywne elementy do swojej witryny.<\/p><p><a href=\"#demo\">Odkryj wszystkie dodatkowe funkcje w wersji demonstracyjnej<\/a><\/p> <\/div> <div class=\"application-platform-content-item-installation application-platform-content-item\" id=\"installation\" data-nav-section=\"installation\"> <h2>Jak osadzi\u0107 Spinning Wheel w mojej witrynie WooCommerce?<\/h2> <p>Aby zaimplementowa\u0107 aplikacj\u0119 na swojej stronie WooCommerce po prostu wykonaj nast\u0119puj\u0105ce kroki:<\/p> <ul> <li><b>Utw\u00f3rz spersonalizowan\u0105 aplikacj\u0119 Spinning Wheel<\/b><br> Skorzystaj z naszej bezp\u0142atnej wersji demonstracyjnej, aby zaprojektowa\u0107 aplikacj\u0119 z preferowanym wygl\u0105dem i funkcjami .<\/li> <li><b>Skopiuj unikalny kod, aby wdro\u017cy\u0107 aplikacj\u0119<\/b><br> Po skonfigurowaniu aplikacji otrzymasz osobisty kod z wyskakuj\u0105cego powiadomienia w aplikacjach Elfsight. Zapisz ten kod do p\u00f3\u017aniejszego wykorzystania.<\/li> <li><b>Dodaj aplikacj\u0119 Spinning Wheel do swojej witryny WooCommerce<\/b><br> Przejd\u017a do sekcji, w kt\u00f3rej chcesz umie\u015bci\u0107 aplikacj\u0119, wklej skopiowany kod, i zastosuj zmiany.<\/li> <li><b>Aplikacja zosta\u0142a pomy\u015blnie osadzona!<\/b><br> Odwied\u017a swoj\u0105 witryn\u0119 WooCommerce, aby zobaczy\u0107 swoj\u0105 aplikacj\u0119 w dzia\u0142aniu.<\/li> <\/ul> <p>Je\u015bli potrzebujesz pomocy lub masz pytania, skontaktuj si\u0119 z naszym zespo\u0142em obs\u0142ugi klienta. Zawsze s\u0142u\u017cymy pomoc\u0105, zw\u0142aszcza je\u015bli korzystasz z WooCommerce.<\/p> <div class=\"faq\" data-component=\"FAQ\"><div class=\"faq-item\">\r\n\t\t\t\t\t<div class=\"faq-item-question\">\r\n\t\t\t\t\t\t<h3 class=\"faq-item-question-text\">Jak mog\u0119 doda\u0107 Spinning Wheel do mojej witryny WooCommerce bez do\u015bwiadczenia w programowaniu?<\/h3>\r\n\r\n\t\t\t\t\t\t<div class=\"faq-item-question-icon\"><\/div>\r\n\t\t\t\t\t<\/div>\r\n\r\n\t\t\t\t\t<div class=\"faq-item-answer\">\r\n\t\t\t\t\t\t<div class=\"faq-item-answer-text\"> <p>Oferty Elfsight rozwi\u0105zanie SaaS, kt\u00f3re pozwala stworzy\u0107 aplikacj\u0119 Spinning Wheel bez umiej\u0119tno\u015bci kodowania. Wystarczy skorzysta\u0107 z edytora online, aby skonfigurowa\u0107 aplikacj\u0119. Wybierz szablon, dostosuj ustawienia, dodaj tre\u015b\u0107 i dostosuj uk\u0142ad i kolory. Po zako\u0144czeniu zapisz aplikacj\u0119 i skopiuj kod instalacyjny, aby osadzi\u0107 j\u0105 na swojej stronie WooCommerce. Aby korzysta\u0107 z us\u0142ugi, nie jest wymagana p\u0142atna subskrypcja ani karta kredytowa. Je\u015bli napotkasz jakiekolwiek problemy, nasz zesp\u00f3\u0142 pomocy technicznej jest zawsze dost\u0119pny, aby Ci pom\u00f3c.<\/p> <\/div>\r\n\t\t\t\t\t<\/div>\r\n\t\t\t\t<\/div> <\/div> <\/div>","protected":false},"excerpt":{"rendered":"","protected":false},"author":9,"featured_media":0,"parent":8192,"menu_order":0,"comment_status":"closed","ping_status":"closed","template":"templates\/template-application-platform.php","meta":{"publish_to_discourse":"","publish_post_category":"","wpdc_auto_publish_overridden":"","wpdc_topic_tags":"","wpdc_pin_topic":"","wpdc_pin_until":"","discourse_post_id":"","discourse_permalink":"","wpdc_publishing_response":"","wpdc_publishing_error":"","footnotes":""},"class_list":["post-8512","page","type-page","status-publish","hentry"],"yoast_head":"<!-- This site is optimized with the Yoast SEO plugin v25.3.1 - https:\/\/yoast.com\/wordpress\/plugins\/seo\/ -->\n<title>Widget Spinning Wheel - Umie\u015b\u0107 Luck Spin na stronie internetowej [BEZP\u0141ATNIE]<\/title>\n<meta name=\"description\" content=\"Umie\u015b\u0107 interaktywny ko\u0142owrotek w witrynie Weebly. Zobacz wszystkie funkcje aplikacji Weebly Spinning Wheel, kt\u00f3re mo\u017cesz doda\u0107 do witryny internetowej.\" \/>\n<meta name=\"robots\" content=\"index, follow, max-snippet:-1, max-image-preview:large, max-video-preview:-1\" \/>\n<link rel=\"canonical\" href=\"https:\/\/elfsight.com\/pl\/spinning-wheel-widget\/woocommerce\/\" \/>\n<meta property=\"og:locale\" content=\"pl_PL\" \/>\n<meta property=\"og:type\" content=\"article\" \/>\n<meta property=\"og:title\" content=\"Widget Spinning Wheel - Umie\u015b\u0107 Luck Spin na stronie internetowej [BEZP\u0141ATNIE]\" \/>\n<meta property=\"og:description\" content=\"Umie\u015b\u0107 interaktywny ko\u0142owrotek w witrynie Weebly. Zobacz wszystkie funkcje aplikacji Weebly Spinning Wheel, kt\u00f3re mo\u017cesz doda\u0107 do witryny internetowej.\" \/>\n<meta property=\"og:url\" content=\"https:\/\/elfsight.com\/pl\/spinning-wheel-widget\/woocommerce\/\" \/>\n<meta property=\"og:site_name\" content=\"Elfsight PL\" \/>\n<meta property=\"article:modified_time\" content=\"2024-12-17T13:05:52+00:00\" \/>\n<meta name=\"twitter:card\" content=\"summary_large_image\" \/>\n<meta name=\"twitter:label1\" content=\"Szacowany czas czytania\" \/>\n\t<meta name=\"twitter:data1\" content=\"3 minuty\" \/>\n<!-- \/ Yoast SEO plugin. -->","yoast_head_json":{"title":"Widget Spinning Wheel - Umie\u015b\u0107 Luck Spin na stronie internetowej [BEZP\u0141ATNIE]","description":"Umie\u015b\u0107 interaktywny ko\u0142owrotek w witrynie Weebly. Zobacz wszystkie funkcje aplikacji Weebly Spinning Wheel, kt\u00f3re mo\u017cesz doda\u0107 do witryny internetowej.","robots":{"index":"index","follow":"follow","max-snippet":"max-snippet:-1","max-image-preview":"max-image-preview:large","max-video-preview":"max-video-preview:-1"},"canonical":"https:\/\/elfsight.com\/pl\/spinning-wheel-widget\/woocommerce\/","og_locale":"pl_PL","og_type":"article","og_title":"Widget Spinning Wheel - Umie\u015b\u0107 Luck Spin na stronie internetowej [BEZP\u0141ATNIE]","og_description":"Umie\u015b\u0107 interaktywny ko\u0142owrotek w witrynie Weebly. Zobacz wszystkie funkcje aplikacji Weebly Spinning Wheel, kt\u00f3re mo\u017cesz doda\u0107 do witryny internetowej.","og_url":"https:\/\/elfsight.com\/pl\/spinning-wheel-widget\/woocommerce\/","og_site_name":"Elfsight PL","article_modified_time":"2024-12-17T13:05:52+00:00","twitter_card":"summary_large_image","twitter_misc":{"Szacowany czas czytania":"3 minuty"},"schema":{"@context":"https:\/\/schema.org","@graph":[{"@type":"WebPage","@id":"https:\/\/elfsight.com\/pl\/spinning-wheel-widget\/woocommerce\/","url":"https:\/\/elfsight.com\/pl\/spinning-wheel-widget\/woocommerce\/","name":"Widget Spinning Wheel - Umie\u015b\u0107 Luck Spin na stronie internetowej [BEZP\u0141ATNIE]","isPartOf":{"@id":"https:\/\/elfsight.com\/pl\/#website"},"datePublished":"2024-09-30T18:27:29+00:00","dateModified":"2024-12-17T13:05:52+00:00","description":"Umie\u015b\u0107 interaktywny ko\u0142owrotek w witrynie Weebly. Zobacz wszystkie funkcje aplikacji Weebly Spinning Wheel, kt\u00f3re mo\u017cesz doda\u0107 do witryny internetowej.","breadcrumb":{"@id":"https:\/\/elfsight.com\/pl\/spinning-wheel-widget\/woocommerce\/#breadcrumb"},"inLanguage":"pl-PL","potentialAction":[{"@type":"ReadAction","target":["https:\/\/elfsight.com\/pl\/spinning-wheel-widget\/woocommerce\/"]}]},{"@type":"BreadcrumbList","@id":"https:\/\/elfsight.com\/pl\/spinning-wheel-widget\/woocommerce\/#breadcrumb","itemListElement":[{"@type":"ListItem","position":1,"name":"Home","item":"https:\/\/elfsight.com\/pl\/"},{"@type":"ListItem","position":2,"name":"Spinning Wheel","item":"https:\/\/elfsight.com\/pl\/spinning-wheel-widget\/"},{"@type":"ListItem","position":3,"name":"spinning wheel &#8211; woocommerce"}]},{"@type":"WebSite","@id":"https:\/\/elfsight.com\/pl\/#website","url":"https:\/\/elfsight.com\/pl\/","name":"Elfsight PL","description":"Just another Elfsight Sites site","potentialAction":[{"@type":"SearchAction","target":{"@type":"EntryPoint","urlTemplate":"https:\/\/elfsight.com\/pl\/?s={search_term_string}"},"query-input":{"@type":"PropertyValueSpecification","valueRequired":true,"valueName":"search_term_string"}}],"inLanguage":"pl-PL"}]}},"meta_box":{"industry":"","seo_heading":"","heading":"","description":"","cta_heading":"","cta_description":"","application":"8187","h1":"Aplikacja Spinning Wheel dla Woocommerce","h1_caption":"Zwi\u0119ksz zaanga\u017cowanie i konwersj\u0119 dzi\u0119ki zabawnemu Spinning Wheel dla WooCommerce, kt\u00f3ry oferuje odwiedzaj\u0105cym szans\u0119 na wygranie zni\u017cek, nagr\u00f3d lub innych zach\u0119t.","application_category":[],"applications_title":"","applications_request_title":"","applications_request_button_text":"","hero_text":"","hero_video":"","hero_video_schema_markup":"","selling_points_title":"","selling_points_caption":"","selling_points":[],"selling_points_cta_text":"","features_title":"","features":"","ed_cta_examples_text":"","ed_cta_examples_hidden":"","ed_cta_demo_text":"","ed_cta_demo_hidden":"","why_caption":"","why_editor_title":"","why_editor_text":"","why_team_title":"","why_team_text":"","why_service_title":"","why_service_text":"","template_catalog_visible":"","template_catalog_title":"","template_catalog_text":"","template_catalog_categories_visible":"","demo_title":"Utw\u00f3rz aplikacj\u0119 Spinning Wheel","demo_caption":"Skonfiguruj sw\u00f3j Spinning Wheel i dodaj go za darmo do swojej witryny WooCommerce!","default_faq_hidden":"","app_template_category":[],"platform":"132","template_public_id":"","codecanyon_url":"","codecanyon_item_id":"","codecanyon_price":"","pricing_caption":"","pricing_elfsight_apps_hide_column":"","pricing_elfsight_apps_url":"","pricing_codecanyon_price_caption":"","integration_category":[],"integration_request_title":"","integration_request_cta":"","integration_platform":"","integrations":[],"platform_category":[],"video_schema_markup":"","price":"od 0 USD \/ miesi\u0105c","trial":"","benefits":[{"text":"Bezp\u0142atna pomoc w instalacji"},{"text":"Wsparcie premium"},{"text":"14-dniowa gwarancja zwrotu pieni\u0119dzy"},{"text":"Ci\u0105g\u0142e bezp\u0142atne ulepszenia"}],"button_url":"#demo","button_target_blank":"","button_nofollow":"","attributes":[{"name":"Instaluje","content":"1,000 - 5,000"},{"name":"Czu\u0142y","content":"Tak"},{"name":"Kompatybilne przegl\u0105darki","content":"IE11, Firefox, Safari, Opera, Chrome, Edge"}],"tags":[],"tags_disable_links":"","hide_more_platforms":"","video_object":"","demo_hide_cta":"","demo_hide_cloud_options":"","pricing_title":"","pricing":[{"pricing_icon":"platform","pricing_title":"Elfsight Apps","pricing_title_caption":"Rozwi\u0105zanie niezale\u017cne od platformy, kt\u00f3re dzia\u0142a na ka\u017cdej stronie internetowej","pricing_price":"od 0 USD \/ miesi\u0105c","pricing_price_caption":"zacznij od bezp\u0142atnego planu","pricing_benefits":[{"text":"Nielimitowane domeny"},{"text":"Wsparcie premium"},{"text":"Bezp\u0142atna pomoc w instalacji"},{"text":"Specjalna cena za wiele aplikacji"}],"pricing_button_text":"Dodaj do witryny","pricing_button_url":"#demo"}],"related_apps_title":"","related_apps_hidden":"","author":"","image":[],"title":"","job":"","social_networks":[]},"_links":{"self":[{"href":"https:\/\/elfsight.com\/pl\/wp-json\/wp\/v2\/pages\/8512","targetHints":{"allow":["GET"]}}],"collection":[{"href":"https:\/\/elfsight.com\/pl\/wp-json\/wp\/v2\/pages"}],"about":[{"href":"https:\/\/elfsight.com\/pl\/wp-json\/wp\/v2\/types\/page"}],"author":[{"embeddable":true,"href":"https:\/\/elfsight.com\/pl\/wp-json\/wp\/v2\/users\/9"}],"replies":[{"embeddable":true,"href":"https:\/\/elfsight.com\/pl\/wp-json\/wp\/v2\/comments?post=8512"}],"version-history":[{"count":1,"href":"https:\/\/elfsight.com\/pl\/wp-json\/wp\/v2\/pages\/8512\/revisions"}],"predecessor-version":[{"id":8516,"href":"https:\/\/elfsight.com\/pl\/wp-json\/wp\/v2\/pages\/8512\/revisions\/8516"}],"up":[{"embeddable":true,"href":"https:\/\/elfsight.com\/pl\/wp-json\/wp\/v2\/pages\/8192"}],"wp:attachment":[{"href":"https:\/\/elfsight.com\/pl\/wp-json\/wp\/v2\/media?parent=8512"}],"curies":[{"name":"wp","href":"https:\/\/api.w.org\/{rel}","templated":true}]}}