{"id":85,"date":"2020-11-13T08:00:06","date_gmt":"2020-11-13T08:00:06","guid":{"rendered":"https:\/\/elfsight.com\/pl\/?page_id=85"},"modified":"2021-04-21T13:27:00","modified_gmt":"2021-04-21T13:27:00","slug":"jquery-plugins","status":"publish","type":"page","link":"https:\/\/elfsight.com\/pl\/jquery-plugins\/","title":{"rendered":"jQuery plugins"},"content":{"rendered":"\n<h2>Najskuteczniejsze rozwi\u0105zania Elfsight dla wszystkich potrzeb\u00f3w twojej witryny internetowej jQuery<\/h2>\n\n<p>Przez wiele lat nasz zesp\u00f3\u0142 profesjonalist\u00f3w Elfsight tworzy Plug&amp;Play i dostosowywane pluginy chmurowe dla Twojej firmy. Elfsight zapewnia najwy\u017cszej klasy pomoc techniczn\u0105 i du\u017c\u0105 szybko\u015b\u0107 \u0142adowania. Pluginy Elfsight wspomagaj\u0105 w\u0142a\u015bcicielom serwis\u00f3w online, niekomercyjnych oraz innym na \u015bwiecie zaradzi\u0107 kluczowymi dzia\u0142aniami bardziej skutecznie. \n<\/p>\n\n<p>Mo\u017cesz powi\u0119kszy\u0107 dochody, wykaza\u0107 pozytywny feedback na Pa\u0144stwa produkty, zwi\u0119kszy\u0107 zaufanie do swojej marki, po prostu dodaj\u0105c widget do swojej strony internetowej. Nasze plany taryfowe s\u0105 w zakresie od bezp\u0142atnych do premium. Spr\u00f3buj zastosowa\u0107 wszelkie odpowiednie dodatki korzystaj\u0105c z naszej demonstracji i zobacz jak bardzo to b\u0119dzie po\u017cyteczne w kwestii rozwoju strony internetowej Pa\u0144stwa biznesu. <\/p>\n\n<h2>Co czyni nasze pluginy jQuery s\u0105 najlepszymi narz\u0119dziami dla was? <\/h2>\n\n<p> Sprawd\u017a spis g\u0142\u00f3wny cech naszych wid\u017cet\u00f3w, kt\u00f3re pomagaj\u0105 nam by\u0107 lepszymi, ni\u017c nasi konkurenci: <\/p>\n\n\n<ul>\n<li> Nieodp\u0142atna i szybka pomoc przy instalacje lub personalizacji wid\u017cet\u00f3w; <\/li>\n<li> Zdolne do adaptacji do wszystkich rozdzielczo\u015bci stron internetowych i dostosowane do urz\u0105dze\u0144 mobilnych; <\/li>\n<li> Nie trzeba mie\u0107 \u015brodk\u00f3w programowania lub umiej\u0119tno\u015bci; <\/li>\n<li> Bogata gama ustawie\u0144 dostosowywania; <\/li>\n<li> Oparte na chmurze dodatki pomagaj\u0105 zwi\u0119kszy\u0107 szybko\u015b\u0107 witryny; <\/li>\n<li> Wszystkie przysz\u0142e poprawki s\u0105 bezp\u0142atne i systematyczne; <\/li>\n<li> Przyst\u0119pne ceny; <\/li>\n<li> Kompetentna pomoc w przypadku problem\u00f3w. <\/li>\n<\/ul>\n\n<p> Poznaj bezp\u0142atne opcje naszych wid\u017cet\u00f3w i zrozumiej jej potencja\u0142 lub kup dowolne wymagane wtyczk\u0119 z 20% zni\u017ck\u0105. <\/p>\n\n\n<h2> Jak zintegrowa\u0107 Pa\u0144stwa rozszerzenia Elfsight na Twojej stronie internetowej jQuery <\/h2>\n\n<p> Aby zamie\u015bci\u0107 dodatki, wykonaj czynno\u015bci z \u0142atwej wskaz\u00f3wki: <\/p>\n\n\n<ol>\n<li> Naci\u015bnij wymagany dodatek; <\/li>\n<li> Wprowad\u017a niekt\u00f3re potrzebne zmiany; <\/li>\n<li> Nie zapomnij zapisa\u0107 zmiany; <\/li>\n<li> Kliknij wygenerowany kod; <\/li>\n<li> Zainstaluj go w dost\u0119pnym miejscu swojej strony lub szablonu; <\/li>\n<li> Gotowe! Pomy\u015blnie zako\u0144czy\u0142e\u015b dodawanie pluginu. <\/li>\n<\/ol>\n\n<p> W przypadku jakichkolwiek trudno\u015bci, nie wahaj si\u0119 wys\u0142a\u0107 wiadomo\u015b\u0107 do zespo\u0142u wspieraj\u0105cego Elfsight. <\/p>\n","protected":false},"excerpt":{"rendered":"Najskuteczniejsze rozwi\u0105zania Elfsight dla wszystkich potrzeb\u00f3w twojej witryny internetowej jQuery Przez wiele lat nasz zesp\u00f3\u0142 profesjonalist\u00f3w Elfsight tworzy Plug&amp;Play i dostosowywane pluginy chmurowe dla Twojej firmy. Elfsight zapewnia najwy\u017cszej klasy pomoc techniczn\u0105 i du\u017c\u0105 szybko\u015b\u0107 \u0142adowania. Pluginy Elfsight wspomagaj\u0105 w\u0142a\u015bcicielom serwis\u00f3w online, niekomercyjnych oraz innym na \u015bwiecie zaradzi\u0107 kluczowymi dzia\u0142aniami&#8230;","protected":false},"author":13,"featured_media":0,"parent":0,"menu_order":0,"comment_status":"closed","ping_status":"closed","template":"templates\/template-platform.php","meta":{"publish_to_discourse":"","publish_post_category":"","wpdc_auto_publish_overridden":"","wpdc_topic_tags":"","wpdc_pin_topic":"","wpdc_pin_until":"","discourse_post_id":"","discourse_permalink":"","wpdc_publishing_response":"","wpdc_publishing_error":"","footnotes":""},"class_list":["post-85","page","type-page","status-publish","hentry"],"yoast_head":"<!-- This site is optimized with the Yoast SEO plugin v25.3.1 - https:\/\/yoast.com\/wordpress\/plugins\/seo\/ -->\n<title>Ponad 80 najlepszych darmowych jQuery plugin\u00f3w dla strony internetowej<\/title>\n<meta name=\"description\" content=\"Kolekcja doskona\u0142ych plugin\u00f3w pierwszej klasy dla twojej witryny sieci Web jQuery. Pom\u00f3c z dostosowaniem a tak\u017ce bogata funkcjonalno\u015b\u0107.\" \/>\n<meta name=\"robots\" content=\"index, follow, max-snippet:-1, max-image-preview:large, max-video-preview:-1\" \/>\n<link rel=\"canonical\" href=\"https:\/\/elfsight.com\/pl\/jquery-plugins\/\" \/>\n<meta property=\"og:locale\" content=\"pl_PL\" \/>\n<meta property=\"og:type\" content=\"article\" \/>\n<meta property=\"og:title\" content=\"Ponad 80 najlepszych darmowych jQuery plugin\u00f3w dla strony internetowej\" \/>\n<meta property=\"og:description\" content=\"Kolekcja doskona\u0142ych plugin\u00f3w pierwszej klasy dla twojej witryny sieci Web jQuery. Pom\u00f3c z dostosowaniem a tak\u017ce bogata funkcjonalno\u015b\u0107.\" \/>\n<meta property=\"og:url\" content=\"https:\/\/elfsight.com\/pl\/jquery-plugins\/\" \/>\n<meta property=\"og:site_name\" content=\"Elfsight PL\" \/>\n<meta property=\"article:modified_time\" content=\"2021-04-21T13:27:00+00:00\" \/>\n<meta name=\"twitter:card\" content=\"summary_large_image\" \/>\n<meta name=\"twitter:label1\" content=\"Szacowany czas czytania\" \/>\n\t<meta name=\"twitter:data1\" content=\"2 minuty\" \/>\n<!-- \/ Yoast SEO plugin. -->","yoast_head_json":{"title":"Ponad 80 najlepszych darmowych jQuery plugin\u00f3w dla strony internetowej","description":"Kolekcja doskona\u0142ych plugin\u00f3w pierwszej klasy dla twojej witryny sieci Web jQuery. Pom\u00f3c z dostosowaniem a tak\u017ce bogata funkcjonalno\u015b\u0107.","robots":{"index":"index","follow":"follow","max-snippet":"max-snippet:-1","max-image-preview":"max-image-preview:large","max-video-preview":"max-video-preview:-1"},"canonical":"https:\/\/elfsight.com\/pl\/jquery-plugins\/","og_locale":"pl_PL","og_type":"article","og_title":"Ponad 80 najlepszych darmowych jQuery plugin\u00f3w dla strony internetowej","og_description":"Kolekcja doskona\u0142ych plugin\u00f3w pierwszej klasy dla twojej witryny sieci Web jQuery. Pom\u00f3c z dostosowaniem a tak\u017ce bogata funkcjonalno\u015b\u0107.","og_url":"https:\/\/elfsight.com\/pl\/jquery-plugins\/","og_site_name":"Elfsight PL","article_modified_time":"2021-04-21T13:27:00+00:00","twitter_card":"summary_large_image","twitter_misc":{"Szacowany czas czytania":"2 minuty"},"schema":{"@context":"https:\/\/schema.org","@graph":[{"@type":"WebPage","@id":"https:\/\/elfsight.com\/pl\/jquery-plugins\/","url":"https:\/\/elfsight.com\/pl\/jquery-plugins\/","name":"Ponad 80 najlepszych darmowych jQuery plugin\u00f3w dla strony internetowej","isPartOf":{"@id":"https:\/\/elfsight.com\/pl\/#website"},"datePublished":"2020-11-13T08:00:06+00:00","dateModified":"2021-04-21T13:27:00+00:00","description":"Kolekcja doskona\u0142ych plugin\u00f3w pierwszej klasy dla twojej witryny sieci Web jQuery. Pom\u00f3c z dostosowaniem a tak\u017ce bogata funkcjonalno\u015b\u0107.","breadcrumb":{"@id":"https:\/\/elfsight.com\/pl\/jquery-plugins\/#breadcrumb"},"inLanguage":"pl-PL","potentialAction":[{"@type":"ReadAction","target":["https:\/\/elfsight.com\/pl\/jquery-plugins\/"]}]},{"@type":"BreadcrumbList","@id":"https:\/\/elfsight.com\/pl\/jquery-plugins\/#breadcrumb","itemListElement":[{"@type":"ListItem","position":1,"name":"Home","item":"https:\/\/elfsight.com\/pl\/"},{"@type":"ListItem","position":2,"name":"jQuery plugins"}]},{"@type":"WebSite","@id":"https:\/\/elfsight.com\/pl\/#website","url":"https:\/\/elfsight.com\/pl\/","name":"Elfsight PL","description":"Just another Elfsight Sites site","potentialAction":[{"@type":"SearchAction","target":{"@type":"EntryPoint","urlTemplate":"https:\/\/elfsight.com\/pl\/?s={search_term_string}"},"query-input":{"@type":"PropertyValueSpecification","valueRequired":true,"valueName":"search_term_string"}}],"inLanguage":"pl-PL"}]}},"meta_box":{"industry":"","seo_heading":"","heading":"","description":"","cta_heading":"","cta_description":"","application":"","h1":"Najlepsze pluginy jQuery","h1_caption":"Nieodp\u0142atny pakiet gotowych do u\u017cycia plugin\u00f3w pierwszej klasy z szerokim wachlarzem funkcjonalno\u015bci dla powi\u0119kszania aktywno\u015bci u\u017cytkownika i osi\u0105gni\u0119cia wszystkich kluczowych dzia\u0142a\u0144 handlowych. Szybkie zainstalowanie, obszerny zakres opcji personalizacji a tak\u017ce do\u017cywotnia obs\u0142uga klienta.","application_category":[],"applications_title":"Sprawd\u017a najlepsze pluginy dla twojej witryny internetowej w\u015br\u00f3d wszystkich wtyczek gratisowych w wersji Live Demo","applications_request_title":"Nie mo\u017cesz znale\u017a\u0107 odpowiedniejgo plugina?","applications_request_button_text":"Zam\u00f3w plugin","hero_text":"","hero_video":"","hero_video_schema_markup":"","selling_points_title":"","selling_points_caption":"","selling_points":[],"selling_points_cta_text":"","features_title":"","features":"","ed_cta_examples_text":"","ed_cta_examples_hidden":"","ed_cta_demo_text":"","ed_cta_demo_hidden":"","why_caption":"","why_editor_title":"","why_editor_text":"","why_team_title":"","why_team_text":"","why_service_title":"","why_service_text":"","template_catalog_visible":"","template_catalog_title":"","template_catalog_text":"","template_catalog_categories_visible":"","demo_title":"","demo_caption":"","default_faq_hidden":"","app_template_category":[],"platform":"56","template_public_id":"","codecanyon_url":"","codecanyon_item_id":"","codecanyon_price":"","pricing_caption":"","pricing_elfsight_apps_hide_column":"","pricing_elfsight_apps_url":"","pricing_codecanyon_price_caption":"","integration_category":[],"integration_request_title":"","integration_request_cta":"","integration_platform":"","integrations":[],"platform_category":[],"video_schema_markup":"","price":"","trial":"","benefits":[],"button_url":"","button_target_blank":"","button_nofollow":"","attributes":[],"tags":[],"tags_disable_links":"","hide_more_platforms":"","video_object":"","demo_hide_cta":"","demo_hide_cloud_options":"","pricing_title":"","pricing":[],"related_apps_title":"","related_apps_hidden":"","author":"","image":[],"title":"","job":"","social_networks":[]},"_links":{"self":[{"href":"https:\/\/elfsight.com\/pl\/wp-json\/wp\/v2\/pages\/85","targetHints":{"allow":["GET"]}}],"collection":[{"href":"https:\/\/elfsight.com\/pl\/wp-json\/wp\/v2\/pages"}],"about":[{"href":"https:\/\/elfsight.com\/pl\/wp-json\/wp\/v2\/types\/page"}],"author":[{"embeddable":true,"href":"https:\/\/elfsight.com\/pl\/wp-json\/wp\/v2\/users\/13"}],"replies":[{"embeddable":true,"href":"https:\/\/elfsight.com\/pl\/wp-json\/wp\/v2\/comments?post=85"}],"version-history":[{"count":3,"href":"https:\/\/elfsight.com\/pl\/wp-json\/wp\/v2\/pages\/85\/revisions"}],"predecessor-version":[{"id":98,"href":"https:\/\/elfsight.com\/pl\/wp-json\/wp\/v2\/pages\/85\/revisions\/98"}],"wp:attachment":[{"href":"https:\/\/elfsight.com\/pl\/wp-json\/wp\/v2\/media?parent=85"}],"curies":[{"name":"wp","href":"https:\/\/api.w.org\/{rel}","templated":true}]}}