{"id":8265,"date":"2024-10-08T15:30:59","date_gmt":"2024-10-08T15:30:59","guid":{"rendered":"https:\/\/elfsight.com\/pl\/?page_id=8265"},"modified":"2024-12-27T18:50:07","modified_gmt":"2024-12-27T18:50:07","slug":"pricing","status":"publish","type":"page","link":"https:\/\/elfsight.com\/pl\/calculator-form-widget\/pricing\/","title":{"rendered":"Calculator &#8211; Pricing"},"content":{"rendered":"<div class=\"faq\" data-component=\"FAQ\">\n<div class=\"faq-item\">\r\n\t\t\t\t\t<div class=\"faq-item-question\">\r\n\t\t\t\t\t\t<h3 class=\"faq-item-question-text\">Czy mog\u0119 korzysta\u0107 z Waszych widget\u00f3w bezp\u0142atnie?<\/h3>\r\n\r\n\t\t\t\t\t\t<div class=\"faq-item-question-icon\"><\/div>\r\n\t\t\t\t\t<\/div>\r\n\r\n\t\t\t\t\t<div class=\"faq-item-answer\">\r\n\t\t\t\t\t\t<div class=\"faq-item-answer-text\">\nZdecydowanie! Aby cieszy\u0107 si\u0119 korzy\u015bciami z naszych widget\u00f3w, wystarczy wybra\u0107 bezp\u0142atny plan cenowy.\n<\/div>\r\n\t\t\t\t\t<\/div>\r\n\t\t\t\t<\/div>\n<div class=\"faq-item\">\r\n\t\t\t\t\t<div class=\"faq-item-question\">\r\n\t\t\t\t\t\t<h3 class=\"faq-item-question-text\">Czy oferujecie okres pr\u00f3bny?<\/h3>\r\n\r\n\t\t\t\t\t\t<div class=\"faq-item-question-icon\"><\/div>\r\n\t\t\t\t\t<\/div>\r\n\r\n\t\t\t\t\t<div class=\"faq-item-answer\">\r\n\t\t\t\t\t\t<div class=\"faq-item-answer-text\">\nNie, nie oferujemy \u017cadnych bezp\u0142atnych okres\u00f3w pr\u00f3bnych. Alternatywnie mo\u017cesz wybra\u0107 plan bezp\u0142atny i zobaczy\u0107 wszystkie mo\u017cliwo\u015bci w naszych widgetach. Plan bezp\u0142atny nie ogranicza Ci\u0119 w \u017cadnych funkcjach, wi\u0119c poznasz wszystkie potencja\u0142y bez zbytniego wysi\u0142ku.\n<\/div>\r\n\t\t\t\t\t<\/div>\r\n\t\t\t\t<\/div>\n<div class=\"faq-item\">\r\n\t\t\t\t\t<div class=\"faq-item-question\">\r\n\t\t\t\t\t\t<h3 class=\"faq-item-question-text\">Czy oferujecie jakie\u015b zni\u017cki?<\/h3>\r\n\r\n\t\t\t\t\t\t<div class=\"faq-item-question-icon\"><\/div>\r\n\t\t\t\t\t<\/div>\r\n\r\n\t\t\t\t\t<div class=\"faq-item-answer\">\r\n\t\t\t\t\t\t<div class=\"faq-item-answer-text\">\nOczywi\u015bcie, mo\u017cesz uzyska\u0107 20% zni\u017cki powitalnej na swoj\u0105 pierwsz\u0105 komercyjn\u0105 subskrypcj\u0119. Dodatkowo mamy 30% zni\u017cki na drug\u0105 subskrypcj\u0119 jednego aplikacji.\n<\/div>\r\n\t\t\t\t\t<\/div>\r\n\t\t\t\t<\/div>\n<div class=\"faq-item\">\r\n\t\t\t\t\t<div class=\"faq-item-question\">\r\n\t\t\t\t\t\t<h3 class=\"faq-item-question-text\">Czy istnieje mo\u017cliwo\u015b\u0107 p\u00f3\u017aniejszej modyfikacji mojego planu?<\/h3>\r\n\r\n\t\t\t\t\t\t<div class=\"faq-item-question-icon\"><\/div>\r\n\t\t\t\t\t<\/div>\r\n\r\n\t\t\t\t\t<div class=\"faq-item-answer\">\r\n\t\t\t\t\t\t<div class=\"faq-item-answer-text\">\nTak! Mo\u017cesz zwi\u0119ksza\u0107 lub zmniejsza\u0107 sw\u00f3j plan o ka\u017cdej porze. Pieni\u0105dze, kt\u00f3re zap\u0142aci\u0142e\u015b za poprzedni\u0105 subskrypcj\u0119, zostan\u0105 przeliczone na nowy plan.\n<\/div>\r\n\t\t\t\t\t<\/div>\r\n\t\t\t\t<\/div>\n<div class=\"faq-item\">\r\n\t\t\t\t\t<div class=\"faq-item-question\">\r\n\t\t\t\t\t\t<h3 class=\"faq-item-question-text\">Co to jest ograniczenie wy\u015bwietle\u0144?<\/h3>\r\n\r\n\t\t\t\t\t\t<div class=\"faq-item-question-icon\"><\/div>\r\n\t\t\t\t\t<\/div>\r\n\r\n\t\t\t\t\t<div class=\"faq-item-answer\">\r\n\t\t\t\t\t\t<div class=\"faq-item-answer-text\">\nLiczba wy\u015bwietle\u0144 oznacza liczb\u0119 za\u0142adowa\u0144 widgetu na stronie Twojej witryny. Wy\u015bwietlenia pokazuj\u0105, jak cz\u0119sto plugin mo\u017ce by\u0107 \u0142adowany na stronie, co oznacza, \u017ce to nie jest liczba unikalnych odwiedzaj\u0105cych. Pami\u0119taj, \u017ce ka\u017cdy plan ma swoje w\u0142asne ograniczenie wy\u015bwietle\u0144.\n<\/div>\r\n\t\t\t\t\t<\/div>\r\n\t\t\t\t<\/div>\n<div class=\"faq-item\">\r\n\t\t\t\t\t<div class=\"faq-item-question\">\r\n\t\t\t\t\t\t<h3 class=\"faq-item-question-text\">Ile stron mog\u0119 doda\u0107 m\u00f3j widget?<\/h3>\r\n\r\n\t\t\t\t\t\t<div class=\"faq-item-question-icon\"><\/div>\r\n\t\t\t\t\t<\/div>\r\n\r\n\t\t\t\t\t<div class=\"faq-item-answer\">\r\n\t\t\t\t\t\t<div class=\"faq-item-answer-text\">\nPlan Free Lite umo\u017cliwia dodanie widgetu na jednej stronie i skonstruowanie tylko jednego pluginu. \u017badne p\u0142atne plany nie maj\u0105 takiego ograniczenia. Sprawd\u017a inne subskrypcje, aby zobaczy\u0107 liczb\u0119 stron wspieranych przez integracj\u0119 widgetu.\n<\/div>\r\n\t\t\t\t\t<\/div>\r\n\t\t\t\t<\/div>\n<div class=\"faq-item\">\r\n\t\t\t\t\t<div class=\"faq-item-question\">\r\n\t\t\t\t\t\t<h3 class=\"faq-item-question-text\">Czy oferujecie pomoc w instalacji bez op\u0142at?<\/h3>\r\n\r\n\t\t\t\t\t\t<div class=\"faq-item-question-icon\"><\/div>\r\n\t\t\t\t\t<\/div>\r\n\r\n\t\t\t\t\t<div class=\"faq-item-answer\">\r\n\t\t\t\t\t\t<div class=\"faq-item-answer-text\">\nNie ma w\u0105tpliwo\u015bci! Zapewniamy bezp\u0142atn\u0105 pomoc w instalacji dla wszystkich kategorii u\u017cytkownik\u00f3w. \u015amia\u0142o skontaktuj si\u0119 z naszym zespo\u0142em obs\u0142ugi klienta, je\u015bli tego potrzebujesz.\n<\/div>\r\n\t\t\t\t\t<\/div>\r\n\t\t\t\t<\/div>\n<\/div>","protected":false},"excerpt":{"rendered":"","protected":false},"author":27,"featured_media":0,"parent":8254,"menu_order":0,"comment_status":"closed","ping_status":"closed","template":"templates\/template-application-pricing.php","meta":{"publish_to_discourse":"","publish_post_category":"","wpdc_auto_publish_overridden":"","wpdc_topic_tags":"","wpdc_pin_topic":"","wpdc_pin_until":"","discourse_post_id":"","discourse_permalink":"","wpdc_publishing_response":"","wpdc_publishing_error":"","footnotes":""},"class_list":["post-8265","page","type-page","status-publish","hentry"],"yoast_head":"<!-- This site is optimized with the Yoast SEO plugin v25.3.1 - https:\/\/yoast.com\/wordpress\/plugins\/seo\/ -->\n<title>Wid\u017cet Kalkulatora za Darmo Lub z Planami Taryfowymi Premium<\/title>\n<meta name=\"description\" content=\"Dodaj wid\u017cet Kalkulatora do dowolnej witryny internetowej za darmo lub skorzystaj z jednego z naszych niedrogich i rozs\u0105dnych plan\u00f3w premium w cenach.\" \/>\n<meta name=\"robots\" content=\"index, follow, max-snippet:-1, max-image-preview:large, max-video-preview:-1\" \/>\n<link rel=\"canonical\" href=\"https:\/\/elfsight.com\/pl\/calculator-form-widget\/pricing\/\" \/>\n<meta property=\"og:locale\" content=\"pl_PL\" \/>\n<meta property=\"og:type\" content=\"article\" \/>\n<meta property=\"og:title\" content=\"Wid\u017cet Kalkulatora za Darmo Lub z Planami Taryfowymi Premium\" \/>\n<meta property=\"og:description\" content=\"Dodaj wid\u017cet Kalkulatora do dowolnej witryny internetowej za darmo lub skorzystaj z jednego z naszych niedrogich i rozs\u0105dnych plan\u00f3w premium w cenach.\" \/>\n<meta property=\"og:url\" content=\"https:\/\/elfsight.com\/pl\/calculator-form-widget\/pricing\/\" \/>\n<meta property=\"og:site_name\" content=\"Elfsight PL\" \/>\n<meta property=\"article:modified_time\" content=\"2024-12-27T18:50:07+00:00\" \/>\n<meta name=\"twitter:card\" content=\"summary_large_image\" \/>\n<meta name=\"twitter:label1\" content=\"Szacowany czas czytania\" \/>\n\t<meta name=\"twitter:data1\" content=\"2 minuty\" \/>\n<!-- \/ Yoast SEO plugin. -->","yoast_head_json":{"title":"Wid\u017cet Kalkulatora za Darmo Lub z Planami Taryfowymi Premium","description":"Dodaj wid\u017cet Kalkulatora do dowolnej witryny internetowej za darmo lub skorzystaj z jednego z naszych niedrogich i rozs\u0105dnych plan\u00f3w premium w cenach.","robots":{"index":"index","follow":"follow","max-snippet":"max-snippet:-1","max-image-preview":"max-image-preview:large","max-video-preview":"max-video-preview:-1"},"canonical":"https:\/\/elfsight.com\/pl\/calculator-form-widget\/pricing\/","og_locale":"pl_PL","og_type":"article","og_title":"Wid\u017cet Kalkulatora za Darmo Lub z Planami Taryfowymi Premium","og_description":"Dodaj wid\u017cet Kalkulatora do dowolnej witryny internetowej za darmo lub skorzystaj z jednego z naszych niedrogich i rozs\u0105dnych plan\u00f3w premium w cenach.","og_url":"https:\/\/elfsight.com\/pl\/calculator-form-widget\/pricing\/","og_site_name":"Elfsight PL","article_modified_time":"2024-12-27T18:50:07+00:00","twitter_card":"summary_large_image","twitter_misc":{"Szacowany czas czytania":"2 minuty"},"schema":{"@context":"https:\/\/schema.org","@graph":[{"@type":"WebPage","@id":"https:\/\/elfsight.com\/pl\/calculator-form-widget\/pricing\/","url":"https:\/\/elfsight.com\/pl\/calculator-form-widget\/pricing\/","name":"Wid\u017cet Kalkulatora za Darmo Lub z Planami Taryfowymi Premium","isPartOf":{"@id":"https:\/\/elfsight.com\/pl\/#website"},"datePublished":"2024-10-08T15:30:59+00:00","dateModified":"2024-12-27T18:50:07+00:00","description":"Dodaj wid\u017cet Kalkulatora do dowolnej witryny internetowej za darmo lub skorzystaj z jednego z naszych niedrogich i rozs\u0105dnych plan\u00f3w premium w cenach.","breadcrumb":{"@id":"https:\/\/elfsight.com\/pl\/calculator-form-widget\/pricing\/#breadcrumb"},"inLanguage":"pl-PL","potentialAction":[{"@type":"ReadAction","target":["https:\/\/elfsight.com\/pl\/calculator-form-widget\/pricing\/"]}]},{"@type":"BreadcrumbList","@id":"https:\/\/elfsight.com\/pl\/calculator-form-widget\/pricing\/#breadcrumb","itemListElement":[{"@type":"ListItem","position":1,"name":"Home","item":"https:\/\/elfsight.com\/pl\/"},{"@type":"ListItem","position":2,"name":"Calculator","item":"https:\/\/elfsight.com\/pl\/calculator-form-widget\/"},{"@type":"ListItem","position":3,"name":"Calculator &#8211; Pricing"}]},{"@type":"WebSite","@id":"https:\/\/elfsight.com\/pl\/#website","url":"https:\/\/elfsight.com\/pl\/","name":"Elfsight PL","description":"Just another Elfsight Sites site","potentialAction":[{"@type":"SearchAction","target":{"@type":"EntryPoint","urlTemplate":"https:\/\/elfsight.com\/pl\/?s={search_term_string}"},"query-input":{"@type":"PropertyValueSpecification","valueRequired":true,"valueName":"search_term_string"}}],"inLanguage":"pl-PL"}]}},"meta_box":{"industry":"","seo_heading":"","heading":"","description":"","cta_heading":"","cta_description":"","application":"9524","h1":"","h1_caption":"","application_category":[],"applications_title":"","applications_request_title":"","applications_request_button_text":"","hero_text":"","hero_video":"","hero_video_schema_markup":"","selling_points_title":"","selling_points_caption":"","selling_points":[],"selling_points_cta_text":"","features_title":"","features":"","ed_cta_examples_text":"","ed_cta_examples_hidden":"","ed_cta_demo_text":"","ed_cta_demo_hidden":"","why_caption":"","why_editor_title":"","why_editor_text":"","why_team_title":"","why_team_text":"","why_service_title":"","why_service_text":"","template_catalog_visible":"","template_catalog_title":"","template_catalog_text":"","template_catalog_categories_visible":"","demo_title":"","demo_caption":"","default_faq_hidden":"1","app_template_category":[],"platform":"","template_public_id":"","codecanyon_url":"","codecanyon_item_id":"","codecanyon_price":"","pricing_caption":"","pricing_elfsight_apps_hide_column":"","pricing_elfsight_apps_url":"","pricing_codecanyon_price_caption":"","integration_category":[],"integration_request_title":"","integration_request_cta":"","integration_platform":"","integrations":[],"platform_category":[],"video_schema_markup":"","price":"","trial":"","benefits":[],"button_url":"","button_target_blank":"","button_nofollow":"","attributes":[],"tags":[],"tags_disable_links":"","hide_more_platforms":"","video_object":"","demo_hide_cta":"","demo_hide_cloud_options":"","pricing_title":"","pricing":[],"related_apps_title":"","related_apps_hidden":"","author":"","image":[],"title":"","job":"","social_networks":[]},"_links":{"self":[{"href":"https:\/\/elfsight.com\/pl\/wp-json\/wp\/v2\/pages\/8265","targetHints":{"allow":["GET"]}}],"collection":[{"href":"https:\/\/elfsight.com\/pl\/wp-json\/wp\/v2\/pages"}],"about":[{"href":"https:\/\/elfsight.com\/pl\/wp-json\/wp\/v2\/types\/page"}],"author":[{"embeddable":true,"href":"https:\/\/elfsight.com\/pl\/wp-json\/wp\/v2\/users\/27"}],"replies":[{"embeddable":true,"href":"https:\/\/elfsight.com\/pl\/wp-json\/wp\/v2\/comments?post=8265"}],"version-history":[{"count":3,"href":"https:\/\/elfsight.com\/pl\/wp-json\/wp\/v2\/pages\/8265\/revisions"}],"predecessor-version":[{"id":8271,"href":"https:\/\/elfsight.com\/pl\/wp-json\/wp\/v2\/pages\/8265\/revisions\/8271"}],"up":[{"embeddable":true,"href":"https:\/\/elfsight.com\/pl\/wp-json\/wp\/v2\/pages\/8254"}],"wp:attachment":[{"href":"https:\/\/elfsight.com\/pl\/wp-json\/wp\/v2\/media?parent=8265"}],"curies":[{"name":"wp","href":"https:\/\/api.w.org\/{rel}","templated":true}]}}