{"id":82,"date":"2020-11-13T07:41:30","date_gmt":"2020-11-13T07:41:30","guid":{"rendered":"https:\/\/elfsight.com\/pl\/?page_id=82"},"modified":"2021-04-21T13:26:50","modified_gmt":"2021-04-21T13:26:50","slug":"joomla-extensions","status":"publish","type":"page","link":"https:\/\/elfsight.com\/pl\/joomla-extensions\/","title":{"rendered":"Joomla extensions"},"content":{"rendered":"\n<h2>Najdoskonalsze dodatki Elfsight dla wszystkich potrzeb\u00f3w twojej witryny Joomla<\/h2>\n\n<p>Przez dziewi\u0119\u0107 lat nasz zesp\u00f3\u0142 deweloper\u00f3w Elfsight produkuje \u0142atwe w obs\u0142udze i konfigurowalne wid\u017cety chmurowe dla Twojej dzia\u0142alno\u015bci. Posiadamy zesp\u00f3\u0142 zapewniaj\u0105cy us\u0142ugi wsparcia i szybko\u015b\u0107 wczytywania. Rozwi\u0105zania Elfsight wspomagaj\u0105 w\u0142a\u015bcicielom witryn internetowych, edukacyjnych oraz innym z ca\u0142ego \u015bwiata zaradzi\u0107 kluczowymi zadaniami bardziej skutecznie. \n<\/p>\n\n<p>A\u017ceby powi\u0119kszy\u0107 sprzeda\u017c, wykaza\u0107 5-gwiazdkow\u0105 ocen\u0119 na Twoje produkty, zwi\u0119kszy\u0107 zaufanie do swojej marki, poprzez instalacj\u0119 aplikacji do Twojej serwisu www. Nasze plany abonamentowe wahaj\u0105 si\u0119 od bezp\u0142atnych do premium. Spr\u00f3buj wbudowa\u0107 dowolnie wybrane dodatki przy u\u017cyciu naszej demonstracji i przekonaj si\u0119 jak bardzo mo\u017ce to by\u0107 przydatne w kwestii rozwoju serwisu www Twojego biznesu. <\/p>\n\n<h2>Dlaczego pluginy Elfsight s\u0105 tak wyj\u0105tkowymi rozwi\u0105zaniami dla Twojej witryny? <\/h2>\n\n<p> Zobacz spis kluczowych charakterystyk naszych plugin\u00f3w, kt\u00f3re pomagaj\u0105 nam wyprzedzi\u0107 konkurencj\u0119: <\/p>\n\n\n<ul>\n<li> Bezp\u0142atna i sprawna wsparcie przy instalacje lub personalizacji wtyczek; <\/li>\n<li> Zdolne do adaptacji do wszystkich rozdzielczo\u015bci witryn internetowych i przyjazne dla urz\u0105dze\u0144 mobilnych; <\/li>\n<li> Nie ma potrzeby zatrudnia\u0107 deweloper\u00f3w; <\/li>\n<li> Szeroka oferta mo\u017cliwo\u015bci personalizacji; <\/li>\n<li> Rozwi\u0105zania chmurowe pomagaj\u0105 zwi\u0119kszy\u0107 szybko\u015b\u0107 \u0142adowania strony; <\/li>\n<li> Wszystkie przysz\u0142e aktualizacje s\u0105 gratisowe i systematyczne; <\/li>\n<li> Uczciwe ceny; <\/li>\n<li> Kompetentna pomoc z problemami klient\u00f3w. <\/li>\n<\/ul>\n\n<p> Zbadaj wolne wersje Lite naszych aplikacji i zrozumiej jej potencja\u0142 lub zainstaluj dowolne wymagane wtyczk\u0119 z 20% zni\u017ck\u0105. <\/p>\n\n\n<h2> Jak do\u0142\u0105czy\u0107 pluginy Elfsight na Twojej serwisie www Joomla <\/h2>\n\n<p> Mo\u017cesz osadzi\u0107 nasze widgety, wykonaj czynno\u015bci z prostej wskaz\u00f3wki: <\/p>\n\n\n<ol>\n<li> Wybierz wymagany widget; <\/li>\n<li> Zmodyfikuj wszystkie wymagane zmiany; <\/li>\n<li> Nie zapomnijcie, aby zapisa\u0107 zmiany; <\/li>\n<li> Kliknij otrzymany kod; <\/li>\n<li> Wstaw go w potrzebnym miejscu Pa\u0144stwa strony lub szablonu; <\/li>\n<li> Sko\u0144czone! Zainstalowa\u0142e\u015b plugin. <\/li>\n<\/ol>\n\n<p> Je\u015bli potrzebujesz pomocy, nie wahaj si\u0119 wys\u0142a\u0107 wiadomo\u015b\u0107 do zespo\u0142u wspieraj\u0105cego Elfsight. <\/p>\n","protected":false},"excerpt":{"rendered":"Najdoskonalsze dodatki Elfsight dla wszystkich potrzeb\u00f3w twojej witryny Joomla Przez dziewi\u0119\u0107 lat nasz zesp\u00f3\u0142 deweloper\u00f3w Elfsight produkuje \u0142atwe w obs\u0142udze i konfigurowalne wid\u017cety chmurowe dla Twojej dzia\u0142alno\u015bci. Posiadamy zesp\u00f3\u0142 zapewniaj\u0105cy us\u0142ugi wsparcia i szybko\u015b\u0107 wczytywania. Rozwi\u0105zania Elfsight wspomagaj\u0105 w\u0142a\u015bcicielom witryn internetowych, edukacyjnych oraz innym z ca\u0142ego \u015bwiata zaradzi\u0107 kluczowymi zadaniami&#8230;","protected":false},"author":13,"featured_media":0,"parent":0,"menu_order":0,"comment_status":"closed","ping_status":"closed","template":"templates\/template-platform.php","meta":{"publish_to_discourse":"","publish_post_category":"","wpdc_auto_publish_overridden":"","wpdc_topic_tags":"","wpdc_pin_topic":"","wpdc_pin_until":"","discourse_post_id":"","discourse_permalink":"","wpdc_publishing_response":"","wpdc_publishing_error":"","footnotes":""},"class_list":["post-82","page","type-page","status-publish","hentry"],"yoast_head":"<!-- This site is optimized with the Yoast SEO plugin v25.3.1 - https:\/\/yoast.com\/wordpress\/plugins\/seo\/ -->\n<title>Ponad 80 najlepszych Joomla extensions dla strony internetowej<\/title>\n<meta name=\"description\" content=\"Spis testowanych darmowych wtyczek pierwszej klasy dla twojej strony www Joomla. Pom\u00f3c z dostosowywaniem oraz bogata gama mo\u017cliwo\u015bci.\" \/>\n<meta name=\"robots\" content=\"index, follow, max-snippet:-1, max-image-preview:large, max-video-preview:-1\" \/>\n<link rel=\"canonical\" href=\"https:\/\/elfsight.com\/pl\/joomla-extensions\/\" \/>\n<meta property=\"og:locale\" content=\"pl_PL\" \/>\n<meta property=\"og:type\" content=\"article\" \/>\n<meta property=\"og:title\" content=\"Ponad 80 najlepszych Joomla extensions dla strony internetowej\" \/>\n<meta property=\"og:description\" content=\"Spis testowanych darmowych wtyczek pierwszej klasy dla twojej strony www Joomla. Pom\u00f3c z dostosowywaniem oraz bogata gama mo\u017cliwo\u015bci.\" \/>\n<meta property=\"og:url\" content=\"https:\/\/elfsight.com\/pl\/joomla-extensions\/\" \/>\n<meta property=\"og:site_name\" content=\"Elfsight PL\" \/>\n<meta property=\"article:modified_time\" content=\"2021-04-21T13:26:50+00:00\" \/>\n<meta name=\"twitter:card\" content=\"summary_large_image\" \/>\n<meta name=\"twitter:label1\" content=\"Szacowany czas czytania\" \/>\n\t<meta name=\"twitter:data1\" content=\"1 minuta\" \/>\n<!-- \/ Yoast SEO plugin. -->","yoast_head_json":{"title":"Ponad 80 najlepszych Joomla extensions dla strony internetowej","description":"Spis testowanych darmowych wtyczek pierwszej klasy dla twojej strony www Joomla. Pom\u00f3c z dostosowywaniem oraz bogata gama mo\u017cliwo\u015bci.","robots":{"index":"index","follow":"follow","max-snippet":"max-snippet:-1","max-image-preview":"max-image-preview:large","max-video-preview":"max-video-preview:-1"},"canonical":"https:\/\/elfsight.com\/pl\/joomla-extensions\/","og_locale":"pl_PL","og_type":"article","og_title":"Ponad 80 najlepszych Joomla extensions dla strony internetowej","og_description":"Spis testowanych darmowych wtyczek pierwszej klasy dla twojej strony www Joomla. Pom\u00f3c z dostosowywaniem oraz bogata gama mo\u017cliwo\u015bci.","og_url":"https:\/\/elfsight.com\/pl\/joomla-extensions\/","og_site_name":"Elfsight PL","article_modified_time":"2021-04-21T13:26:50+00:00","twitter_card":"summary_large_image","twitter_misc":{"Szacowany czas czytania":"1 minuta"},"schema":{"@context":"https:\/\/schema.org","@graph":[{"@type":"WebPage","@id":"https:\/\/elfsight.com\/pl\/joomla-extensions\/","url":"https:\/\/elfsight.com\/pl\/joomla-extensions\/","name":"Ponad 80 najlepszych Joomla extensions dla strony internetowej","isPartOf":{"@id":"https:\/\/elfsight.com\/pl\/#website"},"datePublished":"2020-11-13T07:41:30+00:00","dateModified":"2021-04-21T13:26:50+00:00","description":"Spis testowanych darmowych wtyczek pierwszej klasy dla twojej strony www Joomla. Pom\u00f3c z dostosowywaniem oraz bogata gama mo\u017cliwo\u015bci.","breadcrumb":{"@id":"https:\/\/elfsight.com\/pl\/joomla-extensions\/#breadcrumb"},"inLanguage":"pl-PL","potentialAction":[{"@type":"ReadAction","target":["https:\/\/elfsight.com\/pl\/joomla-extensions\/"]}]},{"@type":"BreadcrumbList","@id":"https:\/\/elfsight.com\/pl\/joomla-extensions\/#breadcrumb","itemListElement":[{"@type":"ListItem","position":1,"name":"Home","item":"https:\/\/elfsight.com\/pl\/"},{"@type":"ListItem","position":2,"name":"Joomla extensions"}]},{"@type":"WebSite","@id":"https:\/\/elfsight.com\/pl\/#website","url":"https:\/\/elfsight.com\/pl\/","name":"Elfsight PL","description":"Just another Elfsight Sites site","potentialAction":[{"@type":"SearchAction","target":{"@type":"EntryPoint","urlTemplate":"https:\/\/elfsight.com\/pl\/?s={search_term_string}"},"query-input":{"@type":"PropertyValueSpecification","valueRequired":true,"valueName":"search_term_string"}}],"inLanguage":"pl-PL"}]}},"meta_box":{"industry":"","seo_heading":"","heading":"","description":"","cta_heading":"","cta_description":"","application":"","h1":"Najlepsze Joomla extensions","h1_caption":"Nieodp\u0142atny zbi\u00f3r doskona\u0142ych dodatk\u00f3w najwy\u017cszej klasy z szerok\u0105 gam\u0105 funkcji dla powi\u0119kszania aktywno\u015bci u\u017cytkownika i osi\u0105gni\u0119cia wszystkich innych cel\u00f3w handlowych. Szybka implementacja, szeroki asortyment mo\u017cliwo\u015bci dostosowywania oraz kompetentne wsparcie klienta.","application_category":[],"applications_title":"Spotkaj najodpowiedniejsze extensions dla twojej strony www w\u015br\u00f3d wszystkich aplikacji nieodp\u0142atnych w demonstracje online","applications_request_title":"Nie mo\u017cesz znale\u017a\u0107 odpowiedniego extension?","applications_request_button_text":"Zam\u00f3w extension","hero_text":"","hero_video":"","hero_video_schema_markup":"","selling_points_title":"","selling_points_caption":"","selling_points":[],"selling_points_cta_text":"","features_title":"","features":"","ed_cta_examples_text":"","ed_cta_examples_hidden":"","ed_cta_demo_text":"","ed_cta_demo_hidden":"","why_caption":"","why_editor_title":"","why_editor_text":"","why_team_title":"","why_team_text":"","why_service_title":"","why_service_text":"","template_catalog_visible":"","template_catalog_title":"","template_catalog_text":"","template_catalog_categories_visible":"","demo_title":"","demo_caption":"","default_faq_hidden":"","app_template_category":[],"platform":"53","template_public_id":"","codecanyon_url":"","codecanyon_item_id":"","codecanyon_price":"","pricing_caption":"","pricing_elfsight_apps_hide_column":"","pricing_elfsight_apps_url":"","pricing_codecanyon_price_caption":"","integration_category":[],"integration_request_title":"","integration_request_cta":"","integration_platform":"","integrations":[],"platform_category":[],"video_schema_markup":"","price":"","trial":"","benefits":[],"button_url":"","button_target_blank":"","button_nofollow":"","attributes":[],"tags":[],"tags_disable_links":"","hide_more_platforms":"","video_object":"","demo_hide_cta":"","demo_hide_cloud_options":"","pricing_title":"","pricing":[],"related_apps_title":"","related_apps_hidden":"","author":"","image":[],"title":"","job":"","social_networks":[]},"_links":{"self":[{"href":"https:\/\/elfsight.com\/pl\/wp-json\/wp\/v2\/pages\/82","targetHints":{"allow":["GET"]}}],"collection":[{"href":"https:\/\/elfsight.com\/pl\/wp-json\/wp\/v2\/pages"}],"about":[{"href":"https:\/\/elfsight.com\/pl\/wp-json\/wp\/v2\/types\/page"}],"author":[{"embeddable":true,"href":"https:\/\/elfsight.com\/pl\/wp-json\/wp\/v2\/users\/13"}],"replies":[{"embeddable":true,"href":"https:\/\/elfsight.com\/pl\/wp-json\/wp\/v2\/comments?post=82"}],"version-history":[{"count":2,"href":"https:\/\/elfsight.com\/pl\/wp-json\/wp\/v2\/pages\/82\/revisions"}],"predecessor-version":[{"id":84,"href":"https:\/\/elfsight.com\/pl\/wp-json\/wp\/v2\/pages\/82\/revisions\/84"}],"wp:attachment":[{"href":"https:\/\/elfsight.com\/pl\/wp-json\/wp\/v2\/media?parent=82"}],"curies":[{"name":"wp","href":"https:\/\/api.w.org\/{rel}","templated":true}]}}