{"id":813,"date":"2020-12-04T10:18:21","date_gmt":"2020-12-04T10:18:21","guid":{"rendered":"https:\/\/elfsight.com\/pl\/?page_id=813"},"modified":"2021-05-14T10:09:34","modified_gmt":"2021-05-14T10:09:34","slug":"examples","status":"publish","type":"page","link":"https:\/\/elfsight.com\/pl\/youtube-channel-plugin-yottie\/examples\/","title":{"rendered":"YouTube Gallery &#8211; Examples"},"content":{"rendered":"\n<div class=\"application-examples-item application-examples-item-loading\">\n                            <div class=\"col-row\">\n                                <div class=\"col-6 col-m-8 col-s-12\"><h3 class=\"application-examples-item-title\">Przyk\u0142ad 1: YouTube kana\u0142 <\/h3><div class=\"application-examples-item-description\">Tutaj wid\u017cet s\u0142u\u017cy do wy\u015bwietlania ca\u0142ego kana\u0142u wideo z YouTube. Wystarczy skopiowa\u0107 i wklei\u0107 nazw\u0119 kana\u0142u, aby pojawi\u0142 si\u0119 w witrynie. Wszystkie oryginalne atrybuty YouTube s\u0105 tutaj: nag\u0142\u00f3wek z logo, zdj\u0119cie i nazwa kana\u0142u, r\u00f3\u017cne liczby i pole wyszukiwania. To \u043e\u0443\u044b\u0435 dobry przyk\u0142ad tego, jak mo\u017cesz promowa\u0107 sw\u00f3j kana\u0142 YouTube za po\u015brednictwem strony www uzwajaj\u0105c przycisk\u00f3w wezwania do dzia\u0142ania do bezpo\u015bredniego udost\u0119pniania i subskrybowania.<\/div><\/div>\n                <\/div>\n\n                <div class=\"application-examples-item-iframe-container browser-frame\">\n                    <div class=\"application-examples-item-iframe-wrapper\">\n                        <iframe class=\"application-examples-item-iframe\" data-src=\"https:\/\/elfsight.com\/examples?widget_id=4a2b793e-6aff-4692-9fbb-53c348b2ebc0&padding=20px\" width=\"100%\" allow=\"autoplay; fullscreen\"><\/iframe>\n                    <\/div>\n\n                    <div class=\"application-examples-item-loader\"><\/div>\n                <\/div>\n            <\/div>\n\n<div class=\"application-examples-item application-examples-item-loading\">\n                            <div class=\"col-row\">\n                                <div class=\"col-6 col-m-8 col-s-12\"><h3 class=\"application-examples-item-title\">Przyk\u0142ad 2: Galeria film\u00f3w Youtube<\/h3><div class=\"application-examples-item-description\">Gdy nag\u0142\u00f3wek jest wy\u0142\u0105czony, masz wi\u0119cej miejsca na wy\u015bwietlanie tre\u015bci. W tym przyk\u0142adzie wid\u017cet wy\u015bwietla tylko siatk\u0119 film\u00f3w bez nazwy kana\u0142u ani zdj\u0119cia. Klasyczny uk\u0142ad ujawnia opis i liczb\u0119 film\u00f3w. Tre\u015bci s\u0105 podzielone na trzy kolumny i dwa wiersze z paginacj\u0105. P\u0142ynny spos\u00f3b skupienia uwagi na filmach bez dodatkowych atrybut\u00f3w.<\/div><\/div>\n                <\/div>\n\n                <div class=\"application-examples-item-iframe-container browser-frame\">\n                    <div class=\"application-examples-item-iframe-wrapper\">\n                        <iframe class=\"application-examples-item-iframe\" data-src=\"https:\/\/elfsight.com\/examples?widget_id=09957b13-6cac-4ddd-ae23-97504360120d\" width=\"100%\" allow=\"autoplay; fullscreen\"><\/iframe>\n                    <\/div>\n\n                    <div class=\"application-examples-item-loader\"><\/div>\n                <\/div>\n            <\/div>\n\n<div class=\"application-examples-item application-examples-item-loading\">\n                            <div class=\"col-row\">\n                                <div class=\"col-6 col-m-8 col-s-12\"><h3 class=\"application-examples-item-title\">Przyk\u0142ad 3:  Playlisty z przejrzyst\u0105 nawigacj\u0105<\/h3><div class=\"application-examples-item-description\">Organizowanie tre\u015bci na kilka playlistach na stronie nie jest ci\u0119\u017ck\u0105 prac\u0105. Mo\u017cesz skopiowa\u0107 i wklei\u0107 adresy URL ju\u017c istniej\u0105cych playlist lub utworzy\u0107 w\u0142asne grupy bezpo\u015brednio w wid\u017cecie. To menu ma u\u0142atwi\u0107 odwiedzaj\u0105cym nawigacj\u0119 mi\u0119dzy grupami. Nag\u0142\u00f3wek z logo kana\u0142u i wszystkimi liczbami zapewnia widzom prawdziwe wra\u017cenia z korzystania z YouTube w witrynie.<\/div><\/div>\n                <\/div>\n\n                <div class=\"application-examples-item-iframe-container browser-frame\">\n                    <div class=\"application-examples-item-iframe-wrapper\">\n                        <iframe class=\"application-examples-item-iframe\" data-src=\"https:\/\/elfsight.com\/examples?widget_id=898fe8dd-0bd6-4be1-a3ec-a8f6d99b8240&padding=20px\" width=\"100%\" allow=\"autoplay; fullscreen\"><\/iframe>\n                    <\/div>\n\n                    <div class=\"application-examples-item-loader\"><\/div>\n                <\/div>\n            <\/div>\n\n<div class=\"application-cta-create\">\n                    <div class=\"application-cta-create-bg\">\n                        <div class=\"application-cta-create-bg-left\"><\/div>\n\n                        <div class=\"application-cta-create-bg-right\">\n                            <img decoding=\"async\" src=\"https:\/\/elfsight.com\/pl\/wp-content\/themes\/elfsight\/frontend\/assets\/img\/application-cta-create.jpg\" alt=\"Zacznij od stworzenia swojego wid\u017cetu\">\n                        <\/div>\n                    <\/div>\n\n                    <div class=\"application-cta-create-content inner\">\n                        <div class=\"application-cta-create-content-inner\">\n                            <div class=\"application-cta-create-content-icon\">\n                                <svg viewBox=\"0 0 25 25\" width=\"100%\" height=\"100%\">\n                                    <use xlink:href=\"#icon-settings\"><\/use>\n                                <\/svg>\n                            <\/div>\n\n                            <div class=\"application-cta-create-content-title\">Zacznij od stworzenia swojego wid\u017cetu<\/div>\n\n                            <div class=\"application-cta-create-content-text\">Szybko. \u0141atwo. Bez kodowania.<\/div>\n\n                            <a class=\"application-cta-create-content-button button-48 button-has-right-icon button-black button\" href=\"\">\n                                <span class=\"button-label\">Utw\u00f3rz wid\u017cet<\/span>\n\n                                <svg class=\"button-icon\">\n                                    <use xlink:href=\"#icon-arrow-link\"><\/use>\n                                <\/svg>\n                            <\/a>\n                        <\/div>\n                    <\/div>\n                <\/div>\n\n<div class=\"application-examples-item application-examples-item-loading\">\n                            <div class=\"col-row\">\n                                <div class=\"col-6 col-m-8 col-s-12\"><h3 class=\"application-examples-item-title\">Przyk\u0142ad 4: Lista wideo<\/h3><div class=\"application-examples-item-description\">W tym przypadku uk\u0142ad poziomy umo\u017cliwia u\u0142o\u017cenie film\u00f3w na li\u015bcie z du\u017c\u0105 ilo\u015bci\u0105 miejsca na opis i inne szczeg\u00f3\u0142y. Id\u0105 zgodnie z podgl\u0105dami i zajmuj\u0105 znaczn\u0105 cz\u0119\u015b\u0107 przestrzeni, co pomaga skupi\u0107 na nich uwag\u0119. Taka organizacja jest przydatna, je\u015bli chcesz nie tylko pokazywa\u0107 filmy, ale tak\u017ce sprawi\u0107, by odwiedzaj\u0105cy przeczytali i lepiej zrozumieli tekst.<\/div><\/div>\n                <\/div>\n\n                <div class=\"application-examples-item-iframe-container browser-frame\">\n                    <div class=\"application-examples-item-iframe-wrapper\">\n                        <iframe class=\"application-examples-item-iframe\" data-src=\"https:\/\/elfsight.com\/examples?widget_id=db95a51d-5555-4486-be1e-ab1b840643a9&padding=20px\" width=\"100%\" allow=\"autoplay; fullscreen\"><\/iframe>\n                    <\/div>\n\n                    <div class=\"application-examples-item-loader\"><\/div>\n                <\/div>\n            <\/div>\n\n<div class=\"application-examples-item application-examples-item-loading\">\n                            <div class=\"col-row\">\n                                <div class=\"col-6 col-m-8 col-s-12\"><h3 class=\"application-examples-item-title\">Przyk\u0142ad 5:  Minimalistyczna siatka wideo<\/h3><div class=\"application-examples-item-description\">Ten przypadek pokazuje, jak mo\u017cesz stworzy\u0107 galeri\u0119 wybranych film\u00f3w i zaprezentowa\u0107 j\u0105 na swojej stronie w przejrzystym formacie. Siatka pokazuje tylko podgl\u0105d ka\u017cdego wideo, bez \u017cadnych szczeg\u00f3\u0142\u00f3w i przycisk\u00f3w wezwania do dzia\u0142ania, nag\u0142\u00f3wek r\u00f3wnie\u017c jest wy\u0142\u0105czony. W ten spos\u00f3b skupiasz uwag\u0119 widza na samej tre\u015bci. Liczb\u0119 kolumn i wierszy mo\u017cna zmieni\u0107 i znale\u017a\u0107 odpowiednie proporcje dla swojej strony.<\/div><\/div>\n                <\/div>\n\n                <div class=\"application-examples-item-iframe-container browser-frame\">\n                    <div class=\"application-examples-item-iframe-wrapper\">\n                        <iframe class=\"application-examples-item-iframe\" data-src=\"https:\/\/elfsight.com\/examples?widget_id=19f545ad-06f4-4307-96ee-939b64b96833\" width=\"100%\" allow=\"autoplay; fullscreen\"><\/iframe>\n                    <\/div>\n\n                    <div class=\"application-examples-item-loader\"><\/div>\n                <\/div>\n            <\/div>\n\n<div class=\"application-examples-item application-examples-item-loading\">\n                            <div class=\"col-row\">\n                                <div class=\"col-6 col-m-8 col-s-12\"><h3 class=\"application-examples-item-title\">Przyk\u0142ad 6:  Pojedynczy film<\/h3><div class=\"application-examples-item-description\">Je\u015bli zachodzi potrzeba wstawi\u0107 pojedynczy film z YouTube na stron\u0119, ten przyk\u0142ad pokazuje, jak b\u0119dzie on wygl\u0105da\u0142. Tylko podgl\u0105d, bez dodatkowych informacji. Mo\u017cna go dobrze umie\u015bci\u0107 w obszarze tre\u015bci, na przyk\u0142ad w celu zilustrowania tekstu. Mo\u017cesz wstawi\u0107 wiele pojedynczych film\u00f3w na stronie tam, gdzie uwa\u017casz, \u017ce jest to konieczne.<\/div><\/div>\n                <\/div>\n\n                <div class=\"application-examples-item-iframe-container browser-frame\">\n                    <div class=\"application-examples-item-iframe-wrapper\">\n                        <iframe class=\"application-examples-item-iframe application-examples-item-iframe-fixed-height\" data-src=\"https:\/\/elfsight.com\/examples?widget_id=b9b6d095-c278-43a2-be38-b886f428fc33\" width=\"100%\" height=\"500\" allow=\"autoplay; fullscreen\"><\/iframe>\n                    <\/div>\n\n                    <div class=\"application-examples-item-loader\"><\/div>\n                <\/div>\n            <\/div>\n","protected":false},"excerpt":{"rendered":"","protected":false},"author":13,"featured_media":0,"parent":792,"menu_order":0,"comment_status":"closed","ping_status":"closed","template":"templates\/template-application-examples.php","meta":{"publish_to_discourse":"","publish_post_category":"","wpdc_auto_publish_overridden":"","wpdc_topic_tags":"","wpdc_pin_topic":"","wpdc_pin_until":"","discourse_post_id":"","discourse_permalink":"","wpdc_publishing_response":"","wpdc_publishing_error":"","footnotes":""},"class_list":["post-813","page","type-page","status-publish","hentry"],"yoast_head":"<!-- This site is optimized with the Yoast SEO plugin v25.3.1 - https:\/\/yoast.com\/wordpress\/plugins\/seo\/ -->\n<title>Najlepsze przyk\u0142ady galerii wideo YouTube dla dowolnej strony (2026)<\/title>\n<meta name=\"description\" content=\"TOP 5 przyk\u0142ad\u00f3w YouTube Gallery: kana\u0142, galeria wideo, playlista, lista film\u00f3w, siatka wideo i inne szablony dla YouTube na Twojej stronie.\" \/>\n<meta name=\"robots\" content=\"index, follow, max-snippet:-1, max-image-preview:large, max-video-preview:-1\" \/>\n<link rel=\"canonical\" href=\"https:\/\/elfsight.com\/pl\/youtube-channel-plugin-yottie\/examples\/\" \/>\n<meta property=\"og:locale\" content=\"pl_PL\" \/>\n<meta property=\"og:type\" content=\"article\" \/>\n<meta property=\"og:title\" content=\"Najlepsze przyk\u0142ady galerii wideo YouTube dla dowolnej strony (2026)\" \/>\n<meta property=\"og:description\" content=\"TOP 5 przyk\u0142ad\u00f3w YouTube Gallery: kana\u0142, galeria wideo, playlista, lista film\u00f3w, siatka wideo i inne szablony dla YouTube na Twojej stronie.\" \/>\n<meta property=\"og:url\" content=\"https:\/\/elfsight.com\/pl\/youtube-channel-plugin-yottie\/examples\/\" \/>\n<meta property=\"og:site_name\" content=\"Elfsight PL\" \/>\n<meta property=\"article:modified_time\" content=\"2021-05-14T10:09:34+00:00\" \/>\n<meta name=\"twitter:card\" content=\"summary_large_image\" \/>\n<meta name=\"twitter:label1\" content=\"Szacowany czas czytania\" \/>\n\t<meta name=\"twitter:data1\" content=\"3 minuty\" \/>\n<!-- \/ Yoast SEO plugin. -->","yoast_head_json":{"title":"Najlepsze przyk\u0142ady galerii wideo YouTube dla dowolnej strony (2026)","description":"TOP 5 przyk\u0142ad\u00f3w YouTube Gallery: kana\u0142, galeria wideo, playlista, lista film\u00f3w, siatka wideo i inne szablony dla YouTube na Twojej stronie.","robots":{"index":"index","follow":"follow","max-snippet":"max-snippet:-1","max-image-preview":"max-image-preview:large","max-video-preview":"max-video-preview:-1"},"canonical":"https:\/\/elfsight.com\/pl\/youtube-channel-plugin-yottie\/examples\/","og_locale":"pl_PL","og_type":"article","og_title":"Najlepsze przyk\u0142ady galerii wideo YouTube dla dowolnej strony (2026)","og_description":"TOP 5 przyk\u0142ad\u00f3w YouTube Gallery: kana\u0142, galeria wideo, playlista, lista film\u00f3w, siatka wideo i inne szablony dla YouTube na Twojej stronie.","og_url":"https:\/\/elfsight.com\/pl\/youtube-channel-plugin-yottie\/examples\/","og_site_name":"Elfsight PL","article_modified_time":"2021-05-14T10:09:34+00:00","twitter_card":"summary_large_image","twitter_misc":{"Szacowany czas czytania":"3 minuty"},"schema":{"@context":"https:\/\/schema.org","@graph":[{"@type":"WebPage","@id":"https:\/\/elfsight.com\/pl\/youtube-channel-plugin-yottie\/examples\/","url":"https:\/\/elfsight.com\/pl\/youtube-channel-plugin-yottie\/examples\/","name":"Najlepsze przyk\u0142ady galerii wideo YouTube dla dowolnej strony (2026)","isPartOf":{"@id":"https:\/\/elfsight.com\/pl\/#website"},"datePublished":"2020-12-04T10:18:21+00:00","dateModified":"2021-05-14T10:09:34+00:00","description":"TOP 5 przyk\u0142ad\u00f3w YouTube Gallery: kana\u0142, galeria wideo, playlista, lista film\u00f3w, siatka wideo i inne szablony dla YouTube na Twojej stronie.","breadcrumb":{"@id":"https:\/\/elfsight.com\/pl\/youtube-channel-plugin-yottie\/examples\/#breadcrumb"},"inLanguage":"pl-PL","potentialAction":[{"@type":"ReadAction","target":["https:\/\/elfsight.com\/pl\/youtube-channel-plugin-yottie\/examples\/"]}]},{"@type":"BreadcrumbList","@id":"https:\/\/elfsight.com\/pl\/youtube-channel-plugin-yottie\/examples\/#breadcrumb","itemListElement":[{"@type":"ListItem","position":1,"name":"Home","item":"https:\/\/elfsight.com\/pl\/"},{"@type":"ListItem","position":2,"name":"YouTube Gallery","item":"https:\/\/elfsight.com\/pl\/youtube-channel-plugin-yottie\/"},{"@type":"ListItem","position":3,"name":"YouTube Gallery &#8211; Examples"}]},{"@type":"WebSite","@id":"https:\/\/elfsight.com\/pl\/#website","url":"https:\/\/elfsight.com\/pl\/","name":"Elfsight PL","description":"Just another Elfsight Sites site","potentialAction":[{"@type":"SearchAction","target":{"@type":"EntryPoint","urlTemplate":"https:\/\/elfsight.com\/pl\/?s={search_term_string}"},"query-input":{"@type":"PropertyValueSpecification","valueRequired":true,"valueName":"search_term_string"}}],"inLanguage":"pl-PL"}]}},"meta_box":{"industry":"","seo_heading":"","heading":"","description":"","cta_heading":"","cta_description":"","application":"785","h1":"","h1_caption":"","application_category":[],"applications_title":"","applications_request_title":"","applications_request_button_text":"","hero_text":"","hero_video":"","hero_video_schema_markup":"","selling_points_title":"","selling_points_caption":"","selling_points":[],"selling_points_cta_text":"","features_title":"","features":"","ed_cta_examples_text":"","ed_cta_examples_hidden":"","ed_cta_demo_text":"","ed_cta_demo_hidden":"","why_caption":"","why_editor_title":"","why_editor_text":"","why_team_title":"","why_team_text":"","why_service_title":"","why_service_text":"","template_catalog_visible":"","template_catalog_title":"","template_catalog_text":"","template_catalog_categories_visible":"","demo_title":"","demo_caption":"","default_faq_hidden":"","app_template_category":[],"platform":"","template_public_id":"","codecanyon_url":"","codecanyon_item_id":"","codecanyon_price":"","pricing_caption":"","pricing_elfsight_apps_hide_column":"","pricing_elfsight_apps_url":"","pricing_codecanyon_price_caption":"","integration_category":[],"integration_request_title":"","integration_request_cta":"","integration_platform":"","integrations":[],"platform_category":[],"video_schema_markup":"","price":"","trial":"","benefits":[],"button_url":"","button_target_blank":"","button_nofollow":"","attributes":[],"tags":[],"tags_disable_links":"","hide_more_platforms":"","video_object":"","demo_hide_cta":"","demo_hide_cloud_options":"","pricing_title":"","pricing":[],"related_apps_title":"","related_apps_hidden":"","author":"","image":[],"title":"","job":"","social_networks":[]},"_links":{"self":[{"href":"https:\/\/elfsight.com\/pl\/wp-json\/wp\/v2\/pages\/813","targetHints":{"allow":["GET"]}}],"collection":[{"href":"https:\/\/elfsight.com\/pl\/wp-json\/wp\/v2\/pages"}],"about":[{"href":"https:\/\/elfsight.com\/pl\/wp-json\/wp\/v2\/types\/page"}],"author":[{"embeddable":true,"href":"https:\/\/elfsight.com\/pl\/wp-json\/wp\/v2\/users\/13"}],"replies":[{"embeddable":true,"href":"https:\/\/elfsight.com\/pl\/wp-json\/wp\/v2\/comments?post=813"}],"version-history":[{"count":6,"href":"https:\/\/elfsight.com\/pl\/wp-json\/wp\/v2\/pages\/813\/revisions"}],"predecessor-version":[{"id":819,"href":"https:\/\/elfsight.com\/pl\/wp-json\/wp\/v2\/pages\/813\/revisions\/819"}],"up":[{"embeddable":true,"href":"https:\/\/elfsight.com\/pl\/wp-json\/wp\/v2\/pages\/792"}],"wp:attachment":[{"href":"https:\/\/elfsight.com\/pl\/wp-json\/wp\/v2\/media?parent=813"}],"curies":[{"name":"wp","href":"https:\/\/api.w.org\/{rel}","templated":true}]}}