{"id":80,"date":"2020-11-13T06:51:41","date_gmt":"2020-11-13T06:51:41","guid":{"rendered":"https:\/\/elfsight.com\/pl\/?page_id=80"},"modified":"2021-04-21T13:26:07","modified_gmt":"2021-04-21T13:26:07","slug":"html-widgets","status":"publish","type":"page","link":"https:\/\/elfsight.com\/pl\/html-widgets\/","title":{"rendered":"HTML widgets"},"content":{"rendered":"\n<h2>Najbardziej optymalne elementy interfejsu Elfsight dla unowocze\u015bnienia twojej witryny HTML<\/h2>\n\n<p>Od kilku lat nasza dru\u017cyna specjalist\u00f3w Elfsight stwarza przyjazne dla u\u017cytkownika i modyfikowalne dodatki chmurowe dla Twojej witryny internetowej. Nasz zesp\u00f3\u0142 gwarantuj\u0105 natychmiastow\u0105 obs\u0142ug\u0119 techniczn\u0105 i du\u017c\u0105 szybko\u015b\u0107 \u0142adowania. Us\u0142ugi aplikacyjne Elfsight pomagaj\u0105 w\u0142a\u015bcicielom sklep\u00f3w www, non-profit i innym z r\u00f3\u017cnych kraj\u00f3w \u015bwiata sprosta\u0107 r\u00f3\u017cnymi celami bardziej wydajnie. \n<\/p>\n\n<p>Mo\u017cesz podnie\u015b\u0107 sprzeda\u017c, pokaza\u0107 pozytywny feedback na Pa\u0144stwa produkty, zwi\u0119kszy\u0107 zaufanie do swojej marki, poprzez dodanie wid\u017cetu do Twojej witryny. Nasze plany taryfowe wahaj\u0105 si\u0119 od bezp\u0142atnych do premium. Spr\u00f3buj do\u0142\u0105czy\u0107 dowolnie wybrane aplikacji za pomoc\u0105 naszej demonstracji i przekonaj si\u0119 jak bardzo mo\u017ce to by\u0107 wa\u017cne w kwestii rozwoju strony Web Pa\u0144stwa biznesu. <\/p>\n\n<h2>Co sprawia, \u017ce dodatki HTML s\u0105 wyj\u0105tkowymi instrumentami dla Twojej witryny? <\/h2>\n\n<p> Sprawd\u017a spis powa\u017cnych charakterystyk naszych rozszerze\u0144, kt\u00f3re umo\u017cliwiaj\u0105 nam wyprzedzi\u0107 konkurencj\u0119: <\/p>\n\n\n<ul>\n<li> Darmowa i szybka pomoc przy wbudowaniu lub dostosowywanie wid\u017cet\u00f3w; <\/li>\n<li> Zdolno\u015b\u0107 dostosowywania do wszystkich rozdzielczo\u015bci stron internetowych i przyjazne dla urz\u0105dze\u0144 mobilnych; <\/li>\n<li> Nie ma potrzeby uczy\u0107 si\u0119 programowa\u0107; <\/li>\n<li> Szeroki wyb\u00f3r funkcji stylizacji; <\/li>\n<li> Przechowywanie danych chmurze pomagaj\u0105 zwi\u0119kszy\u0107 szybko\u015b\u0107 wczytywania strony; <\/li>\n<li> Wszystkie aktualizacje s\u0105 bezp\u0142atne i systematyczne; <\/li>\n<li> Sprawiedliwe ceny; <\/li>\n<li> Profesjonalna pomoc z problemami klient\u00f3w. <\/li>\n<\/ul>\n\n<p> Sprawd\u017a bezp\u0142atne opcje naszych wid\u017cet\u00f3w i zrozumiej jej potencja\u0142 lub zainstaluj dowolne wymagane rozwi\u0105zanie z 20% obni\u017ck\u0105. <\/p>\n\n\n<h2> Jak zintegrowa\u0107 Pa\u0144stwa widgety na Pa\u0144stwa witrynie HTML <\/h2>\n\n<p> A\u017ceby wbudowa\u0107 nasze widgety, zobaczy\u0107 wszystkie czynno\u015bci z dok\u0142adnej instrukcji: <\/p>\n\n\n<ol>\n<li> Wybierz odpowiedni\u0105 wtyczk\u0119; <\/li>\n<li> Dostosuj wszystkie wymagane zmiany; <\/li>\n<li> Zastosuj zmiany; <\/li>\n<li> Kliknij wygenerowany kod; <\/li>\n<li> Dodaj ten kod instalacyjny w przydatnym miejscu Pa\u0144stwa strony lub szablonu; <\/li>\n<li> Sko\u0144czone! Uda\u0142o Ci si\u0119 zintegrowa\u0107 dodatek. <\/li>\n<\/ol>\n\n<p> W przypadku pyta\u0144, zapraszamy skontaktuj si\u0119 z zespo\u0142em wspieraj\u0105cym Elfsight. <\/p>\n","protected":false},"excerpt":{"rendered":"Najbardziej optymalne elementy interfejsu Elfsight dla unowocze\u015bnienia twojej witryny HTML Od kilku lat nasza dru\u017cyna specjalist\u00f3w Elfsight stwarza przyjazne dla u\u017cytkownika i modyfikowalne dodatki chmurowe dla Twojej witryny internetowej. Nasz zesp\u00f3\u0142 gwarantuj\u0105 natychmiastow\u0105 obs\u0142ug\u0119 techniczn\u0105 i du\u017c\u0105 szybko\u015b\u0107 \u0142adowania. Us\u0142ugi aplikacyjne Elfsight pomagaj\u0105 w\u0142a\u015bcicielom sklep\u00f3w www, non-profit i innym z&#8230;","protected":false},"author":13,"featured_media":0,"parent":0,"menu_order":0,"comment_status":"closed","ping_status":"closed","template":"templates\/template-platform.php","meta":{"publish_to_discourse":"","publish_post_category":"","wpdc_auto_publish_overridden":"","wpdc_topic_tags":"","wpdc_pin_topic":"","wpdc_pin_until":"","discourse_post_id":"","discourse_permalink":"","wpdc_publishing_response":"","wpdc_publishing_error":"","footnotes":""},"class_list":["post-80","page","type-page","status-publish","hentry"],"yoast_head":"<!-- This site is optimized with the Yoast SEO plugin v25.3.1 - https:\/\/yoast.com\/wordpress\/plugins\/seo\/ -->\n<title>Ponad 80 najlepszych darmowych wtyczek HTML dla strony internetowej<\/title>\n<meta name=\"description\" content=\"Pakiet wypr\u00f3bowanych gratisowych wid\u017cet\u00f3w pierwszej klasy dla twojej strony www HTML. Pom\u00f3c przy dostosowanie oraz bogata funkcjonalno\u015b\u0107.\" \/>\n<meta name=\"robots\" content=\"index, follow, max-snippet:-1, max-image-preview:large, max-video-preview:-1\" \/>\n<link rel=\"canonical\" href=\"https:\/\/elfsight.com\/pl\/html-widgets\/\" \/>\n<meta property=\"og:locale\" content=\"pl_PL\" \/>\n<meta property=\"og:type\" content=\"article\" \/>\n<meta property=\"og:title\" content=\"Ponad 80 najlepszych darmowych wtyczek HTML dla strony internetowej\" \/>\n<meta property=\"og:description\" content=\"Pakiet wypr\u00f3bowanych gratisowych wid\u017cet\u00f3w pierwszej klasy dla twojej strony www HTML. Pom\u00f3c przy dostosowanie oraz bogata funkcjonalno\u015b\u0107.\" \/>\n<meta property=\"og:url\" content=\"https:\/\/elfsight.com\/pl\/html-widgets\/\" \/>\n<meta property=\"og:site_name\" content=\"Elfsight PL\" \/>\n<meta property=\"article:modified_time\" content=\"2021-04-21T13:26:07+00:00\" \/>\n<meta name=\"twitter:card\" content=\"summary_large_image\" \/>\n<meta name=\"twitter:label1\" content=\"Szacowany czas czytania\" \/>\n\t<meta name=\"twitter:data1\" content=\"2 minuty\" \/>\n<!-- \/ Yoast SEO plugin. -->","yoast_head_json":{"title":"Ponad 80 najlepszych darmowych wtyczek HTML dla strony internetowej","description":"Pakiet wypr\u00f3bowanych gratisowych wid\u017cet\u00f3w pierwszej klasy dla twojej strony www HTML. Pom\u00f3c przy dostosowanie oraz bogata funkcjonalno\u015b\u0107.","robots":{"index":"index","follow":"follow","max-snippet":"max-snippet:-1","max-image-preview":"max-image-preview:large","max-video-preview":"max-video-preview:-1"},"canonical":"https:\/\/elfsight.com\/pl\/html-widgets\/","og_locale":"pl_PL","og_type":"article","og_title":"Ponad 80 najlepszych darmowych wtyczek HTML dla strony internetowej","og_description":"Pakiet wypr\u00f3bowanych gratisowych wid\u017cet\u00f3w pierwszej klasy dla twojej strony www HTML. Pom\u00f3c przy dostosowanie oraz bogata funkcjonalno\u015b\u0107.","og_url":"https:\/\/elfsight.com\/pl\/html-widgets\/","og_site_name":"Elfsight PL","article_modified_time":"2021-04-21T13:26:07+00:00","twitter_card":"summary_large_image","twitter_misc":{"Szacowany czas czytania":"2 minuty"},"schema":{"@context":"https:\/\/schema.org","@graph":[{"@type":"WebPage","@id":"https:\/\/elfsight.com\/pl\/html-widgets\/","url":"https:\/\/elfsight.com\/pl\/html-widgets\/","name":"Ponad 80 najlepszych darmowych wtyczek HTML dla strony internetowej","isPartOf":{"@id":"https:\/\/elfsight.com\/pl\/#website"},"datePublished":"2020-11-13T06:51:41+00:00","dateModified":"2021-04-21T13:26:07+00:00","description":"Pakiet wypr\u00f3bowanych gratisowych wid\u017cet\u00f3w pierwszej klasy dla twojej strony www HTML. Pom\u00f3c przy dostosowanie oraz bogata funkcjonalno\u015b\u0107.","breadcrumb":{"@id":"https:\/\/elfsight.com\/pl\/html-widgets\/#breadcrumb"},"inLanguage":"pl-PL","potentialAction":[{"@type":"ReadAction","target":["https:\/\/elfsight.com\/pl\/html-widgets\/"]}]},{"@type":"BreadcrumbList","@id":"https:\/\/elfsight.com\/pl\/html-widgets\/#breadcrumb","itemListElement":[{"@type":"ListItem","position":1,"name":"Home","item":"https:\/\/elfsight.com\/pl\/"},{"@type":"ListItem","position":2,"name":"HTML widgets"}]},{"@type":"WebSite","@id":"https:\/\/elfsight.com\/pl\/#website","url":"https:\/\/elfsight.com\/pl\/","name":"Elfsight PL","description":"Just another Elfsight Sites site","potentialAction":[{"@type":"SearchAction","target":{"@type":"EntryPoint","urlTemplate":"https:\/\/elfsight.com\/pl\/?s={search_term_string}"},"query-input":{"@type":"PropertyValueSpecification","valueRequired":true,"valueName":"search_term_string"}}],"inLanguage":"pl-PL"}]}},"meta_box":{"industry":"","seo_heading":"","heading":"","description":"","cta_heading":"","cta_description":"","application":"","h1":"Najlepsze wid\u017cety HTML","h1_caption":"Nieodp\u0142atny zbi\u00f3r nowych widget\u00f3w pierwszej klasy z szerokim wachlarzem mo\u017cliwo\u015bci dla powi\u0119kszania zapotrzebowania u\u017cytkownika i wykonania wszystkich r\u00f3\u017cnych dzia\u0142a\u0144 handlowych. \u0141atwa implementacja, szeroki zakres opcji modyfikacji, a tak\u017ce zawodowy serwis pomocy klienta.","application_category":[],"applications_title":"Sprawd\u017a najlepsze wtyczki dla twojej witryny internetowej w\u015br\u00f3d wszystkich dodatk\u00f3w darmowych w edytorze internetowym","applications_request_title":"Nie mo\u017cesz znale\u017a\u0107 odpowiedniej wtyczki?","applications_request_button_text":"Zam\u00f3w wtyczke","hero_text":"","hero_video":"","hero_video_schema_markup":"","selling_points_title":"","selling_points_caption":"","selling_points":[],"selling_points_cta_text":"","features_title":"","features":"","ed_cta_examples_text":"","ed_cta_examples_hidden":"","ed_cta_demo_text":"","ed_cta_demo_hidden":"","why_caption":"","why_editor_title":"","why_editor_text":"","why_team_title":"","why_team_text":"","why_service_title":"","why_service_text":"","template_catalog_visible":"","template_catalog_title":"","template_catalog_text":"","template_catalog_categories_visible":"","demo_title":"","demo_caption":"","default_faq_hidden":"","app_template_category":[],"platform":"50","template_public_id":"","codecanyon_url":"","codecanyon_item_id":"","codecanyon_price":"","pricing_caption":"","pricing_elfsight_apps_hide_column":"","pricing_elfsight_apps_url":"","pricing_codecanyon_price_caption":"","integration_category":[],"integration_request_title":"","integration_request_cta":"","integration_platform":"","integrations":[],"platform_category":[],"video_schema_markup":"","price":"","trial":"","benefits":[],"button_url":"","button_target_blank":"","button_nofollow":"","attributes":[],"tags":[],"tags_disable_links":"","hide_more_platforms":"","video_object":"","demo_hide_cta":"","demo_hide_cloud_options":"","pricing_title":"","pricing":[],"related_apps_title":"","related_apps_hidden":"","author":"","image":[],"title":"","job":"","social_networks":[]},"_links":{"self":[{"href":"https:\/\/elfsight.com\/pl\/wp-json\/wp\/v2\/pages\/80","targetHints":{"allow":["GET"]}}],"collection":[{"href":"https:\/\/elfsight.com\/pl\/wp-json\/wp\/v2\/pages"}],"about":[{"href":"https:\/\/elfsight.com\/pl\/wp-json\/wp\/v2\/types\/page"}],"author":[{"embeddable":true,"href":"https:\/\/elfsight.com\/pl\/wp-json\/wp\/v2\/users\/13"}],"replies":[{"embeddable":true,"href":"https:\/\/elfsight.com\/pl\/wp-json\/wp\/v2\/comments?post=80"}],"version-history":[{"count":1,"href":"https:\/\/elfsight.com\/pl\/wp-json\/wp\/v2\/pages\/80\/revisions"}],"predecessor-version":[{"id":81,"href":"https:\/\/elfsight.com\/pl\/wp-json\/wp\/v2\/pages\/80\/revisions\/81"}],"wp:attachment":[{"href":"https:\/\/elfsight.com\/pl\/wp-json\/wp\/v2\/media?parent=80"}],"curies":[{"name":"wp","href":"https:\/\/api.w.org\/{rel}","templated":true}]}}