{"id":768,"date":"2020-12-03T10:13:14","date_gmt":"2020-12-03T10:13:14","guid":{"rendered":"https:\/\/elfsight.com\/pl\/?page_id=768"},"modified":"2021-08-30T13:05:22","modified_gmt":"2021-08-30T13:05:22","slug":"examples","status":"publish","type":"page","link":"https:\/\/elfsight.com\/pl\/all-in-one-chat-widget\/examples\/","title":{"rendered":"All-in-One Chat &#8211; Examples"},"content":{"rendered":"\n<div class=\"application-examples-item application-examples-item-loading\">\n                            <div class=\"col-row\">\n                                <div class=\"col-6 col-m-8 col-s-12\"><h3 class=\"application-examples-item-title\">Przyk\u0142ad 1. General<\/h3><div class=\"application-examples-item-description\">Nie wiesz, jaki typ wybra\u0107? Oto decyzja! Wybierz to okno czatu i ciesz si\u0119 jego prostot\u0105: w pe\u0142ni pasuje do ka\u017cdego rodzaju projektu internetowego i sprawia, \u017ce Twoja pomoc jest zauwa\u017calna i \u017cywa. Dostosuj kolory, motyw, dymek i inne szczeg\u00f3\u0142y, dzi\u0119ki czemu b\u0119dzie czat naprawd\u0119 wyj\u0105tkowy i osza\u0142amiaj\u0105cy.<\/div><\/div>\n                <\/div>\n\n                <div class=\"application-examples-item-iframe-container browser-frame\">\n                    <div class=\"application-examples-item-iframe-wrapper\">\n                        <iframe class=\"application-examples-item-iframe application-examples-item-iframe-fixed-height\" data-src=\"https:\/\/apps.elfsight.com\/template\/6684f74c-40f3-442c-93f5-c532c9ddd56a\" width=\"100%\" height=\"300\" allow=\"autoplay; fullscreen\"><\/iframe>\n                    <\/div>\n\n                    <div class=\"application-examples-item-loader\"><\/div>\n                <\/div>\n            <\/div>\n\n<div class=\"application-examples-item application-examples-item-loading\">\n                            <div class=\"col-row\">\n                                <div class=\"col-6 col-m-8 col-s-12\"><h3 class=\"application-examples-item-title\">Przyk\u0142ad 2. Wsparcie<\/h3><div class=\"application-examples-item-description\">Najlepszy wyb\u00f3r do organizowania pomocy technicznej. Dzi\u0119ki zdj\u0119ciu cz\u0142onka zespo\u0142u wsparcia klient b\u0119dzie mia\u0142 pewno\u015b\u0107, \u017ce b\u0119dzie rozmawia\u0142 z prawdziw\u0105 osob\u0105. Ponadto odwiedzaj\u0105cy dowiedz\u0105 si\u0119, ile czasu zajmuje agentowi udzielenie odpowiedzi - podpis pokazuje konkretny czas odpowiedzi.<\/div><\/div>\n                <\/div>\n\n                <div class=\"application-examples-item-iframe-container browser-frame\">\n                    <div class=\"application-examples-item-iframe-wrapper\">\n                        <iframe class=\"application-examples-item-iframe application-examples-item-iframe-fixed-height\" data-src=\"https:\/\/apps.elfsight.com\/template\/321a8a5b-7d3e-472a-8736-cda2a7b05d8d\" width=\"100%\" height=\"300\" allow=\"autoplay; fullscreen\"><\/iframe>\n                    <\/div>\n\n                    <div class=\"application-examples-item-loader\"><\/div>\n                <\/div>\n            <\/div>\n\n<div class=\"application-examples-item application-examples-item-loading\">\n                            <div class=\"col-row\">\n                                <div class=\"col-6 col-m-8 col-s-12\"><h3 class=\"application-examples-item-title\">Przyk\u0142ad 3. Wyprzeda\u017c<\/h3><div class=\"application-examples-item-description\">To okno czatu jest atrakcyjne i zauwa\u017calne: czarny nag\u0142\u00f3wek i przyciski czatu zmieni\u0142y kolor na czerwony. Kontrastowe detale pomagaj\u0105 przyspieszy\u0107 proces decyzyjny - zwi\u0119kszaj\u0105c sprzeda\u017c. Jak zdoby\u0107 wi\u0119cej lojalnych kupuj\u0105cych? Wystarczy doda\u0107 zdj\u0119cie mened\u017cera, jego imi\u0119 i nazwisko oraz stanowisko w nag\u0142\u00f3wku, a klient nie b\u0119dzie mia\u0142 w\u0105tpliwo\u015bci, \u017ce otrzyma prawdziw\u0105 rad\u0119.<\/div><\/div>\n                <\/div>\n\n                <div class=\"application-examples-item-iframe-container browser-frame\">\n                    <div class=\"application-examples-item-iframe-wrapper\">\n                        <iframe class=\"application-examples-item-iframe application-examples-item-iframe-fixed-height\" data-src=\"https:\/\/apps.elfsight.com\/template\/bebf6e11-1e31-4cde-9f0f-7eb2ae3c46be\" width=\"100%\" height=\"300\" allow=\"autoplay; fullscreen\"><\/iframe>\n                    <\/div>\n\n                    <div class=\"application-examples-item-loader\"><\/div>\n                <\/div>\n            <\/div>\n\n<div class=\"application-examples-item application-examples-item-loading\">\n                            <div class=\"col-row\">\n                                <div class=\"col-6 col-m-8 col-s-12\"><h3 class=\"application-examples-item-title\">Przyk\u0142ad 4. Rezerwacja<\/h3><div class=\"application-examples-item-description\">Znajomy, schludny design czatu do rezerwacji pomaga Twoim go\u015bciom nie waha\u0107 si\u0119 i zadawa\u0107 tyle pyta\u0144, ile potrzebuj\u0105. Wszystkie przyciski komunikator\u00f3w pomagaj\u0105 im w szybszym dotarciu do Twojej us\u0142ugi. Przydatny przycisk Rozpocznij czat jest naprawd\u0119 chwytliwy i mo\u017cna go dostosowa\u0107 do w\u0142asnych potrzeb.<\/div><\/div>\n                <\/div>\n\n                <div class=\"application-examples-item-iframe-container browser-frame\">\n                    <div class=\"application-examples-item-iframe-wrapper\">\n                        <iframe class=\"application-examples-item-iframe application-examples-item-iframe-fixed-height\" data-src=\"https:\/\/apps.elfsight.com\/template\/b855fdec-be01-4acc-8a55-48bd4c0bcc21\" width=\"100%\" height=\"300\" allow=\"autoplay; fullscreen\"><\/iframe>\n                    <\/div>\n\n                    <div class=\"application-examples-item-loader\"><\/div>\n                <\/div>\n            <\/div>\n\n<div class=\"application-examples-item application-examples-item-loading\">\n                            <div class=\"col-row\">\n                                <div class=\"col-6 col-m-8 col-s-12\"><h3 class=\"application-examples-item-title\">Przyk\u0142ad 5. Feedback<\/h3><div class=\"application-examples-item-description\">Uzyskanie opinii klient\u00f3w na temat produkt\u00f3w lub us\u0142ug jest niezwykle cenne dla ka\u017cdej firmy. Dzi\u0119ki pozycji p\u0142ywaj\u0105cego b\u0105belka i jasnemu projektowi nie przegapisz okazji, aby uzyska\u0107 prawdziw\u0105 ocen\u0119 swojej pracy i wykorzysta\u0107 najbardziej pozytywne recenzje do promocji.<\/div><\/div>\n                <\/div>\n\n                <div class=\"application-examples-item-iframe-container browser-frame\">\n                    <div class=\"application-examples-item-iframe-wrapper\">\n                        <iframe class=\"application-examples-item-iframe application-examples-item-iframe-fixed-height\" data-src=\"https:\/\/apps.elfsight.com\/template\/34600fa1-06b9-42bc-92ca-2a61dfd79a7a\" width=\"100%\" height=\"300\" allow=\"autoplay; fullscreen\"><\/iframe>\n                    <\/div>\n\n                    <div class=\"application-examples-item-loader\"><\/div>\n                <\/div>\n            <\/div>\n\n<div class=\"application-cta-create\">\n                    <div class=\"application-cta-create-bg\">\n                        <div class=\"application-cta-create-bg-left\"><\/div>\n\n                        <div class=\"application-cta-create-bg-right\">\n                            <img decoding=\"async\" src=\"https:\/\/elfsight.com\/pl\/wp-content\/themes\/elfsight\/frontend\/assets\/img\/application-cta-create.jpg\" alt=\"Zacznij od stworzenia swojego wid\u017cetu\">\n                        <\/div>\n                    <\/div>\n\n                    <div class=\"application-cta-create-content inner\">\n                        <div class=\"application-cta-create-content-inner\">\n                            <div class=\"application-cta-create-content-icon\">\n                                <svg viewBox=\"0 0 25 25\" width=\"100%\" height=\"100%\">\n                                    <use xlink:href=\"#icon-settings\"><\/use>\n                                <\/svg>\n                            <\/div>\n\n                            <div class=\"application-cta-create-content-title\">Zacznij od stworzenia swojego wid\u017cetu<\/div>\n\n                            <div class=\"application-cta-create-content-text\">Szybko. \u0141atwo. Bez kodowania.<\/div>\n\n                            <a class=\"application-cta-create-content-button button-48 button-has-right-icon button-black button\" href=\"\">\n                                <span class=\"button-label\">Utw\u00f3rz wid\u017cet<\/span>\n\n                                <svg class=\"button-icon\">\n                                    <use xlink:href=\"#icon-arrow-link\"><\/use>\n                                <\/svg>\n                            <\/a>\n                        <\/div>\n                    <\/div>\n                <\/div>\n\n<div class=\"application-examples-item application-examples-item-loading\">\n                            <div class=\"col-row\">\n                                <div class=\"col-6 col-m-8 col-s-12\"><h3 class=\"application-examples-item-title\">Przyk\u0142ad 6. Wprowadzanie u\u017cytkownik\u00f3w<\/h3><div class=\"application-examples-item-description\">Jak przyci\u0105gn\u0105\u0107 potencjalnych klient\u00f3w bez irytuj\u0105cych telefon\u00f3w i pr\u00f3\u015bb? Pom\u00f3\u017c im lepiej Ci\u0119 pozna\u0107 dzi\u0119ki czatowi! Teraz odwiedzaj\u0105cy mog\u0105 \u0142atwo i bez wahania znale\u017a\u0107 potrzebne informacje o Twoich us\u0142ugach lub towarach. Przycisk Catchy Start Chat jest jasnofioletowy - klientowi nie przeocz\u0105 go!<\/div><\/div>\n                <\/div>\n\n                <div class=\"application-examples-item-iframe-container browser-frame\">\n                    <div class=\"application-examples-item-iframe-wrapper\">\n                        <iframe class=\"application-examples-item-iframe application-examples-item-iframe-fixed-height\" data-src=\"https:\/\/apps.elfsight.com\/template\/c0aab0b5-17b0-44fe-b761-7f7b7f3021af\" width=\"100%\" height=\"300\" allow=\"autoplay; fullscreen\"><\/iframe>\n                    <\/div>\n\n                    <div class=\"application-examples-item-loader\"><\/div>\n                <\/div>\n            <\/div>\n\n\n<div class=\"application-examples-item application-examples-item-loading\">\n                            <div class=\"col-row\">\n                                <div class=\"col-6 col-m-8 col-s-12\"><h3 class=\"application-examples-item-title\">Przyk\u0142ad 7. Doradztwo<\/h3><div class=\"application-examples-item-description\">Oto wspania\u0142y przyk\u0142ad, jak najskuteczniej konsultowa\u0107 klient\u00f3w w sprawie ofert. Powitanie i jasno\u017c\u00f3\u0142te przyciski komunikatora pomagaj\u0105 rozpocz\u0105\u0107 rozmow\u0119. Przedstaw swoim klientom szczeg\u00f3\u0142y us\u0142ugi w znacz\u0105cy i dyskretny spos\u00f3b.<\/div><\/div>\n                <\/div>\n\n                <div class=\"application-examples-item-iframe-container browser-frame\">\n                    <div class=\"application-examples-item-iframe-wrapper\">\n                        <iframe class=\"application-examples-item-iframe application-examples-item-iframe-fixed-height\" data-src=\"https:\/\/apps.elfsight.com\/template\/d35429bd-937c-40e6-98d6-9279ef305772\" width=\"100%\" height=\"300\" allow=\"autoplay; fullscreen\"><\/iframe>\n                    <\/div>\n\n                    <div class=\"application-examples-item-loader\"><\/div>\n                <\/div>\n            <\/div>\n\n<div class=\"application-examples-item application-examples-item-loading\">\n                            <div class=\"col-row\">\n                                <div class=\"col-6 col-m-8 col-s-12\"><h3 class=\"application-examples-item-title\">Przyk\u0142ad 8. Embed Chat Button<\/h3><div class=\"application-examples-item-description\">Do you need to integrate your chat into the content zone of website? Choose Embed Chat Button - a small icon will match any web design. Clicking on it, customers will see chat person\u2019s name and the welcome message.<\/div><\/div>\n                <\/div>\n\n                <div class=\"application-examples-item-iframe-container browser-frame\">\n                    <div class=\"application-examples-item-iframe-wrapper\">\n                        <iframe class=\"application-examples-item-iframe application-examples-item-iframe-fixed-height\" data-src=\"https:\/\/apps.elfsight.com\/template\/53305c3a-18d9-45cc-8b03-14ed42278bcd\" width=\"100%\" height=\"300\" allow=\"autoplay; fullscreen\"><\/iframe>\n                    <\/div>\n\n                    <div class=\"application-examples-item-loader\"><\/div>\n                <\/div>\n            <\/div>\n\n<div class=\"application-examples-item application-examples-item-loading\">\n                            <div class=\"col-row\">\n                                <div class=\"col-6 col-m-8 col-s-12\"><h3 class=\"application-examples-item-title\">Example 9. Embed Chat Window<\/h3><div class=\"application-examples-item-description\">You can install the widget at any place of the page you like. It won\u2019t be irritating for your customers, because they can scroll it. In need users can easily find the chat window and ask all questions required.<\/div><\/div>\n                <\/div>\n\n                <div class=\"application-examples-item-iframe-container browser-frame\">\n                    <div class=\"application-examples-item-iframe-wrapper\">\n                        <iframe class=\"application-examples-item-iframe application-examples-item-iframe-fixed-height\" data-src=\"https:\/\/apps.elfsight.com\/template\/77295f62-3d96-46d9-a173-8994c4bec5d7\" width=\"100%\" height=\"300\" allow=\"autoplay; fullscreen\"><\/iframe>\n                    <\/div>\n\n                    <div class=\"application-examples-item-loader\"><\/div>\n                <\/div>\n            <\/div>\n","protected":false},"excerpt":{"rendered":"","protected":false},"author":13,"featured_media":0,"parent":750,"menu_order":0,"comment_status":"closed","ping_status":"closed","template":"templates\/template-application-examples.php","meta":{"publish_to_discourse":"","publish_post_category":"","wpdc_auto_publish_overridden":"","wpdc_topic_tags":"","wpdc_pin_topic":"","wpdc_pin_until":"","discourse_post_id":"","discourse_permalink":"","wpdc_publishing_response":"","wpdc_publishing_error":"","footnotes":""},"class_list":["post-768","page","type-page","status-publish","hentry"],"yoast_head":"<!-- This site is optimized with the Yoast SEO plugin v25.3.1 - https:\/\/yoast.com\/wordpress\/plugins\/seo\/ -->\n<title>Czat All-in-One - przyk\u0142ady (jak korzysta\u0107 z czatu online w witrynie)<\/title>\n<meta name=\"description\" content=\"Zobacz, jak dzia\u0142a czat All-in-one firmy Elfsight na stronie www. Skorzystaj z przydatnych szablon\u00f3w, aby wid\u017cet czatu na swojej stronie!\" \/>\n<meta name=\"robots\" content=\"index, follow, max-snippet:-1, max-image-preview:large, max-video-preview:-1\" \/>\n<link rel=\"canonical\" href=\"https:\/\/elfsight.com\/pl\/all-in-one-chat-widget\/examples\/\" \/>\n<meta property=\"og:locale\" content=\"pl_PL\" \/>\n<meta property=\"og:type\" content=\"article\" \/>\n<meta property=\"og:title\" content=\"Czat All-in-One - przyk\u0142ady (jak korzysta\u0107 z czatu online w witrynie)\" \/>\n<meta property=\"og:description\" content=\"Zobacz, jak dzia\u0142a czat All-in-one firmy Elfsight na stronie www. Skorzystaj z przydatnych szablon\u00f3w, aby wid\u017cet czatu na swojej stronie!\" \/>\n<meta property=\"og:url\" content=\"https:\/\/elfsight.com\/pl\/all-in-one-chat-widget\/examples\/\" \/>\n<meta property=\"og:site_name\" content=\"Elfsight PL\" \/>\n<meta property=\"article:modified_time\" content=\"2021-08-30T13:05:22+00:00\" \/>\n<meta name=\"twitter:card\" content=\"summary_large_image\" \/>\n<meta name=\"twitter:label1\" content=\"Szacowany czas czytania\" \/>\n\t<meta name=\"twitter:data1\" content=\"2 minuty\" \/>\n<!-- \/ Yoast SEO plugin. -->","yoast_head_json":{"title":"Czat All-in-One - przyk\u0142ady (jak korzysta\u0107 z czatu online w witrynie)","description":"Zobacz, jak dzia\u0142a czat All-in-one firmy Elfsight na stronie www. Skorzystaj z przydatnych szablon\u00f3w, aby wid\u017cet czatu na swojej stronie!","robots":{"index":"index","follow":"follow","max-snippet":"max-snippet:-1","max-image-preview":"max-image-preview:large","max-video-preview":"max-video-preview:-1"},"canonical":"https:\/\/elfsight.com\/pl\/all-in-one-chat-widget\/examples\/","og_locale":"pl_PL","og_type":"article","og_title":"Czat All-in-One - przyk\u0142ady (jak korzysta\u0107 z czatu online w witrynie)","og_description":"Zobacz, jak dzia\u0142a czat All-in-one firmy Elfsight na stronie www. Skorzystaj z przydatnych szablon\u00f3w, aby wid\u017cet czatu na swojej stronie!","og_url":"https:\/\/elfsight.com\/pl\/all-in-one-chat-widget\/examples\/","og_site_name":"Elfsight PL","article_modified_time":"2021-08-30T13:05:22+00:00","twitter_card":"summary_large_image","twitter_misc":{"Szacowany czas czytania":"2 minuty"},"schema":{"@context":"https:\/\/schema.org","@graph":[{"@type":"WebPage","@id":"https:\/\/elfsight.com\/pl\/all-in-one-chat-widget\/examples\/","url":"https:\/\/elfsight.com\/pl\/all-in-one-chat-widget\/examples\/","name":"Czat All-in-One - przyk\u0142ady (jak korzysta\u0107 z czatu online w witrynie)","isPartOf":{"@id":"https:\/\/elfsight.com\/pl\/#website"},"datePublished":"2020-12-03T10:13:14+00:00","dateModified":"2021-08-30T13:05:22+00:00","description":"Zobacz, jak dzia\u0142a czat All-in-one firmy Elfsight na stronie www. Skorzystaj z przydatnych szablon\u00f3w, aby wid\u017cet czatu na swojej stronie!","breadcrumb":{"@id":"https:\/\/elfsight.com\/pl\/all-in-one-chat-widget\/examples\/#breadcrumb"},"inLanguage":"pl-PL","potentialAction":[{"@type":"ReadAction","target":["https:\/\/elfsight.com\/pl\/all-in-one-chat-widget\/examples\/"]}]},{"@type":"BreadcrumbList","@id":"https:\/\/elfsight.com\/pl\/all-in-one-chat-widget\/examples\/#breadcrumb","itemListElement":[{"@type":"ListItem","position":1,"name":"Home","item":"https:\/\/elfsight.com\/pl\/"},{"@type":"ListItem","position":2,"name":"All-in-One Chat","item":"https:\/\/elfsight.com\/pl\/all-in-one-chat-widget\/"},{"@type":"ListItem","position":3,"name":"All-in-One Chat &#8211; Examples"}]},{"@type":"WebSite","@id":"https:\/\/elfsight.com\/pl\/#website","url":"https:\/\/elfsight.com\/pl\/","name":"Elfsight PL","description":"Just another Elfsight Sites site","potentialAction":[{"@type":"SearchAction","target":{"@type":"EntryPoint","urlTemplate":"https:\/\/elfsight.com\/pl\/?s={search_term_string}"},"query-input":{"@type":"PropertyValueSpecification","valueRequired":true,"valueName":"search_term_string"}}],"inLanguage":"pl-PL"}]}},"meta_box":{"industry":"","seo_heading":"","heading":"","description":"","cta_heading":"","cta_description":"","application":"749","h1":"","h1_caption":"","application_category":[],"applications_title":"","applications_request_title":"","applications_request_button_text":"","hero_text":"","hero_video":"","hero_video_schema_markup":"","selling_points_title":"","selling_points_caption":"","selling_points":[],"selling_points_cta_text":"","features_title":"","features":"","ed_cta_examples_text":"","ed_cta_examples_hidden":"","ed_cta_demo_text":"","ed_cta_demo_hidden":"","why_caption":"","why_editor_title":"","why_editor_text":"","why_team_title":"","why_team_text":"","why_service_title":"","why_service_text":"","template_catalog_visible":"","template_catalog_title":"","template_catalog_text":"","template_catalog_categories_visible":"","demo_title":"","demo_caption":"","default_faq_hidden":"","app_template_category":[],"platform":"","template_public_id":"","codecanyon_url":"","codecanyon_item_id":"","codecanyon_price":"","pricing_caption":"","pricing_elfsight_apps_hide_column":"","pricing_elfsight_apps_url":"","pricing_codecanyon_price_caption":"","integration_category":[],"integration_request_title":"","integration_request_cta":"","integration_platform":"","integrations":[],"platform_category":[],"video_schema_markup":"","price":"","trial":"","benefits":[],"button_url":"","button_target_blank":"","button_nofollow":"","attributes":[],"tags":[],"tags_disable_links":"","hide_more_platforms":"","video_object":"","demo_hide_cta":"","demo_hide_cloud_options":"","pricing_title":"","pricing":[],"related_apps_title":"","related_apps_hidden":"","author":"","image":[],"title":"","job":"","social_networks":[]},"_links":{"self":[{"href":"https:\/\/elfsight.com\/pl\/wp-json\/wp\/v2\/pages\/768","targetHints":{"allow":["GET"]}}],"collection":[{"href":"https:\/\/elfsight.com\/pl\/wp-json\/wp\/v2\/pages"}],"about":[{"href":"https:\/\/elfsight.com\/pl\/wp-json\/wp\/v2\/types\/page"}],"author":[{"embeddable":true,"href":"https:\/\/elfsight.com\/pl\/wp-json\/wp\/v2\/users\/13"}],"replies":[{"embeddable":true,"href":"https:\/\/elfsight.com\/pl\/wp-json\/wp\/v2\/comments?post=768"}],"version-history":[{"count":8,"href":"https:\/\/elfsight.com\/pl\/wp-json\/wp\/v2\/pages\/768\/revisions"}],"predecessor-version":[{"id":776,"href":"https:\/\/elfsight.com\/pl\/wp-json\/wp\/v2\/pages\/768\/revisions\/776"}],"up":[{"embeddable":true,"href":"https:\/\/elfsight.com\/pl\/wp-json\/wp\/v2\/pages\/750"}],"wp:attachment":[{"href":"https:\/\/elfsight.com\/pl\/wp-json\/wp\/v2\/media?parent=768"}],"curies":[{"name":"wp","href":"https:\/\/api.w.org\/{rel}","templated":true}]}}