{"id":7455,"date":"1970-01-01T00:00:00","date_gmt":"1970-01-01T00:00:00","guid":{"rendered":"https:\/\/elfsight.com\/pl\/?page_id=7455"},"modified":"2026-01-29T12:41:21","modified_gmt":"2026-01-29T12:41:21","slug":"wordpress","status":"publish","type":"page","link":"https:\/\/elfsight.com\/pl\/youtube-channel-plugin-yottie\/wordpress\/","title":{"rendered":"YouTube Gallery &#8211; WordPress"},"content":{"rendered":"<div class=\"application-platform-content-item-description application-platform-content-item\" id=\"description\" data-nav-section=\"description\"><h2>Osad\u017a galeri\u0119 YouTube na WordPress za pomoc\u0105 wid\u017cetu Elfsight<\/h2><p>Wielofunkcyjna galeria na YouTube, kt\u00f3ra umo\u017cliwia dodawanie dowolnych film\u00f3w Na twojej stronie. Wybierz najlepsze kana\u0142y i osobne klipy wideo, aby zebra\u0107 w\u0142asn\u0105 playlist\u0119 i wy\u015bwietla\u0107 j\u0105 bezpo\u015brednio na stronie, korzystaj\u0105c z najbardziej odpowiedniego uk\u0142adu (galeria wideo, portfolio, kana\u0142, pojedynczy film). Nasz widget jest w pe\u0142ni dostosowuj\u0105cy si\u0119 do dowolnych urz\u0105dze\u0144 i platform, ma ponad 100 parametr\u00f3w ustawie\u0144, elastyczne szablony i wiele innych zalet, kt\u00f3re pomog\u0105 Ci stworzy\u0107 niesamowit\u0105 wtyczk\u0119 kana\u0142u YouTube dla Twojej witryny WordPress.<\/p><p><b>Utw\u00f3rz spersonalizowan\u0105 galeri\u0119 film\u00f3w YouTube, aby zwi\u0119kszy\u0107 zaanga\u017cowanie swoich u\u017cytkownik\u00f3w.<\/b><\/p><ul><li><b>Wzmocnij interakcj\u0119 z odbiorcami swojej witryny za pomoc\u0105 film\u00f3w w YouTube<\/b><br> Zabawiaj klient\u00f3w swojej witryny niesamowitymi tre\u015bciami wideo z YouTube i anga\u017cuj ich bardziej ni\u017c wcze\u015bniej.<\/li><li><b>Przyci\u0105gaj wi\u0119cej zapyta\u0144 dzi\u0119ki tre\u015bciom wideo<\/b><br>Wstaw filmy promocyjne, reakcje, przegl\u0105dy, przewodniki i nie tylko, aby zapewni\u0107 odbiorcom szczeg\u00f3\u0142owe informacje o Twoich warunkach i przekona\u0107 ich do przeprowadzenia transakcji.<\/li><li><b>Najlepsi fani Twojego konta YouTube<\/b><br>Przekszta\u0142caj u\u017cytkownik\u00f3w witryny w swoich subskrybent\u00f3w na Youtube. Daj natychmiastowy i \u0142atwy spos\u00f3b sprawdzania film\u00f3w i subskrybowania bezpo\u015brednio z zasobu.<\/li><\/ul><\/div><div class=\"application-platform-content-item-features application-platform-content-item\" id=\"features\" data-nav-section=\"features\"><h2>G\u0142\u00f3wne funkcje wid\u017cetu Galeria YouTube<\/h2> <p>Funkcje wtyczki Elfsight, kt\u00f3re czyni\u0105 j\u0105 najlepszym narz\u0119dziem do wy\u015bwietlania list odtwarzania i film\u00f3w z YouTube na stronie WordPress:<\/p><ul><li>Nieograniczone \u017ar\u00f3d\u0142a;<\/li><li>Dostosowywany rozmiar wid\u017cetu ;<\/li><li>Prze\u0142\u0105czany nag\u0142\u00f3wek z trzema predefiniowanymi uk\u0142adami i dostosowywalnymi elementami nag\u0142\u00f3wka (logo, baner, nazwa kana\u0142u i inne);<\/li><li>5 wbudowanych schemat\u00f3w kolor\u00f3w;<\/li><li>Dostosowywanie tre\u015bci opcje: kolumny i wiersze, rynna; kierunek poziomy lub pionowy i wiele wi\u0119cej;<\/li><li>Regularne aktualizacje na \u017cywo;<\/li><li>Wsparcie premium w przypadku ka\u017cdego problemu \u015bwiadczone przez profesjonalny zesp\u00f3\u0142.<\/li><\/ul><p><a href=\"#demo\">Sprawd\u017a wszystkie funkcje darmowego konfiguratora Elfsight<\/a><\/p><\/div><div class=\"application-platform-content-item-installation application-platform-content-item\" id=\"installation\" data-nav-section=\"installation\"><h2>Jak osadzi\u0107 wtyczk\u0119 YouTube na stronie WordPress?<\/h2><div class=\"video-container\">\n<iframe width=\"720\" height=\"405\" src=\"https:\/\/www.youtube.com\/embed\/4Tnv6cGnUPI?si=tqsjO2yi2bjjs_iN\" frameborder=\"0\" allowfullscreen=\"\"><\/iframe>\n<\/div><p>Wykonaj te proste kroki, nie s\u0105 wymagane \u017cadne umiej\u0119tno\u015bci kodowania. Ca\u0142kowity czas konfiguracji wynosi nieca\u0142e 2 minuty.<\/p><ol><li><b>Otw\u00f3rz nasz darmowy edytor i zacznij tworzy\u0107 spersonalizowan\u0105 wtyczk\u0119.<\/b> <br>Wybierz preferowany wygl\u0105d i funkcje wid\u017cetu i zapisz zmiany.<\/li><li><b>Wy\u015bwietl sw\u00f3j unikalny kod w oknie aplikacji Elfsight.<\/b> <br>Po modyfikacji wid\u017cetu skopiuj kod w wy\u015bwietlonym oknie i zapisz go na p\u00f3\u017aniej okazj\u0119 w przysz\u0142o\u015bci.<\/li><li><b>Zacznij korzysta\u0107 z galerii YouTube WordPress w witrynie.<\/b> <br>Umie\u015b\u0107 ostatnio zapisany kod w swojej witrynie i zastosuj ulepszenia.<\/li><li><b>Sko\u0144czy\u0142e\u015b! Instalacja zako\u0144czy\u0142a si\u0119 pomy\u015blnie.<\/b> <br>Przejd\u017a do swojej witryny i sprawd\u017a, jak dzia\u0142a wid\u017cet.<\/li><\/ol><p>Masz problemy z instalacj\u0105 lub konfiguracj\u0105 wtyczki playlisty YouTube? Mo\u017cesz napisa\u0107 do zespo\u0142u pomocy technicznej Elfsight z wszelkimi pytaniami o ka\u017cdej porze dnia.<\/p><\/div><div class=\"faq\" data-component=\"FAQ\"><div class=\"faq-item\">\r\n\t\t\t\t\t<div class=\"faq-item-question\">\r\n\t\t\t\t\t\t<h3 class=\"faq-item-question-text\">Jak doda\u0107 galeri\u0119 YouTube do WordPressa? <\/h3>\r\n\r\n\t\t\t\t\t\t<div class=\"faq-item-question-icon\"><\/div>\r\n\t\t\t\t\t<\/div>\r\n\r\n\t\t\t\t\t<div class=\"faq-item-answer\">\r\n\t\t\t\t\t\t<div class=\"faq-item-answer-text\"><p> Tworzenie widgetu odbywa si\u0119 w serwisie Elfsight i nie musisz uczy\u0107 si\u0119 kodowania. Skorzystaj z wersji demonstracyjnej online, aby dostosowa\u0107 w\u0142asn\u0105 wtyczk\u0119, skopiuj kod i umie\u015b\u0107 go na swojej stronie. <\/p><\/div>\r\n\t\t\t\t\t<\/div>\r\n\t\t\t\t<\/div><div class=\"faq-item\">\r\n\t\t\t\t\t<div class=\"faq-item-question\">\r\n\t\t\t\t\t\t<h3 class=\"faq-item-question-text\">Najlepsze przyk\u0142ady wykorzystania integracji galerii list odtwarzania YouTube<\/h3>\r\n\r\n\t\t\t\t\t\t<div class=\"faq-item-question-icon\"><\/div>\r\n\t\t\t\t\t<\/div>\r\n\r\n\t\t\t\t\t<div class=\"faq-item-answer\">\r\n\t\t\t\t\t\t<div class=\"faq-item-answer-text\"><p>Oferujemy szereg opcji dostosowywania: pe\u0142nowymiarowe wid\u017cety do dodawania do obszaru zawarto\u015bci, p\u0142ywaj\u0105ce wid\u017cety do opcji przewijania , miniatury stopki, nag\u0142\u00f3wka i wszelkiego rodzaju pionowe mo\u017cliwo\u015bci pask\u00f3w bocznych i menu. <\/p><\/div>\r\n\t\t\t\t\t<\/div>\r\n\t\t\t\t<\/div><div class=\"faq-item\">\r\n\t\t\t\t\t<div class=\"faq-item-question\">\r\n\t\t\t\t\t\t<h3 class=\"faq-item-question-text\">Czy mog\u0119 utworzy\u0107 list\u0119 lub siatk\u0119 film\u00f3w za pomoc\u0105 Twojego edytora? <\/h3>\r\n\r\n\t\t\t\t\t\t<div class=\"faq-item-question-icon\"><\/div>\r\n\t\t\t\t\t<\/div>\r\n\r\n\t\t\t\t\t<div class=\"faq-item-answer\">\r\n\t\t\t\t\t\t<div class=\"faq-item-answer-text\"><p>Mo\u017cesz dowolnie modyfikowa\u0107 wid\u017cet. W edytorze masz do dyspozycji wiele uk\u0142ad\u00f3w, a ka\u017cdy z nich mo\u017cesz \u0142atwo spersonalizowa\u0107 wed\u0142ug w\u0142asnych potrzeb. <\/p><\/div>\r\n\t\t\t\t\t<\/div>\r\n\t\t\t\t<\/div><\/div><p><\/p><!-- \/wp:paragraph - &gt; \/wp:paragraph -->","protected":false},"excerpt":{"rendered":"","protected":false},"author":9,"featured_media":0,"parent":792,"menu_order":0,"comment_status":"closed","ping_status":"closed","template":"templates\/template-application-platform.php","meta":{"publish_to_discourse":"","publish_post_category":"","wpdc_auto_publish_overridden":"","wpdc_topic_tags":"","wpdc_pin_topic":"","wpdc_pin_until":"","discourse_post_id":"","discourse_permalink":"","wpdc_publishing_response":"","wpdc_publishing_error":"","footnotes":""},"class_list":["post-7455","page","type-page","status-publish","hentry"],"yoast_head":"<!-- This site is optimized with the Yoast SEO plugin v25.3.1 - https:\/\/yoast.com\/wordpress\/plugins\/seo\/ -->\n<title>Wtyczka WordPress YouTube - osadzaj filmy i kana\u0142y z YouTube na WP<\/title>\n<meta name=\"description\" content=\"Utw\u00f3rz galeri\u0119 wideo YouTube dla swojego WordPressa! Sprawd\u017a darmowy edytor Elfsight, aby osadzi\u0107 playlist\u0119 i kana\u0142 YouTube na swojej stronie internetowej.\" \/>\n<meta name=\"robots\" content=\"index, follow, max-snippet:-1, max-image-preview:large, max-video-preview:-1\" \/>\n<link rel=\"canonical\" href=\"https:\/\/elfsight.com\/pl\/youtube-channel-plugin-yottie\/wordpress\/\" \/>\n<meta property=\"og:locale\" content=\"pl_PL\" \/>\n<meta property=\"og:type\" content=\"article\" \/>\n<meta property=\"og:title\" content=\"Wtyczka WordPress YouTube - osadzaj filmy i kana\u0142y z YouTube na WP\" \/>\n<meta property=\"og:description\" content=\"Utw\u00f3rz galeri\u0119 wideo YouTube dla swojego WordPressa! Sprawd\u017a darmowy edytor Elfsight, aby osadzi\u0107 playlist\u0119 i kana\u0142 YouTube na swojej stronie internetowej.\" \/>\n<meta property=\"og:url\" content=\"https:\/\/elfsight.com\/pl\/youtube-channel-plugin-yottie\/wordpress\/\" \/>\n<meta property=\"og:site_name\" content=\"Elfsight PL\" \/>\n<meta property=\"article:modified_time\" content=\"2026-01-29T12:41:21+00:00\" \/>\n<meta name=\"twitter:card\" content=\"summary_large_image\" \/>\n<meta name=\"twitter:label1\" content=\"Szacowany czas czytania\" \/>\n\t<meta name=\"twitter:data1\" content=\"3 minuty\" \/>\n<!-- \/ Yoast SEO plugin. -->","yoast_head_json":{"title":"Wtyczka WordPress YouTube - osadzaj filmy i kana\u0142y z YouTube na WP","description":"Utw\u00f3rz galeri\u0119 wideo YouTube dla swojego WordPressa! Sprawd\u017a darmowy edytor Elfsight, aby osadzi\u0107 playlist\u0119 i kana\u0142 YouTube na swojej stronie internetowej.","robots":{"index":"index","follow":"follow","max-snippet":"max-snippet:-1","max-image-preview":"max-image-preview:large","max-video-preview":"max-video-preview:-1"},"canonical":"https:\/\/elfsight.com\/pl\/youtube-channel-plugin-yottie\/wordpress\/","og_locale":"pl_PL","og_type":"article","og_title":"Wtyczka WordPress YouTube - osadzaj filmy i kana\u0142y z YouTube na WP","og_description":"Utw\u00f3rz galeri\u0119 wideo YouTube dla swojego WordPressa! Sprawd\u017a darmowy edytor Elfsight, aby osadzi\u0107 playlist\u0119 i kana\u0142 YouTube na swojej stronie internetowej.","og_url":"https:\/\/elfsight.com\/pl\/youtube-channel-plugin-yottie\/wordpress\/","og_site_name":"Elfsight PL","article_modified_time":"2026-01-29T12:41:21+00:00","twitter_card":"summary_large_image","twitter_misc":{"Szacowany czas czytania":"3 minuty"},"schema":{"@context":"https:\/\/schema.org","@graph":[{"@type":"WebPage","@id":"https:\/\/elfsight.com\/pl\/youtube-channel-plugin-yottie\/wordpress\/","url":"https:\/\/elfsight.com\/pl\/youtube-channel-plugin-yottie\/wordpress\/","name":"Wtyczka WordPress YouTube - osadzaj filmy i kana\u0142y z YouTube na WP","isPartOf":{"@id":"https:\/\/elfsight.com\/pl\/#website"},"datePublished":"1970-01-01T00:00:00+00:00","dateModified":"2026-01-29T12:41:21+00:00","description":"Utw\u00f3rz galeri\u0119 wideo YouTube dla swojego WordPressa! Sprawd\u017a darmowy edytor Elfsight, aby osadzi\u0107 playlist\u0119 i kana\u0142 YouTube na swojej stronie internetowej.","breadcrumb":{"@id":"https:\/\/elfsight.com\/pl\/youtube-channel-plugin-yottie\/wordpress\/#breadcrumb"},"inLanguage":"pl-PL","potentialAction":[{"@type":"ReadAction","target":["https:\/\/elfsight.com\/pl\/youtube-channel-plugin-yottie\/wordpress\/"]}]},{"@type":"BreadcrumbList","@id":"https:\/\/elfsight.com\/pl\/youtube-channel-plugin-yottie\/wordpress\/#breadcrumb","itemListElement":[{"@type":"ListItem","position":1,"name":"Home","item":"https:\/\/elfsight.com\/pl\/"},{"@type":"ListItem","position":2,"name":"YouTube Gallery","item":"https:\/\/elfsight.com\/pl\/youtube-channel-plugin-yottie\/"},{"@type":"ListItem","position":3,"name":"YouTube Gallery &#8211; WordPress"}]},{"@type":"WebSite","@id":"https:\/\/elfsight.com\/pl\/#website","url":"https:\/\/elfsight.com\/pl\/","name":"Elfsight PL","description":"Just another Elfsight Sites site","potentialAction":[{"@type":"SearchAction","target":{"@type":"EntryPoint","urlTemplate":"https:\/\/elfsight.com\/pl\/?s={search_term_string}"},"query-input":{"@type":"PropertyValueSpecification","valueRequired":true,"valueName":"search_term_string"}}],"inLanguage":"pl-PL"}]}},"meta_box":{"industry":"","seo_heading":"","heading":"","description":"","cta_heading":"","cta_description":"","application":"785","h1":"Wtyczka WordPress do Galerii YouTube","h1_caption":"Osad\u017a galeri\u0119 film\u00f3w z YouTube, aby bez wysi\u0142ku umieszcza\u0107 w witrynie WordPress tre\u015bci takie jak samouczki, referencje lub prezentacje produkt\u00f3w.","application_category":[],"applications_title":"","applications_request_title":"","applications_request_button_text":"","hero_text":"","hero_video":"","hero_video_schema_markup":"","selling_points_title":"","selling_points_caption":"","selling_points":[],"selling_points_cta_text":"","features_title":"","features":"","ed_cta_examples_text":"","ed_cta_examples_hidden":"","ed_cta_demo_text":"","ed_cta_demo_hidden":"","why_caption":"","why_editor_title":"","why_editor_text":"","why_team_title":"","why_team_text":"","why_service_title":"","why_service_text":"","template_catalog_visible":"0","template_catalog_title":"","template_catalog_text":"","template_catalog_categories_visible":"","demo_title":"Utw\u00f3rz wtyczk\u0119 Galerii YouTube","demo_caption":"Skonfiguruj swoj\u0105 galeri\u0119 YouTube i dodaj j\u0105 do swojej witryny SWordPress za darmo!","default_faq_hidden":"","app_template_category":[],"platform":"31","template_public_id":"","codecanyon_url":"","codecanyon_item_id":"","codecanyon_price":"","pricing_caption":"","pricing_elfsight_apps_hide_column":"","pricing_elfsight_apps_url":"","pricing_codecanyon_price_caption":"","integration_category":[],"integration_request_title":"","integration_request_cta":"","integration_platform":"","integrations":[],"platform_category":[],"video_schema_markup":"","price":"od 0 USD \/ miesi\u0105c","trial":"","benefits":[{"text":"Bezp\u0142atna us\u0142uga monta\u017cu"},{"text":"Wsparcie premium"},{"text":"14-dniowa gwarancja zwrotu pieni\u0119dzy"}],"button_url":"#demo","button_target_blank":"0","button_nofollow":"0","attributes":[{"name":"Instaluje"},{"name":"Czu\u0142y"},{"name":"Kompatybilne przegl\u0105darki"}],"tags":[],"tags_disable_links":"0","hide_more_platforms":"0","video_object":"","demo_hide_cta":"0","demo_hide_cloud_options":"0","pricing_title":"","pricing":[{"pricing_icon":"platform","pricing_title":"WordPress plugin","pricing_title_caption":"Oprogramowanie wieloplatformowe, kt\u00f3re pasuje do ka\u017cdej witryny internetowej","pricing_price":"od 0 USD \/ miesi\u0105c","pricing_price_caption":"zacznij od bezp\u0142atnego planu","pricing_benefits":[{"text":"Nielimitowane strony internetowe"},{"text":"Dedykowane wsparcie firmy i dobrze udokumentowane"},{"text":"Bezp\u0142atna pomoc w instalacji"},{"text":"Specjalna cena za wiele aplikacji"}],"pricing_button_text":"Dodaj do witryny","pricing_button_url":"#demo"}],"related_apps_title":"","related_apps_hidden":"0","author":"","image":[],"title":"","job":"","social_networks":[]},"_links":{"self":[{"href":"https:\/\/elfsight.com\/pl\/wp-json\/wp\/v2\/pages\/7455","targetHints":{"allow":["GET"]}}],"collection":[{"href":"https:\/\/elfsight.com\/pl\/wp-json\/wp\/v2\/pages"}],"about":[{"href":"https:\/\/elfsight.com\/pl\/wp-json\/wp\/v2\/types\/page"}],"author":[{"embeddable":true,"href":"https:\/\/elfsight.com\/pl\/wp-json\/wp\/v2\/users\/9"}],"replies":[{"embeddable":true,"href":"https:\/\/elfsight.com\/pl\/wp-json\/wp\/v2\/comments?post=7455"}],"version-history":[{"count":3,"href":"https:\/\/elfsight.com\/pl\/wp-json\/wp\/v2\/pages\/7455\/revisions"}],"predecessor-version":[{"id":10860,"href":"https:\/\/elfsight.com\/pl\/wp-json\/wp\/v2\/pages\/7455\/revisions\/10860"}],"up":[{"embeddable":true,"href":"https:\/\/elfsight.com\/pl\/wp-json\/wp\/v2\/pages\/792"}],"wp:attachment":[{"href":"https:\/\/elfsight.com\/pl\/wp-json\/wp\/v2\/media?parent=7455"}],"curies":[{"name":"wp","href":"https:\/\/api.w.org\/{rel}","templated":true}]}}