{"id":7454,"date":"1970-01-01T00:00:00","date_gmt":"1970-01-01T00:00:00","guid":{"rendered":"https:\/\/elfsight.com\/pl\/?page_id=7454"},"modified":"2024-11-14T12:52:01","modified_gmt":"2024-11-14T12:52:01","slug":"jquery","status":"publish","type":"page","link":"https:\/\/elfsight.com\/pl\/youtube-channel-plugin-yottie\/jquery\/","title":{"rendered":"YouTube Gallery &#8211; jQuery"},"content":{"rendered":"<div class=\"application-platform-content-item-description application-platform-content-item\" id=\"description\" data-nav-section=\"description\"><h2>Opis<\/h2><p>Wielofunkcyjna wtyczka do YouTube, kt\u00f3ra umo\u017cliwia odtwarzanie r\u00f3\u017cnorodnych film\u00f3w w serwisie. Wybierz odpowiednie kana\u0142y i klipy wideo, aby skompilowa\u0107 swoj\u0105 indywidualn\u0105 playlist\u0119 i zintegrowa\u0107 j\u0105 bezpo\u015brednio ze stron\u0105 internetow\u0105, korzystaj\u0105c z najbardziej odpowiedniego uk\u0142adu (galeria wideo, portfolio, kana\u0142, pojedynczy film). Wtyczka Elfsight jest kompatybilna ze wszystkimi urz\u0105dzeniami i platformami; ma ponad 100 parametr\u00f3w, adaptacyjny uk\u0142ad i mn\u00f3stwo innych funkcji, kt\u00f3re daj\u0105 szans\u0119 na wy\u015bwietlenie go na dowolnej stronie internetowej.<\/p><p><b>Ustaw wydajn\u0105 indywidualn\u0105 galeri\u0119 wideo, aby zwi\u0119kszy\u0107 uwag\u0119 czytelnik\u00f3w. <\/b><\/p><ul><li><b>Wzmocnij interakcj\u0119 z odbiorcami swojej witryny za pomoc\u0105 film\u00f3w w YouTube<\/b>.<br>Przyci\u0105gaj odwiedzaj\u0105cych swoj\u0105 witryn\u0119 anga\u017cuj\u0105cymi filmami z YouTube i zwi\u0119kszaj ich zainteresowanie ni\u017c kiedykolwiek.<\/li><li><b>Zdob\u0105d\u017a maksymaln\u0105 liczb\u0119 klient\u00f3w dzi\u0119ki tre\u015bciom wideo<\/b>.<br>Pokazuj recenzje wideo, przegl\u0105dy, samouczki i wiele innych, aby zapewni\u0107 u\u017cytkownikom szczeg\u00f3\u0142owe informacje o swoich produktach i skierowa\u0107 ich do zakupu .<\/li><li><b>Nowi obserwuj\u0105cy Tw\u00f3j kana\u0142 YouTube<\/b>.<br>Przekszta\u0142caj odwiedzaj\u0105cych witryn\u0119 w swoich obserwuj\u0105cych w YouTube. Zintegruj dla nich szybk\u0105 i \u0142atw\u0105 metod\u0119 zapoznania si\u0119 z filmami i do\u0142\u0105czenia do kana\u0142u bezpo\u015brednio ze strony.<\/li><\/ul><\/div><div class=\"application-platform-content-item-features application-platform-content-item\" id=\"features\" data-nav-section=\"features\"><h2>Funkcje<\/h2> <p>Zalety naszej wtyczki, kt\u00f3re sprawiaj\u0105, \u017ce jest to najlepsza metoda wstawiania film\u00f3w z YouTube&#8217;a na stron\u0119 JQuery.<\/p><ul><li>Dodawaj \u017ar\u00f3d\u0142a wed\u0142ug adresu URL;<\/li><li>8 prze\u0142\u0105czalnych element\u00f3w nag\u0142\u00f3wek;<\/li><li>Ustaw odst\u0119p mi\u0119dzy filmami;<\/li><li>Liczba wy\u015bwietle\u0144 i polubie\u0144 film\u00f3w;<\/li><li>Opcja automatycznego odtwarzania z regulowan\u0105 szybko\u015bci\u0105;<\/li><li>15 elementy wideo do malowania;<\/li><li>Obs\u0142uga AdSense w celu monetyzacji tre\u015bci;<\/li><\/ul><p><a href=\"#demo\">Poznaj wszystkie funkcje panelu<\/a> <\/p><\/div><div class=\"application-platform-content-item-installation application-platform-content-item\" id=\"installation\" data-nav-section=\"installation\"><h2>Jak osadzi\u0107 suwak YouTube w witrynie jQuery<\/h2><p>Ma\u0142y plan naszego zespo\u0142u dotycz\u0105cy instalacji i dostosowywania Galerii wideo bez znajomo\u015bci j\u0119zyka rozw\u00f3j. Pe\u0142ny czas konfiguracji nie przekracza 90 sekund.<\/p><ol><li><b>Wygeneruj spersonalizowan\u0105 wtyczk\u0119 YouTube<\/b>.<br> Za pomoc\u0105 naszej bezp\u0142atnej wersji demonstracyjnej wygeneruj wtyczk\u0119 z \u017c\u0105danymi projekt i mo\u017cliwo\u015bci.<\/li><li><b>Zdob\u0105d\u017a kod do integracji wtyczek <\/b>.<br> Po dostrojeniu wtyczki uzyskaj kod do Galerii wideo z powiadomienia, kt\u00f3re pojawi\u0142o si\u0119 w aplikacjach Elfsight.<\/li> <li><b>Umie\u015b\u0107 wtyczk\u0119 na stronie jQuery<\/b>.<br> Osad\u017a wtyczk\u0119 w wymaganym miejscu na stronie i zastosuj zmiany.<\/li><li><b>Gotowe!<\/b><br> Odwied\u017a swoj\u0105 witryn\u0119, aby zobaczy\u0107 swoj\u0105 wtyczk\u0119.<\/li><\/ol><p>Wyst\u0105pi\u0142y jakie\u015b problemy podczas konfiguracji lub zmiany parametr\u00f3w Galerii YouTube? Zobacz <a href=\"https:\/\/elfsight.com\/tutorials\/how-to-add-youtube-video-gallery-to-jquery\/\" target=\"_blank\" rel=\"noopener noreferrer\">ca\u0142y artyku\u0142<\/a> lub wy\u015blij pro\u015bb\u0119 do naszego centrum pomocy, podaj\u0105c wyczerpuj\u0105cy opis problemu.<\/p><\/div><div class=\"faq\" data-component=\"FAQ\"><div class=\"faq-item\">\r\n\t\t\t\t\t<div class=\"faq-item-question\">\r\n\t\t\t\t\t\t<h3 class=\"faq-item-question-text\">Jak mog\u0119 doda\u0107 YouTube Galeri\u0119 do jQuery? <\/h3>\r\n\r\n\t\t\t\t\t\t<div class=\"faq-item-question-icon\"><\/div>\r\n\t\t\t\t\t<\/div>\r\n\r\n\t\t\t\t\t<div class=\"faq-item-answer\">\r\n\t\t\t\t\t\t<div class=\"faq-item-answer-text\"><p>Tworzenie narz\u0119dzia odbywa si\u0119 w witrynie Elfsight i nie ma potrzeby kodowania. Zastosuj wersj\u0119 demonstracyjn\u0105 na \u017cywo, aby dostosowa\u0107 w\u0142asn\u0105 wtyczk\u0119, pobierz kod i wklej go na swojej stronie internetowej. <\/p><\/div>\r\n\t\t\t\t\t<\/div>\r\n\t\t\t\t<\/div><div class=\"faq-item\">\r\n\t\t\t\t\t<div class=\"faq-item-question\">\r\n\t\t\t\t\t\t<h3 class=\"faq-item-question-text\">Najlepsze sposoby wykorzystania integracji z Galeri\u0105 wideo YouTube<\/h3>\r\n\r\n\t\t\t\t\t\t<div class=\"faq-item-question-icon\"><\/div>\r\n\t\t\t\t\t<\/div>\r\n\r\n\t\t\t\t\t<div class=\"faq-item-answer\">\r\n\t\t\t\t\t\t<div class=\"faq-item-answer-text\"><p>Mamy mn\u00f3stwo opcji dostosowywania: pe\u0142nowymiarowe wid\u017cety do dodawania w strefie tre\u015bci , p\u0142ywaj\u0105ce wtyczki z funkcj\u0105 przewijania, uk\u0142ady stopki, sekcji nag\u0142\u00f3wka i wszystkie odmiany opcji pionowych pask\u00f3w bocznych i menu. <\/p><\/div>\r\n\t\t\t\t\t<\/div>\r\n\t\t\t\t<\/div><div class=\"faq-item\">\r\n\t\t\t\t\t<div class=\"faq-item-question\">\r\n\t\t\t\t\t\t<h3 class=\"faq-item-question-text\">Czy mog\u0119 utworzy\u0107 siatk\u0119 wideo lub galeri\u0119 list odtwarzania w YouTube za pomoc\u0105 edytora? <\/h3>\r\n\r\n\t\t\t\t\t\t<div class=\"faq-item-question-icon\"><\/div>\r\n\t\t\t\t\t<\/div>\r\n\r\n\t\t\t\t\t<div class=\"faq-item-answer\">\r\n\t\t\t\t\t\t<div class=\"faq-item-answer-text\"><p>Mo\u017cesz kszta\u0142towa\u0107 zmiany w dowolnym wid\u017cecie. W edytorze dost\u0119pnych jest wiele uk\u0142ad\u00f3w, a ka\u017cdy z nich mo\u017cna \u0142atwo spersonalizowa\u0107 wed\u0142ug w\u0142asnych upodoba\u0144. <\/p><\/div>\r\n\t\t\t\t\t<\/div>\r\n\t\t\t\t<\/div><\/div>","protected":false},"excerpt":{"rendered":"","protected":false},"author":9,"featured_media":0,"parent":792,"menu_order":0,"comment_status":"closed","ping_status":"closed","template":"templates\/template-application-platform.php","meta":{"publish_to_discourse":"","publish_post_category":"","wpdc_auto_publish_overridden":"","wpdc_topic_tags":"","wpdc_pin_topic":"","wpdc_pin_until":"","discourse_post_id":"","discourse_permalink":"","wpdc_publishing_response":"","wpdc_publishing_error":"","footnotes":""},"class_list":["post-7454","page","type-page","status-publish","hentry"],"yoast_head":"<!-- This site is optimized with the Yoast SEO plugin v25.3.1 - https:\/\/yoast.com\/wordpress\/plugins\/seo\/ -->\n<title>Suwak galerii wideo YouTube dla witryny jQuery (\u0142atwy i bezp\u0142atny)<\/title>\n<meta name=\"description\" content=\"Zupe\u0142nie nowy slider jQuery YouTube Video Gallery mo\u017cna zaimplementowa\u0107 na stronie internetowej z dowolnym systemem CMS. U\u017cyj wtyczki YouTube, aby tworzy\u0107 wspania\u0142e playlisty wideo.\" \/>\n<meta name=\"robots\" content=\"index, follow, max-snippet:-1, max-image-preview:large, max-video-preview:-1\" \/>\n<link rel=\"canonical\" href=\"https:\/\/elfsight.com\/pl\/youtube-channel-plugin-yottie\/jquery\/\" \/>\n<meta property=\"og:locale\" content=\"pl_PL\" \/>\n<meta property=\"og:type\" content=\"article\" \/>\n<meta property=\"og:title\" content=\"Suwak galerii wideo YouTube dla witryny jQuery (\u0142atwy i bezp\u0142atny)\" \/>\n<meta property=\"og:description\" content=\"Zupe\u0142nie nowy slider jQuery YouTube Video Gallery mo\u017cna zaimplementowa\u0107 na stronie internetowej z dowolnym systemem CMS. U\u017cyj wtyczki YouTube, aby tworzy\u0107 wspania\u0142e playlisty wideo.\" \/>\n<meta property=\"og:url\" content=\"https:\/\/elfsight.com\/pl\/youtube-channel-plugin-yottie\/jquery\/\" \/>\n<meta property=\"og:site_name\" content=\"Elfsight PL\" \/>\n<meta property=\"article:modified_time\" content=\"2024-11-14T12:52:01+00:00\" \/>\n<meta name=\"twitter:card\" content=\"summary_large_image\" \/>\n<meta name=\"twitter:label1\" content=\"Szacowany czas czytania\" \/>\n\t<meta name=\"twitter:data1\" content=\"3 minuty\" \/>\n<!-- \/ Yoast SEO plugin. -->","yoast_head_json":{"title":"Suwak galerii wideo YouTube dla witryny jQuery (\u0142atwy i bezp\u0142atny)","description":"Zupe\u0142nie nowy slider jQuery YouTube Video Gallery mo\u017cna zaimplementowa\u0107 na stronie internetowej z dowolnym systemem CMS. U\u017cyj wtyczki YouTube, aby tworzy\u0107 wspania\u0142e playlisty wideo.","robots":{"index":"index","follow":"follow","max-snippet":"max-snippet:-1","max-image-preview":"max-image-preview:large","max-video-preview":"max-video-preview:-1"},"canonical":"https:\/\/elfsight.com\/pl\/youtube-channel-plugin-yottie\/jquery\/","og_locale":"pl_PL","og_type":"article","og_title":"Suwak galerii wideo YouTube dla witryny jQuery (\u0142atwy i bezp\u0142atny)","og_description":"Zupe\u0142nie nowy slider jQuery YouTube Video Gallery mo\u017cna zaimplementowa\u0107 na stronie internetowej z dowolnym systemem CMS. U\u017cyj wtyczki YouTube, aby tworzy\u0107 wspania\u0142e playlisty wideo.","og_url":"https:\/\/elfsight.com\/pl\/youtube-channel-plugin-yottie\/jquery\/","og_site_name":"Elfsight PL","article_modified_time":"2024-11-14T12:52:01+00:00","twitter_card":"summary_large_image","twitter_misc":{"Szacowany czas czytania":"3 minuty"},"schema":{"@context":"https:\/\/schema.org","@graph":[{"@type":"WebPage","@id":"https:\/\/elfsight.com\/pl\/youtube-channel-plugin-yottie\/jquery\/","url":"https:\/\/elfsight.com\/pl\/youtube-channel-plugin-yottie\/jquery\/","name":"Suwak galerii wideo YouTube dla witryny jQuery (\u0142atwy i bezp\u0142atny)","isPartOf":{"@id":"https:\/\/elfsight.com\/pl\/#website"},"datePublished":"1970-01-01T00:00:00+00:00","dateModified":"2024-11-14T12:52:01+00:00","description":"Zupe\u0142nie nowy slider jQuery YouTube Video Gallery mo\u017cna zaimplementowa\u0107 na stronie internetowej z dowolnym systemem CMS. U\u017cyj wtyczki YouTube, aby tworzy\u0107 wspania\u0142e playlisty wideo.","breadcrumb":{"@id":"https:\/\/elfsight.com\/pl\/youtube-channel-plugin-yottie\/jquery\/#breadcrumb"},"inLanguage":"pl-PL","potentialAction":[{"@type":"ReadAction","target":["https:\/\/elfsight.com\/pl\/youtube-channel-plugin-yottie\/jquery\/"]}]},{"@type":"BreadcrumbList","@id":"https:\/\/elfsight.com\/pl\/youtube-channel-plugin-yottie\/jquery\/#breadcrumb","itemListElement":[{"@type":"ListItem","position":1,"name":"Home","item":"https:\/\/elfsight.com\/pl\/"},{"@type":"ListItem","position":2,"name":"YouTube Gallery","item":"https:\/\/elfsight.com\/pl\/youtube-channel-plugin-yottie\/"},{"@type":"ListItem","position":3,"name":"YouTube Gallery &#8211; jQuery"}]},{"@type":"WebSite","@id":"https:\/\/elfsight.com\/pl\/#website","url":"https:\/\/elfsight.com\/pl\/","name":"Elfsight PL","description":"Just another Elfsight Sites site","potentialAction":[{"@type":"SearchAction","target":{"@type":"EntryPoint","urlTemplate":"https:\/\/elfsight.com\/pl\/?s={search_term_string}"},"query-input":{"@type":"PropertyValueSpecification","valueRequired":true,"valueName":"search_term_string"}}],"inLanguage":"pl-PL"}]}},"meta_box":{"industry":"","seo_heading":"","heading":"","description":"","cta_heading":"","cta_description":"","application":"785","h1":"Suwak Galerii wideo jQuery YouTube","h1_caption":"Osad\u017a galeri\u0119 film\u00f3w z YouTube, aby bez problemu umieszcza\u0107 w witrynie jQuery tre\u015bci takie jak samouczki, referencje lub prezentacje produkt\u00f3w.","application_category":[],"applications_title":"","applications_request_title":"","applications_request_button_text":"","hero_text":"","hero_video":"","hero_video_schema_markup":"","selling_points_title":"","selling_points_caption":"","selling_points":[],"selling_points_cta_text":"","features_title":"","features":"","ed_cta_examples_text":"","ed_cta_examples_hidden":"","ed_cta_demo_text":"","ed_cta_demo_hidden":"","why_caption":"","why_editor_title":"","why_editor_text":"","why_team_title":"","why_team_text":"","why_service_title":"","why_service_text":"","template_catalog_visible":"","template_catalog_title":"","template_catalog_text":"","template_catalog_categories_visible":"","demo_title":"Utw\u00f3rz wtyczk\u0119 Galerii YouTube","demo_caption":"Skonfiguruj swoj\u0105 galeri\u0119 YouTube i dodaj j\u0105 do swojej witryny jQuery za darmo!","default_faq_hidden":"","app_template_category":[],"platform":"56","template_public_id":"","codecanyon_url":"","codecanyon_item_id":"","codecanyon_price":"","pricing_caption":"","pricing_elfsight_apps_hide_column":"","pricing_elfsight_apps_url":"","pricing_codecanyon_price_caption":"","integration_category":[],"integration_request_title":"","integration_request_cta":"","integration_platform":"","integrations":[],"platform_category":[],"video_schema_markup":"","price":"od 0 USD \/ miesi\u0105c","trial":"","benefits":[{"text":"Bezp\u0142atna pomoc w instalacji"},{"text":"Kompetentna obs\u0142uga klienta"},{"text":"14-dniowa gwarancja zwrotu pieni\u0119dzy"}],"button_url":"#demo","button_target_blank":"","button_nofollow":"","attributes":[{"name":"Instaluje"},{"name":"Czu\u0142y"},{"name":"Kompatybilne przegl\u0105darki"}],"tags":[],"tags_disable_links":"","hide_more_platforms":"","video_object":"","demo_hide_cta":"","demo_hide_cloud_options":"","pricing_title":"","pricing":[{"pricing_icon":"platform","pricing_title":"Elfsight Apps","pricing_title_caption":"Gotowy na urz\u0105dzenia mobilne","pricing_price":"od 0 USD \/ miesi\u0105c","pricing_price_caption":"zacznij od bezp\u0142atnego planu","pricing_benefits":[{"text":"Nielimitowane domeny"},{"text":"Bezp\u0142atne wsparcie"},{"text":"Bezp\u0142atna pomoc w monta\u017cu"},{"text":"W pe\u0142ni konfigurowalny"}],"pricing_button_text":"Dodaj do witryny","pricing_button_url":"#demo"}],"related_apps_title":"","related_apps_hidden":"","author":"","image":[],"title":"","job":"","social_networks":[]},"_links":{"self":[{"href":"https:\/\/elfsight.com\/pl\/wp-json\/wp\/v2\/pages\/7454","targetHints":{"allow":["GET"]}}],"collection":[{"href":"https:\/\/elfsight.com\/pl\/wp-json\/wp\/v2\/pages"}],"about":[{"href":"https:\/\/elfsight.com\/pl\/wp-json\/wp\/v2\/types\/page"}],"author":[{"embeddable":true,"href":"https:\/\/elfsight.com\/pl\/wp-json\/wp\/v2\/users\/9"}],"replies":[{"embeddable":true,"href":"https:\/\/elfsight.com\/pl\/wp-json\/wp\/v2\/comments?post=7454"}],"version-history":[{"count":1,"href":"https:\/\/elfsight.com\/pl\/wp-json\/wp\/v2\/pages\/7454\/revisions"}],"predecessor-version":[{"id":7457,"href":"https:\/\/elfsight.com\/pl\/wp-json\/wp\/v2\/pages\/7454\/revisions\/7457"}],"up":[{"embeddable":true,"href":"https:\/\/elfsight.com\/pl\/wp-json\/wp\/v2\/pages\/792"}],"wp:attachment":[{"href":"https:\/\/elfsight.com\/pl\/wp-json\/wp\/v2\/media?parent=7454"}],"curies":[{"name":"wp","href":"https:\/\/api.w.org\/{rel}","templated":true}]}}