{"id":7453,"date":"1970-01-01T00:00:00","date_gmt":"1970-01-01T00:00:00","guid":{"rendered":"https:\/\/elfsight.com\/pl\/?page_id=7453"},"modified":"2026-01-30T10:38:56","modified_gmt":"2026-01-30T10:38:56","slug":"shopify","status":"publish","type":"page","link":"https:\/\/elfsight.com\/pl\/youtube-channel-plugin-yottie\/shopify\/","title":{"rendered":"YouTube Gallery &#8211; Shopify"},"content":{"rendered":"<div class=\"application-platform-content-item-description application-platform-content-item\" id=\"description\" data-nav-section=\"description\"> <h2>Osad\u017a galeri\u0119 YouTube na Shopify za pomoc\u0105 wid\u017cetu Elfsight<\/h2><p>Uniwersalny widget dla YouTube, kt\u00f3ry daje mo\u017cliwo\u015b\u0107 odtwarzania r\u00f3\u017cnych film\u00f3w Na twojej stronie. Znajd\u017a wymagane kana\u0142y i pojedyncze klipy wideo, aby stworzy\u0107 swoj\u0105 osobist\u0105 playlist\u0119 i wy\u015bwietli\u0107 j\u0105 bezpo\u015brednio na stronie internetowej, korzystaj\u0105c z najbardziej odpowiedniego uk\u0142adu (galeria wideo, portfolio, kana\u0142, pojedynczy film). Nasz widget jest w pe\u0142ni dostosowuj\u0105cy si\u0119 do wszystkich format\u00f3w i system\u00f3w, posiada oko\u0142o 100 ustawie\u0144, adaptacyjny uk\u0142ad i r\u00f3\u017cne zalety, dzi\u0119ki kt\u00f3rym mo\u017cesz wy\u015bwietla\u0107 go na dowolnych stronach internetowych.<\/p><ul><li><b>Wzmocnij wsp\u00f3\u0142prac\u0119 z czytelnikami Twojej witryny za po\u015brednictwem film\u00f3w na YouTube<\/b><br>Zadziw czytelnik\u00f3w swojej witryny fascynuj\u0105cymi tre\u015bciami wideo z YouTube i zaanga\u017cuj ich bardziej ni\u017c kiedykolwiek.<\/li> <li><b>Uzyskuj wi\u0119cej zapyta\u0144 dotycz\u0105cych tre\u015bci wideo <\/b><br>Wy\u015bwietlaj reklamy, reakcje, recenzje, instrukcje i nie tylko, aby zapewni\u0107 klientom pe\u0142n\u0105 informacj\u0119 o atrakcyjnych us\u0142ugach i nak\u0142oni\u0107 ich do zakupu.<\/li> <li><b>Nowi obserwuj\u0105cy Tw\u00f3j YouTube profil<\/b><br>Zamie\u0144 odbiorc\u00f3w witryny w swoich fan\u00f3w w YouTube. Zaprezentuj szybk\u0105 i \u0142atw\u0105 metod\u0119 zapoznania si\u0119 z filmami i subskrybowania bezpo\u015brednio z witryny.<\/li><\/ul><\/div><div class=\"application-platform-content-item-features application-platform-content-item\" id=\"features\" data-nav-section=\"features\"><h2>G\u0142\u00f3wne funkcje wid\u017cetu Galeria YouTube<\/h2><p>Zalety tego wid\u017cetu, kt\u00f3re przekszta\u0142caj\u0105 go w najlepsze narz\u0119dzie do wstawiania film\u00f3w z YouTube na stronie Shopify.<\/p> <ul><li>Tw\u00f3rz grupy \u017ar\u00f3d\u0142owe<\/li><li>Edytowalna nazwa kana\u0142u <\/li><li>Zmie\u0144 szeroko\u015b\u0107 wid\u017cetu<\/li><li>8 prze\u0142\u0105czalnych element\u00f3w wideo: tytu\u0142, czas trwania, opis, liczba i wi\u0119cej<\/li><li>Opcja wy\u015bwietlania paska wyszukiwania<\/li><li>15 element\u00f3w wideo do malowania<\/li><li>Regulowany czas pami\u0119ci podr\u0119cznej<\/li><\/ul><p><a href=\"#demo\">Sprawd\u017a wszystkie zalety w panelu<\/a><\/p><\/div><div class=\"application-platform-content-item-installation application-platform-content-item\" id=\"installation\" data-nav-section=\"installation\"><h2>Jak doda\u0107 galeri\u0119 YouTube do witryny Shopify? <\/h2><div class=\"video-container\"><iframe allowfullscreen=\"\" frameborder=\"0\" height=\"405\" src=\"https:\/\/www.youtube.com\/embed\/rGQr1XHWZfI?si=XhmlyeSlUe4sN9wx\" width=\"720\"><\/iframe><\/div><p>Oto prosty przewodnik dotycz\u0105cy dodawania aplikacji i uzyskiwania dost\u0119pu do kana\u0142\u00f3w bez znajomo\u015bci programowania. Zwykle konfiguracja trwa kr\u00f3cej ni\u017c 3 minuty.<\/p> <p>Wystarczy wykona\u0107 poni\u017csze kroki, aby zintegrowa\u0107 widget. <\/p> <ol><li><b>Zarz\u0105dzaj nasz\u0105 bezp\u0142atn\u0105 wersj\u0105 demonstracyjn\u0105 i zacznij tworzy\u0107 niestandardow\u0105 wtyczk\u0119. <\/b><br> Okre\u015bl preferowany interfejs i cechy funkcjonalne narz\u0119dzia i zastosuj poprawki. <\/li> <li><b>Odbierz sw\u00f3j osobisty kod ujawniony w specjalnym formularzu w aplikacjach Elfsight. <\/b><br> Zaraz po zako\u0144czeniu konfiguracji narz\u0119dzia skopiuj kod osobisty z wy\u015bwietlonego pola i zapisz go do p\u00f3\u017aniejszego wykorzystania. <\/li> <li><b>Rozpocznij stosowanie wtyczki na swojej stronie g\u0142\u00f3wnej Shopify. <\/b><br> Umie\u015b\u0107 skopiowany wcze\u015bniej kod na swojej stronie g\u0142\u00f3wnej i zapisz ulepszenia. <\/li> <li><b>Instalacja zosta\u0142a ca\u0142kowicie zako\u0144czona. <\/b><br> Odwied\u017a swoj\u0105 stron\u0119, aby sprawdzi\u0107 dzia\u0142anie narz\u0119dzia. <\/li><\/ol> <p>Je\u015bli masz pytania lub napotkasz problemy, nie wahaj si\u0119 i zwr\u00f3\u0107 si\u0119 do naszego personelu pomocy technicznej. Nasi specjali\u015bci ch\u0119tnie rozwi\u0105\u017c\u0105 wszelkie trudno\u015bci, jakie mo\u017cesz napotka\u0107 w zwi\u0105zku z narz\u0119dziem. <\/p> <div class=\"faq\" data-component=\"FAQ\"><div class=\"faq-item\">\r\n\t\t\t\t\t<div class=\"faq-item-question\">\r\n\t\t\t\t\t\t<h3 class=\"faq-item-question-text\">Jak mog\u0119 osadzi\u0107 galeri\u0119 wideo YouTube w mojej witrynie Squarespace bez umiej\u0119tno\u015bci kodowania?<\/h3>\r\n\r\n\t\t\t\t\t\t<div class=\"faq-item-question-icon\"><\/div>\r\n\t\t\t\t\t<\/div>\r\n\r\n\t\t\t\t\t<div class=\"faq-item-answer\">\r\n\t\t\t\t\t\t<div class=\"faq-item-answer-text\"><p>Elfsight zapewnia rozwi\u0105zanie oparte na chmurze, kt\u00f3re umo\u017cliwia u\u017cytkownikom samodzielne tworzenie galerii wideo YouTube , zobacz, jak prosty mo\u017ce by\u0107 ten proces:<\/p><ul><li>Uzyskaj dost\u0119p do edytora online, aby wygenerowa\u0107 sekcj\u0119 Galerii wideo YouTube, kt\u00f3r\u0105 chcesz zintegrowa\u0107 ze swoj\u0105 witryn\u0105 Squarespace.<\/li><li>Wybierz jedn\u0105 z naszych wst\u0119pnie zaprojektowanych szablon\u00f3w i dostosuj ustawienia Galerii wideo YouTube, dostosuj uk\u0142ad i schemat kolor\u00f3w, do\u0142\u0105cz swoje tre\u015bci bez konieczno\u015bci kodowania.<\/li><li>Zapisz ustawienia skonfigurowane dla Galerii wideo YouTube i uzyskaj kod wid\u017cetu do osadzenia, kt\u00f3ry mo\u017cesz \u0142atwo i bezp\u0142atnie doda\u0107 do swojej witryny Squarespace.<\/li><\/ul><p>Pracuj\u0105c w przyjaznym dla u\u017cytkownika Edytorze, ka\u017cdy u\u017cytkownik Internetu mo\u017ce utworzy\u0107 sekcj\u0119 Galerii wideo YouTube i umie\u015b\u0107 go na swojej stronie internetowej Squarespace. Aby uzyska\u0107 dost\u0119p do Edytora Elfsight, nie ma potrzeby dokonywania p\u0142atno\u015bci ani ujawniania danych karty. Je\u015bli na kt\u00f3rymkolwiek etapie napotkasz jakiekolwiek trudno\u015bci, skontaktuj si\u0119 z naszym dzia\u0142em obs\u0142ugi klienta.<\/p><\/div>\r\n\t\t\t\t\t<\/div>\r\n\t\t\t\t<\/div><\/div><\/div>","protected":false},"excerpt":{"rendered":"","protected":false},"author":9,"featured_media":0,"parent":792,"menu_order":0,"comment_status":"closed","ping_status":"closed","template":"templates\/template-application-platform.php","meta":{"publish_to_discourse":"","publish_post_category":"","wpdc_auto_publish_overridden":"","wpdc_topic_tags":"","wpdc_pin_topic":"","wpdc_pin_until":"","discourse_post_id":"","discourse_permalink":"","wpdc_publishing_response":"","wpdc_publishing_error":"","footnotes":""},"class_list":["post-7453","page","type-page","status-publish","hentry"],"yoast_head":"<!-- This site is optimized with the Yoast SEO plugin v25.3.1 - https:\/\/yoast.com\/wordpress\/plugins\/seo\/ -->\n<title>Aplikacja YouTube Shopify Yottie<\/title>\n<meta name=\"description\" content=\"Dodaj dowolny film z YouTube do swojego sklepu Shopify za pomoc\u0105 naszej aplikacji YouTube. Yottie ma ponad 100 konfigurowalnych parametr\u00f3w, kt\u00f3re zapewniaj\u0105 najlepsz\u0105 wygod\u0119 u\u017cytkowania.\" \/>\n<meta name=\"robots\" content=\"index, follow, max-snippet:-1, max-image-preview:large, max-video-preview:-1\" \/>\n<link rel=\"canonical\" href=\"https:\/\/elfsight.com\/pl\/youtube-channel-plugin-yottie\/shopify\/\" \/>\n<meta property=\"og:locale\" content=\"pl_PL\" \/>\n<meta property=\"og:type\" content=\"article\" \/>\n<meta property=\"og:title\" content=\"Aplikacja YouTube Shopify Yottie\" \/>\n<meta property=\"og:description\" content=\"Dodaj dowolny film z YouTube do swojego sklepu Shopify za pomoc\u0105 naszej aplikacji YouTube. Yottie ma ponad 100 konfigurowalnych parametr\u00f3w, kt\u00f3re zapewniaj\u0105 najlepsz\u0105 wygod\u0119 u\u017cytkowania.\" \/>\n<meta property=\"og:url\" content=\"https:\/\/elfsight.com\/pl\/youtube-channel-plugin-yottie\/shopify\/\" \/>\n<meta property=\"og:site_name\" content=\"Elfsight PL\" \/>\n<meta property=\"article:modified_time\" content=\"2026-01-30T10:38:56+00:00\" \/>\n<meta name=\"twitter:card\" content=\"summary_large_image\" \/>\n<meta name=\"twitter:label1\" content=\"Szacowany czas czytania\" \/>\n\t<meta name=\"twitter:data1\" content=\"4 minuty\" \/>\n<!-- \/ Yoast SEO plugin. -->","yoast_head_json":{"title":"Aplikacja YouTube Shopify Yottie","description":"Dodaj dowolny film z YouTube do swojego sklepu Shopify za pomoc\u0105 naszej aplikacji YouTube. Yottie ma ponad 100 konfigurowalnych parametr\u00f3w, kt\u00f3re zapewniaj\u0105 najlepsz\u0105 wygod\u0119 u\u017cytkowania.","robots":{"index":"index","follow":"follow","max-snippet":"max-snippet:-1","max-image-preview":"max-image-preview:large","max-video-preview":"max-video-preview:-1"},"canonical":"https:\/\/elfsight.com\/pl\/youtube-channel-plugin-yottie\/shopify\/","og_locale":"pl_PL","og_type":"article","og_title":"Aplikacja YouTube Shopify Yottie","og_description":"Dodaj dowolny film z YouTube do swojego sklepu Shopify za pomoc\u0105 naszej aplikacji YouTube. Yottie ma ponad 100 konfigurowalnych parametr\u00f3w, kt\u00f3re zapewniaj\u0105 najlepsz\u0105 wygod\u0119 u\u017cytkowania.","og_url":"https:\/\/elfsight.com\/pl\/youtube-channel-plugin-yottie\/shopify\/","og_site_name":"Elfsight PL","article_modified_time":"2026-01-30T10:38:56+00:00","twitter_card":"summary_large_image","twitter_misc":{"Szacowany czas czytania":"4 minuty"},"schema":{"@context":"https:\/\/schema.org","@graph":[{"@type":"WebPage","@id":"https:\/\/elfsight.com\/pl\/youtube-channel-plugin-yottie\/shopify\/","url":"https:\/\/elfsight.com\/pl\/youtube-channel-plugin-yottie\/shopify\/","name":"Aplikacja YouTube Shopify Yottie","isPartOf":{"@id":"https:\/\/elfsight.com\/pl\/#website"},"datePublished":"1970-01-01T00:00:00+00:00","dateModified":"2026-01-30T10:38:56+00:00","description":"Dodaj dowolny film z YouTube do swojego sklepu Shopify za pomoc\u0105 naszej aplikacji YouTube. Yottie ma ponad 100 konfigurowalnych parametr\u00f3w, kt\u00f3re zapewniaj\u0105 najlepsz\u0105 wygod\u0119 u\u017cytkowania.","breadcrumb":{"@id":"https:\/\/elfsight.com\/pl\/youtube-channel-plugin-yottie\/shopify\/#breadcrumb"},"inLanguage":"pl-PL","potentialAction":[{"@type":"ReadAction","target":["https:\/\/elfsight.com\/pl\/youtube-channel-plugin-yottie\/shopify\/"]}]},{"@type":"BreadcrumbList","@id":"https:\/\/elfsight.com\/pl\/youtube-channel-plugin-yottie\/shopify\/#breadcrumb","itemListElement":[{"@type":"ListItem","position":1,"name":"Home","item":"https:\/\/elfsight.com\/pl\/"},{"@type":"ListItem","position":2,"name":"YouTube Gallery","item":"https:\/\/elfsight.com\/pl\/youtube-channel-plugin-yottie\/"},{"@type":"ListItem","position":3,"name":"YouTube Gallery &#8211; Shopify"}]},{"@type":"WebSite","@id":"https:\/\/elfsight.com\/pl\/#website","url":"https:\/\/elfsight.com\/pl\/","name":"Elfsight PL","description":"Just another Elfsight Sites site","potentialAction":[{"@type":"SearchAction","target":{"@type":"EntryPoint","urlTemplate":"https:\/\/elfsight.com\/pl\/?s={search_term_string}"},"query-input":{"@type":"PropertyValueSpecification","valueRequired":true,"valueName":"search_term_string"}}],"inLanguage":"pl-PL"}]}},"meta_box":{"industry":"","seo_heading":"","heading":"","description":"","cta_heading":"","cta_description":"","application":"785","h1":"Aplikacja Galeria YouTube dla Shopify","h1_caption":"Osad\u017a galeri\u0119 film\u00f3w z YouTube, aby bez problemu umieszcza\u0107 tre\u015bci takie jak samouczki, referencje lub prezentacje produkt\u00f3w w swojej witrynie w witrynie Shopify.","application_category":[],"applications_title":"","applications_request_title":"","applications_request_button_text":"","hero_text":"","hero_video":"","hero_video_schema_markup":"","selling_points_title":"","selling_points_caption":"","selling_points":[],"selling_points_cta_text":"","features_title":"","features":"","ed_cta_examples_text":"","ed_cta_examples_hidden":"","ed_cta_demo_text":"","ed_cta_demo_hidden":"","why_caption":"","why_editor_title":"","why_editor_text":"","why_team_title":"","why_team_text":"","why_service_title":"","why_service_text":"","template_catalog_visible":"0","template_catalog_title":"","template_catalog_text":"","template_catalog_categories_visible":"","demo_title":"Utw\u00f3rz aplikacj\u0119 Galeria YouTube","demo_caption":"Skonfiguruj swoj\u0105 galeri\u0119 YouTube i dodaj j\u0105 do swojej witryny Shopify za darmo!","default_faq_hidden":"","app_template_category":[],"platform":"7580","template_public_id":"","codecanyon_url":"","codecanyon_item_id":"","codecanyon_price":"","pricing_caption":"","pricing_elfsight_apps_hide_column":"","pricing_elfsight_apps_url":"","pricing_codecanyon_price_caption":"","integration_category":[],"integration_request_title":"","integration_request_cta":"","integration_platform":"","integrations":[],"platform_category":[],"video_schema_markup":"","price":"od 0 USD \/ miesi\u0105c","trial":"","benefits":[{"text":"Bezp\u0142atna us\u0142uga monta\u017cu"},{"text":"Wsparcie premium"},{"text":"14-dniowa gwarancja zwrotu pieni\u0119dzy"}],"button_url":"#demo","button_target_blank":"0","button_nofollow":"0","attributes":[{"name":"Instaluje"},{"name":"Czu\u0142y"},{"name":"Kompatybilne przegl\u0105darki"}],"tags":[],"tags_disable_links":"0","hide_more_platforms":"0","video_object":"","demo_hide_cta":"0","demo_hide_cloud_options":"0","pricing_title":"","pricing":[{"pricing_icon":"cloud","pricing_title":"Elfsight Apps","pricing_title_caption":"Wersja wieloplatformowa, kt\u00f3ra dzia\u0142a na ka\u017cdej stronie internetowej","pricing_price":"od 0 USD \/ miesi\u0105c","pricing_price_caption":"zacznij od bezp\u0142atnego planu","pricing_benefits":[{"text":"Najszybsza i naj\u0142atwiejsza instalacja"},{"text":"Elastyczny system p\u0142atno\u015bci i niski koszt"},{"text":"Bezp\u0142atna us\u0142uga monta\u017cu"},{"text":"Oferta specjalna na wiele aplikacji"}],"pricing_button_text":"Dodaj do witryny","pricing_button_url":"#demo"}],"related_apps_title":"","related_apps_hidden":"0","author":"","image":[],"title":"","job":"","social_networks":[]},"_links":{"self":[{"href":"https:\/\/elfsight.com\/pl\/wp-json\/wp\/v2\/pages\/7453","targetHints":{"allow":["GET"]}}],"collection":[{"href":"https:\/\/elfsight.com\/pl\/wp-json\/wp\/v2\/pages"}],"about":[{"href":"https:\/\/elfsight.com\/pl\/wp-json\/wp\/v2\/types\/page"}],"author":[{"embeddable":true,"href":"https:\/\/elfsight.com\/pl\/wp-json\/wp\/v2\/users\/9"}],"replies":[{"embeddable":true,"href":"https:\/\/elfsight.com\/pl\/wp-json\/wp\/v2\/comments?post=7453"}],"version-history":[{"count":3,"href":"https:\/\/elfsight.com\/pl\/wp-json\/wp\/v2\/pages\/7453\/revisions"}],"predecessor-version":[{"id":10862,"href":"https:\/\/elfsight.com\/pl\/wp-json\/wp\/v2\/pages\/7453\/revisions\/10862"}],"up":[{"embeddable":true,"href":"https:\/\/elfsight.com\/pl\/wp-json\/wp\/v2\/pages\/792"}],"wp:attachment":[{"href":"https:\/\/elfsight.com\/pl\/wp-json\/wp\/v2\/media?parent=7453"}],"curies":[{"name":"wp","href":"https:\/\/api.w.org\/{rel}","templated":true}]}}