{"id":7448,"date":"1970-01-01T00:00:00","date_gmt":"1970-01-01T00:00:00","guid":{"rendered":"https:\/\/elfsight.com\/pl\/?page_id=7448"},"modified":"2024-11-14T12:51:37","modified_gmt":"2024-11-14T12:51:37","slug":"weebly","status":"publish","type":"page","link":"https:\/\/elfsight.com\/pl\/youtube-channel-plugin-yottie\/weebly\/","title":{"rendered":"YouTube Gallery &#8211; Weebly"},"content":{"rendered":"<div class=\"application-platform-content-item-description application-platform-content-item\" id=\"description\" data-nav-section=\"description\"> <h2>Opis<\/h2><p>Niesamowity widget do film\u00f3w na YouTube, kt\u00f3ry daje mo\u017cliwo\u015b\u0107 umieszczania r\u00f3\u017cnorodnych film\u00f3w na Twojej stronie internetowej. Wybierz potrzebne pojedyncze filmy i kana\u0142y, zbierz w\u0142asn\u0105 playlist\u0119 i wy\u015bwietl j\u0105 na stronie internetowej za pomoc\u0105 najodpowiedniejszego uk\u0142adu (portfolio, pojedynczy film, galeria wideo, kana\u0142). Nasz widget jest w pe\u0142ni dopasowuj\u0105cy si\u0119 do wszystkich stron internetowych i format\u00f3w ekran\u00f3w, \u0142\u0105cznie posiada ponad 100 ustawie\u0144, adaptacyjny uk\u0142ad i r\u00f3\u017cne opcje stylizacji daj\u0105 mo\u017cliwo\u015b\u0107 wy\u015bwietlenia go na dowolnej stronie internetowej.<\/p><ul><li><b>Zach\u0119caj do wsp\u00f3\u0142pracy odwiedzaj\u0105cych Twoj\u0105 witryn\u0119 za po\u015brednictwem film\u00f3w w serwisie YouTube<\/b><br>Zadziw czytelnik\u00f3w swojej witryny wspania\u0142ymi tre\u015bciami wideo w serwisie YouTube i spraw, aby byli bardziej aktywni ni\u017c kiedykolwiek.<\/li> <li><b>Masz wi\u0119cej zapyta\u0144 za pomoc\u0105 spektakularnych film\u00f3w<\/b><br>Wy\u015bwietlaj reklamy, polubienia, antypatie, instrukcje i nie tylko, aby dostarczy\u0107 klientom pe\u0142nych informacji o niesamowitych us\u0142ugach i zach\u0119ci\u0107 ich do dokonania zakupu.<\/li> <li><b> Nowi obserwatorzy Twojego profilu YouTube<\/b><br>Zamie\u0144 odbiorc\u00f3w swojej witryny w fan\u00f3w w YouTube. Skorzystaj z szybkiego i \u0142atwego sposobu, aby u\u0142atwi\u0107 zapoznawanie si\u0119 ze swoimi filmami i subskrybowa\u0107 bezpo\u015brednio na swoim kanale.<\/li><\/ul><\/div><div class=\"application-platform-content-item-features application-platform-content-item\" id=\"features\" data-nav-section=\"features\"><h2>Funkcje<\/h2><p>Zalety tego wid\u017cetu, kt\u00f3re czyni\u0105 go najlepszym narz\u0119dziem do wstawiania film\u00f3w z YouTube&#8217;a na stronie Shopify.<\/p> <ul><li>Grupy \u017ar\u00f3d\u0142owe<\/li><li>\u0141atwe do edycji nazwa kana\u0142u<\/li><li>Zmienna szeroko\u015b\u0107 wid\u017cetu<\/li><li>Osiem element\u00f3w wideo: czas trwania, opis, liczba, tytu\u0142 i inne<\/li><li>15 element\u00f3w wideo, kt\u00f3re mo\u017cna pomalowa\u0107<\/li> <li>Opcja wy\u015bwietlania paska wyszukiwania<\/li><li>Regulowany czas pami\u0119ci podr\u0119cznej<\/li><\/ul><p><a href=\"#demo\">Przetestuj wszystkie zalety w edytorze<\/a> <\/p><\/div><div class=\"application-platform-content-item-installation application-platform-content-item\" id=\"installation\" data-nav-section=\"installation\"><h2>Jak mog\u0119 osadzi\u0107 galeri\u0119 wideo YouTube na mojej stronie Weebly?<\/h2><div class=\"video-container\"><iframe width=\"720\" height=\"405\" src=\"https:\/\/www.youtube.com\/embed\/Pfjxnj97Kps\" frameborder=\"0\" allowfullscreen><\/iframe><\/iframe><\/div><p>Po prostu spe\u0142nij poni\u017csze wskaz\u00f3wki dotycz\u0105ce wstawiania wtyczki. <\/p> <ol><li><b>Skorzystaj z naszego bezp\u0142atnego konfiguratora i zacznij tworzy\u0107 swoj\u0105 unikaln\u0105 wtyczk\u0119. <\/b><br> Znajd\u017a preferowan\u0105 form\u0119 i aspekty wtyczki i zastosuj modyfikacje. <\/li> <li><b>Odbierz indywidualny kod pokazany w polu w aplikacjach Elfsight. <\/b><br> Po zako\u0144czeniu tworzenia wtyczki skopiuj indywidualny kod w wy\u015bwietlonym oknie i zapisz go na p\u00f3\u017aniej. <\/li> <li><b>Rozpocznij korzystanie z wtyczki w swojej witrynie Weebly. <\/b><br> Wstaw skopiowany ostatnio kod na swoj\u0105 stron\u0119 g\u0142\u00f3wn\u0105 i zastosuj ulepszenia. <\/li> <li><b>Gotowe! Osadzanie zosta\u0142o ca\u0142kowicie zako\u0144czone. <\/b><br> Przejd\u017a do swojej witryny, aby sprawdzi\u0107 dzia\u0142anie wtyczki. <\/li><\/ol> <p>Je\u015bli napotkasz jakiekolwiek problemy, skontaktuj si\u0119 z naszym zespo\u0142em wsparcia. Nasi specjali\u015bci z przyjemno\u015bci\u0105 pomog\u0105 Ci we wszystkich problemach, jakie mo\u017cesz mie\u0107 z produktem.<\/p><\/div>","protected":false},"excerpt":{"rendered":"","protected":false},"author":9,"featured_media":0,"parent":792,"menu_order":0,"comment_status":"closed","ping_status":"closed","template":"templates\/template-application-platform.php","meta":{"publish_to_discourse":"","publish_post_category":"","wpdc_auto_publish_overridden":"","wpdc_topic_tags":"","wpdc_pin_topic":"","wpdc_pin_until":"","discourse_post_id":"","discourse_permalink":"","wpdc_publishing_response":"","wpdc_publishing_error":"","footnotes":""},"class_list":["post-7448","page","type-page","status-publish","hentry"],"yoast_head":"<!-- This site is optimized with the Yoast SEO plugin v25.3.1 - https:\/\/yoast.com\/wordpress\/plugins\/seo\/ -->\n<title>Aplikacja YouTube Weebly<\/title>\n<meta name=\"description\" content=\"Wtyczka Weebly YouTube osadza dowolny film z YouTube na Twojej stronie internetowej. Anga\u017cuj odwiedzaj\u0105cych i zwi\u0119ksz konwersj\u0119. Prosta i przejrzysta instalacja jest na pok\u0142adzie!\" \/>\n<meta name=\"robots\" content=\"index, follow, max-snippet:-1, max-image-preview:large, max-video-preview:-1\" \/>\n<link rel=\"canonical\" href=\"https:\/\/elfsight.com\/pl\/youtube-channel-plugin-yottie\/weebly\/\" \/>\n<meta property=\"og:locale\" content=\"pl_PL\" \/>\n<meta property=\"og:type\" content=\"article\" \/>\n<meta property=\"og:title\" content=\"Aplikacja YouTube Weebly\" \/>\n<meta property=\"og:description\" content=\"Wtyczka Weebly YouTube osadza dowolny film z YouTube na Twojej stronie internetowej. Anga\u017cuj odwiedzaj\u0105cych i zwi\u0119ksz konwersj\u0119. Prosta i przejrzysta instalacja jest na pok\u0142adzie!\" \/>\n<meta property=\"og:url\" content=\"https:\/\/elfsight.com\/pl\/youtube-channel-plugin-yottie\/weebly\/\" \/>\n<meta property=\"og:site_name\" content=\"Elfsight PL\" \/>\n<meta property=\"article:modified_time\" content=\"2024-11-14T12:51:37+00:00\" \/>\n<meta name=\"twitter:card\" content=\"summary_large_image\" \/>\n<meta name=\"twitter:label1\" content=\"Szacowany czas czytania\" \/>\n\t<meta name=\"twitter:data1\" content=\"2 minuty\" \/>\n<!-- \/ Yoast SEO plugin. -->","yoast_head_json":{"title":"Aplikacja YouTube Weebly","description":"Wtyczka Weebly YouTube osadza dowolny film z YouTube na Twojej stronie internetowej. Anga\u017cuj odwiedzaj\u0105cych i zwi\u0119ksz konwersj\u0119. Prosta i przejrzysta instalacja jest na pok\u0142adzie!","robots":{"index":"index","follow":"follow","max-snippet":"max-snippet:-1","max-image-preview":"max-image-preview:large","max-video-preview":"max-video-preview:-1"},"canonical":"https:\/\/elfsight.com\/pl\/youtube-channel-plugin-yottie\/weebly\/","og_locale":"pl_PL","og_type":"article","og_title":"Aplikacja YouTube Weebly","og_description":"Wtyczka Weebly YouTube osadza dowolny film z YouTube na Twojej stronie internetowej. Anga\u017cuj odwiedzaj\u0105cych i zwi\u0119ksz konwersj\u0119. Prosta i przejrzysta instalacja jest na pok\u0142adzie!","og_url":"https:\/\/elfsight.com\/pl\/youtube-channel-plugin-yottie\/weebly\/","og_site_name":"Elfsight PL","article_modified_time":"2024-11-14T12:51:37+00:00","twitter_card":"summary_large_image","twitter_misc":{"Szacowany czas czytania":"2 minuty"},"schema":{"@context":"https:\/\/schema.org","@graph":[{"@type":"WebPage","@id":"https:\/\/elfsight.com\/pl\/youtube-channel-plugin-yottie\/weebly\/","url":"https:\/\/elfsight.com\/pl\/youtube-channel-plugin-yottie\/weebly\/","name":"Aplikacja YouTube Weebly","isPartOf":{"@id":"https:\/\/elfsight.com\/pl\/#website"},"datePublished":"1970-01-01T00:00:00+00:00","dateModified":"2024-11-14T12:51:37+00:00","description":"Wtyczka Weebly YouTube osadza dowolny film z YouTube na Twojej stronie internetowej. Anga\u017cuj odwiedzaj\u0105cych i zwi\u0119ksz konwersj\u0119. Prosta i przejrzysta instalacja jest na pok\u0142adzie!","breadcrumb":{"@id":"https:\/\/elfsight.com\/pl\/youtube-channel-plugin-yottie\/weebly\/#breadcrumb"},"inLanguage":"pl-PL","potentialAction":[{"@type":"ReadAction","target":["https:\/\/elfsight.com\/pl\/youtube-channel-plugin-yottie\/weebly\/"]}]},{"@type":"BreadcrumbList","@id":"https:\/\/elfsight.com\/pl\/youtube-channel-plugin-yottie\/weebly\/#breadcrumb","itemListElement":[{"@type":"ListItem","position":1,"name":"Home","item":"https:\/\/elfsight.com\/pl\/"},{"@type":"ListItem","position":2,"name":"YouTube Gallery","item":"https:\/\/elfsight.com\/pl\/youtube-channel-plugin-yottie\/"},{"@type":"ListItem","position":3,"name":"YouTube Gallery &#8211; Weebly"}]},{"@type":"WebSite","@id":"https:\/\/elfsight.com\/pl\/#website","url":"https:\/\/elfsight.com\/pl\/","name":"Elfsight PL","description":"Just another Elfsight Sites site","potentialAction":[{"@type":"SearchAction","target":{"@type":"EntryPoint","urlTemplate":"https:\/\/elfsight.com\/pl\/?s={search_term_string}"},"query-input":{"@type":"PropertyValueSpecification","valueRequired":true,"valueName":"search_term_string"}}],"inLanguage":"pl-PL"}]}},"meta_box":{"industry":"","seo_heading":"","heading":"","description":"","cta_heading":"","cta_description":"","application":"785","h1":"Aplikacja Galeria YouTube dla Weebly","h1_caption":"Umie\u015b\u0107 galeri\u0119 film\u00f3w z YouTube, aby bez problemu umieszcza\u0107 w witrynie Weebly tre\u015bci takie jak samouczki, referencje lub prezentacje produkt\u00f3w.","application_category":[],"applications_title":"","applications_request_title":"","applications_request_button_text":"","hero_text":"","hero_video":"","hero_video_schema_markup":"","selling_points_title":"","selling_points_caption":"","selling_points":[],"selling_points_cta_text":"","features_title":"","features":"","ed_cta_examples_text":"","ed_cta_examples_hidden":"","ed_cta_demo_text":"","ed_cta_demo_hidden":"","why_caption":"","why_editor_title":"","why_editor_text":"","why_team_title":"","why_team_text":"","why_service_title":"","why_service_text":"","template_catalog_visible":"","template_catalog_title":"","template_catalog_text":"","template_catalog_categories_visible":"","demo_title":"Utw\u00f3rz aplikacj\u0119 Galeria YouTube","demo_caption":"Skonfiguruj swoj\u0105 galeri\u0119 YouTube i dodaj j\u0105 do swojej witryny Weebly za darmo!","default_faq_hidden":"","app_template_category":[],"platform":"132","template_public_id":"","codecanyon_url":"","codecanyon_item_id":"","codecanyon_price":"","pricing_caption":"","pricing_elfsight_apps_hide_column":"","pricing_elfsight_apps_url":"","pricing_codecanyon_price_caption":"","integration_category":[],"integration_request_title":"","integration_request_cta":"","integration_platform":"","integrations":[],"platform_category":[],"video_schema_markup":"","price":"od 0 USD \/ miesi\u0105c","trial":"","benefits":[{"text":"Bezp\u0142atna pomoc w instalacji"},{"text":"Skuteczna obs\u0142uga klienta"},{"text":"14-dniowa gwarancja zwrotu pieni\u0119dzy"}],"button_url":"#demo","button_target_blank":"","button_nofollow":"","attributes":[{"name":"Instaluje"},{"name":"Czu\u0142y"},{"name":"Kompatybilne przegl\u0105darki"}],"tags":[],"tags_disable_links":"","hide_more_platforms":"","video_object":"","demo_hide_cta":"","demo_hide_cloud_options":"","pricing_title":"","pricing":[{"pricing_icon":"cloud","pricing_title":"Elfsight Apps","pricing_title_caption":"Wersja niezale\u017cna od platformy, kt\u00f3ra pasuje do ka\u017cdej witryny","pricing_price":"od 0 USD \/ miesi\u0105c","pricing_price_caption":"zacznij od darmowego planu 7-dniowego","pricing_benefits":[{"text":"Nielimitowane strony internetowe"},{"text":"Profesjonalne wsparcie"},{"text":"Bezp\u0142atna us\u0142uga monta\u017cu"},{"text":"Specjalna cena za wiele aplikacji"}],"pricing_button_text":"Dodaj do witryny","pricing_button_url":"#demo"}],"related_apps_title":"","related_apps_hidden":"","author":"","image":[],"title":"","job":"","social_networks":[]},"_links":{"self":[{"href":"https:\/\/elfsight.com\/pl\/wp-json\/wp\/v2\/pages\/7448","targetHints":{"allow":["GET"]}}],"collection":[{"href":"https:\/\/elfsight.com\/pl\/wp-json\/wp\/v2\/pages"}],"about":[{"href":"https:\/\/elfsight.com\/pl\/wp-json\/wp\/v2\/types\/page"}],"author":[{"embeddable":true,"href":"https:\/\/elfsight.com\/pl\/wp-json\/wp\/v2\/users\/9"}],"replies":[{"embeddable":true,"href":"https:\/\/elfsight.com\/pl\/wp-json\/wp\/v2\/comments?post=7448"}],"version-history":[{"count":2,"href":"https:\/\/elfsight.com\/pl\/wp-json\/wp\/v2\/pages\/7448\/revisions"}],"predecessor-version":[{"id":8159,"href":"https:\/\/elfsight.com\/pl\/wp-json\/wp\/v2\/pages\/7448\/revisions\/8159"}],"up":[{"embeddable":true,"href":"https:\/\/elfsight.com\/pl\/wp-json\/wp\/v2\/pages\/792"}],"wp:attachment":[{"href":"https:\/\/elfsight.com\/pl\/wp-json\/wp\/v2\/media?parent=7448"}],"curies":[{"name":"wp","href":"https:\/\/api.w.org\/{rel}","templated":true}]}}