{"id":7447,"date":"2024-05-03T06:55:50","date_gmt":"2024-05-03T06:55:50","guid":{"rendered":"https:\/\/elfsight.com\/pl\/?page_id=7447"},"modified":"2026-01-30T11:07:44","modified_gmt":"2026-01-30T11:07:44","slug":"webflow","status":"publish","type":"page","link":"https:\/\/elfsight.com\/pl\/youtube-channel-plugin-yottie\/webflow\/","title":{"rendered":"YouTube Gallery &#8211; Webflow"},"content":{"rendered":"<div class=\"application-platform-content-item-description application-platform-content-item\" id=\"description\" data-nav-section=\"description\"><h2>Osad\u017a galeri\u0119 YouTube w Webflow za pomoc\u0105 wid\u017cetu Elfsight<\/h2><p>Zaawansowany widget dla YouTube, kt\u00f3ry umo\u017cliwia wy\u015bwietlanie dowolnych film\u00f3w na Twoim strona internetowa. Wybierz kana\u0142y lub pojedyncze filmy, aby utworzy\u0107 w\u0142asn\u0105 playlist\u0119 lub galeri\u0119 wideo bezpo\u015brednio na stronie swojej witryny. Nasz widget jest w pe\u0142ni dostosowuj\u0105cy si\u0119 do wszystkich urz\u0105dze\u0144 i przegl\u0105darek, oferuje ponad 100 regulowanych parametr\u00f3w, elastyczny uk\u0142ad i wi\u0119cej funkcji, kt\u00f3re pozwalaj\u0105 zintegrowa\u0107 go z dowoln\u0105 witryn\u0105 internetow\u0105.<\/p><p><b>Utw\u00f3rz unikaln\u0105 interaktywn\u0105 galeri\u0119 wideo, aby zwi\u0119kszy\u0107 liczb\u0119 u\u017cytkownik\u00f3w zaanga\u017cowanie<\/b>.<\/p><ul><li><b>Wi\u0119ksze zaanga\u017cowanie odwiedzaj\u0105cych witryn\u0119 dzi\u0119ki filmom z YouTube<\/b>.<br>Zabawaj odwiedzaj\u0105cych Twoj\u0105 witryn\u0119 ekscytuj\u0105cymi tre\u015bciami z YouTube i utrzymuj ich zaanga\u017cowanie d\u0142u\u017cej ni\u017c kiedykolwiek .<\/li><li><b>Wi\u0119cej potencjalnych klient\u00f3w dzi\u0119ki filmom promocyjnym, recenzjom, samouczkom i referencjom<\/b>.<br>Pokazuj filmy edukacyjne, recenzje i nie tylko, aby zapewni\u0107 odwiedzaj\u0105cym pe\u0142ne informacje o Twoich ofertach i przekona\u0107 ich kupi\u0107.<\/li><li><b>Nowi subskrybenci YouTube dzi\u0119ki p\u0142ynnemu udost\u0119pnianiu z witryny<\/b>.<br>Zamie\u0144 odwiedzaj\u0105cych witryn\u0119 w subskrybent\u00f3w kana\u0142u YouTube, zapewniaj\u0105c szybki i \u0142atwy spos\u00f3b subskrybowania bezpo\u015brednio z witryny .<\/li><\/ul><\/div><div class=\"application-platform-content-item-features application-platform-content-item\" id=\"features\" data-nav-section=\"features\"><h2>G\u0142\u00f3wne cechy wid\u017cetu Galeria YouTube<\/h2><p>Kluczowe zalety naszego wid\u017cetu, kt\u00f3re zamieniaj\u0105 go w jeden z najlepszych wid\u017cet\u00f3w do wy\u015bwietlania film\u00f3w z YouTube&#8217;a w Webflow.<\/p><ul><li>Ponad 50 predefiniowanych platform spo\u0142eczno\u015bciowych;<\/li><li>5 opcji rozmiaru ikon;<\/li><li>3 warianty pozycji; <\/li><li>5 typ\u00f3w animacji;<\/li><li>3 schematy kolor\u00f3w ikon, t\u0142a i efektu najechania;<\/li><li>5 rodzaj\u00f3w efektu najechania.<\/li><\/ul> <p><a href=\"#demo\">Wypr\u00f3buj wszystkie funkcje<\/a><\/p><\/div><div class=\"application-platform-content-item-installation application-platform-content-item\" id=\"installation\" data-nav-section=\"installation\"><h2>Jak osadzi\u0107 galeri\u0119 wideo YouTube w witrynie Webflow<\/h2><div class=\"video-container\"><iframe allowfullscreen=\"\" frameborder=\"0\" height=\"405\" src=\"https:\/\/www.youtube.com\/embed\/K04i-D_i09c?si=MRgAqGsCvl4Qnl-f\" width=\"720\"><\/iframe><\/div><p>Kr\u00f3tka instrukcja tworzenia i dostosowywania wid\u017cetu bez konieczno\u015bci posiadania specjalnych umiej\u0119tno\u015bci w zakresie tworzenia stron internetowych. Zajmie Ci to tylko 3 minuty.<\/p><ol><li><b>Wygeneruj w\u0142asn\u0105 galeri\u0119 YouTube<\/b>.<br>Dzi\u0119ki naszej bezp\u0142atnej wersji demonstracyjnej wid\u017cet z niezb\u0119dnym uk\u0142adem i opcjami.<\/li><li><b>Odbierz kod do integracji wid\u017cetu<\/b>.<br>Po dostrojeniu wid\u017cetu pobierz kod do wid\u017cetu YouTube z pojawiaj\u0105cego si\u0119 powiadomienia w aplikacjach Elfsight.<\/li><li><b>Umie\u015b\u0107 wid\u017cet wideo na swojej stronie internetowej<\/b>.<br>Poka\u017c wid\u017cet w wymaganym miejscu strony i zastosuj zmiany.<\/li><li><b>Instalacja zosta\u0142a w pe\u0142ni uko\u0144czona<\/b>.<br>Odwied\u017a swoj\u0105 witryn\u0119, aby zobaczy\u0107 sw\u00f3j wid\u017cet.<\/li><\/ol><p>Nie uda\u0142o Ci si\u0119 wprowadzi\u0107 \u017cadnego parametru dostosowywania? Nie wahaj si\u0119 skontaktowa\u0107 z naszym zespo\u0142em pomocy technicznej lub zapozna\u0107 si\u0119 z pe\u0142nym przewodnikiem \u00ab<a href=\"https:\/\/elfsight.com\/tutorials\/how-to-embed-youtube-video-widget-on-webflow\/\" target=\" _blank\" rel=\"noopener noreferrer\">Jak zainstalowa\u0107 wid\u017cet YouTube w Webflow<\/a>\u00bb.<\/p><div class=\"faq\" data-component=\"FAQ\"><div class=\"faq-item\">\r\n\t\t\t\t\t<div class=\"faq-item-question\">\r\n\t\t\t\t\t\t<h3 class=\"faq-item-question-text\">Jak mog\u0119 osadzi\u0107 wid\u017cet Galerii wideo YouTube w mojej witrynie Webflow bez umiej\u0119tno\u015bci kodowania ?<\/h3>\r\n\r\n\t\t\t\t\t\t<div class=\"faq-item-question-icon\"><\/div>\r\n\t\t\t\t\t<\/div>\r\n\r\n\t\t\t\t\t<div class=\"faq-item-answer\">\r\n\t\t\t\t\t\t<div class=\"faq-item-answer-text\"><p>Elfsight oferuje rozwi\u0105zanie oparte na chmurze, kt\u00f3re umo\u017cliwia u\u017cytkownikom samodzielne tworzenie wid\u017cetu Galerii wideo YouTube. Zobacz, jak prosty jest ten proces:<\/p><ul><li>Uzyskaj dost\u0119p do edytora online, aby wygenerowa\u0107 sekcj\u0119 wid\u017cetu Galerii wideo YouTube, kt\u00f3r\u0105 chcesz zintegrowa\u0107 ze swoj\u0105 witryn\u0105 Webflow.<\/li><li>Wybierz jeden z naszych wst\u0119pnie zaprojektowanych szablon\u00f3w i dostosuj ustawienia wid\u017cetu Galerii wideo YouTube, zmodyfikuj uk\u0142ad i schemat kolor\u00f3w, do\u0142\u0105cz sw\u00f3j tre\u015bci bez konieczno\u015bci kodowania.<\/li><li>Zapisz ustawienia skonfigurowane dla wid\u017cetu Galeria wideo YouTube i uzyskaj kod do osadzenia wid\u017cetu, kt\u00f3ry mo\u017cna \u0142atwo i bezp\u0142atnie doda\u0107 do swojej witryny Webflow.<\/li><\/ul><p>Pracuj\u0105c w przyjaznym dla u\u017cytkownika Edytorze, ka\u017cdy u\u017cytkownik Internetu mo\u017ce utworzy\u0107 sekcj\u0119 wid\u017cetu Galerii wideo YouTube i osadzi\u0107 j\u0105 na swojej stronie internetowej Webflow. Aby uzyska\u0107 dost\u0119p do Edytora Elfsight, nie jest wymagana \u017cadna p\u0142atno\u015b\u0107 ani ujawnianie danych karty. Je\u015bli na kt\u00f3rymkolwiek etapie napotkasz jakiekolwiek trudno\u015bci, skontaktuj si\u0119 z naszym dzia\u0142em obs\u0142ugi klienta.<\/p><\/div>\r\n\t\t\t\t\t<\/div>\r\n\t\t\t\t<\/div><\/div><\/div>\n","protected":false},"excerpt":{"rendered":"","protected":false},"author":9,"featured_media":0,"parent":792,"menu_order":0,"comment_status":"closed","ping_status":"closed","template":"templates\/template-application-platform.php","meta":{"publish_to_discourse":"","publish_post_category":"","wpdc_auto_publish_overridden":"","wpdc_topic_tags":"","wpdc_pin_topic":"","wpdc_pin_until":"","discourse_post_id":"","discourse_permalink":"","wpdc_publishing_response":"","wpdc_publishing_error":"","footnotes":""},"class_list":["post-7447","page","type-page","status-publish","hentry"],"yoast_head":"<!-- This site is optimized with the Yoast SEO plugin v25.3.1 - https:\/\/yoast.com\/wordpress\/plugins\/seo\/ -->\n<title>Galeria YouTube \u2014 umie\u015b\u0107 wid\u017cet wideo YouTube na stronie internetowej Webflow<\/title>\n<meta name=\"description\" content=\"Stw\u00f3rz swoj\u0105 niepowtarzaln\u0105 galeri\u0119 wideo YouTube na stronie Webflow w zaledwie dwie minuty! Wypr\u00f3buj darmowy edytor firmy Elfsight, aby stworzy\u0107 w\u0142asny wid\u017cet YouTube.\" \/>\n<meta name=\"robots\" content=\"index, follow, max-snippet:-1, max-image-preview:large, max-video-preview:-1\" \/>\n<link rel=\"canonical\" href=\"https:\/\/elfsight.com\/pl\/youtube-channel-plugin-yottie\/webflow\/\" \/>\n<meta property=\"og:locale\" content=\"pl_PL\" \/>\n<meta property=\"og:type\" content=\"article\" \/>\n<meta property=\"og:title\" content=\"Galeria YouTube \u2014 umie\u015b\u0107 wid\u017cet wideo YouTube na stronie internetowej Webflow\" \/>\n<meta property=\"og:description\" content=\"Stw\u00f3rz swoj\u0105 niepowtarzaln\u0105 galeri\u0119 wideo YouTube na stronie Webflow w zaledwie dwie minuty! Wypr\u00f3buj darmowy edytor firmy Elfsight, aby stworzy\u0107 w\u0142asny wid\u017cet YouTube.\" \/>\n<meta property=\"og:url\" content=\"https:\/\/elfsight.com\/pl\/youtube-channel-plugin-yottie\/webflow\/\" \/>\n<meta property=\"og:site_name\" content=\"Elfsight PL\" \/>\n<meta property=\"article:modified_time\" content=\"2026-01-30T11:07:44+00:00\" \/>\n<meta name=\"twitter:card\" content=\"summary_large_image\" \/>\n<meta name=\"twitter:label1\" content=\"Szacowany czas czytania\" \/>\n\t<meta name=\"twitter:data1\" content=\"3 minuty\" \/>\n<!-- \/ Yoast SEO plugin. -->","yoast_head_json":{"title":"Galeria YouTube \u2014 umie\u015b\u0107 wid\u017cet wideo YouTube na stronie internetowej Webflow","description":"Stw\u00f3rz swoj\u0105 niepowtarzaln\u0105 galeri\u0119 wideo YouTube na stronie Webflow w zaledwie dwie minuty! Wypr\u00f3buj darmowy edytor firmy Elfsight, aby stworzy\u0107 w\u0142asny wid\u017cet YouTube.","robots":{"index":"index","follow":"follow","max-snippet":"max-snippet:-1","max-image-preview":"max-image-preview:large","max-video-preview":"max-video-preview:-1"},"canonical":"https:\/\/elfsight.com\/pl\/youtube-channel-plugin-yottie\/webflow\/","og_locale":"pl_PL","og_type":"article","og_title":"Galeria YouTube \u2014 umie\u015b\u0107 wid\u017cet wideo YouTube na stronie internetowej Webflow","og_description":"Stw\u00f3rz swoj\u0105 niepowtarzaln\u0105 galeri\u0119 wideo YouTube na stronie Webflow w zaledwie dwie minuty! Wypr\u00f3buj darmowy edytor firmy Elfsight, aby stworzy\u0107 w\u0142asny wid\u017cet YouTube.","og_url":"https:\/\/elfsight.com\/pl\/youtube-channel-plugin-yottie\/webflow\/","og_site_name":"Elfsight PL","article_modified_time":"2026-01-30T11:07:44+00:00","twitter_card":"summary_large_image","twitter_misc":{"Szacowany czas czytania":"3 minuty"},"schema":{"@context":"https:\/\/schema.org","@graph":[{"@type":"WebPage","@id":"https:\/\/elfsight.com\/pl\/youtube-channel-plugin-yottie\/webflow\/","url":"https:\/\/elfsight.com\/pl\/youtube-channel-plugin-yottie\/webflow\/","name":"Galeria YouTube \u2014 umie\u015b\u0107 wid\u017cet wideo YouTube na stronie internetowej Webflow","isPartOf":{"@id":"https:\/\/elfsight.com\/pl\/#website"},"datePublished":"2024-05-03T06:55:50+00:00","dateModified":"2026-01-30T11:07:44+00:00","description":"Stw\u00f3rz swoj\u0105 niepowtarzaln\u0105 galeri\u0119 wideo YouTube na stronie Webflow w zaledwie dwie minuty! Wypr\u00f3buj darmowy edytor firmy Elfsight, aby stworzy\u0107 w\u0142asny wid\u017cet YouTube.","breadcrumb":{"@id":"https:\/\/elfsight.com\/pl\/youtube-channel-plugin-yottie\/webflow\/#breadcrumb"},"inLanguage":"pl-PL","potentialAction":[{"@type":"ReadAction","target":["https:\/\/elfsight.com\/pl\/youtube-channel-plugin-yottie\/webflow\/"]}]},{"@type":"BreadcrumbList","@id":"https:\/\/elfsight.com\/pl\/youtube-channel-plugin-yottie\/webflow\/#breadcrumb","itemListElement":[{"@type":"ListItem","position":1,"name":"Home","item":"https:\/\/elfsight.com\/pl\/"},{"@type":"ListItem","position":2,"name":"YouTube Gallery","item":"https:\/\/elfsight.com\/pl\/youtube-channel-plugin-yottie\/"},{"@type":"ListItem","position":3,"name":"YouTube Gallery &#8211; Webflow"}]},{"@type":"WebSite","@id":"https:\/\/elfsight.com\/pl\/#website","url":"https:\/\/elfsight.com\/pl\/","name":"Elfsight PL","description":"Just another Elfsight Sites site","potentialAction":[{"@type":"SearchAction","target":{"@type":"EntryPoint","urlTemplate":"https:\/\/elfsight.com\/pl\/?s={search_term_string}"},"query-input":{"@type":"PropertyValueSpecification","valueRequired":true,"valueName":"search_term_string"}}],"inLanguage":"pl-PL"}]}},"meta_box":{"industry":"","seo_heading":"","heading":"","description":"","cta_heading":"","cta_description":"","application":"785","h1":"Widget Galerii wideo YouTube dla Webflow","h1_caption":"Osad\u017a galeri\u0119 film\u00f3w z YouTube, aby bez problemu umieszcza\u0107 w witrynie Webflow tre\u015bci takie jak samouczki, referencje lub prezentacje produkt\u00f3w.","application_category":[],"applications_title":"","applications_request_title":"","applications_request_button_text":"","hero_text":"","hero_video":"","hero_video_schema_markup":"","selling_points_title":"","selling_points_caption":"","selling_points":[],"selling_points_cta_text":"","features_title":"","features":"","ed_cta_examples_text":"","ed_cta_examples_hidden":"","ed_cta_demo_text":"","ed_cta_demo_hidden":"","why_caption":"","why_editor_title":"","why_editor_text":"","why_team_title":"","why_team_text":"","why_service_title":"","why_service_text":"","template_catalog_visible":"0","template_catalog_title":"","template_catalog_text":"","template_catalog_categories_visible":"","demo_title":"Utw\u00f3rz wid\u017cet Galerii YouTube","demo_caption":"Skonfiguruj swoj\u0105 galeri\u0119 YouTube i dodaj j\u0105 do swojej witryny Webflow za darmo!","default_faq_hidden":"","app_template_category":[],"platform":"127","template_public_id":"","codecanyon_url":"","codecanyon_item_id":"","codecanyon_price":"","pricing_caption":"","pricing_elfsight_apps_hide_column":"","pricing_elfsight_apps_url":"","pricing_codecanyon_price_caption":"","integration_category":[],"integration_request_title":"","integration_request_cta":"","integration_platform":"","integrations":[],"platform_category":[],"video_schema_markup":"","price":"od 0 USD \/ miesi\u0105c","trial":"","benefits":[{"text":"Bezp\u0142atna pomoc w monta\u017cu"},{"text":"Skuteczna obs\u0142uga klienta"},{"text":"14-dniowa gwarancja zwrotu pieni\u0119dzy"},{"text":"Do\u017cywotnie bezp\u0142atne ulepszenia"}],"button_url":"#demo","button_target_blank":"0","button_nofollow":"0","attributes":[{"name":"Instaluje","content":"100,000 - 500,000"},{"name":"Czu\u0142y","content":"Tak"},{"name":"Kompatybilne przegl\u0105darki","content":"Firefox, Safari, Opera, Chrome, Edge"}],"tags":[],"tags_disable_links":"0","hide_more_platforms":"0","video_object":"","demo_hide_cta":"0","demo_hide_cloud_options":"0","pricing_title":"","pricing":[{"pricing_icon":"platform","pricing_title":"Webflow widget","pricing_title_caption":"Oprogramowanie wieloplatformowe, kt\u00f3re dzia\u0142a na dowolnej stronie internetowej","pricing_price":"od 0 USD \/ miesi\u0105c","pricing_price_caption":"zacznij od bezp\u0142atnego planu","pricing_benefits":[{"text":"Nieograniczona liczba stron internetowych"},{"text":"Bezp\u0142atne wsparcie premium"},{"text":"Bezp\u0142atna us\u0142uga monta\u017cu"},{"text":"Oferta specjalna na wiele aplikacji"}],"pricing_button_text":"Dodaj do witryny","pricing_button_url":"#demo"}],"related_apps_title":"","related_apps_hidden":"0","author":"","image":[],"title":"","job":"","social_networks":[]},"_links":{"self":[{"href":"https:\/\/elfsight.com\/pl\/wp-json\/wp\/v2\/pages\/7447","targetHints":{"allow":["GET"]}}],"collection":[{"href":"https:\/\/elfsight.com\/pl\/wp-json\/wp\/v2\/pages"}],"about":[{"href":"https:\/\/elfsight.com\/pl\/wp-json\/wp\/v2\/types\/page"}],"author":[{"embeddable":true,"href":"https:\/\/elfsight.com\/pl\/wp-json\/wp\/v2\/users\/9"}],"replies":[{"embeddable":true,"href":"https:\/\/elfsight.com\/pl\/wp-json\/wp\/v2\/comments?post=7447"}],"version-history":[{"count":4,"href":"https:\/\/elfsight.com\/pl\/wp-json\/wp\/v2\/pages\/7447\/revisions"}],"predecessor-version":[{"id":10863,"href":"https:\/\/elfsight.com\/pl\/wp-json\/wp\/v2\/pages\/7447\/revisions\/10863"}],"up":[{"embeddable":true,"href":"https:\/\/elfsight.com\/pl\/wp-json\/wp\/v2\/pages\/792"}],"wp:attachment":[{"href":"https:\/\/elfsight.com\/pl\/wp-json\/wp\/v2\/media?parent=7447"}],"curies":[{"name":"wp","href":"https:\/\/api.w.org\/{rel}","templated":true}]}}