{"id":7445,"date":"1970-01-01T00:00:00","date_gmt":"1970-01-01T00:00:00","guid":{"rendered":"https:\/\/elfsight.com\/pl\/?page_id=7445"},"modified":"2024-11-14T12:46:22","modified_gmt":"2024-11-14T12:46:22","slug":"bigcommerce","status":"publish","type":"page","link":"https:\/\/elfsight.com\/pl\/youtube-channel-plugin-yottie\/bigcommerce\/","title":{"rendered":"YouTube Gallery &#8211; BigCommerce"},"content":{"rendered":"<div class=\"application-platform-content-item-description application-platform-content-item\" id=\"description\" data-nav-section=\"description\"><h2>Opis<\/h2><p>Uniwersalna aplikacja na YouTube, kt\u00f3ra pozwala na wy\u015bwietlanie dowolnego rodzaju film\u00f3w na Twojej stronie internetowej. Wybierz najlepsze kana\u0142y i pojedyncze klipy wideo, aby stworzy\u0107 niezr\u00f3wnan\u0105 playlist\u0119 i pokaza\u0107 j\u0105 bezpo\u015brednio na stronie internetowej, korzystaj\u0105c z najbardziej odpowiedniego uk\u0142adu (galeria wideo, portfolio, kana\u0142, pojedynczy film). Nasz widget jest ostatecznie responsywny dla wszystkich urz\u0105dze\u0144 i platform, zawiera ponad 100 opcji, adaptacyjny uk\u0142ad i wiele innych zalet, kt\u00f3re pozwalaj\u0105 na instalacj\u0119 go na wszystkich stronach internetowych.<\/p><p><b>Zbuduj spersonalizowan\u0105, wydajn\u0105 galeri\u0119 wideo dla maksymalnej uwagi odbiorc\u00f3w<\/b><\/p><ul><li><b>Wzmocnij wi\u0119\u017a z klientami za pomoc\u0105 film\u00f3w z YouTube w swojej witrynie<\/b>.<br>Zabaw u\u017cytkownik\u00f3w swojej witryny wysokimi warto\u015bciami -jako\u015bciowe tre\u015bci z YouTube i utrzymaj ich zaanga\u017cowanie na d\u0142u\u017cej.<\/li><li><b>Uzyskaj maksymaln\u0105 liczb\u0119 zakup\u00f3w w witrynie, korzystaj\u0105c z odpowiednich tre\u015bci YouTube<\/b>.<br>Korzystaj z film\u00f3w promocyjnych, recenzji, przegl\u0105d\u00f3w, przewodnik\u00f3w i inne typy film\u00f3w, aby zapewni\u0107 odwiedzaj\u0105cym kompleksowe informacje o Twoich produktach i nak\u0142oni\u0107 ich do sfinalizowania transakcji.<\/li><li><b>Maksymalna liczba subskrybent\u00f3w Twojego konta YouTube<\/b>.<br>Konwertuj u\u017cytkownik\u00f3w witryny na Twoje fan\u00f3w na YouTube. Zaprezentuj szybk\u0105 i prost\u0105 metod\u0119 sprawdzania film\u00f3w i \u015bledzenia kana\u0142u bezpo\u015brednio z witryny.<\/li><\/ul><\/div><div class=\"application-platform-content-item-features application-platform-content-item\" id=\"features\" data-nav-section=\"features\"><h2>Funkcje<\/h2><p>Funkcje cechy tego widgetu, kt\u00f3re sprawiaj\u0105, \u017ce najlepiej nadaje si\u0119 do wstawiania film\u00f3w z YouTube na stronie BigCommerce.<\/p><ul><li>Dodawaj \u017ar\u00f3d\u0142a wed\u0142ug adresu URL;<\/li><li>Edytowany opis kana\u0142u;<\/li><li>3 uk\u0142ady film\u00f3w: klasyczny, poziomy, kinowy;<\/li><li>8 prze\u0142\u0105czalnych element\u00f3w wideo: tytu\u0142, czas trwania, opis, liczba i wi\u0119cej;<\/li><li>Opcja wstrzymania automatycznego odtwarzania po najechaniu myszk\u0105; <\/li><li>24 wyskakuj\u0105ce elementy do malowania;<\/li><li>Regulowany czas pami\u0119ci podr\u0119cznej.<\/li><\/ul><p><a href=\"#demo\">Przeczytaj pe\u0142n\u0105 list\u0119 zalet w edytorze<\/a><\/p><\/div><div class=\"application-platform-content-item-installation application-platform-content-item\" id=\"installation\" data-nav-section=\"installation\"><h2>Jak osadzi\u0107 galeri\u0119 YouTube na stronie BigCommerce<\/h2><div class=\"video-container\"><iframe width=\"720\" height=\"405\" src=\"https:\/\/www.youtube.com\/embed\/y3BOALj8YXI\" frameborder=\"0\" allowfullscreen=\"\"><\/iframe><\/div><p>Po prostu obserwuj post\u0119puj zgodnie z poni\u017cszymi instrukcjami, aby aktywowa\u0107 aplikacj\u0119 w BigCommerce.<\/p> <ol><li><b>Wykonaj nasz darmowy konfigurator i rozpocznij tworzenie w\u0142asnego widgetu. <\/b><br> Wybierz odpowiedni wygl\u0105d i cechy funkcjonalne wid\u017cetu i zapisz poprawki. <\/li> <li><b>Skopiuj sw\u00f3j unikalny kod, kt\u00f3ry pojawi si\u0119 w polu aplikacji Elfsight. <\/b><br> Zaraz po zako\u0144czeniu konfiguracji Twojej osobistej Galerii YouTube skopiuj ekskluzywny kod z wy\u015bwietlonego okna i zapisz go do dalszego wykorzystania. <\/li> <li><b>Rozpocznij korzystanie z aplikacji na stronie BigCommerce. <\/b><br> Umie\u015b\u0107 zapisany wcze\u015bniej kod na swojej stronie internetowej i zapisz ulepszenia. <\/li> <li><b>Gotowe! Konfiguracja zosta\u0142a pomy\u015blnie zako\u0144czona. <\/b><br> Przejd\u017a do swojej witryny, aby sprawdzi\u0107 dzia\u0142anie wid\u017cetu. <\/li><\/ol><p>Wyst\u0105pi\u0142y jakie\u015b problemy podczas konfigurowania lub personalizowania Galerii YouTube? Skontaktuj si\u0119 z centrum pomocy Elfsight i szczeg\u00f3\u0142owo opisz sw\u00f3j problem. Do\u0142o\u017cymy wszelkich stara\u0144, aby rozwi\u0105za\u0107 ten problem.<\/p><\/div><div class=\"faq\" data-component=\"FAQ\"><div class=\"faq-item\">\r\n\t\t\t\t\t<div class=\"faq-item-question\">\r\n\t\t\t\t\t\t<h3 class=\"faq-item-question-text\">Jak mog\u0119 doda\u0107 galeri\u0119 YouTube do mojej witryny BigCommerce? <\/h3>\r\n\r\n\t\t\t\t\t\t<div class=\"faq-item-question-icon\"><\/div>\r\n\t\t\t\t\t<\/div>\r\n\r\n\t\t\t\t\t<div class=\"faq-item-answer\">\r\n\t\t\t\t\t\t<div class=\"faq-item-answer-text\"><p>Budowa narz\u0119dzia odbywa si\u0119 w ramach us\u0142ugi Elfsight i nie musisz uczy\u0107 si\u0119 kodowania. Przejd\u017a do naszej wersji demonstracyjnej na \u017cywo, aby dostosowa\u0107 w\u0142asn\u0105 aplikacj\u0119, uzyska\u0107 kod i zaimplementowa\u0107 go na swojej stronie. <\/p><\/div>\r\n\t\t\t\t\t<\/div>\r\n\t\t\t\t<\/div><div class=\"faq-item\">\r\n\t\t\t\t\t<div class=\"faq-item-question\">\r\n\t\t\t\t\t\t<h3 class=\"faq-item-question-text\">Najlepsze przyk\u0142ady wykorzystania integracji Galerii wideo YouTube<\/h3>\r\n\r\n\t\t\t\t\t\t<div class=\"faq-item-question-icon\"><\/div>\r\n\t\t\t\t\t<\/div>\r\n\r\n\t\t\t\t\t<div class=\"faq-item-answer\">\r\n\t\t\t\t\t\t<div class=\"faq-item-answer-text\"><p>Zapewniamy mn\u00f3stwo mo\u017cliwo\u015bci dostosowywania: pe\u0142nowymiarowe wid\u017cety do osadzania w strefie tre\u015bci , p\u0142ywaj\u0105ce wtyczki umo\u017cliwiaj\u0105ce przewijanie, miniatury stopki witryny, sekcji nag\u0142\u00f3wka i wszelkiego rodzaju opcje pionowe pask\u00f3w bocznych i menu witryny. <\/p><\/div>\r\n\t\t\t\t\t<\/div>\r\n\t\t\t\t<\/div><div class=\"faq-item\">\r\n\t\t\t\t\t<div class=\"faq-item-question\">\r\n\t\t\t\t\t\t<h3 class=\"faq-item-question-text\">Czy istnieje mo\u017cliwo\u015b\u0107 utworzenia galerii YouTube w formie siatki lub pojedynczego wideo za pomoc\u0105 edytora? <\/h3>\r\n\r\n\t\t\t\t\t\t<div class=\"faq-item-question-icon\"><\/div>\r\n\t\t\t\t\t<\/div>\r\n\r\n\t\t\t\t\t<div class=\"faq-item-answer\">\r\n\t\t\t\t\t\t<div class=\"faq-item-answer-text\"><p>Mo\u017cesz tworzy\u0107 dowolne odmiany wid\u017cetu . W edytorze dost\u0119pnych jest wiele uk\u0142ad\u00f3w, a ka\u017cdy z nich mo\u017cna szybko dostosowa\u0107 do w\u0142asnych potrzeb. <\/p><\/div>\r\n\t\t\t\t\t<\/div>\r\n\t\t\t\t<\/div><\/div>","protected":false},"excerpt":{"rendered":"","protected":false},"author":9,"featured_media":0,"parent":792,"menu_order":0,"comment_status":"closed","ping_status":"closed","template":"templates\/template-application-platform.php","meta":{"publish_to_discourse":"","publish_post_category":"","wpdc_auto_publish_overridden":"","wpdc_topic_tags":"","wpdc_pin_topic":"","wpdc_pin_until":"","discourse_post_id":"","discourse_permalink":"","wpdc_publishing_response":"","wpdc_publishing_error":"","footnotes":""},"class_list":["post-7445","page","type-page","status-publish","hentry"],"yoast_head":"<!-- This site is optimized with the Yoast SEO plugin v25.3.1 - https:\/\/yoast.com\/wordpress\/plugins\/seo\/ -->\n<title>Dodaj galeri\u0119 wideo YouTube BigCommerce do swojej witryny<\/title>\n<meta name=\"description\" content=\"Stw\u00f3rz dostosowan\u0105 galeri\u0119 wideo YouTube dla swojej witryny BigCommerce w ci\u0105gu 1 minuty! Wypr\u00f3buj darmowy panel Elfsight, aby zbudowa\u0107 w\u0142asny widget YouTube.\" \/>\n<meta name=\"robots\" content=\"index, follow, max-snippet:-1, max-image-preview:large, max-video-preview:-1\" \/>\n<link rel=\"canonical\" href=\"https:\/\/elfsight.com\/pl\/youtube-channel-plugin-yottie\/bigcommerce\/\" \/>\n<meta property=\"og:locale\" content=\"pl_PL\" \/>\n<meta property=\"og:type\" content=\"article\" \/>\n<meta property=\"og:title\" content=\"Dodaj galeri\u0119 wideo YouTube BigCommerce do swojej witryny\" \/>\n<meta property=\"og:description\" content=\"Stw\u00f3rz dostosowan\u0105 galeri\u0119 wideo YouTube dla swojej witryny BigCommerce w ci\u0105gu 1 minuty! Wypr\u00f3buj darmowy panel Elfsight, aby zbudowa\u0107 w\u0142asny widget YouTube.\" \/>\n<meta property=\"og:url\" content=\"https:\/\/elfsight.com\/pl\/youtube-channel-plugin-yottie\/bigcommerce\/\" \/>\n<meta property=\"og:site_name\" content=\"Elfsight PL\" \/>\n<meta property=\"article:modified_time\" content=\"2024-11-14T12:46:22+00:00\" \/>\n<meta name=\"twitter:card\" content=\"summary_large_image\" \/>\n<meta name=\"twitter:label1\" content=\"Szacowany czas czytania\" \/>\n\t<meta name=\"twitter:data1\" content=\"3 minuty\" \/>\n<!-- \/ Yoast SEO plugin. -->","yoast_head_json":{"title":"Dodaj galeri\u0119 wideo YouTube BigCommerce do swojej witryny","description":"Stw\u00f3rz dostosowan\u0105 galeri\u0119 wideo YouTube dla swojej witryny BigCommerce w ci\u0105gu 1 minuty! Wypr\u00f3buj darmowy panel Elfsight, aby zbudowa\u0107 w\u0142asny widget YouTube.","robots":{"index":"index","follow":"follow","max-snippet":"max-snippet:-1","max-image-preview":"max-image-preview:large","max-video-preview":"max-video-preview:-1"},"canonical":"https:\/\/elfsight.com\/pl\/youtube-channel-plugin-yottie\/bigcommerce\/","og_locale":"pl_PL","og_type":"article","og_title":"Dodaj galeri\u0119 wideo YouTube BigCommerce do swojej witryny","og_description":"Stw\u00f3rz dostosowan\u0105 galeri\u0119 wideo YouTube dla swojej witryny BigCommerce w ci\u0105gu 1 minuty! Wypr\u00f3buj darmowy panel Elfsight, aby zbudowa\u0107 w\u0142asny widget YouTube.","og_url":"https:\/\/elfsight.com\/pl\/youtube-channel-plugin-yottie\/bigcommerce\/","og_site_name":"Elfsight PL","article_modified_time":"2024-11-14T12:46:22+00:00","twitter_card":"summary_large_image","twitter_misc":{"Szacowany czas czytania":"3 minuty"},"schema":{"@context":"https:\/\/schema.org","@graph":[{"@type":"WebPage","@id":"https:\/\/elfsight.com\/pl\/youtube-channel-plugin-yottie\/bigcommerce\/","url":"https:\/\/elfsight.com\/pl\/youtube-channel-plugin-yottie\/bigcommerce\/","name":"Dodaj galeri\u0119 wideo YouTube BigCommerce do swojej witryny","isPartOf":{"@id":"https:\/\/elfsight.com\/pl\/#website"},"datePublished":"1970-01-01T00:00:00+00:00","dateModified":"2024-11-14T12:46:22+00:00","description":"Stw\u00f3rz dostosowan\u0105 galeri\u0119 wideo YouTube dla swojej witryny BigCommerce w ci\u0105gu 1 minuty! Wypr\u00f3buj darmowy panel Elfsight, aby zbudowa\u0107 w\u0142asny widget YouTube.","breadcrumb":{"@id":"https:\/\/elfsight.com\/pl\/youtube-channel-plugin-yottie\/bigcommerce\/#breadcrumb"},"inLanguage":"pl-PL","potentialAction":[{"@type":"ReadAction","target":["https:\/\/elfsight.com\/pl\/youtube-channel-plugin-yottie\/bigcommerce\/"]}]},{"@type":"BreadcrumbList","@id":"https:\/\/elfsight.com\/pl\/youtube-channel-plugin-yottie\/bigcommerce\/#breadcrumb","itemListElement":[{"@type":"ListItem","position":1,"name":"Home","item":"https:\/\/elfsight.com\/pl\/"},{"@type":"ListItem","position":2,"name":"YouTube Gallery","item":"https:\/\/elfsight.com\/pl\/youtube-channel-plugin-yottie\/"},{"@type":"ListItem","position":3,"name":"YouTube Gallery &#8211; BigCommerce"}]},{"@type":"WebSite","@id":"https:\/\/elfsight.com\/pl\/#website","url":"https:\/\/elfsight.com\/pl\/","name":"Elfsight PL","description":"Just another Elfsight Sites site","potentialAction":[{"@type":"SearchAction","target":{"@type":"EntryPoint","urlTemplate":"https:\/\/elfsight.com\/pl\/?s={search_term_string}"},"query-input":{"@type":"PropertyValueSpecification","valueRequired":true,"valueName":"search_term_string"}}],"inLanguage":"pl-PL"}]}},"meta_box":{"industry":"","seo_heading":"","heading":"","description":"","cta_heading":"","cta_description":"","application":"785","h1":"Galeria wideo YouTube dla BigCommerce","h1_caption":"Osad\u017a galeri\u0119 film\u00f3w z YouTube, aby bez wysi\u0142ku umieszcza\u0107 tre\u015bci takie jak samouczki, referencje lub prezentacje produkt\u00f3w w swojej witrynie w witrynie BigCommerce.","application_category":[],"applications_title":"","applications_request_title":"","applications_request_button_text":"","hero_text":"","hero_video":"","hero_video_schema_markup":"","selling_points_title":"","selling_points_caption":"","selling_points":[],"selling_points_cta_text":"","features_title":"","features":"","ed_cta_examples_text":"","ed_cta_examples_hidden":"","ed_cta_demo_text":"","ed_cta_demo_hidden":"","why_caption":"","why_editor_title":"","why_editor_text":"","why_team_title":"","why_team_text":"","why_service_title":"","why_service_text":"","template_catalog_visible":"","template_catalog_title":"","template_catalog_text":"","template_catalog_categories_visible":"","demo_title":"Utw\u00f3rz aplikacj\u0119 Galeria YouTube","demo_caption":"Skonfiguruj swoj\u0105 galeri\u0119 YouTube i dodaj j\u0105 do swojej witryny BigCommerce za darmo!","default_faq_hidden":"","app_template_category":[],"platform":"41","template_public_id":"","codecanyon_url":"","codecanyon_item_id":"","codecanyon_price":"","pricing_caption":"","pricing_elfsight_apps_hide_column":"","pricing_elfsight_apps_url":"","pricing_codecanyon_price_caption":"","integration_category":[],"integration_request_title":"","integration_request_cta":"","integration_platform":"","integrations":[],"platform_category":[],"video_schema_markup":"","price":"od 0 USD \/ miesi\u0105c","trial":"","benefits":[{"text":"Bezp\u0142atna pomoc w monta\u017cu"},{"text":"Profesjonalna obs\u0142uga klienta"},{"text":"14-dniowa gwarancja zwrotu pieni\u0119dzy"}],"button_url":"#demo","button_target_blank":"","button_nofollow":"","attributes":[{"name":"Instaluje"},{"name":"Czu\u0142y"},{"name":"Kompatybilne przegl\u0105darki"}],"tags":[],"tags_disable_links":"","hide_more_platforms":"","video_object":"","demo_hide_cta":"","demo_hide_cloud_options":"","pricing_title":"","pricing":[{"pricing_icon":"cloud","pricing_title":"Elfsight Apps","pricing_title_caption":"Niezale\u017cne od platformy rozwi\u0105zanie cyfrowe, kt\u00f3re pasuje do ka\u017cdej witryny internetowej","pricing_price":"od 0 USD \/ miesi\u0105c","pricing_price_caption":"zacznij od bezp\u0142atnego planu","pricing_benefits":[{"text":"Nielimitowane strony internetowe"},{"text":"Profesjonalna obs\u0142uga klienta i dobrze udokumentowana"},{"text":"Bezp\u0142atna pomoc w instalacji"},{"text":"W pe\u0142ni konfigurowalny"}],"pricing_button_text":"Dodaj do witryny","pricing_button_url":"#demo"}],"related_apps_title":"","related_apps_hidden":"","author":"","image":[],"title":"","job":"","social_networks":[]},"_links":{"self":[{"href":"https:\/\/elfsight.com\/pl\/wp-json\/wp\/v2\/pages\/7445","targetHints":{"allow":["GET"]}}],"collection":[{"href":"https:\/\/elfsight.com\/pl\/wp-json\/wp\/v2\/pages"}],"about":[{"href":"https:\/\/elfsight.com\/pl\/wp-json\/wp\/v2\/types\/page"}],"author":[{"embeddable":true,"href":"https:\/\/elfsight.com\/pl\/wp-json\/wp\/v2\/users\/9"}],"replies":[{"embeddable":true,"href":"https:\/\/elfsight.com\/pl\/wp-json\/wp\/v2\/comments?post=7445"}],"version-history":[{"count":2,"href":"https:\/\/elfsight.com\/pl\/wp-json\/wp\/v2\/pages\/7445\/revisions"}],"predecessor-version":[{"id":8157,"href":"https:\/\/elfsight.com\/pl\/wp-json\/wp\/v2\/pages\/7445\/revisions\/8157"}],"up":[{"embeddable":true,"href":"https:\/\/elfsight.com\/pl\/wp-json\/wp\/v2\/pages\/792"}],"wp:attachment":[{"href":"https:\/\/elfsight.com\/pl\/wp-json\/wp\/v2\/media?parent=7445"}],"curies":[{"name":"wp","href":"https:\/\/api.w.org\/{rel}","templated":true}]}}