{"id":7440,"date":"1970-01-01T00:00:00","date_gmt":"1970-01-01T00:00:00","guid":{"rendered":"https:\/\/elfsight.com\/pl\/?page_id=7440"},"modified":"2024-11-14T12:46:22","modified_gmt":"2024-11-14T12:46:22","slug":"blogger","status":"publish","type":"page","link":"https:\/\/elfsight.com\/pl\/youtube-channel-plugin-yottie\/blogger\/","title":{"rendered":"YouTube Gallery &#8211; Blogger"},"content":{"rendered":"<div class=\"application-platform-content-item-description application-platform-content-item\" id=\"description\" data-nav-section=\"description\"><h2>Opis<\/h2><p>Zaawansowany widget dla YouTube, kt\u00f3ry pomaga wstawia\u0107 r\u00f3\u017cne filmy na stronie. Wybierz \u017c\u0105dane kana\u0142y i pojedyncze klipy wideo, aby ustawi\u0107 w\u0142asn\u0105 playlist\u0119 i osadzi\u0107 j\u0105 bezpo\u015brednio na stronie, korzystaj\u0105c z najbardziej odpowiedniego uk\u0142adu (galeria wideo, portfolio, kana\u0142, pojedynczy film). Wid\u017cet Elfsight jest w pe\u0142ni kompatybilny ze wszystkimi formatami i systemami, oferuje oko\u0142o 100 parametr\u00f3w ustawie\u0144, konfigurowalny uk\u0142ad i inne funkcje, kt\u00f3re umo\u017cliwiaj\u0105 osadzenie go na dowolnej stronie internetowej.<\/p><p><b>Zaprojektuj niezr\u00f3wnan\u0105 interaktywn\u0105 galeri\u0119 wideo w celu zwi\u0119kszenia zainteresowania odwiedzaj\u0105cych Twoj\u0105 witryn\u0119.<\/b><\/p><ul><li><b>Zwi\u0119ksz wsp\u00f3\u0142prac\u0119 z u\u017cytkownikami Twojej witryny za po\u015brednictwem film\u00f3w na YouTube<\/b>.<br>Przyci\u0105gaj klient\u00f3w swojej witryny ekscytuj\u0105cymi filmami z YouTube i zainteresuj ich bardziej ni\u017c kiedykolwiek.<\/li><li><b>Zdob\u0105d\u017a wi\u0119cej klient\u00f3w dzi\u0119ki wy\u015bwietlaniu odpowiednich tre\u015bci wideo<\/b>.<br>Pokazuj analityczne filmy wideo, instrukcje, recenzje i nie tylko, aby zapewni\u0107 swoim klientom przekazuj cenne informacje o swoich produktach i przekonaj ich do zakupu.<\/li><li><b>Wi\u0119cej obserwuj\u0105cych Tw\u00f3j profil YouTube<\/b>.<br>Zamie\u0144 odbiorc\u00f3w witryny w swoich subskrybent\u00f3w w YouTube. Zintegruj nasze szybkie i \u0142atwe narz\u0119dzie i umo\u017cliwij u\u017cytkownikom witryny odtwarzanie film\u00f3w z Twojego kana\u0142u i subskrybowanie go bezpo\u015brednio z witryny.<\/li><\/ul><\/div><div class=\"application-platform-content-item-features application-platform-content-item\" id=\"features\" data-nav-section=\"features\"><h2>Funkcje<\/h2><p>Najmocniejsze strony wid\u017cetu Elfsight, kt\u00f3re czyni\u0105 go najlepszym narz\u0119dziem do integracji film\u00f3w z YouTube&#8217;a na stronie Bloggera.<\/p><ul><li>Tw\u00f3rz grupy \u017ar\u00f3d\u0142owe;<\/li><li> Edytowalna nazwa kana\u0142u;<\/li><li>Wybierz parametry optymalizacji mobilnej;<\/li><li>13 element\u00f3w wyskakuj\u0105cego okienka, kt\u00f3re mo\u017cna w\u0142\u0105cza\u0107\/wy\u0142\u0105cza\u0107;<\/li><li>Ustaw pr\u0119dko\u015b\u0107 slajdu;<\/li> <li>7 element\u00f3w suwaka do pomalowania;<\/li><li>Tryb zwi\u0119kszonej prywatno\u015bci.<\/li><\/ul><p><a href=\"#demo\">Sprawd\u017a ca\u0142\u0105 list\u0119 cech w panelu<\/a><\/p><\/div><div class=\"application-platform-content-item-installation application-platform-content-item\" id=\"installation\" data-nav-section=\"installation\"><h2>Jak osadzi\u0107 galeri\u0119 wideo YouTube w witrynie Bloggera<\/h2><div class=\"video-container\"><iframe width=\"720\" height=\"405\" src=\"https:\/\/www.youtube.com\/embed\/yNSj5KAklRE\" frameborder=\"0\" allowfullscreen=\"\"><\/iframe><\/div><p>Kr\u00f3tka instrukcja Elfsight na dodaniu i wygenerowaniu widgetu, nie wymagaj\u0105c \u017cadnego do\u015bwiadczenia w tworzeniu stron internetowych. Czas pe\u0142nej konfiguracji to tylko oko\u0142o 80 sekund.<\/p><ol><li><b>Zaprojektuj swoj\u0105 unikaln\u0105 galeri\u0119 YouTube<\/b>.<br>Korzystaj\u0105c z naszej bezp\u0142atnej wersji demonstracyjnej, skompletuj wtyczk\u0119 z niezb\u0119dnym szablonem i funkcjami.<\/li><li><b>Zdob\u0105d\u017a kod umo\u017cliwiaj\u0105cy wy\u015bwietlenie wtyczki<\/b>.<br>Po skonfigurowaniu wid\u017cetu uzyskaj kod wtyczki YouTube z powiadomienia pojawiaj\u0105cego si\u0119 w aplikacjach Elfsight.<\/li><li><b>Odkryj wtyczk\u0119 w witrynie Bloggera<\/b>.<br>Wy\u015bwietl wtyczk\u0119 w wymaganym miejscu strony i zastosuj zmiany.<\/li><li><b>Gotowe!<\/b><br>Przejd\u017a do swojej witryny, aby zobaczy\u0107 wid\u017cet YouTube.<\/li><\/ol><p>Natkn\u0105\u0142e\u015b si\u0119 na co\u015b podczas instalowania lub dostosowywania Galerii YouTube? Spr\u00f3buj przeczyta\u0107 <a href=\"https:\/\/elfsight.com\/tutorials\/how-to-add-youtube-plugin-for-blogger\/\" target=\"_blank\" rel=\"noopener noreferrer\">szczeg\u00f3\u0142owy samouczek<\/a> lub skontaktuj si\u0119 z obs\u0142ug\u0105 klienta, podaj\u0105c szczeg\u00f3\u0142owe wyja\u015bnienie sytuacji.<\/p><\/div><div class=\"faq\" data-component=\"FAQ\"><div class=\"faq-item\">\r\n\t\t\t\t\t<div class=\"faq-item-question\">\r\n\t\t\t\t\t\t<h3 class=\"faq-item-question-text\">Jak doda\u0107 galeri\u0119 YouTube do Bloggera site? <\/h3>\r\n\r\n\t\t\t\t\t\t<div class=\"faq-item-question-icon\"><\/div>\r\n\t\t\t\t\t<\/div>\r\n\r\n\t\t\t\t\t<div class=\"faq-item-answer\">\r\n\t\t\t\t\t\t<div class=\"faq-item-answer-text\"><p>Podstawy narz\u0119dzia s\u0105 realizowane w witrynie Elfsight i nie musisz uczy\u0107 si\u0119 kodowania. Przejd\u017a do wersji demonstracyjnej na \u017cywo, aby ukszta\u0142towa\u0107 sw\u00f3j widget, pobra\u0107 kod i zintegrowa\u0107 go ze swoj\u0105 witryn\u0105. <\/p><\/div>\r\n\t\t\t\t\t<\/div>\r\n\t\t\t\t<\/div><div class=\"faq-item\">\r\n\t\t\t\t\t<div class=\"faq-item-question\">\r\n\t\t\t\t\t\t<h3 class=\"faq-item-question-text\">Najlepsze sposoby wykorzystania integracji z Galeri\u0105 wideo YouTube<\/h3>\r\n\r\n\t\t\t\t\t\t<div class=\"faq-item-question-icon\"><\/div>\r\n\t\t\t\t\t<\/div>\r\n\r\n\t\t\t\t\t<div class=\"faq-item-answer\">\r\n\t\t\t\t\t\t<div class=\"faq-item-answer-text\"><p>Mamy mn\u00f3stwo mo\u017cliwo\u015bci dostosowywania: pe\u0142nowymiarowe wid\u017cety do dodawania w obszarze zawarto\u015bci, p\u0142ywaj\u0105ce wid\u017cety z opcjami przewijania, miniaturami stopki Twojej witryny, sekcj\u0105 nag\u0142\u00f3wka i wszelkiego rodzaju pionowymi mo\u017cliwo\u015bciami pask\u00f3w bocznych i menu. <\/p><\/div>\r\n\t\t\t\t\t<\/div>\r\n\t\t\t\t<\/div><div class=\"faq-item\">\r\n\t\t\t\t\t<div class=\"faq-item-question\">\r\n\t\t\t\t\t\t<h3 class=\"faq-item-question-text\">Czy za pomoc\u0105 edytora mog\u0119 utworzy\u0107 list\u0119 odtwarzania lub galeri\u0119 pojedynczych film\u00f3w w YouTube? <\/h3>\r\n\r\n\t\t\t\t\t\t<div class=\"faq-item-question-icon\"><\/div>\r\n\t\t\t\t\t<\/div>\r\n\r\n\t\t\t\t\t<div class=\"faq-item-answer\">\r\n\t\t\t\t\t\t<div class=\"faq-item-answer-text\"><p>Mo\u017cesz kszta\u0142towa\u0107 modyfikacje dowolnego wid\u017cetu. W edytorze dost\u0119pnych jest wiele uk\u0142ad\u00f3w, a ka\u017cdy z nich mo\u017cna szybko spersonalizowa\u0107 wed\u0142ug potrzeb. <\/p><\/div>\r\n\t\t\t\t\t<\/div>\r\n\t\t\t\t<\/div><\/div>","protected":false},"excerpt":{"rendered":"","protected":false},"author":9,"featured_media":0,"parent":792,"menu_order":0,"comment_status":"closed","ping_status":"closed","template":"templates\/template-application-platform.php","meta":{"publish_to_discourse":"","publish_post_category":"","wpdc_auto_publish_overridden":"","wpdc_topic_tags":"","wpdc_pin_topic":"","wpdc_pin_until":"","discourse_post_id":"","discourse_permalink":"","wpdc_publishing_response":"","wpdc_publishing_error":"","footnotes":""},"class_list":["post-7440","page","type-page","status-publish","hentry"],"yoast_head":"<!-- This site is optimized with the Yoast SEO plugin v25.3.1 - https:\/\/yoast.com\/wordpress\/plugins\/seo\/ -->\n<title>Galeria wideo YouTube \u2014 dodaj wid\u017cet YouTube do witryny Bloggera<\/title>\n<meta name=\"description\" content=\"Ustaw indywidualn\u0105 galeri\u0119 wideo YouTube dla swojej witryny Bloggera w zaledwie 3 minuty! Sprawd\u017a bezp\u0142atne demo Elfsight, aby zaprojektowa\u0107 w\u0142asny widget YouTube.\" \/>\n<meta name=\"robots\" content=\"index, follow, max-snippet:-1, max-image-preview:large, max-video-preview:-1\" \/>\n<link rel=\"canonical\" href=\"https:\/\/elfsight.com\/pl\/youtube-channel-plugin-yottie\/blogger\/\" \/>\n<meta property=\"og:locale\" content=\"pl_PL\" \/>\n<meta property=\"og:type\" content=\"article\" \/>\n<meta property=\"og:title\" content=\"Galeria wideo YouTube \u2014 dodaj wid\u017cet YouTube do witryny Bloggera\" \/>\n<meta property=\"og:description\" content=\"Ustaw indywidualn\u0105 galeri\u0119 wideo YouTube dla swojej witryny Bloggera w zaledwie 3 minuty! Sprawd\u017a bezp\u0142atne demo Elfsight, aby zaprojektowa\u0107 w\u0142asny widget YouTube.\" \/>\n<meta property=\"og:url\" content=\"https:\/\/elfsight.com\/pl\/youtube-channel-plugin-yottie\/blogger\/\" \/>\n<meta property=\"og:site_name\" content=\"Elfsight PL\" \/>\n<meta property=\"article:modified_time\" content=\"2024-11-14T12:46:22+00:00\" \/>\n<meta name=\"twitter:card\" content=\"summary_large_image\" \/>\n<meta name=\"twitter:label1\" content=\"Szacowany czas czytania\" \/>\n\t<meta name=\"twitter:data1\" content=\"3 minuty\" \/>\n<!-- \/ Yoast SEO plugin. -->","yoast_head_json":{"title":"Galeria wideo YouTube \u2014 dodaj wid\u017cet YouTube do witryny Bloggera","description":"Ustaw indywidualn\u0105 galeri\u0119 wideo YouTube dla swojej witryny Bloggera w zaledwie 3 minuty! Sprawd\u017a bezp\u0142atne demo Elfsight, aby zaprojektowa\u0107 w\u0142asny widget YouTube.","robots":{"index":"index","follow":"follow","max-snippet":"max-snippet:-1","max-image-preview":"max-image-preview:large","max-video-preview":"max-video-preview:-1"},"canonical":"https:\/\/elfsight.com\/pl\/youtube-channel-plugin-yottie\/blogger\/","og_locale":"pl_PL","og_type":"article","og_title":"Galeria wideo YouTube \u2014 dodaj wid\u017cet YouTube do witryny Bloggera","og_description":"Ustaw indywidualn\u0105 galeri\u0119 wideo YouTube dla swojej witryny Bloggera w zaledwie 3 minuty! Sprawd\u017a bezp\u0142atne demo Elfsight, aby zaprojektowa\u0107 w\u0142asny widget YouTube.","og_url":"https:\/\/elfsight.com\/pl\/youtube-channel-plugin-yottie\/blogger\/","og_site_name":"Elfsight PL","article_modified_time":"2024-11-14T12:46:22+00:00","twitter_card":"summary_large_image","twitter_misc":{"Szacowany czas czytania":"3 minuty"},"schema":{"@context":"https:\/\/schema.org","@graph":[{"@type":"WebPage","@id":"https:\/\/elfsight.com\/pl\/youtube-channel-plugin-yottie\/blogger\/","url":"https:\/\/elfsight.com\/pl\/youtube-channel-plugin-yottie\/blogger\/","name":"Galeria wideo YouTube \u2014 dodaj wid\u017cet YouTube do witryny Bloggera","isPartOf":{"@id":"https:\/\/elfsight.com\/pl\/#website"},"datePublished":"1970-01-01T00:00:00+00:00","dateModified":"2024-11-14T12:46:22+00:00","description":"Ustaw indywidualn\u0105 galeri\u0119 wideo YouTube dla swojej witryny Bloggera w zaledwie 3 minuty! Sprawd\u017a bezp\u0142atne demo Elfsight, aby zaprojektowa\u0107 w\u0142asny widget YouTube.","breadcrumb":{"@id":"https:\/\/elfsight.com\/pl\/youtube-channel-plugin-yottie\/blogger\/#breadcrumb"},"inLanguage":"pl-PL","potentialAction":[{"@type":"ReadAction","target":["https:\/\/elfsight.com\/pl\/youtube-channel-plugin-yottie\/blogger\/"]}]},{"@type":"BreadcrumbList","@id":"https:\/\/elfsight.com\/pl\/youtube-channel-plugin-yottie\/blogger\/#breadcrumb","itemListElement":[{"@type":"ListItem","position":1,"name":"Home","item":"https:\/\/elfsight.com\/pl\/"},{"@type":"ListItem","position":2,"name":"YouTube Gallery","item":"https:\/\/elfsight.com\/pl\/youtube-channel-plugin-yottie\/"},{"@type":"ListItem","position":3,"name":"YouTube Gallery &#8211; Blogger"}]},{"@type":"WebSite","@id":"https:\/\/elfsight.com\/pl\/#website","url":"https:\/\/elfsight.com\/pl\/","name":"Elfsight PL","description":"Just another Elfsight Sites site","potentialAction":[{"@type":"SearchAction","target":{"@type":"EntryPoint","urlTemplate":"https:\/\/elfsight.com\/pl\/?s={search_term_string}"},"query-input":{"@type":"PropertyValueSpecification","valueRequired":true,"valueName":"search_term_string"}}],"inLanguage":"pl-PL"}]}},"meta_box":{"industry":"","seo_heading":"","heading":"","description":"","cta_heading":"","cta_description":"","application":"785","h1":"Galeria wideo YouTube dla Bloggera","h1_caption":"Osad\u017a galeri\u0119 film\u00f3w z YouTube, aby bez problemu umieszcza\u0107 w witrynie Bloggera tre\u015bci takie jak samouczki, referencje lub prezentacje produkt\u00f3w.","application_category":[],"applications_title":"","applications_request_title":"","applications_request_button_text":"","hero_text":"","hero_video":"","hero_video_schema_markup":"","selling_points_title":"","selling_points_caption":"","selling_points":[],"selling_points_cta_text":"","features_title":"","features":"","ed_cta_examples_text":"","ed_cta_examples_hidden":"","ed_cta_demo_text":"","ed_cta_demo_hidden":"","why_caption":"","why_editor_title":"","why_editor_text":"","why_team_title":"","why_team_text":"","why_service_title":"","why_service_text":"","template_catalog_visible":"","template_catalog_title":"","template_catalog_text":"","template_catalog_categories_visible":"","demo_title":"Utw\u00f3rz wid\u017cet Galerii YouTube","demo_caption":"Skonfiguruj swoj\u0105 galeri\u0119 YouTube i dodaj j\u0105 do swojej witryny Bloggera za darmo!","default_faq_hidden":"","app_template_category":[],"platform":"44","template_public_id":"","codecanyon_url":"","codecanyon_item_id":"","codecanyon_price":"","pricing_caption":"","pricing_elfsight_apps_hide_column":"","pricing_elfsight_apps_url":"","pricing_codecanyon_price_caption":"","integration_category":[],"integration_request_title":"","integration_request_cta":"","integration_platform":"","integrations":[],"platform_category":[],"video_schema_markup":"","price":"od 0 USD \/ miesi\u0105c","trial":"","benefits":[{"text":"Bezp\u0142atna pomoc w instalacji"},{"text":"Do\u015bwiadczona obs\u0142uga klienta"},{"text":"14-dniowa gwarancja zwrotu pieni\u0119dzy"}],"button_url":"#demo","button_target_blank":"","button_nofollow":"","attributes":[{"name":"Instaluje"},{"name":"Czu\u0142y"},{"name":"Kompatybilne przegl\u0105darki"}],"tags":[],"tags_disable_links":"","hide_more_platforms":"","video_object":"","demo_hide_cta":"","demo_hide_cloud_options":"","pricing_title":"","pricing":[{"pricing_icon":"platform","pricing_title":"Elfsight Apps","pricing_title_caption":"Rozwi\u0105zanie wieloplatformowe, kt\u00f3re pasuje do ka\u017cdej witryny","pricing_price":"od 0 USD \/ miesi\u0105c","pricing_price_caption":"zacznij od bezp\u0142atnego planu","pricing_benefits":[{"text":"Nielimitowane domeny"},{"text":"Profesjonalna i terminowa pomoc oraz dobrze udokumentowana"},{"text":"Bezp\u0142atna pomoc w instalacji"},{"text":"Elastyczny projekt"}],"pricing_button_text":"Dodaj do witryny","pricing_button_url":"#demo"}],"related_apps_title":"","related_apps_hidden":"","author":"","image":[],"title":"","job":"","social_networks":[]},"_links":{"self":[{"href":"https:\/\/elfsight.com\/pl\/wp-json\/wp\/v2\/pages\/7440","targetHints":{"allow":["GET"]}}],"collection":[{"href":"https:\/\/elfsight.com\/pl\/wp-json\/wp\/v2\/pages"}],"about":[{"href":"https:\/\/elfsight.com\/pl\/wp-json\/wp\/v2\/types\/page"}],"author":[{"embeddable":true,"href":"https:\/\/elfsight.com\/pl\/wp-json\/wp\/v2\/users\/9"}],"replies":[{"embeddable":true,"href":"https:\/\/elfsight.com\/pl\/wp-json\/wp\/v2\/comments?post=7440"}],"version-history":[{"count":2,"href":"https:\/\/elfsight.com\/pl\/wp-json\/wp\/v2\/pages\/7440\/revisions"}],"predecessor-version":[{"id":8156,"href":"https:\/\/elfsight.com\/pl\/wp-json\/wp\/v2\/pages\/7440\/revisions\/8156"}],"up":[{"embeddable":true,"href":"https:\/\/elfsight.com\/pl\/wp-json\/wp\/v2\/pages\/792"}],"wp:attachment":[{"href":"https:\/\/elfsight.com\/pl\/wp-json\/wp\/v2\/media?parent=7440"}],"curies":[{"name":"wp","href":"https:\/\/api.w.org\/{rel}","templated":true}]}}