{"id":7439,"date":"1970-01-01T00:00:00","date_gmt":"1970-01-01T00:00:00","guid":{"rendered":"https:\/\/elfsight.com\/pl\/?page_id=7439"},"modified":"2024-11-14T12:46:22","modified_gmt":"2024-11-14T12:46:22","slug":"drupal","status":"publish","type":"page","link":"https:\/\/elfsight.com\/pl\/youtube-channel-plugin-yottie\/drupal\/","title":{"rendered":"YouTube Gallery &#8211; Drupal"},"content":{"rendered":"<div class=\"application-platform-content-item-description application-platform-content-item\" id=\"description\" data-nav-section=\"description\"><h2>Opis<\/h2><p>Silny modu\u0142 multimedialny dla YouTube, kt\u00f3ry umo\u017cliwia wy\u015bwietlanie r\u00f3\u017cnorodnych film\u00f3w na Twojej stronie internetowej. Znajd\u017a odpowiednie kana\u0142y i pojedyncze klipy wideo, aby stworzy\u0107 w\u0142asn\u0105 playlist\u0119 i zaprezentuj j\u0105 bezpo\u015brednio na stronie internetowej, korzystaj\u0105c z najbardziej odpowiedniego uk\u0142adu (galeria wideo, portfolio, kana\u0142, pojedynczy film). Nasz modu\u0142 jest w pe\u0142ni responsywny dla wszystkich format\u00f3w i przegl\u0105darek; ma oko\u0142o 100 parametr\u00f3w, konfigurowalny szablon i wiele r\u00f3\u017cnych zalet, kt\u00f3re pomagaj\u0105 dodawa\u0107 go na r\u00f3\u017cnych stronach internetowych.<\/p><p><b>Ukszta\u0142tuj unikaln\u0105 interaktywn\u0105 galeri\u0119 wideo, aby zwi\u0119kszy\u0107 atrakcyjno\u015b\u0107 w\u015br\u00f3d u\u017cytkownik\u00f3w.<\/b><\/p><ul><li><b>Wzmocnij wi\u0119\u017a z odbiorcami swojej witryny dzi\u0119ki filmom z YouTube<\/b>.<br>Zadziw czytelnik\u00f3w swojej witryny efektown\u0105 tre\u015bci\u0105 wideo z YouTube i zaanga\u017cuj ich lepiej ni\u017c kiedykolwiek. <\/li><li><b>Uzyskuj maksymaln\u0105 liczb\u0119 zam\u00f3wie\u0144 na tre\u015bci YouTube<\/b>.<br>Pokazuj komercyjne filmy wideo, referencje, przegl\u0105dy, instrukcje i inne filmy, aby zapewni\u0107 odbiorcom szczeg\u00f3\u0142owe informacje o Twoich ofertach i przekona\u0107 ich do wykona\u0107 transakcj\u0119.<\/li><li><b>Docieraj do fan\u00f3w swojego kana\u0142u YouTube<\/b>.<br>Przekszta\u0142caj klient\u00f3w witryny w swoich obserwuj\u0105cych w YouTube. Dodaj szybkie i nieskomplikowane narz\u0119dzie umo\u017cliwiaj\u0105ce u\u017cytkownikom ogl\u0105danie film\u00f3w i subskrybowanie bezpo\u015brednio ze strony Twojej witryny.<\/li><\/ul><\/div><div class=\"application-platform-content-item-features application-platform-content-item\" id=\"features\" data-nav-section=\"features\"><h2>Funkcje<\/h2><p>Cechy tego modu\u0142u, kt\u00f3re czyni\u0105 go najlepszym narz\u0119dziem medialnym do wy\u015bwietlania film\u00f3w z YouTube na stronie Drupal.<\/p><ul><li>Dodawaj pojedyncze filmy, kana\u0142y lub playlisty;<\/li><li> Mo\u017cliwo\u015b\u0107 przes\u0142ania logo kana\u0142u i banera kana\u0142u;<\/li><li>Ustaw odst\u0119p mi\u0119dzy filmami;<\/li><li>Liczba wy\u015bwietle\u0144 i polubie\u0144 film\u00f3w;<\/li><li>Prze\u0142\u0105czana paginacja i pasek przewijania;<\/li><li>6 element\u00f3w menu do malowania;<\/li><li>Obs\u0142uga AdSense w celu monetyzacji tre\u015bci.<\/li><\/ul><p><a href=\"#demo\">Wypr\u00f3buj pe\u0142n\u0105 list\u0119 opcji w demo<\/a><\/p><\/div><div class=\"application-platform-content-item-installation application-platform-content-item\" id=\"installation\" data-nav-section=\"installation\"><h2>Jak osadzi\u0107 modu\u0142 YouTube na stronie Drupala<\/h2><div class=\"video-container\"><iframe width=\"720\" height=\"405\" src=\"https:\/\/www.youtube.com\/embed\/dxLLCejMlHY\" frameborder=\"0\" allowfullscreen=\"\"><\/iframe><\/div><p>Wystarczy wykona\u0107 te kroki przedstawione poni\u017cej, aby rozpocz\u0105\u0107 prac\u0119 z narz\u0119dziem na Drupalu.<\/p> <ol><li><b>Uruchom nasz darmowy edytor i zacznij budowa\u0107 sw\u00f3j unikalny wid\u017cet Galerii YouTube. <\/b><br> Wybierz niestandardowy wygl\u0105d i aspekty narz\u0119dzia i zastosuj modyfikacje. <\/li> <li><b>Zdob\u0105d\u017a sw\u00f3j indywidualny kod widoczny w pude\u0142ku w aplikacjach Elfsight. <\/b><br> Po zako\u0144czeniu tworzenia osobistej wtyczki skopiuj ekskluzywny kod z wy\u015bwietlonego okna i zachowaj go do wykorzystania w przysz\u0142o\u015bci. <\/li> <li><b>Rozpocznij korzystanie z modu\u0142u na stronie Drupal. <\/b><br> Wstaw skopiowany wcze\u015bniej kod na swoj\u0105 stron\u0119 i zastosuj poprawki. <\/li> <li><b>Gotowe! Konfiguracja zosta\u0142a ca\u0142kowicie zako\u0144czona. <\/b><br> Przejd\u017a na swoj\u0105 stron\u0119 i sprawd\u017a dzia\u0142anie narz\u0119dzia. <\/li><\/ol><p>Konfiguracja lub zmiana parametr\u00f3w Galerii YouTube by\u0142a dla Ciebie trudna? Mo\u017cesz u\u017cy\u0107 <a href=\"https:\/\/elfsight.com\/tutorials\/how-to-add-youtube-media-module-to-drupal-websites\/\" target=\"_blank\" rel=\"noopener noreferrer\"> rozszerzony przewodnik<\/a> lub wy\u015blij wiadomo\u015b\u0107 do zespo\u0142u pomocy technicznej z rozszerzonym opisem problemu.<\/p><\/div><div class=\"faq\" data-component=\"FAQ\"><div class=\"faq-item\">\r\n\t\t\t\t\t<div class=\"faq-item-question\">\r\n\t\t\t\t\t\t<h3 class=\"faq-item-question-text\">Jak mog\u0119 doda\u0107 galeri\u0119 YouTube do mojej witryny Drupal? <\/h3>\r\n\r\n\t\t\t\t\t\t<div class=\"faq-item-question-icon\"><\/div>\r\n\t\t\t\t\t<\/div>\r\n\r\n\t\t\t\t\t<div class=\"faq-item-answer\">\r\n\t\t\t\t\t\t<div class=\"faq-item-answer-text\"><p>Tworzenie wid\u017cetu odbywa si\u0119 na stronach Elfsight i nie musisz kodowa\u0107. Skorzystaj z naszej wersji demonstracyjnej na \u017cywo, aby dostosowa\u0107 swoje osobiste narz\u0119dzie, zdob\u0105d\u017a kod i umie\u015b\u0107 go na swojej stronie. <\/p><\/div>\r\n\t\t\t\t\t<\/div>\r\n\t\t\t\t<\/div><div class=\"faq-item\">\r\n\t\t\t\t\t<div class=\"faq-item-question\">\r\n\t\t\t\t\t\t<h3 class=\"faq-item-question-text\">Najlepsze sposoby wykorzystania integracji modu\u0142u wideo YouTube<\/h3>\r\n\r\n\t\t\t\t\t\t<div class=\"faq-item-question-icon\"><\/div>\r\n\t\t\t\t\t<\/div>\r\n\r\n\t\t\t\t\t<div class=\"faq-item-answer\">\r\n\t\t\t\t\t\t<div class=\"faq-item-answer-text\"><p>Oferujemy szerok\u0105 gam\u0119 opcji dostosowywania: pe\u0142nowymiarowe wid\u017cety do wdro\u017cenia w tre\u015bci obszarze, p\u0142ywaj\u0105ce wtyczki do opcji przewijania, uk\u0142ady stopki, sekcji nag\u0142\u00f3wka i wszelkiego rodzaju opcje pionowe dla pask\u00f3w bocznych i menu. <\/p><\/div>\r\n\t\t\t\t\t<\/div>\r\n\t\t\t\t<\/div><div class=\"faq-item\">\r\n\t\t\t\t\t<div class=\"faq-item-question\">\r\n\t\t\t\t\t\t<h3 class=\"faq-item-question-text\">Jak utworzy\u0107 siatk\u0119 wideo lub galeri\u0119 list odtwarzania YouTube za pomoc\u0105 edytora? <\/h3>\r\n\r\n\t\t\t\t\t\t<div class=\"faq-item-question-icon\"><\/div>\r\n\t\t\t\t\t<\/div>\r\n\r\n\t\t\t\t\t<div class=\"faq-item-answer\">\r\n\t\t\t\t\t\t<div class=\"faq-item-answer-text\"><p>Mo\u017cesz dowolnie modyfikowa\u0107 wid\u017cet. W edytorze dost\u0119pnych jest mn\u00f3stwo uk\u0142ad\u00f3w, a ka\u017cdy z nich mo\u017cna szybko dostosowa\u0107 do w\u0142asnych potrzeb. <\/p><\/div>\r\n\t\t\t\t\t<\/div>\r\n\t\t\t\t<\/div><\/div>","protected":false},"excerpt":{"rendered":"","protected":false},"author":9,"featured_media":0,"parent":792,"menu_order":0,"comment_status":"closed","ping_status":"closed","template":"templates\/template-application-platform.php","meta":{"publish_to_discourse":"","publish_post_category":"","wpdc_auto_publish_overridden":"","wpdc_topic_tags":"","wpdc_pin_topic":"","wpdc_pin_until":"","discourse_post_id":"","discourse_permalink":"","wpdc_publishing_response":"","wpdc_publishing_error":"","footnotes":""},"class_list":["post-7439","page","type-page","status-publish","hentry"],"yoast_head":"<!-- This site is optimized with the Yoast SEO plugin v25.3.1 - https:\/\/yoast.com\/wordpress\/plugins\/seo\/ -->\n<title>Modu\u0142 Drupal YouTube - Dodaj galeri\u0119 wideo YouTube do witryny internetowej<\/title>\n<meta name=\"description\" content=\"Zbuduj unikaln\u0105 galeri\u0119 wideo YouTube dla swojej witryny Drupal w zaledwie 1 minut\u0119! Sprawd\u017a darmowy edytor firmy Elfsight, aby ustawi\u0107 w\u0142asny modu\u0142 YouTube.\" \/>\n<meta name=\"robots\" content=\"index, follow, max-snippet:-1, max-image-preview:large, max-video-preview:-1\" \/>\n<link rel=\"canonical\" href=\"https:\/\/elfsight.com\/pl\/youtube-channel-plugin-yottie\/drupal\/\" \/>\n<meta property=\"og:locale\" content=\"pl_PL\" \/>\n<meta property=\"og:type\" content=\"article\" \/>\n<meta property=\"og:title\" content=\"Modu\u0142 Drupal YouTube - Dodaj galeri\u0119 wideo YouTube do witryny internetowej\" \/>\n<meta property=\"og:description\" content=\"Zbuduj unikaln\u0105 galeri\u0119 wideo YouTube dla swojej witryny Drupal w zaledwie 1 minut\u0119! Sprawd\u017a darmowy edytor firmy Elfsight, aby ustawi\u0107 w\u0142asny modu\u0142 YouTube.\" \/>\n<meta property=\"og:url\" content=\"https:\/\/elfsight.com\/pl\/youtube-channel-plugin-yottie\/drupal\/\" \/>\n<meta property=\"og:site_name\" content=\"Elfsight PL\" \/>\n<meta property=\"article:modified_time\" content=\"2024-11-14T12:46:22+00:00\" \/>\n<meta name=\"twitter:card\" content=\"summary_large_image\" \/>\n<meta name=\"twitter:label1\" content=\"Szacowany czas czytania\" \/>\n\t<meta name=\"twitter:data1\" content=\"3 minuty\" \/>\n<!-- \/ Yoast SEO plugin. -->","yoast_head_json":{"title":"Modu\u0142 Drupal YouTube - Dodaj galeri\u0119 wideo YouTube do witryny internetowej","description":"Zbuduj unikaln\u0105 galeri\u0119 wideo YouTube dla swojej witryny Drupal w zaledwie 1 minut\u0119! Sprawd\u017a darmowy edytor firmy Elfsight, aby ustawi\u0107 w\u0142asny modu\u0142 YouTube.","robots":{"index":"index","follow":"follow","max-snippet":"max-snippet:-1","max-image-preview":"max-image-preview:large","max-video-preview":"max-video-preview:-1"},"canonical":"https:\/\/elfsight.com\/pl\/youtube-channel-plugin-yottie\/drupal\/","og_locale":"pl_PL","og_type":"article","og_title":"Modu\u0142 Drupal YouTube - Dodaj galeri\u0119 wideo YouTube do witryny internetowej","og_description":"Zbuduj unikaln\u0105 galeri\u0119 wideo YouTube dla swojej witryny Drupal w zaledwie 1 minut\u0119! Sprawd\u017a darmowy edytor firmy Elfsight, aby ustawi\u0107 w\u0142asny modu\u0142 YouTube.","og_url":"https:\/\/elfsight.com\/pl\/youtube-channel-plugin-yottie\/drupal\/","og_site_name":"Elfsight PL","article_modified_time":"2024-11-14T12:46:22+00:00","twitter_card":"summary_large_image","twitter_misc":{"Szacowany czas czytania":"3 minuty"},"schema":{"@context":"https:\/\/schema.org","@graph":[{"@type":"WebPage","@id":"https:\/\/elfsight.com\/pl\/youtube-channel-plugin-yottie\/drupal\/","url":"https:\/\/elfsight.com\/pl\/youtube-channel-plugin-yottie\/drupal\/","name":"Modu\u0142 Drupal YouTube - Dodaj galeri\u0119 wideo YouTube do witryny internetowej","isPartOf":{"@id":"https:\/\/elfsight.com\/pl\/#website"},"datePublished":"1970-01-01T00:00:00+00:00","dateModified":"2024-11-14T12:46:22+00:00","description":"Zbuduj unikaln\u0105 galeri\u0119 wideo YouTube dla swojej witryny Drupal w zaledwie 1 minut\u0119! Sprawd\u017a darmowy edytor firmy Elfsight, aby ustawi\u0107 w\u0142asny modu\u0142 YouTube.","breadcrumb":{"@id":"https:\/\/elfsight.com\/pl\/youtube-channel-plugin-yottie\/drupal\/#breadcrumb"},"inLanguage":"pl-PL","potentialAction":[{"@type":"ReadAction","target":["https:\/\/elfsight.com\/pl\/youtube-channel-plugin-yottie\/drupal\/"]}]},{"@type":"BreadcrumbList","@id":"https:\/\/elfsight.com\/pl\/youtube-channel-plugin-yottie\/drupal\/#breadcrumb","itemListElement":[{"@type":"ListItem","position":1,"name":"Home","item":"https:\/\/elfsight.com\/pl\/"},{"@type":"ListItem","position":2,"name":"YouTube Gallery","item":"https:\/\/elfsight.com\/pl\/youtube-channel-plugin-yottie\/"},{"@type":"ListItem","position":3,"name":"YouTube Gallery &#8211; Drupal"}]},{"@type":"WebSite","@id":"https:\/\/elfsight.com\/pl\/#website","url":"https:\/\/elfsight.com\/pl\/","name":"Elfsight PL","description":"Just another Elfsight Sites site","potentialAction":[{"@type":"SearchAction","target":{"@type":"EntryPoint","urlTemplate":"https:\/\/elfsight.com\/pl\/?s={search_term_string}"},"query-input":{"@type":"PropertyValueSpecification","valueRequired":true,"valueName":"search_term_string"}}],"inLanguage":"pl-PL"}]}},"meta_box":{"industry":"","seo_heading":"","heading":"","description":"","cta_heading":"","cta_description":"","application":"785","h1":"Modu\u0142 wideo YouTube dla Drupala","h1_caption":"Osad\u017a galeri\u0119 film\u00f3w z YouTube, aby bez wysi\u0142ku umieszcza\u0107 tre\u015bci takie jak samouczki, referencje lub prezentacje produkt\u00f3w ze swojej witryny w witrynie Drupal.","application_category":[],"applications_title":"","applications_request_title":"","applications_request_button_text":"","hero_text":"","hero_video":"","hero_video_schema_markup":"","selling_points_title":"","selling_points_caption":"","selling_points":[],"selling_points_cta_text":"","features_title":"","features":"","ed_cta_examples_text":"","ed_cta_examples_hidden":"","ed_cta_demo_text":"","ed_cta_demo_hidden":"","why_caption":"","why_editor_title":"","why_editor_text":"","why_team_title":"","why_team_text":"","why_service_title":"","why_service_text":"","template_catalog_visible":"","template_catalog_title":"","template_catalog_text":"","template_catalog_categories_visible":"","demo_title":"Utw\u00f3rz modu\u0142 Galerii YouTube","demo_caption":"Skonfiguruj swoj\u0105 galeri\u0119 YouTube i dodaj j\u0105 do swojej witryny Drupal za darmo!","default_faq_hidden":"","app_template_category":[],"platform":"47","template_public_id":"","codecanyon_url":"","codecanyon_item_id":"","codecanyon_price":"","pricing_caption":"","pricing_elfsight_apps_hide_column":"","pricing_elfsight_apps_url":"","pricing_codecanyon_price_caption":"","integration_category":[],"integration_request_title":"","integration_request_cta":"","integration_platform":"","integrations":[],"platform_category":[],"video_schema_markup":"","price":"od 0 USD \/ miesi\u0105c","trial":"","benefits":[{"text":"Bezp\u0142atna us\u0142uga monta\u017cu"},{"text":"Profesjonalna obs\u0142uga klienta"},{"text":"14-dniowa gwarancja zwrotu pieni\u0119dzy"}],"button_url":"#demo","button_target_blank":"","button_nofollow":"","attributes":[{"name":"Instaluje"},{"name":"Czu\u0142y"},{"name":"Kompatybilne przegl\u0105darki"}],"tags":[],"tags_disable_links":"","hide_more_platforms":"","video_object":"","demo_hide_cta":"","demo_hide_cloud_options":"","pricing_title":"","pricing":[{"pricing_icon":"cloud","pricing_title":"Elfsight Apps","pricing_title_caption":"Wersja wieloplatformowa, kt\u00f3ra pasuje do ka\u017cdej witryny","pricing_price":"od 0 USD \/ miesi\u0105c","pricing_price_caption":"zacznij od bezp\u0142atnego planu","pricing_benefits":[{"text":"Nielimitowane domeny"},{"text":"Szybka i terminowa pomoc oraz dobrze udokumentowana"},{"text":"Bezp\u0142atna pomoc przy instalacji"},{"text":"Specjalna cena za wiele aplikacji"}],"pricing_button_text":"Dodaj do witryny","pricing_button_url":"#demo"}],"related_apps_title":"","related_apps_hidden":"","author":"","image":[],"title":"","job":"","social_networks":[]},"_links":{"self":[{"href":"https:\/\/elfsight.com\/pl\/wp-json\/wp\/v2\/pages\/7439","targetHints":{"allow":["GET"]}}],"collection":[{"href":"https:\/\/elfsight.com\/pl\/wp-json\/wp\/v2\/pages"}],"about":[{"href":"https:\/\/elfsight.com\/pl\/wp-json\/wp\/v2\/types\/page"}],"author":[{"embeddable":true,"href":"https:\/\/elfsight.com\/pl\/wp-json\/wp\/v2\/users\/9"}],"replies":[{"embeddable":true,"href":"https:\/\/elfsight.com\/pl\/wp-json\/wp\/v2\/comments?post=7439"}],"version-history":[{"count":2,"href":"https:\/\/elfsight.com\/pl\/wp-json\/wp\/v2\/pages\/7439\/revisions"}],"predecessor-version":[{"id":8155,"href":"https:\/\/elfsight.com\/pl\/wp-json\/wp\/v2\/pages\/7439\/revisions\/8155"}],"up":[{"embeddable":true,"href":"https:\/\/elfsight.com\/pl\/wp-json\/wp\/v2\/pages\/792"}],"wp:attachment":[{"href":"https:\/\/elfsight.com\/pl\/wp-json\/wp\/v2\/media?parent=7439"}],"curies":[{"name":"wp","href":"https:\/\/api.w.org\/{rel}","templated":true}]}}