{"id":7438,"date":"1970-01-01T00:00:00","date_gmt":"1970-01-01T00:00:00","guid":{"rendered":"https:\/\/elfsight.com\/pl\/?page_id=7438"},"modified":"2025-06-20T10:02:12","modified_gmt":"2025-06-20T10:02:12","slug":"html","status":"publish","type":"page","link":"https:\/\/elfsight.com\/pl\/youtube-channel-plugin-yottie\/html\/","title":{"rendered":"YouTube Gallery &#8211; HTML"},"content":{"rendered":"<div class=\"application-platform-content-item-description application-platform-content-item\" id=\"description\" data-nav-section=\"description\">\n<h2>Opis<\/h2>\n<p>Wielofunkcyjny widget dla YouTube, kt\u00f3ry umo\u017cliwia dodawanie wszelkiego rodzaju film\u00f3w na Twoj\u0105 stron\u0119 internetow\u0105. Znajd\u017a kana\u0142y i filmy zwi\u0105zane z biznesem, aby stworzy\u0107 swoj\u0105 indywidualn\u0105 playlist\u0119 i zademonstrowa\u0107 bezpo\u015brednio na stronie internetowej, wybieraj\u0105c najlepsze opcje interfejsu (galeria wideo, portfolio, kana\u0142, pojedynczy film). Widget Elfsight jest doskonale responsywny dla wszystkich format\u00f3w i platform, posiada oko\u0142o 100 parametr\u00f3w, adaptacyjny szablon i inne zalety, kt\u00f3re daj\u0105 mo\u017cliwo\u015b\u0107 osadzenia go na wszystkich stronach internetowych.<\/p>\n<p><b>Ustaw indywidualny interaktywny film wideo galeria dla wi\u0119kszego zaanga\u017cowania Twoich klient\u00f3w.<\/b><\/p>\n<ul>\n    <li><b>Rozbuduj wsp\u00f3\u0142prac\u0119 z klientami Twojej witryny za pomoc\u0105 film\u00f3w na YouTube<\/b>.<br> Zadziw swoj\u0105 witryn\u0119 klientom fascynuj\u0105ce filmy z YouTube i anga\u017cuj ich d\u0142u\u017cej ni\u017c dotychczas.<\/li>\n    <li><b>Zdobywaj maksymaln\u0105 liczb\u0119 zam\u00f3wie\u0144 dzi\u0119ki tre\u015bciom wideo<\/b>.<br> Korzystaj z reklam, reakcji, film\u00f3w analitycznych, instrukcji i nie tylko aby przekaza\u0107 odbiorcom szczeg\u00f3\u0142owe informacje o Twoich produktach i skierowa\u0107 ich do zawarcia transakcji.<\/li>\n    <li><b>Najlepsi czytelnicy Twojego konta YouTube<\/b>.<br> Konwertuj u\u017cytkownik\u00f3w witryny na swoich obserwuj\u0105cych w YouTube . Zintegruj szybki i prosty spos\u00f3b, aby u\u017cytkownicy mogli ogl\u0105da\u0107 filmy i do\u0142\u0105cza\u0107 do Twojego kana\u0142u bezpo\u015brednio z witryny.<\/li>\n<\/ul>\n<\/div>\n\n<div class=\"application-platform-content-item-features application-platform-content-item\" id=\"features\" data-nav-section=\"features\">\n<h2>Funkcje<\/h2>\n<p>Charakterystyka tego wid\u017cetu sprawia, \u017ce jest on najlepszym narz\u0119dziem do integracji film\u00f3w z YouTube&#8217;a na Witryna HTML.<\/p>\n<ul>\n    <li>Dodaj \u017ar\u00f3d\u0142a wed\u0142ug adresu URL;<\/li>\n    <li>Wybierz uk\u0142ad nag\u0142\u00f3wka: Klasyczny, Akcentowy, Minimalny;<\/li>\n    <li>3 uk\u0142ady film\u00f3w: Klasyczny, Poziomy , Kino;<\/li>\n    <li>3 tryby odtwarzania: Inline, w wyskakuj\u0105cym okienku i przekierowanie do YouTube;<\/li>\n    <li>Opcja automatycznego odtwarzania z regulowan\u0105 szybko\u015bci\u0105;<\/li>\n    <li>5 gotowych schemat\u00f3w kolor\u00f3w;<\/li>\n    <li>Obs\u0142uga AdSense w celu monetyzacji tre\u015bci.<\/li>\n<\/ul>\n<p><a href=\"#demo\">Sprawd\u017a wszystkie zalety w panelu<\/a><\/p>\n<\/div>\n\n<div class=\"application-platform-content-item-installation application-platform-content-item\" id=\"installation\" data-nav-section=\"installation\">\n<h2>Jak osadzi\u0107 galeri\u0119 wideo YouTube w witrynie HTML<\/h2>\n<div class=\"video-container\"><iframe width=\"720\" height=\"405\" src=\"https:\/\/www.youtube.com\/embed\/YUE_cbHLMIg\" frameborder=\"0\" allowfullscreen=\"\"><\/iframe><\/div>\n<p>Kr\u00f3tki plan Elfsight dotycz\u0105cy integracji i kszta\u0142towania bez umiej\u0119tno\u015bci tworzenia stron internetowych . Pe\u0142ny czas instalacji wynosi oko\u0142o 2 minut.<\/p>\n<ol>\n    <li><b>Stw\u00f3rz w\u0142asn\u0105 galeri\u0119 YouTube<\/b>.<br>Za pomoc\u0105 naszego bezp\u0142atnego konfiguratora ukszta\u0142tuj wtyczk\u0119 z niezb\u0119dnym projektem i ustawieniami.<\/li>\n    <li><b>Zdob\u0105d\u017a kod umo\u017cliwiaj\u0105cy wy\u015bwietlenie wtyczki<\/b>.<br>Po dostosowaniu wid\u017cetu uzyskaj kod wtyczki YouTube z powiadomienia, kt\u00f3re pojawi si\u0119 w aplikacji Elfsight.<\/li>\n    <li><b>Osad\u017a widget na stronie HTML<\/b>.<br>Uruchom kod strony w edytorze HTML, ustaw widget w wymaganym miejscu (tre\u015b\u0107, stopka, pasek boczny itp.) i opublikuj zmiany.<\/li>\n    <li><b>Konfiguracja zosta\u0142a uko\u0144czona!<\/b><br>Wejd\u017a na stron\u0119 HTML, aby zobaczy\u0107 swoj\u0105 wtyczk\u0119.<\/li>\n<\/ol>\n<p>Jest co\u015b, na co natkn\u0105\u0142e\u015b si\u0119 podczas instalacji lub konfigurowania YouTube Galeria wideo? Zobacz <a href=\"https:\/\/elfsight.com\/tutorials\/how-to-embed-youtube-video-widget-html-websites\/\" target=\"_blank\" rel=\"noopener noreferrer\">rozszerzon\u0105 instrukcj\u0119<\/a> lub wy\u015blij pro\u015bb\u0119 do zespo\u0142u wsparcia z dok\u0142adnym wyja\u015bnieniem problemu. Jeste\u015bmy tutaj, aby odpowiedzie\u0107 na Twoje pytania.<\/p>\n<\/div>","protected":false},"excerpt":{"rendered":"","protected":false},"author":9,"featured_media":0,"parent":792,"menu_order":0,"comment_status":"closed","ping_status":"closed","template":"templates\/template-application-platform.php","meta":{"publish_to_discourse":"","publish_post_category":"","wpdc_auto_publish_overridden":"","wpdc_topic_tags":"","wpdc_pin_topic":"","wpdc_pin_until":"","discourse_post_id":"","discourse_permalink":"","wpdc_publishing_response":"","wpdc_publishing_error":"","footnotes":""},"class_list":["post-7438","page","type-page","status-publish","hentry"],"yoast_head":"<!-- This site is optimized with the Yoast SEO plugin v25.3.1 - https:\/\/yoast.com\/wordpress\/plugins\/seo\/ -->\n<title>Galeria wideo YouTube \u2014 osadzaj kod wideo YouTube na stronie internetowej HTML<\/title>\n<meta name=\"description\" content=\"Zaprojektuj spersonalizowan\u0105 galeri\u0119 wideo YouTube dla swojej witryny HTML w zaledwie 3 minuty! Wejd\u017a do bezp\u0142atnego panelu Elfsight i ukszta\u0142tuj w\u0142asny kod Galerii YouTube.\" \/>\n<meta name=\"robots\" content=\"index, follow, max-snippet:-1, max-image-preview:large, max-video-preview:-1\" \/>\n<link rel=\"canonical\" href=\"https:\/\/elfsight.com\/pl\/youtube-channel-plugin-yottie\/html\/\" \/>\n<meta property=\"og:locale\" content=\"pl_PL\" \/>\n<meta property=\"og:type\" content=\"article\" \/>\n<meta property=\"og:title\" content=\"Galeria wideo YouTube \u2014 osadzaj kod wideo YouTube na stronie internetowej HTML\" \/>\n<meta property=\"og:description\" content=\"Zaprojektuj spersonalizowan\u0105 galeri\u0119 wideo YouTube dla swojej witryny HTML w zaledwie 3 minuty! Wejd\u017a do bezp\u0142atnego panelu Elfsight i ukszta\u0142tuj w\u0142asny kod Galerii YouTube.\" \/>\n<meta property=\"og:url\" content=\"https:\/\/elfsight.com\/pl\/youtube-channel-plugin-yottie\/html\/\" \/>\n<meta property=\"og:site_name\" content=\"Elfsight PL\" \/>\n<meta property=\"article:modified_time\" content=\"2025-06-20T10:02:12+00:00\" \/>\n<meta name=\"twitter:card\" content=\"summary_large_image\" \/>\n<meta name=\"twitter:label1\" content=\"Szacowany czas czytania\" \/>\n\t<meta name=\"twitter:data1\" content=\"3 minuty\" \/>\n<!-- \/ Yoast SEO plugin. -->","yoast_head_json":{"title":"Galeria wideo YouTube \u2014 osadzaj kod wideo YouTube na stronie internetowej HTML","description":"Zaprojektuj spersonalizowan\u0105 galeri\u0119 wideo YouTube dla swojej witryny HTML w zaledwie 3 minuty! Wejd\u017a do bezp\u0142atnego panelu Elfsight i ukszta\u0142tuj w\u0142asny kod Galerii YouTube.","robots":{"index":"index","follow":"follow","max-snippet":"max-snippet:-1","max-image-preview":"max-image-preview:large","max-video-preview":"max-video-preview:-1"},"canonical":"https:\/\/elfsight.com\/pl\/youtube-channel-plugin-yottie\/html\/","og_locale":"pl_PL","og_type":"article","og_title":"Galeria wideo YouTube \u2014 osadzaj kod wideo YouTube na stronie internetowej HTML","og_description":"Zaprojektuj spersonalizowan\u0105 galeri\u0119 wideo YouTube dla swojej witryny HTML w zaledwie 3 minuty! Wejd\u017a do bezp\u0142atnego panelu Elfsight i ukszta\u0142tuj w\u0142asny kod Galerii YouTube.","og_url":"https:\/\/elfsight.com\/pl\/youtube-channel-plugin-yottie\/html\/","og_site_name":"Elfsight PL","article_modified_time":"2025-06-20T10:02:12+00:00","twitter_card":"summary_large_image","twitter_misc":{"Szacowany czas czytania":"3 minuty"},"schema":{"@context":"https:\/\/schema.org","@graph":[{"@type":"WebPage","@id":"https:\/\/elfsight.com\/pl\/youtube-channel-plugin-yottie\/html\/","url":"https:\/\/elfsight.com\/pl\/youtube-channel-plugin-yottie\/html\/","name":"Galeria wideo YouTube \u2014 osadzaj kod wideo YouTube na stronie internetowej HTML","isPartOf":{"@id":"https:\/\/elfsight.com\/pl\/#website"},"datePublished":"1970-01-01T00:00:00+00:00","dateModified":"2025-06-20T10:02:12+00:00","description":"Zaprojektuj spersonalizowan\u0105 galeri\u0119 wideo YouTube dla swojej witryny HTML w zaledwie 3 minuty! Wejd\u017a do bezp\u0142atnego panelu Elfsight i ukszta\u0142tuj w\u0142asny kod Galerii YouTube.","breadcrumb":{"@id":"https:\/\/elfsight.com\/pl\/youtube-channel-plugin-yottie\/html\/#breadcrumb"},"inLanguage":"pl-PL","potentialAction":[{"@type":"ReadAction","target":["https:\/\/elfsight.com\/pl\/youtube-channel-plugin-yottie\/html\/"]}]},{"@type":"BreadcrumbList","@id":"https:\/\/elfsight.com\/pl\/youtube-channel-plugin-yottie\/html\/#breadcrumb","itemListElement":[{"@type":"ListItem","position":1,"name":"Home","item":"https:\/\/elfsight.com\/pl\/"},{"@type":"ListItem","position":2,"name":"YouTube Gallery","item":"https:\/\/elfsight.com\/pl\/youtube-channel-plugin-yottie\/"},{"@type":"ListItem","position":3,"name":"YouTube Gallery &#8211; HTML"}]},{"@type":"WebSite","@id":"https:\/\/elfsight.com\/pl\/#website","url":"https:\/\/elfsight.com\/pl\/","name":"Elfsight PL","description":"Just another Elfsight Sites site","potentialAction":[{"@type":"SearchAction","target":{"@type":"EntryPoint","urlTemplate":"https:\/\/elfsight.com\/pl\/?s={search_term_string}"},"query-input":{"@type":"PropertyValueSpecification","valueRequired":true,"valueName":"search_term_string"}}],"inLanguage":"pl-PL"}]}},"meta_box":{"industry":"","seo_heading":"","heading":"","description":"","cta_heading":"","cta_description":"","application":"785","h1":"Galeria wideo YouTube w formacie HTML","h1_caption":"Osad\u017a galeri\u0119 film\u00f3w z YouTube, aby bez problemu umie\u015bci\u0107 w swojej witrynie HTML tre\u015bci takie jak samouczki, referencje lub prezentacje produkt\u00f3w.","application_category":[],"applications_title":"","applications_request_title":"","applications_request_button_text":"","hero_text":"","hero_video":"","hero_video_schema_markup":"","selling_points_title":"","selling_points_caption":"","selling_points":[],"selling_points_cta_text":"","features_title":"","features":"","ed_cta_examples_text":"","ed_cta_examples_hidden":"","ed_cta_demo_text":"","ed_cta_demo_hidden":"","why_caption":"","why_editor_title":"","why_editor_text":"","why_team_title":"","why_team_text":"","why_service_title":"","why_service_text":"","template_catalog_visible":"0","template_catalog_title":"","template_catalog_text":"","template_catalog_categories_visible":"","demo_title":"Utw\u00f3rz wid\u017cet Galerii YouTube","demo_caption":"Skonfiguruj swoj\u0105 galeri\u0119 YouTube i dodaj j\u0105 do swojej witryny HTML za darmo!","default_faq_hidden":"","app_template_category":[],"platform":"50","template_public_id":"","codecanyon_url":"","codecanyon_item_id":"","codecanyon_price":"","pricing_caption":"","pricing_elfsight_apps_hide_column":"","pricing_elfsight_apps_url":"","pricing_codecanyon_price_caption":"","integration_category":[],"integration_request_title":"","integration_request_cta":"","integration_platform":"","integrations":[],"platform_category":[],"video_schema_markup":"","price":"od 0 USD \/ miesi\u0105c","trial":"","benefits":[{"text":"Bezp\u0142atna pomoc w monta\u017cu"},{"text":"Skuteczna obs\u0142uga klienta"},{"text":"14-dniowa gwarancja zwrotu pieni\u0119dzy"}],"button_url":"#demo","button_target_blank":"0","button_nofollow":"0","attributes":[{"name":"Instaluje"},{"name":"Czu\u0142y"},{"name":"Kompatybilne przegl\u0105darki"}],"tags":[],"tags_disable_links":"0","hide_more_platforms":"0","video_object":"","demo_hide_cta":"0","demo_hide_cloud_options":"0","pricing_title":"","pricing":[{"pricing_icon":"platform","pricing_title":"Elfsight Apps","pricing_title_caption":"Oprogramowanie wieloplatformowe","pricing_price":"od 0 USD \/ miesi\u0105c","pricing_price_caption":"zacznij od bezp\u0142atnego planu","pricing_benefits":[{"text":"Nielimitowane strony internetowe"},{"text":"Ca\u0142odobowe wsparcie i dobrze udokumentowane"},{"text":"Bezp\u0142atna pomoc przy instalacji"},{"text":"Specjalna cena za wiele aplikacji"}],"pricing_button_text":"Dodaj do witryny","pricing_button_url":"#demo"}],"related_apps_title":"","related_apps_hidden":"0","author":"","image":[],"title":"","job":"","social_networks":[]},"_links":{"self":[{"href":"https:\/\/elfsight.com\/pl\/wp-json\/wp\/v2\/pages\/7438","targetHints":{"allow":["GET"]}}],"collection":[{"href":"https:\/\/elfsight.com\/pl\/wp-json\/wp\/v2\/pages"}],"about":[{"href":"https:\/\/elfsight.com\/pl\/wp-json\/wp\/v2\/types\/page"}],"author":[{"embeddable":true,"href":"https:\/\/elfsight.com\/pl\/wp-json\/wp\/v2\/users\/9"}],"replies":[{"embeddable":true,"href":"https:\/\/elfsight.com\/pl\/wp-json\/wp\/v2\/comments?post=7438"}],"version-history":[{"count":3,"href":"https:\/\/elfsight.com\/pl\/wp-json\/wp\/v2\/pages\/7438\/revisions"}],"predecessor-version":[{"id":10196,"href":"https:\/\/elfsight.com\/pl\/wp-json\/wp\/v2\/pages\/7438\/revisions\/10196"}],"up":[{"embeddable":true,"href":"https:\/\/elfsight.com\/pl\/wp-json\/wp\/v2\/pages\/792"}],"wp:attachment":[{"href":"https:\/\/elfsight.com\/pl\/wp-json\/wp\/v2\/media?parent=7438"}],"curies":[{"name":"wp","href":"https:\/\/api.w.org\/{rel}","templated":true}]}}