{"id":7437,"date":"1970-01-01T00:00:00","date_gmt":"1970-01-01T00:00:00","guid":{"rendered":"https:\/\/elfsight.com\/pl\/?page_id=7437"},"modified":"2025-06-20T09:59:52","modified_gmt":"2025-06-20T09:59:52","slug":"joomla","status":"publish","type":"page","link":"https:\/\/elfsight.com\/pl\/youtube-channel-plugin-yottie\/joomla\/","title":{"rendered":"YouTube Gallery &#8211; Joomla"},"content":{"rendered":"<div class=\"application-platform-content-item-description application-platform-content-item\" id=\"description\" data-nav-section=\"description\"><h2>Opis<\/h2><p>Wielofunkcyjna wtyczka do YouTube, kt\u00f3ra umo\u017cliwia osadzanie wszelkiego rodzaju film\u00f3w na Twojej stronie internetowej. Wybierz \u017c\u0105dane kana\u0142y i pojedyncze klipy wideo, aby zaprojektowa\u0107 swoj\u0105 osobist\u0105 playlist\u0119 i zintegrowa\u0107 j\u0105 bezpo\u015brednio na stronie w odpowiednim uk\u0142adzie (galeria wideo, portfolio, kana\u0142, pojedynczy film). Nasza wtyczka doskonale dostosowuje si\u0119 do wszystkich gad\u017cet\u00f3w i system\u00f3w; posiada ponad 100 opcji, elastyczny szablon i wiele r\u00f3\u017cnych funkcji, kt\u00f3re pozwalaj\u0105 na integracj\u0119 go z r\u00f3\u017cnymi stronami internetowymi.<\/p><p><b>Stw\u00f3rz efektywn\u0105 spersonalizowan\u0105 galeri\u0119 wideo, kt\u00f3ra zapewni maksymalne zainteresowanie Twoich klient\u00f3w.<\/b> <\/p><ul><li><b>Zwi\u0119ksz wsp\u00f3\u0142prac\u0119 z odbiorcami Twojej witryny dzi\u0119ki filmom z YouTube<\/b>.<br>Przyci\u0105gaj odbiorc\u00f3w swojej witryny dzi\u0119ki fajnym tre\u015bciom z YouTube i dbaj o ich coraz wi\u0119ksze zainteresowanie. <\/li><li><b>Niech promocyjne tre\u015bci YouTube przyci\u0105gaj\u0105 wi\u0119ksz\u0105 sprzeda\u017c<\/b>.<br>Zintegruj filmy promocyjne, filmy analityczne, przewodniki, przegl\u0105dy i nie tylko, aby zapewni\u0107 u\u017cytkownikom pe\u0142ne informacje o Twoich ofertach i zach\u0119ci\u0107 ich do utw\u00f3rz zam\u00f3wienie.<\/li><li><b>Najlepsi czytelnicy Twojej strony YouTube<\/b>.<br>Zmie\u0144 osoby odwiedzaj\u0105ce witryn\u0119 w swoich fan\u00f3w w YouTube. Poka\u017c im szybki i prosty wariant ogl\u0105dania film\u00f3w i \u015bledzenia Twojego kana\u0142u bezpo\u015brednio z witryny.<\/li><\/ul><\/div><div class=\"application-platform-content-item-features application-platform-content-item\" id=\"features\" data-nav-section=\"features\"><h2>Funkcje<\/h2><p> Zalety wtyczki Elfsight, kt\u00f3re sprawiaj\u0105, \u017ce jest to najlepszy spos\u00f3b na osadzanie film\u00f3w z YouTube na stronie Joomla.<\/p><ul><li>Dodaj pojedyncze filmy, kana\u0142y lub playlisty;<\/li><li>Wybierz uk\u0142ad nag\u0142\u00f3wka : Klasyczny, Akcentowy, Minimalny;<\/li><li>Zmie\u0144 szeroko\u015b\u0107 wid\u017cetu;<\/li><li>3 tryby odtwarzania: wbudowany, w wyskakuj\u0105cym okienku i przekierowanie do YouTube;<\/li><li>Opcjonalny tryb darmowy do przewijaj filmy jeden po drugim;<\/li><li>5 gotowych schemat\u00f3w kolor\u00f3w;<\/li><li>dost\u0119pnych 18 j\u0119zyk\u00f3w.<\/li><\/ul><p><a href=\"#demo\">Test ca\u0142a lista cech w edytorze<\/a><\/p><\/div><div class=\"application-platform-content-item-installation application-platform-content-item\" id=\"installation\" data-nav-section=\"installation\"><h2>Jak osadzi\u0107 wtyczk\u0119 YouTube Video Gallery na stronie Joomla<\/h2><div class=\"video-container\"><iframe width=\"720\" height=\"405\" src=\"https:\/\/www.youtube.com\/embed\/Qg-cJ6_mHLk\" frameborder=\"0\" allowfullscreen=\"\"><\/iframe><\/div><p>Prosta instrukcja Elfsight dotycz\u0105ca wy\u015bwietlania i personalizacji rozszerzenia bez do\u015bwiadczenia w programowaniu stron internetowych. Ca\u0142kowity czas konfiguracji wynosi oko\u0142o 1 minuty.<\/p><ol><li><b>Wykonaj nasz darmowy konfigurator i zacznij budowa\u0107 w\u0142asne rozszerzenie. <\/b><br> Wybierz odpowiedni uk\u0142ad i funkcje rozszerzenia i zastosuj wszystkie poprawki. <\/li> <li><b>Skopiuj sw\u00f3j osobisty kod wy\u015bwietlony w polu aplikacji Elfsight. <\/b><br> Po zako\u0144czeniu konfiguracji swojego numeru wewn\u0119trznego skopiuj kod osobisty z wy\u015bwietlonego pola i zachowaj go do dalszego wykorzystania. <\/li> <li><b>Rozpocznij korzystanie z rozszerzenia w swojej witrynie Joomla. <\/b><br> Wprowad\u017a zapisany wcze\u015bniej kod w swojej witrynie i zastosuj ulepszenia. <\/li> <li><b>Konfiguracja zosta\u0142a w pe\u0142ni uko\u0144czona. <\/b><br> Przejd\u017a do swojej witryny, aby zobaczy\u0107 w akcji, jak dzia\u0142a rozszerzenie. <\/li><\/ol><p>Wyst\u0105pi\u0142y jakie\u015b problemy podczas instalacji lub zmiany parametr\u00f3w rozszerzenia YouTube? Po prostu skorzystaj z rozszerzonej instrukcji \u00ab<a href=\"https:\/\/elfsight.com\/tutorials\/how-to-add-youtube-gallery-plugin-to-joomla\/\" target=\"_blank\" rel=\"noopener noreferrer\"> Jak doda\u0107 YouTube na Joomla<\/a>\u00bb i zr\u00f3b to jeszcze raz samodzielnie lub napisz do obs\u0142ugi klienta Elfsight z kompleksowym wyja\u015bnieniem problemu.<\/p><\/div><div class=\"faq\" data-component=\"FAQ\"> <div class=\"faq-item\">\r\n\t\t\t\t\t<div class=\"faq-item-question\">\r\n\t\t\t\t\t\t<h3 class=\"faq-item-question-text\">W jaki spos\u00f3b doda\u0107 galeri\u0119 YouTube do witryny Joomla? <\/h3>\r\n\r\n\t\t\t\t\t\t<div class=\"faq-item-question-icon\"><\/div>\r\n\t\t\t\t\t<\/div>\r\n\r\n\t\t\t\t\t<div class=\"faq-item-answer\">\r\n\t\t\t\t\t\t<div class=\"faq-item-answer-text\"><p>Tworzenie narz\u0119dzia odbywa si\u0119 na stronach Elfsight i nie trzeba kodowa\u0107. Skorzystaj z naszego aktywnego demo, aby zaprojektowa\u0107 sw\u00f3j osobisty widget, uzyska\u0107 kod i doda\u0107 go na swoj\u0105 stron\u0119. <\/p><\/div>\r\n\t\t\t\t\t<\/div>\r\n\t\t\t\t<\/div><div class=\"faq-item\">\r\n\t\t\t\t\t<div class=\"faq-item-question\">\r\n\t\t\t\t\t\t<h3 class=\"faq-item-question-text\">Najlepsze sposoby wykorzystania integracji wtyczki wideo YouTube<\/h3>\r\n\r\n\t\t\t\t\t\t<div class=\"faq-item-question-icon\"><\/div>\r\n\t\t\t\t\t<\/div>\r\n\r\n\t\t\t\t\t<div class=\"faq-item-answer\">\r\n\t\t\t\t\t\t<div class=\"faq-item-answer-text\"><p>Mamy wiele mo\u017cliwo\u015bci personalizacji: pe\u0142nowymiarowe wid\u017cety do umieszczania w strefie tre\u015bci , p\u0142ywaj\u0105ce wid\u017cety do opcji przewijania, uk\u0142ady stopki, nag\u0142\u00f3wka i wszelkiego rodzaju pionowe mo\u017cliwo\u015bci pask\u00f3w bocznych i menu witryny. <\/p><\/div>\r\n\t\t\t\t\t<\/div>\r\n\t\t\t\t<\/div><div class=\"faq-item\">\r\n\t\t\t\t\t<div class=\"faq-item-question\">\r\n\t\t\t\t\t\t<h3 class=\"faq-item-question-text\">Czy za po\u015brednictwem redaktora mog\u0119 utworzy\u0107 wid\u017cet listy odtwarzania YouTube lub pojedynczego filmu? <\/h3>\r\n\r\n\t\t\t\t\t\t<div class=\"faq-item-question-icon\"><\/div>\r\n\t\t\t\t\t<\/div>\r\n\r\n\t\t\t\t\t<div class=\"faq-item-answer\">\r\n\t\t\t\t\t\t<div class=\"faq-item-answer-text\"><p>Mo\u017cesz tworzy\u0107 dowolne modyfikacje wid\u017cetu. W edytorze dost\u0119pnych jest wiele uk\u0142ad\u00f3w, a ka\u017cdy z nich mo\u017cna \u0142atwo spersonalizowa\u0107, tak jak Ci brakuje. <\/p><\/div>\r\n\t\t\t\t\t<\/div>\r\n\t\t\t\t<\/div><\/div>\n","protected":false},"excerpt":{"rendered":"","protected":false},"author":9,"featured_media":0,"parent":792,"menu_order":0,"comment_status":"closed","ping_status":"closed","template":"templates\/template-application-platform.php","meta":{"publish_to_discourse":"","publish_post_category":"","wpdc_auto_publish_overridden":"","wpdc_topic_tags":"","wpdc_pin_topic":"","wpdc_pin_until":"","discourse_post_id":"","discourse_permalink":"","wpdc_publishing_response":"","wpdc_publishing_error":"","footnotes":""},"class_list":["post-7437","page","type-page","status-publish","hentry"],"yoast_head":"<!-- This site is optimized with the Yoast SEO plugin v25.3.1 - https:\/\/yoast.com\/wordpress\/plugins\/seo\/ -->\n<title>Wtyczka Joomla YouTube - Dodaj galeri\u0119 wideo YouTube do witryny internetowej<\/title>\n<meta name=\"description\" content=\"Utw\u00f3rz niezr\u00f3wnan\u0105 wtyczk\u0119 YouTube dla swojej witryny Joomla w zaledwie 3 minuty! Wypr\u00f3buj darmowy panel Elfsight, aby wygenerowa\u0107 w\u0142asn\u0105 galeri\u0119 wideo YouTube.\" \/>\n<meta name=\"robots\" content=\"index, follow, max-snippet:-1, max-image-preview:large, max-video-preview:-1\" \/>\n<link rel=\"canonical\" href=\"https:\/\/elfsight.com\/pl\/youtube-channel-plugin-yottie\/joomla\/\" \/>\n<meta property=\"og:locale\" content=\"pl_PL\" \/>\n<meta property=\"og:type\" content=\"article\" \/>\n<meta property=\"og:title\" content=\"Wtyczka Joomla YouTube - Dodaj galeri\u0119 wideo YouTube do witryny internetowej\" \/>\n<meta property=\"og:description\" content=\"Utw\u00f3rz niezr\u00f3wnan\u0105 wtyczk\u0119 YouTube dla swojej witryny Joomla w zaledwie 3 minuty! Wypr\u00f3buj darmowy panel Elfsight, aby wygenerowa\u0107 w\u0142asn\u0105 galeri\u0119 wideo YouTube.\" \/>\n<meta property=\"og:url\" content=\"https:\/\/elfsight.com\/pl\/youtube-channel-plugin-yottie\/joomla\/\" \/>\n<meta property=\"og:site_name\" content=\"Elfsight PL\" \/>\n<meta property=\"article:modified_time\" content=\"2025-06-20T09:59:52+00:00\" \/>\n<meta name=\"twitter:card\" content=\"summary_large_image\" \/>\n<meta name=\"twitter:label1\" content=\"Szacowany czas czytania\" \/>\n\t<meta name=\"twitter:data1\" content=\"4 minuty\" \/>\n<!-- \/ Yoast SEO plugin. -->","yoast_head_json":{"title":"Wtyczka Joomla YouTube - Dodaj galeri\u0119 wideo YouTube do witryny internetowej","description":"Utw\u00f3rz niezr\u00f3wnan\u0105 wtyczk\u0119 YouTube dla swojej witryny Joomla w zaledwie 3 minuty! Wypr\u00f3buj darmowy panel Elfsight, aby wygenerowa\u0107 w\u0142asn\u0105 galeri\u0119 wideo YouTube.","robots":{"index":"index","follow":"follow","max-snippet":"max-snippet:-1","max-image-preview":"max-image-preview:large","max-video-preview":"max-video-preview:-1"},"canonical":"https:\/\/elfsight.com\/pl\/youtube-channel-plugin-yottie\/joomla\/","og_locale":"pl_PL","og_type":"article","og_title":"Wtyczka Joomla YouTube - Dodaj galeri\u0119 wideo YouTube do witryny internetowej","og_description":"Utw\u00f3rz niezr\u00f3wnan\u0105 wtyczk\u0119 YouTube dla swojej witryny Joomla w zaledwie 3 minuty! Wypr\u00f3buj darmowy panel Elfsight, aby wygenerowa\u0107 w\u0142asn\u0105 galeri\u0119 wideo YouTube.","og_url":"https:\/\/elfsight.com\/pl\/youtube-channel-plugin-yottie\/joomla\/","og_site_name":"Elfsight PL","article_modified_time":"2025-06-20T09:59:52+00:00","twitter_card":"summary_large_image","twitter_misc":{"Szacowany czas czytania":"4 minuty"},"schema":{"@context":"https:\/\/schema.org","@graph":[{"@type":"WebPage","@id":"https:\/\/elfsight.com\/pl\/youtube-channel-plugin-yottie\/joomla\/","url":"https:\/\/elfsight.com\/pl\/youtube-channel-plugin-yottie\/joomla\/","name":"Wtyczka Joomla YouTube - Dodaj galeri\u0119 wideo YouTube do witryny internetowej","isPartOf":{"@id":"https:\/\/elfsight.com\/pl\/#website"},"datePublished":"1970-01-01T00:00:00+00:00","dateModified":"2025-06-20T09:59:52+00:00","description":"Utw\u00f3rz niezr\u00f3wnan\u0105 wtyczk\u0119 YouTube dla swojej witryny Joomla w zaledwie 3 minuty! Wypr\u00f3buj darmowy panel Elfsight, aby wygenerowa\u0107 w\u0142asn\u0105 galeri\u0119 wideo YouTube.","breadcrumb":{"@id":"https:\/\/elfsight.com\/pl\/youtube-channel-plugin-yottie\/joomla\/#breadcrumb"},"inLanguage":"pl-PL","potentialAction":[{"@type":"ReadAction","target":["https:\/\/elfsight.com\/pl\/youtube-channel-plugin-yottie\/joomla\/"]}]},{"@type":"BreadcrumbList","@id":"https:\/\/elfsight.com\/pl\/youtube-channel-plugin-yottie\/joomla\/#breadcrumb","itemListElement":[{"@type":"ListItem","position":1,"name":"Home","item":"https:\/\/elfsight.com\/pl\/"},{"@type":"ListItem","position":2,"name":"YouTube Gallery","item":"https:\/\/elfsight.com\/pl\/youtube-channel-plugin-yottie\/"},{"@type":"ListItem","position":3,"name":"YouTube Gallery &#8211; Joomla"}]},{"@type":"WebSite","@id":"https:\/\/elfsight.com\/pl\/#website","url":"https:\/\/elfsight.com\/pl\/","name":"Elfsight PL","description":"Just another Elfsight Sites site","potentialAction":[{"@type":"SearchAction","target":{"@type":"EntryPoint","urlTemplate":"https:\/\/elfsight.com\/pl\/?s={search_term_string}"},"query-input":{"@type":"PropertyValueSpecification","valueRequired":true,"valueName":"search_term_string"}}],"inLanguage":"pl-PL"}]}},"meta_box":{"industry":"","seo_heading":"","heading":"","description":"","cta_heading":"","cta_description":"","application":"785","h1":"Wtyczka wideo Joomla YouTube","h1_caption":"Osad\u017a galeri\u0119 film\u00f3w z YouTube, aby bez problemu umie\u015bci\u0107 w witrynie Joomla tre\u015bci takie jak samouczki, referencje lub prezentacje produkt\u00f3w.","application_category":[],"applications_title":"","applications_request_title":"","applications_request_button_text":"","hero_text":"","hero_video":"","hero_video_schema_markup":"","selling_points_title":"","selling_points_caption":"","selling_points":[],"selling_points_cta_text":"","features_title":"","features":"","ed_cta_examples_text":"","ed_cta_examples_hidden":"","ed_cta_demo_text":"","ed_cta_demo_hidden":"","why_caption":"","why_editor_title":"","why_editor_text":"","why_team_title":"","why_team_text":"","why_service_title":"","why_service_text":"","template_catalog_visible":"0","template_catalog_title":"","template_catalog_text":"","template_catalog_categories_visible":"","demo_title":"Utw\u00f3rz wtyczk\u0119 Galerii YouTube","demo_caption":"Skonfiguruj swoj\u0105 galeri\u0119 YouTube i dodaj j\u0105 do swojej witryny Joomla za darmo!","default_faq_hidden":"","app_template_category":[],"platform":"53","template_public_id":"","codecanyon_url":"","codecanyon_item_id":"","codecanyon_price":"","pricing_caption":"","pricing_elfsight_apps_hide_column":"","pricing_elfsight_apps_url":"","pricing_codecanyon_price_caption":"","integration_category":[],"integration_request_title":"","integration_request_cta":"","integration_platform":"","integrations":[],"platform_category":[],"video_schema_markup":"","price":"od 0 USD \/ miesi\u0105c","trial":"","benefits":[{"text":"Bezp\u0142atna us\u0142uga monta\u017cu"},{"text":"Kompetentna obs\u0142uga klienta"},{"text":"14-dniowa gwarancja zwrotu pieni\u0119dzy"}],"button_url":"#demo","button_target_blank":"0","button_nofollow":"0","attributes":[{"name":"Instaluje"},{"name":"Czu\u0142y"},{"name":"Kompatybilne przegl\u0105darki"}],"tags":[],"tags_disable_links":"0","hide_more_platforms":"0","video_object":"","demo_hide_cta":"0","demo_hide_cloud_options":"0","pricing_title":"","pricing":[{"pricing_icon":"cloud","pricing_title":"Elfsight Apps","pricing_title_caption":"Wersja wieloplatformowa, kt\u00f3ra pasuje do ka\u017cdej witryny internetowej","pricing_price":"od 0 USD \/ miesi\u0105c","pricing_price_caption":"zacznij od bezp\u0142atnego planu","pricing_benefits":[{"text":"Nielimitowane strony internetowe"},{"text":"Szybkie wsparcie firmy"},{"text":"Bezp\u0142atna us\u0142uga monta\u017cu"},{"text":"Specjalna cena za wiele aplikacji"}],"pricing_button_text":"Dodaj do witryny","pricing_button_url":"#demo"}],"related_apps_title":"","related_apps_hidden":"0","author":"","image":[],"title":"","job":"","social_networks":[]},"_links":{"self":[{"href":"https:\/\/elfsight.com\/pl\/wp-json\/wp\/v2\/pages\/7437","targetHints":{"allow":["GET"]}}],"collection":[{"href":"https:\/\/elfsight.com\/pl\/wp-json\/wp\/v2\/pages"}],"about":[{"href":"https:\/\/elfsight.com\/pl\/wp-json\/wp\/v2\/types\/page"}],"author":[{"embeddable":true,"href":"https:\/\/elfsight.com\/pl\/wp-json\/wp\/v2\/users\/9"}],"replies":[{"embeddable":true,"href":"https:\/\/elfsight.com\/pl\/wp-json\/wp\/v2\/comments?post=7437"}],"version-history":[{"count":3,"href":"https:\/\/elfsight.com\/pl\/wp-json\/wp\/v2\/pages\/7437\/revisions"}],"predecessor-version":[{"id":10195,"href":"https:\/\/elfsight.com\/pl\/wp-json\/wp\/v2\/pages\/7437\/revisions\/10195"}],"up":[{"embeddable":true,"href":"https:\/\/elfsight.com\/pl\/wp-json\/wp\/v2\/pages\/792"}],"wp:attachment":[{"href":"https:\/\/elfsight.com\/pl\/wp-json\/wp\/v2\/media?parent=7437"}],"curies":[{"name":"wp","href":"https:\/\/api.w.org\/{rel}","templated":true}]}}