{"id":7430,"date":"1970-01-01T00:00:00","date_gmt":"1970-01-01T00:00:00","guid":{"rendered":"https:\/\/elfsight.com\/pl\/?page_id=7430"},"modified":"2025-06-20T10:03:22","modified_gmt":"2025-06-20T10:03:22","slug":"opencart","status":"publish","type":"page","link":"https:\/\/elfsight.com\/pl\/youtube-channel-plugin-yottie\/opencart\/","title":{"rendered":"YouTube Gallery &#8211; OpenCart"},"content":{"rendered":"<div class=\"application-platform-content-item-description application-platform-content-item\" id=\"description\" data-nav-section=\"description\">\n<h2>Opis<\/h2>\n<p>Zaawansowany widget dla YouTube, kt\u00f3ry pomaga dodawa\u0107 r\u00f3\u017cnorodne filmy do Twojej witryny. Znajd\u017a kana\u0142y i klipy wideo zwi\u0105zane z biznesem lub rozrywk\u0105, aby stworzy\u0107 idealn\u0105 playlist\u0119. Poka\u017c to bezpo\u015brednio na stronie, korzystaj\u0105c z najbardziej odpowiedniego uk\u0142adu (galeria wideo, portfolio, kana\u0142, pojedynczy film). Widget Elfsight dostosowuje si\u0119 do wszystkich gad\u017cet\u00f3w i przegl\u0105darek; zawiera oko\u0142o 100 parametr\u00f3w, konfigurowalny szablon i wiele r\u00f3\u017cnych funkcji, kt\u00f3re pomagaj\u0105 wy\u015bwietli\u0107 go na ka\u017cdej stronie internetowej.<\/p>\n<p><b>Wygeneruj skuteczn\u0105 indywidualn\u0105 galeri\u0119 wideo, aby bawi\u0107 i przyci\u0105ga\u0107 klient\u00f3w.<\/b><\/p>\n<ul>\n    <li><b>Prowad\u017a skuteczn\u0105 interakcj\u0119 z osobami odwiedzaj\u0105cymi Twoj\u0105 witryn\u0119, korzystaj\u0105c z film\u00f3w z YouTube<\/b>.<br>Zadziw odbiorc\u00f3w swojej witryny fascynuj\u0105cymi filmami z YouTube i spraw, aby pozostali zaanga\u017cowani d\u0142u\u017cej ni\u017c kiedykolwiek.<\/li>\n    <li><b>Niech odpowiednie tre\u015bci w YouTube pomog\u0105 Ci promowa\u0107 Twoje produkty<\/b>.<br>Wzbogacaj zawarto\u015b\u0107 swojej witryny o filmy analityczne, samouczki, przegl\u0105dy i nie tylko, aby pokaza\u0107 u\u017cytkownikom, jak atrakcyjne i popularne s\u0105 Twoje produkty i pozw\u00f3l im zrobi\u0107 jeszcze jeden krok do zakupu.<\/li>\n    <li><b>Zmaksymalizuj liczb\u0119 subskrybent\u00f3w swojego kana\u0142u YouTube<\/b>.<br>Przekszta\u0142\u0107 odwiedzaj\u0105cych witryn\u0119 w odbiorc\u00f3w w YouTube. Poka\u017c swoim klientom \u0142atwy i szybki spos\u00f3b ogl\u0105dania Twoich film\u00f3w i zostania Twoim subskrybentem.<\/li>\n<\/ul>\n<\/div>\n\n<div class=\"application-platform-content-item-features application-platform-content-item\" id=\"features\" data-nav-section=\"features\">\n<h2>Funkcje<\/h2>\n<p>Dzi\u0119ki tym niesamowitym cechom widget Elfsight to najlepsza metoda dodawania film\u00f3w z YouTube&#8217;a na stron\u0119 OpenCart.<\/p>\n<ul>\n    <li>Dodawaj \u017ar\u00f3d\u0142a wed\u0142ug adresu URL;<\/li>\n    <li>8 prze\u0142\u0105czalnych element\u00f3w nag\u0142\u00f3wka;<\/li>\n    <li>Ustaw odst\u0119py mi\u0119dzy filmami;<\/li>\n    <li>Liczba wy\u015bwietle\u0144 i polubie\u0144 film\u00f3w;<\/li>\n    <li>Opcje sterowania nawigacj\u0105: strza\u0142ki, przewijanie, przeci\u0105ganie;<\/li>\n    <li>8 element\u00f3w nag\u0142\u00f3wka do malowania;<\/li>\n    <li>Regulowany czas pami\u0119ci podr\u0119cznej.<\/li>\n<\/ul>\n<p><a href=\"#demo\">Poznaj wszystkie opcje edytora<\/a><\/p>\n<\/div>\n\n<div class=\"application-platform-content-item-installation application-platform-content-item\" id=\"installation\" data-nav-section=\"installation\">\n<h2>Jak doda\u0107 galeri\u0119 YouTube do witryny OpenCart<\/h2>\n<p>Wystarczy wykona\u0107 poni\u017csze kroki, aby aktywowa\u0107 wid\u017cet w OpenCart.<\/p>\n<ol>\n    <li><b>Otw\u00f3rz nasz darmowy konfigurator i zacznij kszta\u0142towa\u0107 sw\u00f3j unikalny wid\u017cet.<\/b><br>Znajd\u017a po\u017c\u0105dany uk\u0142ad i cechy narz\u0119dzia i zastosuj modyfikacje.<\/li>\n    <li><b>Uzyskaj osobisty kod pojawiaj\u0105cy si\u0119 w specjalnym formularzu w aplikacjach Elfsight.<\/b><br>Zaraz po skonfigurowaniu osobistego wid\u017cetu YouTube skopiuj osobisty kod z wy\u015bwietlonego pola i zachowaj go do p\u00f3\u017aniejszego wykorzystania.<\/li>\n    <li><b>Rozpocznij korzystanie z rozszerzenia na stronie OpenCart.<\/b><br>Umie\u015b\u0107 ostatnio skopiowany kod na swojej stronie internetowej i zapisz zmiany.<\/li>\n    <li><b>Instalacja zosta\u0142a w pe\u0142ni przeprowadzona.<\/b><br>Przejd\u017a na swoj\u0105 stron\u0119, aby zobaczy\u0107 dzia\u0142anie rozszerzenia.<\/li>\n<\/ol>\n<p>Masz trudno\u015bci z konfiguracj\u0105 lub personalizacj\u0105 Galerii YouTube? Przeczytaj szczeg\u00f3\u0142owy samouczek \u00ab<a href=\"https:\/\/elfsight.com\/tutorials\/how-to-add-youtube-video-module-to-opencart\/\" target=\"_blank\" rel=\"noopener noreferrer\">Jak wy\u015bwietli\u0107 YouTube na OpenCart<\/a>\u00bb i wypr\u00f3buj jeszcze raz samodzielnie.<\/p>\n<\/div>","protected":false},"excerpt":{"rendered":"","protected":false},"author":9,"featured_media":0,"parent":792,"menu_order":0,"comment_status":"closed","ping_status":"closed","template":"templates\/template-application-platform.php","meta":{"publish_to_discourse":"","publish_post_category":"","wpdc_auto_publish_overridden":"","wpdc_topic_tags":"","wpdc_pin_topic":"","wpdc_pin_until":"","discourse_post_id":"","discourse_permalink":"","wpdc_publishing_response":"","wpdc_publishing_error":"","footnotes":""},"class_list":["post-7430","page","type-page","status-publish","hentry"],"yoast_head":"<!-- This site is optimized with the Yoast SEO plugin v25.3.1 - https:\/\/yoast.com\/wordpress\/plugins\/seo\/ -->\n<title>Galeria wideo YouTube - Dodaj rozszerzenie YouTube do witryny OpenCart<\/title>\n<meta name=\"description\" content=\"Stw\u00f3rz swoj\u0105 unikaln\u0105 galeri\u0119 wideo YouTube dla witryny OpenCart w zaledwie 3 minuty! Wypr\u00f3buj darmowy edytor Elfsight, aby ustawi\u0107 w\u0142asny widget YouTube.\" \/>\n<meta name=\"robots\" content=\"index, follow, max-snippet:-1, max-image-preview:large, max-video-preview:-1\" \/>\n<link rel=\"canonical\" href=\"https:\/\/elfsight.com\/pl\/youtube-channel-plugin-yottie\/opencart\/\" \/>\n<meta property=\"og:locale\" content=\"pl_PL\" \/>\n<meta property=\"og:type\" content=\"article\" \/>\n<meta property=\"og:title\" content=\"Galeria wideo YouTube - Dodaj rozszerzenie YouTube do witryny OpenCart\" \/>\n<meta property=\"og:description\" content=\"Stw\u00f3rz swoj\u0105 unikaln\u0105 galeri\u0119 wideo YouTube dla witryny OpenCart w zaledwie 3 minuty! Wypr\u00f3buj darmowy edytor Elfsight, aby ustawi\u0107 w\u0142asny widget YouTube.\" \/>\n<meta property=\"og:url\" content=\"https:\/\/elfsight.com\/pl\/youtube-channel-plugin-yottie\/opencart\/\" \/>\n<meta property=\"og:site_name\" content=\"Elfsight PL\" \/>\n<meta property=\"article:modified_time\" content=\"2025-06-20T10:03:22+00:00\" \/>\n<meta name=\"twitter:card\" content=\"summary_large_image\" \/>\n<meta name=\"twitter:label1\" content=\"Szacowany czas czytania\" \/>\n\t<meta name=\"twitter:data1\" content=\"3 minuty\" \/>\n<!-- \/ Yoast SEO plugin. -->","yoast_head_json":{"title":"Galeria wideo YouTube - Dodaj rozszerzenie YouTube do witryny OpenCart","description":"Stw\u00f3rz swoj\u0105 unikaln\u0105 galeri\u0119 wideo YouTube dla witryny OpenCart w zaledwie 3 minuty! Wypr\u00f3buj darmowy edytor Elfsight, aby ustawi\u0107 w\u0142asny widget YouTube.","robots":{"index":"index","follow":"follow","max-snippet":"max-snippet:-1","max-image-preview":"max-image-preview:large","max-video-preview":"max-video-preview:-1"},"canonical":"https:\/\/elfsight.com\/pl\/youtube-channel-plugin-yottie\/opencart\/","og_locale":"pl_PL","og_type":"article","og_title":"Galeria wideo YouTube - Dodaj rozszerzenie YouTube do witryny OpenCart","og_description":"Stw\u00f3rz swoj\u0105 unikaln\u0105 galeri\u0119 wideo YouTube dla witryny OpenCart w zaledwie 3 minuty! Wypr\u00f3buj darmowy edytor Elfsight, aby ustawi\u0107 w\u0142asny widget YouTube.","og_url":"https:\/\/elfsight.com\/pl\/youtube-channel-plugin-yottie\/opencart\/","og_site_name":"Elfsight PL","article_modified_time":"2025-06-20T10:03:22+00:00","twitter_card":"summary_large_image","twitter_misc":{"Szacowany czas czytania":"3 minuty"},"schema":{"@context":"https:\/\/schema.org","@graph":[{"@type":"WebPage","@id":"https:\/\/elfsight.com\/pl\/youtube-channel-plugin-yottie\/opencart\/","url":"https:\/\/elfsight.com\/pl\/youtube-channel-plugin-yottie\/opencart\/","name":"Galeria wideo YouTube - Dodaj rozszerzenie YouTube do witryny OpenCart","isPartOf":{"@id":"https:\/\/elfsight.com\/pl\/#website"},"datePublished":"1970-01-01T00:00:00+00:00","dateModified":"2025-06-20T10:03:22+00:00","description":"Stw\u00f3rz swoj\u0105 unikaln\u0105 galeri\u0119 wideo YouTube dla witryny OpenCart w zaledwie 3 minuty! Wypr\u00f3buj darmowy edytor Elfsight, aby ustawi\u0107 w\u0142asny widget YouTube.","breadcrumb":{"@id":"https:\/\/elfsight.com\/pl\/youtube-channel-plugin-yottie\/opencart\/#breadcrumb"},"inLanguage":"pl-PL","potentialAction":[{"@type":"ReadAction","target":["https:\/\/elfsight.com\/pl\/youtube-channel-plugin-yottie\/opencart\/"]}]},{"@type":"BreadcrumbList","@id":"https:\/\/elfsight.com\/pl\/youtube-channel-plugin-yottie\/opencart\/#breadcrumb","itemListElement":[{"@type":"ListItem","position":1,"name":"Home","item":"https:\/\/elfsight.com\/pl\/"},{"@type":"ListItem","position":2,"name":"YouTube Gallery","item":"https:\/\/elfsight.com\/pl\/youtube-channel-plugin-yottie\/"},{"@type":"ListItem","position":3,"name":"YouTube Gallery &#8211; OpenCart"}]},{"@type":"WebSite","@id":"https:\/\/elfsight.com\/pl\/#website","url":"https:\/\/elfsight.com\/pl\/","name":"Elfsight PL","description":"Just another Elfsight Sites site","potentialAction":[{"@type":"SearchAction","target":{"@type":"EntryPoint","urlTemplate":"https:\/\/elfsight.com\/pl\/?s={search_term_string}"},"query-input":{"@type":"PropertyValueSpecification","valueRequired":true,"valueName":"search_term_string"}}],"inLanguage":"pl-PL"}]}},"meta_box":{"industry":"","seo_heading":"","heading":"","description":"","cta_heading":"","cta_description":"","application":"785","h1":"Galeria wideo YouTube dla OpenCart","h1_caption":"Osad\u017a galeri\u0119 film\u00f3w z YouTube, aby bez wysi\u0142ku umieszcza\u0107 tre\u015bci takie jak samouczki, referencje lub prezentacje produkt\u00f3w w swojej witrynie w witrynie Opencart.","application_category":[],"applications_title":"","applications_request_title":"","applications_request_button_text":"","hero_text":"","hero_video":"","hero_video_schema_markup":"","selling_points_title":"","selling_points_caption":"","selling_points":[],"selling_points_cta_text":"","features_title":"","features":"","ed_cta_examples_text":"","ed_cta_examples_hidden":"","ed_cta_demo_text":"","ed_cta_demo_hidden":"","why_caption":"","why_editor_title":"","why_editor_text":"","why_team_title":"","why_team_text":"","why_service_title":"","why_service_text":"","template_catalog_visible":"0","template_catalog_title":"","template_catalog_text":"","template_catalog_categories_visible":"","demo_title":"Utw\u00f3rz rozszerzenie Galerii YouTube","demo_caption":"Skonfiguruj swoj\u0105 galeri\u0119 YouTube i dodaj j\u0105 do swojej witryny OpenCart za darmo!","default_faq_hidden":"","app_template_category":[],"platform":"107","template_public_id":"","codecanyon_url":"","codecanyon_item_id":"","codecanyon_price":"","pricing_caption":"","pricing_elfsight_apps_hide_column":"","pricing_elfsight_apps_url":"","pricing_codecanyon_price_caption":"","integration_category":[],"integration_request_title":"","integration_request_cta":"","integration_platform":"","integrations":[],"platform_category":[],"video_schema_markup":"","price":"od 0 USD \/ miesi\u0105c","trial":"","benefits":[{"text":"Bezp\u0142atna us\u0142uga monta\u017cu"},{"text":"Kompetentna obs\u0142uga klienta"},{"text":"14-dniowa gwarancja zwrotu pieni\u0119dzy"}],"button_url":"#demo","button_target_blank":"0","button_nofollow":"0","attributes":[{"name":"Instaluje"},{"name":"Czu\u0142y"},{"name":"Kompatybilne przegl\u0105darki"}],"tags":[],"tags_disable_links":"0","hide_more_platforms":"0","video_object":"","demo_hide_cta":"0","demo_hide_cloud_options":"0","pricing_title":"","pricing":[{"pricing_icon":"platform","pricing_title":"Elfsight Apps","pricing_title_caption":"Oprogramowanie wieloplatformowe, kt\u00f3re dzia\u0142a na dowolnej stronie internetowej","pricing_price":"od 0 USD \/ miesi\u0105c","pricing_price_caption":"zacznij od bezp\u0142atnego planu","pricing_benefits":[{"text":"Nielimitowane strony internetowe"},{"text":"Szybkie wsparcie firmy"},{"text":"Bezp\u0142atne wsparcie instalacyjne"},{"text":"Elastyczny projekt"}],"pricing_button_text":"Dodaj do witryny","pricing_button_url":"#demo"}],"related_apps_title":"","related_apps_hidden":"0","author":"","image":[],"title":"","job":"","social_networks":[]},"_links":{"self":[{"href":"https:\/\/elfsight.com\/pl\/wp-json\/wp\/v2\/pages\/7430","targetHints":{"allow":["GET"]}}],"collection":[{"href":"https:\/\/elfsight.com\/pl\/wp-json\/wp\/v2\/pages"}],"about":[{"href":"https:\/\/elfsight.com\/pl\/wp-json\/wp\/v2\/types\/page"}],"author":[{"embeddable":true,"href":"https:\/\/elfsight.com\/pl\/wp-json\/wp\/v2\/users\/9"}],"replies":[{"embeddable":true,"href":"https:\/\/elfsight.com\/pl\/wp-json\/wp\/v2\/comments?post=7430"}],"version-history":[{"count":2,"href":"https:\/\/elfsight.com\/pl\/wp-json\/wp\/v2\/pages\/7430\/revisions"}],"predecessor-version":[{"id":10197,"href":"https:\/\/elfsight.com\/pl\/wp-json\/wp\/v2\/pages\/7430\/revisions\/10197"}],"up":[{"embeddable":true,"href":"https:\/\/elfsight.com\/pl\/wp-json\/wp\/v2\/pages\/792"}],"wp:attachment":[{"href":"https:\/\/elfsight.com\/pl\/wp-json\/wp\/v2\/media?parent=7430"}],"curies":[{"name":"wp","href":"https:\/\/api.w.org\/{rel}","templated":true}]}}