{"id":7429,"date":"2024-05-03T06:55:40","date_gmt":"2024-05-03T06:55:40","guid":{"rendered":"https:\/\/elfsight.com\/pl\/?page_id=7429"},"modified":"2026-01-29T12:06:45","modified_gmt":"2026-01-29T12:06:45","slug":"squarespace","status":"publish","type":"page","link":"https:\/\/elfsight.com\/pl\/youtube-channel-plugin-yottie\/squarespace\/","title":{"rendered":"YouTube Gallery &#8211; Squarespace"},"content":{"rendered":"<div class=\"application-platform-content-item-description application-platform-content-item\" id=\"description\" data-nav-section=\"description\"><h2>Osad\u017a galeri\u0119 YouTube w Squarespace za pomoc\u0105 wid\u017cetu Elfsight<\/h2><p>Zaawansowany wid\u017cet dla YouTube, kt\u00f3ry pomaga wy\u015bwietla\u0107 r\u00f3\u017cnorodne filmy na Strona internetowa. Wybierz odpowiednie kana\u0142y i klipy wideo, aby stworzy\u0107 w\u0142asn\u0105 playlist\u0119 i zaprezentuj j\u0105 na stronie przy u\u017cyciu najbardziej odpowiedniego uk\u0142adu (galeria wideo, portfolio, kana\u0142, pojedynczy film). Wid\u017cet Elfsight reaguje na wszystkie formaty i systemy; posiada 100 opcji interfejsu, adaptacyjny uk\u0142ad i wiele innych cech, kt\u00f3re umo\u017cliwiaj\u0105 korzystanie z niego na r\u00f3\u017cnorodnych stronach internetowych.<\/p><p><b>Zaprojektuj dostosowan\u0105 galeri\u0119 wideo, aby stale zwi\u0119ksza\u0107 zainteresowanie swoich u\u017cytkownik\u00f3w.<\/b> <\/p><ul><li><b>Wzmocnij swoj\u0105 interakcj\u0119 z odbiorcami witryny za pomoc\u0105 film\u00f3w z YouTube<\/b>.<br>Zach\u0119\u0107 u\u017cytkownik\u00f3w swojej witryny efektownymi tre\u015bciami z YouTube i utrzymuj ich coraz wi\u0119ksze zaanga\u017cowanie. <\/li><li><b>Zwi\u0119ksz liczb\u0119 zam\u00f3wie\u0144 z witryny pokazuj\u0105cej przekonuj\u0105ce filmy promocyjne<\/b>.<br>Wy\u015bwietlaj reklamy wideo, recenzje, tutoriale i nie tylko, aby zapewni\u0107 u\u017cytkownikom pe\u0142n\u0105 informacj\u0119 o swoich towarach i przekona\u0107 ich do zakupu.<\/li><li><b>Znajd\u017a wi\u0119cej docelowych subskrybent\u00f3w swojej strony YouTube<\/b>.<br>Przekszta\u0142\u0107 odbiorc\u00f3w witryny w swoich subskrybent\u00f3w w YouTube. Umie\u015b\u0107 prosty spos\u00f3b ogl\u0105dania film\u00f3w i subskrybowania bezpo\u015brednio ze strony internetowej.<\/li><\/ul><\/div><div class=\"application-platform-content-item-features application-platform-content-item\" id=\"features\" data-nav-section=\"features\"><h2>G\u0142\u00f3wne funkcje wid\u017cetu Galeria YouTube<\/h2><p>Najpot\u0119\u017cniejsze funkcje tego wid\u017cetu, kt\u00f3re przekszta\u0142caj\u0105 go w najlepsze narz\u0119dzie do dodawania film\u00f3w z YouTube&#8217;a na stronie Squarespace.<\/p><ul><li>Utw\u00f3rz grupy \u017ar\u00f3d\u0142owe;<\/li><li>Wybierz uk\u0142ad nag\u0142\u00f3wka: Klasyczny, Akcentowy, Minimalny;<\/li><li>Ustaw dowoln\u0105 liczb\u0119 kolumn i wierszy;<\/li><li>Liczba wy\u015bwietle\u0144 i polubie\u0144 film\u00f3w;<\/li><li>Opcje sterowania nawigacj\u0105: strza\u0142ki, przewijanie, przeci\u0105gnij;<\/li><li>7 element\u00f3w suwaka do malowania;<\/li><li>dost\u0119pnych jest 18 j\u0119zyk\u00f3w.<\/li><\/ul><p><a href=\"#demo\">Wypr\u00f3buj ca\u0142\u0105 list\u0119 charakterystyka edytora<\/a><\/p><\/div><div class=\"application-platform-content-item-installation application-platform-content-item\" id=\"installation\" data-nav-section=\"installation\"><h2>Jak osadzi\u0107 galeri\u0119 wideo YouTube w witrynie Squarespace<\/h2><div class=\"video-container\"><iframe allowfullscreen=\"\" frameborder=\"0\" height=\"405\" src=\"https:\/\/www.youtube.com\/embed\/PkRGOs7dkjo?si=pqx0B33fq8fgrGEd\" width=\"720\"><\/iframe><\/div><p>Kr\u00f3tki plan naszego zespo\u0142u dotycz\u0105cy wy\u015bwietlania i generowania bez umiej\u0119tno\u015bci rozwoju. \u015aredni czas instalacji wynosi mniej ni\u017c 2 minuty.<\/p><ol><li><b>Utw\u00f3rz swoj\u0105 osobist\u0105 wtyczk\u0119 YouTube<\/b>.<br>Dzi\u0119ki naszemu bezp\u0142atnemu konfiguratorowi wygeneruj wtyczk\u0119 z wymaganym szablonem i mo\u017cliwo\u015bciami.<\/b> li&gt;<li><b>Uzyskaj kod do konfiguracji wtyczki<\/b>.<br>Po dostosowaniu wtyczki zdob\u0105d\u017a kod do Galerii YouTube z wy\u015bwietlonego okna aplikacji Elfsight.<\/li><li><b>Odkryj wtyczk\u0119 na swojej stronie<\/b>.<br>Osad\u017a wtyczk\u0119 wideo w odpowiednim miejscu witryny i zapisz zmiany.<\/li><li><b>Integracja przebieg\u0142a pomy\u015blnie!<\/b><br>Odwied\u017a witryn\u0119 SquareSpace, aby zobaczy\u0107 wtyczk\u0119 YouTube.<\/li><\/ol><p>Masz problemy z konfiguracj\u0105 lub dostosowaniem wid\u017cetu? Po prostu sprawd\u017a szczeg\u00f3\u0142owy samouczek \u00ab<a href=\"https:\/\/elfsight.com\/tutorials\/how-to-embed-youtube-video-gallery-on-squarespace\/\" target=\"_blank\" rel=\"noopener noreferrer\"> Jak osadzi\u0107 film z YouTube&#8217;a na Squarespace<\/a>\u00bb i spr\u00f3buj ponownie samodzielnie. Mo\u017cesz te\u017c skontaktowa\u0107 si\u0119 z naszym centrum pomocy, podaj\u0105c szczeg\u00f3\u0142owy opis swojej sytuacji.<\/p><div class=\"faq\" data-component=\"FAQ\"><div class=\"faq-item\">\r\n\t\t\t\t\t<div class=\"faq-item-question\">\r\n\t\t\t\t\t\t<h3 class=\"faq-item-question-text\">Jak mog\u0119 doda\u0107 galeri\u0119 wideo YouTube do mojej witryny Squarespace bez umiej\u0119tno\u015bci kodowania?<\/h3>\r\n\r\n\t\t\t\t\t\t<div class=\"faq-item-question-icon\"><\/div>\r\n\t\t\t\t\t<\/div>\r\n\r\n\t\t\t\t\t<div class=\"faq-item-answer\">\r\n\t\t\t\t\t\t<div class=\"faq-item-answer-text\"><p>Elfsight oferuje chmur\u0119 oparte na rozwi\u0105zaniu, kt\u00f3re pozwala u\u017cytkownikom samodzielnie utworzy\u0107 galeri\u0119 wideo YouTube. Zobacz, jak prosty jest ten proces:<\/p><ul><li>Uzyskaj dost\u0119p do edytora online, aby wygenerowa\u0107 sekcj\u0119 Galerii wideo YouTube, kt\u00f3r\u0105 chcesz zintegrowa\u0107 do swojej witryny Squarespace.<\/li><li>Wybierz jeden z naszych wst\u0119pnie zaprojektowanych szablon\u00f3w i dostosuj ustawienia Galerii wideo YouTube, zmodyfikuj uk\u0142ad i schemat kolor\u00f3w, do\u0142\u0105cz swoje tre\u015bci bez konieczno\u015bci kodowania.<\/li><li>Zapisz ustawienia skonfigurowane dla Galerii wideo YouTube i uzyskaj kod wid\u017cetu do umieszczenia na stronie, kt\u00f3ry mo\u017cna \u0142atwo i bezp\u0142atnie doda\u0107 do witryny Squarespace.<\/li><\/ul><p>Pracuj\u0105c w trybie u\u017cytkownika -przyjazny edytorze, ka\u017cdy u\u017cytkownik Internetu mo\u017ce utworzy\u0107 sekcj\u0119 Galerii wideo YouTube i osadzi\u0107 j\u0105 na swojej stronie internetowej Squarespace. Aby uzyska\u0107 dost\u0119p do Edytora Elfsight, nie jest wymagana \u017cadna p\u0142atno\u015b\u0107 ani ujawnianie danych karty. Je\u015bli na kt\u00f3rymkolwiek etapie napotkasz jakiekolwiek trudno\u015bci, skontaktuj si\u0119 z naszym dzia\u0142em obs\u0142ugi klienta.<\/p><\/div>\r\n\t\t\t\t\t<\/div>\r\n\t\t\t\t<\/div><\/div><\/div>","protected":false},"excerpt":{"rendered":"","protected":false},"author":9,"featured_media":0,"parent":792,"menu_order":0,"comment_status":"closed","ping_status":"closed","template":"templates\/template-application-platform.php","meta":{"publish_to_discourse":"","publish_post_category":"","wpdc_auto_publish_overridden":"","wpdc_topic_tags":"","wpdc_pin_topic":"","wpdc_pin_until":"","discourse_post_id":"","discourse_permalink":"","wpdc_publishing_response":"","wpdc_publishing_error":"","footnotes":""},"class_list":["post-7429","page","type-page","status-publish","hentry"],"yoast_head":"<!-- This site is optimized with the Yoast SEO plugin v25.3.1 - https:\/\/yoast.com\/wordpress\/plugins\/seo\/ -->\n<title>Wtyczka YouTube \u2014 osadzaj galeri\u0119 wideo YouTube na stronie internetowej SquareSpace<\/title>\n<meta name=\"description\" content=\"Zaprojektuj spersonalizowan\u0105 galeri\u0119 wideo YouTube dla swojej witryny Squarespace w zaledwie 3 minuty! Przetestuj darmowy edytor Elfsight, aby ustawi\u0107 w\u0142asny widget YouTube.\" \/>\n<meta name=\"robots\" content=\"index, follow, max-snippet:-1, max-image-preview:large, max-video-preview:-1\" \/>\n<link rel=\"canonical\" href=\"https:\/\/elfsight.com\/pl\/youtube-channel-plugin-yottie\/squarespace\/\" \/>\n<meta property=\"og:locale\" content=\"pl_PL\" \/>\n<meta property=\"og:type\" content=\"article\" \/>\n<meta property=\"og:title\" content=\"Wtyczka YouTube \u2014 osadzaj galeri\u0119 wideo YouTube na stronie internetowej SquareSpace\" \/>\n<meta property=\"og:description\" content=\"Zaprojektuj spersonalizowan\u0105 galeri\u0119 wideo YouTube dla swojej witryny Squarespace w zaledwie 3 minuty! Przetestuj darmowy edytor Elfsight, aby ustawi\u0107 w\u0142asny widget YouTube.\" \/>\n<meta property=\"og:url\" content=\"https:\/\/elfsight.com\/pl\/youtube-channel-plugin-yottie\/squarespace\/\" \/>\n<meta property=\"og:site_name\" content=\"Elfsight PL\" \/>\n<meta property=\"article:modified_time\" content=\"2026-01-29T12:06:45+00:00\" \/>\n<meta name=\"twitter:card\" content=\"summary_large_image\" \/>\n<meta name=\"twitter:label1\" content=\"Szacowany czas czytania\" \/>\n\t<meta name=\"twitter:data1\" content=\"4 minuty\" \/>\n<!-- \/ Yoast SEO plugin. -->","yoast_head_json":{"title":"Wtyczka YouTube \u2014 osadzaj galeri\u0119 wideo YouTube na stronie internetowej SquareSpace","description":"Zaprojektuj spersonalizowan\u0105 galeri\u0119 wideo YouTube dla swojej witryny Squarespace w zaledwie 3 minuty! Przetestuj darmowy edytor Elfsight, aby ustawi\u0107 w\u0142asny widget YouTube.","robots":{"index":"index","follow":"follow","max-snippet":"max-snippet:-1","max-image-preview":"max-image-preview:large","max-video-preview":"max-video-preview:-1"},"canonical":"https:\/\/elfsight.com\/pl\/youtube-channel-plugin-yottie\/squarespace\/","og_locale":"pl_PL","og_type":"article","og_title":"Wtyczka YouTube \u2014 osadzaj galeri\u0119 wideo YouTube na stronie internetowej SquareSpace","og_description":"Zaprojektuj spersonalizowan\u0105 galeri\u0119 wideo YouTube dla swojej witryny Squarespace w zaledwie 3 minuty! Przetestuj darmowy edytor Elfsight, aby ustawi\u0107 w\u0142asny widget YouTube.","og_url":"https:\/\/elfsight.com\/pl\/youtube-channel-plugin-yottie\/squarespace\/","og_site_name":"Elfsight PL","article_modified_time":"2026-01-29T12:06:45+00:00","twitter_card":"summary_large_image","twitter_misc":{"Szacowany czas czytania":"4 minuty"},"schema":{"@context":"https:\/\/schema.org","@graph":[{"@type":"WebPage","@id":"https:\/\/elfsight.com\/pl\/youtube-channel-plugin-yottie\/squarespace\/","url":"https:\/\/elfsight.com\/pl\/youtube-channel-plugin-yottie\/squarespace\/","name":"Wtyczka YouTube \u2014 osadzaj galeri\u0119 wideo YouTube na stronie internetowej SquareSpace","isPartOf":{"@id":"https:\/\/elfsight.com\/pl\/#website"},"datePublished":"2024-05-03T06:55:40+00:00","dateModified":"2026-01-29T12:06:45+00:00","description":"Zaprojektuj spersonalizowan\u0105 galeri\u0119 wideo YouTube dla swojej witryny Squarespace w zaledwie 3 minuty! Przetestuj darmowy edytor Elfsight, aby ustawi\u0107 w\u0142asny widget YouTube.","breadcrumb":{"@id":"https:\/\/elfsight.com\/pl\/youtube-channel-plugin-yottie\/squarespace\/#breadcrumb"},"inLanguage":"pl-PL","potentialAction":[{"@type":"ReadAction","target":["https:\/\/elfsight.com\/pl\/youtube-channel-plugin-yottie\/squarespace\/"]}]},{"@type":"BreadcrumbList","@id":"https:\/\/elfsight.com\/pl\/youtube-channel-plugin-yottie\/squarespace\/#breadcrumb","itemListElement":[{"@type":"ListItem","position":1,"name":"Home","item":"https:\/\/elfsight.com\/pl\/"},{"@type":"ListItem","position":2,"name":"YouTube Gallery","item":"https:\/\/elfsight.com\/pl\/youtube-channel-plugin-yottie\/"},{"@type":"ListItem","position":3,"name":"YouTube Gallery &#8211; Squarespace"}]},{"@type":"WebSite","@id":"https:\/\/elfsight.com\/pl\/#website","url":"https:\/\/elfsight.com\/pl\/","name":"Elfsight PL","description":"Just another Elfsight Sites site","potentialAction":[{"@type":"SearchAction","target":{"@type":"EntryPoint","urlTemplate":"https:\/\/elfsight.com\/pl\/?s={search_term_string}"},"query-input":{"@type":"PropertyValueSpecification","valueRequired":true,"valueName":"search_term_string"}}],"inLanguage":"pl-PL"}]}},"meta_box":{"industry":"","seo_heading":"","heading":"","description":"","cta_heading":"","cta_description":"","application":"785","h1":"Galeria wideo YouTube dla Squarespace","h1_caption":"Osad\u017a galeri\u0119 film\u00f3w z YouTube, aby bez problemu umieszcza\u0107 tre\u015bci takie jak samouczki, referencje lub prezentacje produkt\u00f3w w swojej witrynie w witrynie Squarespace.","application_category":[],"applications_title":"","applications_request_title":"","applications_request_button_text":"","hero_text":"","hero_video":"","hero_video_schema_markup":"","selling_points_title":"","selling_points_caption":"","selling_points":[],"selling_points_cta_text":"","features_title":"","features":"","ed_cta_examples_text":"","ed_cta_examples_hidden":"","ed_cta_demo_text":"","ed_cta_demo_hidden":"","why_caption":"","why_editor_title":"","why_editor_text":"","why_team_title":"","why_team_text":"","why_service_title":"","why_service_text":"","template_catalog_visible":"0","template_catalog_title":"","template_catalog_text":"","template_catalog_categories_visible":"","demo_title":"Utw\u00f3rz wtyczk\u0119 Galerii YouTube","demo_caption":"Skonfiguruj swoj\u0105 galeri\u0119 YouTube i dodaj j\u0105 do swojej witryny Squarespace za darmo!","default_faq_hidden":"","app_template_category":[],"platform":"7588","template_public_id":"","codecanyon_url":"","codecanyon_item_id":"","codecanyon_price":"","pricing_caption":"","pricing_elfsight_apps_hide_column":"","pricing_elfsight_apps_url":"","pricing_codecanyon_price_caption":"","integration_category":[],"integration_request_title":"","integration_request_cta":"","integration_platform":"","integrations":[],"platform_category":[],"video_schema_markup":"","price":"od 0 USD \/ miesi\u0105c","trial":"","benefits":[{"text":"Bezp\u0142atna pomoc w monta\u017cu"},{"text":"Skuteczna obs\u0142uga klienta"},{"text":"14-dniowa gwarancja zwrotu pieni\u0119dzy"},{"text":"Do\u017cywotnie bezp\u0142atne ulepszenia"}],"button_url":"#demo","button_target_blank":"0","button_nofollow":"0","attributes":[{"name":"Instaluje"},{"name":"Czu\u0142y","content":"Tak"},{"name":"Kompatybilne przegl\u0105darki","content":"Firefox, Safari, Opera, Chrome, Edge"}],"tags":[],"tags_disable_links":"0","hide_more_platforms":"0","video_object":"","demo_hide_cta":"0","demo_hide_cloud_options":"0","pricing_title":"","pricing":[{"pricing_icon":"platform","pricing_title":"Elfsight Apps","pricing_title_caption":"Oprogramowanie niezale\u017cne od platformy, kt\u00f3re pasuje do ka\u017cdej witryny internetowej","pricing_price":"od 0 USD \/ miesi\u0105c","pricing_price_caption":"zacznij od bezp\u0142atnego planu","pricing_benefits":[{"text":"Nielimitowane strony internetowe"},{"text":"Profesjonalna obs\u0142uga klienta i dobrze udokumentowana"},{"text":"Bezp\u0142atna us\u0142uga monta\u017cu"},{"text":"100% konfigurowalny"}],"pricing_button_text":"Dodaj do witryny","pricing_button_url":"#demo"}],"related_apps_title":"","related_apps_hidden":"0","author":"","image":[],"title":"","job":"","social_networks":[]},"_links":{"self":[{"href":"https:\/\/elfsight.com\/pl\/wp-json\/wp\/v2\/pages\/7429","targetHints":{"allow":["GET"]}}],"collection":[{"href":"https:\/\/elfsight.com\/pl\/wp-json\/wp\/v2\/pages"}],"about":[{"href":"https:\/\/elfsight.com\/pl\/wp-json\/wp\/v2\/types\/page"}],"author":[{"embeddable":true,"href":"https:\/\/elfsight.com\/pl\/wp-json\/wp\/v2\/users\/9"}],"replies":[{"embeddable":true,"href":"https:\/\/elfsight.com\/pl\/wp-json\/wp\/v2\/comments?post=7429"}],"version-history":[{"count":3,"href":"https:\/\/elfsight.com\/pl\/wp-json\/wp\/v2\/pages\/7429\/revisions"}],"predecessor-version":[{"id":10859,"href":"https:\/\/elfsight.com\/pl\/wp-json\/wp\/v2\/pages\/7429\/revisions\/10859"}],"up":[{"embeddable":true,"href":"https:\/\/elfsight.com\/pl\/wp-json\/wp\/v2\/pages\/792"}],"wp:attachment":[{"href":"https:\/\/elfsight.com\/pl\/wp-json\/wp\/v2\/media?parent=7429"}],"curies":[{"name":"wp","href":"https:\/\/api.w.org\/{rel}","templated":true}]}}