{"id":7424,"date":"1970-01-01T00:00:00","date_gmt":"1970-01-01T00:00:00","guid":{"rendered":"https:\/\/elfsight.com\/pl\/?page_id=7424"},"modified":"2025-06-20T10:07:00","modified_gmt":"2025-06-20T10:07:00","slug":"webnode","status":"publish","type":"page","link":"https:\/\/elfsight.com\/pl\/youtube-channel-plugin-yottie\/webnode\/","title":{"rendered":"YouTube Gallery &#8211; Webnode"},"content":{"rendered":"<div class=\"application-platform-content-item-description application-platform-content-item\" id=\"description\" data-nav-section=\"description\">\n<h2>Opis<\/h2>\n<p>Wielofunkcyjny widget dla YouTube, kt\u00f3ry umo\u017cliwia wy\u015bwietlanie film\u00f3w w serwisie WWW. Wybierz \u017c\u0105dane kana\u0142y i klipy wideo, aby utworzy\u0107 swoj\u0105 playlist\u0119 i zintegruj j\u0105 bezpo\u015brednio ze stron\u0105, korzystaj\u0105c z najbardziej odpowiedniego uk\u0142adu (galeria wideo, portfolio, kana\u0142, pojedynczy film). Nasz widget dostosowuje si\u0119 do wszystkich urz\u0105dze\u0144 i przegl\u0105darek; ma 100 parametr\u00f3w, elastyczny szablon i wiele innych cech, kt\u00f3re pozwalaj\u0105 umie\u015bci\u0107 go na ka\u017cdej stronie internetowej.<\/p>\n<p><b>Ustaw unikaln\u0105 galeri\u0119 wideo, aby utrzyma\u0107 zainteresowanie swoich klient\u00f3w.<\/b><\/p>\n<ul>\n    <li><b>Zwi\u0119ksz interakcj\u0119 z klientami Twojej witryny dzi\u0119ki anga\u017cuj\u0105cym filmom z YouTube<\/b>.<br>Zach\u0119\u0107 odbiorc\u00f3w swojej witryny wysokiej jako\u015bci tre\u015bciami z YouTube i utrzymaj ich zainteresowanie na d\u0142u\u017cej.<\/li>\n    <li><b>Uzyskaj wi\u0119cej zam\u00f3wie\u0144 z witryny z odpowiedni\u0105 tre\u015bci\u0105 YouTube<\/b>.<br>Pokazuj filmy promocyjne, recenzje, przewodniki i wiele innych, aby Twoi u\u017cytkownicy mogli w pe\u0142ni zrozumie\u0107 zapoznaj si\u0119 ze swoimi produktami i warunkami handlowymi i podejmij pozytywn\u0105 decyzj\u0119 o zakupie.<\/li>\n    <li><b>Zdob\u0105d\u017a wi\u0119cej docelowych fan\u00f3w dla swojego profilu YouTube<\/b>.<br>Przekszta\u0142\u0107 odwiedzaj\u0105cych witryn\u0119 w swoich subskrybent\u00f3w w YouTube. Zintegruj szybki i prosty spos\u00f3b ogl\u0105dania film\u00f3w i subskrybowania swojego kana\u0142u bezpo\u015brednio ze strony.<\/li>\n<\/ul>\n<\/div>\n\n<div class=\"application-platform-content-item-features application-platform-content-item\" id=\"features\" data-nav-section=\"features\">\n<h2>Funkcje<\/h2>\n<p>Oto najcenniejsze opcje naszego widgetu, kt\u00f3re czyni\u0105 go najlepszym narz\u0119dziem do wy\u015bwietlania film\u00f3w z YouTube&#8217;a na stronie Webnode.<\/p>\n<ul>\n    <li>Tw\u00f3rz grupy \u017ar\u00f3d\u0142owe;<\/li>\n    <li>Edytowalna nazwa kana\u0142u;<\/li>\n    <li>Zmie\u0144 szeroko\u015b\u0107 wid\u017cetu;<\/li>\n    <li>Liczba wy\u015bwietle\u0144 i polubie\u0144 film\u00f3w;<\/li>\n    <li>Opcja wstrzymania automatycznego odtwarzania po najechaniu myszk\u0105;<\/li>\n    <li>8 element\u00f3w nag\u0142\u00f3wka do malowania;<\/li>\n    <li>Dost\u0119pnych jest 18 j\u0119zyk\u00f3w.<\/li>\n<\/ul>\n<p><a href=\"#demo\">Przetestuj wszystkie funkcje w wersji demonstracyjnej<\/a><\/p>\n<\/div>\n\n<div class=\"application-platform-content-item-installation application-platform-content-item\" id=\"installation\" data-nav-section=\"installation\">\n<h2>Jak doda\u0107 galeri\u0119 YouTube do witryny Webnode<\/h2>\n<p>Kr\u00f3tka instrukcja Elfsight dotycz\u0105ca instalacji i dostosowania interfejsu bez konieczno\u015bci posiadania umiej\u0119tno\u015bci tworzenia stron internetowych. \u015aredni czas instalacji wynosi mniej ni\u017c 90 sekund.<\/p>\n<ol>\n    <li><b>Utw\u00f3rz swoj\u0105 osobist\u0105 galeri\u0119 wideo YouTube<\/b>.<br>Dzi\u0119ki naszej bezp\u0142atnej wersji demonstracyjnej utw\u00f3rz wtyczk\u0119 o niezb\u0119dnym wygl\u0105dzie i mo\u017cliwo\u015bciach.<\/li>\n    <li><b>Odbierz kod do osadzenia wtyczki<\/b>.<br>Po ustawieniu wid\u017cetu zdob\u0105d\u017a kod do wtyczki YouTube z powiadomienia, kt\u00f3re pojawi si\u0119 w aplikacji Elfsight.<\/li>\n    <li><b>Opublikuj wtyczk\u0119 na stronie Webnode<\/b>.<br>Zintegruj wtyczk\u0119 z witryn\u0105 w odpowiednim miejscu i zastosuj wyniki.<\/li>\n    <li><b>Gotowe!<\/b><br>Wejd\u017a na swoj\u0105 witryn\u0119 Webnode i zobacz swoj\u0105 prac\u0119.<\/li>\n<\/ol>\n<p>Napotka\u0142e\u015b jakie\u015b pytania podczas instalowania lub dostosowywania Galerii YouTube? Sprawd\u017a to w naszej rozszerzonej instrukcji \u00ab<a href=\"https:\/\/elfsight.com\/tutorials\/how-to-add-youtube-video-plugin-to-webnode\/\" target=\"_blank\" rel=\"noopener noreferrer\">Jak osadzi\u0107 YouTube na Webnode<\/a>\u00bb lub zostaw wiadomo\u015b\u0107 w naszym centrum pomocy z pe\u0142nym opisem problemu.<\/p>\n<\/div>","protected":false},"excerpt":{"rendered":"","protected":false},"author":9,"featured_media":0,"parent":792,"menu_order":0,"comment_status":"closed","ping_status":"closed","template":"templates\/template-application-platform.php","meta":{"publish_to_discourse":"","publish_post_category":"","wpdc_auto_publish_overridden":"","wpdc_topic_tags":"","wpdc_pin_topic":"","wpdc_pin_until":"","discourse_post_id":"","discourse_permalink":"","wpdc_publishing_response":"","wpdc_publishing_error":"","footnotes":""},"class_list":["post-7424","page","type-page","status-publish","hentry"],"yoast_head":"<!-- This site is optimized with the Yoast SEO plugin v25.3.1 - https:\/\/yoast.com\/wordpress\/plugins\/seo\/ -->\n<title>Galeria wideo YouTube - Dodaj wtyczk\u0119 YouTube do witryny Webnode<\/title>\n<meta name=\"description\" content=\"Wygeneruj niezr\u00f3wnan\u0105 galeri\u0119 wideo YouTube dla swojej witryny Webnode w zaledwie 2 minuty! Przetestuj darmowy edytor Elfsight, aby ustawi\u0107 w\u0142asny widget YouTube.\" \/>\n<meta name=\"robots\" content=\"index, follow, max-snippet:-1, max-image-preview:large, max-video-preview:-1\" \/>\n<link rel=\"canonical\" href=\"https:\/\/elfsight.com\/pl\/youtube-channel-plugin-yottie\/webnode\/\" \/>\n<meta property=\"og:locale\" content=\"pl_PL\" \/>\n<meta property=\"og:type\" content=\"article\" \/>\n<meta property=\"og:title\" content=\"Galeria wideo YouTube - Dodaj wtyczk\u0119 YouTube do witryny Webnode\" \/>\n<meta property=\"og:description\" content=\"Wygeneruj niezr\u00f3wnan\u0105 galeri\u0119 wideo YouTube dla swojej witryny Webnode w zaledwie 2 minuty! Przetestuj darmowy edytor Elfsight, aby ustawi\u0107 w\u0142asny widget YouTube.\" \/>\n<meta property=\"og:url\" content=\"https:\/\/elfsight.com\/pl\/youtube-channel-plugin-yottie\/webnode\/\" \/>\n<meta property=\"og:site_name\" content=\"Elfsight PL\" \/>\n<meta property=\"article:modified_time\" content=\"2025-06-20T10:07:00+00:00\" \/>\n<meta name=\"twitter:card\" content=\"summary_large_image\" \/>\n<meta name=\"twitter:label1\" content=\"Szacowany czas czytania\" \/>\n\t<meta name=\"twitter:data1\" content=\"3 minuty\" \/>\n<!-- \/ Yoast SEO plugin. -->","yoast_head_json":{"title":"Galeria wideo YouTube - Dodaj wtyczk\u0119 YouTube do witryny Webnode","description":"Wygeneruj niezr\u00f3wnan\u0105 galeri\u0119 wideo YouTube dla swojej witryny Webnode w zaledwie 2 minuty! Przetestuj darmowy edytor Elfsight, aby ustawi\u0107 w\u0142asny widget YouTube.","robots":{"index":"index","follow":"follow","max-snippet":"max-snippet:-1","max-image-preview":"max-image-preview:large","max-video-preview":"max-video-preview:-1"},"canonical":"https:\/\/elfsight.com\/pl\/youtube-channel-plugin-yottie\/webnode\/","og_locale":"pl_PL","og_type":"article","og_title":"Galeria wideo YouTube - Dodaj wtyczk\u0119 YouTube do witryny Webnode","og_description":"Wygeneruj niezr\u00f3wnan\u0105 galeri\u0119 wideo YouTube dla swojej witryny Webnode w zaledwie 2 minuty! Przetestuj darmowy edytor Elfsight, aby ustawi\u0107 w\u0142asny widget YouTube.","og_url":"https:\/\/elfsight.com\/pl\/youtube-channel-plugin-yottie\/webnode\/","og_site_name":"Elfsight PL","article_modified_time":"2025-06-20T10:07:00+00:00","twitter_card":"summary_large_image","twitter_misc":{"Szacowany czas czytania":"3 minuty"},"schema":{"@context":"https:\/\/schema.org","@graph":[{"@type":"WebPage","@id":"https:\/\/elfsight.com\/pl\/youtube-channel-plugin-yottie\/webnode\/","url":"https:\/\/elfsight.com\/pl\/youtube-channel-plugin-yottie\/webnode\/","name":"Galeria wideo YouTube - Dodaj wtyczk\u0119 YouTube do witryny Webnode","isPartOf":{"@id":"https:\/\/elfsight.com\/pl\/#website"},"datePublished":"1970-01-01T00:00:00+00:00","dateModified":"2025-06-20T10:07:00+00:00","description":"Wygeneruj niezr\u00f3wnan\u0105 galeri\u0119 wideo YouTube dla swojej witryny Webnode w zaledwie 2 minuty! Przetestuj darmowy edytor Elfsight, aby ustawi\u0107 w\u0142asny widget YouTube.","breadcrumb":{"@id":"https:\/\/elfsight.com\/pl\/youtube-channel-plugin-yottie\/webnode\/#breadcrumb"},"inLanguage":"pl-PL","potentialAction":[{"@type":"ReadAction","target":["https:\/\/elfsight.com\/pl\/youtube-channel-plugin-yottie\/webnode\/"]}]},{"@type":"BreadcrumbList","@id":"https:\/\/elfsight.com\/pl\/youtube-channel-plugin-yottie\/webnode\/#breadcrumb","itemListElement":[{"@type":"ListItem","position":1,"name":"Home","item":"https:\/\/elfsight.com\/pl\/"},{"@type":"ListItem","position":2,"name":"YouTube Gallery","item":"https:\/\/elfsight.com\/pl\/youtube-channel-plugin-yottie\/"},{"@type":"ListItem","position":3,"name":"YouTube Gallery &#8211; Webnode"}]},{"@type":"WebSite","@id":"https:\/\/elfsight.com\/pl\/#website","url":"https:\/\/elfsight.com\/pl\/","name":"Elfsight PL","description":"Just another Elfsight Sites site","potentialAction":[{"@type":"SearchAction","target":{"@type":"EntryPoint","urlTemplate":"https:\/\/elfsight.com\/pl\/?s={search_term_string}"},"query-input":{"@type":"PropertyValueSpecification","valueRequired":true,"valueName":"search_term_string"}}],"inLanguage":"pl-PL"}]}},"meta_box":{"industry":"","seo_heading":"","heading":"","description":"","cta_heading":"","cta_description":"","application":"785","h1":"Galeria wideo YouTube dla Webnode","h1_caption":"Osad\u017a galeri\u0119 film\u00f3w z YouTube, aby bez problemu umieszcza\u0107 tre\u015bci takie jak samouczki, referencje lub prezentacje produkt\u00f3w w swojej witrynie internetowej w witrynie Webnode.","application_category":[],"applications_title":"","applications_request_title":"","applications_request_button_text":"","hero_text":"","hero_video":"","hero_video_schema_markup":"","selling_points_title":"","selling_points_caption":"","selling_points":[],"selling_points_cta_text":"","features_title":"","features":"","ed_cta_examples_text":"","ed_cta_examples_hidden":"","ed_cta_demo_text":"","ed_cta_demo_hidden":"","why_caption":"","why_editor_title":"","why_editor_text":"","why_team_title":"","why_team_text":"","why_service_title":"","why_service_text":"","template_catalog_visible":"0","template_catalog_title":"","template_catalog_text":"","template_catalog_categories_visible":"","demo_title":"Utw\u00f3rz wid\u017cet Galerii YouTube","demo_caption":"Skonfiguruj swoj\u0105 galeri\u0119 YouTube i dodaj j\u0105 do swojej witryny Webnode za darmo!","default_faq_hidden":"","app_template_category":[],"platform":"138","template_public_id":"","codecanyon_url":"","codecanyon_item_id":"","codecanyon_price":"","pricing_caption":"","pricing_elfsight_apps_hide_column":"","pricing_elfsight_apps_url":"","pricing_codecanyon_price_caption":"","integration_category":[],"integration_request_title":"","integration_request_cta":"","integration_platform":"","integrations":[],"platform_category":[],"video_schema_markup":"","price":"od 0 USD \/ miesi\u0105c","trial":"","benefits":[{"text":"Bezp\u0142atna us\u0142uga monta\u017cu"},{"text":"Wyj\u0105tkowe wsparcie"},{"text":"14-dniowa gwarancja zwrotu pieni\u0119dzy"}],"button_url":"#demo","button_target_blank":"0","button_nofollow":"0","attributes":[{"name":"Instaluje"},{"name":"Czu\u0142y"},{"name":"Kompatybilne przegl\u0105darki"}],"tags":[],"tags_disable_links":"0","hide_more_platforms":"0","video_object":"","demo_hide_cta":"0","demo_hide_cloud_options":"0","pricing_title":"","pricing":[{"pricing_icon":"platform","pricing_title":"Elfsight Apps","pricing_title_caption":"Wieloplatformowe rozwi\u0105zanie cyfrowe","pricing_price":"od 0 USD \/ miesi\u0105c","pricing_price_caption":"zacznij od bezp\u0142atnego planu","pricing_benefits":[{"text":"Wieloplatformowe rozwi\u0105zanie cyfrowe"},{"text":"Bezp\u0142atne wsparcie"},{"text":"Bezp\u0142atna pomoc w monta\u017cu"},{"text":"\u015awietna oferta na wiele aplikacji"}],"pricing_button_text":"Dodaj do witryny","pricing_button_url":"#demo"}],"related_apps_title":"","related_apps_hidden":"0","author":"","image":[],"title":"","job":"","social_networks":[]},"_links":{"self":[{"href":"https:\/\/elfsight.com\/pl\/wp-json\/wp\/v2\/pages\/7424","targetHints":{"allow":["GET"]}}],"collection":[{"href":"https:\/\/elfsight.com\/pl\/wp-json\/wp\/v2\/pages"}],"about":[{"href":"https:\/\/elfsight.com\/pl\/wp-json\/wp\/v2\/types\/page"}],"author":[{"embeddable":true,"href":"https:\/\/elfsight.com\/pl\/wp-json\/wp\/v2\/users\/9"}],"replies":[{"embeddable":true,"href":"https:\/\/elfsight.com\/pl\/wp-json\/wp\/v2\/comments?post=7424"}],"version-history":[{"count":2,"href":"https:\/\/elfsight.com\/pl\/wp-json\/wp\/v2\/pages\/7424\/revisions"}],"predecessor-version":[{"id":10199,"href":"https:\/\/elfsight.com\/pl\/wp-json\/wp\/v2\/pages\/7424\/revisions\/10199"}],"up":[{"embeddable":true,"href":"https:\/\/elfsight.com\/pl\/wp-json\/wp\/v2\/pages\/792"}],"wp:attachment":[{"href":"https:\/\/elfsight.com\/pl\/wp-json\/wp\/v2\/media?parent=7424"}],"curies":[{"name":"wp","href":"https:\/\/api.w.org\/{rel}","templated":true}]}}