{"id":7423,"date":"1970-01-01T00:00:00","date_gmt":"1970-01-01T00:00:00","guid":{"rendered":"https:\/\/elfsight.com\/pl\/?page_id=7423"},"modified":"2026-01-13T10:02:32","modified_gmt":"2026-01-13T10:02:32","slug":"wix","status":"publish","type":"page","link":"https:\/\/elfsight.com\/pl\/youtube-channel-plugin-yottie\/wix\/","title":{"rendered":"YouTube Gallery &#8211; Wix"},"content":{"rendered":"<div class=\"application-platform-content-item-description application-platform-content-item\" id=\"description\" data-nav-section=\"description\"><h2>Opis<\/h2><p>Galeria YouTube to pot\u0119\u017cny widget, kt\u00f3ry umo\u017cliwia publikacj\u0119 r\u00f3\u017cnorodnych film\u00f3w w serwisie. Wybierz wymagane kana\u0142y i klipy wideo, aby stworzy\u0107 swoj\u0105 osobist\u0105 playlist\u0119 i wy\u015bwietl j\u0105 bezpo\u015brednio na stronie internetowej, korzystaj\u0105c z najbardziej odpowiedniego uk\u0142adu (galeria wideo, portfolio, kana\u0142, pojedynczy film). Nasz widget jest kompatybilny ze wszystkimi formatami i systemami; ma ponad 100 parametr\u00f3w, elastyczny uk\u0142ad i inne cechy, kt\u00f3re umo\u017cliwiaj\u0105 wy\u015bwietlanie go na dowolnej stronie internetowej.<\/p><p><b>Zaprojektuj wydajn\u0105 galeri\u0119 wideo, aby utrzyma\u0107 zainteresowanie widz\u00f3w.<\/b><\/p><ul><li><b>Utrzymuj silne wi\u0119zi z u\u017cytkownikami swojej witryny za po\u015brednictwem film\u00f3w w YouTube<\/b>.<br>Zadziwaj odwiedzaj\u0105cych swoj\u0105 witryn\u0119 fascynuj\u0105cymi tre\u015bciami wideo z YouTube i zatrzymuj ich na d\u0142u\u017cej.<\/li> <li><b>Zwi\u0119ksz sprzeda\u017c przekonuj\u0105c\u0105 do zakupu za pomoc\u0105 tre\u015bci YouTube<\/b>.<br>Pokazuj filmy promocyjne, recenzje, przewodniki, samouczki i inne tre\u015bci, aby stworzy\u0107 pozytywny wizerunek marki i stymulowa\u0107 sprzeda\u017c.<\/li> <li><b>Wi\u0119cej fan\u00f3w Twojego profilu YouTube<\/b>.<br>Zmie\u0144 osoby odwiedzaj\u0105ce witryn\u0119 w swoich obserwuj\u0105cych w YouTube. Poka\u017c u\u017cytkownikom szybki i nieskomplikowany spos\u00f3b subskrybowania bezpo\u015brednio w witrynie i zwi\u0119kszania liczby subskrybent\u00f3w.<\/li><\/ul><\/div><div class=\"application-platform-content-item-features application-platform-content-item\" id=\"features\" data-nav-section=\"features\"><h2>Funkcje<\/h2><p>Zobacz jedn\u0105 z najkorzystniejszych funkcji aplikacji Elfsight, kt\u00f3re czyni\u0105 j\u0105 najlepszym narz\u0119dziem do osadzania film\u00f3w z YouTube na stronie Wix.<\/p><ul><li>Dodaj nieograniczon\u0105 liczb\u0119 \u017ar\u00f3de\u0142;<\/li><li>Poka\u017c lub ukryj nag\u0142\u00f3wek ;<\/li><li>Ustaw odst\u0119p mi\u0119dzy filmami;<\/li><li>8 prze\u0142\u0105czalnych element\u00f3w wideo: tytu\u0142, czas trwania, opis, liczba i wi\u0119cej;<\/li><li>Opcjonalny tryb wolny do przewijania film\u00f3w o jeden o jeden;<\/li><li>15 element\u00f3w wideo do malowania;<\/li><li>dost\u0119pnych jest 18 j\u0119zyk\u00f3w.<\/li><\/ul><p><a href=\"#demo\">Wypr\u00f3buj wszystkie cechy w wersji demonstracyjnej<\/a><\/p><\/div><div class=\"application-platform-content-item-installation application-platform-content-item\" id=\"installation\" data-nav-section=\"installation\"><h2>Jak osadzi\u0107 galeri\u0119 wideo YouTube na stronie Wix<\/h2><div class=\"video-container\">\n    <iframe width=\"720\" height=\"405\" src=\"https:\/\/www.youtube.com\/embed\/Josn4ZT0eEQ?si=I_1huvEVkqZqKrj4\" frameborder=\"0\" allowfullscreen><\/iframe>\n<\/div><p>A zwi\u0119z\u0142y przewodnik Elfsight na temat integracji aplikacji i zmiany jej interfejsu. Nie wymaga to \u017cadnej wiedzy programistycznej i zajmuje tylko oko\u0142o 80 sekund.<\/p><ol><li><b>Stw\u00f3rz w\u0142asny widget YouTube<\/b>.<br> Za pomoc\u0105 naszego <a href=\" #demo\">darmowe demo<\/a>, wygeneruj aplikacj\u0119 o preferowanym wygl\u0105dzie i opcjach.<\/li><li><b>Uzyskaj kod do osadzenia wid\u017cetu<\/b>.<br> Po skonfigurowaniu aplikacji uzyskaj kod Galerii Wideo YouTube z wyskakuj\u0105cego okna aplikacji Elfsight.<\/li><li><b>Osad\u017a wid\u017cet na stronie Wix<\/b>.<br> Dodaj aplikacj\u0119 w wybranym miejscu witryny i zapisz zmiany.<\/li><li><b>Instalacja przebieg\u0142a pomy\u015blnie<\/b>.<br> Przejd\u017a do swojej witryny, aby zobaczy\u0107 swoj\u0105 aplikacj\u0119 wideo.<\/li><\/ol><p>Wyst\u0105pi\u0142y jakiekolwiek problemy podczas instalacji lub pr\u00f3b dostosowania aplikacji? Mo\u017cesz to sprawdzi\u0107 w naszym poradniku \u00ab<a href=\"https:\/\/elfsight.com\/tutorials\/how-to-add-youtube-plugin-for-wix\/\" target=\"_blank\" rel=\"noopener noreferrer\"> Jak osadzi\u0107 wideo z YouTube&#8217;a na stronie Wix<\/a>\u00bb i spr\u00f3buj naprawi\u0107 to samodzielnie. Lub wy\u015blij opis swojego problemu do naszego dzia\u0142u obs\u0142ugi klienta.<\/p><\/div><div class=\"faq\" data-component=\"FAQ\"><div class=\"faq-item\">\r\n\t\t\t\t\t<div class=\"faq-item-question\">\r\n\t\t\t\t\t\t<h3 class=\"faq-item-question-text\">Jak mog\u0119 doda\u0107 galeri\u0119 YouTube do witryny Wix? <\/h3>\r\n\r\n\t\t\t\t\t\t<div class=\"faq-item-question-icon\"><\/div>\r\n\t\t\t\t\t<\/div>\r\n\r\n\t\t\t\t\t<div class=\"faq-item-answer\">\r\n\t\t\t\t\t\t<div class=\"faq-item-answer-text\"><p>Tworzenie narz\u0119dzia odbywa si\u0119 na stronach Elfsight i nie ma potrzeby nauki kodowania. Przejd\u017a do naszej wersji demonstracyjnej na \u017cywo, aby dostosowa\u0107 swoje osobiste narz\u0119dzie, pobierz kod i dodaj go na swojej stronie. <\/p><\/div>\r\n\t\t\t\t\t<\/div>\r\n\t\t\t\t<\/div><div class=\"faq-item\">\r\n\t\t\t\t\t<div class=\"faq-item-question\">\r\n\t\t\t\t\t\t<h3 class=\"faq-item-question-text\">Najlepsze sposoby wykorzystania integracji z Galeri\u0105 wideo YouTube<\/h3>\r\n\r\n\t\t\t\t\t\t<div class=\"faq-item-question-icon\"><\/div>\r\n\t\t\t\t\t<\/div>\r\n\r\n\t\t\t\t\t<div class=\"faq-item-answer\">\r\n\t\t\t\t\t\t<div class=\"faq-item-answer-text\"><p>Zapewnimy Ci szerok\u0105 gam\u0119 opcji personalizacji: pe\u0142nowymiarowe wid\u017cety dla wstawianie w strefie tre\u015bci, p\u0142ywaj\u0105ce wid\u017cety do opcji przewijania, miniatury do stopki Twojej witryny, sekcja nag\u0142\u00f3wka i wszelkiego rodzaju mo\u017cliwo\u015bci pionowe dla pask\u00f3w bocznych i menu witryny. <\/p><\/div>\r\n\t\t\t\t\t<\/div>\r\n\t\t\t\t<\/div><div class=\"faq-item\">\r\n\t\t\t\t\t<div class=\"faq-item-question\">\r\n\t\t\t\t\t\t<h3 class=\"faq-item-question-text\">Czy mog\u0119 utworzy\u0107 kana\u0142 YouTube lub playlist\u0119 za po\u015brednictwem redaktora? <\/h3>\r\n\r\n\t\t\t\t\t\t<div class=\"faq-item-question-icon\"><\/div>\r\n\t\t\t\t\t<\/div>\r\n\r\n\t\t\t\t\t<div class=\"faq-item-answer\">\r\n\t\t\t\t\t\t<div class=\"faq-item-answer-text\"><p>Mo\u017cesz stworzy\u0107 dowolne zmiany wid\u017cetu. W edytorze dost\u0119pnych jest mn\u00f3stwo uk\u0142ad\u00f3w, a ka\u017cdy z nich mo\u017cna \u0142atwo dostosowa\u0107 do w\u0142asnych potrzeb. <\/p><\/div>\r\n\t\t\t\t\t<\/div>\r\n\t\t\t\t<\/div><\/div>\n","protected":false},"excerpt":{"rendered":"","protected":false},"author":9,"featured_media":0,"parent":792,"menu_order":0,"comment_status":"closed","ping_status":"closed","template":"templates\/template-application-platform.php","meta":{"publish_to_discourse":"","publish_post_category":"","wpdc_auto_publish_overridden":"","wpdc_topic_tags":"","wpdc_pin_topic":"","wpdc_pin_until":"","discourse_post_id":"","discourse_permalink":"","wpdc_publishing_response":"","wpdc_publishing_error":"","footnotes":""},"class_list":["post-7423","page","type-page","status-publish","hentry"],"yoast_head":"<!-- This site is optimized with the Yoast SEO plugin v25.3.1 - https:\/\/yoast.com\/wordpress\/plugins\/seo\/ -->\n<title>Aplikacja YouTube \u2014 osadzaj galeri\u0119 wideo YouTube na stronie internetowej WIX<\/title>\n<meta name=\"description\" content=\"Stw\u00f3rz wspania\u0142\u0105 galeri\u0119 wideo YouTube dla swojej witryny Wix w zaledwie 3 minuty! Przetestuj darmowy edytor firmy Elfsight, aby stworzy\u0107 w\u0142asn\u0105 aplikacj\u0119 YouTube.\" \/>\n<meta name=\"robots\" content=\"index, follow, max-snippet:-1, max-image-preview:large, max-video-preview:-1\" \/>\n<link rel=\"canonical\" href=\"https:\/\/elfsight.com\/pl\/youtube-channel-plugin-yottie\/wix\/\" \/>\n<meta property=\"og:locale\" content=\"pl_PL\" \/>\n<meta property=\"og:type\" content=\"article\" \/>\n<meta property=\"og:title\" content=\"Aplikacja YouTube \u2014 osadzaj galeri\u0119 wideo YouTube na stronie internetowej WIX\" \/>\n<meta property=\"og:description\" content=\"Stw\u00f3rz wspania\u0142\u0105 galeri\u0119 wideo YouTube dla swojej witryny Wix w zaledwie 3 minuty! Przetestuj darmowy edytor firmy Elfsight, aby stworzy\u0107 w\u0142asn\u0105 aplikacj\u0119 YouTube.\" \/>\n<meta property=\"og:url\" content=\"https:\/\/elfsight.com\/pl\/youtube-channel-plugin-yottie\/wix\/\" \/>\n<meta property=\"og:site_name\" content=\"Elfsight PL\" \/>\n<meta property=\"article:modified_time\" content=\"2026-01-13T10:02:32+00:00\" \/>\n<meta name=\"twitter:card\" content=\"summary_large_image\" \/>\n<meta name=\"twitter:label1\" content=\"Szacowany czas czytania\" \/>\n\t<meta name=\"twitter:data1\" content=\"3 minuty\" \/>\n<!-- \/ Yoast SEO plugin. -->","yoast_head_json":{"title":"Aplikacja YouTube \u2014 osadzaj galeri\u0119 wideo YouTube na stronie internetowej WIX","description":"Stw\u00f3rz wspania\u0142\u0105 galeri\u0119 wideo YouTube dla swojej witryny Wix w zaledwie 3 minuty! Przetestuj darmowy edytor firmy Elfsight, aby stworzy\u0107 w\u0142asn\u0105 aplikacj\u0119 YouTube.","robots":{"index":"index","follow":"follow","max-snippet":"max-snippet:-1","max-image-preview":"max-image-preview:large","max-video-preview":"max-video-preview:-1"},"canonical":"https:\/\/elfsight.com\/pl\/youtube-channel-plugin-yottie\/wix\/","og_locale":"pl_PL","og_type":"article","og_title":"Aplikacja YouTube \u2014 osadzaj galeri\u0119 wideo YouTube na stronie internetowej WIX","og_description":"Stw\u00f3rz wspania\u0142\u0105 galeri\u0119 wideo YouTube dla swojej witryny Wix w zaledwie 3 minuty! Przetestuj darmowy edytor firmy Elfsight, aby stworzy\u0107 w\u0142asn\u0105 aplikacj\u0119 YouTube.","og_url":"https:\/\/elfsight.com\/pl\/youtube-channel-plugin-yottie\/wix\/","og_site_name":"Elfsight PL","article_modified_time":"2026-01-13T10:02:32+00:00","twitter_card":"summary_large_image","twitter_misc":{"Szacowany czas czytania":"3 minuty"},"schema":{"@context":"https:\/\/schema.org","@graph":[{"@type":"WebPage","@id":"https:\/\/elfsight.com\/pl\/youtube-channel-plugin-yottie\/wix\/","url":"https:\/\/elfsight.com\/pl\/youtube-channel-plugin-yottie\/wix\/","name":"Aplikacja YouTube \u2014 osadzaj galeri\u0119 wideo YouTube na stronie internetowej WIX","isPartOf":{"@id":"https:\/\/elfsight.com\/pl\/#website"},"datePublished":"1970-01-01T00:00:00+00:00","dateModified":"2026-01-13T10:02:32+00:00","description":"Stw\u00f3rz wspania\u0142\u0105 galeri\u0119 wideo YouTube dla swojej witryny Wix w zaledwie 3 minuty! Przetestuj darmowy edytor firmy Elfsight, aby stworzy\u0107 w\u0142asn\u0105 aplikacj\u0119 YouTube.","breadcrumb":{"@id":"https:\/\/elfsight.com\/pl\/youtube-channel-plugin-yottie\/wix\/#breadcrumb"},"inLanguage":"pl-PL","potentialAction":[{"@type":"ReadAction","target":["https:\/\/elfsight.com\/pl\/youtube-channel-plugin-yottie\/wix\/"]}]},{"@type":"BreadcrumbList","@id":"https:\/\/elfsight.com\/pl\/youtube-channel-plugin-yottie\/wix\/#breadcrumb","itemListElement":[{"@type":"ListItem","position":1,"name":"Home","item":"https:\/\/elfsight.com\/pl\/"},{"@type":"ListItem","position":2,"name":"YouTube Gallery","item":"https:\/\/elfsight.com\/pl\/youtube-channel-plugin-yottie\/"},{"@type":"ListItem","position":3,"name":"YouTube Gallery &#8211; Wix"}]},{"@type":"WebSite","@id":"https:\/\/elfsight.com\/pl\/#website","url":"https:\/\/elfsight.com\/pl\/","name":"Elfsight PL","description":"Just another Elfsight Sites site","potentialAction":[{"@type":"SearchAction","target":{"@type":"EntryPoint","urlTemplate":"https:\/\/elfsight.com\/pl\/?s={search_term_string}"},"query-input":{"@type":"PropertyValueSpecification","valueRequired":true,"valueName":"search_term_string"}}],"inLanguage":"pl-PL"}]}},"meta_box":{"industry":"","seo_heading":"","heading":"","description":"","cta_heading":"","cta_description":"","application":"785","h1":"Galeria wideo YouTube dla Wix","h1_caption":"Osad\u017a galeri\u0119 film\u00f3w z YouTube, aby bez problemu umieszcza\u0107 tre\u015bci takie jak tutoriale, referencje lub prezentacje produkt\u00f3w na swojej stronie internetowej na swojej stronie Wix.","application_category":[],"applications_title":"","applications_request_title":"","applications_request_button_text":"","hero_text":"","hero_video":"","hero_video_schema_markup":"","selling_points_title":"","selling_points_caption":"","selling_points":[],"selling_points_cta_text":"","features_title":"","features":"","ed_cta_examples_text":"","ed_cta_examples_hidden":"","ed_cta_demo_text":"","ed_cta_demo_hidden":"","why_caption":"","why_editor_title":"","why_editor_text":"","why_team_title":"","why_team_text":"","why_service_title":"","why_service_text":"","template_catalog_visible":"0","template_catalog_title":"","template_catalog_text":"","template_catalog_categories_visible":"","demo_title":"Utw\u00f3rz aplikacj\u0119 Galeria YouTube","demo_caption":"Skonfiguruj swoj\u0105 galeri\u0119 YouTube i dodaj j\u0105 do swojej witryny Wix za darmo!","default_faq_hidden":"","app_template_category":[],"platform":"30","template_public_id":"","codecanyon_url":"","codecanyon_item_id":"","codecanyon_price":"","pricing_caption":"","pricing_elfsight_apps_hide_column":"","pricing_elfsight_apps_url":"","pricing_codecanyon_price_caption":"","integration_category":[],"integration_request_title":"","integration_request_cta":"","integration_platform":"","integrations":[],"platform_category":[],"video_schema_markup":"","price":"od 0 USD \/ miesi\u0105c","trial":"","benefits":[{"text":"Bezp\u0142atna pomoc w monta\u017cu"},{"text":"Do\u015bwiadczona obs\u0142uga klienta"},{"text":"14-dniowa gwarancja zwrotu pieni\u0119dzy"}],"button_url":"#demo","button_target_blank":"0","button_nofollow":"0","attributes":[{"name":"Instaluje"},{"name":"Czu\u0142y"},{"name":"Kompatybilne przegl\u0105darki"}],"tags":[],"tags_disable_links":"0","hide_more_platforms":"0","video_object":"","demo_hide_cta":"0","demo_hide_cloud_options":"0","pricing_title":"","pricing":[{"pricing_icon":"platform","pricing_title":"Wix app","pricing_title_caption":"Rozwi\u0105zanie wieloplatformowe, kt\u00f3re pasuje do ka\u017cdej witryny internetowej","pricing_price":"od 0 USD \/ miesi\u0105c","pricing_price_caption":"zacznij od bezp\u0142atnego planu","pricing_benefits":[{"text":"Nielimitowane strony internetowe"},{"text":"Wsparcie premium"},{"text":"Bezp\u0142atna pomoc w monta\u017cu"},{"text":"Specjalna cena za wiele aplikacji"}],"pricing_button_text":"Dodaj do witryny","pricing_button_url":"#demo"}],"related_apps_title":"","related_apps_hidden":"0","author":"","image":[],"title":"","job":"","social_networks":[]},"_links":{"self":[{"href":"https:\/\/elfsight.com\/pl\/wp-json\/wp\/v2\/pages\/7423","targetHints":{"allow":["GET"]}}],"collection":[{"href":"https:\/\/elfsight.com\/pl\/wp-json\/wp\/v2\/pages"}],"about":[{"href":"https:\/\/elfsight.com\/pl\/wp-json\/wp\/v2\/types\/page"}],"author":[{"embeddable":true,"href":"https:\/\/elfsight.com\/pl\/wp-json\/wp\/v2\/users\/9"}],"replies":[{"embeddable":true,"href":"https:\/\/elfsight.com\/pl\/wp-json\/wp\/v2\/comments?post=7423"}],"version-history":[{"count":4,"href":"https:\/\/elfsight.com\/pl\/wp-json\/wp\/v2\/pages\/7423\/revisions"}],"predecessor-version":[{"id":10831,"href":"https:\/\/elfsight.com\/pl\/wp-json\/wp\/v2\/pages\/7423\/revisions\/10831"}],"up":[{"embeddable":true,"href":"https:\/\/elfsight.com\/pl\/wp-json\/wp\/v2\/pages\/792"}],"wp:attachment":[{"href":"https:\/\/elfsight.com\/pl\/wp-json\/wp\/v2\/media?parent=7423"}],"curies":[{"name":"wp","href":"https:\/\/api.w.org\/{rel}","templated":true}]}}