{"id":7422,"date":"1970-01-01T00:00:00","date_gmt":"1970-01-01T00:00:00","guid":{"rendered":"https:\/\/elfsight.com\/pl\/?page_id=7422"},"modified":"2024-11-14T12:40:06","modified_gmt":"2024-11-14T12:40:06","slug":"elementor","status":"publish","type":"page","link":"https:\/\/elfsight.com\/pl\/youtube-channel-plugin-yottie\/elementor\/","title":{"rendered":"YouTube Gallery &#8211; Elementor"},"content":{"rendered":"<div class=\"application-platform-content-item-description application-platform-content-item\" id=\"description\" data-nav-section=\"description\"><h2>Osad\u017a galeri\u0119 YouTube na Elementorze za pomoc\u0105 wid\u017cetu Elfsight<\/h2><p>Uniwersalny widget dla YouTube, kt\u00f3ry pomaga wy\u015bwietla\u0107 wszelkiego rodzaju filmy na stronie internetowej. Wybierz kana\u0142y i pojedyncze klipy wideo, aby zaprojektowa\u0107 swoj\u0105 unikaln\u0105 playlist\u0119 i pokaza\u0107 j\u0105 bezpo\u015brednio na stronie, korzystaj\u0105c z najbardziej odpowiedniego uk\u0142adu (galeria wideo, portfolio, kana\u0142, pojedynczy film).<\/p><p>Nasz widget jest ostatecznie kompatybilny ze wszystkimi gad\u017cetami i system\u00f3w, ma oko\u0142o 100 parametr\u00f3w ustawie\u0144, elastyczny uk\u0142ad i mn\u00f3stwo innych cech, kt\u00f3re pomagaj\u0105 pokaza\u0107 go na dowolnej stronie internetowej.<\/p><p><b>Zwi\u0119ksz zaanga\u017cowanie swoich czytelnik\u00f3w poprzez tre\u015bci wideo.<\/b><\/p><p><b>Zaprojektuj indywidualn\u0105 galeri\u0119 wideo, aby zwi\u0119kszy\u0107 uwag\u0119 swoich klient\u00f3w.<\/b><br> Zwi\u0119ksz interakcj\u0119 z odbiorcami swojej witryny za pomoc\u0105 film\u00f3w na YouTube. Zaskocz czytelnik\u00f3w swojej witryny fascynuj\u0105cymi filmy z YouTube i zainteresuj ich mocniej ni\u017c kiedykolwiek.<\/p><p><b>Przekazuj maksimum informacji o swoich produktach dzi\u0119ki tre\u015bciom YouTube.<\/b><br>Korzystaj z reklam, recenzji, film\u00f3w analitycznych, samouczk\u00f3w i innych typy film\u00f3w, aby zapewni\u0107 odbiorcom kompleksowe informacje o swoich produktach i przekona\u0107 ich do zakupu.<\/p><p><b>Najlepsi fani Twojego profilu YouTube.<\/b><br>Zamie\u0144 odbiorc\u00f3w witryny w swoje fan\u00f3w na YouTube. Dodaj szybk\u0105 i nieskomplikowan\u0105 metod\u0119 ogl\u0105dania film\u00f3w i \u015bledzenia swojego kana\u0142u bezpo\u015brednio ze strony.<\/p><\/div><div class=\"application-platform-content-item-features application-platform-content-item\" id=\"features\" data-nav-section=\"features\"><h2>G\u0142\u00f3wne funkcje wid\u017cetu Galeria YouTube<\/h2><p>Te cechy naszego wid\u017cetu czyni\u0105 go najlepszym narz\u0119dziem do dodawania film\u00f3w z YouTube&#8217;a na stronie Elementora.<\/p><ul><li>Tworzenie grup \u017ar\u00f3d\u0142owych;<\/li><li>Edytowalny opis kana\u0142u;<\/li> <li>Ustaw dowoln\u0105 liczb\u0119 kolumn i wierszy;<\/li><li>3 tryby odtwarzania: wbudowany, w wyskakuj\u0105cym okienku i przekierowanie do YouTube;<\/li><li>Opcjonalny tryb darmowy do przewijania film\u00f3w jeden po drugim;<\/li><li>24 wyskakuj\u0105ce elementy do malowania;<\/li><li>Tryb zwi\u0119kszonej prywatno\u015bci.<\/li><\/ul><p><a href=\"#demo\">Wypr\u00f3buj wi\u0119cej funkcji w panelu wid\u017cet\u00f3w na \u017cywo <\/a><\/p><\/div><div class=\"application-platform-content-item-installation application-platform-content-item\" id=\"installation\" data-nav-section=\"installation\"><h2>Jak doda\u0107 galeri\u0119 wideo YouTube do witryny Elementor<\/h2><div class=\"video-container\"><iframe width=\"720\" height=\"405\" src=\"https:\/\/www.youtube.com\/embed\/ap6_ibj7BuI\" frameborder=\"0\" allowfullscreen=\"\"><\/iframe><\/div><p>Kr\u00f3tka instrukcja autorstwa nasz zesp\u00f3\u0142 na temat dodania wid\u017cetu do Twojej witryny bez znajomo\u015bci programowania. \u015aredni czas instalacji wynosi mniej ni\u017c 80 sekund.<\/p><ol><li><b>Wygeneruj w\u0142asn\u0105 galeri\u0119 YouTube<\/b><br> W naszym bezp\u0142atnym konfiguratorze ukszta\u0142tuj wtyczk\u0119, wybieraj\u0105c szablon, uk\u0142ad i inne funkcje.<\/li> <li><b>Skopiuj unikalny kod, aby doda\u0107 wtyczk\u0119 do witryny<\/b><br> Po zako\u0144czeniu konfiguracji widgetu otrzymasz unikalny kod wtyczki YouTube w powiadomieniu na Elfsight Aplikacje.<\/li><li><b>Dodaj wtyczk\u0119 do witryny Elementor<\/b><br> Wstaw wtyczk\u0119 w wybranym obszarze strony i opublikuj zmiany.<\/li><li><b> Instalacja zosta\u0142a w pe\u0142ni przeprowadzona<\/b><br> Wejd\u017a na swoj\u0105 stron\u0119, aby zobaczy\u0107 swoj\u0105 prac\u0119.<\/li><\/ol><p>Je\u015bli podczas konfigurowania lub zmiany parametr\u00f3w Galerii YouTube napotka\u0142e\u015b problemy, wy\u015blij wiadomo\u015b\u0107 zwr\u00f3\u0107 si\u0119 do naszego centrum pomocy. Jeste\u015bmy tutaj, aby odpowiedzie\u0107 na Twoje pytania.<\/p><div class=\"faq\" data-component=\"FAQ\"><div class=\"faq-item\">\r\n\t\t\t\t\t<div class=\"faq-item-question\">\r\n\t\t\t\t\t\t<h3 class=\"faq-item-question-text\">Jak mog\u0119 osadzi\u0107 galeri\u0119 wideo YouTube na mojej stronie internetowej Squarespace bez umiej\u0119tno\u015bci kodowania?<\/h3>\r\n\r\n\t\t\t\t\t\t<div class=\"faq-item-question-icon\"><\/div>\r\n\t\t\t\t\t<\/div>\r\n\r\n\t\t\t\t\t<div class=\"faq-item-answer\">\r\n\t\t\t\t\t\t<div class=\"faq-item-answer-text\"><p>Elfsight zapewnia rozwi\u0105zanie oparte na chmurze, kt\u00f3re pozwala u\u017cytkownikom mo\u017cliwo\u015b\u0107 samodzielnego tworzenia galerii wideo YouTube. Odkryj, jak \u0142atwy jest ten proces:<\/p><ul><li>Uzyskaj dost\u0119p do edytora online, aby ukszta\u0142towa\u0107 sekcj\u0119 Galerii wideo YouTube, kt\u00f3r\u0105 chcesz w\u0142\u0105czy\u0107 do swojej witryny Squarespace.<\/li><li>Wybierz jedn\u0105 z naszych gotowych szablon\u00f3w i dostosuj ustawienia Galerii wideo YouTube, zmie\u0144 wygl\u0105d i schemat kolor\u00f3w, dodaj tre\u015bci bez konieczno\u015bci kodowania.<\/li><li>Zachowaj preferencje ustawione dla Galerii wideo YouTube i otrzymaj kod wid\u017cetu do wstawienia, kt\u00f3ry mo\u017cna po prostu doda\u0107 do witryny Squarespace bez \u017cadnych koszt\u00f3w.<\/li><\/ul><p>Dzi\u0119ki obs\u0142udze przyjaznego dla u\u017cytkownika edytora ka\u017cdy u\u017cytkownik Internetu mo\u017ce utworzy\u0107 sekcj\u0119 Galerii wideo YouTube i dodaj go do swojej witryny Squarespace. Aby uzyska\u0107 dost\u0119p do Edytora Elfsight, nie ma potrzeby dokonywania p\u0142atno\u015bci ani ujawniania danych karty. Je\u015bli w dowolnym momencie napotkasz jakiekolwiek problemy, nie wahaj si\u0119 skontaktowa\u0107 z naszym dzia\u0142em obs\u0142ugi klienta.<\/p><\/div>\r\n\t\t\t\t\t<\/div>\r\n\t\t\t\t<\/div><\/div><\/div>","protected":false},"excerpt":{"rendered":"","protected":false},"author":9,"featured_media":0,"parent":792,"menu_order":0,"comment_status":"closed","ping_status":"closed","template":"templates\/template-application-platform.php","meta":{"publish_to_discourse":"","publish_post_category":"","wpdc_auto_publish_overridden":"","wpdc_topic_tags":"","wpdc_pin_topic":"","wpdc_pin_until":"","discourse_post_id":"","discourse_permalink":"","wpdc_publishing_response":"","wpdc_publishing_error":"","footnotes":""},"class_list":["post-7422","page","type-page","status-publish","hentry"],"yoast_head":"<!-- This site is optimized with the Yoast SEO plugin v25.3.1 - https:\/\/yoast.com\/wordpress\/plugins\/seo\/ -->\n<title>Galeria wideo YouTube dla witryny Elementor (2025)<\/title>\n<meta name=\"description\" content=\"Ustaw indywidualn\u0105 galeri\u0119 wideo YouTube dla swojej witryny Elementor w zaledwie 1 minut\u0119! Sprawd\u017a darmowy panel Elfsight, aby zbudowa\u0107 w\u0142asny widget YouTube.\" \/>\n<meta name=\"robots\" content=\"index, follow, max-snippet:-1, max-image-preview:large, max-video-preview:-1\" \/>\n<link rel=\"canonical\" href=\"https:\/\/elfsight.com\/pl\/youtube-channel-plugin-yottie\/elementor\/\" \/>\n<meta property=\"og:locale\" content=\"pl_PL\" \/>\n<meta property=\"og:type\" content=\"article\" \/>\n<meta property=\"og:title\" content=\"Galeria wideo YouTube dla witryny Elementor (2025)\" \/>\n<meta property=\"og:description\" content=\"Ustaw indywidualn\u0105 galeri\u0119 wideo YouTube dla swojej witryny Elementor w zaledwie 1 minut\u0119! Sprawd\u017a darmowy panel Elfsight, aby zbudowa\u0107 w\u0142asny widget YouTube.\" \/>\n<meta property=\"og:url\" content=\"https:\/\/elfsight.com\/pl\/youtube-channel-plugin-yottie\/elementor\/\" \/>\n<meta property=\"og:site_name\" content=\"Elfsight PL\" \/>\n<meta property=\"article:modified_time\" content=\"2024-11-14T12:40:06+00:00\" \/>\n<meta name=\"twitter:card\" content=\"summary_large_image\" \/>\n<meta name=\"twitter:label1\" content=\"Szacowany czas czytania\" \/>\n\t<meta name=\"twitter:data1\" content=\"3 minuty\" \/>\n<!-- \/ Yoast SEO plugin. -->","yoast_head_json":{"title":"Galeria wideo YouTube dla witryny Elementor (2025)","description":"Ustaw indywidualn\u0105 galeri\u0119 wideo YouTube dla swojej witryny Elementor w zaledwie 1 minut\u0119! Sprawd\u017a darmowy panel Elfsight, aby zbudowa\u0107 w\u0142asny widget YouTube.","robots":{"index":"index","follow":"follow","max-snippet":"max-snippet:-1","max-image-preview":"max-image-preview:large","max-video-preview":"max-video-preview:-1"},"canonical":"https:\/\/elfsight.com\/pl\/youtube-channel-plugin-yottie\/elementor\/","og_locale":"pl_PL","og_type":"article","og_title":"Galeria wideo YouTube dla witryny Elementor (2025)","og_description":"Ustaw indywidualn\u0105 galeri\u0119 wideo YouTube dla swojej witryny Elementor w zaledwie 1 minut\u0119! Sprawd\u017a darmowy panel Elfsight, aby zbudowa\u0107 w\u0142asny widget YouTube.","og_url":"https:\/\/elfsight.com\/pl\/youtube-channel-plugin-yottie\/elementor\/","og_site_name":"Elfsight PL","article_modified_time":"2024-11-14T12:40:06+00:00","twitter_card":"summary_large_image","twitter_misc":{"Szacowany czas czytania":"3 minuty"},"schema":{"@context":"https:\/\/schema.org","@graph":[{"@type":"WebPage","@id":"https:\/\/elfsight.com\/pl\/youtube-channel-plugin-yottie\/elementor\/","url":"https:\/\/elfsight.com\/pl\/youtube-channel-plugin-yottie\/elementor\/","name":"Galeria wideo YouTube dla witryny Elementor (2025)","isPartOf":{"@id":"https:\/\/elfsight.com\/pl\/#website"},"datePublished":"1970-01-01T00:00:00+00:00","dateModified":"2024-11-14T12:40:06+00:00","description":"Ustaw indywidualn\u0105 galeri\u0119 wideo YouTube dla swojej witryny Elementor w zaledwie 1 minut\u0119! Sprawd\u017a darmowy panel Elfsight, aby zbudowa\u0107 w\u0142asny widget YouTube.","breadcrumb":{"@id":"https:\/\/elfsight.com\/pl\/youtube-channel-plugin-yottie\/elementor\/#breadcrumb"},"inLanguage":"pl-PL","potentialAction":[{"@type":"ReadAction","target":["https:\/\/elfsight.com\/pl\/youtube-channel-plugin-yottie\/elementor\/"]}]},{"@type":"BreadcrumbList","@id":"https:\/\/elfsight.com\/pl\/youtube-channel-plugin-yottie\/elementor\/#breadcrumb","itemListElement":[{"@type":"ListItem","position":1,"name":"Home","item":"https:\/\/elfsight.com\/pl\/"},{"@type":"ListItem","position":2,"name":"YouTube Gallery","item":"https:\/\/elfsight.com\/pl\/youtube-channel-plugin-yottie\/"},{"@type":"ListItem","position":3,"name":"YouTube Gallery &#8211; Elementor"}]},{"@type":"WebSite","@id":"https:\/\/elfsight.com\/pl\/#website","url":"https:\/\/elfsight.com\/pl\/","name":"Elfsight PL","description":"Just another Elfsight Sites site","potentialAction":[{"@type":"SearchAction","target":{"@type":"EntryPoint","urlTemplate":"https:\/\/elfsight.com\/pl\/?s={search_term_string}"},"query-input":{"@type":"PropertyValueSpecification","valueRequired":true,"valueName":"search_term_string"}}],"inLanguage":"pl-PL"}]}},"meta_box":{"industry":"","seo_heading":"","heading":"","description":"","cta_heading":"","cta_description":"","application":"785","h1":"Galeria YouTube Elementora","h1_caption":"Osad\u017a galeri\u0119 film\u00f3w z YouTube, aby bez problemu umieszcza\u0107 tre\u015bci takie jak samouczki, referencje lub prezentacje produkt\u00f3w w swojej witrynie internetowej w witrynie Elementor.","application_category":[],"applications_title":"","applications_request_title":"","applications_request_button_text":"","hero_text":"","hero_video":"","hero_video_schema_markup":"","selling_points_title":"","selling_points_caption":"","selling_points":[],"selling_points_cta_text":"","features_title":"","features":"","ed_cta_examples_text":"","ed_cta_examples_hidden":"","ed_cta_demo_text":"","ed_cta_demo_hidden":"","why_caption":"","why_editor_title":"","why_editor_text":"","why_team_title":"","why_team_text":"","why_service_title":"","why_service_text":"","template_catalog_visible":"","template_catalog_title":"","template_catalog_text":"","template_catalog_categories_visible":"","demo_title":"Utw\u00f3rz wid\u017cet Galerii YouTube","demo_caption":"Skonfiguruj swoj\u0105 galeri\u0119 YouTube i dodaj j\u0105 do swojej witryny Elementor za darmo!","default_faq_hidden":"","app_template_category":[],"platform":"268","template_public_id":"","codecanyon_url":"","codecanyon_item_id":"","codecanyon_price":"","pricing_caption":"","pricing_elfsight_apps_hide_column":"","pricing_elfsight_apps_url":"","pricing_codecanyon_price_caption":"","integration_category":[],"integration_request_title":"","integration_request_cta":"","integration_platform":"","integrations":[],"platform_category":[],"video_schema_markup":"","price":"od 0 USD \/ miesi\u0105c","trial":"","benefits":[{"text":"Bezp\u0142atna pomoc w monta\u017cu"},{"text":"Wyj\u0105tkowe wsparcie"},{"text":"14-dniowa gwarancja zwrotu pieni\u0119dzy"}],"button_url":"#demo","button_target_blank":"","button_nofollow":"","attributes":[{"name":"Instaluje"},{"name":"Czu\u0142y"},{"name":"Kompatybilne przegl\u0105darki"}],"tags":[],"tags_disable_links":"","hide_more_platforms":"","video_object":"","demo_hide_cta":"","demo_hide_cloud_options":"","pricing_title":"","pricing":[{"pricing_icon":"platform","pricing_title":"Elfsight Apps","pricing_title_caption":"Rozwi\u0105zanie wieloplatformowe","pricing_price":"od 0 USD \/ miesi\u0105c","pricing_price_caption":"zacznij od bezp\u0142atnego planu","pricing_benefits":[{"text":"Nielimitowane strony internetowe"},{"text":"Profesjonalne wsparcie"},{"text":"Bezp\u0142atne wsparcie instalacyjne"},{"text":"Specjalna oferta na wiele aplikacji"}],"pricing_button_text":"Dodaj do witryny","pricing_button_url":"#demo"}],"related_apps_title":"","related_apps_hidden":"","author":"","image":[],"title":"","job":"","social_networks":[]},"_links":{"self":[{"href":"https:\/\/elfsight.com\/pl\/wp-json\/wp\/v2\/pages\/7422","targetHints":{"allow":["GET"]}}],"collection":[{"href":"https:\/\/elfsight.com\/pl\/wp-json\/wp\/v2\/pages"}],"about":[{"href":"https:\/\/elfsight.com\/pl\/wp-json\/wp\/v2\/types\/page"}],"author":[{"embeddable":true,"href":"https:\/\/elfsight.com\/pl\/wp-json\/wp\/v2\/users\/9"}],"replies":[{"embeddable":true,"href":"https:\/\/elfsight.com\/pl\/wp-json\/wp\/v2\/comments?post=7422"}],"version-history":[{"count":2,"href":"https:\/\/elfsight.com\/pl\/wp-json\/wp\/v2\/pages\/7422\/revisions"}],"predecessor-version":[{"id":8150,"href":"https:\/\/elfsight.com\/pl\/wp-json\/wp\/v2\/pages\/7422\/revisions\/8150"}],"up":[{"embeddable":true,"href":"https:\/\/elfsight.com\/pl\/wp-json\/wp\/v2\/pages\/792"}],"wp:attachment":[{"href":"https:\/\/elfsight.com\/pl\/wp-json\/wp\/v2\/media?parent=7422"}],"curies":[{"name":"wp","href":"https:\/\/api.w.org\/{rel}","templated":true}]}}