{"id":7421,"date":"1970-01-01T00:00:00","date_gmt":"1970-01-01T00:00:00","guid":{"rendered":"https:\/\/elfsight.com\/pl\/?page_id=7421"},"modified":"2024-11-14T09:32:18","modified_gmt":"2024-11-14T09:32:18","slug":"iframe","status":"publish","type":"page","link":"https:\/\/elfsight.com\/pl\/youtube-channel-plugin-yottie\/iframe\/","title":{"rendered":"YouTube Gallery &#8211; iFrame"},"content":{"rendered":"<div class=\"application-platform-content-item-description application-platform-content-item\" id=\"description\" data-nav-section=\"description\"> <h2>Osad\u017a galeri\u0119 YouTube na iFrame za pomoc\u0105 wid\u017cetu Elfsight<\/h2> <p>To uniwersalna wtyczka do YouTube, kt\u00f3ra pomaga wy\u015bwietla\u0107 filmy, playlisty lub kana\u0142y w Twojej witrynie. Wybierz najlepsze kana\u0142y i osobne klipy wideo, aby stworzy\u0107 w\u0142asn\u0105 playlist\u0119 i zademonstrowa\u0107 j\u0105 bezpo\u015brednio na stronie internetowej, korzystaj\u0105c z najbardziej odpowiedniego uk\u0142adu (galeria wideo, portfolio lub pojedynczy film). Wtyczka Elfsight jest ca\u0142kowicie dostosowana do wszystkich gad\u017cet\u00f3w i system\u00f3w, ma oko\u0142o 100 opcji, konfigurowalny uk\u0142ad i inne zalety, kt\u00f3re daj\u0105 szans\u0119 pokazania jej na ka\u017cdej stronie internetowej. Zbuduj indywidualn\u0105, efektywn\u0105 galeri\u0119 wideo, aby zwi\u0119kszy\u0107 uwag\u0119 u\u017cytkownik\u00f3w.<\/p><p><b>Zwi\u0119ksz wsp\u00f3\u0142prac\u0119 z odbiorcami swojej witryny za pomoc\u0105 film\u00f3w z YouTube<\/b><br>Zadziw u\u017cytkownik\u00f3w swojej witryny ekscytuj\u0105cymi tre\u015bci wideo z YouTube i utrzymuj ich zaanga\u017cowanie bardziej ni\u017c kiedykolwiek.<\/p><p><b>Wygraj maksymaln\u0105 liczb\u0119 zakup\u00f3w dzi\u0119ki tre\u015bciom YouTube<\/b><br>Wy\u015bwietlaj reklamy, reakcje, recenzje analityczne, instrukcje i inne typy film\u00f3w, aby dostarcz czytelnikom obszernych informacji o atrakcyjnych produktach i przekonaj ich do dokonania zakupu.<\/p><p><b>Maksymalna liczba fan\u00f3w Twojej strony YouTube<\/b><br>Przekszta\u0142\u0107 odbiorc\u00f3w witryny w swoich subskrybent\u00f3w w YouTube. Zademonstruj szybki i prosty spos\u00f3b studiowania film\u00f3w i subskrybowania bezpo\u015brednio ze strony.<\/p><\/div> <div class=\"application-platform-content-item-features application-platform-content-item\" id=\"features\" data-nav-section=\"features\"> <h2>G\u0142\u00f3wne funkcje wid\u017cetu Galeria YouTube<\/h2> <p>Tutaj to zalety tej wtyczki, kt\u00f3re sprawiaj\u0105, \u017ce jest to najlepszy spos\u00f3b na wy\u015bwietlanie film\u00f3w z YouTube&#8217;a na stronie iFrame.<\/p><ul><li>Dodaj nieograniczon\u0105 liczb\u0119 \u017ar\u00f3de\u0142;<\/li><li>8 prze\u0142\u0105czalnych element\u00f3w nag\u0142\u00f3wka; <\/li><li>Ustaw odst\u0119p mi\u0119dzy filmami;<\/li><li>13 element\u00f3w wyskakuj\u0105cego okienka, kt\u00f3re mo\u017cna w\u0142\u0105cza\u0107\/wy\u0142\u0105cza\u0107;<\/li><li>Wybierz jeden z 5 efekt\u00f3w prze\u0142\u0105cznika suwakowego;<\/li> <li>24 wyskakuj\u0105ce elementy do malowania;<\/li><li>Obs\u0142uga AdSense w celu monetyzacji tre\u015bci.<\/li><\/ul><p><a href=\"#demo\">Przetestuj wszystkie funkcje w wersji demonstracyjnej<\/a><\/p><\/div><div class=\"application-platform-content-item-installation application-platform-content-item\" id=\"installation\" data-nav-section=\"installation\"><h2>Jak osadzi\u0107 film lub kana\u0142 z YouTube w witrynie iFrame?<\/h2><p>Kr\u00f3tka instrukcja naszego zespo\u0142u dotycz\u0105ca konfiguracji wtyczek. Nie jest wymagane \u017cadne do\u015bwiadczenie w tworzeniu stron internetowych. Pe\u0142ny czas konfiguracji wynosi mniej ni\u017c 70 sekund.<\/p><ol><li><b>Stw\u00f3rz w\u0142asn\u0105 galeri\u0119 YouTube<\/b><br> Zarz\u0105dzaj\u0105c naszym bezp\u0142atnym edytorem, wygeneruj wtyczk\u0119 z niestandardowym uk\u0142adem i funkcjonalno\u015bci\u0105. <\/li><li><b>Zdob\u0105d\u017a indywidualny kod, aby wy\u015bwietli\u0107 galeri\u0119 wideo<\/b><br> Po skonfigurowaniu wtyczki uzyskasz sw\u00f3j osobisty kod w wy\u015bwietlonym oknie aplikacji Elfsight. Skopiuj kod. <\/li> <li><b>Wy\u015bwietl wtyczk\u0119 na swojej stronie iFrame<\/b><br> Okre\u015bl obszar, do kt\u00f3rego chcesz doda\u0107 wtyczk\u0119 i wklej tam zapisany kod. Opublikuj zmiany. <\/li> <li><b>Gratulacje! W\u0142a\u015bnie zintegrowa\u0142e\u015b wtyczk\u0119!<\/b><br> Wejd\u017a do swojego sklepu, aby obejrze\u0107 swoj\u0105 galeri\u0119.<\/li> <\/ol><p>Podczas instalacji lub konfiguracji Galerii YouTube napotka\u0142e\u015b trudno\u015bci? Mo\u017cesz zapozna\u0107 si\u0119 z rozszerzonym przewodnikiem \u00abJak osadzi\u0107 YouTube na iFrame\u00bb i zrobi\u0107 to jeszcze raz samodzielnie lub zwr\u00f3ci\u0107 si\u0119 do centrum pomocy z opisem trudno\u015bci.<\/p><\/div><div class=\"faq\" data-component=\"FAQ\"><div class=\"faq-item\">\r\n\t\t\t\t\t<div class=\"faq-item-question\">\r\n\t\t\t\t\t\t<h3 class=\"faq-item-question-text\">W jaki spos\u00f3b doda\u0107 galeri\u0119 YouTube do ramki iFrame? <\/h3>\r\n\r\n\t\t\t\t\t\t<div class=\"faq-item-question-icon\"><\/div>\r\n\t\t\t\t\t<\/div>\r\n\r\n\t\t\t\t\t<div class=\"faq-item-answer\">\r\n\t\t\t\t\t\t<div class=\"faq-item-answer-text\"><p>Tworzenie wid\u017cetu odbywa si\u0119 w witrynie Elfsight i nie ma potrzeby kodowania. Przejd\u017a do naszego demo online, aby stworzy\u0107 w\u0142asn\u0105 wtyczk\u0119, pobierz kod i dodaj go na swojej stronie internetowej. <\/p><\/div>\r\n\t\t\t\t\t<\/div>\r\n\t\t\t\t<\/div><div class=\"faq-item\">\r\n\t\t\t\t\t<div class=\"faq-item-question\">\r\n\t\t\t\t\t\t<h3 class=\"faq-item-question-text\">Najlepsze sposoby wykorzystania integracji film\u00f3w w YouTube i galerii kana\u0142\u00f3w<\/h3>\r\n\r\n\t\t\t\t\t\t<div class=\"faq-item-question-icon\"><\/div>\r\n\t\t\t\t\t<\/div>\r\n\r\n\t\t\t\t\t<div class=\"faq-item-answer\">\r\n\t\t\t\t\t\t<div class=\"faq-item-answer-text\"><p>Zapewnimy Ci mn\u00f3stwo opcji personalizacji: pe\u0142nowymiarowe wid\u017cety do wdro\u017cenia w obszarze tre\u015bci, p\u0142ywaj\u0105ce wid\u017cety do opcji przewijania, miniatury dla stopki Twojej witryny, nag\u0142\u00f3wka i wszelkiego rodzaju mo\u017cliwo\u015bci pionowe dla pask\u00f3w bocznych i menu witryny. <\/p><\/div>\r\n\t\t\t\t\t<\/div>\r\n\t\t\t\t<\/div><div class=\"faq-item\">\r\n\t\t\t\t\t<div class=\"faq-item-question\">\r\n\t\t\t\t\t\t<h3 class=\"faq-item-question-text\">Jak zbudowa\u0107 siatk\u0119 wideo YouTube lub pojedynczy film za pomoc\u0105 edytora? <\/h3>\r\n\r\n\t\t\t\t\t\t<div class=\"faq-item-question-icon\"><\/div>\r\n\t\t\t\t\t<\/div>\r\n\r\n\t\t\t\t\t<div class=\"faq-item-answer\">\r\n\t\t\t\t\t\t<div class=\"faq-item-answer-text\"><p>Mo\u017cesz wprowadza\u0107 modyfikacje dowolnego wid\u017cetu. W edytorze dost\u0119pnych jest wiele uk\u0142ad\u00f3w, a ka\u017cdy z nich mo\u017cna \u0142atwo spersonalizowa\u0107 zgodnie z potrzebami. <\/p><\/div>\r\n\t\t\t\t\t<\/div>\r\n\t\t\t\t<\/div><\/div>","protected":false},"excerpt":{"rendered":"","protected":false},"author":9,"featured_media":0,"parent":792,"menu_order":0,"comment_status":"closed","ping_status":"closed","template":"templates\/template-application-platform.php","meta":{"publish_to_discourse":"","publish_post_category":"","wpdc_auto_publish_overridden":"","wpdc_topic_tags":"","wpdc_pin_topic":"","wpdc_pin_until":"","discourse_post_id":"","discourse_permalink":"","wpdc_publishing_response":"","wpdc_publishing_error":"","footnotes":""},"class_list":["post-7421","page","type-page","status-publish","hentry"],"yoast_head":"<!-- This site is optimized with the Yoast SEO plugin v25.3.1 - https:\/\/yoast.com\/wordpress\/plugins\/seo\/ -->\n<title>iFrame YouTube Video i Galeria kana\u0142\u00f3w na Twoj\u0105 stron\u0119 internetow\u0105 (bezp\u0142atnie i szybko)<\/title>\n<meta name=\"description\" content=\"Ustaw dostosowan\u0105 galeri\u0119 film\u00f3w i kana\u0142\u00f3w YouTube dla swojej witryny iFrame w zaledwie 3 minuty! Przetestuj bezp\u0142atne demo Elfsight, aby stworzy\u0107 w\u0142asn\u0105 wtyczk\u0119 YouTube.\" \/>\n<meta name=\"robots\" content=\"index, follow, max-snippet:-1, max-image-preview:large, max-video-preview:-1\" \/>\n<link rel=\"canonical\" href=\"https:\/\/elfsight.com\/pl\/youtube-channel-plugin-yottie\/iframe\/\" \/>\n<meta property=\"og:locale\" content=\"pl_PL\" \/>\n<meta property=\"og:type\" content=\"article\" \/>\n<meta property=\"og:title\" content=\"iFrame YouTube Video i Galeria kana\u0142\u00f3w na Twoj\u0105 stron\u0119 internetow\u0105 (bezp\u0142atnie i szybko)\" \/>\n<meta property=\"og:description\" content=\"Ustaw dostosowan\u0105 galeri\u0119 film\u00f3w i kana\u0142\u00f3w YouTube dla swojej witryny iFrame w zaledwie 3 minuty! Przetestuj bezp\u0142atne demo Elfsight, aby stworzy\u0107 w\u0142asn\u0105 wtyczk\u0119 YouTube.\" \/>\n<meta property=\"og:url\" content=\"https:\/\/elfsight.com\/pl\/youtube-channel-plugin-yottie\/iframe\/\" \/>\n<meta property=\"og:site_name\" content=\"Elfsight PL\" \/>\n<meta property=\"article:modified_time\" content=\"2024-11-14T09:32:18+00:00\" \/>\n<meta name=\"twitter:card\" content=\"summary_large_image\" \/>\n<meta name=\"twitter:label1\" content=\"Szacowany czas czytania\" \/>\n\t<meta name=\"twitter:data1\" content=\"3 minuty\" \/>\n<!-- \/ Yoast SEO plugin. -->","yoast_head_json":{"title":"iFrame YouTube Video i Galeria kana\u0142\u00f3w na Twoj\u0105 stron\u0119 internetow\u0105 (bezp\u0142atnie i szybko)","description":"Ustaw dostosowan\u0105 galeri\u0119 film\u00f3w i kana\u0142\u00f3w YouTube dla swojej witryny iFrame w zaledwie 3 minuty! Przetestuj bezp\u0142atne demo Elfsight, aby stworzy\u0107 w\u0142asn\u0105 wtyczk\u0119 YouTube.","robots":{"index":"index","follow":"follow","max-snippet":"max-snippet:-1","max-image-preview":"max-image-preview:large","max-video-preview":"max-video-preview:-1"},"canonical":"https:\/\/elfsight.com\/pl\/youtube-channel-plugin-yottie\/iframe\/","og_locale":"pl_PL","og_type":"article","og_title":"iFrame YouTube Video i Galeria kana\u0142\u00f3w na Twoj\u0105 stron\u0119 internetow\u0105 (bezp\u0142atnie i szybko)","og_description":"Ustaw dostosowan\u0105 galeri\u0119 film\u00f3w i kana\u0142\u00f3w YouTube dla swojej witryny iFrame w zaledwie 3 minuty! Przetestuj bezp\u0142atne demo Elfsight, aby stworzy\u0107 w\u0142asn\u0105 wtyczk\u0119 YouTube.","og_url":"https:\/\/elfsight.com\/pl\/youtube-channel-plugin-yottie\/iframe\/","og_site_name":"Elfsight PL","article_modified_time":"2024-11-14T09:32:18+00:00","twitter_card":"summary_large_image","twitter_misc":{"Szacowany czas czytania":"3 minuty"},"schema":{"@context":"https:\/\/schema.org","@graph":[{"@type":"WebPage","@id":"https:\/\/elfsight.com\/pl\/youtube-channel-plugin-yottie\/iframe\/","url":"https:\/\/elfsight.com\/pl\/youtube-channel-plugin-yottie\/iframe\/","name":"iFrame YouTube Video i Galeria kana\u0142\u00f3w na Twoj\u0105 stron\u0119 internetow\u0105 (bezp\u0142atnie i szybko)","isPartOf":{"@id":"https:\/\/elfsight.com\/pl\/#website"},"datePublished":"1970-01-01T00:00:00+00:00","dateModified":"2024-11-14T09:32:18+00:00","description":"Ustaw dostosowan\u0105 galeri\u0119 film\u00f3w i kana\u0142\u00f3w YouTube dla swojej witryny iFrame w zaledwie 3 minuty! Przetestuj bezp\u0142atne demo Elfsight, aby stworzy\u0107 w\u0142asn\u0105 wtyczk\u0119 YouTube.","breadcrumb":{"@id":"https:\/\/elfsight.com\/pl\/youtube-channel-plugin-yottie\/iframe\/#breadcrumb"},"inLanguage":"pl-PL","potentialAction":[{"@type":"ReadAction","target":["https:\/\/elfsight.com\/pl\/youtube-channel-plugin-yottie\/iframe\/"]}]},{"@type":"BreadcrumbList","@id":"https:\/\/elfsight.com\/pl\/youtube-channel-plugin-yottie\/iframe\/#breadcrumb","itemListElement":[{"@type":"ListItem","position":1,"name":"Home","item":"https:\/\/elfsight.com\/pl\/"},{"@type":"ListItem","position":2,"name":"YouTube Gallery","item":"https:\/\/elfsight.com\/pl\/youtube-channel-plugin-yottie\/"},{"@type":"ListItem","position":3,"name":"YouTube Gallery &#8211; iFrame"}]},{"@type":"WebSite","@id":"https:\/\/elfsight.com\/pl\/#website","url":"https:\/\/elfsight.com\/pl\/","name":"Elfsight PL","description":"Just another Elfsight Sites site","potentialAction":[{"@type":"SearchAction","target":{"@type":"EntryPoint","urlTemplate":"https:\/\/elfsight.com\/pl\/?s={search_term_string}"},"query-input":{"@type":"PropertyValueSpecification","valueRequired":true,"valueName":"search_term_string"}}],"inLanguage":"pl-PL"}]}},"meta_box":{"industry":"","seo_heading":"","heading":"","description":"","cta_heading":"","cta_description":"","application":"785","h1":"iFrame YouTube Wideo i galeria kana\u0142\u00f3w","h1_caption":"Osad\u017a galeri\u0119 film\u00f3w z YouTube, aby bez problemu umieszcza\u0107 w witrynie iFrame tre\u015bci takie jak samouczki, referencje lub prezentacje produkt\u00f3w.","application_category":[],"applications_title":"","applications_request_title":"","applications_request_button_text":"","hero_text":"","hero_video":"","hero_video_schema_markup":"","selling_points_title":"","selling_points_caption":"","selling_points":[],"selling_points_cta_text":"","features_title":"","features":"","ed_cta_examples_text":"","ed_cta_examples_hidden":"","ed_cta_demo_text":"","ed_cta_demo_hidden":"","why_caption":"","why_editor_title":"","why_editor_text":"","why_team_title":"","why_team_text":"","why_service_title":"","why_service_text":"","template_catalog_visible":"","template_catalog_title":"","template_catalog_text":"","template_catalog_categories_visible":"","demo_title":"Utw\u00f3rz wid\u017cet Galerii YouTube","demo_caption":"Skonfiguruj swoj\u0105 galeri\u0119 YouTube i dodaj j\u0105 do swojej witryny iFrame za darmo!","default_faq_hidden":"","app_template_category":[],"platform":"187","template_public_id":"","codecanyon_url":"","codecanyon_item_id":"","codecanyon_price":"","pricing_caption":"","pricing_elfsight_apps_hide_column":"","pricing_elfsight_apps_url":"","pricing_codecanyon_price_caption":"","integration_category":[],"integration_request_title":"","integration_request_cta":"","integration_platform":"","integrations":[],"platform_category":[],"video_schema_markup":"","price":"od 0 USD \/ miesi\u0105c","trial":"","benefits":[{"text":"Bezp\u0142atna us\u0142uga monta\u017cu"},{"text":"Do\u015bwiadczona obs\u0142uga klienta"},{"text":"14-dniowa gwarancja zwrotu pieni\u0119dzy"}],"button_url":"#demo","button_target_blank":"","button_nofollow":"","attributes":[{"name":"Instaluje"},{"name":"Czu\u0142y"},{"name":"Kompatybilne przegl\u0105darki"}],"tags":[],"tags_disable_links":"","hide_more_platforms":"","video_object":"","demo_hide_cta":"","demo_hide_cloud_options":"","pricing_title":"","pricing":[{"pricing_icon":"platform","pricing_title":"Elfsight Apps","pricing_title_caption":"Wersja wieloplatformowa","pricing_price":"od 0 USD \/ miesi\u0105c","pricing_price_caption":"zacznij od bezp\u0142atnego planu","pricing_benefits":[{"text":"Nielimitowane domeny"},{"text":"Dedykowane i terminowe wsparcie"},{"text":"Bezp\u0142atna pomoc w instalacji"},{"text":"Specjalna oferta na wiele aplikacji"}],"pricing_button_text":"Dodaj do witryny","pricing_button_url":"#demo"}],"related_apps_title":"","related_apps_hidden":"","author":"","image":[],"title":"","job":"","social_networks":[]},"_links":{"self":[{"href":"https:\/\/elfsight.com\/pl\/wp-json\/wp\/v2\/pages\/7421","targetHints":{"allow":["GET"]}}],"collection":[{"href":"https:\/\/elfsight.com\/pl\/wp-json\/wp\/v2\/pages"}],"about":[{"href":"https:\/\/elfsight.com\/pl\/wp-json\/wp\/v2\/types\/page"}],"author":[{"embeddable":true,"href":"https:\/\/elfsight.com\/pl\/wp-json\/wp\/v2\/users\/9"}],"replies":[{"embeddable":true,"href":"https:\/\/elfsight.com\/pl\/wp-json\/wp\/v2\/comments?post=7421"}],"version-history":[{"count":1,"href":"https:\/\/elfsight.com\/pl\/wp-json\/wp\/v2\/pages\/7421\/revisions"}],"predecessor-version":[{"id":7425,"href":"https:\/\/elfsight.com\/pl\/wp-json\/wp\/v2\/pages\/7421\/revisions\/7425"}],"up":[{"embeddable":true,"href":"https:\/\/elfsight.com\/pl\/wp-json\/wp\/v2\/pages\/792"}],"wp:attachment":[{"href":"https:\/\/elfsight.com\/pl\/wp-json\/wp\/v2\/media?parent=7421"}],"curies":[{"name":"wp","href":"https:\/\/api.w.org\/{rel}","templated":true}]}}