{"id":7408,"date":"1970-01-01T00:00:00","date_gmt":"1970-01-01T00:00:00","guid":{"rendered":"https:\/\/elfsight.com\/pl\/?page_id=7408"},"modified":"2024-10-24T12:05:50","modified_gmt":"2024-10-24T12:05:50","slug":"godaddy","status":"publish","type":"page","link":"https:\/\/elfsight.com\/pl\/youtube-channel-plugin-yottie\/godaddy\/","title":{"rendered":"YouTube Gallery &#8211; GoDaddy"},"content":{"rendered":"<div class=\"application-platform-content-item-description application-platform-content-item\" id=\"description\" data-nav-section=\"description\"> <h2>Osad\u017a galeri\u0119 YouTube na GoDaddy za pomoc\u0105 wid\u017cetu Elfsight<\/h2> <p>Wtyczka Elfsight YouTube Gallery dla GoDaddy to skuteczne narz\u0119dzie do integracji YouTube tre\u015bci na swoj\u0105 stron\u0119 internetow\u0105. Prezentuj filmy, tw\u00f3rz galerie lub wy\u015bwietlaj pe\u0142ne kana\u0142y w witrynie, aby zabawia\u0107 odwiedzaj\u0105cych i pomaga\u0107 w promowaniu Twojej marki. Wy\u015bwietlaj tutoriale wideo i zwi\u0119ksz lojalno\u015b\u0107 klient\u00f3w, wy\u015bwietlaj recenzje wideo swoich produkt\u00f3w, aby przyci\u0105gn\u0105\u0107 nowych klient\u00f3w i zobacz, jak Twoja marka staje si\u0119 coraz bardziej popularna!<\/p> <p><b>Zwi\u0119ksz liczb\u0119 lead\u00f3w dzi\u0119ki promocjom wideo, recenzjom , i referencje!<\/b><\/p> <\/div> <div class=\"application-platform-content-item-features application-platform-content-item\" id=\"features\" data-nav-section=\"features\"> <h2>Podstawowe funkcje wtyczki obejmuj\u0105<\/h2> <ul><li>Regularne aktualizacje na \u017cywo<\/li><li>Wsparcie premium w przypadku ka\u017cdego problemu zapewniane przez profesjonalny zesp\u00f3\u0142<\/li><li>Bezp\u0142atna us\u0142uga instalacji<\/li><li>Konfigurowalne kolory nag\u0142\u00f3wka, grup, tre\u015bci, wideo i wyskakuj\u0105cego okienka<\/li><li>5 osadzonych kolor\u00f3w schematy<\/li><\/ul><p><a href=\"#demo\">Wystarczy sprawdzi\u0107 t\u0119 wersj\u0119 demonstracyjn\u0105, aby zobaczy\u0107, jak to dzia\u0142a<\/a><\/p> <\/div> <div class=\"application-platform-content-item-installation application-platform-content-item\" id=\"installation\" data-nav-section=\"installation\"> <h2>Jak doda\u0107 galeri\u0119 YouTube na mojej stronie internetowej GoDaddy? <\/h2> <p>Wystarczy wykona\u0107 poni\u017csze kroki, aby doda\u0107 wtyczk\u0119. <\/p> <ol><li><b>Zarz\u0105dzaj naszym darmowym edytorem i zacznij tworzy\u0107 w\u0142asn\u0105 wtyczk\u0119. <\/b><br> Okre\u015bl wybrany interfejs i funkcjonalno\u015b\u0107 narz\u0119dzia oraz zapisz poprawki. <\/li> <li><b>Zdob\u0105d\u017a sw\u00f3j indywidualny kod, kt\u00f3ry jest widoczny w ramce aplikacji Elfsight. <\/b><br> Po wygenerowaniu osobistej wtyczki skopiuj osobisty kod w wy\u015bwietlonym oknie i zachowaj go do p\u00f3\u017aniejszego wykorzystania. <\/li> <li><b>Rozpocznij stosowanie narz\u0119dzia w swojej witrynie GoDaddy. <\/b><br> Umie\u015b\u0107 ostatnio skopiowany kod na swojej stronie g\u0142\u00f3wnej i zastosuj zmiany. <\/li> <li><b>Gotowe! Konfiguracja zosta\u0142a pomy\u015blnie zako\u0144czona. <\/b><br> Przejd\u017a do swojej strony internetowej, aby sprawdzi\u0107 dzia\u0142anie narz\u0119dzia. <\/li><\/ol> <p>Je\u015bli napotkasz jakiekolwiek trudno\u015bci, zwr\u00f3\u0107 si\u0119 do naszego personelu pomocy technicznej. Nasi specjali\u015bci ch\u0119tnie rozwi\u0105\u017c\u0105 wszystkie problemy, jakie mo\u017cesz mie\u0107 z narz\u0119dziem. <\/p> <div class=\"faq\" data-component=\"FAQ\"><div class=\"faq-item\">\r\n\t\t\t\t\t<div class=\"faq-item-question\">\r\n\t\t\t\t\t\t<h3 class=\"faq-item-question-text\">Jak mog\u0119 osadzi\u0107 wtyczk\u0119 GoDaddy YouTube Gallery w mojej witrynie bez umiej\u0119tno\u015bci kodowania?<\/h3>\r\n\r\n\t\t\t\t\t\t<div class=\"faq-item-question-icon\"><\/div>\r\n\t\t\t\t\t<\/div>\r\n\r\n\t\t\t\t\t<div class=\"faq-item-answer\">\r\n\t\t\t\t\t\t<div class=\"faq-item-answer-text\"><p>Elfsight zapewnia rozwi\u0105zanie oparte na chmurze, kt\u00f3re umo\u017cliwia u\u017cytkownikom tworzenie wtyczki GoDaddy YouTube Gallery na w\u0142asn\u0105 r\u0119k\u0119. Zobacz, jak prosty mo\u017ce by\u0107 ten proces:<\/p><ul><li>Uzyskaj dost\u0119p do edytora online, aby wygenerowa\u0107 sekcj\u0119 wtyczki GoDaddy YouTube Gallery, kt\u00f3r\u0105 chcesz zintegrowa\u0107 ze swoj\u0105 witryn\u0105.<\/li><li>Wybierz jedn\u0105 z naszych wst\u0119pnie zaprojektowanych szablon\u00f3w i dostosuj ustawienia wtyczki GoDaddy YouTube Gallery, zmodyfikuj uk\u0142ad i schemat kolor\u00f3w, do\u0142\u0105cz swoje tre\u015bci bez konieczno\u015bci kodowania.<\/li><li>Zachowaj ustawienia skonfigurowane dla wtyczki GoDaddy YouTube Gallery i uzyskaj kod do osadzenia, kt\u00f3ry mo\u017cesz \u0142atwo i bezp\u0142atnie wstawi\u0107 do swojej witryny.<\/li><\/ul><p>Pracuj\u0105c w przyjaznym dla u\u017cytkownika Edytorze, ka\u017cdy internauta mo\u017ce utworzy\u0107 sekcj\u0119 wtyczek GoDaddy YouTube Gallery i umie\u015b\u0107 go na swojej stronie internetowej. Aby uzyska\u0107 dost\u0119p do Edytora Elfsight, nie jest wymagana \u017cadna p\u0142atno\u015b\u0107 ani ujawnianie danych karty. Je\u015bli na kt\u00f3rymkolwiek etapie napotkasz jakiekolwiek trudno\u015bci, skontaktuj si\u0119 z naszym dzia\u0142em obs\u0142ugi klienta.<\/p><\/div>\r\n\t\t\t\t\t<\/div>\r\n\t\t\t\t<\/div><\/div><\/div>","protected":false},"excerpt":{"rendered":"","protected":false},"author":9,"featured_media":0,"parent":792,"menu_order":0,"comment_status":"closed","ping_status":"closed","template":"templates\/template-application-platform.php","meta":{"publish_to_discourse":"","publish_post_category":"","wpdc_auto_publish_overridden":"","wpdc_topic_tags":"","wpdc_pin_topic":"","wpdc_pin_until":"","discourse_post_id":"","discourse_permalink":"","wpdc_publishing_response":"","wpdc_publishing_error":"","footnotes":""},"class_list":["post-7408","page","type-page","status-publish","hentry"],"yoast_head":"<!-- This site is optimized with the Yoast SEO plugin v25.3.1 - https:\/\/yoast.com\/wordpress\/plugins\/seo\/ -->\n<title>Galeria wideo YouTube \u2014 dodaj wtyczk\u0119 YouTube do GoDaddy<\/title>\n<meta name=\"description\" content=\"Utw\u00f3rz imponuj\u0105c\u0105 wtyczk\u0119 Galerii YouTube dla swojej witryny GoDaddy! Zacznij rozwija\u0107 sw\u00f3j biznes ju\u017c teraz razem z Elfsight!\" \/>\n<meta name=\"robots\" content=\"index, follow, max-snippet:-1, max-image-preview:large, max-video-preview:-1\" \/>\n<link rel=\"canonical\" href=\"https:\/\/elfsight.com\/pl\/youtube-channel-plugin-yottie\/godaddy\/\" \/>\n<meta property=\"og:locale\" content=\"pl_PL\" \/>\n<meta property=\"og:type\" content=\"article\" \/>\n<meta property=\"og:title\" content=\"Galeria wideo YouTube \u2014 dodaj wtyczk\u0119 YouTube do GoDaddy\" \/>\n<meta property=\"og:description\" content=\"Utw\u00f3rz imponuj\u0105c\u0105 wtyczk\u0119 Galerii YouTube dla swojej witryny GoDaddy! Zacznij rozwija\u0107 sw\u00f3j biznes ju\u017c teraz razem z Elfsight!\" \/>\n<meta property=\"og:url\" content=\"https:\/\/elfsight.com\/pl\/youtube-channel-plugin-yottie\/godaddy\/\" \/>\n<meta property=\"og:site_name\" content=\"Elfsight PL\" \/>\n<meta property=\"article:modified_time\" content=\"2024-10-24T12:05:50+00:00\" \/>\n<meta name=\"twitter:card\" content=\"summary_large_image\" \/>\n<meta name=\"twitter:label1\" content=\"Szacowany czas czytania\" \/>\n\t<meta name=\"twitter:data1\" content=\"3 minuty\" \/>\n<!-- \/ Yoast SEO plugin. -->","yoast_head_json":{"title":"Galeria wideo YouTube \u2014 dodaj wtyczk\u0119 YouTube do GoDaddy","description":"Utw\u00f3rz imponuj\u0105c\u0105 wtyczk\u0119 Galerii YouTube dla swojej witryny GoDaddy! Zacznij rozwija\u0107 sw\u00f3j biznes ju\u017c teraz razem z Elfsight!","robots":{"index":"index","follow":"follow","max-snippet":"max-snippet:-1","max-image-preview":"max-image-preview:large","max-video-preview":"max-video-preview:-1"},"canonical":"https:\/\/elfsight.com\/pl\/youtube-channel-plugin-yottie\/godaddy\/","og_locale":"pl_PL","og_type":"article","og_title":"Galeria wideo YouTube \u2014 dodaj wtyczk\u0119 YouTube do GoDaddy","og_description":"Utw\u00f3rz imponuj\u0105c\u0105 wtyczk\u0119 Galerii YouTube dla swojej witryny GoDaddy! Zacznij rozwija\u0107 sw\u00f3j biznes ju\u017c teraz razem z Elfsight!","og_url":"https:\/\/elfsight.com\/pl\/youtube-channel-plugin-yottie\/godaddy\/","og_site_name":"Elfsight PL","article_modified_time":"2024-10-24T12:05:50+00:00","twitter_card":"summary_large_image","twitter_misc":{"Szacowany czas czytania":"3 minuty"},"schema":{"@context":"https:\/\/schema.org","@graph":[{"@type":"WebPage","@id":"https:\/\/elfsight.com\/pl\/youtube-channel-plugin-yottie\/godaddy\/","url":"https:\/\/elfsight.com\/pl\/youtube-channel-plugin-yottie\/godaddy\/","name":"Galeria wideo YouTube \u2014 dodaj wtyczk\u0119 YouTube do GoDaddy","isPartOf":{"@id":"https:\/\/elfsight.com\/pl\/#website"},"datePublished":"1970-01-01T00:00:00+00:00","dateModified":"2024-10-24T12:05:50+00:00","description":"Utw\u00f3rz imponuj\u0105c\u0105 wtyczk\u0119 Galerii YouTube dla swojej witryny GoDaddy! Zacznij rozwija\u0107 sw\u00f3j biznes ju\u017c teraz razem z Elfsight!","breadcrumb":{"@id":"https:\/\/elfsight.com\/pl\/youtube-channel-plugin-yottie\/godaddy\/#breadcrumb"},"inLanguage":"pl-PL","potentialAction":[{"@type":"ReadAction","target":["https:\/\/elfsight.com\/pl\/youtube-channel-plugin-yottie\/godaddy\/"]}]},{"@type":"BreadcrumbList","@id":"https:\/\/elfsight.com\/pl\/youtube-channel-plugin-yottie\/godaddy\/#breadcrumb","itemListElement":[{"@type":"ListItem","position":1,"name":"Home","item":"https:\/\/elfsight.com\/pl\/"},{"@type":"ListItem","position":2,"name":"YouTube Gallery","item":"https:\/\/elfsight.com\/pl\/youtube-channel-plugin-yottie\/"},{"@type":"ListItem","position":3,"name":"YouTube Gallery &#8211; GoDaddy"}]},{"@type":"WebSite","@id":"https:\/\/elfsight.com\/pl\/#website","url":"https:\/\/elfsight.com\/pl\/","name":"Elfsight PL","description":"Just another Elfsight Sites site","potentialAction":[{"@type":"SearchAction","target":{"@type":"EntryPoint","urlTemplate":"https:\/\/elfsight.com\/pl\/?s={search_term_string}"},"query-input":{"@type":"PropertyValueSpecification","valueRequired":true,"valueName":"search_term_string"}}],"inLanguage":"pl-PL"}]}},"meta_box":{"industry":"","seo_heading":"","heading":"","description":"","cta_heading":"","cta_description":"","application":"785","h1":"Wtyczka GoDaddy YouTube Gallery","h1_caption":"Osad\u017a galeri\u0119 film\u00f3w z serwisu YouTube, aby bez problemu umieszcza\u0107 w witrynie GoDaddy tre\u015bci takie jak samouczki, referencje lub prezentacje produkt\u00f3w.","application_category":[],"applications_title":"","applications_request_title":"","applications_request_button_text":"","hero_text":"","hero_video":"","hero_video_schema_markup":"","selling_points_title":"","selling_points_caption":"","selling_points":[],"selling_points_cta_text":"","features_title":"","features":"","ed_cta_examples_text":"","ed_cta_examples_hidden":"","ed_cta_demo_text":"","ed_cta_demo_hidden":"","why_caption":"","why_editor_title":"","why_editor_text":"","why_team_title":"","why_team_text":"","why_service_title":"","why_service_text":"","template_catalog_visible":"","template_catalog_title":"","template_catalog_text":"","template_catalog_categories_visible":"","demo_title":"Pospiesz si\u0119, aby utworzy\u0107 w\u0142asn\u0105 galeri\u0119 YouTube GoDaddy","demo_caption":"Dostosuj go i umie\u015b\u0107 wtyczk\u0119 na swojej stronie, korzystaj\u0105c z wersji demonstracyjnej na \u017cywo.","default_faq_hidden":"","app_template_category":[],"platform":"180","template_public_id":"","codecanyon_url":"","codecanyon_item_id":"","codecanyon_price":"","pricing_caption":"","pricing_elfsight_apps_hide_column":"","pricing_elfsight_apps_url":"","pricing_codecanyon_price_caption":"","integration_category":[],"integration_request_title":"","integration_request_cta":"","integration_platform":"","integrations":[],"platform_category":[],"video_schema_markup":"","price":"od 0 USD \/ miesi\u0105c","trial":"","benefits":[{"text":"Bezp\u0142atna pomoc w monta\u017cu"},{"text":"Do\u015bwiadczona obs\u0142uga klienta"},{"text":"14-dniowa gwarancja zwrotu pieni\u0119dzy"}],"button_url":"#demo","button_target_blank":"","button_nofollow":"","attributes":[{"name":"Instaluje"},{"name":"Czu\u0142y"},{"name":"Kompatybilne przegl\u0105darki"}],"tags":[],"tags_disable_links":"","hide_more_platforms":"","video_object":"","demo_hide_cta":"","demo_hide_cloud_options":"","pricing_title":"","pricing":[{"pricing_icon":"platform","pricing_title":"Elfsight Apps","pricing_title_caption":"Wersja wieloplatformowa, kt\u00f3ra pasuje do ka\u017cdej witryny internetowej","pricing_price":"od 0 USD \/ miesi\u0105c","pricing_price_caption":"zacznij od bezp\u0142atnego planu","pricing_benefits":[{"text":"Nielimitowane strony internetowe"},{"text":"Profesjonalna obs\u0142uga klienta i dobrze udokumentowana"},{"text":"Bezp\u0142atna us\u0142uga monta\u017cu"},{"text":"Elastyczny projekt"}],"pricing_button_text":"Dodaj do witryny","pricing_button_url":"#demo"}],"related_apps_title":"","related_apps_hidden":"","author":"","image":[],"title":"","job":"","social_networks":[]},"_links":{"self":[{"href":"https:\/\/elfsight.com\/pl\/wp-json\/wp\/v2\/pages\/7408","targetHints":{"allow":["GET"]}}],"collection":[{"href":"https:\/\/elfsight.com\/pl\/wp-json\/wp\/v2\/pages"}],"about":[{"href":"https:\/\/elfsight.com\/pl\/wp-json\/wp\/v2\/types\/page"}],"author":[{"embeddable":true,"href":"https:\/\/elfsight.com\/pl\/wp-json\/wp\/v2\/users\/9"}],"replies":[{"embeddable":true,"href":"https:\/\/elfsight.com\/pl\/wp-json\/wp\/v2\/comments?post=7408"}],"version-history":[{"count":1,"href":"https:\/\/elfsight.com\/pl\/wp-json\/wp\/v2\/pages\/7408\/revisions"}],"predecessor-version":[{"id":7412,"href":"https:\/\/elfsight.com\/pl\/wp-json\/wp\/v2\/pages\/7408\/revisions\/7412"}],"up":[{"embeddable":true,"href":"https:\/\/elfsight.com\/pl\/wp-json\/wp\/v2\/pages\/792"}],"wp:attachment":[{"href":"https:\/\/elfsight.com\/pl\/wp-json\/wp\/v2\/media?parent=7408"}],"curies":[{"name":"wp","href":"https:\/\/api.w.org\/{rel}","templated":true}]}}