{"id":7406,"date":"1970-01-01T00:00:00","date_gmt":"1970-01-01T00:00:00","guid":{"rendered":"https:\/\/elfsight.com\/pl\/?page_id=7406"},"modified":"2024-10-24T12:05:41","modified_gmt":"2024-10-24T12:05:41","slug":"jimdo","status":"publish","type":"page","link":"https:\/\/elfsight.com\/pl\/youtube-channel-plugin-yottie\/jimdo\/","title":{"rendered":"YouTube Gallery &#8211; Jimdo"},"content":{"rendered":"<div class=\"application-platform-content-item-description application-platform-content-item\" id=\"description\" data-nav-section=\"description\"><h2>Opis<\/h2> <p>Wid\u017cet Galeria YouTube Elfsight to skuteczne narz\u0119dzie do integracji tre\u015bci YouTube z Twoj\u0105 witryn\u0105. Prezentuj filmy, tw\u00f3rz galerie lub wy\u015bwietlaj pe\u0142ne kana\u0142y w witrynie, aby zabawia\u0107 odwiedzaj\u0105cych i pomaga\u0107 w promowaniu Twojej marki. Wy\u015bwietlaj tutoriale wideo i zwi\u0119ksz lojalno\u015b\u0107 klient\u00f3w, wy\u015bwietlaj recenzje wideo swoich produkt\u00f3w, aby przyci\u0105gn\u0105\u0107 nowych klient\u00f3w i zobacz, jak Twoja marka staje si\u0119 coraz bardziej popularna! <\/p> <p><b>Dzi\u0119ki Galerii YouTube rozpocznij zr\u00f3wnowa\u017cony rozw\u00f3j firmy i wy\u017csz\u0105 sprzeda\u017c <\/b><\/p> <\/div> <div class=\"application-platform-content-item-features application-platform-content-item\" id=\"features\" data-nav-section=\"features\"> <h2>Kluczowe funkcje wid\u017cetu obejmuj\u0105<\/h2> <ul><li>Wiele \u017ar\u00f3de\u0142 z kana\u0142em YouTube, adresami URL i grupami \u017ar\u00f3de\u0142<\/li><li>Konfigurowalne elementy nag\u0142\u00f3wka: opis, logo, baner, nazwa kana\u0142u, liczba subskrybent\u00f3w i wy\u015bwietle\u0144, przycisk subskrypcji, liczba film\u00f3w<\/li><li>Dostosowywanie tre\u015bci: kolumny i wiersze; kierunek poziomy lub pionowy; przeci\u0105ganie i paginacja; 6 efekt\u00f3w przej\u015bcia; pasek przewijania i tryb swobodny. <\/li><li>Konfigurowalny czas pami\u0119ci podr\u0119cznej<\/li><\/ul><p><a href=\"#demo\">Dzi\u0119ki wersji demonstracyjnej mo\u017cesz sprawdzi\u0107, czy wid\u017cet jest dla Ciebie<\/a><\/p> <\/div> <div class=\"application-platform-content-item-installation application-platform-content-item\" id=\"installation\" data-nav-section=\"installation\"> <h2>Jak osadzi\u0107 galeri\u0119 wideo YouTube na mojej stronie Jimdo? <\/h2> <p>Wystarczy wykona\u0107 poni\u017csze kroki, aby osadzi\u0107 wid\u017cet. <\/p> <ol><li><b>Otw\u00f3rz nasze bezp\u0142atne demo i zacznij tworzy\u0107 w\u0142asny widget. <\/b><br> Wybierz po\u017c\u0105dany wygl\u0105d i parametry narz\u0119dzia i zapisz zmiany. <\/li> <li><b>Zdob\u0105d\u017a unikalny kod widoczny w pude\u0142ku w aplikacjach Elfsight. <\/b><br> Po skonfigurowaniu osobistego wid\u017cetu skopiuj kod osobisty z wy\u015bwietlonego wyskakuj\u0105cego okienka i zachowaj go do dalszego wykorzystania. <\/li> <li><b>Rozpocznij stosowanie narz\u0119dzia na stronie Jimdo. <\/b><br> Wklej ostatnio skopiowany kod na swoj\u0105 stron\u0119 internetow\u0105 i zastosuj modyfikacje. <\/li> <li><b>Instalacja zosta\u0142a pomy\u015blnie przeprowadzona. <\/b><br> Przejd\u017a do swojej witryny, aby sprawdzi\u0107 dzia\u0142anie widgetu. <\/li><\/ol> <p>W przypadku jakichkolwiek komplikacji skontaktuj si\u0119 z naszym zespo\u0142em wsparcia. Nasi ludzie pragn\u0105 rozwi\u0105za\u0107 wszystkie pytania, jakie mo\u017cesz mie\u0107 w zwi\u0105zku z tym narz\u0119dziem. <\/p> <\/div>","protected":false},"excerpt":{"rendered":"","protected":false},"author":9,"featured_media":0,"parent":792,"menu_order":0,"comment_status":"closed","ping_status":"closed","template":"templates\/template-application-platform.php","meta":{"publish_to_discourse":"","publish_post_category":"","wpdc_auto_publish_overridden":"","wpdc_topic_tags":"","wpdc_pin_topic":"","wpdc_pin_until":"","discourse_post_id":"","discourse_permalink":"","wpdc_publishing_response":"","wpdc_publishing_error":"","footnotes":""},"class_list":["post-7406","page","type-page","status-publish","hentry"],"yoast_head":"<!-- This site is optimized with the Yoast SEO plugin v25.3.1 - https:\/\/yoast.com\/wordpress\/plugins\/seo\/ -->\n<title>Widget YouTube - Umie\u015b\u0107 galeri\u0119 wideo YouTube na stronie internetowej Jimdo<\/title>\n<meta name=\"description\" content=\"Zaprojektuj spersonalizowan\u0105 galeri\u0119 wideo YouTube dla swojej witryny Jimdo w 3 minuty! Przetestuj darmowy edytor Elfsight, aby ustawi\u0107 w\u0142asny widget YouTube.\" \/>\n<meta name=\"robots\" content=\"index, follow, max-snippet:-1, max-image-preview:large, max-video-preview:-1\" \/>\n<link rel=\"canonical\" href=\"https:\/\/elfsight.com\/pl\/youtube-channel-plugin-yottie\/jimdo\/\" \/>\n<meta property=\"og:locale\" content=\"pl_PL\" \/>\n<meta property=\"og:type\" content=\"article\" \/>\n<meta property=\"og:title\" content=\"Widget YouTube - Umie\u015b\u0107 galeri\u0119 wideo YouTube na stronie internetowej Jimdo\" \/>\n<meta property=\"og:description\" content=\"Zaprojektuj spersonalizowan\u0105 galeri\u0119 wideo YouTube dla swojej witryny Jimdo w 3 minuty! Przetestuj darmowy edytor Elfsight, aby ustawi\u0107 w\u0142asny widget YouTube.\" \/>\n<meta property=\"og:url\" content=\"https:\/\/elfsight.com\/pl\/youtube-channel-plugin-yottie\/jimdo\/\" \/>\n<meta property=\"og:site_name\" content=\"Elfsight PL\" \/>\n<meta property=\"article:modified_time\" content=\"2024-10-24T12:05:41+00:00\" \/>\n<meta name=\"twitter:card\" content=\"summary_large_image\" \/>\n<meta name=\"twitter:label1\" content=\"Szacowany czas czytania\" \/>\n\t<meta name=\"twitter:data1\" content=\"2 minuty\" \/>\n<!-- \/ Yoast SEO plugin. -->","yoast_head_json":{"title":"Widget YouTube - Umie\u015b\u0107 galeri\u0119 wideo YouTube na stronie internetowej Jimdo","description":"Zaprojektuj spersonalizowan\u0105 galeri\u0119 wideo YouTube dla swojej witryny Jimdo w 3 minuty! Przetestuj darmowy edytor Elfsight, aby ustawi\u0107 w\u0142asny widget YouTube.","robots":{"index":"index","follow":"follow","max-snippet":"max-snippet:-1","max-image-preview":"max-image-preview:large","max-video-preview":"max-video-preview:-1"},"canonical":"https:\/\/elfsight.com\/pl\/youtube-channel-plugin-yottie\/jimdo\/","og_locale":"pl_PL","og_type":"article","og_title":"Widget YouTube - Umie\u015b\u0107 galeri\u0119 wideo YouTube na stronie internetowej Jimdo","og_description":"Zaprojektuj spersonalizowan\u0105 galeri\u0119 wideo YouTube dla swojej witryny Jimdo w 3 minuty! Przetestuj darmowy edytor Elfsight, aby ustawi\u0107 w\u0142asny widget YouTube.","og_url":"https:\/\/elfsight.com\/pl\/youtube-channel-plugin-yottie\/jimdo\/","og_site_name":"Elfsight PL","article_modified_time":"2024-10-24T12:05:41+00:00","twitter_card":"summary_large_image","twitter_misc":{"Szacowany czas czytania":"2 minuty"},"schema":{"@context":"https:\/\/schema.org","@graph":[{"@type":"WebPage","@id":"https:\/\/elfsight.com\/pl\/youtube-channel-plugin-yottie\/jimdo\/","url":"https:\/\/elfsight.com\/pl\/youtube-channel-plugin-yottie\/jimdo\/","name":"Widget YouTube - Umie\u015b\u0107 galeri\u0119 wideo YouTube na stronie internetowej Jimdo","isPartOf":{"@id":"https:\/\/elfsight.com\/pl\/#website"},"datePublished":"1970-01-01T00:00:00+00:00","dateModified":"2024-10-24T12:05:41+00:00","description":"Zaprojektuj spersonalizowan\u0105 galeri\u0119 wideo YouTube dla swojej witryny Jimdo w 3 minuty! Przetestuj darmowy edytor Elfsight, aby ustawi\u0107 w\u0142asny widget YouTube.","breadcrumb":{"@id":"https:\/\/elfsight.com\/pl\/youtube-channel-plugin-yottie\/jimdo\/#breadcrumb"},"inLanguage":"pl-PL","potentialAction":[{"@type":"ReadAction","target":["https:\/\/elfsight.com\/pl\/youtube-channel-plugin-yottie\/jimdo\/"]}]},{"@type":"BreadcrumbList","@id":"https:\/\/elfsight.com\/pl\/youtube-channel-plugin-yottie\/jimdo\/#breadcrumb","itemListElement":[{"@type":"ListItem","position":1,"name":"Home","item":"https:\/\/elfsight.com\/pl\/"},{"@type":"ListItem","position":2,"name":"YouTube Gallery","item":"https:\/\/elfsight.com\/pl\/youtube-channel-plugin-yottie\/"},{"@type":"ListItem","position":3,"name":"YouTube Gallery &#8211; Jimdo"}]},{"@type":"WebSite","@id":"https:\/\/elfsight.com\/pl\/#website","url":"https:\/\/elfsight.com\/pl\/","name":"Elfsight PL","description":"Just another Elfsight Sites site","potentialAction":[{"@type":"SearchAction","target":{"@type":"EntryPoint","urlTemplate":"https:\/\/elfsight.com\/pl\/?s={search_term_string}"},"query-input":{"@type":"PropertyValueSpecification","valueRequired":true,"valueName":"search_term_string"}}],"inLanguage":"pl-PL"}]}},"meta_box":{"industry":"","seo_heading":"","heading":"","description":"","cta_heading":"","cta_description":"","application":"785","h1":"Galeria wideo YouTube dla Jimdo","h1_caption":"Osad\u017a galeri\u0119 film\u00f3w z YouTube, aby bez wysi\u0142ku umieszcza\u0107 tre\u015bci takie jak tutoriale, referencje lub prezentacje produkt\u00f3w ze swojej witryny na swojej stronie Jimdo.","application_category":[],"applications_title":"","applications_request_title":"","applications_request_button_text":"","hero_text":"","hero_video":"","hero_video_schema_markup":"","selling_points_title":"","selling_points_caption":"","selling_points":[],"selling_points_cta_text":"","features_title":"","features":"","ed_cta_examples_text":"","ed_cta_examples_hidden":"","ed_cta_demo_text":"","ed_cta_demo_hidden":"","why_caption":"","why_editor_title":"","why_editor_text":"","why_team_title":"","why_team_text":"","why_service_title":"","why_service_text":"","template_catalog_visible":"","template_catalog_title":"","template_catalog_text":"","template_catalog_categories_visible":"","demo_title":"Skonfiguruj swoj\u0105 galeri\u0119 YouTube Jimdo!","demo_caption":"Dostosuj wid\u017cet i wstaw go na swoj\u0105 stron\u0119, korzystaj\u0105c z aktywnej wersji demonstracyjnej.","default_faq_hidden":"","app_template_category":[],"platform":"193","template_public_id":"","codecanyon_url":"","codecanyon_item_id":"","codecanyon_price":"","pricing_caption":"","pricing_elfsight_apps_hide_column":"","pricing_elfsight_apps_url":"","pricing_codecanyon_price_caption":"","integration_category":[],"integration_request_title":"","integration_request_cta":"","integration_platform":"","integrations":[],"platform_category":[],"video_schema_markup":"","price":"od 0 USD \/ miesi\u0105c","trial":"","benefits":[{"text":"Bezp\u0142atna pomoc w instalacji"},{"text":"Wsparcie premium"},{"text":"14-dniowa gwarancja zwrotu pieni\u0119dzy"}],"button_url":"#demo","button_target_blank":"","button_nofollow":"","attributes":[{"name":"Instaluje"},{"name":"Czu\u0142y"},{"name":"Kompatybilne przegl\u0105darki"}],"tags":[],"tags_disable_links":"","hide_more_platforms":"","video_object":"","demo_hide_cta":"","demo_hide_cloud_options":"","pricing_title":"","pricing":[{"pricing_icon":"platform","pricing_title":"Elfsight Apps","pricing_title_caption":"Oprogramowanie niezale\u017cne od platformy, kt\u00f3re pasuje do ka\u017cdej witryny","pricing_price":"od 0 USD \/ miesi\u0105c","pricing_price_caption":"zacznij od bezp\u0142atnego planu","pricing_benefits":[{"text":"Nielimitowane strony internetowe"},{"text":"Bezp\u0142atne i terminowe wsparcie"},{"text":"Bezp\u0142atna us\u0142uga monta\u017cu"},{"text":"Elastyczny projekt"}],"pricing_button_text":"Dodaj do witryny","pricing_button_url":"#demo"}],"related_apps_title":"","related_apps_hidden":"","author":"","image":[],"title":"","job":"","social_networks":[]},"_links":{"self":[{"href":"https:\/\/elfsight.com\/pl\/wp-json\/wp\/v2\/pages\/7406","targetHints":{"allow":["GET"]}}],"collection":[{"href":"https:\/\/elfsight.com\/pl\/wp-json\/wp\/v2\/pages"}],"about":[{"href":"https:\/\/elfsight.com\/pl\/wp-json\/wp\/v2\/types\/page"}],"author":[{"embeddable":true,"href":"https:\/\/elfsight.com\/pl\/wp-json\/wp\/v2\/users\/9"}],"replies":[{"embeddable":true,"href":"https:\/\/elfsight.com\/pl\/wp-json\/wp\/v2\/comments?post=7406"}],"version-history":[{"count":1,"href":"https:\/\/elfsight.com\/pl\/wp-json\/wp\/v2\/pages\/7406\/revisions"}],"predecessor-version":[{"id":7410,"href":"https:\/\/elfsight.com\/pl\/wp-json\/wp\/v2\/pages\/7406\/revisions\/7410"}],"up":[{"embeddable":true,"href":"https:\/\/elfsight.com\/pl\/wp-json\/wp\/v2\/pages\/792"}],"wp:attachment":[{"href":"https:\/\/elfsight.com\/pl\/wp-json\/wp\/v2\/media?parent=7406"}],"curies":[{"name":"wp","href":"https:\/\/api.w.org\/{rel}","templated":true}]}}