{"id":7400,"date":"1970-01-01T00:00:00","date_gmt":"1970-01-01T00:00:00","guid":{"rendered":"https:\/\/elfsight.com\/pl\/?page_id=7400"},"modified":"2024-11-14T12:41:20","modified_gmt":"2024-11-14T12:41:20","slug":"blogger","status":"publish","type":"page","link":"https:\/\/elfsight.com\/pl\/yelp-reviews-widget\/blogger\/","title":{"rendered":"Yelp Reviews &#8211; Blogger"},"content":{"rendered":"<div class=\"application-platform-content-item-description application-platform-content-item\" id=\"description\" data-nav-section=\"description\"> <h2>Opis<\/h2> <p>Je\u015bli chcesz wykaza\u0107 si\u0119 wysok\u0105 ocen\u0105 i przekona\u0107 odwiedzaj\u0105cych witryn\u0119, \u017ce Twoje produkty lub us\u0142ugi s\u0105 warte swojej ceny pieni\u0105dze, rozwi\u0105zaniem b\u0119dzie widget Elfsight Yelp Reviews. Za pomoc\u0105 naszego widgetu szybko umie\u015bcisz na swojej stronie recenzje klient\u00f3w z Yelp z informacj\u0105 o ich autorach, u\u017cyjesz filtr\u00f3w, aby wy\u015bwietli\u0107 tylko najlepsze, poka\u017cesz oceny i aktywny przycisk, kt\u00f3ry przeniesie ludzi na Twoje konto Yelp, gdzie b\u0119d\u0105 mogli dodaj jeszcze jedn\u0105 opini\u0119. <\/p><div class=\"faq\" data-component=\"FAQ\"> <div class=\"faq-item\">\r\n\t\t\t\t\t<div class=\"faq-item-question\">\r\n\t\t\t\t\t\t<h3 class=\"faq-item-question-text\">Gdzie mog\u0119 wstawi\u0107 t\u0119 wtyczk\u0119<\/h3>\r\n\r\n\t\t\t\t\t\t<div class=\"faq-item-question-icon\"><\/div>\r\n\t\t\t\t\t<\/div>\r\n\r\n\t\t\t\t\t<div class=\"faq-item-answer\">\r\n\t\t\t\t\t\t<div class=\"faq-item-answer-text\"> <p>Mo\u017cesz wstawi\u0107 wid\u017cet recenzji na dowolnej stronie witryny lub doda\u0107 go do szablonu witryny, w tym przypadku b\u0119dzie to b\u0119dzie wy\u015bwietlany na wszystkich stronach. Recenzje \u015bwietnie sprawdz\u0105 si\u0119 na stronach produkt\u00f3w lub na stronie O nas, gdzie chcesz udowodni\u0107 swoj\u0105 wysok\u0105 ocen\u0119. <\/p><\/div>\r\n\t\t\t\t\t<\/div>\r\n\t\t\t\t<\/div> <div class=\"faq-item\">\r\n\t\t\t\t\t<div class=\"faq-item-question\">\r\n\t\t\t\t\t\t<h3 class=\"faq-item-question-text\">Jakie korzy\u015bci daje mi posiadanie wid\u017cetu Recenzje?<\/h3>\r\n\r\n\t\t\t\t\t\t<div class=\"faq-item-question-icon\"><\/div>\r\n\t\t\t\t\t<\/div>\r\n\r\n\t\t\t\t\t<div class=\"faq-item-answer\">\r\n\t\t\t\t\t\t<div class=\"faq-item-answer-text\"> <p>Opinie prawdziwych ludzi s\u0105 dla klient\u00f3w Twojej witryny maksymalnie godne zaufania i oznaczaj\u0105 dla nich, \u017ce Twoja firma jest wiarygodna partner. Wysoka ocena i dobre recenzje mog\u0105 pom\u00f3c wzmocni\u0107 poziom zakup\u00f3w w Twojej witrynie. Ponadto przycisk przekierowania mo\u017ce przyczyni\u0107 si\u0119 do zwi\u0119kszenia liczby recenzji klient\u00f3w na temat Twoich ofert lub us\u0142ug na Yelp.<\/p> <\/div>\r\n\t\t\t\t\t<\/div>\r\n\t\t\t\t<\/div> <div class=\"faq-item\">\r\n\t\t\t\t\t<div class=\"faq-item-question\">\r\n\t\t\t\t\t\t<h3 class=\"faq-item-question-text\">Jak osadzi\u0107 wid\u017cet Recenzje w mojej witrynie Bloggera?<\/h3>\r\n\r\n\t\t\t\t\t\t<div class=\"faq-item-question-icon\"><\/div>\r\n\t\t\t\t\t<\/div>\r\n\r\n\t\t\t\t\t<div class=\"faq-item-answer\">\r\n\t\t\t\t\t\t<div class=\"faq-item-answer-text\"> <p>B\u0119dzie to po\u015bwi\u0119\u0107 minut\u0119 na rozpocz\u0119cie korzystania z wid\u017cetu. Dodanie go jest bardzo szybkie, bezp\u0142atne i nie wymaga kodowania.<\/p> <p>Mo\u017cesz zintegrowa\u0107 wid\u017cet Recenzje ze swoj\u0105 witryn\u0105 w naszym serwisie. Aby to zrobi\u0107, wykonaj instrukcje podane poni\u017cej na tej stronie.<\/p><\/div>\r\n\t\t\t\t\t<\/div>\r\n\t\t\t\t<\/div> <\/div> <\/div> <div class=\"application-platform-content-item-features application-platform-content-item\" id=\"features\" data-nav-section=\"features\"> <h2>Funkcje<\/h2> <p>Aby kszta\u0142tuj ja\u015bniejsze zrozumienie wid\u017cetu, odkryj list\u0119 najwa\u017cniejszych funkcji. Sprawiaj\u0105, \u017ce nasz widget jest naprawd\u0119 skuteczny dla Twojego sklepu: <\/p> <ul> <li>Trzy dost\u0119pne filtry: wed\u0142ug typu, do wykluczenia wed\u0142ug s\u0142\u00f3w kluczowych i ilo\u015bci recenzji do wy\u015bwietlenia;<\/li> <li>Cztery opcje uk\u0142ad\u00f3w : Lista, Siatka, Mur i Suwak;<\/li> <li>Mo\u017cliwo\u015b\u0107 pokazania lub ukrycia nag\u0142\u00f3wka wid\u017cetu;<\/li> <li>Przycisk pro\u015bby o recenzj\u0119 przenosi klient\u00f3w na stron\u0119 Yelp;<\/li> <li>6 elastycznych element\u00f3w wid\u017cetu: imi\u0119 i nazwisko autora i zdj\u0119cie, rekomendacja, data opublikowania, ikona Yelp i liczba gwiazdek;<\/li> <li>Dwie alternatywy scenariuszy odmowy pro\u015bby o recenzj\u0119: poka\u017c wiadomo\u015b\u0107 tekstow\u0105 lub ukryj przycisk.<\/li> <\/ul><p><a href=\"#demo\">Poznaj wszystkie funkcje w naszej wersji demonstracyjnej<\/a><\/p> <\/div> <div class=\"application-platform-content-item-installation application-platform-content-item\" id=\"installation\" data-nav-section=\"installation\"> <h2>Oto jak doda\u0107 recenzje Yelp do swojej witryny Bloggera. Jest nieskomplikowany i szybki.<\/h2><div class=\"video-container\"><iframe width=\"720\" height=\"405\" src=\"https:\/\/www.youtube.com\/embed\/QoH9IYWhXPA\" frameborder=\"0\" allowfullscreen=\"\"><\/iframe><\/div><p> Wystarczy kilka prostych czynno\u015bci, aby skonfigurowa\u0107 wid\u017cet Recenzje na swojej stronie. Zajmie to minut\u0119 i nie wymaga kodowania.<\/p> <ul><li><b>Wygeneruj w\u0142asny widget<\/b><br> Zarz\u0105dzaj\u0105c naszym darmowym edytorem, uzyskaj wtyczk\u0119 z preferowan\u0105 kompozycj\u0105 i funkcje. <\/li><li><b>Odbierz indywidualny kod do wy\u015bwietlenia wid\u017cetu<\/b><br> Po skonfigurowaniu wid\u017cetu otrzymasz indywidualny kod z powiadomienia, kt\u00f3re pojawi si\u0119 w aplikacjach Elfsight. Skopiuj to. <\/li> <li><b> Osad\u017a widget na swojej stronie<\/b><br> Znajd\u017a obszar, w kt\u00f3rym planujesz wy\u015bwietla\u0107 widget i tam dodaj zapisany kod. Zapisz zmiany. <\/li> <li><b>Gotowe!<\/b><br> Wejd\u017a na stron\u0119 i zobacz swoje recenzje.<\/li> <\/ul><p>Nadal nie jeste\u015b pewien? Lub masz problemy? Tylko jedna pro\u015bba do naszego zespo\u0142u wsparcia rozwi\u0105\u017ce ka\u017cdy problem.<\/p> <\/div>","protected":false},"excerpt":{"rendered":"","protected":false},"author":9,"featured_media":0,"parent":1264,"menu_order":0,"comment_status":"closed","ping_status":"closed","template":"templates\/template-application-platform.php","meta":{"publish_to_discourse":"","publish_post_category":"","wpdc_auto_publish_overridden":"","wpdc_topic_tags":"","wpdc_pin_topic":"","wpdc_pin_until":"","discourse_post_id":"","discourse_permalink":"","wpdc_publishing_response":"","wpdc_publishing_error":"","footnotes":""},"class_list":["post-7400","page","type-page","status-publish","hentry"],"yoast_head":"<!-- This site is optimized with the Yoast SEO plugin v25.3.1 - https:\/\/yoast.com\/wordpress\/plugins\/seo\/ -->\n<title>Dodaj wid\u017cet Recenzje Yelp do swojej witryny Bloggera (w 2 minuty)<\/title>\n<meta name=\"description\" content=\"Oto mo\u017cliwo\u015b\u0107 stworzenia niestandardowego wid\u017cetu Recenzji Yelp i wy\u015bwietlenia go na Twojej stronie Bloggera. Uzyskaj bezp\u0142atn\u0105 obs\u0142ug\u0119 klienta i inne bonusy od Elfsight.\" \/>\n<meta name=\"robots\" content=\"index, follow, max-snippet:-1, max-image-preview:large, max-video-preview:-1\" \/>\n<link rel=\"canonical\" href=\"https:\/\/elfsight.com\/pl\/yelp-reviews-widget\/blogger\/\" \/>\n<meta property=\"og:locale\" content=\"pl_PL\" \/>\n<meta property=\"og:type\" content=\"article\" \/>\n<meta property=\"og:title\" content=\"Dodaj wid\u017cet Recenzje Yelp do swojej witryny Bloggera (w 2 minuty)\" \/>\n<meta property=\"og:description\" content=\"Oto mo\u017cliwo\u015b\u0107 stworzenia niestandardowego wid\u017cetu Recenzji Yelp i wy\u015bwietlenia go na Twojej stronie Bloggera. Uzyskaj bezp\u0142atn\u0105 obs\u0142ug\u0119 klienta i inne bonusy od Elfsight.\" \/>\n<meta property=\"og:url\" content=\"https:\/\/elfsight.com\/pl\/yelp-reviews-widget\/blogger\/\" \/>\n<meta property=\"og:site_name\" content=\"Elfsight PL\" \/>\n<meta property=\"article:modified_time\" content=\"2024-11-14T12:41:20+00:00\" \/>\n<meta name=\"twitter:card\" content=\"summary_large_image\" \/>\n<meta name=\"twitter:label1\" content=\"Szacowany czas czytania\" \/>\n\t<meta name=\"twitter:data1\" content=\"3 minuty\" \/>\n<!-- \/ Yoast SEO plugin. -->","yoast_head_json":{"title":"Dodaj wid\u017cet Recenzje Yelp do swojej witryny Bloggera (w 2 minuty)","description":"Oto mo\u017cliwo\u015b\u0107 stworzenia niestandardowego wid\u017cetu Recenzji Yelp i wy\u015bwietlenia go na Twojej stronie Bloggera. Uzyskaj bezp\u0142atn\u0105 obs\u0142ug\u0119 klienta i inne bonusy od Elfsight.","robots":{"index":"index","follow":"follow","max-snippet":"max-snippet:-1","max-image-preview":"max-image-preview:large","max-video-preview":"max-video-preview:-1"},"canonical":"https:\/\/elfsight.com\/pl\/yelp-reviews-widget\/blogger\/","og_locale":"pl_PL","og_type":"article","og_title":"Dodaj wid\u017cet Recenzje Yelp do swojej witryny Bloggera (w 2 minuty)","og_description":"Oto mo\u017cliwo\u015b\u0107 stworzenia niestandardowego wid\u017cetu Recenzji Yelp i wy\u015bwietlenia go na Twojej stronie Bloggera. Uzyskaj bezp\u0142atn\u0105 obs\u0142ug\u0119 klienta i inne bonusy od Elfsight.","og_url":"https:\/\/elfsight.com\/pl\/yelp-reviews-widget\/blogger\/","og_site_name":"Elfsight PL","article_modified_time":"2024-11-14T12:41:20+00:00","twitter_card":"summary_large_image","twitter_misc":{"Szacowany czas czytania":"3 minuty"},"schema":{"@context":"https:\/\/schema.org","@graph":[{"@type":"WebPage","@id":"https:\/\/elfsight.com\/pl\/yelp-reviews-widget\/blogger\/","url":"https:\/\/elfsight.com\/pl\/yelp-reviews-widget\/blogger\/","name":"Dodaj wid\u017cet Recenzje Yelp do swojej witryny Bloggera (w 2 minuty)","isPartOf":{"@id":"https:\/\/elfsight.com\/pl\/#website"},"datePublished":"1970-01-01T00:00:00+00:00","dateModified":"2024-11-14T12:41:20+00:00","description":"Oto mo\u017cliwo\u015b\u0107 stworzenia niestandardowego wid\u017cetu Recenzji Yelp i wy\u015bwietlenia go na Twojej stronie Bloggera. Uzyskaj bezp\u0142atn\u0105 obs\u0142ug\u0119 klienta i inne bonusy od Elfsight.","breadcrumb":{"@id":"https:\/\/elfsight.com\/pl\/yelp-reviews-widget\/blogger\/#breadcrumb"},"inLanguage":"pl-PL","potentialAction":[{"@type":"ReadAction","target":["https:\/\/elfsight.com\/pl\/yelp-reviews-widget\/blogger\/"]}]},{"@type":"BreadcrumbList","@id":"https:\/\/elfsight.com\/pl\/yelp-reviews-widget\/blogger\/#breadcrumb","itemListElement":[{"@type":"ListItem","position":1,"name":"Home","item":"https:\/\/elfsight.com\/pl\/"},{"@type":"ListItem","position":2,"name":"Yelp Reviews","item":"https:\/\/elfsight.com\/pl\/yelp-reviews-widget\/"},{"@type":"ListItem","position":3,"name":"Yelp Reviews &#8211; Blogger"}]},{"@type":"WebSite","@id":"https:\/\/elfsight.com\/pl\/#website","url":"https:\/\/elfsight.com\/pl\/","name":"Elfsight PL","description":"Just another Elfsight Sites site","potentialAction":[{"@type":"SearchAction","target":{"@type":"EntryPoint","urlTemplate":"https:\/\/elfsight.com\/pl\/?s={search_term_string}"},"query-input":{"@type":"PropertyValueSpecification","valueRequired":true,"valueName":"search_term_string"}}],"inLanguage":"pl-PL"}]}},"meta_box":{"industry":"","seo_heading":"","heading":"","description":"","cta_heading":"","cta_description":"","application":"1263","h1":"Widget Recenzje Bloggera Yelp","h1_caption":"Prezentuj recenzje klient\u00f3w za pomoc\u0105 krzyku, aby bez wysi\u0142ku budowa\u0107 wiarygodno\u015b\u0107 i zapewnia\u0107 spo\u0142eczny dow\u00f3d swojej firmy w swojej witrynie Bloggera.","application_category":[],"applications_title":"","applications_request_title":"","applications_request_button_text":"","hero_text":"","hero_video":"","hero_video_schema_markup":"","selling_points_title":"","selling_points_caption":"","selling_points":[],"selling_points_cta_text":"","features_title":"","features":"","ed_cta_examples_text":"","ed_cta_examples_hidden":"","ed_cta_demo_text":"","ed_cta_demo_hidden":"","why_caption":"","why_editor_title":"","why_editor_text":"","why_team_title":"","why_team_text":"","why_service_title":"","why_service_text":"","template_catalog_visible":"","template_catalog_title":"","template_catalog_text":"","template_catalog_categories_visible":"","demo_title":"Utw\u00f3rz wid\u017cet Recenzje Yelp","demo_caption":"Skonfiguruj swoje recenzje na Yelp i dodaj je do swojej witryny Bloggera za darmo!","default_faq_hidden":"","app_template_category":[],"platform":"44","template_public_id":"","codecanyon_url":"","codecanyon_item_id":"","codecanyon_price":"","pricing_caption":"","pricing_elfsight_apps_hide_column":"","pricing_elfsight_apps_url":"","pricing_codecanyon_price_caption":"","integration_category":[],"integration_request_title":"","integration_request_cta":"","integration_platform":"","integrations":[],"platform_category":[],"video_schema_markup":"","price":"od 0 USD \/ miesi\u0105c","trial":"","benefits":[{"text":"Bezp\u0142atna us\u0142uga monta\u017cu"},{"text":"Wyj\u0105tkowe wsparcie"},{"text":"14-dniowa gwarancja zwrotu pieni\u0119dzy"}],"button_url":"#demo","button_target_blank":"","button_nofollow":"","attributes":[{"name":"Instaluje"},{"name":"Czu\u0142y"},{"name":"Kompatybilne przegl\u0105darki"}],"tags":[],"tags_disable_links":"","hide_more_platforms":"","video_object":"","demo_hide_cta":"","demo_hide_cloud_options":"","pricing_title":"","pricing":[{"pricing_icon":"platform","pricing_title":"Elfsight Apps","pricing_title_caption":"Wersja wieloplatformowa, kt\u00f3ra dzia\u0142a na ka\u017cdej stronie internetowej","pricing_price":"od 0 USD \/ miesi\u0105c","pricing_price_caption":"zacznij od bezp\u0142atnego planu","pricing_benefits":[{"text":"Nielimitowane strony internetowe"},{"text":"Profesjonalna i terminowa pomoc oraz dobrze udokumentowana"},{"text":"Bezp\u0142atna pomoc w monta\u017cu"},{"text":"W pe\u0142ni konfigurowalny"}],"pricing_button_text":"Dodaj do witryny","pricing_button_url":"#demo"}],"related_apps_title":"","related_apps_hidden":"","author":"","image":[],"title":"","job":"","social_networks":[]},"_links":{"self":[{"href":"https:\/\/elfsight.com\/pl\/wp-json\/wp\/v2\/pages\/7400","targetHints":{"allow":["GET"]}}],"collection":[{"href":"https:\/\/elfsight.com\/pl\/wp-json\/wp\/v2\/pages"}],"about":[{"href":"https:\/\/elfsight.com\/pl\/wp-json\/wp\/v2\/types\/page"}],"author":[{"embeddable":true,"href":"https:\/\/elfsight.com\/pl\/wp-json\/wp\/v2\/users\/9"}],"replies":[{"embeddable":true,"href":"https:\/\/elfsight.com\/pl\/wp-json\/wp\/v2\/comments?post=7400"}],"version-history":[{"count":2,"href":"https:\/\/elfsight.com\/pl\/wp-json\/wp\/v2\/pages\/7400\/revisions"}],"predecessor-version":[{"id":8148,"href":"https:\/\/elfsight.com\/pl\/wp-json\/wp\/v2\/pages\/7400\/revisions\/8148"}],"up":[{"embeddable":true,"href":"https:\/\/elfsight.com\/pl\/wp-json\/wp\/v2\/pages\/1264"}],"wp:attachment":[{"href":"https:\/\/elfsight.com\/pl\/wp-json\/wp\/v2\/media?parent=7400"}],"curies":[{"name":"wp","href":"https:\/\/api.w.org\/{rel}","templated":true}]}}