{"id":74,"date":"2020-11-12T12:37:03","date_gmt":"2020-11-12T12:37:03","guid":{"rendered":"https:\/\/elfsight.com\/pl\/?page_id=74"},"modified":"2021-04-21T13:25:26","modified_gmt":"2021-04-21T13:25:26","slug":"blogger-widgets","status":"publish","type":"page","link":"https:\/\/elfsight.com\/pl\/blogger-widgets\/","title":{"rendered":"Blogger widgets"},"content":{"rendered":"\n<h2>Najskuteczniejsze widgety Elfsight dla wszelkich zada\u0144 twojej witryny Blogger<\/h2>\n\n<p>Przez dziewi\u0119\u0107 lat nasza dru\u017cyna specjalist\u00f3w Elfsight wytwarza proste i dostosowywane widgety chmurowe dla Twojej witryny. Mo\u017cemy zagwarantowa\u0107 najwy\u017cszej klasy pomoc techniczn\u0105 oraz du\u017c\u0105 szybko\u015b\u0107 \u0142adowania. Us\u0142ugi aplikacyjne Elfsight pomagaj\u0105 w\u0142a\u015bcicielom sklep\u00f3w e-commerce, niekomercyjnych oraz wielu innym z r\u00f3\u017cnych cz\u0119\u015bci \u015bwiata poradzi\u0107 sobie z r\u00f3\u017cnymi celami bardziej racjonalnie. \n<\/p>\n\n<p>A\u017ceby zwi\u0119kszy\u0107 sprzeda\u017c, wykaza\u0107 pozytywny feedback na Pa\u0144stwa oferty, zwi\u0119kszy\u0107 zaufanie do swojej marki, wystarczy zainstalowa\u0107 aplikacje do Twojej witryny. Nasze plany taryfowe wahaj\u0105 si\u0119 od bezp\u0142atnych do premium. Szybko zintegrowa\u0107 wszelkie odpowiednie pluginy korzystaj\u0105c z naszej wersji Live Demo i przekonaj si\u0119 jak bardzo to b\u0119dzie po\u017cyteczne w kwestii rozwoju witryny przedsi\u0119biorstwa. <\/p>\n\n<h2>Czemu wtyczki Elfsight s\u0105 jednymi z najlepszych narz\u0119dziami dla Twojej witryny? <\/h2>\n\n<p> Zobacz spis podstawowych cech naszych aplikacji, kt\u00f3re pomagaj\u0105 nam by\u0107 lepszymi, ni\u017c nasi konkurenci: <\/p>\n\n\n<ul>\n<li> Bezp\u0142atna i natychmiastowa wsparcie przy wbudowaniu lub dostosowywanie dodatk\u00f3w; <\/li>\n<li> Adaptacja do wszystkich rozdzielczo\u015bci witryn internetowych i dostosowane do urz\u0105dze\u0144 mobilnych; <\/li>\n<li> Nie musicie mie\u0107 \u015brodk\u00f3w programowania lub umiej\u0119tno\u015bci; <\/li>\n<li> Szeroki wyb\u00f3r ustawie\u0144 dostosowywania; <\/li>\n<li> Oparte na chmurze wid\u017cety pomagaj\u0105 zwi\u0119kszy\u0107 pr\u0119dko\u015b\u0107 wczytywania strony; <\/li>\n<li> Wszystkie dost\u0119pne poprawki s\u0105 nieodp\u0142atne i systematyczne; <\/li>\n<li> Sprawiedliwe ceny; <\/li>\n<li> Szybka pomoc z problemami klient\u00f3w. <\/li>\n<\/ul>\n\n<p> Sprawd\u017a bezp\u0142atne opcje naszych widget\u00f3w i wykorzystaj jej potencja\u0142 lub zainstaluj dowolne wymagane rozwi\u0105zanie z 20% zni\u017ck\u0105. <\/p>\n\n\n<h2> W jaki spos\u00f3b doda\u0107 Twoje pluginy na swojej serwisie www Blogger <\/h2>\n\n<p> Aby w\u0142\u0105czy\u0107 nasze aplikacji, zobaczy\u0107 nast\u0119pnie kroki z oczywistej wskaz\u00f3wki: <\/p>\n\n\n<ol>\n<li> Kliknij na odpowiedni widget; <\/li>\n<li> Zmie\u0144 wszystkie odpowiednie ustawienia; <\/li>\n<li> Nie zapomnij zapisa\u0107 zmiany; <\/li>\n<li> Otrzymaj generowany kod; <\/li>\n<li> Zainstaluj go w przydatnym miejscu Twojej strony lub szablonu; <\/li>\n<li> Sko\u0144czone! Pomy\u015blnie zako\u0144czy\u0142e\u015b dodawanie dodatku. <\/li>\n<\/ol>\n\n<p> W razie problem\u00f3w, nie wahaj si\u0119 skontaktuj si\u0119 z zespo\u0142em pomocy technicznej Elfsight. <\/p>\n","protected":false},"excerpt":{"rendered":"Najskuteczniejsze widgety Elfsight dla wszelkich zada\u0144 twojej witryny Blogger Przez dziewi\u0119\u0107 lat nasza dru\u017cyna specjalist\u00f3w Elfsight wytwarza proste i dostosowywane widgety chmurowe dla Twojej witryny. Mo\u017cemy zagwarantowa\u0107 najwy\u017cszej klasy pomoc techniczn\u0105 oraz du\u017c\u0105 szybko\u015b\u0107 \u0142adowania. Us\u0142ugi aplikacyjne Elfsight pomagaj\u0105 w\u0142a\u015bcicielom sklep\u00f3w e-commerce, niekomercyjnych oraz wielu innym z r\u00f3\u017cnych cz\u0119\u015bci \u015bwiata&#8230;","protected":false},"author":13,"featured_media":0,"parent":0,"menu_order":0,"comment_status":"closed","ping_status":"closed","template":"templates\/template-platform.php","meta":{"publish_to_discourse":"","publish_post_category":"","wpdc_auto_publish_overridden":"","wpdc_topic_tags":"","wpdc_pin_topic":"","wpdc_pin_until":"","discourse_post_id":"","discourse_permalink":"","wpdc_publishing_response":"","wpdc_publishing_error":"","footnotes":""},"class_list":["post-74","page","type-page","status-publish","hentry"],"yoast_head":"<!-- This site is optimized with the Yoast SEO plugin v25.3.1 - https:\/\/yoast.com\/wordpress\/plugins\/seo\/ -->\n<title>Wybierz najlepszy darmowy Blogger widget dla strony internetowej<\/title>\n<meta name=\"description\" content=\"Kolekcja testowanych nieodp\u0142atnych wid\u017cet\u00f3w dla twojej witryny sieci Web Blogger. Pom\u00f3c z dostosowywaniem oraz bogata gama opcji.\" \/>\n<meta name=\"robots\" content=\"index, follow, max-snippet:-1, max-image-preview:large, max-video-preview:-1\" \/>\n<link rel=\"canonical\" href=\"https:\/\/elfsight.com\/pl\/blogger-widgets\/\" \/>\n<meta property=\"og:locale\" content=\"pl_PL\" \/>\n<meta property=\"og:type\" content=\"article\" \/>\n<meta property=\"og:title\" content=\"Wybierz najlepszy darmowy Blogger widget dla strony internetowej\" \/>\n<meta property=\"og:description\" content=\"Kolekcja testowanych nieodp\u0142atnych wid\u017cet\u00f3w dla twojej witryny sieci Web Blogger. Pom\u00f3c z dostosowywaniem oraz bogata gama opcji.\" \/>\n<meta property=\"og:url\" content=\"https:\/\/elfsight.com\/pl\/blogger-widgets\/\" \/>\n<meta property=\"og:site_name\" content=\"Elfsight PL\" \/>\n<meta property=\"article:modified_time\" content=\"2021-04-21T13:25:26+00:00\" \/>\n<meta name=\"twitter:card\" content=\"summary_large_image\" \/>\n<meta name=\"twitter:label1\" content=\"Szacowany czas czytania\" \/>\n\t<meta name=\"twitter:data1\" content=\"2 minuty\" \/>\n<!-- \/ Yoast SEO plugin. -->","yoast_head_json":{"title":"Wybierz najlepszy darmowy Blogger widget dla strony internetowej","description":"Kolekcja testowanych nieodp\u0142atnych wid\u017cet\u00f3w dla twojej witryny sieci Web Blogger. Pom\u00f3c z dostosowywaniem oraz bogata gama opcji.","robots":{"index":"index","follow":"follow","max-snippet":"max-snippet:-1","max-image-preview":"max-image-preview:large","max-video-preview":"max-video-preview:-1"},"canonical":"https:\/\/elfsight.com\/pl\/blogger-widgets\/","og_locale":"pl_PL","og_type":"article","og_title":"Wybierz najlepszy darmowy Blogger widget dla strony internetowej","og_description":"Kolekcja testowanych nieodp\u0142atnych wid\u017cet\u00f3w dla twojej witryny sieci Web Blogger. Pom\u00f3c z dostosowywaniem oraz bogata gama opcji.","og_url":"https:\/\/elfsight.com\/pl\/blogger-widgets\/","og_site_name":"Elfsight PL","article_modified_time":"2021-04-21T13:25:26+00:00","twitter_card":"summary_large_image","twitter_misc":{"Szacowany czas czytania":"2 minuty"},"schema":{"@context":"https:\/\/schema.org","@graph":[{"@type":"WebPage","@id":"https:\/\/elfsight.com\/pl\/blogger-widgets\/","url":"https:\/\/elfsight.com\/pl\/blogger-widgets\/","name":"Wybierz najlepszy darmowy Blogger widget dla strony internetowej","isPartOf":{"@id":"https:\/\/elfsight.com\/pl\/#website"},"datePublished":"2020-11-12T12:37:03+00:00","dateModified":"2021-04-21T13:25:26+00:00","description":"Kolekcja testowanych nieodp\u0142atnych wid\u017cet\u00f3w dla twojej witryny sieci Web Blogger. Pom\u00f3c z dostosowywaniem oraz bogata gama opcji.","breadcrumb":{"@id":"https:\/\/elfsight.com\/pl\/blogger-widgets\/#breadcrumb"},"inLanguage":"pl-PL","potentialAction":[{"@type":"ReadAction","target":["https:\/\/elfsight.com\/pl\/blogger-widgets\/"]}]},{"@type":"BreadcrumbList","@id":"https:\/\/elfsight.com\/pl\/blogger-widgets\/#breadcrumb","itemListElement":[{"@type":"ListItem","position":1,"name":"Home","item":"https:\/\/elfsight.com\/pl\/"},{"@type":"ListItem","position":2,"name":"Blogger widgets"}]},{"@type":"WebSite","@id":"https:\/\/elfsight.com\/pl\/#website","url":"https:\/\/elfsight.com\/pl\/","name":"Elfsight PL","description":"Just another Elfsight Sites site","potentialAction":[{"@type":"SearchAction","target":{"@type":"EntryPoint","urlTemplate":"https:\/\/elfsight.com\/pl\/?s={search_term_string}"},"query-input":{"@type":"PropertyValueSpecification","valueRequired":true,"valueName":"search_term_string"}}],"inLanguage":"pl-PL"}]}},"meta_box":{"industry":"","seo_heading":"","heading":"","description":"","cta_heading":"","cta_description":"","application":"","h1":"Najlepsze widgety Blogger","h1_caption":"Gratisowy odbi\u00f3r doskona\u0142ych dodatk\u00f3w pierwszej klasy z szerok\u0105 gam\u0105 funkcjonalno\u015bci dla zwi\u0119kszenia zaanga\u017cowania u\u017cytkownika i realizacji wszystkich podstawowych dzia\u0142a\u0144 biznesowych. Nieskomplikowana integracja, szeroka oferta opcji personalizacji a tak\u017ce zawodowe wsparcie klienta.","application_category":[],"applications_title":"Przetestuj najodpowiedniejsze widgety dla twojej witryny internetowej w wersji Live Demo","applications_request_title":"Nie mo\u017cesz znale\u017a\u0107 odpowiedniej aplikacji?","applications_request_button_text":"Zam\u00f3w aplikacje","hero_text":"","hero_video":"","hero_video_schema_markup":"","selling_points_title":"","selling_points_caption":"","selling_points":[],"selling_points_cta_text":"","features_title":"","features":"","ed_cta_examples_text":"","ed_cta_examples_hidden":"","ed_cta_demo_text":"","ed_cta_demo_hidden":"","why_caption":"","why_editor_title":"","why_editor_text":"","why_team_title":"","why_team_text":"","why_service_title":"","why_service_text":"","template_catalog_visible":"","template_catalog_title":"","template_catalog_text":"","template_catalog_categories_visible":"","demo_title":"","demo_caption":"","default_faq_hidden":"","app_template_category":[],"platform":"44","template_public_id":"","codecanyon_url":"","codecanyon_item_id":"","codecanyon_price":"","pricing_caption":"","pricing_elfsight_apps_hide_column":"","pricing_elfsight_apps_url":"","pricing_codecanyon_price_caption":"","integration_category":[],"integration_request_title":"","integration_request_cta":"","integration_platform":"","integrations":[],"platform_category":[],"video_schema_markup":"","price":"","trial":"","benefits":[],"button_url":"","button_target_blank":"","button_nofollow":"","attributes":[],"tags":[],"tags_disable_links":"","hide_more_platforms":"","video_object":"","demo_hide_cta":"","demo_hide_cloud_options":"","pricing_title":"","pricing":[],"related_apps_title":"","related_apps_hidden":"","author":"","image":[],"title":"","job":"","social_networks":[]},"_links":{"self":[{"href":"https:\/\/elfsight.com\/pl\/wp-json\/wp\/v2\/pages\/74","targetHints":{"allow":["GET"]}}],"collection":[{"href":"https:\/\/elfsight.com\/pl\/wp-json\/wp\/v2\/pages"}],"about":[{"href":"https:\/\/elfsight.com\/pl\/wp-json\/wp\/v2\/types\/page"}],"author":[{"embeddable":true,"href":"https:\/\/elfsight.com\/pl\/wp-json\/wp\/v2\/users\/13"}],"replies":[{"embeddable":true,"href":"https:\/\/elfsight.com\/pl\/wp-json\/wp\/v2\/comments?post=74"}],"version-history":[{"count":2,"href":"https:\/\/elfsight.com\/pl\/wp-json\/wp\/v2\/pages\/74\/revisions"}],"predecessor-version":[{"id":76,"href":"https:\/\/elfsight.com\/pl\/wp-json\/wp\/v2\/pages\/74\/revisions\/76"}],"wp:attachment":[{"href":"https:\/\/elfsight.com\/pl\/wp-json\/wp\/v2\/media?parent=74"}],"curies":[{"name":"wp","href":"https:\/\/api.w.org\/{rel}","templated":true}]}}