{"id":7390,"date":"1970-01-01T00:00:00","date_gmt":"1970-01-01T00:00:00","guid":{"rendered":"https:\/\/elfsight.com\/pl\/?page_id=7390"},"modified":"2025-06-24T14:33:11","modified_gmt":"2025-06-24T14:33:11","slug":"shopify","status":"publish","type":"page","link":"https:\/\/elfsight.com\/pl\/yelp-reviews-widget\/shopify\/","title":{"rendered":"Yelp Reviews &#8211; Shopify"},"content":{"rendered":"<div class=\"application-platform-content-item-description application-platform-content-item\" id=\"description\" data-nav-section=\"description\"> <h2>Umie\u015b\u0107 recenzje Yelp na Shopify za pomoc\u0105 wid\u017cetu Elfsight<\/h2> <p>Je\u015bli chcesz udowodni\u0107 swoj\u0105 wysok\u0105 ocen\u0119 klient\u00f3w i przekona\u0107 witryn\u0119 odwiedzaj\u0105cym, \u017ce warto kupi\u0107 Twoje produkty lub us\u0142ugi, Recenzje Elfsight Yelp to w\u0142a\u015bciwy wyb\u00f3r. Dzi\u0119ki temu narz\u0119dziu mo\u017cesz zintegrowa\u0107 recenzje klient\u00f3w z Yelp na swojej stronie z informacjami o ich autorach, uporz\u0105dkowa\u0107 je tak, aby by\u0142y tylko pozytywne, doda\u0107 oceny i przycisk pro\u015bby o recenzj\u0119, kt\u00f3ry przeniesie u\u017cytkownik\u00f3w na Twoj\u0105 stron\u0119 Yelp, aby mogli zostaw \u015bwie\u017c\u0105 recenzj\u0119. <\/p><div class=\"faq\" data-component=\"FAQ\"> <div class=\"faq-item\">\r\n\t\t\t\t\t<div class=\"faq-item-question\">\r\n\t\t\t\t\t\t<h3 class=\"faq-item-question-text\">Gdzie mog\u0119 wy\u015bwietli\u0107 t\u0119 wtyczk\u0119<\/h3>\r\n\r\n\t\t\t\t\t\t<div class=\"faq-item-question-icon\"><\/div>\r\n\t\t\t\t\t<\/div>\r\n\r\n\t\t\t\t\t<div class=\"faq-item-answer\">\r\n\t\t\t\t\t\t<div class=\"faq-item-answer-text\"> <p>Wid\u017cet mo\u017cna opublikowa\u0107 na dowolnej stronie, na kt\u00f3rej chcesz pokaza\u0107 swoj\u0105 wysok\u0105 ocen\u0119 i popularno\u015b\u0107 w\u015br\u00f3d klient\u00f3w. Je\u015bli potrzebujesz go na wszystkich stronach swojej witryny, mo\u017cesz po prostu doda\u0107 go do szablonu witryny. <\/p><\/div>\r\n\t\t\t\t\t<\/div>\r\n\t\t\t\t<\/div> <div class=\"faq-item\">\r\n\t\t\t\t\t<div class=\"faq-item-question\">\r\n\t\t\t\t\t\t<h3 class=\"faq-item-question-text\">Jakie mam z tego korzy\u015bci? <\/h3>\r\n\r\n\t\t\t\t\t\t<div class=\"faq-item-question-icon\"><\/div>\r\n\t\t\t\t\t<\/div>\r\n\r\n\t\t\t\t\t<div class=\"faq-item-answer\">\r\n\t\t\t\t\t\t<div class=\"faq-item-answer-text\"> <p>Opinie wystawione przez prawdziwych ludzi wydaj\u0105 si\u0119 Twoim klientom maksymalnie godne zaufania i oznaczaj\u0105 dla nich, \u017ce mo\u017cna zaufa\u0107 Twojej firmie. Wysoka ocena i pozytywne wy\u015bwietlenia mog\u0105 pom\u00f3c zwi\u0119kszy\u0107 sprzeda\u017c w Twojej witrynie. Co wi\u0119cej, przycisk przekierowania mo\u017ce przyczyni\u0107 si\u0119 do posiadania wi\u0119kszej liczby recenzji u\u017cytkownik\u00f3w na temat Twoich ofert lub us\u0142ug na Yelp. <\/p> <\/div>\r\n\t\t\t\t\t<\/div>\r\n\t\t\t\t<\/div> <div class=\"faq-item\">\r\n\t\t\t\t\t<div class=\"faq-item-question\">\r\n\t\t\t\t\t\t<h3 class=\"faq-item-question-text\">Jak doda\u0107 recenzje z wid\u017cetu Yelp do mojej witryny Shopify? <\/h3>\r\n\r\n\t\t\t\t\t\t<div class=\"faq-item-question-icon\"><\/div>\r\n\t\t\t\t\t<\/div>\r\n\r\n\t\t\t\t\t<div class=\"faq-item-answer\">\r\n\t\t\t\t\t\t<div class=\"faq-item-answer-text\"> <p>B\u0119dziesz potrzebowa\u0107 tylko trzech minut, aby wid\u017cet dzia\u0142a\u0142. Dodanie go do Twojej witryny jest naprawd\u0119 szybkie, bezp\u0142atne i nie wymaga kodowania. <\/p> <p>Mo\u017cesz doda\u0107 wid\u017cet Recenzje do witryny za po\u015brednictwem naszej us\u0142ugi, wystarczy zastosowa\u0107 si\u0119 do instrukcji znajduj\u0105cych si\u0119 poni\u017cej na tej stronie. <\/p><li>Widget Recenzje Elfsight mo\u017cna osadzi\u0107 bezpo\u015brednio w naszej us\u0142udze lub na rynku. Tutaj mo\u017cesz przeczyta\u0107 wszystkie szczeg\u00f3\u0142y dotycz\u0105ce tych wariant\u00f3w i wybra\u0107 bardziej odpowiedni.<p><\/p><\/div>\r\n\t\t\t\t\t<\/div>\r\n\t\t\t\t<\/div> <\/div> <\/div> <div class=\"application-platform-content-item-features application-platform-content-item\" id=\"features\" data-nav-section=\"features\"> <h2>G\u0142\u00f3wne cechy Yelp Wid\u017cet recenzji<\/h2> <p>Aby lepiej pozna\u0107 wid\u017cet, zobacz list\u0119 jego g\u0142\u00f3wnych funkcji. Dzi\u0119ki nim nasz widget jest naprawd\u0119 skuteczny w przypadku Twojej witryny: <\/p> <ul> <li>3 dost\u0119pne filtry: wed\u0142ug typu, wykluczenia wed\u0142ug i liczby wy\u015bwietlanych recenzji; <\/li> <li>4 predefiniowane uk\u0142ady wid\u017cet\u00f3w: Lista, Siatka, Mur i Suwak; <\/li> <li> W pe\u0142ni elastyczny nag\u0142\u00f3wek wid\u017cetu; <\/li> <li>Aktywny przycisk umo\u017cliwiaj\u0105cy udost\u0119pnienie kolejnej recenzji przenosi u\u017cytkownik\u00f3w na stron\u0119 Yelp; <\/li> <li>Sze\u015b\u0107 elastycznych element\u00f3w wid\u017cetu: imi\u0119 i zdj\u0119cie autora, rekomendacja, data, ikona Yelp i liczba gwiazdek; <\/li> <li>Dwa warianty scenariusza po odrzuceniu pro\u015bby o sprawdzenie: zaprezentowanie wiadomo\u015bci tekstowej lub ukrycie przycisku. <\/li> <\/ul><p><a href=\"#demo\">Aby pozna\u0107 wi\u0119cej funkcji, zobacz nasz\u0105 demonstracj\u0119 na \u017cywo<\/a><\/p> <\/div> <div class=\"application-platform-content-item-installation application-platform-content-item\" id=\"installation\" data-nav-section=\"installation\"> <h2>Dowiedz si\u0119, jak osadzi\u0107 recenzje Yelp w swoim sklepie Shopify. To niezwykle proste<\/h2><div class=\"video-container\"><iframe width=\"720\" height=\"405\" src=\"https:\/\/www.youtube.com\/embed\/MiLAy2KRTiU\" frameborder=\"0\" allowfullscreen=\"\"><\/iframe><\/div><p> Wystarczy kilka prostych krok\u00f3w, aby zademonstrowa\u0107 wid\u017cet na swojej stronie. <\/p> <ol><li><b>Skorzystaj z naszego bezp\u0142atnego konfiguratora i zacznij tworzy\u0107 w\u0142asn\u0105 aplikacj\u0119. <\/b><br> Znajd\u017a odpowiedni projekt i funkcje aplikacji i zapisz wszystkie poprawki. <\/li> <li><b>Odbierz sw\u00f3j osobisty kod, kt\u00f3ry pojawi si\u0119 w specjalnym formularzu w aplikacjach Elfsight. <\/b><br> Po zako\u0144czeniu generowania aplikacji osobistej skopiuj indywidualny kod z wy\u015bwietlonego pola i zapisz go do p\u00f3\u017aniejszego wykorzystania. <\/li> <li><b>Zacznij korzysta\u0107 z aplikacji na swojej stronie Shopify. <\/b><br> Umie\u015b\u0107 ostatnio zapisany kod na swojej stronie i zastosuj ulepszenia. <\/li> <li><b>Instalacja zosta\u0142a w pe\u0142ni uko\u0144czona. <\/b><br> Otw\u00f3rz swoj\u0105 witryn\u0119, aby zobaczy\u0107 w akcji dzia\u0142anie aplikacji. <\/li><\/ol><p>Nadal nie mo\u017cesz podj\u0105\u0107 decyzji? Lub masz pytania? Po prostu skieruj pro\u015bb\u0119 do naszego dzia\u0142u obs\u0142ugi klienta; rozwi\u0105\u017c\u0105 ka\u017cd\u0105 spraw\u0119. <\/p> <\/div><\/li>","protected":false},"excerpt":{"rendered":"","protected":false},"author":9,"featured_media":0,"parent":1264,"menu_order":0,"comment_status":"closed","ping_status":"closed","template":"templates\/template-application-platform.php","meta":{"publish_to_discourse":"","publish_post_category":"","wpdc_auto_publish_overridden":"","wpdc_topic_tags":"","wpdc_pin_topic":"","wpdc_pin_until":"","discourse_post_id":"","discourse_permalink":"","wpdc_publishing_response":"","wpdc_publishing_error":"","footnotes":""},"class_list":["post-7390","page","type-page","status-publish","hentry"],"yoast_head":"<!-- This site is optimized with the Yoast SEO plugin v25.3.1 - https:\/\/yoast.com\/wordpress\/plugins\/seo\/ -->\n<title>Dodaj aplikacj\u0119 Recenzje Yelp do swojej witryny Shopify (w 2 minuty)<\/title>\n<meta name=\"description\" content=\"Oto mo\u017cliwo\u015b\u0107 skonstruowania wid\u017cetu Recenzje Yelp i zintegrowania go ze sklepem Shopify. B\u0119dziesz cieszy\u0107 si\u0119 bezp\u0142atn\u0105 obs\u0142ug\u0105 klienta i innymi bonusami Elfsight.\" \/>\n<meta name=\"robots\" content=\"index, follow, max-snippet:-1, max-image-preview:large, max-video-preview:-1\" \/>\n<link rel=\"canonical\" href=\"https:\/\/elfsight.com\/pl\/yelp-reviews-widget\/shopify\/\" \/>\n<meta property=\"og:locale\" content=\"pl_PL\" \/>\n<meta property=\"og:type\" content=\"article\" \/>\n<meta property=\"og:title\" content=\"Dodaj aplikacj\u0119 Recenzje Yelp do swojej witryny Shopify (w 2 minuty)\" \/>\n<meta property=\"og:description\" content=\"Oto mo\u017cliwo\u015b\u0107 skonstruowania wid\u017cetu Recenzje Yelp i zintegrowania go ze sklepem Shopify. B\u0119dziesz cieszy\u0107 si\u0119 bezp\u0142atn\u0105 obs\u0142ug\u0105 klienta i innymi bonusami Elfsight.\" \/>\n<meta property=\"og:url\" content=\"https:\/\/elfsight.com\/pl\/yelp-reviews-widget\/shopify\/\" \/>\n<meta property=\"og:site_name\" content=\"Elfsight PL\" \/>\n<meta property=\"article:modified_time\" content=\"2025-06-24T14:33:11+00:00\" \/>\n<meta name=\"twitter:card\" content=\"summary_large_image\" \/>\n<meta name=\"twitter:label1\" content=\"Szacowany czas czytania\" \/>\n\t<meta name=\"twitter:data1\" content=\"3 minuty\" \/>\n<!-- \/ Yoast SEO plugin. -->","yoast_head_json":{"title":"Dodaj aplikacj\u0119 Recenzje Yelp do swojej witryny Shopify (w 2 minuty)","description":"Oto mo\u017cliwo\u015b\u0107 skonstruowania wid\u017cetu Recenzje Yelp i zintegrowania go ze sklepem Shopify. B\u0119dziesz cieszy\u0107 si\u0119 bezp\u0142atn\u0105 obs\u0142ug\u0105 klienta i innymi bonusami Elfsight.","robots":{"index":"index","follow":"follow","max-snippet":"max-snippet:-1","max-image-preview":"max-image-preview:large","max-video-preview":"max-video-preview:-1"},"canonical":"https:\/\/elfsight.com\/pl\/yelp-reviews-widget\/shopify\/","og_locale":"pl_PL","og_type":"article","og_title":"Dodaj aplikacj\u0119 Recenzje Yelp do swojej witryny Shopify (w 2 minuty)","og_description":"Oto mo\u017cliwo\u015b\u0107 skonstruowania wid\u017cetu Recenzje Yelp i zintegrowania go ze sklepem Shopify. B\u0119dziesz cieszy\u0107 si\u0119 bezp\u0142atn\u0105 obs\u0142ug\u0105 klienta i innymi bonusami Elfsight.","og_url":"https:\/\/elfsight.com\/pl\/yelp-reviews-widget\/shopify\/","og_site_name":"Elfsight PL","article_modified_time":"2025-06-24T14:33:11+00:00","twitter_card":"summary_large_image","twitter_misc":{"Szacowany czas czytania":"3 minuty"},"schema":{"@context":"https:\/\/schema.org","@graph":[{"@type":"WebPage","@id":"https:\/\/elfsight.com\/pl\/yelp-reviews-widget\/shopify\/","url":"https:\/\/elfsight.com\/pl\/yelp-reviews-widget\/shopify\/","name":"Dodaj aplikacj\u0119 Recenzje Yelp do swojej witryny Shopify (w 2 minuty)","isPartOf":{"@id":"https:\/\/elfsight.com\/pl\/#website"},"datePublished":"1970-01-01T00:00:00+00:00","dateModified":"2025-06-24T14:33:11+00:00","description":"Oto mo\u017cliwo\u015b\u0107 skonstruowania wid\u017cetu Recenzje Yelp i zintegrowania go ze sklepem Shopify. B\u0119dziesz cieszy\u0107 si\u0119 bezp\u0142atn\u0105 obs\u0142ug\u0105 klienta i innymi bonusami Elfsight.","breadcrumb":{"@id":"https:\/\/elfsight.com\/pl\/yelp-reviews-widget\/shopify\/#breadcrumb"},"inLanguage":"pl-PL","potentialAction":[{"@type":"ReadAction","target":["https:\/\/elfsight.com\/pl\/yelp-reviews-widget\/shopify\/"]}]},{"@type":"BreadcrumbList","@id":"https:\/\/elfsight.com\/pl\/yelp-reviews-widget\/shopify\/#breadcrumb","itemListElement":[{"@type":"ListItem","position":1,"name":"Home","item":"https:\/\/elfsight.com\/pl\/"},{"@type":"ListItem","position":2,"name":"Yelp Reviews","item":"https:\/\/elfsight.com\/pl\/yelp-reviews-widget\/"},{"@type":"ListItem","position":3,"name":"Yelp Reviews &#8211; Shopify"}]},{"@type":"WebSite","@id":"https:\/\/elfsight.com\/pl\/#website","url":"https:\/\/elfsight.com\/pl\/","name":"Elfsight PL","description":"Just another Elfsight Sites site","potentialAction":[{"@type":"SearchAction","target":{"@type":"EntryPoint","urlTemplate":"https:\/\/elfsight.com\/pl\/?s={search_term_string}"},"query-input":{"@type":"PropertyValueSpecification","valueRequired":true,"valueName":"search_term_string"}}],"inLanguage":"pl-PL"}]}},"meta_box":{"industry":"","seo_heading":"","heading":"","description":"","cta_heading":"","cta_description":"","application":"1263","h1":"Aplikacja Shopify Yelp Recenzje","h1_caption":"Prezentuj recenzje klient\u00f3w za pomoc\u0105 krzyku, aby bez wysi\u0142ku budowa\u0107 wiarygodno\u015b\u0107 i zapewnia\u0107 dow\u00f3d spo\u0142eczno\u015bciowy swojej firmy w swojej witrynie Shopify.","application_category":[],"applications_title":"","applications_request_title":"","applications_request_button_text":"","hero_text":"","hero_video":"","hero_video_schema_markup":"","selling_points_title":"","selling_points_caption":"","selling_points":[],"selling_points_cta_text":"","features_title":"","features":"","ed_cta_examples_text":"","ed_cta_examples_hidden":"","ed_cta_demo_text":"","ed_cta_demo_hidden":"","why_caption":"","why_editor_title":"","why_editor_text":"","why_team_title":"","why_team_text":"","why_service_title":"","why_service_text":"","template_catalog_visible":"0","template_catalog_title":"","template_catalog_text":"","template_catalog_categories_visible":"","demo_title":"Stw\u00f3rz swoj\u0105 aplikacj\u0119 z recenzjami Yelp","demo_caption":"Skonfiguruj swoje recenzje na Yelp i dodaj je do swojej witryny Shopify za darmo!","default_faq_hidden":"","app_template_category":[],"platform":"7580","template_public_id":"","codecanyon_url":"","codecanyon_item_id":"","codecanyon_price":"","pricing_caption":"","pricing_elfsight_apps_hide_column":"","pricing_elfsight_apps_url":"","pricing_codecanyon_price_caption":"","integration_category":[],"integration_request_title":"","integration_request_cta":"","integration_platform":"","integrations":[],"platform_category":[],"video_schema_markup":"","price":"od 0 USD \/ miesi\u0105c","trial":"","benefits":[{"text":"Bezp\u0142atna us\u0142uga monta\u017cu"},{"text":"Wsparcie premium"},{"text":"14-dniowa gwarancja zwrotu pieni\u0119dzy"}],"button_url":"#demo","button_target_blank":"0","button_nofollow":"0","attributes":[{"name":"Instaluje"},{"name":"Czu\u0142y"},{"name":"Kompatybilne przegl\u0105darki"}],"tags":[],"tags_disable_links":"0","hide_more_platforms":"0","video_object":"","demo_hide_cta":"0","demo_hide_cloud_options":"0","pricing_title":"","pricing":[{"pricing_icon":"cloud","pricing_title":"Elfsight Apps","pricing_title_caption":"Wersja wieloplatformowa, kt\u00f3ra dzia\u0142a na ka\u017cdej stronie internetowej","pricing_price":"od 0 USD \/ miesi\u0105c","pricing_price_caption":"zacznij od bezp\u0142atnego planu","pricing_benefits":[{"text":"Nielimitowane strony internetowe"},{"text":"Wsparcie premium"},{"text":"Bezp\u0142atna us\u0142uga monta\u017cu"},{"text":"Oferta specjalna na wiele aplikacji"}],"pricing_button_text":"Dodaj do witryny","pricing_button_url":"#demo"}],"related_apps_title":"","related_apps_hidden":"0","author":"","image":[],"title":"","job":"","social_networks":[]},"_links":{"self":[{"href":"https:\/\/elfsight.com\/pl\/wp-json\/wp\/v2\/pages\/7390","targetHints":{"allow":["GET"]}}],"collection":[{"href":"https:\/\/elfsight.com\/pl\/wp-json\/wp\/v2\/pages"}],"about":[{"href":"https:\/\/elfsight.com\/pl\/wp-json\/wp\/v2\/types\/page"}],"author":[{"embeddable":true,"href":"https:\/\/elfsight.com\/pl\/wp-json\/wp\/v2\/users\/9"}],"replies":[{"embeddable":true,"href":"https:\/\/elfsight.com\/pl\/wp-json\/wp\/v2\/comments?post=7390"}],"version-history":[{"count":2,"href":"https:\/\/elfsight.com\/pl\/wp-json\/wp\/v2\/pages\/7390\/revisions"}],"predecessor-version":[{"id":7472,"href":"https:\/\/elfsight.com\/pl\/wp-json\/wp\/v2\/pages\/7390\/revisions\/7472"}],"up":[{"embeddable":true,"href":"https:\/\/elfsight.com\/pl\/wp-json\/wp\/v2\/pages\/1264"}],"wp:attachment":[{"href":"https:\/\/elfsight.com\/pl\/wp-json\/wp\/v2\/media?parent=7390"}],"curies":[{"name":"wp","href":"https:\/\/api.w.org\/{rel}","templated":true}]}}