{"id":7384,"date":"1970-01-01T00:00:00","date_gmt":"1970-01-01T00:00:00","guid":{"rendered":"https:\/\/elfsight.com\/pl\/?page_id=7384"},"modified":"2024-11-14T12:41:04","modified_gmt":"2024-11-14T12:41:04","slug":"drupal","status":"publish","type":"page","link":"https:\/\/elfsight.com\/pl\/yelp-reviews-widget\/drupal\/","title":{"rendered":"Yelp Reviews &#8211; Drupal"},"content":{"rendered":"<div class=\"application-platform-content-item-description application-platform-content-item\" id=\"description\" data-nav-section=\"description\"> <h2>Opis<\/h2> <p>Je\u015bli chcesz ujawni\u0107 swoj\u0105 wysok\u0105 ocen\u0119 i przekona\u0107 odwiedzaj\u0105cych witryn\u0119, \u017ce warto kupi\u0107 Twoje produkty lub us\u0142ugi, Recenzje Elfsight Yelp b\u0119d\u0105 w\u0142a\u015bciwym wyborem. Dzi\u0119ki naszemu wid\u017cetowi szybko zintegrujesz recenzje klient\u00f3w z Yelp na swojej stronie z informacjami o ich autorach, posortujesz je tak, aby wy\u015bwietla\u0142y si\u0119 tylko najlepsze, dodasz oceny i przycisk pro\u015bby o recenzj\u0119, kt\u00f3ry poprowadzi ludzi do Twojego konta Yelp, aby mogli podziel si\u0119 swoj\u0105 opini\u0105. <\/p><div class=\"faq\" data-component=\"FAQ\"> <div class=\"faq-item\">\r\n\t\t\t\t\t<div class=\"faq-item-question\">\r\n\t\t\t\t\t\t<h3 class=\"faq-item-question-text\">Gdzie mog\u0119 wy\u015bwietli\u0107 wid\u017cet Recenzje<\/h3>\r\n\r\n\t\t\t\t\t\t<div class=\"faq-item-question-icon\"><\/div>\r\n\t\t\t\t\t<\/div>\r\n\r\n\t\t\t\t\t<div class=\"faq-item-answer\">\r\n\t\t\t\t\t\t<div class=\"faq-item-answer-text\"> <p>Ten wid\u017cet mo\u017cna wy\u015bwietli\u0107 na dowolnej stronie, na kt\u00f3rej chcesz zaimponowa\u0107 u\u017cytkownikom swoim du\u017cym uznaniem i popularno\u015bci\u0105 w\u015br\u00f3d klient\u00f3w. Je\u015bli potrzebujesz go na wszystkich stronach swojej witryny, mo\u017cesz \u0142atwo wstawi\u0107 go do szablonu witryny. <\/p><\/div>\r\n\t\t\t\t\t<\/div>\r\n\t\t\t\t<\/div> <div class=\"faq-item\">\r\n\t\t\t\t\t<div class=\"faq-item-question\">\r\n\t\t\t\t\t\t<h3 class=\"faq-item-question-text\">Jakie s\u0105 dla mnie zalety posiadania wid\u017cetu Recenzje? <\/h3>\r\n\r\n\t\t\t\t\t\t<div class=\"faq-item-question-icon\"><\/div>\r\n\t\t\t\t\t<\/div>\r\n\r\n\t\t\t\t\t<div class=\"faq-item-answer\">\r\n\t\t\t\t\t\t<div class=\"faq-item-answer-text\"> <p>Opinie prawdziwych ludzi s\u0105 dla Twoich potencjalnych klient\u00f3w nieskazitelnie wiarygodne i oznaczaj\u0105 dla nich, \u017ce Twoja firma jest niezawodna. Wysoka ocena i dobre recenzje mog\u0105 pom\u00f3c zwi\u0119kszy\u0107 sprzeda\u017c w Twojej witrynie. Ponadto aktywny przycisk mo\u017ce przyczyni\u0107 si\u0119 do wi\u0119kszej liczby recenzji u\u017cytkownik\u00f3w zwi\u0105zanych z Twoimi ofertami lub us\u0142ugami na Yelp. <\/p> <\/div>\r\n\t\t\t\t\t<\/div>\r\n\t\t\t\t<\/div> <div class=\"faq-item\">\r\n\t\t\t\t\t<div class=\"faq-item-question\">\r\n\t\t\t\t\t\t<h3 class=\"faq-item-question-text\">Jak osadzi\u0107 recenzje wid\u017cetu Yelp na mojej stronie Drupal? <\/h3>\r\n\r\n\t\t\t\t\t\t<div class=\"faq-item-question-icon\"><\/div>\r\n\t\t\t\t\t<\/div>\r\n\r\n\t\t\t\t\t<div class=\"faq-item-answer\">\r\n\t\t\t\t\t\t<div class=\"faq-item-answer-text\"> <p>Konfiguracja zajmuje tylko minut\u0119. Proces integracji jest superszybki, bezp\u0142atny i nie wymaga kodowania. <\/p> <p>Widget Recenzje Elfsight mo\u017cna umie\u015bci\u0107 w Twojej witrynie za po\u015brednictwem naszej us\u0142ugi lub za po\u015brednictwem rynku. Mo\u017cesz por\u00f3wna\u0107 wszystkie szczeg\u00f3\u0142y obu opcji i zdecydowa\u0107, kt\u00f3ra jest Twoja. <\/p><\/div>\r\n\t\t\t\t\t<\/div>\r\n\t\t\t\t<\/div> <\/div> <\/div> <div class=\"application-platform-content-item-features application-platform-content-item\" id=\"features\" data-nav-section=\"features\"> <h2>Funkcje<\/h2> <p>Aby lepiej pozna\u0107 wid\u017cet, przejrzyj list\u0119 jego g\u0142\u00f3wnych Funkcje. Dzi\u0119ki nim wid\u017cet jest maksymalnie wydajny: <\/p> <ul> <li>Trzy predefiniowane filtry: wed\u0142ug typu, wykluczania i liczby wy\u015bwietlanych recenzji; <\/li> <li>4 gotowe do u\u017cycia uk\u0142ady: Lista, Siatka, Mur i Suwak; <\/li> <li>Opcja pokazania lub ukrycia nag\u0142\u00f3wka wid\u017cetu; <\/li> <li>Przycisk pro\u015bby o recenzj\u0119 przenosi odwiedzaj\u0105cych na stron\u0119 Yelp; <\/li> <li>6 konfigurowalnych element\u00f3w interfejsu: imi\u0119 i zdj\u0119cie autora, tekst rekomendacji, data opublikowania, ikona Yelp i liczba gwiazdek; <\/li> <li>Dwa mo\u017cliwe scenariusze po odrzuceniu pro\u015bby o sprawdzenie: ujawnij swoj\u0105 wiadomo\u015b\u0107 lub ukryj przycisk. <\/li> <\/ul><p><a href=\"#demo\">Nasza demonstracja na \u017cywo zademonstruje Ci pe\u0142n\u0105 list\u0119 funkcji<\/a><\/p> <\/div> <div class=\"application-platform-content-item-installation  application-platform-content-item\" id=\"installation \" data-nav-section=\"installation \"> <h2>Oto jak doda\u0107 recenzje Yelp do swojej strony Drupal<\/h2> <p>Wystarczy post\u0119powa\u0107 zgodnie z poni\u017cszymi wskaz\u00f3wkami, aby zintegrowa\u0107 modu\u0142 z Drupalem.<\/p> <ol><li><b>Otw\u00f3rz nasze darmowy edytor i zacznij tworzy\u0107 sw\u00f3j unikalny modu\u0142. <\/b><br> Wybierz po\u017c\u0105dany wygl\u0105d i opcje wid\u017cetu i zastosuj modyfikacje. <\/li> <li><b>Uzyskaj indywidualny kod widoczny w pude\u0142ku w aplikacjach Elfsight. <\/b><br> Po zako\u0144czeniu generowania Twojego osobistego modu\u0142u Recenzji Yelp, skopiuj osobisty kod z wy\u015bwietlonego wyskakuj\u0105cego okienka i zapisz go na p\u00f3\u017aniej. <\/li> <li><b>Rozpocznij korzystanie z narz\u0119dzia na stronie Drupal. <\/b><br> Dodaj skopiowany ostatnio kod do swojej witryny i zastosuj modyfikacje. <\/li> <li><b>Konfiguracja zosta\u0142a w pe\u0142ni przeprowadzona. <\/b><br> Przejd\u017a do swojej witryny, aby sprawdzi\u0107 dzia\u0142anie wtyczki. <\/li><\/ol><p>Nadal nie mo\u017cesz si\u0119 zdecydowa\u0107? Lub masz pytania do zadania? Wystarczy wys\u0142a\u0107 pro\u015bb\u0119 do naszego dzia\u0142u obs\u0142ugi klienta, a pomo\u017cemy w rozwi\u0105zaniu ka\u017cdego problemu. <\/p> <\/div>","protected":false},"excerpt":{"rendered":"","protected":false},"author":9,"featured_media":0,"parent":1264,"menu_order":0,"comment_status":"closed","ping_status":"closed","template":"templates\/template-application-platform.php","meta":{"publish_to_discourse":"","publish_post_category":"","wpdc_auto_publish_overridden":"","wpdc_topic_tags":"","wpdc_pin_topic":"","wpdc_pin_until":"","discourse_post_id":"","discourse_permalink":"","wpdc_publishing_response":"","wpdc_publishing_error":"","footnotes":""},"class_list":["post-7384","page","type-page","status-publish","hentry"],"yoast_head":"<!-- This site is optimized with the Yoast SEO plugin v25.3.1 - https:\/\/yoast.com\/wordpress\/plugins\/seo\/ -->\n<title>Dodaj modu\u0142 Recenzji Yelp do swojej witryny Drupal (szybko i \u0142atwo)<\/title>\n<meta name=\"description\" content=\"Utworzenie wid\u017cetu Recenzji Yelp i opublikowanie go na swojej stronie Drupal jest \u0142atwe i szybkie. Obs\u0142uga klienta Elfsight jest bezp\u0142atna.\" \/>\n<meta name=\"robots\" content=\"index, follow, max-snippet:-1, max-image-preview:large, max-video-preview:-1\" \/>\n<link rel=\"canonical\" href=\"https:\/\/elfsight.com\/pl\/yelp-reviews-widget\/drupal\/\" \/>\n<meta property=\"og:locale\" content=\"pl_PL\" \/>\n<meta property=\"og:type\" content=\"article\" \/>\n<meta property=\"og:title\" content=\"Dodaj modu\u0142 Recenzji Yelp do swojej witryny Drupal (szybko i \u0142atwo)\" \/>\n<meta property=\"og:description\" content=\"Utworzenie wid\u017cetu Recenzji Yelp i opublikowanie go na swojej stronie Drupal jest \u0142atwe i szybkie. Obs\u0142uga klienta Elfsight jest bezp\u0142atna.\" \/>\n<meta property=\"og:url\" content=\"https:\/\/elfsight.com\/pl\/yelp-reviews-widget\/drupal\/\" \/>\n<meta property=\"og:site_name\" content=\"Elfsight PL\" \/>\n<meta property=\"article:modified_time\" content=\"2024-11-14T12:41:04+00:00\" \/>\n<meta name=\"twitter:card\" content=\"summary_large_image\" \/>\n<meta name=\"twitter:label1\" content=\"Szacowany czas czytania\" \/>\n\t<meta name=\"twitter:data1\" content=\"3 minuty\" \/>\n<!-- \/ Yoast SEO plugin. -->","yoast_head_json":{"title":"Dodaj modu\u0142 Recenzji Yelp do swojej witryny Drupal (szybko i \u0142atwo)","description":"Utworzenie wid\u017cetu Recenzji Yelp i opublikowanie go na swojej stronie Drupal jest \u0142atwe i szybkie. Obs\u0142uga klienta Elfsight jest bezp\u0142atna.","robots":{"index":"index","follow":"follow","max-snippet":"max-snippet:-1","max-image-preview":"max-image-preview:large","max-video-preview":"max-video-preview:-1"},"canonical":"https:\/\/elfsight.com\/pl\/yelp-reviews-widget\/drupal\/","og_locale":"pl_PL","og_type":"article","og_title":"Dodaj modu\u0142 Recenzji Yelp do swojej witryny Drupal (szybko i \u0142atwo)","og_description":"Utworzenie wid\u017cetu Recenzji Yelp i opublikowanie go na swojej stronie Drupal jest \u0142atwe i szybkie. Obs\u0142uga klienta Elfsight jest bezp\u0142atna.","og_url":"https:\/\/elfsight.com\/pl\/yelp-reviews-widget\/drupal\/","og_site_name":"Elfsight PL","article_modified_time":"2024-11-14T12:41:04+00:00","twitter_card":"summary_large_image","twitter_misc":{"Szacowany czas czytania":"3 minuty"},"schema":{"@context":"https:\/\/schema.org","@graph":[{"@type":"WebPage","@id":"https:\/\/elfsight.com\/pl\/yelp-reviews-widget\/drupal\/","url":"https:\/\/elfsight.com\/pl\/yelp-reviews-widget\/drupal\/","name":"Dodaj modu\u0142 Recenzji Yelp do swojej witryny Drupal (szybko i \u0142atwo)","isPartOf":{"@id":"https:\/\/elfsight.com\/pl\/#website"},"datePublished":"1970-01-01T00:00:00+00:00","dateModified":"2024-11-14T12:41:04+00:00","description":"Utworzenie wid\u017cetu Recenzji Yelp i opublikowanie go na swojej stronie Drupal jest \u0142atwe i szybkie. Obs\u0142uga klienta Elfsight jest bezp\u0142atna.","breadcrumb":{"@id":"https:\/\/elfsight.com\/pl\/yelp-reviews-widget\/drupal\/#breadcrumb"},"inLanguage":"pl-PL","potentialAction":[{"@type":"ReadAction","target":["https:\/\/elfsight.com\/pl\/yelp-reviews-widget\/drupal\/"]}]},{"@type":"BreadcrumbList","@id":"https:\/\/elfsight.com\/pl\/yelp-reviews-widget\/drupal\/#breadcrumb","itemListElement":[{"@type":"ListItem","position":1,"name":"Home","item":"https:\/\/elfsight.com\/pl\/"},{"@type":"ListItem","position":2,"name":"Yelp Reviews","item":"https:\/\/elfsight.com\/pl\/yelp-reviews-widget\/"},{"@type":"ListItem","position":3,"name":"Yelp Reviews &#8211; Drupal"}]},{"@type":"WebSite","@id":"https:\/\/elfsight.com\/pl\/#website","url":"https:\/\/elfsight.com\/pl\/","name":"Elfsight PL","description":"Just another Elfsight Sites site","potentialAction":[{"@type":"SearchAction","target":{"@type":"EntryPoint","urlTemplate":"https:\/\/elfsight.com\/pl\/?s={search_term_string}"},"query-input":{"@type":"PropertyValueSpecification","valueRequired":true,"valueName":"search_term_string"}}],"inLanguage":"pl-PL"}]}},"meta_box":{"industry":"","seo_heading":"","heading":"","description":"","cta_heading":"","cta_description":"","application":"1263","h1":"Modu\u0142 recenzji Drupala Yelp","h1_caption":"Prezentuj recenzje klient\u00f3w za pomoc\u0105 krzyku, aby bez wysi\u0142ku budowa\u0107 wiarygodno\u015b\u0107 i zapewni\u0107 dow\u00f3d spo\u0142eczno\u015bciowy swojej firmy na swojej stronie Drupal.","application_category":[],"applications_title":"","applications_request_title":"","applications_request_button_text":"","hero_text":"","hero_video":"","hero_video_schema_markup":"","selling_points_title":"","selling_points_caption":"","selling_points":[],"selling_points_cta_text":"","features_title":"","features":"","ed_cta_examples_text":"","ed_cta_examples_hidden":"","ed_cta_demo_text":"","ed_cta_demo_hidden":"","why_caption":"","why_editor_title":"","why_editor_text":"","why_team_title":"","why_team_text":"","why_service_title":"","why_service_text":"","template_catalog_visible":"","template_catalog_title":"","template_catalog_text":"","template_catalog_categories_visible":"","demo_title":"Utw\u00f3rz modu\u0142 recenzji Yelp","demo_caption":"Skonfiguruj swoje recenzje na Yelp i dodaj je do swojej witryny Drupal za darmo!","default_faq_hidden":"","app_template_category":[],"platform":"47","template_public_id":"","codecanyon_url":"","codecanyon_item_id":"","codecanyon_price":"","pricing_caption":"","pricing_elfsight_apps_hide_column":"","pricing_elfsight_apps_url":"","pricing_codecanyon_price_caption":"","integration_category":[],"integration_request_title":"","integration_request_cta":"","integration_platform":"","integrations":[],"platform_category":[],"video_schema_markup":"","price":"od 0 USD \/ miesi\u0105c","trial":"","benefits":[{"text":"Bezp\u0142atna us\u0142uga monta\u017cu"},{"text":"Kompetentna obs\u0142uga klienta"},{"text":"14-dniowa gwarancja zwrotu pieni\u0119dzy"}],"button_url":"#demo","button_target_blank":"","button_nofollow":"","attributes":[{"name":"Instaluje"},{"name":"Czu\u0142y"},{"name":"Kompatybilne przegl\u0105darki"}],"tags":[],"tags_disable_links":"","hide_more_platforms":"","video_object":"","demo_hide_cta":"","demo_hide_cloud_options":"","pricing_title":"","pricing":[{"pricing_icon":"platform","pricing_title":"Elfsight Apps","pricing_title_caption":"Oprogramowanie wieloplatformowe","pricing_price":"od 0 USD \/ miesi\u0105c","pricing_price_caption":"zacznij od bezp\u0142atnego planu","pricing_benefits":[{"text":"Nielimitowane strony internetowe"},{"text":"Dedykowane wsparcie i dobrze udokumentowane"},{"text":"Bezp\u0142atne wsparcie przy instalacji"},{"text":"Specjalna oferta na wiele aplikacji"}],"pricing_button_text":"Dodaj do witryny","pricing_button_url":"#demo"}],"related_apps_title":"","related_apps_hidden":"","author":"","image":[],"title":"","job":"","social_networks":[]},"_links":{"self":[{"href":"https:\/\/elfsight.com\/pl\/wp-json\/wp\/v2\/pages\/7384","targetHints":{"allow":["GET"]}}],"collection":[{"href":"https:\/\/elfsight.com\/pl\/wp-json\/wp\/v2\/pages"}],"about":[{"href":"https:\/\/elfsight.com\/pl\/wp-json\/wp\/v2\/types\/page"}],"author":[{"embeddable":true,"href":"https:\/\/elfsight.com\/pl\/wp-json\/wp\/v2\/users\/9"}],"replies":[{"embeddable":true,"href":"https:\/\/elfsight.com\/pl\/wp-json\/wp\/v2\/comments?post=7384"}],"version-history":[{"count":1,"href":"https:\/\/elfsight.com\/pl\/wp-json\/wp\/v2\/pages\/7384\/revisions"}],"predecessor-version":[{"id":7388,"href":"https:\/\/elfsight.com\/pl\/wp-json\/wp\/v2\/pages\/7384\/revisions\/7388"}],"up":[{"embeddable":true,"href":"https:\/\/elfsight.com\/pl\/wp-json\/wp\/v2\/pages\/1264"}],"wp:attachment":[{"href":"https:\/\/elfsight.com\/pl\/wp-json\/wp\/v2\/media?parent=7384"}],"curies":[{"name":"wp","href":"https:\/\/api.w.org\/{rel}","templated":true}]}}