{"id":7383,"date":"1970-01-01T00:00:00","date_gmt":"1970-01-01T00:00:00","guid":{"rendered":"https:\/\/elfsight.com\/pl\/?page_id=7383"},"modified":"2024-11-14T12:40:55","modified_gmt":"2024-11-14T12:40:55","slug":"weebly","status":"publish","type":"page","link":"https:\/\/elfsight.com\/pl\/yelp-reviews-widget\/weebly\/","title":{"rendered":"Yelp Reviews &#8211; Weebly"},"content":{"rendered":"<div class=\"application-platform-content-item-description application-platform-content-item\" id=\"description\" data-nav-section=\"description\"> <h2>Opis<\/h2> <p>Je\u015bli chcesz wyrazi\u0107 swoje uznanie w\u015br\u00f3d klient\u00f3w i przekona\u0107 odwiedzaj\u0105cych witryn\u0119, \u017ce Twoje oferty s\u0105 warte zakupu, Recenzje Elfsight Yelp to w\u0142a\u015bciwy wyb\u00f3r. Dzi\u0119ki naszemu wid\u017cetowi mo\u017cesz osadzi\u0107 recenzje klient\u00f3w z Yelp na swojej stronie wraz z informacj\u0105 o ich autorach; u\u017cyj filtr\u00f3w, aby wy\u015bwietli\u0107 tylko dobre recenzje; i dodaj oceny oraz aktywny przycisk, kt\u00f3ry przeniesie u\u017cytkownik\u00f3w na Twoj\u0105 stron\u0119 Yelp, gdzie b\u0119d\u0105 mogli napisa\u0107 swoj\u0105 recenzj\u0119. <\/p><div class=\"faq\" data-component=\"FAQ\"> <div class=\"faq-item\">\r\n\t\t\t\t\t<div class=\"faq-item-question\">\r\n\t\t\t\t\t\t<h3 class=\"faq-item-question-text\">Gdzie w mojej witrynie mog\u0119 doda\u0107 wid\u017cet Recenzje<\/h3>\r\n\r\n\t\t\t\t\t\t<div class=\"faq-item-question-icon\"><\/div>\r\n\t\t\t\t\t<\/div>\r\n\r\n\t\t\t\t\t<div class=\"faq-item-answer\">\r\n\t\t\t\t\t\t<div class=\"faq-item-answer-text\"> <p>Mo\u017cesz wy\u015bwietli\u0107 wid\u017cet na dowolnej stronie witryny lub umie\u015bci\u0107 go w szablonie witryny, tak aby by\u0142 zostanie ujawnione na wszystkich stronach. Recenzje mog\u0105 dobrze wygl\u0105da\u0107 na stronach produkt\u00f3w lub na stronie O nas, gdzie chcesz pokaza\u0107 swoj\u0105 wysok\u0105 ocen\u0119. <\/p><\/div>\r\n\t\t\t\t\t<\/div>\r\n\t\t\t\t<\/div> <div class=\"faq-item\">\r\n\t\t\t\t\t<div class=\"faq-item-question\">\r\n\t\t\t\t\t\t<h3 class=\"faq-item-question-text\">Jakie korzy\u015bci daje mi posiadanie widgetu? <\/h3>\r\n\r\n\t\t\t\t\t\t<div class=\"faq-item-question-icon\"><\/div>\r\n\t\t\t\t\t<\/div>\r\n\r\n\t\t\t\t\t<div class=\"faq-item-answer\">\r\n\t\t\t\t\t\t<div class=\"faq-item-answer-text\"> <p>Opinie prawdziwych ludzi s\u0105 dla u\u017cytkownik\u00f3w Twojej witryny nieskazitelnie wiarygodne i pokazuj\u0105, \u017ce Twojej firmie mo\u017cna zaufa\u0107. Wysoka ocena i pozytywne recenzje mog\u0105 pom\u00f3c zwi\u0119kszy\u0107 sprzeda\u017c w Twojej witrynie. Ponadto aktywny przycisk mo\u017ce przyczyni\u0107 si\u0119 do zwi\u0119kszenia liczby opinii klient\u00f3w na temat Twojej firmy na Yelp. <\/p> <\/div>\r\n\t\t\t\t\t<\/div>\r\n\t\t\t\t<\/div> <div class=\"faq-item\">\r\n\t\t\t\t\t<div class=\"faq-item-question\">\r\n\t\t\t\t\t\t<h3 class=\"faq-item-question-text\">Jak mog\u0119 osadzi\u0107 recenzje z wid\u017cetu Yelp na mojej stronie internetowej Weebly? <\/h3>\r\n\r\n\t\t\t\t\t\t<div class=\"faq-item-question-icon\"><\/div>\r\n\t\t\t\t\t<\/div>\r\n\r\n\t\t\t\t\t<div class=\"faq-item-answer\">\r\n\t\t\t\t\t\t<div class=\"faq-item-answer-text\"> <p>Aktywacja zajmie minut\u0119. Dodawanie jest superszybkie, bezp\u0142atne i niewymagaj\u0105ce kodowania. <\/p> <p>Widget mo\u017cna zintegrowa\u0107 za po\u015brednictwem naszej us\u0142ugi lub poprzez platform\u0119 handlow\u0105. Mo\u017cesz zapozna\u0107 si\u0119 z obiema opcjami i wybra\u0107 bardziej odpowiedni\u0105. <\/p><\/div>\r\n\t\t\t\t\t<\/div>\r\n\t\t\t\t<\/div> <\/div> <\/div> <div class=\"application-platform-content-item-features application-platform-content-item\" id=\"features\" data-nav-section=\"features\"> <h2>Funkcje<\/h2> <p>Aby lepiej zrozumie\u0107 wid\u017cet Recenzje, odkryj list\u0119 jego najcz\u0119\u015bciej Wa\u017cne cechy. Dzi\u0119ki nim wid\u017cet jest maksymalnie wydajny: <\/p> <ul> <li>3 dost\u0119pne filtry: wed\u0142ug typu, wykluczenia wed\u0142ug i ilo\u015bci wy\u015bwietlanych recenzji; <\/li> <li>Dost\u0119pne cztery uk\u0142ady: Lista, Siatka, Mur i Suwak; <\/li> <li> Prze\u0142\u0105czany nag\u0142\u00f3wek wid\u017cetu; <\/li> <li>Przycisk pro\u015bby o recenzj\u0119 kieruje ludzi do Twojej strony Yelp; <\/li> <li>6 dostosowywalnych element\u00f3w recenzji: imi\u0119 i nazwisko autora i zdj\u0119cie, tekst rekomendacji, data, ikona Yelp i liczba gwiazdek; <\/li> <li>Dwie mo\u017cliwo\u015bci odrzucenia pro\u015bby o sprawdzenie: ujawnij swoj\u0105 wiadomo\u015b\u0107 lub ukryj przycisk. <\/li> <\/ul><p><a href=\"#demo\">Dowiedz si\u0119 wi\u0119cej o funkcjach w naszej wersji demonstracyjnej na \u017cywo<\/a><\/p> <\/div> <div class=\"application-platform-content-item-installation application-platform-content-item\" id=\"installation\" data-nav-section=\"installation\"> <h2>Jak doda\u0107 recenzje Yelp do swojej witryny Weebly<\/h2><div class=\"video-container\"><iframe width=\"720\" height=\"405\" src=\"https:\/\/www.youtube.com\/embed\/iOt0bRFCw0E\" frameborder=\"0\" allowfullscreen=\"\"><\/iframe><\/div><p>Wystarczy wykona\u0107 kilka dzia\u0142a\u0144, aby wy\u015bwietli\u0107 wid\u017cet na swojej stronie. <\/p> <ol><li><b>Skorzystaj z naszego bezp\u0142atnego konfiguratora i zacznij tworzy\u0107 swoj\u0105 unikaln\u0105 aplikacj\u0119. <\/b><br> Znajd\u017a preferowany wygl\u0105d i aspekty aplikacji i zapisz wszystkie zmiany. <\/li> <li><b>Skopiuj kod osobisty wy\u015bwietlony w oknie aplikacji Elfsight. <\/b><br> Po zako\u0144czeniu konfiguracji aplikacji osobistej skopiuj ekskluzywny kod w wy\u015bwietlonym oknie i zapisz go na przysz\u0142o\u015b\u0107. <\/li> <li><b>Rozpocznij korzystanie z aplikacji w witrynie Weebly. <\/b><br> Umie\u015b\u0107 ostatnio skopiowany kod na swojej stronie internetowej i zapisz poprawki. <\/li> <li><b>Instalacja zosta\u0142a pomy\u015blnie przeprowadzona. <\/b><br> Przejd\u017a do swojej strony internetowej, aby sprawdzi\u0107 dzia\u0142anie aplikacji. <\/li><\/ol><p>Nadal nie mo\u017cesz si\u0119 zdecydowa\u0107? Albo natkn\u0105\u0142e\u015b si\u0119 na co\u015b? Po prostu wy\u015blij zapytanie do naszego dzia\u0142u obs\u0142ugi klienta, a rozwi\u0105\u017cemy ka\u017cdy problem. <\/p> <\/div>","protected":false},"excerpt":{"rendered":"","protected":false},"author":9,"featured_media":0,"parent":1264,"menu_order":0,"comment_status":"closed","ping_status":"closed","template":"templates\/template-application-platform.php","meta":{"publish_to_discourse":"","publish_post_category":"","wpdc_auto_publish_overridden":"","wpdc_topic_tags":"","wpdc_pin_topic":"","wpdc_pin_until":"","discourse_post_id":"","discourse_permalink":"","wpdc_publishing_response":"","wpdc_publishing_error":"","footnotes":""},"class_list":["post-7383","page","type-page","status-publish","hentry"],"yoast_head":"<!-- This site is optimized with the Yoast SEO plugin v25.3.1 - https:\/\/yoast.com\/wordpress\/plugins\/seo\/ -->\n<title>Dodaj aplikacj\u0119 Recenzje Yelp do swojej witryny Weebly (w 2 minuty)<\/title>\n<meta name=\"description\" content=\"Oto szansa na kszta\u0142towanie skutecznego wid\u017cetu Recenzji Yelp i dodanie go do swojej witryny Weebly. Uzyskaj bezp\u0142atn\u0105 obs\u0142ug\u0119 klienta i inne korzy\u015bci od Elfsight.\" \/>\n<meta name=\"robots\" content=\"index, follow, max-snippet:-1, max-image-preview:large, max-video-preview:-1\" \/>\n<link rel=\"canonical\" href=\"https:\/\/elfsight.com\/pl\/yelp-reviews-widget\/weebly\/\" \/>\n<meta property=\"og:locale\" content=\"pl_PL\" \/>\n<meta property=\"og:type\" content=\"article\" \/>\n<meta property=\"og:title\" content=\"Dodaj aplikacj\u0119 Recenzje Yelp do swojej witryny Weebly (w 2 minuty)\" \/>\n<meta property=\"og:description\" content=\"Oto szansa na kszta\u0142towanie skutecznego wid\u017cetu Recenzji Yelp i dodanie go do swojej witryny Weebly. Uzyskaj bezp\u0142atn\u0105 obs\u0142ug\u0119 klienta i inne korzy\u015bci od Elfsight.\" \/>\n<meta property=\"og:url\" content=\"https:\/\/elfsight.com\/pl\/yelp-reviews-widget\/weebly\/\" \/>\n<meta property=\"og:site_name\" content=\"Elfsight PL\" \/>\n<meta property=\"article:modified_time\" content=\"2024-11-14T12:40:55+00:00\" \/>\n<meta name=\"twitter:card\" content=\"summary_large_image\" \/>\n<meta name=\"twitter:label1\" content=\"Szacowany czas czytania\" \/>\n\t<meta name=\"twitter:data1\" content=\"3 minuty\" \/>\n<!-- \/ Yoast SEO plugin. -->","yoast_head_json":{"title":"Dodaj aplikacj\u0119 Recenzje Yelp do swojej witryny Weebly (w 2 minuty)","description":"Oto szansa na kszta\u0142towanie skutecznego wid\u017cetu Recenzji Yelp i dodanie go do swojej witryny Weebly. Uzyskaj bezp\u0142atn\u0105 obs\u0142ug\u0119 klienta i inne korzy\u015bci od Elfsight.","robots":{"index":"index","follow":"follow","max-snippet":"max-snippet:-1","max-image-preview":"max-image-preview:large","max-video-preview":"max-video-preview:-1"},"canonical":"https:\/\/elfsight.com\/pl\/yelp-reviews-widget\/weebly\/","og_locale":"pl_PL","og_type":"article","og_title":"Dodaj aplikacj\u0119 Recenzje Yelp do swojej witryny Weebly (w 2 minuty)","og_description":"Oto szansa na kszta\u0142towanie skutecznego wid\u017cetu Recenzji Yelp i dodanie go do swojej witryny Weebly. Uzyskaj bezp\u0142atn\u0105 obs\u0142ug\u0119 klienta i inne korzy\u015bci od Elfsight.","og_url":"https:\/\/elfsight.com\/pl\/yelp-reviews-widget\/weebly\/","og_site_name":"Elfsight PL","article_modified_time":"2024-11-14T12:40:55+00:00","twitter_card":"summary_large_image","twitter_misc":{"Szacowany czas czytania":"3 minuty"},"schema":{"@context":"https:\/\/schema.org","@graph":[{"@type":"WebPage","@id":"https:\/\/elfsight.com\/pl\/yelp-reviews-widget\/weebly\/","url":"https:\/\/elfsight.com\/pl\/yelp-reviews-widget\/weebly\/","name":"Dodaj aplikacj\u0119 Recenzje Yelp do swojej witryny Weebly (w 2 minuty)","isPartOf":{"@id":"https:\/\/elfsight.com\/pl\/#website"},"datePublished":"1970-01-01T00:00:00+00:00","dateModified":"2024-11-14T12:40:55+00:00","description":"Oto szansa na kszta\u0142towanie skutecznego wid\u017cetu Recenzji Yelp i dodanie go do swojej witryny Weebly. Uzyskaj bezp\u0142atn\u0105 obs\u0142ug\u0119 klienta i inne korzy\u015bci od Elfsight.","breadcrumb":{"@id":"https:\/\/elfsight.com\/pl\/yelp-reviews-widget\/weebly\/#breadcrumb"},"inLanguage":"pl-PL","potentialAction":[{"@type":"ReadAction","target":["https:\/\/elfsight.com\/pl\/yelp-reviews-widget\/weebly\/"]}]},{"@type":"BreadcrumbList","@id":"https:\/\/elfsight.com\/pl\/yelp-reviews-widget\/weebly\/#breadcrumb","itemListElement":[{"@type":"ListItem","position":1,"name":"Home","item":"https:\/\/elfsight.com\/pl\/"},{"@type":"ListItem","position":2,"name":"Yelp Reviews","item":"https:\/\/elfsight.com\/pl\/yelp-reviews-widget\/"},{"@type":"ListItem","position":3,"name":"Yelp Reviews &#8211; Weebly"}]},{"@type":"WebSite","@id":"https:\/\/elfsight.com\/pl\/#website","url":"https:\/\/elfsight.com\/pl\/","name":"Elfsight PL","description":"Just another Elfsight Sites site","potentialAction":[{"@type":"SearchAction","target":{"@type":"EntryPoint","urlTemplate":"https:\/\/elfsight.com\/pl\/?s={search_term_string}"},"query-input":{"@type":"PropertyValueSpecification","valueRequired":true,"valueName":"search_term_string"}}],"inLanguage":"pl-PL"}]}},"meta_box":{"industry":"","seo_heading":"","heading":"","description":"","cta_heading":"","cta_description":"","application":"1263","h1":"Aplikacja Weebly Yelp Recenzje","h1_caption":"Prezentuj recenzje klient\u00f3w za pomoc\u0105 krzyku, aby bez wysi\u0142ku budowa\u0107 wiarygodno\u015b\u0107 i zapewni\u0107 spo\u0142eczny dow\u00f3d swojej firmy w swojej witrynie Weebly.","application_category":[],"applications_title":"","applications_request_title":"","applications_request_button_text":"","hero_text":"","hero_video":"","hero_video_schema_markup":"","selling_points_title":"","selling_points_caption":"","selling_points":[],"selling_points_cta_text":"","features_title":"","features":"","ed_cta_examples_text":"","ed_cta_examples_hidden":"","ed_cta_demo_text":"","ed_cta_demo_hidden":"","why_caption":"","why_editor_title":"","why_editor_text":"","why_team_title":"","why_team_text":"","why_service_title":"","why_service_text":"","template_catalog_visible":"","template_catalog_title":"","template_catalog_text":"","template_catalog_categories_visible":"","demo_title":"Stw\u00f3rz swoj\u0105 aplikacj\u0119 z recenzjami Yelp","demo_caption":"Skonfiguruj swoje recenzje na Yelp i dodaj je za darmo do swojej witryny Weebly!","default_faq_hidden":"","app_template_category":[],"platform":"132","template_public_id":"","codecanyon_url":"","codecanyon_item_id":"","codecanyon_price":"","pricing_caption":"","pricing_elfsight_apps_hide_column":"","pricing_elfsight_apps_url":"","pricing_codecanyon_price_caption":"","integration_category":[],"integration_request_title":"","integration_request_cta":"","integration_platform":"","integrations":[],"platform_category":[],"video_schema_markup":"","price":"od 0 USD \/ miesi\u0105c","trial":"","benefits":[{"text":"Bezp\u0142atna pomoc w monta\u017cu"},{"text":"Profesjonalna obs\u0142uga klienta"},{"text":"14-dniowa gwarancja zwrotu pieni\u0119dzy"}],"button_url":"#demo","button_target_blank":"","button_nofollow":"","attributes":[{"name":"Instaluje"},{"name":"Czu\u0142y"},{"name":"Kompatybilne przegl\u0105darki"}],"tags":[],"tags_disable_links":"","hide_more_platforms":"","video_object":"","demo_hide_cta":"","demo_hide_cloud_options":"","pricing_title":"","pricing":[{"pricing_icon":"platform","pricing_title":"Elfsight Apps","pricing_title_caption":"Oprogramowanie niezale\u017cne od platformy","pricing_price":"od 0 USD \/ miesi\u0105c","pricing_price_caption":"zacznij od bezp\u0142atnego planu","pricing_benefits":[{"text":"Nielimitowane domeny"},{"text":"Bezp\u0142atne i terminowe wsparcie oraz dobrze udokumentowane"},{"text":"Bezp\u0142atna pomoc w instalacji"},{"text":"Elastyczny projekt"}],"pricing_button_text":"Dodaj do witryny","pricing_button_url":"#demo"}],"related_apps_title":"","related_apps_hidden":"","author":"","image":[],"title":"","job":"","social_networks":[]},"_links":{"self":[{"href":"https:\/\/elfsight.com\/pl\/wp-json\/wp\/v2\/pages\/7383","targetHints":{"allow":["GET"]}}],"collection":[{"href":"https:\/\/elfsight.com\/pl\/wp-json\/wp\/v2\/pages"}],"about":[{"href":"https:\/\/elfsight.com\/pl\/wp-json\/wp\/v2\/types\/page"}],"author":[{"embeddable":true,"href":"https:\/\/elfsight.com\/pl\/wp-json\/wp\/v2\/users\/9"}],"replies":[{"embeddable":true,"href":"https:\/\/elfsight.com\/pl\/wp-json\/wp\/v2\/comments?post=7383"}],"version-history":[{"count":2,"href":"https:\/\/elfsight.com\/pl\/wp-json\/wp\/v2\/pages\/7383\/revisions"}],"predecessor-version":[{"id":8145,"href":"https:\/\/elfsight.com\/pl\/wp-json\/wp\/v2\/pages\/7383\/revisions\/8145"}],"up":[{"embeddable":true,"href":"https:\/\/elfsight.com\/pl\/wp-json\/wp\/v2\/pages\/1264"}],"wp:attachment":[{"href":"https:\/\/elfsight.com\/pl\/wp-json\/wp\/v2\/media?parent=7383"}],"curies":[{"name":"wp","href":"https:\/\/api.w.org\/{rel}","templated":true}]}}