{"id":7382,"date":"1970-01-01T00:00:00","date_gmt":"1970-01-01T00:00:00","guid":{"rendered":"https:\/\/elfsight.com\/pl\/?page_id=7382"},"modified":"2024-11-14T12:40:55","modified_gmt":"2024-11-14T12:40:55","slug":"joomla","status":"publish","type":"page","link":"https:\/\/elfsight.com\/pl\/yelp-reviews-widget\/joomla\/","title":{"rendered":"Yelp Reviews &#8211; Joomla"},"content":{"rendered":"<div class=\"application-platform-content-item-description application-platform-content-item\" id=\"description\" data-nav-section=\"description\"> <h2>Opis<\/h2> <p>Je\u015bli chcesz pokaza\u0107 swoj\u0105 wysok\u0105 ocen\u0119 i przekona\u0107 odwiedzaj\u0105cych witryn\u0119, \u017ce Twoje oferty s\u0105 warte swojej ceny, Widget Recenzje Elfsight Yelp idealnie Ci odpowiada. Maj\u0105c to narz\u0119dzie, szybko wstawisz recenzje klient\u00f3w z Yelp na swoj\u0105 stron\u0119 ze szczeg\u00f3\u0142ami o ich autorach, przefiltrujesz je tak, aby wy\u015bwietla\u0142y si\u0119 tylko pozytywne, dodasz oceny i przycisk pro\u015bby o recenzj\u0119, kt\u00f3ry skieruje u\u017cytkownik\u00f3w na Twoj\u0105 stron\u0119 Yelp, gdzie b\u0119d\u0105 mogli doda\u0107 jeszcze jedn\u0105 recenzja. <\/p><div class=\"faq\" data-component=\"FAQ\"> <div class=\"faq-item\">\r\n\t\t\t\t\t<div class=\"faq-item-question\">\r\n\t\t\t\t\t\t<h3 class=\"faq-item-question-text\">Gdzie na mojej stronie mog\u0119 zainstalowa\u0107 wid\u017cet Recenzje<\/h3>\r\n\r\n\t\t\t\t\t\t<div class=\"faq-item-question-icon\"><\/div>\r\n\t\t\t\t\t<\/div>\r\n\r\n\t\t\t\t\t<div class=\"faq-item-answer\">\r\n\t\t\t\t\t\t<div class=\"faq-item-answer-text\"> <p>Widget mo\u017cna ustawi\u0107 na dowolnej stronie internetowej, na kt\u00f3rej chcesz wy\u015bwietla\u0107 swoj\u0105 wysok\u0105 ocen\u0119 i popularno\u015b\u0107 w\u015br\u00f3d klient\u00f3w . Je\u015bli chcesz, aby wid\u017cet wy\u015bwietla\u0142 si\u0119 na wszystkich stronach Twojej witryny, mo\u017cesz \u0142atwo wprowadzi\u0107 go do szablonu witryny. <\/p><\/div>\r\n\t\t\t\t\t<\/div>\r\n\t\t\t\t<\/div> <div class=\"faq-item\">\r\n\t\t\t\t\t<div class=\"faq-item-question\">\r\n\t\t\t\t\t\t<h3 class=\"faq-item-question-text\">Jakie daje mi to korzy\u015bci? <\/h3>\r\n\r\n\t\t\t\t\t\t<div class=\"faq-item-question-icon\"><\/div>\r\n\t\t\t\t\t<\/div>\r\n\r\n\t\t\t\t\t<div class=\"faq-item-answer\">\r\n\t\t\t\t\t\t<div class=\"faq-item-answer-text\"> <p>Opinie prawdziwych ludzi wydaj\u0105 si\u0119 klientom Twojej witryny maksymalnie godne zaufania i oznaczaj\u0105 dla nich, \u017ce Twoja firma jest wiarygodnym partnerem. Wysoka ocena i pozytywne recenzje mog\u0105 pom\u00f3c zwi\u0119kszy\u0107 liczb\u0119 zakup\u00f3w w Twojej witrynie. Ponadto aktywny przycisk mo\u017ce przyczyni\u0107 si\u0119 do wi\u0119kszej liczby recenzji u\u017cytkownik\u00f3w na temat Twojej firmy na Yelp. <\/p> <\/div>\r\n\t\t\t\t\t<\/div>\r\n\t\t\t\t<\/div> <div class=\"faq-item\">\r\n\t\t\t\t\t<div class=\"faq-item-question\">\r\n\t\t\t\t\t\t<h3 class=\"faq-item-question-text\">Jak mog\u0119 osadzi\u0107 recenzje z wid\u017cetu Yelp na mojej stronie internetowej Joomla? <\/h3>\r\n\r\n\t\t\t\t\t\t<div class=\"faq-item-question-icon\"><\/div>\r\n\t\t\t\t\t<\/div>\r\n\r\n\t\t\t\t\t<div class=\"faq-item-answer\">\r\n\t\t\t\t\t\t<div class=\"faq-item-answer-text\"> <p>Rozpocz\u0119cie korzystania z wid\u017cetu zajmuje tylko dwie minuty. Jest niezwykle szybki, darmowy i nie wymaga kodowania. <\/p> <p>Widget Recenzje Elfsight mo\u017cna skonfigurowa\u0107 za po\u015brednictwem naszej us\u0142ugi lub na rynku. Mo\u017cesz por\u00f3wna\u0107 obie opcje i wybra\u0107 swoj\u0105. <\/p><\/div>\r\n\t\t\t\t\t<\/div>\r\n\t\t\t\t<\/div> <\/div> <\/div> <div class=\"application-platform-content-item-features application-platform-content-item\" id=\"features\" data-nav-section=\"features\"> <h2>Funkcje<\/h2> <p>Aby w pe\u0142ni zrozumie\u0107 wid\u017cet, mo\u017cesz przestudiowa\u0107 list\u0119 podstawowe cechy. Dzi\u0119ki nim nasz widget jest naprawd\u0119 skuteczny: <\/p> <ul> <li>Trzy typy filtr\u00f3w: wed\u0142ug typu, wykluczenia wed\u0142ug i liczby wy\u015bwietlanych recenzji; <\/li> <li>Dost\u0119pne 4 uk\u0142ady: Lista, Siatka, Mur i Suwak; <\/li> <li>Opcje umo\u017cliwiaj\u0105ce w\u0142\u0105czenie\/wy\u0142\u0105czenie nag\u0142\u00f3wka wid\u017cetu; <\/li> <li>Przycisk pro\u015bby o recenzj\u0119 kieruje klient\u00f3w do Twojej strony Yelp; <\/li> <li>Sze\u015b\u0107 elastycznych element\u00f3w recenzji: imi\u0119 i zdj\u0119cie autora, tekst rekomendacji, data opublikowania, ikona Yelp i liczba gwiazdek; <\/li> <li>Dwa mo\u017cliwe scenariusze odrzucenia pro\u015bby o sprawdzenie: wy\u015bwietl niestandardow\u0105 wiadomo\u015b\u0107 lub ukryj przycisk. <\/li> <\/ul><p><a href=\"#demo\">Nasza demonstracja na \u017cywo zademonstruje Ci wi\u0119cej funkcji<\/a><\/p> <\/div> <div class=\"application-platform-content-item-installation application-platform-content-item\" id=\"installation\" data-nav-section=\"installation\"> <h2>Oto jak osadzi\u0107 recenzje Yelp w swojej witrynie Joomla<\/h2> <p>Wystarczy post\u0119powa\u0107 zgodnie z poni\u017cszymi instrukcjami, aby aktywowa\u0107 rozszerzenie Recenzji Yelp w Joomla.<\/p> <ol><li><b>Wykonaj nasze bezp\u0142atne konfigurator i zacznij budowa\u0107 sw\u00f3j spersonalizowany widget. <\/b><br> Wybierz preferowan\u0105 form\u0119 i funkcjonalno\u015b\u0107 rozszerzenia oraz nanie\u015b poprawki. <\/li> <li><b>Zdob\u0105d\u017a sw\u00f3j unikalny kod widoczny w specjalnym formularzu w aplikacjach Elfsight. <\/b><br> Po zako\u0144czeniu tworzenia narz\u0119dzia skopiuj indywidualny kod w wy\u015bwietlonym oknie i zachowaj go na p\u00f3\u017aniej. <\/li> <li><b>Rozpocznij korzystanie z narz\u0119dzia na stronie Joomla. <\/b><br> Umie\u015b\u0107 skopiowany wcze\u015bniej kod w swojej witrynie i zastosuj zmiany. <\/li> <li><b>Gotowe! Integracja zosta\u0142a w pe\u0142ni uko\u0144czona. <\/b><br> Przejd\u017a na swoj\u0105 stron\u0119 i zobacz w akcji, jak dzia\u0142a narz\u0119dzie. <\/li><\/ol><p>Nadal nie jeste\u015b pewien? Albo natkn\u0105\u0142e\u015b si\u0119 na co\u015b? Nast\u0119pnie wy\u015blij pro\u015bb\u0119 do naszego zespo\u0142u wsparcia; rozwi\u0105\u017cemy ka\u017cdy problem. <\/p> <\/div>","protected":false},"excerpt":{"rendered":"","protected":false},"author":9,"featured_media":0,"parent":1264,"menu_order":0,"comment_status":"closed","ping_status":"closed","template":"templates\/template-application-platform.php","meta":{"publish_to_discourse":"","publish_post_category":"","wpdc_auto_publish_overridden":"","wpdc_topic_tags":"","wpdc_pin_topic":"","wpdc_pin_until":"","discourse_post_id":"","discourse_permalink":"","wpdc_publishing_response":"","wpdc_publishing_error":"","footnotes":""},"class_list":["post-7382","page","type-page","status-publish","hentry"],"yoast_head":"<!-- This site is optimized with the Yoast SEO plugin v25.3.1 - https:\/\/yoast.com\/wordpress\/plugins\/seo\/ -->\n<title>Dodaj rozszerzenie Yelp Reviews do swojej witryny Joomla (2025)<\/title>\n<meta name=\"description\" content=\"Dzi\u0119ki Elfsight mo\u017cesz szybko i \u0142atwo tworzy\u0107 swoje recenzje na Yelp i wy\u015bwietla\u0107 je na swojej stronie Joomla. Oferujemy bezp\u0142atn\u0105 obs\u0142ug\u0119 klienta i inne bonusy.\" \/>\n<meta name=\"robots\" content=\"index, follow, max-snippet:-1, max-image-preview:large, max-video-preview:-1\" \/>\n<link rel=\"canonical\" href=\"https:\/\/elfsight.com\/pl\/yelp-reviews-widget\/joomla\/\" \/>\n<meta property=\"og:locale\" content=\"pl_PL\" \/>\n<meta property=\"og:type\" content=\"article\" \/>\n<meta property=\"og:title\" content=\"Dodaj rozszerzenie Yelp Reviews do swojej witryny Joomla (2025)\" \/>\n<meta property=\"og:description\" content=\"Dzi\u0119ki Elfsight mo\u017cesz szybko i \u0142atwo tworzy\u0107 swoje recenzje na Yelp i wy\u015bwietla\u0107 je na swojej stronie Joomla. Oferujemy bezp\u0142atn\u0105 obs\u0142ug\u0119 klienta i inne bonusy.\" \/>\n<meta property=\"og:url\" content=\"https:\/\/elfsight.com\/pl\/yelp-reviews-widget\/joomla\/\" \/>\n<meta property=\"og:site_name\" content=\"Elfsight PL\" \/>\n<meta property=\"article:modified_time\" content=\"2024-11-14T12:40:55+00:00\" \/>\n<meta name=\"twitter:card\" content=\"summary_large_image\" \/>\n<meta name=\"twitter:label1\" content=\"Szacowany czas czytania\" \/>\n\t<meta name=\"twitter:data1\" content=\"3 minuty\" \/>\n<!-- \/ Yoast SEO plugin. -->","yoast_head_json":{"title":"Dodaj rozszerzenie Yelp Reviews do swojej witryny Joomla (2025)","description":"Dzi\u0119ki Elfsight mo\u017cesz szybko i \u0142atwo tworzy\u0107 swoje recenzje na Yelp i wy\u015bwietla\u0107 je na swojej stronie Joomla. Oferujemy bezp\u0142atn\u0105 obs\u0142ug\u0119 klienta i inne bonusy.","robots":{"index":"index","follow":"follow","max-snippet":"max-snippet:-1","max-image-preview":"max-image-preview:large","max-video-preview":"max-video-preview:-1"},"canonical":"https:\/\/elfsight.com\/pl\/yelp-reviews-widget\/joomla\/","og_locale":"pl_PL","og_type":"article","og_title":"Dodaj rozszerzenie Yelp Reviews do swojej witryny Joomla (2025)","og_description":"Dzi\u0119ki Elfsight mo\u017cesz szybko i \u0142atwo tworzy\u0107 swoje recenzje na Yelp i wy\u015bwietla\u0107 je na swojej stronie Joomla. Oferujemy bezp\u0142atn\u0105 obs\u0142ug\u0119 klienta i inne bonusy.","og_url":"https:\/\/elfsight.com\/pl\/yelp-reviews-widget\/joomla\/","og_site_name":"Elfsight PL","article_modified_time":"2024-11-14T12:40:55+00:00","twitter_card":"summary_large_image","twitter_misc":{"Szacowany czas czytania":"3 minuty"},"schema":{"@context":"https:\/\/schema.org","@graph":[{"@type":"WebPage","@id":"https:\/\/elfsight.com\/pl\/yelp-reviews-widget\/joomla\/","url":"https:\/\/elfsight.com\/pl\/yelp-reviews-widget\/joomla\/","name":"Dodaj rozszerzenie Yelp Reviews do swojej witryny Joomla (2025)","isPartOf":{"@id":"https:\/\/elfsight.com\/pl\/#website"},"datePublished":"1970-01-01T00:00:00+00:00","dateModified":"2024-11-14T12:40:55+00:00","description":"Dzi\u0119ki Elfsight mo\u017cesz szybko i \u0142atwo tworzy\u0107 swoje recenzje na Yelp i wy\u015bwietla\u0107 je na swojej stronie Joomla. Oferujemy bezp\u0142atn\u0105 obs\u0142ug\u0119 klienta i inne bonusy.","breadcrumb":{"@id":"https:\/\/elfsight.com\/pl\/yelp-reviews-widget\/joomla\/#breadcrumb"},"inLanguage":"pl-PL","potentialAction":[{"@type":"ReadAction","target":["https:\/\/elfsight.com\/pl\/yelp-reviews-widget\/joomla\/"]}]},{"@type":"BreadcrumbList","@id":"https:\/\/elfsight.com\/pl\/yelp-reviews-widget\/joomla\/#breadcrumb","itemListElement":[{"@type":"ListItem","position":1,"name":"Home","item":"https:\/\/elfsight.com\/pl\/"},{"@type":"ListItem","position":2,"name":"Yelp Reviews","item":"https:\/\/elfsight.com\/pl\/yelp-reviews-widget\/"},{"@type":"ListItem","position":3,"name":"Yelp Reviews &#8211; Joomla"}]},{"@type":"WebSite","@id":"https:\/\/elfsight.com\/pl\/#website","url":"https:\/\/elfsight.com\/pl\/","name":"Elfsight PL","description":"Just another Elfsight Sites site","potentialAction":[{"@type":"SearchAction","target":{"@type":"EntryPoint","urlTemplate":"https:\/\/elfsight.com\/pl\/?s={search_term_string}"},"query-input":{"@type":"PropertyValueSpecification","valueRequired":true,"valueName":"search_term_string"}}],"inLanguage":"pl-PL"}]}},"meta_box":{"industry":"","seo_heading":"","heading":"","description":"","cta_heading":"","cta_description":"","application":"1263","h1":"Rozszerzenie Joomla Yelp Recenzje","h1_caption":"Prezentuj recenzje klient\u00f3w z Yelp, aby bez wysi\u0142ku budowa\u0107 wiarygodno\u015b\u0107 i zapewni\u0107 spo\u0142eczny dow\u00f3d swojej firmy na swojej stronie Joomla.","application_category":[],"applications_title":"","applications_request_title":"","applications_request_button_text":"","hero_text":"","hero_video":"","hero_video_schema_markup":"","selling_points_title":"","selling_points_caption":"","selling_points":[],"selling_points_cta_text":"","features_title":"","features":"","ed_cta_examples_text":"","ed_cta_examples_hidden":"","ed_cta_demo_text":"","ed_cta_demo_hidden":"","why_caption":"","why_editor_title":"","why_editor_text":"","why_team_title":"","why_team_text":"","why_service_title":"","why_service_text":"","template_catalog_visible":"","template_catalog_title":"","template_catalog_text":"","template_catalog_categories_visible":"","demo_title":"Utw\u00f3rz wtyczk\u0119 Recenzje Yelp","demo_caption":"Skonfiguruj swoje recenzje na Yelp i dodaj je do swojej witryny Joomla za darmo!","default_faq_hidden":"","app_template_category":[],"platform":"53","template_public_id":"","codecanyon_url":"","codecanyon_item_id":"","codecanyon_price":"","pricing_caption":"","pricing_elfsight_apps_hide_column":"","pricing_elfsight_apps_url":"","pricing_codecanyon_price_caption":"","integration_category":[],"integration_request_title":"","integration_request_cta":"","integration_platform":"","integrations":[],"platform_category":[],"video_schema_markup":"","price":"od 0 USD \/ miesi\u0105c","trial":"","benefits":[{"text":"Bezp\u0142atna pomoc w instalacji"},{"text":"Do\u015bwiadczona obs\u0142uga klienta"},{"text":"14-dniowa gwarancja zwrotu pieni\u0119dzy"}],"button_url":"#demo","button_target_blank":"","button_nofollow":"","attributes":[{"name":"Instaluje"},{"name":"Czu\u0142y"},{"name":"Kompatybilne przegl\u0105darki"}],"tags":[],"tags_disable_links":"","hide_more_platforms":"","video_object":"","demo_hide_cta":"","demo_hide_cloud_options":"","pricing_title":"","pricing":[{"pricing_icon":"platform","pricing_title":"Elfsight Apps","pricing_title_caption":"Oprogramowanie niezale\u017cne od platformy","pricing_price":"od 0 USD \/ miesi\u0105c","pricing_price_caption":"zacznij od bezp\u0142atnego planu","pricing_benefits":[{"text":"Nielimitowane domeny"},{"text":"Dedykowane i terminowe wsparcie"},{"text":"Bezp\u0142atna us\u0142uga monta\u017cu"},{"text":"Oferta ograniczona czasowo dla wielu aplikacji"}],"pricing_button_text":"Dodaj do witryny","pricing_button_url":"#demo"}],"related_apps_title":"","related_apps_hidden":"","author":"","image":[],"title":"","job":"","social_networks":[]},"_links":{"self":[{"href":"https:\/\/elfsight.com\/pl\/wp-json\/wp\/v2\/pages\/7382","targetHints":{"allow":["GET"]}}],"collection":[{"href":"https:\/\/elfsight.com\/pl\/wp-json\/wp\/v2\/pages"}],"about":[{"href":"https:\/\/elfsight.com\/pl\/wp-json\/wp\/v2\/types\/page"}],"author":[{"embeddable":true,"href":"https:\/\/elfsight.com\/pl\/wp-json\/wp\/v2\/users\/9"}],"replies":[{"embeddable":true,"href":"https:\/\/elfsight.com\/pl\/wp-json\/wp\/v2\/comments?post=7382"}],"version-history":[{"count":1,"href":"https:\/\/elfsight.com\/pl\/wp-json\/wp\/v2\/pages\/7382\/revisions"}],"predecessor-version":[{"id":7386,"href":"https:\/\/elfsight.com\/pl\/wp-json\/wp\/v2\/pages\/7382\/revisions\/7386"}],"up":[{"embeddable":true,"href":"https:\/\/elfsight.com\/pl\/wp-json\/wp\/v2\/pages\/1264"}],"wp:attachment":[{"href":"https:\/\/elfsight.com\/pl\/wp-json\/wp\/v2\/media?parent=7382"}],"curies":[{"name":"wp","href":"https:\/\/api.w.org\/{rel}","templated":true}]}}