{"id":7375,"date":"1970-01-01T00:00:00","date_gmt":"1970-01-01T00:00:00","guid":{"rendered":"https:\/\/elfsight.com\/pl\/?page_id=7375"},"modified":"2024-11-14T12:40:47","modified_gmt":"2024-11-14T12:40:47","slug":"opencart","status":"publish","type":"page","link":"https:\/\/elfsight.com\/pl\/yelp-reviews-widget\/opencart\/","title":{"rendered":"Yelp Reviews &#8211; OpenCart"},"content":{"rendered":"<div class=\"application-platform-content-item-description application-platform-content-item\" id=\"description\" data-nav-section=\"description\"> <h2>Opis<\/h2> <p>Elfsight Yelp Recenzje to intuicyjne narz\u0119dzie, kt\u00f3re u\u0142atwi Ci publikowanie na stronie recenzji o Twoich ofertach z post\u00f3w na Yelp. Dzi\u0119ki naszemu rozszerzeniu mo\u017cesz zastosowa\u0107 filtry, aby uporz\u0105dkowa\u0107 niechciane recenzje, pochwali\u0107 si\u0119 swoimi gwiazdkami i ocenami liczbowymi z Yelp, wy\u015bwietli\u0107 informacje o autorach oraz przycisk, kt\u00f3ry poprowadzi odwiedzaj\u0105cych do pozostawienia recenzji na Yelp. Recenzje Elfsight Yelp pomog\u0105 Ci wykaza\u0107 si\u0119 wysokim poziomem wiarygodno\u015bci spo\u0142ecznej na Twojej osobistej stronie internetowej i przyci\u0105gn\u0105\u0107 now\u0105 sprzeda\u017c. <\/p><div class=\"faq\" data-component=\"FAQ\"> <div class=\"faq-item\">\r\n\t\t\t\t\t<div class=\"faq-item-question\">\r\n\t\t\t\t\t\t<h3 class=\"faq-item-question-text\">Gdzie mog\u0119 to opublikowa\u0107?<\/h3>\r\n\r\n\t\t\t\t\t\t<div class=\"faq-item-question-icon\"><\/div>\r\n\t\t\t\t\t<\/div>\r\n\r\n\t\t\t\t\t<div class=\"faq-item-answer\">\r\n\t\t\t\t\t\t<div class=\"faq-item-answer-text\"> <p>To rozszerzenie mo\u017cna umie\u015bci\u0107 na dowolnej stronie, na kt\u00f3rej chcesz zademonstrowa\u0107 swoj\u0105 wysok\u0105 ocen\u0119 i popularno\u015b\u0107 w\u015br\u00f3d klient\u00f3w. Je\u015bli potrzebujesz go na wszystkich stronach witryny, mo\u017cesz po prostu wstawi\u0107 go do szablonu witryny. <\/p><\/div>\r\n\t\t\t\t\t<\/div>\r\n\t\t\t\t<\/div> <div class=\"faq-item\">\r\n\t\t\t\t\t<div class=\"faq-item-question\">\r\n\t\t\t\t\t\t<h3 class=\"faq-item-question-text\">Jak mog\u0119 skorzysta\u0107 z rozszerzenia Recenzje? <\/h3>\r\n\r\n\t\t\t\t\t\t<div class=\"faq-item-question-icon\"><\/div>\r\n\t\t\t\t\t<\/div>\r\n\r\n\t\t\t\t\t<div class=\"faq-item-answer\">\r\n\t\t\t\t\t\t<div class=\"faq-item-answer-text\"> <p>Opinie dodawane przez prawdziwych ludzi s\u0105 bezb\u0142\u0119dnie wiarygodne dla os\u00f3b odwiedzaj\u0105cych Twoj\u0105 witryn\u0119 i pokazuj\u0105 im, \u017ce Twoja firma jest niezawodnym partnerem. Wysoka ocena i pozytywne wy\u015bwietlenia mog\u0105 pom\u00f3c zwi\u0119kszy\u0107 poziom zakup\u00f3w w Twojej witrynie. Co wi\u0119cej, aktywny przycisk mo\u017ce przyczyni\u0107 si\u0119 do posiadania wi\u0119kszej liczby recenzji klient\u00f3w na temat Twojej firmy na Yelp. <\/p> <\/div>\r\n\t\t\t\t\t<\/div>\r\n\t\t\t\t<\/div> <div class=\"faq-item\">\r\n\t\t\t\t\t<div class=\"faq-item-question\">\r\n\t\t\t\t\t\t<h3 class=\"faq-item-question-text\">Jak osadzi\u0107 recenzje z rozszerzenia Yelp na mojej stronie internetowej OpenCart? <\/h3>\r\n\r\n\t\t\t\t\t\t<div class=\"faq-item-question-icon\"><\/div>\r\n\t\t\t\t\t<\/div>\r\n\r\n\t\t\t\t\t<div class=\"faq-item-answer\">\r\n\t\t\t\t\t\t<div class=\"faq-item-answer-text\"> <p>Rozpocz\u0119cie korzystania z wid\u017cetu zajmie Ci tylko chwil\u0119. Integracja jest naprawd\u0119 szybka, bezp\u0142atna i nie wymaga kodowania. <\/p> <p>Rozszerzenie Elfsight Reviews mo\u017cna umie\u015bci\u0107 w witrynie za po\u015brednictwem naszej us\u0142ugi lub za po\u015brednictwem rynku. Mo\u017cesz por\u00f3wna\u0107 zalety obu wariant\u00f3w i wybra\u0107 sw\u00f3j. <\/p><\/div>\r\n\t\t\t\t\t<\/div>\r\n\t\t\t\t<\/div> <\/div> <\/div> <div class=\"application-platform-content-item-features application-platform-content-item\" id=\"features\" data-nav-section=\"features\"> <h2>Funkcje<\/h2> <p>Aby ukszta\u0142towa\u0107 jasn\u0105 koncepcj\u0119 rozszerzenia Recenzje, mo\u017cesz przestudiowa\u0107 list\u0119 najwa\u017cniejszych cech. Dzi\u0119ki nim ten widget jest niezwykle wydajny dla Twojej firmy: <\/p> <ul> <li>3 predefiniowane filtry: wed\u0142ug typu, wykluczenia wed\u0142ug i liczby wy\u015bwietlanych recenzji; <\/li> <li>4 warianty uk\u0142ad\u00f3w: Lista, Siatka, Mur i Suwak; <\/li> <li> W pe\u0142ni elastyczny nag\u0142\u00f3wek wid\u017cetu; <\/li> <li>Przycisk pro\u015bby o recenzj\u0119 kieruje odwiedzaj\u0105cych do strony Yelp; <\/li> <li>6 elastycznych element\u00f3w wid\u017cetu: nazwisko i zdj\u0119cie autora, rekomendacja, data, ikona Yelp i liczba gwiazdek; <\/li> <li>Dwie mo\u017cliwo\u015bci odrzucenia pro\u015bby o sprawdzenie: zaprezentuj wiadomo\u015b\u0107 tekstow\u0105 lub ukryj przycisk. <\/li> <\/ul><p><a href=\"#demo\">Odkryj wi\u0119cej funkcji w naszej wersji demonstracyjnej na \u017cywo<\/a><\/p> <\/div> <div class=\"application-platform-content-item-installation application-platform-content-item\" id=\"installation\" data-nav-section=\"installation\"> <h2> Zobaczmy, jak osadzi\u0107 rozszerzenie Yelp Reviews na swojej stronie OpenCart<\/h2> <p>Wystarczy post\u0119powa\u0107 zgodnie z poni\u017cszymi instrukcjami, aby wstawi\u0107 rozszerzenie na OpenCart.<\/p> <ol><li><b>Wykonaj nasz darmowy edytor i zacznij kszta\u0142towa\u0107 sw\u00f3j niestandardowy instrument. <\/b><br> Wybierz odpowiedni wygl\u0105d i funkcje recenzji Yelp i zastosuj poprawki. <\/li> <li><b>Skopiuj unikalny kod widoczny w polu aplikacji Elfsight. <\/b><br> Po zako\u0144czeniu konfiguracji narz\u0119dzia skopiuj indywidualny kod z wy\u015bwietlonego pola i zapisz go do p\u00f3\u017aniejszego wykorzystania. <\/li> <li><b>Zaanga\u017cuj si\u0119 w korzystanie z wid\u017cetu na swojej stronie OpenCart. <\/b><br> Dodaj ostatnio zapisany kod do swojej witryny i zapisz ulepszenia. <\/li> <li><b>Gotowe! Integracja zosta\u0142a pomy\u015blnie przeprowadzona. <\/b><br> Przejd\u017a do swojej witryny i sprawd\u017a dzia\u0142anie narz\u0119dzia. <\/li><\/ol> <p>Nadal masz w\u0105tpliwo\u015bci? Lub masz pytania? Tylko jedna pro\u015bba do naszego zespo\u0142u wsparcia pomo\u017ce w rozwi\u0105zaniu ka\u017cdego pytania. <\/p> <\/div>","protected":false},"excerpt":{"rendered":"","protected":false},"author":9,"featured_media":0,"parent":1264,"menu_order":0,"comment_status":"closed","ping_status":"closed","template":"templates\/template-application-platform.php","meta":{"publish_to_discourse":"","publish_post_category":"","wpdc_auto_publish_overridden":"","wpdc_topic_tags":"","wpdc_pin_topic":"","wpdc_pin_until":"","discourse_post_id":"","discourse_permalink":"","wpdc_publishing_response":"","wpdc_publishing_error":"","footnotes":""},"class_list":["post-7375","page","type-page","status-publish","hentry"],"yoast_head":"<!-- This site is optimized with the Yoast SEO plugin v25.3.1 - https:\/\/yoast.com\/wordpress\/plugins\/seo\/ -->\n<title>Dodaj rozszerzenie Recenzje Yelp do swojej witryny OpenCart (2025)<\/title>\n<meta name=\"description\" content=\"Oto mo\u017cliwo\u015b\u0107 stworzenia wid\u017cetu Recenzje Yelp i osadzenia go na swojej stronie OpenCart. Ciesz si\u0119 bezp\u0142atn\u0105 obs\u0142ug\u0105 klienta i innymi bonusami od Elfsight.\" \/>\n<meta name=\"robots\" content=\"index, follow, max-snippet:-1, max-image-preview:large, max-video-preview:-1\" \/>\n<link rel=\"canonical\" href=\"https:\/\/elfsight.com\/pl\/yelp-reviews-widget\/opencart\/\" \/>\n<meta property=\"og:locale\" content=\"pl_PL\" \/>\n<meta property=\"og:type\" content=\"article\" \/>\n<meta property=\"og:title\" content=\"Dodaj rozszerzenie Recenzje Yelp do swojej witryny OpenCart (2025)\" \/>\n<meta property=\"og:description\" content=\"Oto mo\u017cliwo\u015b\u0107 stworzenia wid\u017cetu Recenzje Yelp i osadzenia go na swojej stronie OpenCart. Ciesz si\u0119 bezp\u0142atn\u0105 obs\u0142ug\u0105 klienta i innymi bonusami od Elfsight.\" \/>\n<meta property=\"og:url\" content=\"https:\/\/elfsight.com\/pl\/yelp-reviews-widget\/opencart\/\" \/>\n<meta property=\"og:site_name\" content=\"Elfsight PL\" \/>\n<meta property=\"article:modified_time\" content=\"2024-11-14T12:40:47+00:00\" \/>\n<meta name=\"twitter:card\" content=\"summary_large_image\" \/>\n<meta name=\"twitter:label1\" content=\"Szacowany czas czytania\" \/>\n\t<meta name=\"twitter:data1\" content=\"3 minuty\" \/>\n<!-- \/ Yoast SEO plugin. -->","yoast_head_json":{"title":"Dodaj rozszerzenie Recenzje Yelp do swojej witryny OpenCart (2025)","description":"Oto mo\u017cliwo\u015b\u0107 stworzenia wid\u017cetu Recenzje Yelp i osadzenia go na swojej stronie OpenCart. Ciesz si\u0119 bezp\u0142atn\u0105 obs\u0142ug\u0105 klienta i innymi bonusami od Elfsight.","robots":{"index":"index","follow":"follow","max-snippet":"max-snippet:-1","max-image-preview":"max-image-preview:large","max-video-preview":"max-video-preview:-1"},"canonical":"https:\/\/elfsight.com\/pl\/yelp-reviews-widget\/opencart\/","og_locale":"pl_PL","og_type":"article","og_title":"Dodaj rozszerzenie Recenzje Yelp do swojej witryny OpenCart (2025)","og_description":"Oto mo\u017cliwo\u015b\u0107 stworzenia wid\u017cetu Recenzje Yelp i osadzenia go na swojej stronie OpenCart. Ciesz si\u0119 bezp\u0142atn\u0105 obs\u0142ug\u0105 klienta i innymi bonusami od Elfsight.","og_url":"https:\/\/elfsight.com\/pl\/yelp-reviews-widget\/opencart\/","og_site_name":"Elfsight PL","article_modified_time":"2024-11-14T12:40:47+00:00","twitter_card":"summary_large_image","twitter_misc":{"Szacowany czas czytania":"3 minuty"},"schema":{"@context":"https:\/\/schema.org","@graph":[{"@type":"WebPage","@id":"https:\/\/elfsight.com\/pl\/yelp-reviews-widget\/opencart\/","url":"https:\/\/elfsight.com\/pl\/yelp-reviews-widget\/opencart\/","name":"Dodaj rozszerzenie Recenzje Yelp do swojej witryny OpenCart (2025)","isPartOf":{"@id":"https:\/\/elfsight.com\/pl\/#website"},"datePublished":"1970-01-01T00:00:00+00:00","dateModified":"2024-11-14T12:40:47+00:00","description":"Oto mo\u017cliwo\u015b\u0107 stworzenia wid\u017cetu Recenzje Yelp i osadzenia go na swojej stronie OpenCart. Ciesz si\u0119 bezp\u0142atn\u0105 obs\u0142ug\u0105 klienta i innymi bonusami od Elfsight.","breadcrumb":{"@id":"https:\/\/elfsight.com\/pl\/yelp-reviews-widget\/opencart\/#breadcrumb"},"inLanguage":"pl-PL","potentialAction":[{"@type":"ReadAction","target":["https:\/\/elfsight.com\/pl\/yelp-reviews-widget\/opencart\/"]}]},{"@type":"BreadcrumbList","@id":"https:\/\/elfsight.com\/pl\/yelp-reviews-widget\/opencart\/#breadcrumb","itemListElement":[{"@type":"ListItem","position":1,"name":"Home","item":"https:\/\/elfsight.com\/pl\/"},{"@type":"ListItem","position":2,"name":"Yelp Reviews","item":"https:\/\/elfsight.com\/pl\/yelp-reviews-widget\/"},{"@type":"ListItem","position":3,"name":"Yelp Reviews &#8211; OpenCart"}]},{"@type":"WebSite","@id":"https:\/\/elfsight.com\/pl\/#website","url":"https:\/\/elfsight.com\/pl\/","name":"Elfsight PL","description":"Just another Elfsight Sites site","potentialAction":[{"@type":"SearchAction","target":{"@type":"EntryPoint","urlTemplate":"https:\/\/elfsight.com\/pl\/?s={search_term_string}"},"query-input":{"@type":"PropertyValueSpecification","valueRequired":true,"valueName":"search_term_string"}}],"inLanguage":"pl-PL"}]}},"meta_box":{"industry":"","seo_heading":"","heading":"","description":"","cta_heading":"","cta_description":"","application":"1263","h1":"Rozszerzenie recenzji OpenCart Yelp","h1_caption":"Prezentuj recenzje klient\u00f3w za pomoc\u0105 krzyku, aby bez wysi\u0142ku budowa\u0107 wiarygodno\u015b\u0107 i zapewnia\u0107 dow\u00f3d spo\u0142eczny swojej firmy na swojej stronie internetowej Opencart.","application_category":[],"applications_title":"","applications_request_title":"","applications_request_button_text":"","hero_text":"","hero_video":"","hero_video_schema_markup":"","selling_points_title":"","selling_points_caption":"","selling_points":[],"selling_points_cta_text":"","features_title":"","features":"","ed_cta_examples_text":"","ed_cta_examples_hidden":"","ed_cta_demo_text":"","ed_cta_demo_hidden":"","why_caption":"","why_editor_title":"","why_editor_text":"","why_team_title":"","why_team_text":"","why_service_title":"","why_service_text":"","template_catalog_visible":"","template_catalog_title":"","template_catalog_text":"","template_catalog_categories_visible":"","demo_title":"Utw\u00f3rz rozszerzenie Recenzji Yelp","demo_caption":"Skonfiguruj swoje recenzje na Yelp i dodaj je do swojej witryny OpenCart za darmo!","default_faq_hidden":"","app_template_category":[],"platform":"107","template_public_id":"","codecanyon_url":"","codecanyon_item_id":"","codecanyon_price":"","pricing_caption":"","pricing_elfsight_apps_hide_column":"","pricing_elfsight_apps_url":"","pricing_codecanyon_price_caption":"","integration_category":[],"integration_request_title":"","integration_request_cta":"","integration_platform":"","integrations":[],"platform_category":[],"video_schema_markup":"","price":"od 0 USD \/ miesi\u0105c","trial":"","benefits":[{"text":"Bezp\u0142atna pomoc w monta\u017cu"},{"text":"Profesjonalna obs\u0142uga klienta"},{"text":"14-dniowa gwarancja zwrotu pieni\u0119dzy"}],"button_url":"#demo","button_target_blank":"","button_nofollow":"","attributes":[{"name":"Instaluje"},{"name":"Czu\u0142y"},{"name":"Kompatybilne przegl\u0105darki"}],"tags":[],"tags_disable_links":"","hide_more_platforms":"","video_object":"","demo_hide_cta":"","demo_hide_cloud_options":"","pricing_title":"","pricing":[{"pricing_icon":"platform","pricing_title":"Elfsight Apps","pricing_title_caption":"Oprogramowanie niezale\u017cne od platformy, kt\u00f3re pasuje do ka\u017cdej witryny internetowej","pricing_price":"od 0 USD \/ miesi\u0105c","pricing_price_caption":"zacznij od bezp\u0142atnego planu","pricing_benefits":[{"text":"Nielimitowane strony internetowe"},{"text":"Profesjonalne wsparcie"},{"text":"Bezp\u0142atna pomoc w instalacji"},{"text":"Oferta specjalna na wiele aplikacji"}],"pricing_button_text":"Dodaj do witryny","pricing_button_url":"#demo"}],"related_apps_title":"","related_apps_hidden":"","author":"","image":[],"title":"","job":"","social_networks":[]},"_links":{"self":[{"href":"https:\/\/elfsight.com\/pl\/wp-json\/wp\/v2\/pages\/7375","targetHints":{"allow":["GET"]}}],"collection":[{"href":"https:\/\/elfsight.com\/pl\/wp-json\/wp\/v2\/pages"}],"about":[{"href":"https:\/\/elfsight.com\/pl\/wp-json\/wp\/v2\/types\/page"}],"author":[{"embeddable":true,"href":"https:\/\/elfsight.com\/pl\/wp-json\/wp\/v2\/users\/9"}],"replies":[{"embeddable":true,"href":"https:\/\/elfsight.com\/pl\/wp-json\/wp\/v2\/comments?post=7375"}],"version-history":[{"count":1,"href":"https:\/\/elfsight.com\/pl\/wp-json\/wp\/v2\/pages\/7375\/revisions"}],"predecessor-version":[{"id":7379,"href":"https:\/\/elfsight.com\/pl\/wp-json\/wp\/v2\/pages\/7375\/revisions\/7379"}],"up":[{"embeddable":true,"href":"https:\/\/elfsight.com\/pl\/wp-json\/wp\/v2\/pages\/1264"}],"wp:attachment":[{"href":"https:\/\/elfsight.com\/pl\/wp-json\/wp\/v2\/media?parent=7375"}],"curies":[{"name":"wp","href":"https:\/\/api.w.org\/{rel}","templated":true}]}}