{"id":7373,"date":"1970-01-01T00:00:00","date_gmt":"1970-01-01T00:00:00","guid":{"rendered":"https:\/\/elfsight.com\/pl\/?page_id=7373"},"modified":"2024-11-14T12:40:47","modified_gmt":"2024-11-14T12:40:47","slug":"wix","status":"publish","type":"page","link":"https:\/\/elfsight.com\/pl\/yelp-reviews-widget\/wix\/","title":{"rendered":"Yelp Reviews &#8211; Wix"},"content":{"rendered":"<div class=\"application-platform-content-item-description application-platform-content-item\" id=\"description\" data-nav-section=\"description\"> <h2>Opis<\/h2> <p>Je\u015bli chcesz wykaza\u0107 si\u0119 wysok\u0105 ocen\u0105 i przekona\u0107 odwiedzaj\u0105cych witryn\u0119, \u017ce Twoje oferty s\u0105 warte swojej ceny, Rozwi\u0105zaniem b\u0119dzie wid\u017cet Elfsight z recenzjami Yelp. Za pomoc\u0105 tego narz\u0119dzia b\u0119dziesz m\u00f3g\u0142 osadzi\u0107 recenzje klient\u00f3w z Yelp na swojej stronie internetowej z informacjami o ich autorach, filtrowa\u0107 je tak, aby wy\u015bwietla\u0142y si\u0119 tylko pozytywne, dodawa\u0107 oceny i przycisk przekierowuj\u0105cy, kt\u00f3ry przeniesie ludzi na Twoj\u0105 stron\u0119 Yelp, gdzie b\u0119d\u0105 mogli udost\u0119pnia\u0107 jeszcze jedna recenzja. <\/p><div class=\"faq\" data-component=\"FAQ\"> <div class=\"faq-item\">\r\n\t\t\t\t\t<div class=\"faq-item-question\">\r\n\t\t\t\t\t\t<h3 class=\"faq-item-question-text\">Gdzie mog\u0119 opublikowa\u0107 t\u0119 wtyczk\u0119<\/h3>\r\n\r\n\t\t\t\t\t\t<div class=\"faq-item-question-icon\"><\/div>\r\n\t\t\t\t\t<\/div>\r\n\r\n\t\t\t\t\t<div class=\"faq-item-answer\">\r\n\t\t\t\t\t\t<div class=\"faq-item-answer-text\"> <p>Mo\u017cesz zintegrowa\u0107 wid\u017cet recenzji z dowoln\u0105 stron\u0105 swojej witryny lub wstawi\u0107 go do szablonu witryny, a b\u0119dzie on wy\u015bwietlany na wszystkie strony. Recenzje mog\u0105 dobrze sprawdzi\u0107 si\u0119 na stronach produkt\u00f3w lub na stronie O nas, gdzie chcesz pokaza\u0107 swoj\u0105 wysok\u0105 ocen\u0119. <\/p><\/div>\r\n\t\t\t\t\t<\/div>\r\n\t\t\t\t<\/div> <div class=\"faq-item\">\r\n\t\t\t\t\t<div class=\"faq-item-question\">\r\n\t\t\t\t\t\t<h3 class=\"faq-item-question-text\">Jakie korzy\u015bci mi to daje? <\/h3>\r\n\r\n\t\t\t\t\t\t<div class=\"faq-item-question-icon\"><\/div>\r\n\t\t\t\t\t<\/div>\r\n\r\n\t\t\t\t\t<div class=\"faq-item-answer\">\r\n\t\t\t\t\t\t<div class=\"faq-item-answer-text\"> <p>Opinie prawdziwych ludzi s\u0105 dla klient\u00f3w Twojej witryny nieskazitelnie wiarygodne i pokazuj\u0105 im, \u017ce Twoja firma jest niezawodna. Wysoka ocena i doskona\u0142e recenzje mog\u0105 pom\u00f3c zwi\u0119kszy\u0107 sprzeda\u017c w Twojej witrynie. Ponadto przycisk przekierowania przyczyni si\u0119 do posiadania wi\u0119kszej liczby recenzji klient\u00f3w na temat Twoich ofert lub us\u0142ug na Yelp. <\/p> <\/div>\r\n\t\t\t\t\t<\/div>\r\n\t\t\t\t<\/div> <div class=\"faq-item\">\r\n\t\t\t\t\t<div class=\"faq-item-question\">\r\n\t\t\t\t\t\t<h3 class=\"faq-item-question-text\">Jak mog\u0119 osadzi\u0107 recenzje z wid\u017cetu Yelp na mojej stronie Wix? <\/h3>\r\n\r\n\t\t\t\t\t\t<div class=\"faq-item-question-icon\"><\/div>\r\n\t\t\t\t\t<\/div>\r\n\r\n\t\t\t\t\t<div class=\"faq-item-answer\">\r\n\t\t\t\t\t\t<div class=\"faq-item-answer-text\"> <p>Potrzebujesz tylko minuty, aby aktywowa\u0107 wid\u017cet. Proces ten jest niezwykle szybki, darmowy i nie wymaga kodowania. <\/p> <p>Widget Recenzje Elfsight mo\u017cna zintegrowa\u0107 za po\u015brednictwem naszej us\u0142ugi lub na rynku. Tutaj mo\u017cesz przeczyta\u0107 o obu wariantach i zdecydowa\u0107, kt\u00f3ry jest Tw\u00f3j. <\/p> <\/div>\r\n\t\t\t\t\t<\/div>\r\n\t\t\t\t<\/div> <\/div> <\/div> <div class=\"application-platform-content-item-features application-platform-content-item\" id=\"features\" data-nav-section=\"features\"> <h2>Funkcje<\/h2> <p>Aby lepiej postrzega\u0107 wid\u017cet Recenzje, poni\u017cej znajduje si\u0119 lista jego najwa\u017cniejszych wa\u017cne funkcje. Dzi\u0119ki nim nasz widget jest dla Ciebie naprawd\u0119 skuteczny: <\/p> <ul> <li>3 gotowe do u\u017cycia filtry: wed\u0142ug typu, wykluczenia wed\u0142ug i ilo\u015bci wy\u015bwietlanych recenzji; <\/li> <li>4 typy uk\u0142ad\u00f3w: lista, siatka, mur i suwak; <\/li> <li> Prze\u0142\u0105czany nag\u0142\u00f3wek wid\u017cetu; <\/li> <li>Przycisk \u017c\u0105dania recenzji kieruje klient\u00f3w do Twojej strony Yelp; <\/li> <li>Sze\u015b\u0107 regulowanych element\u00f3w recenzji: imi\u0119 i zdj\u0119cie autora, rekomendacja, data, ikona Yelp i liczba gwiazdek; <\/li> <li>Dwie alternatywne scenariusze po odrzuceniu pro\u015bby o sprawdzenie: ujawnij niestandardow\u0105 wiadomo\u015b\u0107 lub ukryj przycisk. <\/li> <\/ul><p><a href=\"#demo\">Nasza demonstracja na \u017cywo zademonstruje Ci wszystkie funkcje<\/a><\/p> <\/div> <div class=\"application-platform-content-item-installation application-platform-content-item\" id=\"installation\" data-nav-section=\"installation\"> <h2>Zobacz jak zintegrowa\u0107 widget ze swoim sklepem. Jest nieskomplikowany i nie wymaga kodowania.<\/h2><div class=\"video-container\"><iframe width=\"720\" height=\"405\" src=\"https:\/\/www.youtube.com\/embed\/P9Vprp2jRDQ\" frameborder=\"0\" allowfullscreen=\"\"><\/iframe><\/div><p>Tylko te kilka czynno\u015bci, kt\u00f3re musisz wykona\u0107. <\/p> <ul><li><b>Zainstaluj aplikacj\u0119<\/b><br> Wejd\u017a do Shopify i przejd\u017a do strony aplikacji. Kliknij przycisk \u00abPobierz\u00bb, aby zainstalowa\u0107 aplikacj\u0119 w swoim sklepie. <\/li> <li><b>Dostosuj aplikacj\u0119<\/b><br> Wprowad\u017a wymagane dane: tre\u015b\u0107 tekstow\u0105, linki i konfiguracje interfejsu. Po zako\u0144czeniu personalizacji zobaczysz sw\u00f3j indywidualny kod instalacyjny. Skopiuj kod do dalszego wykorzystania. <\/li> <li><b>Wy\u015bwietl aplikacj\u0119 na stronie<\/b><br> Przejd\u017a do kategorii \u201eStrony\u201d i wybierz stron\u0119, na kt\u00f3rej chcesz wstawi\u0107 aplikacj\u0119. Nast\u0119pnie osad\u017a kod w formacie HTML i zastosuj zmiany. <\/li> <li><b>Integracja przebieg\u0142a pomy\u015blnie! <\/b><br> Odwied\u017a witryn\u0119, aby wy\u015bwietli\u0107 swoj\u0105 aplikacj\u0119! <\/li><\/ul><p>Nadal nie jeste\u015b pewien? Lub do\u015bwiadczasz problem\u00f3w? Po prostu wy\u015blij zapytanie do naszego dzia\u0142u obs\u0142ugi klienta, a odpowiemy na wszelkie pytania. <\/p> <\/div>","protected":false},"excerpt":{"rendered":"","protected":false},"author":9,"featured_media":0,"parent":1264,"menu_order":0,"comment_status":"closed","ping_status":"closed","template":"templates\/template-application-platform.php","meta":{"publish_to_discourse":"","publish_post_category":"","wpdc_auto_publish_overridden":"","wpdc_topic_tags":"","wpdc_pin_topic":"","wpdc_pin_until":"","discourse_post_id":"","discourse_permalink":"","wpdc_publishing_response":"","wpdc_publishing_error":"","footnotes":""},"class_list":["post-7373","page","type-page","status-publish","hentry"],"yoast_head":"<!-- This site is optimized with the Yoast SEO plugin v25.3.1 - https:\/\/yoast.com\/wordpress\/plugins\/seo\/ -->\n<title>Dodaj aplikacj\u0119 Recenzje Yelp do swojej witryny Wix (\u0142atwo i szybko)<\/title>\n<meta name=\"description\" content=\"Oto mo\u017cliwo\u015b\u0107 stworzenia dostosowanej aplikacji Recenzji Yelp i wy\u015bwietlenia jej na Twojej stronie Wix. Uzyskaj bezp\u0142atn\u0105 obs\u0142ug\u0119 klienta i inne korzy\u015bci od Elfsight.\" \/>\n<meta name=\"robots\" content=\"index, follow, max-snippet:-1, max-image-preview:large, max-video-preview:-1\" \/>\n<link rel=\"canonical\" href=\"https:\/\/elfsight.com\/pl\/yelp-reviews-widget\/wix\/\" \/>\n<meta property=\"og:locale\" content=\"pl_PL\" \/>\n<meta property=\"og:type\" content=\"article\" \/>\n<meta property=\"og:title\" content=\"Dodaj aplikacj\u0119 Recenzje Yelp do swojej witryny Wix (\u0142atwo i szybko)\" \/>\n<meta property=\"og:description\" content=\"Oto mo\u017cliwo\u015b\u0107 stworzenia dostosowanej aplikacji Recenzji Yelp i wy\u015bwietlenia jej na Twojej stronie Wix. Uzyskaj bezp\u0142atn\u0105 obs\u0142ug\u0119 klienta i inne korzy\u015bci od Elfsight.\" \/>\n<meta property=\"og:url\" content=\"https:\/\/elfsight.com\/pl\/yelp-reviews-widget\/wix\/\" \/>\n<meta property=\"og:site_name\" content=\"Elfsight PL\" \/>\n<meta property=\"article:modified_time\" content=\"2024-11-14T12:40:47+00:00\" \/>\n<meta name=\"twitter:card\" content=\"summary_large_image\" \/>\n<meta name=\"twitter:label1\" content=\"Szacowany czas czytania\" \/>\n\t<meta name=\"twitter:data1\" content=\"3 minuty\" \/>\n<!-- \/ Yoast SEO plugin. -->","yoast_head_json":{"title":"Dodaj aplikacj\u0119 Recenzje Yelp do swojej witryny Wix (\u0142atwo i szybko)","description":"Oto mo\u017cliwo\u015b\u0107 stworzenia dostosowanej aplikacji Recenzji Yelp i wy\u015bwietlenia jej na Twojej stronie Wix. Uzyskaj bezp\u0142atn\u0105 obs\u0142ug\u0119 klienta i inne korzy\u015bci od Elfsight.","robots":{"index":"index","follow":"follow","max-snippet":"max-snippet:-1","max-image-preview":"max-image-preview:large","max-video-preview":"max-video-preview:-1"},"canonical":"https:\/\/elfsight.com\/pl\/yelp-reviews-widget\/wix\/","og_locale":"pl_PL","og_type":"article","og_title":"Dodaj aplikacj\u0119 Recenzje Yelp do swojej witryny Wix (\u0142atwo i szybko)","og_description":"Oto mo\u017cliwo\u015b\u0107 stworzenia dostosowanej aplikacji Recenzji Yelp i wy\u015bwietlenia jej na Twojej stronie Wix. Uzyskaj bezp\u0142atn\u0105 obs\u0142ug\u0119 klienta i inne korzy\u015bci od Elfsight.","og_url":"https:\/\/elfsight.com\/pl\/yelp-reviews-widget\/wix\/","og_site_name":"Elfsight PL","article_modified_time":"2024-11-14T12:40:47+00:00","twitter_card":"summary_large_image","twitter_misc":{"Szacowany czas czytania":"3 minuty"},"schema":{"@context":"https:\/\/schema.org","@graph":[{"@type":"WebPage","@id":"https:\/\/elfsight.com\/pl\/yelp-reviews-widget\/wix\/","url":"https:\/\/elfsight.com\/pl\/yelp-reviews-widget\/wix\/","name":"Dodaj aplikacj\u0119 Recenzje Yelp do swojej witryny Wix (\u0142atwo i szybko)","isPartOf":{"@id":"https:\/\/elfsight.com\/pl\/#website"},"datePublished":"1970-01-01T00:00:00+00:00","dateModified":"2024-11-14T12:40:47+00:00","description":"Oto mo\u017cliwo\u015b\u0107 stworzenia dostosowanej aplikacji Recenzji Yelp i wy\u015bwietlenia jej na Twojej stronie Wix. Uzyskaj bezp\u0142atn\u0105 obs\u0142ug\u0119 klienta i inne korzy\u015bci od Elfsight.","breadcrumb":{"@id":"https:\/\/elfsight.com\/pl\/yelp-reviews-widget\/wix\/#breadcrumb"},"inLanguage":"pl-PL","potentialAction":[{"@type":"ReadAction","target":["https:\/\/elfsight.com\/pl\/yelp-reviews-widget\/wix\/"]}]},{"@type":"BreadcrumbList","@id":"https:\/\/elfsight.com\/pl\/yelp-reviews-widget\/wix\/#breadcrumb","itemListElement":[{"@type":"ListItem","position":1,"name":"Home","item":"https:\/\/elfsight.com\/pl\/"},{"@type":"ListItem","position":2,"name":"Yelp Reviews","item":"https:\/\/elfsight.com\/pl\/yelp-reviews-widget\/"},{"@type":"ListItem","position":3,"name":"Yelp Reviews &#8211; Wix"}]},{"@type":"WebSite","@id":"https:\/\/elfsight.com\/pl\/#website","url":"https:\/\/elfsight.com\/pl\/","name":"Elfsight PL","description":"Just another Elfsight Sites site","potentialAction":[{"@type":"SearchAction","target":{"@type":"EntryPoint","urlTemplate":"https:\/\/elfsight.com\/pl\/?s={search_term_string}"},"query-input":{"@type":"PropertyValueSpecification","valueRequired":true,"valueName":"search_term_string"}}],"inLanguage":"pl-PL"}]}},"meta_box":{"industry":"","seo_heading":"","heading":"","description":"","cta_heading":"","cta_description":"","application":"1263","h1":"Recenzje Wix Yelp","h1_caption":"Prezentuj recenzje klient\u00f3w za pomoc\u0105 krzyku, aby bez wysi\u0142ku budowa\u0107 wiarygodno\u015b\u0107 i zapewni\u0107 dow\u00f3d spo\u0142eczny swojej firmy na swojej stronie internetowej Wix.","application_category":[],"applications_title":"","applications_request_title":"","applications_request_button_text":"","hero_text":"","hero_video":"","hero_video_schema_markup":"","selling_points_title":"","selling_points_caption":"","selling_points":[],"selling_points_cta_text":"","features_title":"","features":"","ed_cta_examples_text":"","ed_cta_examples_hidden":"","ed_cta_demo_text":"","ed_cta_demo_hidden":"","why_caption":"","why_editor_title":"","why_editor_text":"","why_team_title":"","why_team_text":"","why_service_title":"","why_service_text":"","template_catalog_visible":"","template_catalog_title":"","template_catalog_text":"","template_catalog_categories_visible":"","demo_title":"Stw\u00f3rz swoj\u0105 aplikacj\u0119 z recenzjami Yelp","demo_caption":"Skonfiguruj swoje recenzje na Yelp i dodaj je do swojej witryny Wix za darmo!","default_faq_hidden":"","app_template_category":[],"platform":"30","template_public_id":"","codecanyon_url":"","codecanyon_item_id":"","codecanyon_price":"","pricing_caption":"","pricing_elfsight_apps_hide_column":"","pricing_elfsight_apps_url":"","pricing_codecanyon_price_caption":"","integration_category":[],"integration_request_title":"","integration_request_cta":"","integration_platform":"","integrations":[],"platform_category":[],"video_schema_markup":"","price":"od 0 USD \/ miesi\u0105c","trial":"","benefits":[{"text":"Bezp\u0142atna us\u0142uga monta\u017cu"},{"text":"Wyj\u0105tkowe wsparcie"},{"text":"14-dniowa gwarancja zwrotu pieni\u0119dzy"}],"button_url":"#demo","button_target_blank":"","button_nofollow":"","attributes":[{"name":"Instaluje"},{"name":"Czu\u0142y"},{"name":"Kompatybilne przegl\u0105darki"}],"tags":[],"tags_disable_links":"","hide_more_platforms":"","video_object":"","demo_hide_cta":"","demo_hide_cloud_options":"","pricing_title":"","pricing":[{"pricing_icon":"platform","pricing_title":"Elfsight Apps","pricing_title_caption":"Oprogramowanie wieloplatformowe","pricing_price":"od 0 USD \/ miesi\u0105c","pricing_price_caption":"zacznij od bezp\u0142atnego planu","pricing_benefits":[{"text":"Nieograniczona liczba stron internetowych"},{"text":"Dedykowane wsparcie"},{"text":"Bezp\u0142atna pomoc przy instalacji"},{"text":"Specjalna cena za wiele aplikacji"}],"pricing_button_text":"Dodaj do witryny","pricing_button_url":"#demo"}],"related_apps_title":"","related_apps_hidden":"","author":"","image":[],"title":"","job":"","social_networks":[]},"_links":{"self":[{"href":"https:\/\/elfsight.com\/pl\/wp-json\/wp\/v2\/pages\/7373","targetHints":{"allow":["GET"]}}],"collection":[{"href":"https:\/\/elfsight.com\/pl\/wp-json\/wp\/v2\/pages"}],"about":[{"href":"https:\/\/elfsight.com\/pl\/wp-json\/wp\/v2\/types\/page"}],"author":[{"embeddable":true,"href":"https:\/\/elfsight.com\/pl\/wp-json\/wp\/v2\/users\/9"}],"replies":[{"embeddable":true,"href":"https:\/\/elfsight.com\/pl\/wp-json\/wp\/v2\/comments?post=7373"}],"version-history":[{"count":2,"href":"https:\/\/elfsight.com\/pl\/wp-json\/wp\/v2\/pages\/7373\/revisions"}],"predecessor-version":[{"id":8143,"href":"https:\/\/elfsight.com\/pl\/wp-json\/wp\/v2\/pages\/7373\/revisions\/8143"}],"up":[{"embeddable":true,"href":"https:\/\/elfsight.com\/pl\/wp-json\/wp\/v2\/pages\/1264"}],"wp:attachment":[{"href":"https:\/\/elfsight.com\/pl\/wp-json\/wp\/v2\/media?parent=7373"}],"curies":[{"name":"wp","href":"https:\/\/api.w.org\/{rel}","templated":true}]}}