{"id":7367,"date":"2024-05-03T06:55:10","date_gmt":"2024-05-03T06:55:10","guid":{"rendered":"https:\/\/elfsight.com\/pl\/?page_id=7367"},"modified":"2025-06-24T14:32:13","modified_gmt":"2025-06-24T14:32:13","slug":"iframe","status":"publish","type":"page","link":"https:\/\/elfsight.com\/pl\/yelp-reviews-widget\/iframe\/","title":{"rendered":"Yelp Reviews &#8211; iFrame"},"content":{"rendered":"<div class=\"application-platform-content-item-description application-platform-content-item\" id=\"description\" data-nav-section=\"description\">\n<h2>Umie\u015b\u0107 recenzje Yelp na iFrame za pomoc\u0105 wid\u017cetu Elfsight<\/h2>\n<p>Recenzje Elfsight Yelp to przydatne narz\u0119dzie, kt\u00f3re pozwala wy\u015bwietla\u0107 na recenzje witryny na temat Twojej firmy opublikowane na Yelp. Korzystaj\u0105c z naszej wtyczki, mo\u017cesz u\u017cy\u0107 filtr\u00f3w, aby ukry\u0107 niechciane recenzje, ujawni\u0107 swoje gwiazdki i oceny liczbowe z Yelp, wy\u015bwietli\u0107 szczeg\u00f3\u0142owe informacje o autorach i wprowadzi\u0107 przycisk, kt\u00f3ry pomo\u017ce odwiedzaj\u0105cym zostawi\u0107 jeszcze jedn\u0105 recenzj\u0119 na Yelp. Recenzje Elfsight Yelp pomog\u0105 Ci pochwali\u0107 si\u0119 wysokim dowodem spo\u0142ecznym na Twojej osobistej stronie i zwi\u0119kszy\u0107 sprzeda\u017c.<\/p>\n<p><b>Poka\u017c u\u017cytkownikom witryny, \u017ce maj\u0105 do czynienia z firm\u0105 godn\u0105 zaufania!<\/b><\/p>\n<\/div>\n\n<div class=\"application-platform-content-item-features application-platform-content-item\" id=\"features\" data-nav-section=\"features\">\n<h2>G\u0142\u00f3wne funkcje wid\u017cetu Recenzje Yelp<\/h2>\n<p>Do\u0142\u0105czyli\u015bmy wiele zaawansowanych funkcji, kt\u00f3re pomog\u0105 Ci stworzy\u0107 doskona\u0142y wid\u017cet. Sprawd\u017a list\u0119 najwa\u017cniejszych z nich:<\/p>\n<ul>\n    <li>Trzy opcje filtr\u00f3w: wed\u0142ug typu, wykluczania wed\u0142ug i ilo\u015bci wy\u015bwietlanych recenzji;<\/li>\n    <li>Cztery rodzaje uk\u0142ad\u00f3w: lista, siatka, mur i suwak;<\/li>\n    <li>Mo\u017cliwo\u015b\u0107 kontrolowania wy\u015bwietlania nag\u0142\u00f3wka wtyczki;<\/li>\n    <li>Przycisk pro\u015bby o recenzj\u0119 przenosi ludzi na stron\u0119 Yelp;<\/li>\n    <li>Sze\u015b\u0107 elastycznych element\u00f3w recenzji: imi\u0119 i nazwisko autora i zdj\u0119cie, tekst rekomendacji, data, ikona Yelp i liczba gwiazdek;<\/li>\n    <li>Dwie mo\u017cliwo\u015bci odrzucenia pro\u015bby o sprawdzenie: poka\u017c wiadomo\u015b\u0107 lub ukryj przycisk.<\/li>\n<\/ul>\n<p><a href=\"#demo\">Sprawd\u017a demonstracj\u0119 na \u017cywo, aby uzyska\u0107 wi\u0119cej funkcji<\/a><\/p>\n<\/div>\n\n<div class=\"application-platform-content-item-installation application-platform-content-item\" id=\"installation\" data-nav-section=\"installation\">\n<h2>Jak doda\u0107 recenzje Yelp do witryny iFrame<\/h2>\n<p>Osadzanie wid\u017cetu na swojej stronie jest bardzo \u0142atwe. Oto kroki, kt\u00f3re nale\u017cy wykona\u0107: <\/p>\n<ol>\n    <li><b>Stw\u00f3rz swoj\u0105 spersonalizowan\u0105 wtyczk\u0119 Recenzji Yelp<\/b><br>Za pomoc\u0105 naszego bezp\u0142atnego konfiguratora uzyskaj wtyczk\u0119 o preferowanym wygl\u0105dzie i funkcjach.<\/li>\n    <li><b>Zdob\u0105d\u017a osobisty kod, aby doda\u0107 wtyczk\u0119<\/b><br>Po utworzeniu wtyczki otrzymasz unikalny kod z wyskakuj\u0105cego okna aplikacji Elfsight. Skopiuj ten kod.<\/li>\n    <li><b>Zintegruj wtyczk\u0119 ze swoj\u0105 witryn\u0105 iFrame<\/b><br>Wybierz obszar, w kt\u00f3rym chcesz umie\u015bci\u0107 wtyczk\u0119 i wstaw tam skopiowany kod. Zapisz zmiany.<\/li>\n    <li><b>Instalacja zosta\u0142a uko\u0144czona<\/b><br>Odwied\u017a swoj\u0105 witryn\u0119, aby zobaczy\u0107 swoj\u0105 wtyczk\u0119.<\/li>\n<\/ol>\n<p>Skontaktuj si\u0119 z obs\u0142ug\u0105 klienta Elfsight, je\u015bli potrzebujesz pomocy dotycz\u0105cej wid\u017cetu lub masz jakiekolwiek pytania. Ch\u0119tnie pomo\u017cemy! <\/p>\n<div class=\"faq\" data-component=\"FAQ\">\n    <div class=\"faq-item\">\r\n\t\t\t\t\t<div class=\"faq-item-question\">\r\n\t\t\t\t\t\t<h3 class=\"faq-item-question-text\">Jak mog\u0119 doda\u0107 recenzje z Yelp do mojej witryny iFrame bez umiej\u0119tno\u015bci kodowania?<\/h3>\r\n\r\n\t\t\t\t\t\t<div class=\"faq-item-question-icon\"><\/div>\r\n\t\t\t\t\t<\/div>\r\n\r\n\t\t\t\t\t<div class=\"faq-item-answer\">\r\n\t\t\t\t\t\t<div class=\"faq-item-answer-text\">\n    <p>Elfsight zapewnia rozwi\u0105zanie SaaS, kt\u00f3re umo\u017cliwia samodzielne utworzenie wid\u017cetu Recenzje z Yelp, zobacz, jak prosty proces jest nast\u0119puj\u0105cy: Pracuj bezpo\u015brednio w edytorze online, aby utworzy\u0107 wid\u017cet Recenzje z Yelp, kt\u00f3ry chcia\u0142by\u015b zobaczy\u0107 na swojej stronie iFrame. Wybierz jeden z gotowych szablon\u00f3w i dostosuj ustawienia Recenzji z Yelp, dodaj tre\u015b\u0107, zmie\u0144 uk\u0142ad i kolory bez umiej\u0119tno\u015bci kodowania. Zapisz recenzje z Yelp i skopiuj ich kod instalacyjny, kt\u00f3ry mo\u017cesz \u0142atwo wklei\u0107 na swojej stronie iFrame bez kupowania wersji p\u0142atnej. Dzi\u0119ki naszemu intuicyjnemu edytorowi ka\u017cdy u\u017cytkownik Internetu mo\u017ce tworzy\u0107 recenzje z wid\u017cetu Yelp online i \u0142atwo osadza\u0107 je na swojej stronie internetowej iFrame. Aby uzyska\u0107 dost\u0119p do us\u0142ugi, nie trzeba p\u0142aci\u0107 ani wprowadza\u0107 danych uwierzytelniaj\u0105cych karty. Je\u015bli na kt\u00f3rymkolwiek etapie napotkasz jakiekolwiek problemy, skontaktuj si\u0119 z naszym zespo\u0142em pomocy technicznej.<\/p>\n    <\/div>\r\n\t\t\t\t\t<\/div>\r\n\t\t\t\t<\/div>\n<\/div>\n<\/div>","protected":false},"excerpt":{"rendered":"","protected":false},"author":9,"featured_media":0,"parent":1264,"menu_order":0,"comment_status":"closed","ping_status":"closed","template":"templates\/template-application-platform.php","meta":{"publish_to_discourse":"","publish_post_category":"","wpdc_auto_publish_overridden":"","wpdc_topic_tags":"","wpdc_pin_topic":"","wpdc_pin_until":"","discourse_post_id":"","discourse_permalink":"","wpdc_publishing_response":"","wpdc_publishing_error":"","footnotes":""},"class_list":["post-7367","page","type-page","status-publish","hentry"],"yoast_head":"<!-- This site is optimized with the Yoast SEO plugin v25.3.1 - https:\/\/yoast.com\/wordpress\/plugins\/seo\/ -->\n<title>Wtyczka iFrame Yelp Reviews dla Twojej witryny (bezp\u0142atna i szybka)<\/title>\n<meta name=\"description\" content=\"Utworzenie wtyczki Recenzje Yelp i dodanie jej na stronie iFrame jest ca\u0142kowicie proste. Uzyskaj bezp\u0142atn\u0105 obs\u0142ug\u0119 klienta i inne bonusy od Elfsight.\" \/>\n<meta name=\"robots\" content=\"index, follow, max-snippet:-1, max-image-preview:large, max-video-preview:-1\" \/>\n<link rel=\"canonical\" href=\"https:\/\/elfsight.com\/pl\/yelp-reviews-widget\/iframe\/\" \/>\n<meta property=\"og:locale\" content=\"pl_PL\" \/>\n<meta property=\"og:type\" content=\"article\" \/>\n<meta property=\"og:title\" content=\"Wtyczka iFrame Yelp Reviews dla Twojej witryny (bezp\u0142atna i szybka)\" \/>\n<meta property=\"og:description\" content=\"Utworzenie wtyczki Recenzje Yelp i dodanie jej na stronie iFrame jest ca\u0142kowicie proste. Uzyskaj bezp\u0142atn\u0105 obs\u0142ug\u0119 klienta i inne bonusy od Elfsight.\" \/>\n<meta property=\"og:url\" content=\"https:\/\/elfsight.com\/pl\/yelp-reviews-widget\/iframe\/\" \/>\n<meta property=\"og:site_name\" content=\"Elfsight PL\" \/>\n<meta property=\"article:modified_time\" content=\"2025-06-24T14:32:13+00:00\" \/>\n<meta name=\"twitter:card\" content=\"summary_large_image\" \/>\n<meta name=\"twitter:label1\" content=\"Szacowany czas czytania\" \/>\n\t<meta name=\"twitter:data1\" content=\"3 minuty\" \/>\n<!-- \/ Yoast SEO plugin. -->","yoast_head_json":{"title":"Wtyczka iFrame Yelp Reviews dla Twojej witryny (bezp\u0142atna i szybka)","description":"Utworzenie wtyczki Recenzje Yelp i dodanie jej na stronie iFrame jest ca\u0142kowicie proste. Uzyskaj bezp\u0142atn\u0105 obs\u0142ug\u0119 klienta i inne bonusy od Elfsight.","robots":{"index":"index","follow":"follow","max-snippet":"max-snippet:-1","max-image-preview":"max-image-preview:large","max-video-preview":"max-video-preview:-1"},"canonical":"https:\/\/elfsight.com\/pl\/yelp-reviews-widget\/iframe\/","og_locale":"pl_PL","og_type":"article","og_title":"Wtyczka iFrame Yelp Reviews dla Twojej witryny (bezp\u0142atna i szybka)","og_description":"Utworzenie wtyczki Recenzje Yelp i dodanie jej na stronie iFrame jest ca\u0142kowicie proste. Uzyskaj bezp\u0142atn\u0105 obs\u0142ug\u0119 klienta i inne bonusy od Elfsight.","og_url":"https:\/\/elfsight.com\/pl\/yelp-reviews-widget\/iframe\/","og_site_name":"Elfsight PL","article_modified_time":"2025-06-24T14:32:13+00:00","twitter_card":"summary_large_image","twitter_misc":{"Szacowany czas czytania":"3 minuty"},"schema":{"@context":"https:\/\/schema.org","@graph":[{"@type":"WebPage","@id":"https:\/\/elfsight.com\/pl\/yelp-reviews-widget\/iframe\/","url":"https:\/\/elfsight.com\/pl\/yelp-reviews-widget\/iframe\/","name":"Wtyczka iFrame Yelp Reviews dla Twojej witryny (bezp\u0142atna i szybka)","isPartOf":{"@id":"https:\/\/elfsight.com\/pl\/#website"},"datePublished":"2024-05-03T06:55:10+00:00","dateModified":"2025-06-24T14:32:13+00:00","description":"Utworzenie wtyczki Recenzje Yelp i dodanie jej na stronie iFrame jest ca\u0142kowicie proste. Uzyskaj bezp\u0142atn\u0105 obs\u0142ug\u0119 klienta i inne bonusy od Elfsight.","breadcrumb":{"@id":"https:\/\/elfsight.com\/pl\/yelp-reviews-widget\/iframe\/#breadcrumb"},"inLanguage":"pl-PL","potentialAction":[{"@type":"ReadAction","target":["https:\/\/elfsight.com\/pl\/yelp-reviews-widget\/iframe\/"]}]},{"@type":"BreadcrumbList","@id":"https:\/\/elfsight.com\/pl\/yelp-reviews-widget\/iframe\/#breadcrumb","itemListElement":[{"@type":"ListItem","position":1,"name":"Home","item":"https:\/\/elfsight.com\/pl\/"},{"@type":"ListItem","position":2,"name":"Yelp Reviews","item":"https:\/\/elfsight.com\/pl\/yelp-reviews-widget\/"},{"@type":"ListItem","position":3,"name":"Yelp Reviews &#8211; iFrame"}]},{"@type":"WebSite","@id":"https:\/\/elfsight.com\/pl\/#website","url":"https:\/\/elfsight.com\/pl\/","name":"Elfsight PL","description":"Just another Elfsight Sites site","potentialAction":[{"@type":"SearchAction","target":{"@type":"EntryPoint","urlTemplate":"https:\/\/elfsight.com\/pl\/?s={search_term_string}"},"query-input":{"@type":"PropertyValueSpecification","valueRequired":true,"valueName":"search_term_string"}}],"inLanguage":"pl-PL"}]}},"meta_box":{"industry":"","seo_heading":"","heading":"","description":"","cta_heading":"","cta_description":"","application":"1263","h1":"Recenzje iFrame Yelp","h1_caption":"Prezentuj recenzje klient\u00f3w za pomoc\u0105 Yelp, aby bez wysi\u0142ku budowa\u0107 wiarygodno\u015b\u0107 i zapewnia\u0107 spo\u0142eczny dow\u00f3d swojej firmy w swojej witrynie iFrame.","application_category":[],"applications_title":"","applications_request_title":"","applications_request_button_text":"","hero_text":"","hero_video":"","hero_video_schema_markup":"","selling_points_title":"","selling_points_caption":"","selling_points":[],"selling_points_cta_text":"","features_title":"","features":"","ed_cta_examples_text":"","ed_cta_examples_hidden":"","ed_cta_demo_text":"","ed_cta_demo_hidden":"","why_caption":"","why_editor_title":"","why_editor_text":"","why_team_title":"","why_team_text":"","why_service_title":"","why_service_text":"","template_catalog_visible":"0","template_catalog_title":"","template_catalog_text":"","template_catalog_categories_visible":"","demo_title":"Utw\u00f3rz wid\u017cet Recenzje Yelp","demo_caption":"Skonfiguruj swoje recenzje na Yelp i dodaj je do swojej witryny iFrame za darmo!","default_faq_hidden":"","app_template_category":[],"platform":"187","template_public_id":"","codecanyon_url":"","codecanyon_item_id":"","codecanyon_price":"","pricing_caption":"","pricing_elfsight_apps_hide_column":"","pricing_elfsight_apps_url":"","pricing_codecanyon_price_caption":"","integration_category":[],"integration_request_title":"","integration_request_cta":"","integration_platform":"","integrations":[],"platform_category":[],"video_schema_markup":"","price":"od 0 USD \/ miesi\u0105c","trial":"","benefits":[{"text":"Bezp\u0142atna us\u0142uga monta\u017cu"},{"text":"Profesjonalna obs\u0142uga klienta"},{"text":"14-dniowa gwarancja zwrotu pieni\u0119dzy"},{"text":"Udoskonalenia na ca\u0142e \u017cycie"}],"button_url":"#demo","button_target_blank":"0","button_nofollow":"0","attributes":[{"name":"Instaluje"},{"name":"Czu\u0142y","content":"Tak"},{"name":"Kompatybilne przegl\u0105darki","content":"Firefox, Safari, Opera, Chrome, Edge"}],"tags":[],"tags_disable_links":"0","hide_more_platforms":"0","video_object":"","demo_hide_cta":"0","demo_hide_cloud_options":"0","pricing_title":"","pricing":[{"pricing_icon":"platform","pricing_title":"Elfsight Apps","pricing_title_caption":"Niezale\u017cne od platformy rozwi\u0105zanie cyfrowe, kt\u00f3re pasuje do ka\u017cdej witryny internetowej","pricing_price":"od 0 USD \/ miesi\u0105c","pricing_price_caption":"zacznij od bezp\u0142atnego planu","pricing_benefits":[{"text":"Nielimitowane domeny"},{"text":"Szybka obs\u0142uga klienta"},{"text":"Bezp\u0142atna us\u0142uga monta\u017cu"},{"text":"W pe\u0142ni konfigurowalny"}],"pricing_button_text":"Dodaj do witryny","pricing_button_url":"#demo"}],"related_apps_title":"","related_apps_hidden":"0","author":"","image":[],"title":"","job":"","social_networks":[]},"_links":{"self":[{"href":"https:\/\/elfsight.com\/pl\/wp-json\/wp\/v2\/pages\/7367","targetHints":{"allow":["GET"]}}],"collection":[{"href":"https:\/\/elfsight.com\/pl\/wp-json\/wp\/v2\/pages"}],"about":[{"href":"https:\/\/elfsight.com\/pl\/wp-json\/wp\/v2\/types\/page"}],"author":[{"embeddable":true,"href":"https:\/\/elfsight.com\/pl\/wp-json\/wp\/v2\/users\/9"}],"replies":[{"embeddable":true,"href":"https:\/\/elfsight.com\/pl\/wp-json\/wp\/v2\/comments?post=7367"}],"version-history":[{"count":2,"href":"https:\/\/elfsight.com\/pl\/wp-json\/wp\/v2\/pages\/7367\/revisions"}],"predecessor-version":[{"id":10437,"href":"https:\/\/elfsight.com\/pl\/wp-json\/wp\/v2\/pages\/7367\/revisions\/10437"}],"up":[{"embeddable":true,"href":"https:\/\/elfsight.com\/pl\/wp-json\/wp\/v2\/pages\/1264"}],"wp:attachment":[{"href":"https:\/\/elfsight.com\/pl\/wp-json\/wp\/v2\/media?parent=7367"}],"curies":[{"name":"wp","href":"https:\/\/api.w.org\/{rel}","templated":true}]}}