{"id":7366,"date":"1970-01-01T00:00:00","date_gmt":"1970-01-01T00:00:00","guid":{"rendered":"https:\/\/elfsight.com\/pl\/?page_id=7366"},"modified":"2024-11-14T09:27:38","modified_gmt":"2024-11-14T09:27:38","slug":"facebook","status":"publish","type":"page","link":"https:\/\/elfsight.com\/pl\/yelp-reviews-widget\/facebook\/","title":{"rendered":"Yelp Reviews &#8211; Facebook Page"},"content":{"rendered":"<div class=\"application-platform-content-item-description application-platform-content-item\" id=\"description\" data-nav-section=\"description\"><h2>Opis<\/h2><p>Je\u015bli chcesz wyrazi\u0107 swoje uznanie w\u015br\u00f3d klient\u00f3w i przekona\u0107 odwiedzaj\u0105cych stron\u0119, \u017ce Twoje oferty s\u0105 warte zakupu, Widget Recenzje Elfsight Yelp idealnie Ci odpowiada. Maj\u0105c ten wid\u017cet, z \u0142atwo\u015bci\u0105 umie\u015bcisz recenzje u\u017cytkownik\u00f3w z Yelp na swojej stronie ze szczeg\u00f3\u0142ami o ich autorach, przefiltrujesz je, aby pokaza\u0107 tylko dobre, dodasz oceny i przycisk pro\u015bby o recenzj\u0119, kt\u00f3ry przeniesie u\u017cytkownik\u00f3w na Twoje konto Yelp, gdzie b\u0119d\u0105 mogli udost\u0119pnia\u0107 now\u0105 recenzj\u0119.<\/p><p><b>Spraw, aby Twoja strona na Facebooku zwi\u0119kszy\u0142a Tw\u00f3j poziom wiarygodno\u015bci dzi\u0119ki recenzjom Yelp od klient\u00f3w!<\/b><\/p><\/div><div class=\"application-platform-content-item-features application-platform-content-item\" id=\"features\" data-nav-section=\"features\"><h2>Funkcje<\/h2><p>Sprawd\u017a wszystkie funkcje produktu. Mo\u017cesz nimi zarz\u0105dza\u0107 bezpo\u015brednio w edytorze, a one pomog\u0105 Ci ukszta\u0142towa\u0107 wid\u017cet odpowiednio do Twoich potrzeb. <\/p><ul><li>Trzy gotowe do u\u017cycia filtry: wed\u0142ug typu, wykluczania i ilo\u015bci recenzji do wy\u015bwietlenia;<\/li><li>4 warianty uk\u0142ad\u00f3w: Lista, Siatka, Mur i Suwak;<\/li><li>Mo\u017cliwo\u015b\u0107 pokazania lub ukrycia nag\u0142\u00f3wka wid\u017cetu;<\/li><li>Przycisk pro\u015bby o sprawdzenie kieruje ludzi do strony Yelp;<\/li><li>Sze\u015b\u0107 regulowanych element\u00f3w wid\u017cetu interfejs: nazwisko i zdj\u0119cie autora, rekomendacja, data opublikowania, ikona Yelp i liczba gwiazdek;<\/li><li>Dwie opcje scenariuszy po odrzuceniu pro\u015bby o sprawdzenie: poka\u017c wiadomo\u015b\u0107 tekstow\u0105 lub usu\u0144 przycisk.<\/li><\/ul><p><a href=\"#demo\">Sprawd\u017a, jak dzia\u0142aj\u0105 wszystkie funkcje, w naszej wersji demonstracyjnej<\/a><\/p><\/div> <div class=\"application-platform-content-item-installation application-platform-content-item\" id=\"installation\" data-nav-section=\"installation\"><h2>Jak dodaj zak\u0142adk\u0119 Recenzje Yelp do strony firmowej na Facebooku<\/h2><p>Aby zintegrowa\u0107 wid\u017cet, post\u0119puj zgodnie z poni\u017cszymi wskaz\u00f3wkami<\/p><ul><li><b>Wygeneruj spersonalizowany wid\u017cet Yelp<\/b><br>Zarz\u0105dzaj\u0105c naszym darmowym edytorem, uzyskaj wtyczk\u0119 z niestandardowym projektem i odpowiednimi \u017ar\u00f3d\u0142ami. <\/li><li><b>Uzyskaj osobisty kod do osadzenia wid\u017cetu<\/b><br>Po wygenerowaniu wid\u017cetu otrzymasz sw\u00f3j osobisty kod z wy\u015bwietlonego okna aplikacji Elfsight. Skopiuj kod. <\/li><li><b>Dodaj wid\u017cet Yelp do strony na Facebooku<\/b><br> Utw\u00f3rz w\u0142asn\u0105 zak\u0142adk\u0119 na Facebooku. Wpisz w zak\u0142adce kod otrzymany w aplikacji elfsight. Je\u015bli masz jakiekolwiek problemy, po prostu zapoznaj si\u0119 z naszym przewodnikiem na stronie <a href=\"https:\/\/elfsight.com\/blog\/how-to-add-custom-tab-to-facebook-page\/\" target=\"_blank\" rel=\"noopener noreferrer\">tworzenie niestandardowej karty Facebook<\/a><\/li><li><b>Instalacja zosta\u0142a w pe\u0142ni uko\u0144czona<\/b><br>Wejd\u017a na stron\u0119, aby sprawdzi\u0107 swoj\u0105 prac\u0119. <\/li><\/ul><p>Komunikuj si\u0119 z obs\u0142ug\u0105 klienta, je\u015bli potrzebujesz porady lub masz o co\u015b zapyta\u0107. Nasi specjali\u015bci ch\u0119tnie pomog\u0105 w ka\u017cdej sprawie. <\/p><div class=\"faq\" data-component=\"FAQ\"> <div class=\"faq-item\">\r\n\t\t\t\t\t<div class=\"faq-item-question\">\r\n\t\t\t\t\t\t<h3 class=\"faq-item-question-text\">Jak mog\u0119 doda\u0107 recenzje z Yelp do mojej strony na Facebooku bez umiej\u0119tno\u015bci kodowania?<\/h3>\r\n\r\n\t\t\t\t\t\t<div class=\"faq-item-question-icon\"><\/div>\r\n\t\t\t\t\t<\/div>\r\n\r\n\t\t\t\t\t<div class=\"faq-item-answer\">\r\n\t\t\t\t\t\t<div class=\"faq-item-answer-text\"> <p>Elfsight zapewnia rozwi\u0105zanie SaaS, kt\u00f3re pozwala na samodzielne utworzenie wid\u017cetu Recenzje z Yelp, zobacz jak \u0142atwy jest ten proces: Pracuj bezpo\u015brednio w edytorze online, aby utworzy\u0107 wid\u017cet Recenzje z Yelp, kt\u00f3ry chcesz zobaczy\u0107 na swojej stronie na Facebooku. Wybierz jeden z gotowych szablon\u00f3w i dostosuj ustawienia Recenzji z Yelp, dodaj swoj\u0105 tre\u015b\u0107, zmie\u0144 uk\u0142ad i schemat kolor\u00f3w bez umiej\u0119tno\u015bci kodowania. Zapisz recenzje z Yelp i skopiuj ich kod instalacyjny, kt\u00f3ry mo\u017cesz umie\u015bci\u0107 na swojej stronie na Facebooku bez konieczno\u015bci zakupu p\u0142atnej subskrypcji. Dzi\u0119ki naszemu intuicyjnemu edytorowi ka\u017cdy u\u017cytkownik Internetu mo\u017ce tworzy\u0107 recenzje z wid\u017cetu Yelp online i \u0142atwo umieszcza\u0107 je na swojej stronie na Facebooku. Aby uzyska\u0107 dost\u0119p do us\u0142ugi, nie trzeba p\u0142aci\u0107 ani wprowadza\u0107 danych uwierzytelniaj\u0105cych karty. Je\u015bli na kt\u00f3rymkolwiek etapie napotkasz jakiekolwiek problemy, skontaktuj si\u0119 z naszym zespo\u0142em pomocy technicznej.<\/p> <\/div>\r\n\t\t\t\t\t<\/div>\r\n\t\t\t\t<\/div> <\/div> <\/div>","protected":false},"excerpt":{"rendered":"","protected":false},"author":9,"featured_media":0,"parent":1264,"menu_order":0,"comment_status":"closed","ping_status":"closed","template":"templates\/template-application-platform.php","meta":{"publish_to_discourse":"","publish_post_category":"","wpdc_auto_publish_overridden":"","wpdc_topic_tags":"","wpdc_pin_topic":"","wpdc_pin_until":"","discourse_post_id":"","discourse_permalink":"","wpdc_publishing_response":"","wpdc_publishing_error":"","footnotes":""},"class_list":["post-7366","page","type-page","status-publish","hentry"],"yoast_head":"<!-- This site is optimized with the Yoast SEO plugin v25.3.1 - https:\/\/yoast.com\/wordpress\/plugins\/seo\/ -->\n<title>Dodaj zak\u0142adk\u0119 Recenzje Yelp do strony firmowej na Facebooku (2025)<\/title>\n<meta name=\"description\" content=\"Oto mo\u017cliwo\u015b\u0107 stworzenia wid\u017cetu Recenzje Yelp i zintegrowania go ze swoj\u0105 stron\u0105 na Facebooku. Uzyskaj bezp\u0142atn\u0105 obs\u0142ug\u0119 klienta i inne korzy\u015bci od Elfsight.\" \/>\n<meta name=\"robots\" content=\"index, follow, max-snippet:-1, max-image-preview:large, max-video-preview:-1\" \/>\n<link rel=\"canonical\" href=\"https:\/\/elfsight.com\/pl\/yelp-reviews-widget\/facebook\/\" \/>\n<meta property=\"og:locale\" content=\"pl_PL\" \/>\n<meta property=\"og:type\" content=\"article\" \/>\n<meta property=\"og:title\" content=\"Dodaj zak\u0142adk\u0119 Recenzje Yelp do strony firmowej na Facebooku (2025)\" \/>\n<meta property=\"og:description\" content=\"Oto mo\u017cliwo\u015b\u0107 stworzenia wid\u017cetu Recenzje Yelp i zintegrowania go ze swoj\u0105 stron\u0105 na Facebooku. Uzyskaj bezp\u0142atn\u0105 obs\u0142ug\u0119 klienta i inne korzy\u015bci od Elfsight.\" \/>\n<meta property=\"og:url\" content=\"https:\/\/elfsight.com\/pl\/yelp-reviews-widget\/facebook\/\" \/>\n<meta property=\"og:site_name\" content=\"Elfsight PL\" \/>\n<meta property=\"article:modified_time\" content=\"2024-11-14T09:27:38+00:00\" \/>\n<meta name=\"twitter:card\" content=\"summary_large_image\" \/>\n<meta name=\"twitter:label1\" content=\"Szacowany czas czytania\" \/>\n\t<meta name=\"twitter:data1\" content=\"3 minuty\" \/>\n<!-- \/ Yoast SEO plugin. -->","yoast_head_json":{"title":"Dodaj zak\u0142adk\u0119 Recenzje Yelp do strony firmowej na Facebooku (2025)","description":"Oto mo\u017cliwo\u015b\u0107 stworzenia wid\u017cetu Recenzje Yelp i zintegrowania go ze swoj\u0105 stron\u0105 na Facebooku. Uzyskaj bezp\u0142atn\u0105 obs\u0142ug\u0119 klienta i inne korzy\u015bci od Elfsight.","robots":{"index":"index","follow":"follow","max-snippet":"max-snippet:-1","max-image-preview":"max-image-preview:large","max-video-preview":"max-video-preview:-1"},"canonical":"https:\/\/elfsight.com\/pl\/yelp-reviews-widget\/facebook\/","og_locale":"pl_PL","og_type":"article","og_title":"Dodaj zak\u0142adk\u0119 Recenzje Yelp do strony firmowej na Facebooku (2025)","og_description":"Oto mo\u017cliwo\u015b\u0107 stworzenia wid\u017cetu Recenzje Yelp i zintegrowania go ze swoj\u0105 stron\u0105 na Facebooku. Uzyskaj bezp\u0142atn\u0105 obs\u0142ug\u0119 klienta i inne korzy\u015bci od Elfsight.","og_url":"https:\/\/elfsight.com\/pl\/yelp-reviews-widget\/facebook\/","og_site_name":"Elfsight PL","article_modified_time":"2024-11-14T09:27:38+00:00","twitter_card":"summary_large_image","twitter_misc":{"Szacowany czas czytania":"3 minuty"},"schema":{"@context":"https:\/\/schema.org","@graph":[{"@type":"WebPage","@id":"https:\/\/elfsight.com\/pl\/yelp-reviews-widget\/facebook\/","url":"https:\/\/elfsight.com\/pl\/yelp-reviews-widget\/facebook\/","name":"Dodaj zak\u0142adk\u0119 Recenzje Yelp do strony firmowej na Facebooku (2025)","isPartOf":{"@id":"https:\/\/elfsight.com\/pl\/#website"},"datePublished":"1970-01-01T00:00:00+00:00","dateModified":"2024-11-14T09:27:38+00:00","description":"Oto mo\u017cliwo\u015b\u0107 stworzenia wid\u017cetu Recenzje Yelp i zintegrowania go ze swoj\u0105 stron\u0105 na Facebooku. Uzyskaj bezp\u0142atn\u0105 obs\u0142ug\u0119 klienta i inne korzy\u015bci od Elfsight.","breadcrumb":{"@id":"https:\/\/elfsight.com\/pl\/yelp-reviews-widget\/facebook\/#breadcrumb"},"inLanguage":"pl-PL","potentialAction":[{"@type":"ReadAction","target":["https:\/\/elfsight.com\/pl\/yelp-reviews-widget\/facebook\/"]}]},{"@type":"BreadcrumbList","@id":"https:\/\/elfsight.com\/pl\/yelp-reviews-widget\/facebook\/#breadcrumb","itemListElement":[{"@type":"ListItem","position":1,"name":"Home","item":"https:\/\/elfsight.com\/pl\/"},{"@type":"ListItem","position":2,"name":"Yelp Reviews","item":"https:\/\/elfsight.com\/pl\/yelp-reviews-widget\/"},{"@type":"ListItem","position":3,"name":"Yelp Reviews &#8211; Facebook Page"}]},{"@type":"WebSite","@id":"https:\/\/elfsight.com\/pl\/#website","url":"https:\/\/elfsight.com\/pl\/","name":"Elfsight PL","description":"Just another Elfsight Sites site","potentialAction":[{"@type":"SearchAction","target":{"@type":"EntryPoint","urlTemplate":"https:\/\/elfsight.com\/pl\/?s={search_term_string}"},"query-input":{"@type":"PropertyValueSpecification","valueRequired":true,"valueName":"search_term_string"}}],"inLanguage":"pl-PL"}]}},"meta_box":{"industry":"","seo_heading":"","heading":"","description":"","cta_heading":"","cta_description":"","application":"1263","h1":"Recenzje Yelp dla strony na Facebooku","h1_caption":"Prezentuj recenzje klient\u00f3w za pomoc\u0105 Yelp, aby bez wysi\u0142ku budowa\u0107 wiarygodno\u015b\u0107 i zapewnia\u0107 spo\u0142eczny dow\u00f3d swojej firmy na swojej stronie na Facebooku.","application_category":[],"applications_title":"","applications_request_title":"","applications_request_button_text":"","hero_text":"","hero_video":"","hero_video_schema_markup":"","selling_points_title":"","selling_points_caption":"","selling_points":[],"selling_points_cta_text":"","features_title":"","features":"","ed_cta_examples_text":"","ed_cta_examples_hidden":"","ed_cta_demo_text":"","ed_cta_demo_hidden":"","why_caption":"","why_editor_title":"","why_editor_text":"","why_team_title":"","why_team_text":"","why_service_title":"","why_service_text":"","template_catalog_visible":"","template_catalog_title":"","template_catalog_text":"","template_catalog_categories_visible":"","demo_title":"Utw\u00f3rz wid\u017cet Recenzje Yelp","demo_caption":"Skonfiguruj swoje recenzje na Yelp i dodaj je za darmo do swojej strony na Facebooku!","default_faq_hidden":"","app_template_category":[],"platform":"319","template_public_id":"","codecanyon_url":"","codecanyon_item_id":"","codecanyon_price":"","pricing_caption":"","pricing_elfsight_apps_hide_column":"","pricing_elfsight_apps_url":"","pricing_codecanyon_price_caption":"","integration_category":[],"integration_request_title":"","integration_request_cta":"","integration_platform":"","integrations":[],"platform_category":[],"video_schema_markup":"","price":"od 0 USD \/ miesi\u0105c","trial":"","benefits":[{"text":"Bezp\u0142atna us\u0142uga monta\u017cu"},{"text":"Wsparcie premium"},{"text":"14-dniowa gwarancja zwrotu pieni\u0119dzy"}],"button_url":"#demo","button_target_blank":"","button_nofollow":"","attributes":[{"name":"Instaluje"},{"name":"Czu\u0142y"},{"name":"Kompatybilne przegl\u0105darki"}],"tags":[],"tags_disable_links":"","hide_more_platforms":"","video_object":"","demo_hide_cta":"","demo_hide_cloud_options":"","pricing_title":"","pricing":[{"pricing_icon":"platform","pricing_title":"Elfsight Apps","pricing_title_caption":"Wieloplatformowe rozwi\u0105zanie cyfrowe, kt\u00f3re dzia\u0142a na ka\u017cdej stronie internetowej","pricing_price":"od 0 USD \/ miesi\u0105c","pricing_price_caption":"zacznij od bezp\u0142atnego planu","pricing_benefits":[{"text":"Nielimitowane domeny"},{"text":"Wsparcie premium i na czas"},{"text":"Bezp\u0142atna pomoc w monta\u017cu"},{"text":"Oferta specjalna na wiele aplikacji"}],"pricing_button_text":"Dodaj do witryny","pricing_button_url":"#demo"}],"related_apps_title":"","related_apps_hidden":"","author":"","image":[],"title":"","job":"","social_networks":[]},"_links":{"self":[{"href":"https:\/\/elfsight.com\/pl\/wp-json\/wp\/v2\/pages\/7366","targetHints":{"allow":["GET"]}}],"collection":[{"href":"https:\/\/elfsight.com\/pl\/wp-json\/wp\/v2\/pages"}],"about":[{"href":"https:\/\/elfsight.com\/pl\/wp-json\/wp\/v2\/types\/page"}],"author":[{"embeddable":true,"href":"https:\/\/elfsight.com\/pl\/wp-json\/wp\/v2\/users\/9"}],"replies":[{"embeddable":true,"href":"https:\/\/elfsight.com\/pl\/wp-json\/wp\/v2\/comments?post=7366"}],"version-history":[{"count":1,"href":"https:\/\/elfsight.com\/pl\/wp-json\/wp\/v2\/pages\/7366\/revisions"}],"predecessor-version":[{"id":7370,"href":"https:\/\/elfsight.com\/pl\/wp-json\/wp\/v2\/pages\/7366\/revisions\/7370"}],"up":[{"embeddable":true,"href":"https:\/\/elfsight.com\/pl\/wp-json\/wp\/v2\/pages\/1264"}],"wp:attachment":[{"href":"https:\/\/elfsight.com\/pl\/wp-json\/wp\/v2\/media?parent=7366"}],"curies":[{"name":"wp","href":"https:\/\/api.w.org\/{rel}","templated":true}]}}