{"id":7365,"date":"1970-01-01T00:00:00","date_gmt":"1970-01-01T00:00:00","guid":{"rendered":"https:\/\/elfsight.com\/pl\/?page_id=7365"},"modified":"2024-11-14T09:03:35","modified_gmt":"2024-11-14T09:03:35","slug":"woocommerce","status":"publish","type":"page","link":"https:\/\/elfsight.com\/pl\/yelp-reviews-widget\/woocommerce\/","title":{"rendered":"Yelp Reviews &#8211; WooCommerce"},"content":{"rendered":"<div class=\"application-platform-content-item-description application-platform-content-item\" id=\"description\" data-nav-section=\"description\"><h2>Opis<\/h2><p>Elfsight Review to przydatny widget, kt\u00f3ry umo\u017cliwia dodawanie recenzji Twoich ofert z post\u00f3w na Yelp do Twojej witryny . Dzi\u0119ki naszemu wid\u017cetowi mo\u017cesz u\u017cy\u0107 filtr\u00f3w, aby uporz\u0105dkowa\u0107 niechciane recenzje, pokaza\u0107 swoje oceny w postaci gwiazdek i liczb z Yelp, ujawni\u0107 informacje o autorach i doda\u0107 przycisk, kt\u00f3ry poprowadzi odwiedzaj\u0105cych do opublikowania jeszcze jednej recenzji na Yelp.<\/p><p><b>Ulepsz swoj\u0105 witryn\u0119 pod k\u0105tem cel\u00f3w e-commerce za pomoc\u0105 recenzji Yelp<\/b><\/p><\/div> <div class=\"application-platform-content-item-features application-platform-content-item\" id=\"features\" data-nav-section=\"features\"><h2>Kluczowe funkcje wid\u017cetu obejmuj\u0105<\/h2><ul><li>3 gotowe do u\u017cycia filtry: wed\u0142ug typu, wykluczania i ilo\u015bci wy\u015bwietlanych recenzji;<\/li><li>Cztery rodzaje uk\u0142ad\u00f3w: lista, siatka, mur i suwak; <\/li><li> W pe\u0142ni elastyczny nag\u0142\u00f3wek wid\u017cetu;<\/li><li>Aktywny przycisk do dodania nowej recenzji kieruje ludzi do strony Yelp;<\/li><li>6 regulowanych element\u00f3w interfejsu: nazwisko i zdj\u0119cie autora, rekomendacja, data, ikona Yelp i liczba gwiazdek;<\/li><li>Dwa warianty scenariuszy po odrzuceniu pro\u015bby o sprawdzenie: poka\u017c wiadomo\u015b\u0107 tekstow\u0105 lub ukryj przycisk.<\/li><\/ul><p><a href=\"#demo\">Odkryj wszystkie opcje dostosowywania w pe\u0142ni funkcjonalnej wersji demonstracyjnej<\/a><\/p><\/div><div class=\"application-platform-content-item-installation application-platform-content-item\" id=\"installation\" data-nav-section=\"installation\"><h2>Jak osadzi\u0107 recenzje Yelp w moj\u0105 witryn\u0119 WooCommerce?<\/h2><p>Wystarczy zastosowa\u0107 si\u0119 do poni\u017cszych instrukcji, aby osadzi\u0107 narz\u0119dzie.<\/p><ol><li><b>Zarz\u0105dzaj nasz\u0105 bezp\u0142atn\u0105 wersj\u0105 demonstracyjn\u0105 i rozpocznij tworzenie w\u0142asnego instrumentu.<\/b><br>Okre\u015bl preferowan\u0105 form\u0119 i cechy wtyczki oraz zastosuj modyfikacje.<\/li><li><b>Uzyskaj indywidualny kod wy\u015bwietlony w oknie aplikacji Elfsight.<\/b><br>Zaraz po konfiguracja wtyczki zosta\u0142a zako\u0144czona, skopiuj indywidualny kod z wy\u015bwietlonego okna i zapisz go na dalsze potrzeby.<\/li><li><b>Rozpocznij korzystanie z narz\u0119dzia na swojej stronie internetowej \u043f\u043b\u0430\u0442\u0444\u043e\u0440\u043c\u0430.<\/b><br> Umie\u015b\u0107 skopiowany wcze\u015bniej kod na swojej stronie g\u0142\u00f3wnej i zastosuj poprawki.<\/li><li><b>Gotowe! Konfiguracja zosta\u0142a zako\u0144czona.<\/b><br>Wejd\u017a na swoj\u0105 witryn\u0119 i sprawd\u017a dzia\u0142anie wid\u017cetu.<\/li><\/ol><p>Je\u015bli masz jakie\u015b przeszkody, nie wahaj si\u0119 rozwi\u0105za\u0107 naszego problemu personel pomocniczy. Nasi ludzie pragn\u0105 rozwi\u0105za\u0107 wszystkie problemy, jakie mo\u017cesz mie\u0107 z wtyczk\u0105.<\/p><div class=\"faq\" data-component=\"FAQ\"> <div class=\"faq-item\">\r\n\t\t\t\t\t<div class=\"faq-item-question\">\r\n\t\t\t\t\t\t<h3 class=\"faq-item-question-text\">Jak mog\u0119 doda\u0107 recenzje z Yelp do mojej witryny WooCommerce bez umiej\u0119tno\u015bci kodowania?<\/h3>\r\n\r\n\t\t\t\t\t\t<div class=\"faq-item-question-icon\"><\/div>\r\n\t\t\t\t\t<\/div>\r\n\r\n\t\t\t\t\t<div class=\"faq-item-answer\">\r\n\t\t\t\t\t\t<div class=\"faq-item-answer-text\"> <p>Elfsight zapewnia rozwi\u0105zanie SaaS, kt\u00f3re pozwala Ci samodzielnie utworzy\u0107 wid\u017cet Recenzje z Yelp, przekonaj si\u0119, jak \u0142atwy jest ten proces: Pracuj bezpo\u015brednio w edytorze online, aby utworzy\u0107 wid\u017cet Recenzje z Yelp, kt\u00f3ry chcia\u0142by\u015b zobaczy\u0107 na swojej stronie WooCommerce. Wybierz jeden z gotowych szablon\u00f3w i dostosuj ustawienia Recenzji z Yelp, dodaj swoj\u0105 tre\u015b\u0107, zmie\u0144 uk\u0142ad i schemat kolor\u00f3w bez umiej\u0119tno\u015bci kodowania. Zapisz recenzje z Yelp i skopiuj ich kod instalacyjny, kt\u00f3ry mo\u017cesz \u0142atwo wklei\u0107 na swojej stronie WooCommerce bez konieczno\u015bci kupowania wersji p\u0142atnej. Dzi\u0119ki naszemu intuicyjnemu edytorowi ka\u017cdy u\u017cytkownik Internetu mo\u017ce tworzy\u0107 recenzje z wid\u017cetu Yelp online i \u0142atwo osadza\u0107 je na swojej stronie WooCommerce. Aby uzyska\u0107 dost\u0119p do us\u0142ugi, nie trzeba p\u0142aci\u0107 ani wprowadza\u0107 danych uwierzytelniaj\u0105cych karty. Je\u015bli na kt\u00f3rymkolwiek etapie napotkasz jakiekolwiek problemy, skontaktuj si\u0119 z naszym zespo\u0142em pomocy technicznej.<\/p> <\/div>\r\n\t\t\t\t\t<\/div>\r\n\t\t\t\t<\/div> <\/div> <\/div>","protected":false},"excerpt":{"rendered":"","protected":false},"author":9,"featured_media":0,"parent":1264,"menu_order":0,"comment_status":"closed","ping_status":"closed","template":"templates\/template-application-platform.php","meta":{"publish_to_discourse":"","publish_post_category":"","wpdc_auto_publish_overridden":"","wpdc_topic_tags":"","wpdc_pin_topic":"","wpdc_pin_until":"","discourse_post_id":"","discourse_permalink":"","wpdc_publishing_response":"","wpdc_publishing_error":"","footnotes":""},"class_list":["post-7365","page","type-page","status-publish","hentry"],"yoast_head":"<!-- This site is optimized with the Yoast SEO plugin v25.3.1 - https:\/\/yoast.com\/wordpress\/plugins\/seo\/ -->\n<title>Wtyczka WooCommerce Yelp Reviews dla Twojej witryny internetowej (2025)<\/title>\n<meta name=\"description\" content=\"Mo\u017cesz dostosowa\u0107 wtyczk\u0119 Recenzje Yelp w edytorze i osadzi\u0107 j\u0105 na swojej stronie WooCommerce bezpo\u015brednio poza wersj\u0105 demonstracyjn\u0105 na \u017cywo.\" \/>\n<meta name=\"robots\" content=\"index, follow, max-snippet:-1, max-image-preview:large, max-video-preview:-1\" \/>\n<link rel=\"canonical\" href=\"https:\/\/elfsight.com\/pl\/yelp-reviews-widget\/woocommerce\/\" \/>\n<meta property=\"og:locale\" content=\"pl_PL\" \/>\n<meta property=\"og:type\" content=\"article\" \/>\n<meta property=\"og:title\" content=\"Wtyczka WooCommerce Yelp Reviews dla Twojej witryny internetowej (2025)\" \/>\n<meta property=\"og:description\" content=\"Mo\u017cesz dostosowa\u0107 wtyczk\u0119 Recenzje Yelp w edytorze i osadzi\u0107 j\u0105 na swojej stronie WooCommerce bezpo\u015brednio poza wersj\u0105 demonstracyjn\u0105 na \u017cywo.\" \/>\n<meta property=\"og:url\" content=\"https:\/\/elfsight.com\/pl\/yelp-reviews-widget\/woocommerce\/\" \/>\n<meta property=\"og:site_name\" content=\"Elfsight PL\" \/>\n<meta property=\"article:modified_time\" content=\"2024-11-14T09:03:35+00:00\" \/>\n<meta name=\"twitter:card\" content=\"summary_large_image\" \/>\n<meta name=\"twitter:label1\" content=\"Szacowany czas czytania\" \/>\n\t<meta name=\"twitter:data1\" content=\"3 minuty\" \/>\n<!-- \/ Yoast SEO plugin. -->","yoast_head_json":{"title":"Wtyczka WooCommerce Yelp Reviews dla Twojej witryny internetowej (2025)","description":"Mo\u017cesz dostosowa\u0107 wtyczk\u0119 Recenzje Yelp w edytorze i osadzi\u0107 j\u0105 na swojej stronie WooCommerce bezpo\u015brednio poza wersj\u0105 demonstracyjn\u0105 na \u017cywo.","robots":{"index":"index","follow":"follow","max-snippet":"max-snippet:-1","max-image-preview":"max-image-preview:large","max-video-preview":"max-video-preview:-1"},"canonical":"https:\/\/elfsight.com\/pl\/yelp-reviews-widget\/woocommerce\/","og_locale":"pl_PL","og_type":"article","og_title":"Wtyczka WooCommerce Yelp Reviews dla Twojej witryny internetowej (2025)","og_description":"Mo\u017cesz dostosowa\u0107 wtyczk\u0119 Recenzje Yelp w edytorze i osadzi\u0107 j\u0105 na swojej stronie WooCommerce bezpo\u015brednio poza wersj\u0105 demonstracyjn\u0105 na \u017cywo.","og_url":"https:\/\/elfsight.com\/pl\/yelp-reviews-widget\/woocommerce\/","og_site_name":"Elfsight PL","article_modified_time":"2024-11-14T09:03:35+00:00","twitter_card":"summary_large_image","twitter_misc":{"Szacowany czas czytania":"3 minuty"},"schema":{"@context":"https:\/\/schema.org","@graph":[{"@type":"WebPage","@id":"https:\/\/elfsight.com\/pl\/yelp-reviews-widget\/woocommerce\/","url":"https:\/\/elfsight.com\/pl\/yelp-reviews-widget\/woocommerce\/","name":"Wtyczka WooCommerce Yelp Reviews dla Twojej witryny internetowej (2025)","isPartOf":{"@id":"https:\/\/elfsight.com\/pl\/#website"},"datePublished":"1970-01-01T00:00:00+00:00","dateModified":"2024-11-14T09:03:35+00:00","description":"Mo\u017cesz dostosowa\u0107 wtyczk\u0119 Recenzje Yelp w edytorze i osadzi\u0107 j\u0105 na swojej stronie WooCommerce bezpo\u015brednio poza wersj\u0105 demonstracyjn\u0105 na \u017cywo.","breadcrumb":{"@id":"https:\/\/elfsight.com\/pl\/yelp-reviews-widget\/woocommerce\/#breadcrumb"},"inLanguage":"pl-PL","potentialAction":[{"@type":"ReadAction","target":["https:\/\/elfsight.com\/pl\/yelp-reviews-widget\/woocommerce\/"]}]},{"@type":"BreadcrumbList","@id":"https:\/\/elfsight.com\/pl\/yelp-reviews-widget\/woocommerce\/#breadcrumb","itemListElement":[{"@type":"ListItem","position":1,"name":"Home","item":"https:\/\/elfsight.com\/pl\/"},{"@type":"ListItem","position":2,"name":"Yelp Reviews","item":"https:\/\/elfsight.com\/pl\/yelp-reviews-widget\/"},{"@type":"ListItem","position":3,"name":"Yelp Reviews &#8211; WooCommerce"}]},{"@type":"WebSite","@id":"https:\/\/elfsight.com\/pl\/#website","url":"https:\/\/elfsight.com\/pl\/","name":"Elfsight PL","description":"Just another Elfsight Sites site","potentialAction":[{"@type":"SearchAction","target":{"@type":"EntryPoint","urlTemplate":"https:\/\/elfsight.com\/pl\/?s={search_term_string}"},"query-input":{"@type":"PropertyValueSpecification","valueRequired":true,"valueName":"search_term_string"}}],"inLanguage":"pl-PL"}]}},"meta_box":{"industry":"","seo_heading":"","heading":"","description":"","cta_heading":"","cta_description":"","application":"1263","h1":"Wtyczka WooCommerce Yelp Recenzje","h1_caption":"Prezentuj recenzje klient\u00f3w za pomoc\u0105 krzyku, aby bez wysi\u0142ku budowa\u0107 wiarygodno\u015b\u0107 i zapewni\u0107 dow\u00f3d spo\u0142eczny swojej firmy w swojej witrynie WooCommerce.","application_category":[],"applications_title":"","applications_request_title":"","applications_request_button_text":"","hero_text":"","hero_video":"","hero_video_schema_markup":"","selling_points_title":"","selling_points_caption":"","selling_points":[],"selling_points_cta_text":"","features_title":"","features":"","ed_cta_examples_text":"","ed_cta_examples_hidden":"","ed_cta_demo_text":"","ed_cta_demo_hidden":"","why_caption":"","why_editor_title":"","why_editor_text":"","why_team_title":"","why_team_text":"","why_service_title":"","why_service_text":"","template_catalog_visible":"","template_catalog_title":"","template_catalog_text":"","template_catalog_categories_visible":"","demo_title":"Stw\u00f3rz swoj\u0105 aplikacj\u0119 z recenzjami Yelp","demo_caption":"Skonfiguruj swoje recenzje na Yelp i dodaj je do swojej witryny WooCommerce za darmo!","default_faq_hidden":"","app_template_category":[],"platform":"335","template_public_id":"","codecanyon_url":"","codecanyon_item_id":"","codecanyon_price":"","pricing_caption":"","pricing_elfsight_apps_hide_column":"","pricing_elfsight_apps_url":"","pricing_codecanyon_price_caption":"","integration_category":[],"integration_request_title":"","integration_request_cta":"","integration_platform":"","integrations":[],"platform_category":[],"video_schema_markup":"","price":"od 0 USD \/ miesi\u0105c","trial":"","benefits":[{"text":"Bezp\u0142atna pomoc w instalacji"},{"text":"Do\u015bwiadczona obs\u0142uga klienta"},{"text":"14-dniowa gwarancja zwrotu pieni\u0119dzy"}],"button_url":"#demo","button_target_blank":"","button_nofollow":"","attributes":[{"name":"Instaluje"},{"name":"Czu\u0142y"},{"name":"Kompatybilne przegl\u0105darki"}],"tags":[],"tags_disable_links":"","hide_more_platforms":"","video_object":"","demo_hide_cta":"","demo_hide_cloud_options":"","pricing_title":"","pricing":[{"pricing_icon":"platform","pricing_title":"Elfsight Apps","pricing_title_caption":"Rozwi\u0105zanie wieloplatformowe","pricing_price":"od 0 USD \/ miesi\u0105c","pricing_price_caption":"zacznij od bezp\u0142atnego planu","pricing_benefits":[{"text":"Nielimitowane domeny"},{"text":"Szybkie wsparcie firmy"},{"text":"Bezp\u0142atna pomoc w monta\u017cu"},{"text":"W pe\u0142ni konfigurowalny"}],"pricing_button_text":"Dodaj do witryny","pricing_button_url":"#demo"}],"related_apps_title":"","related_apps_hidden":"","author":"","image":[],"title":"","job":"","social_networks":[]},"_links":{"self":[{"href":"https:\/\/elfsight.com\/pl\/wp-json\/wp\/v2\/pages\/7365","targetHints":{"allow":["GET"]}}],"collection":[{"href":"https:\/\/elfsight.com\/pl\/wp-json\/wp\/v2\/pages"}],"about":[{"href":"https:\/\/elfsight.com\/pl\/wp-json\/wp\/v2\/types\/page"}],"author":[{"embeddable":true,"href":"https:\/\/elfsight.com\/pl\/wp-json\/wp\/v2\/users\/9"}],"replies":[{"embeddable":true,"href":"https:\/\/elfsight.com\/pl\/wp-json\/wp\/v2\/comments?post=7365"}],"version-history":[{"count":1,"href":"https:\/\/elfsight.com\/pl\/wp-json\/wp\/v2\/pages\/7365\/revisions"}],"predecessor-version":[{"id":7369,"href":"https:\/\/elfsight.com\/pl\/wp-json\/wp\/v2\/pages\/7365\/revisions\/7369"}],"up":[{"embeddable":true,"href":"https:\/\/elfsight.com\/pl\/wp-json\/wp\/v2\/pages\/1264"}],"wp:attachment":[{"href":"https:\/\/elfsight.com\/pl\/wp-json\/wp\/v2\/media?parent=7365"}],"curies":[{"name":"wp","href":"https:\/\/api.w.org\/{rel}","templated":true}]}}