{"id":7352,"date":"1970-01-01T00:00:00","date_gmt":"1970-01-01T00:00:00","guid":{"rendered":"https:\/\/elfsight.com\/pl\/?page_id=7352"},"modified":"2025-06-24T14:36:06","modified_gmt":"2025-06-24T14:36:06","slug":"jimdo","status":"publish","type":"page","link":"https:\/\/elfsight.com\/pl\/yelp-reviews-widget\/jimdo\/","title":{"rendered":"Yelp Reviews &#8211; Jimdo"},"content":{"rendered":"<div class=\"application-platform-content-item-description application-platform-content-item\" id=\"description\" data-nav-section=\"description\">\n<h2>Opis<\/h2>\n<p>Elfsight Recenzje Yelp to przydatny widget, kt\u00f3ry umo\u017cliwia wy\u015bwietlanie recenzji Twoich towar\u00f3w bezpo\u015brednio na Twoim ze wszystkich popularnych witryn z recenzjami. Dzi\u0119ki naszemu wid\u017cetowi mo\u017cesz zastosowa\u0107 filtry ukrywaj\u0105ce niechciane referencje, ujawni\u0107 swoj\u0105 liczb\u0119 gwiazdek i ocen\u0119 ilo\u015bciow\u0105 bezpo\u015brednio ze swojej strony na dowolnej stronie z recenzjami biznesowymi, doda\u0107 dane o autorach recenzji i do\u0142\u0105czy\u0107 przycisk CTA, kt\u00f3ry sprowokuje u\u017cytkownik\u00f3w, aby napisa\u0107 swoje przemy\u015blenia. Nasz wid\u017cet Recenzje Yelp popchnie Ci\u0119 do ujawnienia swojego wspania\u0142ego dowodu spo\u0142eczno\u015bciowego bezpo\u015brednio na stronie internetowej i zaczniesz otrzymywa\u0107 wi\u0119cej nowych zakup\u00f3w.<\/p>\n<p>Spr\u00f3buj skorzysta\u0107 z recenzji Yelp, aby u\u0142atwi\u0107 sobie wyzwania zwi\u0105zane z handlem elektronicznym!<\/p>\n<\/div>\n\n<div class=\"application-platform-content-item-features application-platform-content-item\" id=\"features\" data-nav-section=\"features\">\n<h2>Najwa\u017cniejsze funkcje wid\u017cetu obejmuj\u0105<\/h2>\n<ul>\n    <li>Umie\u015b\u0107 recenzje klient\u00f3w ze strony Yelp;<\/li>\n    <li>3 typy filtr\u00f3w: wed\u0142ug typu, wykluczania i ilo\u015bci recenzji;<\/li>\n    <li>Cztery rodzaje uk\u0142ad\u00f3w: siatka, mur, lista i suwak;<\/li>\n    <li>przeci\u0105ga nawigacj\u0119 i strza\u0142ki w uk\u0142adzie suwaka;<\/li>\n    <li>Ustaw pr\u0119dko\u015b\u0107 slajdu i pr\u0119dko\u015b\u0107 automatycznego odtwarzania;<\/li>\n    <li>Wybierz typ paginacji w uk\u0142adzie suwaka;<\/li>\n    <li>Przycisk CTA, aby uzyska\u0107 recenzje nowych u\u017cytkownik\u00f3w na stronie Yelp;<\/li>\n    <li>Trzy szablony recenzji: Klasyczny, Spotlight, Ba\u0144ka;<\/li>\n    <li>Sze\u015b\u0107 elastycznych element\u00f3w recenzji: rekomendacja i zdj\u0119cie, ocena w postaci gwiazdek, ikona Yelp, data i nazwisko autora;<\/li>\n    <li>Opcja zmiany rozmiaru czcionki tekstu.<\/li>\n<\/ul>\n<p><a href=\"#demo\">Mo\u017cesz teraz przetestowa\u0107 pe\u0142n\u0105 funkcjonalno\u015b\u0107 wid\u017cetu w wersji demonstracyjnej<\/a><\/p>\n<\/div>\n\n<div class=\"application-platform-content-item-installation application-platform-content-item\" id=\"installation\" data-nav-section=\"installation\"><\/div>\n<h2>Jak osadzi\u0107 recenzje Yelp na mojej stronie internetowej Jimdo?<\/h2>\n<p>Wystarczy wykona\u0107 kilka krok\u00f3w przedstawionych poni\u017cej, aby rozpocz\u0105\u0107 korzystanie z wid\u017cetu.<\/p>\n<ol>\n    <li>Uruchom nasz darmowy konfigurator i zacznij tworzy\u0107 sw\u00f3j unikalny wid\u017cet.\n        <br>Okre\u015bl odpowiedni\u0105 form\u0119 i funkcjonalno\u015b\u0107 narz\u0119dzia oraz zapisz zmiany.<\/li>\n    <li>Wy\u015bwietl sw\u00f3j unikalny kod w oknie aplikacji Elfsight.\n        <br>Zaraz po zako\u0144czeniu generowania wid\u017cetu skopiuj ekskluzywny kod z wy\u015bwietlonego wyskakuj\u0105cego okienka i zachowaj go na przysz\u0142e okazje.<\/li>\n    <li>Rozpocznij korzystanie z narz\u0119dzia na swojej stronie internetowej Jimdo.\n        <br>Umie\u015b\u0107 zapisany wcze\u015bniej kod na swojej stronie internetowej i zastosuj zmiany.<\/li>\n    <li>Instalacja zosta\u0142a pomy\u015blnie zako\u0144czona.\n        <br>Przejd\u017a do swojej witryny i sprawd\u017a, jak dzia\u0142a narz\u0119dzie.<\/li>\n<\/ol>\n<p>W przypadku jakichkolwiek trudno\u015bci zwr\u00f3\u0107 si\u0119 do naszego personelu pomocy technicznej. Nasi specjali\u015bci z przyjemno\u015bci\u0105 odpowiedz\u0105 na wszystkie pytania dotycz\u0105ce produktu.<\/p>\n<div class=\"faq\" data-component=\"FAQ\">\n    <div class=\"faq-item\">\r\n\t\t\t\t\t<div class=\"faq-item-question\">\r\n\t\t\t\t\t\t<h3 class=\"faq-item-question-text\">Jak doda\u0107 recenzje z Yelp do mojej witryny Jimdo bez umiej\u0119tno\u015bci kodowania?<\/h3>\r\n\r\n\t\t\t\t\t\t<div class=\"faq-item-question-icon\"><\/div>\r\n\t\t\t\t\t<\/div>\r\n\r\n\t\t\t\t\t<div class=\"faq-item-answer\">\r\n\t\t\t\t\t\t<div class=\"faq-item-answer-text\">\n    <p>Elfsight zapewnia rozwi\u0105zanie SaaS, kt\u00f3re pozwala samodzielnie utworzy\u0107 wid\u017cet Recenzje z Yelp, zobacz, jakie to proste: Pracuj bezpo\u015brednio w edytorze online, aby utworzy\u0107 wid\u017cet Recenzje z Yelp, kt\u00f3ry chcia\u0142by\u015b zobaczy\u0107 na swojej stronie Jimdo. Wybierz jeden z gotowych szablon\u00f3w i dostosuj ustawienia Recenzji z Yelp, dodaj swoj\u0105 tre\u015b\u0107, zmie\u0144 uk\u0142ad i schemat kolor\u00f3w bez umiej\u0119tno\u015bci kodowania. Zapisz recenzje z Yelp i skopiuj ich kod instalacyjny, kt\u00f3ry mo\u017cesz \u0142atwo osadzi\u0107 na swojej stronie Jimdo bez konieczno\u015bci kupowania wersji p\u0142atnej. Dzi\u0119ki naszemu intuicyjnemu edytorowi ka\u017cdy u\u017cytkownik Internetu mo\u017ce tworzy\u0107 recenzje z wid\u017cetu Yelp online i \u0142atwo umieszcza\u0107 je na swojej stronie internetowej Jimdo. Aby uzyska\u0107 dost\u0119p do us\u0142ugi, nie trzeba p\u0142aci\u0107 ani wprowadza\u0107 danych uwierzytelniaj\u0105cych karty. Je\u015bli na kt\u00f3rymkolwiek etapie napotkasz jakiekolwiek problemy, skontaktuj si\u0119 z naszym zespo\u0142em pomocy technicznej.<\/p>\n    <\/div>\r\n\t\t\t\t\t<\/div>\r\n\t\t\t\t<\/div>\n<\/div>\n","protected":false},"excerpt":{"rendered":"Jak osadzi\u0107 recenzje Yelp na mojej stronie internetowej Jimdo? Wystarczy wykona\u0107 kilka krok\u00f3w przedstawionych poni\u017cej, aby rozpocz\u0105\u0107 korzystanie z wid\u017cetu. Uruchom nasz darmowy konfigurator i zacznij tworzy\u0107 sw\u00f3j unikalny wid\u017cet. Okre\u015bl odpowiedni\u0105 form\u0119 i funkcjonalno\u015b\u0107 narz\u0119dzia oraz zapisz zmiany. Wy\u015bwietl sw\u00f3j unikalny kod w oknie aplikacji Elfsight. Zaraz po zako\u0144czeniu&#8230;","protected":false},"author":9,"featured_media":0,"parent":1264,"menu_order":0,"comment_status":"closed","ping_status":"closed","template":"templates\/template-application-platform.php","meta":{"publish_to_discourse":"","publish_post_category":"","wpdc_auto_publish_overridden":"","wpdc_topic_tags":"","wpdc_pin_topic":"","wpdc_pin_until":"","discourse_post_id":"","discourse_permalink":"","wpdc_publishing_response":"","wpdc_publishing_error":"","footnotes":""},"class_list":["post-7352","page","type-page","status-publish","hentry"],"yoast_head":"<!-- This site is optimized with the Yoast SEO plugin v25.3.1 - https:\/\/yoast.com\/wordpress\/plugins\/seo\/ -->\n<title>Dodaj wid\u017cet Recenzje Yelp do swojej witryny Jimdo (w 2 minuty)<\/title>\n<meta name=\"description\" content=\"Utworzenie wid\u017cetu Recenzji Yelp i dodanie go na stronie Jimdo nie jest trudne. Obs\u0142uga klienta Elfsight jest bezp\u0142atna.\" \/>\n<meta name=\"robots\" content=\"index, follow, max-snippet:-1, max-image-preview:large, max-video-preview:-1\" \/>\n<link rel=\"canonical\" href=\"https:\/\/elfsight.com\/pl\/yelp-reviews-widget\/jimdo\/\" \/>\n<meta property=\"og:locale\" content=\"pl_PL\" \/>\n<meta property=\"og:type\" content=\"article\" \/>\n<meta property=\"og:title\" content=\"Dodaj wid\u017cet Recenzje Yelp do swojej witryny Jimdo (w 2 minuty)\" \/>\n<meta property=\"og:description\" content=\"Utworzenie wid\u017cetu Recenzji Yelp i dodanie go na stronie Jimdo nie jest trudne. Obs\u0142uga klienta Elfsight jest bezp\u0142atna.\" \/>\n<meta property=\"og:url\" content=\"https:\/\/elfsight.com\/pl\/yelp-reviews-widget\/jimdo\/\" \/>\n<meta property=\"og:site_name\" content=\"Elfsight PL\" \/>\n<meta property=\"article:modified_time\" content=\"2025-06-24T14:36:06+00:00\" \/>\n<meta name=\"twitter:card\" content=\"summary_large_image\" \/>\n<meta name=\"twitter:label1\" content=\"Szacowany czas czytania\" \/>\n\t<meta name=\"twitter:data1\" content=\"3 minuty\" \/>\n<!-- \/ Yoast SEO plugin. -->","yoast_head_json":{"title":"Dodaj wid\u017cet Recenzje Yelp do swojej witryny Jimdo (w 2 minuty)","description":"Utworzenie wid\u017cetu Recenzji Yelp i dodanie go na stronie Jimdo nie jest trudne. Obs\u0142uga klienta Elfsight jest bezp\u0142atna.","robots":{"index":"index","follow":"follow","max-snippet":"max-snippet:-1","max-image-preview":"max-image-preview:large","max-video-preview":"max-video-preview:-1"},"canonical":"https:\/\/elfsight.com\/pl\/yelp-reviews-widget\/jimdo\/","og_locale":"pl_PL","og_type":"article","og_title":"Dodaj wid\u017cet Recenzje Yelp do swojej witryny Jimdo (w 2 minuty)","og_description":"Utworzenie wid\u017cetu Recenzji Yelp i dodanie go na stronie Jimdo nie jest trudne. Obs\u0142uga klienta Elfsight jest bezp\u0142atna.","og_url":"https:\/\/elfsight.com\/pl\/yelp-reviews-widget\/jimdo\/","og_site_name":"Elfsight PL","article_modified_time":"2025-06-24T14:36:06+00:00","twitter_card":"summary_large_image","twitter_misc":{"Szacowany czas czytania":"3 minuty"},"schema":{"@context":"https:\/\/schema.org","@graph":[{"@type":"WebPage","@id":"https:\/\/elfsight.com\/pl\/yelp-reviews-widget\/jimdo\/","url":"https:\/\/elfsight.com\/pl\/yelp-reviews-widget\/jimdo\/","name":"Dodaj wid\u017cet Recenzje Yelp do swojej witryny Jimdo (w 2 minuty)","isPartOf":{"@id":"https:\/\/elfsight.com\/pl\/#website"},"datePublished":"1970-01-01T00:00:00+00:00","dateModified":"2025-06-24T14:36:06+00:00","description":"Utworzenie wid\u017cetu Recenzji Yelp i dodanie go na stronie Jimdo nie jest trudne. Obs\u0142uga klienta Elfsight jest bezp\u0142atna.","breadcrumb":{"@id":"https:\/\/elfsight.com\/pl\/yelp-reviews-widget\/jimdo\/#breadcrumb"},"inLanguage":"pl-PL","potentialAction":[{"@type":"ReadAction","target":["https:\/\/elfsight.com\/pl\/yelp-reviews-widget\/jimdo\/"]}]},{"@type":"BreadcrumbList","@id":"https:\/\/elfsight.com\/pl\/yelp-reviews-widget\/jimdo\/#breadcrumb","itemListElement":[{"@type":"ListItem","position":1,"name":"Home","item":"https:\/\/elfsight.com\/pl\/"},{"@type":"ListItem","position":2,"name":"Yelp Reviews","item":"https:\/\/elfsight.com\/pl\/yelp-reviews-widget\/"},{"@type":"ListItem","position":3,"name":"Yelp Reviews &#8211; Jimdo"}]},{"@type":"WebSite","@id":"https:\/\/elfsight.com\/pl\/#website","url":"https:\/\/elfsight.com\/pl\/","name":"Elfsight PL","description":"Just another Elfsight Sites site","potentialAction":[{"@type":"SearchAction","target":{"@type":"EntryPoint","urlTemplate":"https:\/\/elfsight.com\/pl\/?s={search_term_string}"},"query-input":{"@type":"PropertyValueSpecification","valueRequired":true,"valueName":"search_term_string"}}],"inLanguage":"pl-PL"}]}},"meta_box":{"industry":"","seo_heading":"","heading":"","description":"","cta_heading":"","cta_description":"","application":"1263","h1":"Widget Recenzje Jimdo Yelp","h1_caption":"Prezentuj recenzje klient\u00f3w za pomoc\u0105 krzyku, aby bez wysi\u0142ku budowa\u0107 wiarygodno\u015b\u0107 i zapewni\u0107 dow\u00f3d spo\u0142eczny swojej firmy na swojej stronie internetowej Jimdo.","application_category":[],"applications_title":"","applications_request_title":"","applications_request_button_text":"","hero_text":"","hero_video":"","hero_video_schema_markup":"","selling_points_title":"","selling_points_caption":"","selling_points":[],"selling_points_cta_text":"","features_title":"","features":"","ed_cta_examples_text":"","ed_cta_examples_hidden":"","ed_cta_demo_text":"","ed_cta_demo_hidden":"","why_caption":"","why_editor_title":"","why_editor_text":"","why_team_title":"","why_team_text":"","why_service_title":"","why_service_text":"","template_catalog_visible":"0","template_catalog_title":"","template_catalog_text":"","template_catalog_categories_visible":"","demo_title":"\u015amia\u0142o, tw\u00f3rz szyte na miar\u0119 recenzje Jimdo Yelp!","demo_caption":"Dostosuj widget i dodaj go do swojej witryny korzystaj\u0105c z aktywnego demo.","default_faq_hidden":"","app_template_category":[],"platform":"193","template_public_id":"","codecanyon_url":"","codecanyon_item_id":"","codecanyon_price":"","pricing_caption":"","pricing_elfsight_apps_hide_column":"","pricing_elfsight_apps_url":"","pricing_codecanyon_price_caption":"","integration_category":[],"integration_request_title":"","integration_request_cta":"","integration_platform":"","integrations":[],"platform_category":[],"video_schema_markup":"","price":"od 0 USD \/ miesi\u0105c","trial":"","benefits":[{"text":"Bezp\u0142atna us\u0142uga monta\u017cu"},{"text":"Profesjonalna obs\u0142uga klienta"},{"text":"14-dniowa gwarancja zwrotu pieni\u0119dzy"}],"button_url":"#demo","button_target_blank":"0","button_nofollow":"0","attributes":[{"name":"Instaluje"},{"name":"Czu\u0142y"},{"name":"Kompatybilne przegl\u0105darki"}],"tags":[],"tags_disable_links":"0","hide_more_platforms":"0","video_object":"","demo_hide_cta":"0","demo_hide_cloud_options":"0","pricing_title":"","pricing":[{"pricing_icon":"platform","pricing_title":"Elfsight Apps","pricing_title_caption":"Oprogramowanie wieloplatformowe","pricing_price":"od 0 USD \/ miesi\u0105c","pricing_price_caption":"zacznij od bezp\u0142atnego planu","pricing_benefits":[{"text":"Nielimitowane strony internetowe"},{"text":"Profesjonalne i terminowe wsparcie"},{"text":"Bezp\u0142atna pomoc w monta\u017cu"},{"text":"W pe\u0142ni konfigurowalny"}],"pricing_button_text":"Dodaj do witryny","pricing_button_url":"#demo"}],"related_apps_title":"","related_apps_hidden":"0","author":"","image":[],"title":"","job":"","social_networks":[]},"_links":{"self":[{"href":"https:\/\/elfsight.com\/pl\/wp-json\/wp\/v2\/pages\/7352","targetHints":{"allow":["GET"]}}],"collection":[{"href":"https:\/\/elfsight.com\/pl\/wp-json\/wp\/v2\/pages"}],"about":[{"href":"https:\/\/elfsight.com\/pl\/wp-json\/wp\/v2\/types\/page"}],"author":[{"embeddable":true,"href":"https:\/\/elfsight.com\/pl\/wp-json\/wp\/v2\/users\/9"}],"replies":[{"embeddable":true,"href":"https:\/\/elfsight.com\/pl\/wp-json\/wp\/v2\/comments?post=7352"}],"version-history":[{"count":2,"href":"https:\/\/elfsight.com\/pl\/wp-json\/wp\/v2\/pages\/7352\/revisions"}],"predecessor-version":[{"id":10439,"href":"https:\/\/elfsight.com\/pl\/wp-json\/wp\/v2\/pages\/7352\/revisions\/10439"}],"up":[{"embeddable":true,"href":"https:\/\/elfsight.com\/pl\/wp-json\/wp\/v2\/pages\/1264"}],"wp:attachment":[{"href":"https:\/\/elfsight.com\/pl\/wp-json\/wp\/v2\/media?parent=7352"}],"curies":[{"name":"wp","href":"https:\/\/api.w.org\/{rel}","templated":true}]}}