{"id":7351,"date":"1970-01-01T00:00:00","date_gmt":"1970-01-01T00:00:00","guid":{"rendered":"https:\/\/elfsight.com\/pl\/?page_id=7351"},"modified":"2024-11-14T12:42:29","modified_gmt":"2024-11-14T12:42:29","slug":"webnode","status":"publish","type":"page","link":"https:\/\/elfsight.com\/pl\/whatsapp-chat-widget\/webnode\/","title":{"rendered":"Whatsapp Chat &#8211; Webnode"},"content":{"rendered":"<div class=\"application-platform-content-item-description application-platform-content-item\" id=\"description\" data-nav-section=\"description\"> <h2>Umie\u015b\u0107 czat WhatsApp za pomoc\u0105 wid\u017cetu Elfsight<\/h2> <p>Wid\u017cet WhatsApp stworzony przez Elfsight to naj\u0142atwiejsze narz\u0119dzie umo\u017cliwiaj\u0105ce u\u017cytkownikom Twojej witryny skontaktowanie si\u0119 z Tob\u0105 i uzyskaj odpowiedzi na ich pytania. Mo\u017cesz by\u0107 dost\u0119pny dla klient\u00f3w w ich najpopularniejszym komunikatorze 24 godziny na dob\u0119, 7 dni w tygodniu. Dodaj czat na stronie internetowej i poka\u017c go na okre\u015blonych stronach lub tylko dla okre\u015blonych kategorii odbiorc\u00f3w, aktywuj wyzwalacze rozpocz\u0119cia czatu, napisz niestandardow\u0105 wiadomo\u015b\u0107 powitaln\u0105, zmie\u0144 ikony i zastosuj inne dostosowania. Korzystaj\u0105c z czatu Webnode wbudowanego w witryn\u0119 Webnode, b\u0119dziesz w kontakcie ze swoimi u\u017cytkownikami o ka\u017cdej porze i z dowolnego miejsca.<\/p> <div class=\"faq\" data-component=\"FAQ\"> <div class=\"faq-item\">\r\n\t\t\t\t\t<div class=\"faq-item-question\">\r\n\t\t\t\t\t\t<h3 class=\"faq-item-question-text\">Gdzie mog\u0119 go wstawi\u0107?<\/h3>\r\n\r\n\t\t\t\t\t\t<div class=\"faq-item-question-icon\"><\/div>\r\n\t\t\t\t\t<\/div>\r\n\r\n\t\t\t\t\t<div class=\"faq-item-answer\">\r\n\t\t\t\t\t\t<div class=\"faq-item-answer-text\"> <p>Mo\u017cesz wstawi\u0107 widget na wszystkie strony Twojego serwisu lub tylko na wybrane strony. Inn\u0105 opcj\u0105 jest ograniczenie go na niekt\u00f3rych stronach, je\u015bli nie chcesz, aby wid\u017cet tam by\u0142. <\/p> <\/div>\r\n\t\t\t\t\t<\/div>\r\n\t\t\t\t<\/div> <div class=\"faq-item\">\r\n\t\t\t\t\t<div class=\"faq-item-question\">\r\n\t\t\t\t\t\t<h3 class=\"faq-item-question-text\">Jakie korzy\u015bci mo\u017ce mi to da\u0107?<\/h3>\r\n\r\n\t\t\t\t\t\t<div class=\"faq-item-question-icon\"><\/div>\r\n\t\t\t\t\t<\/div>\r\n\r\n\t\t\t\t\t<div class=\"faq-item-answer\">\r\n\t\t\t\t\t\t<div class=\"faq-item-answer-text\"> <p>WhatsApp Chat sprawi, \u017ce u\u017cytkownicy b\u0119d\u0105 zwraca\u0107 si\u0119 do Ciebie ze swoimi pytaniami, pro\u015bbami lub problemami. Mo\u017ce pom\u00f3c zwi\u0119kszy\u0107 liczb\u0119 potencjalnych klient\u00f3w i zakup\u00f3w. Ponadto szybkie reagowanie i spersonalizowane podej\u015bcie do ludzi poprawi jako\u015b\u0107 interakcji z klientem.<\/p> <\/div>\r\n\t\t\t\t\t<\/div>\r\n\t\t\t\t<\/div> <div class=\"faq-item\">\r\n\t\t\t\t\t<div class=\"faq-item-question\">\r\n\t\t\t\t\t\t<h3 class=\"faq-item-question-text\">Czego potrzebuj\u0119, aby osadzi\u0107 czat na mojej stronie internetowej?<\/h3>\r\n\r\n\t\t\t\t\t\t<div class=\"faq-item-question-icon\"><\/div>\r\n\t\t\t\t\t<\/div>\r\n\r\n\t\t\t\t\t<div class=\"faq-item-answer\">\r\n\t\t\t\t\t\t<div class=\"faq-item-answer-text\"> <p>To tylko trwa tylko dwie minuty, aby widget m\u00f3g\u0142 dzia\u0142a\u0107. Jest superszybki, darmowy i nie wymaga kodowania. <\/p> <p>Istnieje mo\u017cliwo\u015b\u0107 wprowadzenia wid\u017cetu na stron\u0119 internetow\u0105 bezpo\u015brednio za po\u015brednictwem naszej us\u0142ugi. Po prostu u\u017cyj kr\u00f3tkiego opisu na tej stronie.<\/p><\/div>\r\n\t\t\t\t\t<\/div>\r\n\t\t\t\t<\/div> <\/div> <\/div> <div class=\"application-platform-content-item-features application-platform-content-item\" id=\"features\" data-nav-section=\"features\"> <h2>G\u0142\u00f3wne funkcje WhatsApp Chat Widget<\/h2> <p> Aby mie\u0107 pe\u0142ny obraz Czatu na \u017cywo, odkryj list\u0119 jego g\u0142\u00f3wnych cech. Sprawiaj\u0105, \u017ce wid\u017cet jest naprawd\u0119 skuteczny dla Twojego sklepu: <\/p> <ul><li>Umie\u015b\u0107 komunikator WhatsApp na swojej stronie internetowej, aby pozosta\u0107 w kontakcie z widzami; <\/li><li>Odpowiadaj na wiadomo\u015bci bezpo\u015brednio ze swojego konta WhatsApp; <\/li><li>U\u017cyj 3 typ\u00f3w uk\u0142adu czatu: p\u0142ywaj\u0105ca ba\u0144ka, osadzana ba\u0144ka i osadzane okno czatu; <\/li><li>Przejrzyj bibliotek\u0119 ikon b\u0105belk\u00f3w do wyboru| Wybierz wariant ikony b\u0105belka z kolekcji dost\u0119pnych ikon; <\/li><li>Edytowalny tekst w dymku. <\/li><\/ul><p><a href=\"#demo\">Aby pozna\u0107 wszystkie funkcje, zobacz demonstracj\u0119 na \u017cywo<\/a><\/p> <\/div> <div class=\"application-platform-content-item-installation application-platform-content-item\" id=\"installation\" data-nav-section=\"installation\"> <h2>Jak doda\u0107 czat Whatsapp do swojej witryny Webnode<\/h2> <p> Wystarczy kilka prostych czynno\u015bci, aby osadzi\u0107. <\/p> <ul><li><b>Stw\u00f3rz sw\u00f3j spersonalizowany czat na \u017cywo<\/b><br> Korzystaj\u0105c z naszej bezp\u0142atnej wersji demonstracyjnej, stw\u00f3rz wtyczk\u0119 o niestandardowym wygl\u0105dzie i cechach funkcjonalnych.<\/li><li><b>Uzyskaj indywidualny kod do integracji wid\u017cetu<\/b><br> Po skonfigurowaniu wtyczki otrzymasz kod instalacyjny z pojawiaj\u0105cego si\u0119 okna aplikacji Elfsight. Skopiuj ten kod. <\/li> <li><b>Zintegruj wid\u017cet Chat ze swoj\u0105 witryn\u0105 Webnode<\/b><br> Wybierz miejsce, w kt\u00f3rym chcesz wy\u015bwietli\u0107 wtyczk\u0119 i wklej tam zapisany kod. Opublikuj zmiany. <\/li> <li><b>Instalacja przebieg\u0142a pomy\u015blnie<\/b><br> Przejd\u017a do witryny i zobacz swoj\u0105 prac\u0119.<\/li> <\/ul><p>Nadal nie jeste\u015b pewien? Albo natkn\u0105\u0142e\u015b si\u0119 na co\u015b? Tylko jedna pro\u015bba do naszego zespo\u0142u pomocy technicznej rozwi\u0105\u017ce ka\u017cdy problem.<\/p> <\/div><div class=\"faq\" data-component=\"FAQ\"><div class=\"faq-item\">\r\n\t\t\t\t\t<div class=\"faq-item-question\">\r\n\t\t\t\t\t\t<h3 class=\"faq-item-question-text\">Jak doda\u0107 czat Whatsapp do mojej witryny Webnode bez umiej\u0119tno\u015bci kodowania?<\/h3>\r\n\r\n\t\t\t\t\t\t<div class=\"faq-item-question-icon\"><\/div>\r\n\t\t\t\t\t<\/div>\r\n\r\n\t\t\t\t\t<div class=\"faq-item-answer\">\r\n\t\t\t\t\t\t<div class=\"faq-item-answer-text\"><p>Firma Elfsight wprowadza rozwi\u0105zanie SaaS, kt\u00f3re pozwala u\u017cytkownikowi samodzielnie wygenerowa\u0107 wid\u017cet czatu Whatsapp, obejrzyj proste kroki: <\/p><ul><li>Przejd\u017a do wersji demonstracyjnej na \u017cywo, aby ustanowi\u0107 czat Whatsapp wtyczk\u0119, kt\u00f3r\u0105 chcesz doda\u0107 na stronie g\u0142\u00f3wnej Webnode.<\/li><li>Wybierz jeden z naszych gotowych szablon\u00f3w i dostosuj ustawienia czatu Whatsapp, zaktualizuj tre\u015b\u0107, zmie\u0144 uk\u0142ad i schemat kolor\u00f3w bez kodowania.<\/li><li> Zapisz czat Whatsapp i uzyskaj kod instalacyjny, kt\u00f3ry mo\u017cna \u0142atwo bezp\u0142atnie umie\u015bci\u0107 na stronie Webnode. <\/li><\/ul><p>Korzystaj\u0105c z naszego prostego konfiguratora, ka\u017cdy u\u017cytkownik Internetu mo\u017ce ustanowi\u0107 czat Whatsapp online i bez wysi\u0142ku wklei\u0107 go do dowolnej witryny Webnode. Aby wej\u015b\u0107 do us\u0142ugi Elfsight, nie trzeba p\u0142aci\u0107 ani wprowadza\u0107 danych uwierzytelniaj\u0105cych karty. Je\u015bli napotkasz jakiekolwiek problemy, nie wahaj si\u0119 skontaktowa\u0107 z naszym zespo\u0142em pomocy technicznej.<\/p><\/div>\r\n\t\t\t\t\t<\/div>\r\n\t\t\t\t<\/div><\/div>","protected":false},"excerpt":{"rendered":"","protected":false},"author":9,"featured_media":0,"parent":857,"menu_order":0,"comment_status":"closed","ping_status":"closed","template":"templates\/template-application-platform.php","meta":{"publish_to_discourse":"","publish_post_category":"","wpdc_auto_publish_overridden":"","wpdc_topic_tags":"","wpdc_pin_topic":"","wpdc_pin_until":"","discourse_post_id":"","discourse_permalink":"","wpdc_publishing_response":"","wpdc_publishing_error":"","footnotes":""},"class_list":["post-7351","page","type-page","status-publish","hentry"],"yoast_head":"<!-- This site is optimized with the Yoast SEO plugin v25.3.1 - https:\/\/yoast.com\/wordpress\/plugins\/seo\/ -->\n<title>Dodaj wid\u017cet czatu Whatsapp do witryny Webnode (\u0142atwo i szybko)<\/title>\n<meta name=\"description\" content=\"Skonfiguruj wid\u017cet czatu na \u017cywo Whatsapp na Webnode tylko w 2 minuty. Poznaj wszystkie g\u0142\u00f3wne cechy najlepszej wtyczki czatu w bezp\u0142atnej wersji demonstracyjnej.\" \/>\n<meta name=\"robots\" content=\"index, follow, max-snippet:-1, max-image-preview:large, max-video-preview:-1\" \/>\n<link rel=\"canonical\" href=\"https:\/\/elfsight.com\/pl\/whatsapp-chat-widget\/webnode\/\" \/>\n<meta property=\"og:locale\" content=\"pl_PL\" \/>\n<meta property=\"og:type\" content=\"article\" \/>\n<meta property=\"og:title\" content=\"Dodaj wid\u017cet czatu Whatsapp do witryny Webnode (\u0142atwo i szybko)\" \/>\n<meta property=\"og:description\" content=\"Skonfiguruj wid\u017cet czatu na \u017cywo Whatsapp na Webnode tylko w 2 minuty. Poznaj wszystkie g\u0142\u00f3wne cechy najlepszej wtyczki czatu w bezp\u0142atnej wersji demonstracyjnej.\" \/>\n<meta property=\"og:url\" content=\"https:\/\/elfsight.com\/pl\/whatsapp-chat-widget\/webnode\/\" \/>\n<meta property=\"og:site_name\" content=\"Elfsight PL\" \/>\n<meta property=\"article:modified_time\" content=\"2024-11-14T12:42:29+00:00\" \/>\n<meta name=\"twitter:card\" content=\"summary_large_image\" \/>\n<meta name=\"twitter:label1\" content=\"Szacowany czas czytania\" \/>\n\t<meta name=\"twitter:data1\" content=\"3 minuty\" \/>\n<!-- \/ Yoast SEO plugin. -->","yoast_head_json":{"title":"Dodaj wid\u017cet czatu Whatsapp do witryny Webnode (\u0142atwo i szybko)","description":"Skonfiguruj wid\u017cet czatu na \u017cywo Whatsapp na Webnode tylko w 2 minuty. Poznaj wszystkie g\u0142\u00f3wne cechy najlepszej wtyczki czatu w bezp\u0142atnej wersji demonstracyjnej.","robots":{"index":"index","follow":"follow","max-snippet":"max-snippet:-1","max-image-preview":"max-image-preview:large","max-video-preview":"max-video-preview:-1"},"canonical":"https:\/\/elfsight.com\/pl\/whatsapp-chat-widget\/webnode\/","og_locale":"pl_PL","og_type":"article","og_title":"Dodaj wid\u017cet czatu Whatsapp do witryny Webnode (\u0142atwo i szybko)","og_description":"Skonfiguruj wid\u017cet czatu na \u017cywo Whatsapp na Webnode tylko w 2 minuty. Poznaj wszystkie g\u0142\u00f3wne cechy najlepszej wtyczki czatu w bezp\u0142atnej wersji demonstracyjnej.","og_url":"https:\/\/elfsight.com\/pl\/whatsapp-chat-widget\/webnode\/","og_site_name":"Elfsight PL","article_modified_time":"2024-11-14T12:42:29+00:00","twitter_card":"summary_large_image","twitter_misc":{"Szacowany czas czytania":"3 minuty"},"schema":{"@context":"https:\/\/schema.org","@graph":[{"@type":"WebPage","@id":"https:\/\/elfsight.com\/pl\/whatsapp-chat-widget\/webnode\/","url":"https:\/\/elfsight.com\/pl\/whatsapp-chat-widget\/webnode\/","name":"Dodaj wid\u017cet czatu Whatsapp do witryny Webnode (\u0142atwo i szybko)","isPartOf":{"@id":"https:\/\/elfsight.com\/pl\/#website"},"datePublished":"1970-01-01T00:00:00+00:00","dateModified":"2024-11-14T12:42:29+00:00","description":"Skonfiguruj wid\u017cet czatu na \u017cywo Whatsapp na Webnode tylko w 2 minuty. Poznaj wszystkie g\u0142\u00f3wne cechy najlepszej wtyczki czatu w bezp\u0142atnej wersji demonstracyjnej.","breadcrumb":{"@id":"https:\/\/elfsight.com\/pl\/whatsapp-chat-widget\/webnode\/#breadcrumb"},"inLanguage":"pl-PL","potentialAction":[{"@type":"ReadAction","target":["https:\/\/elfsight.com\/pl\/whatsapp-chat-widget\/webnode\/"]}]},{"@type":"BreadcrumbList","@id":"https:\/\/elfsight.com\/pl\/whatsapp-chat-widget\/webnode\/#breadcrumb","itemListElement":[{"@type":"ListItem","position":1,"name":"Home","item":"https:\/\/elfsight.com\/pl\/"},{"@type":"ListItem","position":2,"name":"WhatsApp Chat","item":"https:\/\/elfsight.com\/pl\/whatsapp-chat-widget\/"},{"@type":"ListItem","position":3,"name":"Whatsapp Chat &#8211; Webnode"}]},{"@type":"WebSite","@id":"https:\/\/elfsight.com\/pl\/#website","url":"https:\/\/elfsight.com\/pl\/","name":"Elfsight PL","description":"Just another Elfsight Sites site","potentialAction":[{"@type":"SearchAction","target":{"@type":"EntryPoint","urlTemplate":"https:\/\/elfsight.com\/pl\/?s={search_term_string}"},"query-input":{"@type":"PropertyValueSpecification","valueRequired":true,"valueName":"search_term_string"}}],"inLanguage":"pl-PL"}]}},"meta_box":{"industry":"","seo_heading":"","heading":"","description":"","cta_heading":"","cta_description":"","application":"856","h1":"Wid\u017cet czatu Webnode Whatsapp","h1_caption":"Daj u\u017cytkownikom mo\u017cliwo\u015b\u0107 skontaktowania si\u0119 z Tob\u0105 za po\u015brednictwem WhatsApp, zapewniaj\u0105c najszybsz\u0105 i najwygodniejsz\u0105 interakcj\u0119 dla odwiedzaj\u0105cych Twoj\u0105 witryn\u0119 z witryn\u0105 Webnode.","application_category":[],"applications_title":"","applications_request_title":"","applications_request_button_text":"","hero_text":"","hero_video":"","hero_video_schema_markup":"","selling_points_title":"","selling_points_caption":"","selling_points":[],"selling_points_cta_text":"","features_title":"","features":"","ed_cta_examples_text":"","ed_cta_examples_hidden":"","ed_cta_demo_text":"","ed_cta_demo_hidden":"","why_caption":"","why_editor_title":"","why_editor_text":"","why_team_title":"","why_team_text":"","why_service_title":"","why_service_text":"","template_catalog_visible":"","template_catalog_title":"","template_catalog_text":"","template_catalog_categories_visible":"","demo_title":"Utw\u00f3rz wid\u017cet czatu Whatsapp","demo_caption":"Skonfiguruj czat Whatsapp i dodaj go do swojej witryny Webnode za darmo!","default_faq_hidden":"","app_template_category":[],"platform":"138","template_public_id":"","codecanyon_url":"","codecanyon_item_id":"","codecanyon_price":"","pricing_caption":"","pricing_elfsight_apps_hide_column":"","pricing_elfsight_apps_url":"","pricing_codecanyon_price_caption":"","integration_category":[],"integration_request_title":"","integration_request_cta":"","integration_platform":"","integrations":[],"platform_category":[],"video_schema_markup":"","price":"od 0 USD \/ miesi\u0105c","trial":"","benefits":[{"text":"Bezp\u0142atna us\u0142uga monta\u017cu"},{"text":"Kompetentna obs\u0142uga klienta"},{"text":"14-dniowa gwarancja zwrotu pieni\u0119dzy"}],"button_url":"#demo","button_target_blank":"","button_nofollow":"","attributes":[{"name":"Instaluje"},{"name":"Czu\u0142y"},{"name":"Kompatybilne przegl\u0105darki"}],"tags":[],"tags_disable_links":"","hide_more_platforms":"","video_object":"","demo_hide_cta":"","demo_hide_cloud_options":"","pricing_title":"","pricing":[{"pricing_icon":"platform","pricing_title":"Elfsight Apps","pricing_title_caption":"Oprogramowanie wieloplatformowe, kt\u00f3re dzia\u0142a na dowolnej witrynie","pricing_price":"od 0 USD \/ miesi\u0105c","pricing_price_caption":"zacznij od bezp\u0142atnego planu","pricing_benefits":[{"text":"Nielimitowane domeny"},{"text":"Szybka pomoc i dobrze udokumentowana"},{"text":"Bezp\u0142atna pomoc w monta\u017cu"},{"text":"Specjalna cena za wiele aplikacji"}],"pricing_button_text":"Dodaj do witryny","pricing_button_url":"#demo"}],"related_apps_title":"","related_apps_hidden":"","author":"","image":[],"title":"","job":"","social_networks":[]},"_links":{"self":[{"href":"https:\/\/elfsight.com\/pl\/wp-json\/wp\/v2\/pages\/7351","targetHints":{"allow":["GET"]}}],"collection":[{"href":"https:\/\/elfsight.com\/pl\/wp-json\/wp\/v2\/pages"}],"about":[{"href":"https:\/\/elfsight.com\/pl\/wp-json\/wp\/v2\/types\/page"}],"author":[{"embeddable":true,"href":"https:\/\/elfsight.com\/pl\/wp-json\/wp\/v2\/users\/9"}],"replies":[{"embeddable":true,"href":"https:\/\/elfsight.com\/pl\/wp-json\/wp\/v2\/comments?post=7351"}],"version-history":[{"count":1,"href":"https:\/\/elfsight.com\/pl\/wp-json\/wp\/v2\/pages\/7351\/revisions"}],"predecessor-version":[{"id":7355,"href":"https:\/\/elfsight.com\/pl\/wp-json\/wp\/v2\/pages\/7351\/revisions\/7355"}],"up":[{"embeddable":true,"href":"https:\/\/elfsight.com\/pl\/wp-json\/wp\/v2\/pages\/857"}],"wp:attachment":[{"href":"https:\/\/elfsight.com\/pl\/wp-json\/wp\/v2\/media?parent=7351"}],"curies":[{"name":"wp","href":"https:\/\/api.w.org\/{rel}","templated":true}]}}