{"id":7350,"date":"1970-01-01T00:00:00","date_gmt":"1970-01-01T00:00:00","guid":{"rendered":"https:\/\/elfsight.com\/pl\/?page_id=7350"},"modified":"2024-11-14T12:42:29","modified_gmt":"2024-11-14T12:42:29","slug":"webflow","status":"publish","type":"page","link":"https:\/\/elfsight.com\/pl\/whatsapp-chat-widget\/webflow\/","title":{"rendered":"Whatsapp Chat &#8211; Webflow"},"content":{"rendered":"<div class=\"application-platform-content-item-description application-platform-content-item\" id=\"description\" data-nav-section=\"description\"> <h2>Umie\u015b\u0107 czat WhatsApp za pomoc\u0105 wid\u017cetu Elfsight<\/h2> <p>Wid\u017cet Whatsapp firmy Elfsight to \u0142atwy wariant umo\u017cliwiaj\u0105cy u\u017cytkownikom Twojej witryny kontaktowanie si\u0119 z Tob\u0105 i uzyska\u0107 odpowiedzi na ich pytania. Mo\u017cesz przez ca\u0142y czas by\u0107 dost\u0119pny dla klient\u00f3w online za po\u015brednictwem ich wygodnego komunikatora. Wklej czat w sklepie i wybierz, czy ma si\u0119 on pojawia\u0107 na okre\u015blonych stronach lub dla okre\u015blonych typ\u00f3w klient\u00f3w, ustaw wyzwalacze rozpocz\u0119cia czatu, skomponuj osobist\u0105 wiadomo\u015b\u0107 powitaln\u0105, wybierz ikony i wykonaj wi\u0119cej. Za pomoc\u0105 czatu Webflow wbudowanego w witryn\u0119 b\u0119dziesz przesy\u0142any do widz\u00f3w w dowolnym momencie i niezale\u017cnie od tego, gdzie si\u0119 znajdujesz.<\/p> <div class=\"faq\" data-component=\"FAQ\"> <div class=\"faq-item\">\r\n\t\t\t\t\t<div class=\"faq-item-question\">\r\n\t\t\t\t\t\t<h3 class=\"faq-item-question-text\">Gdzie na mojej stronie internetowej mog\u0119 zainstalowa\u0107 wid\u017cet<\/h3>\r\n\r\n\t\t\t\t\t\t<div class=\"faq-item-question-icon\"><\/div>\r\n\t\t\t\t\t<\/div>\r\n\r\n\t\t\t\t\t<div class=\"faq-item-answer\">\r\n\t\t\t\t\t\t<div class=\"faq-item-answer-text\"> <p> Czat WhatsApp mo\u017ce pojawia\u0107 si\u0119 na wszystkich stronach Twojej witryny lub tylko na niekt\u00f3rych stronach. Istnieje r\u00f3wnie\u017c mo\u017cliwo\u015b\u0107 wykluczenia niekt\u00f3rych stron, na kt\u00f3rych nie potrzebujesz czatu.<\/p> <\/div>\r\n\t\t\t\t\t<\/div>\r\n\t\t\t\t<\/div> <div class=\"faq-item\">\r\n\t\t\t\t\t<div class=\"faq-item-question\">\r\n\t\t\t\t\t\t<h3 class=\"faq-item-question-text\">Jakie s\u0105 dla mnie korzy\u015bci z posiadania tego widgetu?<\/h3>\r\n\r\n\t\t\t\t\t\t<div class=\"faq-item-question-icon\"><\/div>\r\n\t\t\t\t\t<\/div>\r\n\r\n\t\t\t\t\t<div class=\"faq-item-answer\">\r\n\t\t\t\t\t\t<div class=\"faq-item-answer-text\"> <p>Pozwoli to na wi\u0119cej u\u017cytkownikom, aby mogli kontaktowa\u0107 si\u0119 z Tob\u0105 w sprawie zapyta\u0144 lub problem\u00f3w. W ten spos\u00f3b mo\u017cesz zwi\u0119kszy\u0107 liczb\u0119 potencjalnych klient\u00f3w i sprzeda\u017c. Kolejn\u0105 zalet\u0105 jest to, \u017ce natychmiastowe odpowiedzi i spersonalizowane podej\u015bcie podnios\u0105 jako\u015b\u0107 relacji z Twoimi klientami.<\/p><\/div>\r\n\t\t\t\t\t<\/div>\r\n\t\t\t\t<\/div> <div class=\"faq-item\">\r\n\t\t\t\t\t<div class=\"faq-item-question\">\r\n\t\t\t\t\t\t<h3 class=\"faq-item-question-text\">Jak mog\u0119 mie\u0107 WhatsApp na mojej stronie internetowej?<\/h3>\r\n\r\n\t\t\t\t\t\t<div class=\"faq-item-question-icon\"><\/div>\r\n\t\t\t\t\t<\/div>\r\n\r\n\t\t\t\t\t<div class=\"faq-item-answer\">\r\n\t\t\t\t\t\t<div class=\"faq-item-answer-text\"> <p>Zajmie to kilka minut, aby rozpocz\u0105\u0107 korzystanie z wid\u017cetu. Osadzanie jest bardzo szybkie, bezp\u0142atne i nie wymaga kodowania.<\/p> <p>Istnieje mo\u017cliwo\u015b\u0107 dodania wid\u017cetu do witryny bezpo\u015brednio w naszym serwisie. W tym celu zapoznaj si\u0119 z poni\u017cszymi instrukcjami na tej stronie. <\/p> <\/div>\r\n\t\t\t\t\t<\/div>\r\n\t\t\t\t<\/div> <\/div> <\/div> <div class=\"application-platform-content-item-features application-platform-content-item\" id=\"features\" data-nav-section=\"features\"> <h2>G\u0142\u00f3wne funkcje WhatsApp Chat Widget <\/h2> <p>Aby zapewni\u0107 jasne zrozumienie Live CAHT, sp\u00f3jrz na list\u0119 podstawowych funkcji. Dzi\u0119ki nim nasz widget jest niezwykle wydajny dla Twojej witryny: <\/p> <ul><li>Skonfiguruj komunikator WhatsApp na swojej stronie, aby komunikowa\u0107 si\u0119 z u\u017cytkownikami; <\/li><li>Udzielaj odpowiedzi bezpo\u015brednio ze swojego konta WhatsApp; <\/li><li> Trzy typy uk\u0142adu wid\u017cet\u00f3w: p\u0142ywaj\u0105ca ba\u0144ka, osadzana ba\u0144ka i osadzane okno czatu; <\/li><li>Odkryj kolekcj\u0119 ikon b\u0105belk\u00f3w do wyboru; <\/li><li>Wprowad\u017a sw\u00f3j osobisty tekst w dymku czatu. <\/li><\/ul><p><a href=\"#demo\">Poznaj wszystkie funkcje w naszej wersji demonstracyjnej na \u017cywo<\/a><\/p> <\/div> <div class=\"application-platform-content-item-installation application-platform-content-item\" id=\"installation\" data-nav-section=\"installation\"> <h2>Jak doda\u0107 czat na \u017cywo WhatsApp do swojej witryny Webflow<\/h2><div class=\"video-container\"><iframe width=\"720\" height=\"405\" src=\"https:\/\/www.youtube.com\/embed\/VuoyD6FNVLk\" frameborder=\"0\" allowfullscreen=\"\"><\/iframe><em>Poznaj oficjalny samouczek autorstwa zespo\u0142u Weblow<\/em><\/p><\/div><p>Te kilka krok\u00f3w to jedyna rzecz, kt\u00f3rej potrzebujesz, aby skonfigurowa\u0107 wid\u017cet na swojej stronie. Zajmie to tylko kilka minut i nie b\u0119dziesz musia\u0142 kodowa\u0107.<\/p> <ul><li><b>Zaprojektuj sw\u00f3j osobisty wid\u017cet WhatsApp<\/b><br> Za pomoc\u0105 z naszego darmowego demo, stw\u00f3rz wtyczk\u0119 o wybranym wygl\u0105dzie i funkcjonalno\u015bci. <\/li><li><b>Skopiuj indywidualny kod, aby wy\u015bwietli\u0107 wid\u017cet<\/b><br> Po dostosowaniu wtyczki otrzymasz unikalny kod z powiadomienia pojawiaj\u0105cego si\u0119 w aplikacjach Elfsight. Skopiuj kod. <\/li> <li><b>Dodaj widget na swoj\u0105 stron\u0119<\/b><br> Wybierz obszar, z kt\u00f3rym chcesz zintegrowa\u0107 wtyczk\u0119 i wklej tam zapisany kod. Opublikuj wyniki. <\/li> <li><b>Konfiguracja powiod\u0142a si\u0119!<\/b><br> Wejd\u017a na stron\u0119 internetow\u0105 i obejrzyj swoj\u0105 prac\u0119. <\/li> <\/ul><p>Nadal masz w\u0105tpliwo\u015bci? Lub masz pytania? Wystarczy skierowa\u0107 zapytanie do naszego dzia\u0142u obs\u0142ugi klienta, a my pomo\u017cemy w ka\u017cdym problemie. <\/p> <\/div><div class=\"faq\" data-component=\"FAQ\"><div class=\"faq-item\">\r\n\t\t\t\t\t<div class=\"faq-item-question\">\r\n\t\t\t\t\t\t<h3 class=\"faq-item-question-text\">W jaki spos\u00f3b mog\u0119 doda\u0107 czat Whatsapp do mojego przep\u0142ywu sieci Web bez umiej\u0119tno\u015bci kodowania?<\/h3>\r\n\r\n\t\t\t\t\t\t<div class=\"faq-item-question-icon\"><\/div>\r\n\t\t\t\t\t<\/div>\r\n\r\n\t\t\t\t\t<div class=\"faq-item-answer\">\r\n\t\t\t\t\t\t<div class=\"faq-item-answer-text\"><p>Firma Elfsight dostarcza Rozwi\u0105zanie SaaS, kt\u00f3re umo\u017cliwia samodzielne tworzenie aplikacji Whatsapp Chat, zapoznaj si\u0119 z prostymi instrukcjami: <\/p><ul><li>Przejd\u017a do edytora online, aby utworzy\u0107 aplikacj\u0119 Whatsapp Chat, kt\u00f3r\u0105 chcesz doda\u0107 na swojej stronie internetowej Webflow.<\/li><li>Wybierz jeden z gotowych szablon\u00f3w i dostosuj ustawienia Czatu Whatsapp, dodaj tre\u015b\u0107, zmie\u0144 uk\u0142ad i kolory bez umiej\u0119tno\u015bci kodowania.<\/li><li>Zapisz Czat Whatsapp i uzyskaj kod wid\u017cetu do instalacji, kt\u00f3r\u0105 mo\u017cesz po prostu doda\u0107 w dowolnej witrynie Webflow, korzystaj\u0105c z bezp\u0142atnego planu. <\/li><\/ul><p>Korzystaj\u0105c z prostego edytora, ka\u017cdy u\u017cytkownik Internetu mo\u017ce zbudowa\u0107 sekcj\u0119 Czat Whatsapp i \u0142atwo osadzi\u0107 j\u0105 na swojej stronie internetowej Webflow. Aby uzyska\u0107 dost\u0119p do us\u0142ugi, nie trzeba p\u0142aci\u0107 ani ujawnia\u0107 danych karty. Je\u015bli na kt\u00f3rymkolwiek etapie napotkasz jakiekolwiek problemy, nie wahaj si\u0119 skontaktowa\u0107 z naszym personelem pomocy technicznej.<\/p><\/div>\r\n\t\t\t\t\t<\/div>\r\n\t\t\t\t<\/div><\/div>","protected":false},"excerpt":{"rendered":"","protected":false},"author":9,"featured_media":0,"parent":857,"menu_order":0,"comment_status":"closed","ping_status":"closed","template":"templates\/template-application-platform.php","meta":{"publish_to_discourse":"","publish_post_category":"","wpdc_auto_publish_overridden":"","wpdc_topic_tags":"","wpdc_pin_topic":"","wpdc_pin_until":"","discourse_post_id":"","discourse_permalink":"","wpdc_publishing_response":"","wpdc_publishing_error":"","footnotes":""},"class_list":["post-7350","page","type-page","status-publish","hentry"],"yoast_head":"<!-- This site is optimized with the Yoast SEO plugin v25.3.1 - https:\/\/yoast.com\/wordpress\/plugins\/seo\/ -->\n<title>Dodaj czat na \u017cywo Whatsapp do witryny Webflow (\u0142atwo i szybko)<\/title>\n<meta name=\"description\" content=\"Skonfiguruj wid\u017cet czatu na \u017cywo Whatsapp w Webflow tylko w 2 minuty. Poznaj wszystkie g\u0142\u00f3wne cechy najlepszej wtyczki czatu w bezp\u0142atnej wersji demonstracyjnej.\" \/>\n<meta name=\"robots\" content=\"index, follow, max-snippet:-1, max-image-preview:large, max-video-preview:-1\" \/>\n<link rel=\"canonical\" href=\"https:\/\/elfsight.com\/pl\/whatsapp-chat-widget\/webflow\/\" \/>\n<meta property=\"og:locale\" content=\"pl_PL\" \/>\n<meta property=\"og:type\" content=\"article\" \/>\n<meta property=\"og:title\" content=\"Dodaj czat na \u017cywo Whatsapp do witryny Webflow (\u0142atwo i szybko)\" \/>\n<meta property=\"og:description\" content=\"Skonfiguruj wid\u017cet czatu na \u017cywo Whatsapp w Webflow tylko w 2 minuty. Poznaj wszystkie g\u0142\u00f3wne cechy najlepszej wtyczki czatu w bezp\u0142atnej wersji demonstracyjnej.\" \/>\n<meta property=\"og:url\" content=\"https:\/\/elfsight.com\/pl\/whatsapp-chat-widget\/webflow\/\" \/>\n<meta property=\"og:site_name\" content=\"Elfsight PL\" \/>\n<meta property=\"article:modified_time\" content=\"2024-11-14T12:42:29+00:00\" \/>\n<meta name=\"twitter:card\" content=\"summary_large_image\" \/>\n<meta name=\"twitter:label1\" content=\"Szacowany czas czytania\" \/>\n\t<meta name=\"twitter:data1\" content=\"4 minuty\" \/>\n<!-- \/ Yoast SEO plugin. -->","yoast_head_json":{"title":"Dodaj czat na \u017cywo Whatsapp do witryny Webflow (\u0142atwo i szybko)","description":"Skonfiguruj wid\u017cet czatu na \u017cywo Whatsapp w Webflow tylko w 2 minuty. Poznaj wszystkie g\u0142\u00f3wne cechy najlepszej wtyczki czatu w bezp\u0142atnej wersji demonstracyjnej.","robots":{"index":"index","follow":"follow","max-snippet":"max-snippet:-1","max-image-preview":"max-image-preview:large","max-video-preview":"max-video-preview:-1"},"canonical":"https:\/\/elfsight.com\/pl\/whatsapp-chat-widget\/webflow\/","og_locale":"pl_PL","og_type":"article","og_title":"Dodaj czat na \u017cywo Whatsapp do witryny Webflow (\u0142atwo i szybko)","og_description":"Skonfiguruj wid\u017cet czatu na \u017cywo Whatsapp w Webflow tylko w 2 minuty. Poznaj wszystkie g\u0142\u00f3wne cechy najlepszej wtyczki czatu w bezp\u0142atnej wersji demonstracyjnej.","og_url":"https:\/\/elfsight.com\/pl\/whatsapp-chat-widget\/webflow\/","og_site_name":"Elfsight PL","article_modified_time":"2024-11-14T12:42:29+00:00","twitter_card":"summary_large_image","twitter_misc":{"Szacowany czas czytania":"4 minuty"},"schema":{"@context":"https:\/\/schema.org","@graph":[{"@type":"WebPage","@id":"https:\/\/elfsight.com\/pl\/whatsapp-chat-widget\/webflow\/","url":"https:\/\/elfsight.com\/pl\/whatsapp-chat-widget\/webflow\/","name":"Dodaj czat na \u017cywo Whatsapp do witryny Webflow (\u0142atwo i szybko)","isPartOf":{"@id":"https:\/\/elfsight.com\/pl\/#website"},"datePublished":"1970-01-01T00:00:00+00:00","dateModified":"2024-11-14T12:42:29+00:00","description":"Skonfiguruj wid\u017cet czatu na \u017cywo Whatsapp w Webflow tylko w 2 minuty. Poznaj wszystkie g\u0142\u00f3wne cechy najlepszej wtyczki czatu w bezp\u0142atnej wersji demonstracyjnej.","breadcrumb":{"@id":"https:\/\/elfsight.com\/pl\/whatsapp-chat-widget\/webflow\/#breadcrumb"},"inLanguage":"pl-PL","potentialAction":[{"@type":"ReadAction","target":["https:\/\/elfsight.com\/pl\/whatsapp-chat-widget\/webflow\/"]}]},{"@type":"BreadcrumbList","@id":"https:\/\/elfsight.com\/pl\/whatsapp-chat-widget\/webflow\/#breadcrumb","itemListElement":[{"@type":"ListItem","position":1,"name":"Home","item":"https:\/\/elfsight.com\/pl\/"},{"@type":"ListItem","position":2,"name":"WhatsApp Chat","item":"https:\/\/elfsight.com\/pl\/whatsapp-chat-widget\/"},{"@type":"ListItem","position":3,"name":"Whatsapp Chat &#8211; Webflow"}]},{"@type":"WebSite","@id":"https:\/\/elfsight.com\/pl\/#website","url":"https:\/\/elfsight.com\/pl\/","name":"Elfsight PL","description":"Just another Elfsight Sites site","potentialAction":[{"@type":"SearchAction","target":{"@type":"EntryPoint","urlTemplate":"https:\/\/elfsight.com\/pl\/?s={search_term_string}"},"query-input":{"@type":"PropertyValueSpecification","valueRequired":true,"valueName":"search_term_string"}}],"inLanguage":"pl-PL"}]}},"meta_box":{"industry":"","seo_heading":"","heading":"","description":"","cta_heading":"","cta_description":"","application":"856","h1":"Czat na \u017cywo w Webflow Whatsapp","h1_caption":"Daj u\u017cytkownikom mo\u017cliwo\u015b\u0107 skontaktowania si\u0119 z Tob\u0105 za po\u015brednictwem WhatsApp, zapewniaj\u0105c najszybsz\u0105 i najwygodniejsz\u0105 interakcj\u0119 dla odwiedzaj\u0105cych Twoj\u0105 witryn\u0119 z witryn\u0105 Webflow.","application_category":[],"applications_title":"","applications_request_title":"","applications_request_button_text":"","hero_text":"","hero_video":"","hero_video_schema_markup":"","selling_points_title":"","selling_points_caption":"","selling_points":[],"selling_points_cta_text":"","features_title":"","features":"","ed_cta_examples_text":"","ed_cta_examples_hidden":"","ed_cta_demo_text":"","ed_cta_demo_hidden":"","why_caption":"","why_editor_title":"","why_editor_text":"","why_team_title":"","why_team_text":"","why_service_title":"","why_service_text":"","template_catalog_visible":"0","template_catalog_title":"","template_catalog_text":"","template_catalog_categories_visible":"","demo_title":"Utw\u00f3rz wid\u017cet czatu Whatsapp","demo_caption":"Skonfiguruj czat Whatsapp i dodaj go do swojej witryny Webflow za darmo!","default_faq_hidden":"","app_template_category":[],"platform":"127","template_public_id":"","codecanyon_url":"","codecanyon_item_id":"","codecanyon_price":"","pricing_caption":"","pricing_elfsight_apps_hide_column":"","pricing_elfsight_apps_url":"","pricing_codecanyon_price_caption":"","integration_category":[],"integration_request_title":"","integration_request_cta":"","integration_platform":"","integrations":[],"platform_category":[],"video_schema_markup":"","price":"od 0 USD \/ miesi\u0105c","trial":"","benefits":[{"text":"Bezp\u0142atna pomoc w instalacji"},{"text":"Skuteczna obs\u0142uga klienta"},{"text":"14-dniowa gwarancja zwrotu pieni\u0119dzy"}],"button_url":"#demo","button_target_blank":"0","button_nofollow":"0","attributes":[{"name":"Instaluje","content":"100,000 - 500,000"},{"name":"Czu\u0142y","content":"Tak"},{"name":"Kompatybilne przegl\u0105darki","content":"IE11, Firefox, Safari, Opera, Chrome, Edge"}],"tags":[],"tags_disable_links":"0","hide_more_platforms":"","video_object":"","demo_hide_cta":"0","demo_hide_cloud_options":"0","pricing_title":"","pricing":[{"pricing_icon":"platform","pricing_title":"Elfsight Apps","pricing_title_caption":"Oprogramowanie wieloplatformowe, kt\u00f3re pasuje do ka\u017cdej witryny","pricing_price":"od 0 USD \/ miesi\u0105c","pricing_price_caption":"zacznij od bezp\u0142atnego planu","pricing_benefits":[{"text":"Nieograniczona liczba stron internetowych"},{"text":"Wsparcie premium"},{"text":"Bezp\u0142atna pomoc w monta\u017cu"},{"text":"Specjalna cena za wiele aplikacji"}],"pricing_button_text":"Dodaj do witryny","pricing_button_url":"#demo"}],"related_apps_title":"","related_apps_hidden":"0","author":"","image":[],"title":"","job":"","social_networks":[]},"_links":{"self":[{"href":"https:\/\/elfsight.com\/pl\/wp-json\/wp\/v2\/pages\/7350","targetHints":{"allow":["GET"]}}],"collection":[{"href":"https:\/\/elfsight.com\/pl\/wp-json\/wp\/v2\/pages"}],"about":[{"href":"https:\/\/elfsight.com\/pl\/wp-json\/wp\/v2\/types\/page"}],"author":[{"embeddable":true,"href":"https:\/\/elfsight.com\/pl\/wp-json\/wp\/v2\/users\/9"}],"replies":[{"embeddable":true,"href":"https:\/\/elfsight.com\/pl\/wp-json\/wp\/v2\/comments?post=7350"}],"version-history":[{"count":2,"href":"https:\/\/elfsight.com\/pl\/wp-json\/wp\/v2\/pages\/7350\/revisions"}],"predecessor-version":[{"id":8141,"href":"https:\/\/elfsight.com\/pl\/wp-json\/wp\/v2\/pages\/7350\/revisions\/8141"}],"up":[{"embeddable":true,"href":"https:\/\/elfsight.com\/pl\/wp-json\/wp\/v2\/pages\/857"}],"wp:attachment":[{"href":"https:\/\/elfsight.com\/pl\/wp-json\/wp\/v2\/media?parent=7350"}],"curies":[{"name":"wp","href":"https:\/\/api.w.org\/{rel}","templated":true}]}}