{"id":7349,"date":"2024-05-03T06:55:00","date_gmt":"2024-05-03T06:55:00","guid":{"rendered":"https:\/\/elfsight.com\/pl\/?page_id=7349"},"modified":"2025-11-01T11:15:01","modified_gmt":"2025-11-01T11:15:01","slug":"squarespace","status":"publish","type":"page","link":"https:\/\/elfsight.com\/pl\/whatsapp-chat-widget\/squarespace\/","title":{"rendered":"Whatsapp Chat &#8211; Squarespace"},"content":{"rendered":"<div class=\"application-platform-content-item-description application-platform-content-item\" id=\"description\" data-nav-section=\"description\"> <h2>Umie\u015b\u0107 czat WhatsApp za pomoc\u0105 wid\u017cetu Elfsight<\/h2> <p>Wtyczka WhatsApp stworzona przez Elfsight to najszybszy spos\u00f3b, w jaki klienci Twojej witryny mog\u0105 si\u0119 z Tob\u0105 skontaktowa\u0107 i us\u0142ysze\u0107 odpowiedzi na ich pytania i pro\u015bby. Teraz mo\u017cesz by\u0107 dost\u0119pny dla widz\u00f3w w ukochanym komunikatorze, bez wzgl\u0119du na to, gdzie jeste\u015b. Wstaw czat w sklepie, a mo\u017ce on pojawi\u0107 si\u0119 na wybranych stronach lub dla wybranych kategorii klient\u00f3w, wybra\u0107 wyzwalacze rozpocz\u0119cia czatu, wpisa\u0107 osobist\u0105 wiadomo\u015b\u0107 powitaln\u0105, wybra\u0107 ikony i wiele wi\u0119cej. Korzystaj\u0105c z czatu Squarespace na swojej stronie internetowej, b\u0119dziesz dost\u0119pny dla swoich odbiorc\u00f3w w dowolnym czasie i miejscu.<\/p> <div class=\"faq\" data-component=\"FAQ\"><div class=\"faq-item\">\r\n\t\t\t\t\t<div class=\"faq-item-question\">\r\n\t\t\t\t\t\t<h3 class=\"faq-item-question-text\">Jak doda\u0107 przycisk Czat WhatsApp do stron\u0119 Squarespace?<\/h3>\r\n\r\n\t\t\t\t\t\t<div class=\"faq-item-question-icon\"><\/div>\r\n\t\t\t\t\t<\/div>\r\n\r\n\t\t\t\t\t<div class=\"faq-item-answer\">\r\n\t\t\t\t\t\t<div class=\"faq-item-answer-text\"><p>Dodasz wtyczk\u0119 czatu WhatsApp do witryny Squarespace w zaledwie 90 sekund.<\/p><ol><li>Dostosuj wid\u017cet Squarespace w bezp\u0142atnym konfiguratorze i zobacz zmiany na \u017cywo.<\/li> <li>Uzyskaj kod instalacyjny.<\/li> <li>Wprowad\u017a kod w wymaganym miejscu na zapleczu witryny Squarespace.<\/li> <li>To wszystko! W ten spos\u00f3b mo\u017cesz osadzi\u0107 wtyczk\u0119 czatu WhatsApp w Squarespace!<\/li><\/ol><p>Masz problemy z w\u0142o\u017ceniem wtyczki lub jej konfiguracj\u0105? Mo\u017cesz zobaczy\u0107 szczeg\u00f3\u0142owy przewodnik <a href=\"https:\/\/elfsight.com\/tutorials\/how-to-add-whatsapp-chat-widget-to-website\/#how-to-add-whatsapp-to-squarespace\">na tej stronie<\/a>.<\/p><\/div>\r\n\t\t\t\t\t<\/div>\r\n\t\t\t\t<\/div><div class=\"faq-item\">\r\n\t\t\t\t\t<div class=\"faq-item-question\">\r\n\t\t\t\t\t\t<h3 class=\"faq-item-question-text\">Czy mog\u0119 zobaczy\u0107, jak wtyczka b\u0119dzie wygl\u0105da\u0107 na mojej stronie?<\/h3>\r\n\r\n\t\t\t\t\t\t<div class=\"faq-item-question-icon\"><\/div>\r\n\t\t\t\t\t<\/div>\r\n\r\n\t\t\t\t\t<div class=\"faq-item-answer\">\r\n\t\t\t\t\t\t<div class=\"faq-item-answer-text\"><p>Zdecydowanie! Tworz\u0105c wtyczk\u0119 Squarespace WhatsApp Chat <a href=\"https:\/\/elfsight.com\/whatsapp-chat-widget\/#demo\">w edytorze na \u017cywo<\/a>, uwzgl\u0119dnisz wszystkie konfiguracje w prawej cz\u0119\u015bci To. Okno czatu b\u0119dzie wygl\u0105da\u0107 dok\u0142adnie tak samo, jak to, co znajdziesz w witrynie Squarespace.<\/p><\/div>\r\n\t\t\t\t\t<\/div>\r\n\t\t\t\t<\/div><div class=\"faq-item\">\r\n\t\t\t\t\t<div class=\"faq-item-question\">\r\n\t\t\t\t\t\t<h3 class=\"faq-item-question-text\">Jakie popularne wtyczki s\u0105 niezb\u0119dne w witrynie Squarespace?<\/h3>\r\n\r\n\t\t\t\t\t\t<div class=\"faq-item-question-icon\"><\/div>\r\n\t\t\t\t\t<\/div>\r\n\r\n\t\t\t\t\t<div class=\"faq-item-answer\">\r\n\t\t\t\t\t\t<div class=\"faq-item-answer-text\"><p> Mo\u017cesz znale\u017a\u0107 wiele niesamowitych narz\u0119dzi zwi\u0119kszaj\u0105cych funkcjonalno\u015b\u0107 witryny Squarespace. Istniej\u0105 na przyk\u0142ad <a href=\"https:\/\/elfsight.com\/google-reviews-widget\/squarespace\/\">Recenzje Google<\/a>, <a href=\"https:\/\/elfsight.com\/qr- code-widget\/squarespace\/\">Kod QR<\/a> i <a href=\"https:\/\/elfsight.com\/whatsapp-chat-widget\/squarespace\/\">Czat WhatsApp<\/a>. Dost\u0119pne s\u0105 te\u017c <a href=\"https:\/\/elfsight.com\/event-calendar-widget\/squarespace\/\">Kalendarz wydarze\u0144<\/a> i <a href=\"https:\/\/elfsight.com\/countdown-timer -widget\/squarespace\/\">Licznik czasu<\/a>. Wszystkie te wtyczki doskonale nadaj\u0105 si\u0119 do witryny Twojej ma\u0142ej firmy i zwi\u0119ksz\u0105 zaanga\u017cowanie.<\/p><\/div>\r\n\t\t\t\t\t<\/div>\r\n\t\t\t\t<\/div><\/div><\/div> <div class=\"application-platform-content-item-features application-platform-content-item\" id=\"features\" data-nav-section=\"features\"> <h2>G\u0142\u00f3wne funkcje wid\u017cetu WhatsApp Chat<\/h2> <p>Aby lepiej pozna\u0107 wtyczk\u0119 Chat, przejrzyj list\u0119 jej g\u0142\u00f3wnych funkcji. Dzi\u0119ki nim nasz widget jest maksymalnie wydajny:<\/p> <ul><li>Wprowad\u017a komunikator WhatsApp do swojego sklepu, aby prowadzi\u0107 czaty na \u017cywo z widzami;<\/li><li>Udzielaj odpowiedzi bezpo\u015brednio ze swojego konta WhatsApp;<\/li><li> Trzy opcje uk\u0142adu czatu: p\u0142ywaj\u0105ca ba\u0144ka, osadzona ba\u0144ka i osadzona okno czatu;<\/li><li> Wybierz ikon\u0119 dymka z biblioteki dost\u0119pnych ikon;<\/li><li>Edytowany tekst w dymku. <\/li><\/ul><p><a href=\"#demo\">Sprawd\u017a wi\u0119cej funkcji w wersji demonstracyjnej<\/a><\/p> <\/div> <div class=\"application-platform-content-item-installation application-platform-content-item\" id=\"installation\" data-nav-section=\"installation\"> <h2>Jak to zrobi\u0107 dodaj wtyczk\u0119 Czat na \u017cywo do swojej witryny Squarespace<\/h2><div class=\"video-container\">\n<iframe width=\"720\" height=\"405\" src=\"https:\/\/www.youtube.com\/embed\/Ox2aiS5huj4?si=NHa1x26ndpNmw3us\" frameborder=\"0\" allowfullscreen=\"\"><\/iframe>\n<\/div><p>Poni\u017csze czynno\u015bci to jedyne, czego potrzebujesz, aby zademonstrowa\u0107 wid\u017cet. <\/p> <ul><li><b>Skonstruuj swoj\u0105 unikaln\u0105 wtyczk\u0119 WhatsApp<\/b><br> Za pomoc\u0105 naszego bezp\u0142atnego konfiguratora skonfiguruj wid\u017cet z preferowanym uk\u0142adem i cechami funkcjonalnymi. <\/li><li><b>Uzyskaj osobisty kod do zainstalowania wtyczki<\/b><br> Po utworzeniu wid\u017cetu otrzymasz kod instalacyjny z wy\u015bwietlonego okna aplikacji Elfsight. Skopiuj ten kod. <\/li> <li><b>Osad\u017a wtyczk\u0119 Chat na swojej stronie Squarespace<\/b><br> Wybierz obszar, w kt\u00f3rym chcesz wy\u015bwietli\u0107 wid\u017cet i wstaw tam zapisany kod. Zapisz zmiany.<\/li><li><b>Gotowe!<\/b><br> Przejd\u017a do witryny, aby sprawdzi\u0107 wtyczk\u0119.<\/li> <\/ul><p>Nadal nie mo\u017cna utworzy\u0107 decyzja? Lub masz pytania do zadania? Tylko jedna pro\u015bba do naszego zespo\u0142u wsparcia pomo\u017ce w ka\u017cdym problemie. <\/p> <\/div><div class=\"faq\" data-component=\"FAQ\"><div class=\"faq-item\">\r\n\t\t\t\t\t<div class=\"faq-item-question\">\r\n\t\t\t\t\t\t<h3 class=\"faq-item-question-text\">W jaki spos\u00f3b mo\u017cna osadzi\u0107 czat Whatsapp na mojej stronie Squarespace bez do\u015bwiadczenia w kodowaniu?<\/h3>\r\n\r\n\t\t\t\t\t\t<div class=\"faq-item-question-icon\"><\/div>\r\n\t\t\t\t\t<\/div>\r\n\r\n\t\t\t\t\t<div class=\"faq-item-answer\">\r\n\t\t\t\t\t\t<div class=\"faq-item-answer-text\"><p>Elfsight firma zapewnia rozwi\u0105zanie, kt\u00f3re umo\u017cliwia u\u017cytkownikom samodzielne zbudowanie sekcji czatu Whatsapp, obejrzyj prosty przewodnik: <\/p><ul><li>Pracuj bezpo\u015brednio w edytorze online, aby zbudowa\u0107 wtyczk\u0119 czatu Whatsapp, kt\u00f3r\u0105 chcesz doda\u0107 na swojej stronie Squarespace .<\/li><li>Kliknij jeden z wielu gotowych szablon\u00f3w i dostosuj ustawienia czatu Whatsapp, zmie\u0144 uk\u0142ad i schemat kolor\u00f3w, do\u0142\u0105cz tre\u015b\u0107 bez kodowania.<\/li><li>Zapisz czat Whatsapp i skopiuj kod do osadzenia, kt\u00f3re mo\u017cesz \u0142atwo i bezp\u0142atnie doda\u0107 na swojej stronie g\u0142\u00f3wnej Squarespace. <\/li><\/ul><p>Dzi\u0119ki intuicyjnemu konfiguratorowi ka\u017cdy u\u017cytkownik Internetu mo\u017ce skonfigurowa\u0107 wtyczk\u0119 Whatsapp Chat i \u0142atwo doda\u0107 j\u0105 do swojej strony g\u0142\u00f3wnej Squarespace. Aby uzyska\u0107 dost\u0119p do Edytora Elfsight, nie wolno p\u0142aci\u0107 ani wprowadza\u0107 danych uwierzytelniaj\u0105cych karty. Je\u015bli napotkasz jakiekolwiek problemy, skontaktuj si\u0119 z naszym personelem pomocy technicznej.<\/p><\/div>\r\n\t\t\t\t\t<\/div>\r\n\t\t\t\t<\/div><\/div>","protected":false},"excerpt":{"rendered":"","protected":false},"author":9,"featured_media":0,"parent":857,"menu_order":0,"comment_status":"closed","ping_status":"closed","template":"templates\/template-application-platform.php","meta":{"publish_to_discourse":"","publish_post_category":"","wpdc_auto_publish_overridden":"","wpdc_topic_tags":"","wpdc_pin_topic":"","wpdc_pin_until":"","discourse_post_id":"","discourse_permalink":"","wpdc_publishing_response":"","wpdc_publishing_error":"","footnotes":""},"class_list":["post-7349","page","type-page","status-publish","hentry"],"yoast_head":"<!-- This site is optimized with the Yoast SEO plugin v25.3.1 - https:\/\/yoast.com\/wordpress\/plugins\/seo\/ -->\n<title>Dodaj wtyczk\u0119 Whatsapp Live Chat do witryny Squarespace (w 2 minuty)<\/title>\n<meta name=\"description\" content=\"Skonfiguruj wtyczk\u0119 czatu na \u017cywo Whatsapp w Squarespace tylko w 2 minuty. Poznaj wszystkie g\u0142\u00f3wne cechy najlepszego widgetu czatu w bezp\u0142atnej wersji demonstracyjnej.\" \/>\n<meta name=\"robots\" content=\"index, follow, max-snippet:-1, max-image-preview:large, max-video-preview:-1\" \/>\n<link rel=\"canonical\" href=\"https:\/\/elfsight.com\/pl\/whatsapp-chat-widget\/squarespace\/\" \/>\n<meta property=\"og:locale\" content=\"pl_PL\" \/>\n<meta property=\"og:type\" content=\"article\" \/>\n<meta property=\"og:title\" content=\"Dodaj wtyczk\u0119 Whatsapp Live Chat do witryny Squarespace (w 2 minuty)\" \/>\n<meta property=\"og:description\" content=\"Skonfiguruj wtyczk\u0119 czatu na \u017cywo Whatsapp w Squarespace tylko w 2 minuty. Poznaj wszystkie g\u0142\u00f3wne cechy najlepszego widgetu czatu w bezp\u0142atnej wersji demonstracyjnej.\" \/>\n<meta property=\"og:url\" content=\"https:\/\/elfsight.com\/pl\/whatsapp-chat-widget\/squarespace\/\" \/>\n<meta property=\"og:site_name\" content=\"Elfsight PL\" \/>\n<meta property=\"article:modified_time\" content=\"2025-11-01T11:15:01+00:00\" \/>\n<meta name=\"twitter:card\" content=\"summary_large_image\" \/>\n<meta name=\"twitter:label1\" content=\"Szacowany czas czytania\" \/>\n\t<meta name=\"twitter:data1\" content=\"4 minuty\" \/>\n<!-- \/ Yoast SEO plugin. -->","yoast_head_json":{"title":"Dodaj wtyczk\u0119 Whatsapp Live Chat do witryny Squarespace (w 2 minuty)","description":"Skonfiguruj wtyczk\u0119 czatu na \u017cywo Whatsapp w Squarespace tylko w 2 minuty. Poznaj wszystkie g\u0142\u00f3wne cechy najlepszego widgetu czatu w bezp\u0142atnej wersji demonstracyjnej.","robots":{"index":"index","follow":"follow","max-snippet":"max-snippet:-1","max-image-preview":"max-image-preview:large","max-video-preview":"max-video-preview:-1"},"canonical":"https:\/\/elfsight.com\/pl\/whatsapp-chat-widget\/squarespace\/","og_locale":"pl_PL","og_type":"article","og_title":"Dodaj wtyczk\u0119 Whatsapp Live Chat do witryny Squarespace (w 2 minuty)","og_description":"Skonfiguruj wtyczk\u0119 czatu na \u017cywo Whatsapp w Squarespace tylko w 2 minuty. Poznaj wszystkie g\u0142\u00f3wne cechy najlepszego widgetu czatu w bezp\u0142atnej wersji demonstracyjnej.","og_url":"https:\/\/elfsight.com\/pl\/whatsapp-chat-widget\/squarespace\/","og_site_name":"Elfsight PL","article_modified_time":"2025-11-01T11:15:01+00:00","twitter_card":"summary_large_image","twitter_misc":{"Szacowany czas czytania":"4 minuty"},"schema":{"@context":"https:\/\/schema.org","@graph":[{"@type":"WebPage","@id":"https:\/\/elfsight.com\/pl\/whatsapp-chat-widget\/squarespace\/","url":"https:\/\/elfsight.com\/pl\/whatsapp-chat-widget\/squarespace\/","name":"Dodaj wtyczk\u0119 Whatsapp Live Chat do witryny Squarespace (w 2 minuty)","isPartOf":{"@id":"https:\/\/elfsight.com\/pl\/#website"},"datePublished":"2024-05-03T06:55:00+00:00","dateModified":"2025-11-01T11:15:01+00:00","description":"Skonfiguruj wtyczk\u0119 czatu na \u017cywo Whatsapp w Squarespace tylko w 2 minuty. Poznaj wszystkie g\u0142\u00f3wne cechy najlepszego widgetu czatu w bezp\u0142atnej wersji demonstracyjnej.","breadcrumb":{"@id":"https:\/\/elfsight.com\/pl\/whatsapp-chat-widget\/squarespace\/#breadcrumb"},"inLanguage":"pl-PL","potentialAction":[{"@type":"ReadAction","target":["https:\/\/elfsight.com\/pl\/whatsapp-chat-widget\/squarespace\/"]}]},{"@type":"BreadcrumbList","@id":"https:\/\/elfsight.com\/pl\/whatsapp-chat-widget\/squarespace\/#breadcrumb","itemListElement":[{"@type":"ListItem","position":1,"name":"Home","item":"https:\/\/elfsight.com\/pl\/"},{"@type":"ListItem","position":2,"name":"WhatsApp Chat","item":"https:\/\/elfsight.com\/pl\/whatsapp-chat-widget\/"},{"@type":"ListItem","position":3,"name":"Whatsapp Chat &#8211; Squarespace"}]},{"@type":"WebSite","@id":"https:\/\/elfsight.com\/pl\/#website","url":"https:\/\/elfsight.com\/pl\/","name":"Elfsight PL","description":"Just another Elfsight Sites site","potentialAction":[{"@type":"SearchAction","target":{"@type":"EntryPoint","urlTemplate":"https:\/\/elfsight.com\/pl\/?s={search_term_string}"},"query-input":{"@type":"PropertyValueSpecification","valueRequired":true,"valueName":"search_term_string"}}],"inLanguage":"pl-PL"}]}},"meta_box":{"industry":"","seo_heading":"","heading":"","description":"","cta_heading":"","cta_description":"","application":"856","h1":"Wtyczka czatu na \u017cywo Squarespace Whatsapp","h1_caption":"Daj u\u017cytkownikom mo\u017cliwo\u015b\u0107 skontaktowania si\u0119 z Tob\u0105 za po\u015brednictwem WhatsApp, zapewniaj\u0105c najszybsz\u0105 i najwygodniejsz\u0105 interakcj\u0119 dla odwiedzaj\u0105cych Twoj\u0105 witryn\u0119 z witryn\u0105 Squarespace.","application_category":[],"applications_title":"","applications_request_title":"","applications_request_button_text":"","hero_text":"","hero_video":"","hero_video_schema_markup":"","selling_points_title":"","selling_points_caption":"","selling_points":[],"selling_points_cta_text":"","features_title":"","features":"","ed_cta_examples_text":"","ed_cta_examples_hidden":"","ed_cta_demo_text":"","ed_cta_demo_hidden":"","why_caption":"","why_editor_title":"","why_editor_text":"","why_team_title":"","why_team_text":"","why_service_title":"","why_service_text":"","template_catalog_visible":"0","template_catalog_title":"","template_catalog_text":"","template_catalog_categories_visible":"","demo_title":"Utw\u00f3rz wtyczk\u0119 czatu Whatsapp","demo_caption":"Skonfiguruj czat Whatsapp i dodaj go do swojej witryny Squarespace za darmo!","default_faq_hidden":"","app_template_category":[],"platform":"7588","template_public_id":"","codecanyon_url":"","codecanyon_item_id":"","codecanyon_price":"","pricing_caption":"","pricing_elfsight_apps_hide_column":"","pricing_elfsight_apps_url":"","pricing_codecanyon_price_caption":"","integration_category":[],"integration_request_title":"","integration_request_cta":"","integration_platform":"","integrations":[],"platform_category":[],"video_schema_markup":"","price":"od 0 USD \/ miesi\u0105c","trial":"","benefits":[{"text":"Bezp\u0142atna pomoc w instalacji"},{"text":"Skuteczna obs\u0142uga klienta"},{"text":"14-dniowa gwarancja zwrotu pieni\u0119dzy"},{"text":"Przysz\u0142e ulepszenia"}],"button_url":"#demo","button_target_blank":"0","button_nofollow":"0","attributes":[{"name":"Instaluje","content":"100,000 - 500,000"},{"name":"Czu\u0142y","content":"Tak"},{"name":"Kompatybilne przegl\u0105darki","content":"Firefox, Safari, Opera, Chrome, Edge"}],"tags":[],"tags_disable_links":"0","hide_more_platforms":"0","video_object":"","demo_hide_cta":"0","demo_hide_cloud_options":"0","pricing_title":"","pricing":[{"pricing_icon":"platform","pricing_title":"Elfsight Apps","pricing_title_caption":"Niezale\u017cne od platformy rozwi\u0105zanie cyfrowe, kt\u00f3re dzia\u0142a na ka\u017cdej stronie","pricing_price":"od 0 USD \/ miesi\u0105c","pricing_price_caption":"zacznij od bezp\u0142atnego planu","pricing_benefits":[{"text":"Nielimitowane strony internetowe"},{"text":"Wsparcie premium i na czas"},{"text":"Bezp\u0142atne wsparcie przy instalacji"},{"text":"W pe\u0142ni konfigurowalny"}],"pricing_button_text":"Dodaj do witryny","pricing_button_url":"#demo"}],"related_apps_title":"","related_apps_hidden":"0","author":"","image":[],"title":"","job":"","social_networks":[]},"_links":{"self":[{"href":"https:\/\/elfsight.com\/pl\/wp-json\/wp\/v2\/pages\/7349","targetHints":{"allow":["GET"]}}],"collection":[{"href":"https:\/\/elfsight.com\/pl\/wp-json\/wp\/v2\/pages"}],"about":[{"href":"https:\/\/elfsight.com\/pl\/wp-json\/wp\/v2\/types\/page"}],"author":[{"embeddable":true,"href":"https:\/\/elfsight.com\/pl\/wp-json\/wp\/v2\/users\/9"}],"replies":[{"embeddable":true,"href":"https:\/\/elfsight.com\/pl\/wp-json\/wp\/v2\/comments?post=7349"}],"version-history":[{"count":4,"href":"https:\/\/elfsight.com\/pl\/wp-json\/wp\/v2\/pages\/7349\/revisions"}],"predecessor-version":[{"id":10789,"href":"https:\/\/elfsight.com\/pl\/wp-json\/wp\/v2\/pages\/7349\/revisions\/10789"}],"up":[{"embeddable":true,"href":"https:\/\/elfsight.com\/pl\/wp-json\/wp\/v2\/pages\/857"}],"wp:attachment":[{"href":"https:\/\/elfsight.com\/pl\/wp-json\/wp\/v2\/media?parent=7349"}],"curies":[{"name":"wp","href":"https:\/\/api.w.org\/{rel}","templated":true}]}}