{"id":7344,"date":"1970-01-01T00:00:00","date_gmt":"1970-01-01T00:00:00","guid":{"rendered":"https:\/\/elfsight.com\/pl\/?page_id=7344"},"modified":"2025-09-05T14:07:15","modified_gmt":"2025-09-05T14:07:15","slug":"html","status":"publish","type":"page","link":"https:\/\/elfsight.com\/pl\/whatsapp-chat-widget\/html\/","title":{"rendered":"Whatsapp Chat &#8211; HTML"},"content":{"rendered":"<div class=\"application-platform-content-item-description application-platform-content-item\" id=\"description\" data-nav-section=\"description\"> <h2>Opis<\/h2> <p>Widget WhatsApp firmy Elfsight to proste narz\u0119dzie umo\u017cliwiaj\u0105ce klientom Twojej witryny utrzymywanie kontaktu z Tob\u0105 i us\u0142yszenie odpowiedzi na pytania ich pytania i pro\u015bby. B\u0105d\u017a dost\u0119pny na \u017cywo dla klient\u00f3w w ich ulubionym komunikatorze przez ca\u0142y dzie\u0144. Skonfiguruj czat na stronie, a b\u0119dzie on wy\u015bwietlany na okre\u015blonych stronach lub dla okre\u015blonych grup widz\u00f3w. Mo\u017cesz ustawi\u0107 wyzwalacze czatu pocz\u0105tkowego, napisa\u0107 unikaln\u0105 wiadomo\u015b\u0107 powitaln\u0105, wybra\u0107 ikony i jeszcze wi\u0119cej. Za pomoc\u0105 kodu HTML Chat osadzonego na stronie internetowej b\u0119dziesz w kontakcie z widzami w dowolnym czasie i miejscu.<\/p><p>Czat WhatsApp pomo\u017ce Ci nie tylko poprawi\u0107 wska\u017aniki wydajno\u015bci Twojej witryny, ale tak\u017ce pod wzgl\u0119dem wzornictwa. Za pomoc\u0105 tego wid\u017cetu mo\u017cesz doda\u0107 p\u0142ywaj\u0105cy lub sta\u0142y przycisk komunikatora do dowolnej strony swojej witryny. Mo\u017cesz nawet wybra\u0107 odbiorc\u00f3w, kt\u00f3rzy b\u0119d\u0105 mogli zobaczy\u0107 czat i wys\u0142a\u0107 do Ciebie wiadomo\u015b\u0107 za jego pomoc\u0105. P\u0142ywaj\u0105cy przycisk WhatsApp mo\u017ce sta\u0107 si\u0119 niezwykle skutecznym narz\u0119dziem dla Twojej firmy. Widget jest idealnym rozwi\u0105zaniem do zapewnienia wszelkiego rodzaju pomocy naszym u\u017cytkownikom &#8211; od obs\u0142ugi klienta po wsp\u00f3lne rozmowy na messengerze. A u\u017cywanie WhatsApp do wysy\u0142ania wiadomo\u015bci do u\u017cytkownik\u00f3w tylko doda Ci punkty, poniewa\u017c jest to jeden z najcz\u0119\u015bciej u\u017cywanych komunikator\u00f3w na \u015bwiecie.<\/p><p>Wtyczka WhatsApp jest r\u00f3wnie\u017c niezwykle \u0142atwa do personalizacji pod wzgl\u0119dem wygl\u0105du i to dobra wiadomo\u015b\u0107, poniewa\u017c mo\u017cesz zamieni\u0107 go w blok, kt\u00f3rego nie mo\u017cna przegapi\u0107 na stronie swojej witryny. Po prostu zacznij od wybrania odpowiednich kolor\u00f3w dla projektu przycisku WhatsApp. Twoja pierwsza wiadomo\u015b\u0107 mo\u017ce sta\u0107 si\u0119 niezapomnianym prze\u017cyciem dla u\u017cytkownik\u00f3w czatu WhatsApp, poniewa\u017c mo\u017cesz ca\u0142kowicie zmieni\u0107 oryginalny wygl\u0105d wid\u017cetu. Wypr\u00f3buj sam i ciesz si\u0119 rezultatem!<\/p> <div class=\"faq\" data-component=\"FAQ\"> <div class=\"faq-item\">\r\n\t\t\t\t\t<div class=\"faq-item-question\">\r\n\t\t\t\t\t\t<h3 class=\"faq-item-question-text\">Gdzie mog\u0119 zintegrowa\u0107 t\u0119 wtyczk\u0119 Whatsapp<\/h3>\r\n\r\n\t\t\t\t\t\t<div class=\"faq-item-question-icon\"><\/div>\r\n\t\t\t\t\t<\/div>\r\n\r\n\t\t\t\t\t<div class=\"faq-item-answer\">\r\n\t\t\t\t\t\t<div class=\"faq-item-answer-text\"> <p>Wid\u017cet mo\u017ce wy\u015bwietla\u0107 si\u0119 na ka\u017cdej stronie Twojej witryny lub tylko na okre\u015blonych stronach. Mo\u017cesz tak\u017ce wykluczy\u0107 wybrane strony, je\u015bli chcesz, aby by\u0142y bez czatu. <\/p> <\/div>\r\n\t\t\t\t\t<\/div>\r\n\t\t\t\t<\/div> <div class=\"faq-item\">\r\n\t\t\t\t\t<div class=\"faq-item-question\">\r\n\t\t\t\t\t\t<h3 class=\"faq-item-question-text\">Jakie korzy\u015bci mi to daje?<\/h3>\r\n\r\n\t\t\t\t\t\t<div class=\"faq-item-question-icon\"><\/div>\r\n\t\t\t\t\t<\/div>\r\n\r\n\t\t\t\t\t<div class=\"faq-item-answer\">\r\n\t\t\t\t\t\t<div class=\"faq-item-answer-text\"> <p>Pomo\u017ce to wi\u0119kszej liczbie widz\u00f3w kontaktowa\u0107 si\u0119 z Tob\u0105 w przypadku pyta\u0144, pr\u00f3\u015bb lub problem\u00f3w. Mo\u017ce pom\u00f3c zwi\u0119kszy\u0107 liczb\u0119 lead\u00f3w i zakup\u00f3w. Kolejn\u0105 zalet\u0105 jest to, \u017ce szybka reakcja i osobiste podej\u015bcie poprawi\u0105 jako\u015b\u0107 interakcji z klientem. <\/p> <\/div>\r\n\t\t\t\t\t<\/div>\r\n\t\t\t\t<\/div> <div class=\"faq-item\">\r\n\t\t\t\t\t<div class=\"faq-item-question\">\r\n\t\t\t\t\t\t<h3 class=\"faq-item-question-text\">Jak doda\u0107 okno czatu Whatsapp do mojej witryny?<\/h3>\r\n\r\n\t\t\t\t\t\t<div class=\"faq-item-question-icon\"><\/div>\r\n\t\t\t\t\t<\/div>\r\n\r\n\t\t\t\t\t<div class=\"faq-item-answer\">\r\n\t\t\t\t\t\t<div class=\"faq-item-answer-text\"> <p>B\u0119dziesz potrzebowa\u0107 tylko trzech minut, aby wid\u017cet dzia\u0142a\u0142. Dodawanie jest niezwykle szybkie, bezp\u0142atne i nie wymaga kodowania. <\/p> <p>Mo\u017cesz umie\u015bci\u0107 widget na stronie internetowej w naszym serwisie. W tym celu b\u0119dziesz musia\u0142 zastosowa\u0107 przewodnik zamieszczony poni\u017cej na tej stronie.<\/p> <\/div>\r\n\t\t\t\t\t<\/div>\r\n\t\t\t\t<\/div> <\/div> <\/div> <div class=\"application-platform-content-item-features application-platform-content-item\" id=\"features\" data-nav-section=\"features\"> <h2>Funkcje<\/h2> <p>In Aby uzyska\u0107 pe\u0142ny obraz okna czatu, przejrzyj list\u0119 jego podstawowych funkcji. Dzi\u0119ki nim widget jest niezwykle skuteczny w promocji:<\/p> <ul><li>Zintegruj komunikator WhatsApp na swojej stronie internetowej, aby pozosta\u0107 w kontakcie z klientami; <\/li><li>Odpowiadaj na wiadomo\u015bci bezpo\u015brednio ze swojego konta WhatsApp; <\/li><li>Wypr\u00f3buj 3 opcje lokalizacji czatu: p\u0142ywaj\u0105ca ba\u0144ka, osadzana ba\u0144ka i osadzane okno czatu; <\/li><li>U\u017cyj kolekcji ikon b\u0105belk\u00f3w do wyboru; <\/li><li>Wprowad\u017a w\u0142asny tekst dymka czatu. <\/li><\/ul><p><a href=\"#demo\">Aby pozna\u0107 wi\u0119cej funkcji, zobacz nasz\u0105 wersj\u0119 demonstracyjn\u0105<\/a><\/p> <\/div> <div class=\"application-platform-content-item-installation application-platform-content-item\" id=\"installation\" data-nav-section=\"installation\"> <h2>Jak doda\u0107 kod czatu Whatsapp do swojej strony HTML<\/h2><div class=\"video-container\">\n<iframe width=\"720\" height=\"405\" src=\"https:\/\/www.youtube.com\/embed\/1-MsIyeGQAs?si=2VDBWfVzOH_MrIil\" frameborder=\"0\" allowfullscreen=\"\"><\/iframe>\n<\/div><p>Te kilka dzia\u0142a\u0144 to jedyne, czego potrzebujesz, aby WhatsApp m\u00f3g\u0142 dzia\u0142a\u0107.<\/p> <ul><li><b>Wygeneruj spersonalizowany czat na \u017cywo WhatsApp<\/b><br> Za pomoc\u0105 naszego bezp\u0142atnego edytora wygeneruj wtyczk\u0119 z niestandardowym interfejsem i funkcjami. <\/li><li><b>Zdob\u0105d\u017a osobisty kod, aby zainstalowa\u0107 wid\u017cet<\/b><br> Po skonfigurowaniu wtyczki otrzymasz kod instalacyjny z wyskakuj\u0105cego powiadomienia w aplikacji Elfsight. Skopiuj to. <\/li> <li><b>Opublikuj widget na swojej stronie HTML<\/b><br> Okre\u015bl miejsce, w kt\u00f3rym chcesz osadzi\u0107 wtyczk\u0119 i wstaw tam zapisany kod. Opublikuj wyniki. <\/li> <li><b>Gratulacje! W\u0142a\u015bnie opublikowa\u0142e\u015b wid\u017cet Czat! <\/b><br> Wejd\u017a na swoj\u0105 stron\u0119, aby zobaczy\u0107 sw\u00f3j widget. <\/li> <\/ul><p>Nadal nie podj\u0105\u0142e\u015b decyzji? Albo natkn\u0105\u0142e\u015b si\u0119 na co\u015b? Tylko jedno zapytanie do naszego dzia\u0142u obs\u0142ugi klienta rozwi\u0105\u017ce ka\u017cd\u0105 spraw\u0119. <\/p> <\/div><div class=\"faq\" data-component=\"FAQ\"><div class=\"faq-item\">\r\n\t\t\t\t\t<div class=\"faq-item-question\">\r\n\t\t\t\t\t\t<h3 class=\"faq-item-question-text\">Czy istnieje mo\u017cliwo\u015b\u0107 dodania czatu Whatsapp do mojej strony g\u0142\u00f3wnej HTML bez do\u015bwiadczenia w kodowaniu?<\/h3>\r\n\r\n\t\t\t\t\t\t<div class=\"faq-item-question-icon\"><\/div>\r\n\t\t\t\t\t<\/div>\r\n\r\n\t\t\t\t\t<div class=\"faq-item-answer\">\r\n\t\t\t\t\t\t<div class=\"faq-item-answer-text\"><p>Firma Elfsight zapewnia rozwi\u0105zanie w chmurze, kt\u00f3re umo\u017cliwia u\u017cytkownikom samodzielne utworzenie aplikacji Whatsapp Chat, sprawd\u017a, jakie to proste: <\/p><ul><li>Przejd\u017a do edytora online, aby wygenerowa\u0107 sekcj\u0119 Whatsapp Chat, kt\u00f3r\u0105 chcesz umie\u015bci\u0107 na swojej stronie HTML .<\/li><li>Wybierz jeden z gotowych szablon\u00f3w i zmodyfikuj ustawienia czatu Whatsapp, zaktualizuj tre\u015b\u0107, zmie\u0144 uk\u0142ad i kolor element\u00f3w bez do\u015bwiadczenia w kodowaniu.<\/li><li>Kliknij, aby zapisa\u0107 wprowadzone ustawienia zalogowa\u0142e\u015b si\u0119 na czacie Whatsapp i otrzyma\u0142e\u015b kod instalacyjny, kt\u00f3ry mo\u017cesz bezp\u0142atnie umie\u015bci\u0107 na swojej stronie HTML. <\/li><\/ul><p>Dzi\u0119ki naszemu prostemu konfiguratorowi ka\u017cdy u\u017cytkownik Internetu mo\u017ce skonfigurowa\u0107 czat Whatsapp i po prostu osadzi\u0107 go na dowolnej witrynie HTML. Aby uzyska\u0107 dost\u0119p do Edytora, nie trzeba p\u0142aci\u0107 ani ujawnia\u0107 danych uwierzytelniaj\u0105cych karty. Je\u015bli napotkasz jakiekolwiek przeszkody, nie wahaj si\u0119 skontaktowa\u0107 z naszym zespo\u0142em pomocy.<\/p><\/div>\r\n\t\t\t\t\t<\/div>\r\n\t\t\t\t<\/div><\/div>","protected":false},"excerpt":{"rendered":"","protected":false},"author":9,"featured_media":0,"parent":857,"menu_order":0,"comment_status":"closed","ping_status":"closed","template":"templates\/template-application-platform.php","meta":{"publish_to_discourse":"","publish_post_category":"","wpdc_auto_publish_overridden":"","wpdc_topic_tags":"","wpdc_pin_topic":"","wpdc_pin_until":"","discourse_post_id":"","discourse_permalink":"","wpdc_publishing_response":"","wpdc_publishing_error":"","footnotes":""},"class_list":["post-7344","page","type-page","status-publish","hentry"],"yoast_head":"<!-- This site is optimized with the Yoast SEO plugin v25.3.1 - https:\/\/yoast.com\/wordpress\/plugins\/seo\/ -->\n<title>Dodaj kod czatu na \u017cywo Whatsapp do strony HTML (w 2 minuty)<\/title>\n<meta name=\"description\" content=\"Skonfiguruj kod czatu na \u017cywo Whatsapp na stronie HTML tylko w 2 minuty. Poznaj wszystkie funkcje bezp\u0142atnego wid\u017cetu WhatsApp w wersji demonstracyjnej online.\" \/>\n<meta name=\"robots\" content=\"index, follow, max-snippet:-1, max-image-preview:large, max-video-preview:-1\" \/>\n<link rel=\"canonical\" href=\"https:\/\/elfsight.com\/pl\/whatsapp-chat-widget\/html\/\" \/>\n<meta property=\"og:locale\" content=\"pl_PL\" \/>\n<meta property=\"og:type\" content=\"article\" \/>\n<meta property=\"og:title\" content=\"Dodaj kod czatu na \u017cywo Whatsapp do strony HTML (w 2 minuty)\" \/>\n<meta property=\"og:description\" content=\"Skonfiguruj kod czatu na \u017cywo Whatsapp na stronie HTML tylko w 2 minuty. Poznaj wszystkie funkcje bezp\u0142atnego wid\u017cetu WhatsApp w wersji demonstracyjnej online.\" \/>\n<meta property=\"og:url\" content=\"https:\/\/elfsight.com\/pl\/whatsapp-chat-widget\/html\/\" \/>\n<meta property=\"og:site_name\" content=\"Elfsight PL\" \/>\n<meta property=\"article:modified_time\" content=\"2025-09-05T14:07:15+00:00\" \/>\n<meta name=\"twitter:card\" content=\"summary_large_image\" \/>\n<meta name=\"twitter:label1\" content=\"Szacowany czas czytania\" \/>\n\t<meta name=\"twitter:data1\" content=\"5 minut\" \/>\n<!-- \/ Yoast SEO plugin. -->","yoast_head_json":{"title":"Dodaj kod czatu na \u017cywo Whatsapp do strony HTML (w 2 minuty)","description":"Skonfiguruj kod czatu na \u017cywo Whatsapp na stronie HTML tylko w 2 minuty. Poznaj wszystkie funkcje bezp\u0142atnego wid\u017cetu WhatsApp w wersji demonstracyjnej online.","robots":{"index":"index","follow":"follow","max-snippet":"max-snippet:-1","max-image-preview":"max-image-preview:large","max-video-preview":"max-video-preview:-1"},"canonical":"https:\/\/elfsight.com\/pl\/whatsapp-chat-widget\/html\/","og_locale":"pl_PL","og_type":"article","og_title":"Dodaj kod czatu na \u017cywo Whatsapp do strony HTML (w 2 minuty)","og_description":"Skonfiguruj kod czatu na \u017cywo Whatsapp na stronie HTML tylko w 2 minuty. Poznaj wszystkie funkcje bezp\u0142atnego wid\u017cetu WhatsApp w wersji demonstracyjnej online.","og_url":"https:\/\/elfsight.com\/pl\/whatsapp-chat-widget\/html\/","og_site_name":"Elfsight PL","article_modified_time":"2025-09-05T14:07:15+00:00","twitter_card":"summary_large_image","twitter_misc":{"Szacowany czas czytania":"5 minut"},"schema":{"@context":"https:\/\/schema.org","@graph":[{"@type":"WebPage","@id":"https:\/\/elfsight.com\/pl\/whatsapp-chat-widget\/html\/","url":"https:\/\/elfsight.com\/pl\/whatsapp-chat-widget\/html\/","name":"Dodaj kod czatu na \u017cywo Whatsapp do strony HTML (w 2 minuty)","isPartOf":{"@id":"https:\/\/elfsight.com\/pl\/#website"},"datePublished":"1970-01-01T00:00:00+00:00","dateModified":"2025-09-05T14:07:15+00:00","description":"Skonfiguruj kod czatu na \u017cywo Whatsapp na stronie HTML tylko w 2 minuty. Poznaj wszystkie funkcje bezp\u0142atnego wid\u017cetu WhatsApp w wersji demonstracyjnej online.","breadcrumb":{"@id":"https:\/\/elfsight.com\/pl\/whatsapp-chat-widget\/html\/#breadcrumb"},"inLanguage":"pl-PL","potentialAction":[{"@type":"ReadAction","target":["https:\/\/elfsight.com\/pl\/whatsapp-chat-widget\/html\/"]}]},{"@type":"BreadcrumbList","@id":"https:\/\/elfsight.com\/pl\/whatsapp-chat-widget\/html\/#breadcrumb","itemListElement":[{"@type":"ListItem","position":1,"name":"Home","item":"https:\/\/elfsight.com\/pl\/"},{"@type":"ListItem","position":2,"name":"WhatsApp Chat","item":"https:\/\/elfsight.com\/pl\/whatsapp-chat-widget\/"},{"@type":"ListItem","position":3,"name":"Whatsapp Chat &#8211; HTML"}]},{"@type":"WebSite","@id":"https:\/\/elfsight.com\/pl\/#website","url":"https:\/\/elfsight.com\/pl\/","name":"Elfsight PL","description":"Just another Elfsight Sites site","potentialAction":[{"@type":"SearchAction","target":{"@type":"EntryPoint","urlTemplate":"https:\/\/elfsight.com\/pl\/?s={search_term_string}"},"query-input":{"@type":"PropertyValueSpecification","valueRequired":true,"valueName":"search_term_string"}}],"inLanguage":"pl-PL"}]}},"meta_box":{"industry":"","seo_heading":"","heading":"","description":"","cta_heading":"","cta_description":"","application":"856","h1":"Kod HTML czatu na \u017cywo Whatsapp","h1_caption":"Daj u\u017cytkownikom mo\u017cliwo\u015b\u0107 skontaktowania si\u0119 z Tob\u0105 za po\u015brednictwem WhatsApp, zapewniaj\u0105c najszybsz\u0105 i najwygodniejsz\u0105 interakcj\u0119 dla odwiedzaj\u0105cych Twoj\u0105 witryn\u0119 z Twoj\u0105 witryn\u0105 HTML.","application_category":[],"applications_title":"","applications_request_title":"","applications_request_button_text":"","hero_text":"","hero_video":"","hero_video_schema_markup":"","selling_points_title":"","selling_points_caption":"","selling_points":[],"selling_points_cta_text":"","features_title":"","features":"","ed_cta_examples_text":"","ed_cta_examples_hidden":"","ed_cta_demo_text":"","ed_cta_demo_hidden":"","why_caption":"","why_editor_title":"","why_editor_text":"","why_team_title":"","why_team_text":"","why_service_title":"","why_service_text":"","template_catalog_visible":"0","template_catalog_title":"","template_catalog_text":"","template_catalog_categories_visible":"","demo_title":"Utw\u00f3rz wid\u017cet czatu Whatsapp","demo_caption":"Skonfiguruj czat Whatsapp i dodaj go do swojej witryny HTML za darmo!","default_faq_hidden":"","app_template_category":[],"platform":"50","template_public_id":"","codecanyon_url":"","codecanyon_item_id":"","codecanyon_price":"","pricing_caption":"","pricing_elfsight_apps_hide_column":"","pricing_elfsight_apps_url":"","pricing_codecanyon_price_caption":"","integration_category":[],"integration_request_title":"","integration_request_cta":"","integration_platform":"","integrations":[],"platform_category":[],"video_schema_markup":"","price":"od 0 USD \/ miesi\u0105c","trial":"","benefits":[{"text":"Bezp\u0142atna pomoc w monta\u017cu"},{"text":"Do\u015bwiadczona obs\u0142uga klienta"},{"text":"14-dniowa gwarancja zwrotu pieni\u0119dzy"}],"button_url":"#demo","button_target_blank":"0","button_nofollow":"0","attributes":[{"name":"Instaluje","content":"100,000 - 500,000"},{"name":"Czu\u0142y","content":"Tak"},{"name":"Kompatybilne przegl\u0105darki","content":"IE11, Firefox, Safari, Opera, Chrome, Edge"}],"tags":[],"tags_disable_links":"0","hide_more_platforms":"0","video_object":"","demo_hide_cta":"0","demo_hide_cloud_options":"0","pricing_title":"","pricing":[{"pricing_icon":"platform","pricing_title":"Elfsight Apps","pricing_title_caption":"Wieloplatformowe rozwi\u0105zanie cyfrowe, kt\u00f3re dzia\u0142a w dowolnej witrynie","pricing_price":"od 0 USD \/ miesi\u0105c","pricing_price_caption":"zacznij od bezp\u0142atnego planu","pricing_benefits":[{"text":"Nielimitowane strony internetowe"},{"text":"Bezp\u0142atna obs\u0142uga klienta"},{"text":"Bezp\u0142atna pomoc w instalacji"},{"text":"Oferta ograniczona czasowo dla wielu aplikacji"}],"pricing_button_text":"Dodaj do witryny","pricing_button_url":"#demo"}],"related_apps_title":"","related_apps_hidden":"0","author":"","image":[],"title":"","job":"","social_networks":[]},"_links":{"self":[{"href":"https:\/\/elfsight.com\/pl\/wp-json\/wp\/v2\/pages\/7344","targetHints":{"allow":["GET"]}}],"collection":[{"href":"https:\/\/elfsight.com\/pl\/wp-json\/wp\/v2\/pages"}],"about":[{"href":"https:\/\/elfsight.com\/pl\/wp-json\/wp\/v2\/types\/page"}],"author":[{"embeddable":true,"href":"https:\/\/elfsight.com\/pl\/wp-json\/wp\/v2\/users\/9"}],"replies":[{"embeddable":true,"href":"https:\/\/elfsight.com\/pl\/wp-json\/wp\/v2\/comments?post=7344"}],"version-history":[{"count":3,"href":"https:\/\/elfsight.com\/pl\/wp-json\/wp\/v2\/pages\/7344\/revisions"}],"predecessor-version":[{"id":10743,"href":"https:\/\/elfsight.com\/pl\/wp-json\/wp\/v2\/pages\/7344\/revisions\/10743"}],"up":[{"embeddable":true,"href":"https:\/\/elfsight.com\/pl\/wp-json\/wp\/v2\/pages\/857"}],"wp:attachment":[{"href":"https:\/\/elfsight.com\/pl\/wp-json\/wp\/v2\/media?parent=7344"}],"curies":[{"name":"wp","href":"https:\/\/api.w.org\/{rel}","templated":true}]}}