{"id":7343,"date":"1970-01-01T00:00:00","date_gmt":"1970-01-01T00:00:00","guid":{"rendered":"https:\/\/elfsight.com\/pl\/?page_id=7343"},"modified":"2025-06-25T09:21:07","modified_gmt":"2025-06-25T09:21:07","slug":"jquery","status":"publish","type":"page","link":"https:\/\/elfsight.com\/pl\/whatsapp-chat-widget\/jquery\/","title":{"rendered":"Whatsapp Chat &#8211; jQuery"},"content":{"rendered":"<div class=\"application-platform-content-item-description application-platform-content-item\" id=\"description\" data-nav-section=\"description\">\n<h2>Osad\u017a czat WhatsApp za pomoc\u0105 wid\u017cetu Elfsight<\/h2>\n<p>Wtyczka WhatsApp stworzona przez Elfsight to p\u0142ynny spos\u00f3b, w jaki odwiedzaj\u0105cy Twoj\u0105 witryn\u0119 mog\u0105 wysy\u0142a\u0107 swoje wiadomo\u015bci do Ciebie i uzyska\u0107 odpowiedzi na ich pytania. Teraz mo\u017cesz by\u0107 zawsze dost\u0119pny dla swoich go\u015bci w ich ulubionym komunikatorze. Dodaj czat na stronie internetowej i pozw\u00f3l, aby pojawia\u0142 si\u0119 na wybranych stronach lub dla wybranych typ\u00f3w widz\u00f3w, wybierz wyzwalacze rozpocz\u0119cia czatu, wpisz w\u0142asn\u0105 wiadomo\u015b\u0107 powitaln\u0105, zmie\u0144 ikony i wiele wi\u0119cej. Dzi\u0119ki czatowi WhatsApp Live dzia\u0142aj\u0105cemu na stronie internetowej b\u0119dziesz w kontakcie ze swoimi klientami przez ca\u0142y czas i niezale\u017cnie od miejsca, w kt\u00f3rym si\u0119 znajdujesz.<\/p>\n\n<div class=\"faq\" data-component=\"FAQ\">\n    <div class=\"faq-item\">\r\n\t\t\t\t\t<div class=\"faq-item-question\">\r\n\t\t\t\t\t\t<h3 class=\"faq-item-question-text\">Gdzie na mojej stronie mog\u0119 to opublikowa\u0107<\/h3>\r\n\r\n\t\t\t\t\t\t<div class=\"faq-item-question-icon\"><\/div>\r\n\t\t\t\t\t<\/div>\r\n\r\n\t\t\t\t\t<div class=\"faq-item-answer\">\r\n\t\t\t\t\t\t<div class=\"faq-item-answer-text\">\n    <p>Mo\u017cesz ustawi\u0107 Chat Box na wszystkich stronach Twojej witryny lub tylko na wybranych. Mo\u017cliwe jest r\u00f3wnie\u017c ograniczenie go na wybranych stronach, je\u015bli chcesz, aby by\u0142y one bez czatu.<\/p>\n    <\/div>\r\n\t\t\t\t\t<\/div>\r\n\t\t\t\t<\/div>\n\n    <div class=\"faq-item\">\r\n\t\t\t\t\t<div class=\"faq-item-question\">\r\n\t\t\t\t\t\t<h3 class=\"faq-item-question-text\">Jakie s\u0105 zalety posiadania tego dla mnie?<\/h3>\r\n\r\n\t\t\t\t\t\t<div class=\"faq-item-question-icon\"><\/div>\r\n\t\t\t\t\t<\/div>\r\n\r\n\t\t\t\t\t<div class=\"faq-item-answer\">\r\n\t\t\t\t\t\t<div class=\"faq-item-answer-text\">\n    <p>U\u0142atwi to odwiedzaj\u0105cym kontaktowa\u0107 si\u0119 z Tob\u0105 w sprawie zapyta\u0144 i pr\u00f3\u015bb. A to mo\u017ce pom\u00f3c w zwi\u0119kszeniu liczby lead\u00f3w i sprzeda\u017cy. R\u00f3wnie\u017c natychmiastowe odpowiedzi i indywidualne podej\u015bcie do ludzi podnios\u0105 poziom relacji z Twoimi klientami. <\/p>\n    <\/div>\r\n\t\t\t\t\t<\/div>\r\n\t\t\t\t<\/div>\n\n    <div class=\"faq-item\">\r\n\t\t\t\t\t<div class=\"faq-item-question\">\r\n\t\t\t\t\t\t<h3 class=\"faq-item-question-text\">Czego potrzebuj\u0119, aby korzysta\u0107 z Whatsapp?<\/h3>\r\n\r\n\t\t\t\t\t\t<div class=\"faq-item-question-icon\"><\/div>\r\n\t\t\t\t\t<\/div>\r\n\r\n\t\t\t\t\t<div class=\"faq-item-answer\">\r\n\t\t\t\t\t\t<div class=\"faq-item-answer-text\">\n    <p>Osadzanie wid\u017cetu zajmuje tylko minut\u0119. Integracja jest bardzo szybka, darmowa i bez kodowania. <\/p>\n    <p>Istnieje mo\u017cliwo\u015b\u0107 skonfigurowania Whatsapp w Twojej witrynie bezpo\u015brednio za po\u015brednictwem naszej us\u0142ugi. Aby to zrobi\u0107, zapoznaj si\u0119 z instrukcjami poni\u017cej na tej stronie. <\/p>\n    <\/div>\r\n\t\t\t\t\t<\/div>\r\n\t\t\t\t<\/div>\n<\/div>\n<\/div>\n\n<div class=\"application-platform-content-item-features application-platform-content-item\" id=\"features\" data-nav-section=\"features\">\n<h2>G\u0142\u00f3wne funkcje WhatsApp Chat Widget<\/h2>\n<p>Aby lepiej zrozumie\u0107 czat na \u017cywo, sprawd\u017a list\u0119 jego podstawowych cech. Sprawiaj\u0105, \u017ce ta wtyczka jest dla Ciebie naprawd\u0119 korzystna: <\/p>\n<ul>\n    <li>Wypr\u00f3buj 3 rodzaje uk\u0142adu wtyczek: p\u0142ywaj\u0105ca ba\u0144ka, osadzana ba\u0144ka i osadzane okno czatu; <\/li>\n    <li>Umie\u015b\u0107 komunikator WhatsApp na swojej stronie internetowej, aby prowadzi\u0107 czaty na \u017cywo z widzami; <\/li>\n    <li>Edytowalny tekst w dymku.<\/li>\n<\/ul>\n<p><a href=\"#demo\">W naszej wersji demonstracyjnej zademonstrujemy Ci wi\u0119cej funkcji<\/a><\/p>\n<\/div>\n\n<div class=\"application-platform-content-item-installation application-platform-content-item\" id=\"installation\" data-nav-section=\"installation\"><\/div>\n<h2>Jak doda\u0107 wtyczk\u0119 Live Chat do swojej witryny jQuery<\/h2>\n<p>Wystarczy kilka szybkich krok\u00f3w, aby zintegrowa\u0107 Whatsapp.<\/p>\n<ul>\n    <li><b>Generuj niestandardowe okno czatu<\/b><br>Korzystaj\u0105c z naszej bezp\u0142atnej wersji demonstracyjnej, utw\u00f3rz wtyczk\u0119 o preferowanym uk\u0142adzie i funkcjonalno\u015bci.<\/li>\n    <li><b>Odbierz osobisty kod do skonfigurowania wtyczki<\/b><br>Po utworzeniu wid\u017cetu otrzymasz kod instalacyjny z wy\u015bwietlonego okna aplikacji Elfsight. Skopiuj ten kod do dalszego wykorzystania.<\/li>\n    <li><b>Dodaj wtyczk\u0119 na swojej stronie jQuery<\/b><br>Wybierz miejsce, w kt\u00f3rym chcesz doda\u0107 wtyczk\u0119 i wstaw tam skopiowany kod. Opublikuj zmiany.<\/li>\n    <li><b>Gotowe!<\/b><br>Wejd\u017a na swoj\u0105 stron\u0119 internetow\u0105, aby zobaczy\u0107 swoj\u0105 prac\u0119.<\/li>\n<\/ul>\n<p>Nadal w co\u015b w\u0105tpisz? Albo masz k\u0142opoty? Po prostu wy\u015blij zapytanie do naszego zespo\u0142u obs\u0142ugi klienta, a my odpowiemy na ka\u017cde pytanie. <\/p>\n<div class=\"faq\" data-component=\"FAQ\">\n    <div class=\"faq-item\">\r\n\t\t\t\t\t<div class=\"faq-item-question\">\r\n\t\t\t\t\t\t<h3 class=\"faq-item-question-text\">Czy istnieje spos\u00f3b na osadzenie czatu Whatsapp w mojej witrynie jQuery bez umiej\u0119tno\u015bci kodowania?<\/h3>\r\n\r\n\t\t\t\t\t\t<div class=\"faq-item-question-icon\"><\/div>\r\n\t\t\t\t\t<\/div>\r\n\r\n\t\t\t\t\t<div class=\"faq-item-answer\">\r\n\t\t\t\t\t\t<div class=\"faq-item-answer-text\">\n    <p>Firma Elfsight wprowadza rozwi\u0105zanie, kt\u00f3re umo\u017cliwia szerokiemu gronu odbiorc\u00f3w samodzielne zbudowanie sekcji Czat Whatsapp, zapoznaj si\u0119 z prostym przewodnikiem: <\/p>\n    <ul>\n        <li>Przejd\u017a do edytora na \u017cywo, aby wygenerowa\u0107 wtyczk\u0119 Czat Whatsapp, kt\u00f3r\u0105 chcesz umie\u015bci\u0107 w swoim jQuery. <\/li>\n        <li>Wybierz jeden z gotowych szablon\u00f3w i dostosuj ustawienia czatu Whatsapp, do\u0142\u0105cz swoj\u0105 tre\u015b\u0107, zmie\u0144 uk\u0142ad i schemat kolor\u00f3w bez do\u015bwiadczenia w kodowaniu.<\/li>\n        <li>Kliknij, aby zapisa\u0107 czat Whatsapp i skopiuj go kod instalacyjny, kt\u00f3ry mo\u017cesz bez problemu umie\u015bci\u0107 na dowolnej stronie internetowej jQuery, korzystaj\u0105c z bezp\u0142atnego planu. <\/li>\n    <\/ul>\n    <p>Dzi\u0119ki intuicyjnemu konfiguratorowi ka\u017cdy u\u017cytkownik sieci mo\u017ce zbudowa\u0107 sekcj\u0119 Czat Whatsapp online i po prostu osadzi\u0107 j\u0105 na dowolnej stronie jQuery. Aby uzyska\u0107 dost\u0119p do naszej us\u0142ugi, nie jest konieczne wykupienie p\u0142atnej subskrypcji ani wprowadzanie danych karty. Je\u015bli napotkasz jakiekolwiek problemy, skontaktuj si\u0119 z naszym personelem pomocy technicznej.<\/p>\n    <\/div>\r\n\t\t\t\t\t<\/div>\r\n\t\t\t\t<\/div>\n<\/div>","protected":false},"excerpt":{"rendered":"Jak doda\u0107 wtyczk\u0119 Live Chat do swojej witryny jQuery Wystarczy kilka szybkich krok\u00f3w, aby zintegrowa\u0107 Whatsapp. Generuj niestandardowe okno czatuKorzystaj\u0105c z naszej bezp\u0142atnej wersji demonstracyjnej, utw\u00f3rz wtyczk\u0119 o preferowanym uk\u0142adzie i funkcjonalno\u015bci. Odbierz osobisty kod do skonfigurowania wtyczkiPo utworzeniu wid\u017cetu otrzymasz kod instalacyjny z wy\u015bwietlonego okna aplikacji Elfsight. Skopiuj ten&#8230;","protected":false},"author":9,"featured_media":0,"parent":857,"menu_order":0,"comment_status":"closed","ping_status":"closed","template":"templates\/template-application-platform.php","meta":{"publish_to_discourse":"","publish_post_category":"","wpdc_auto_publish_overridden":"","wpdc_topic_tags":"","wpdc_pin_topic":"","wpdc_pin_until":"","discourse_post_id":"","discourse_permalink":"","wpdc_publishing_response":"","wpdc_publishing_error":"","footnotes":""},"class_list":["post-7343","page","type-page","status-publish","hentry"],"yoast_head":"<!-- This site is optimized with the Yoast SEO plugin v25.3.1 - https:\/\/yoast.com\/wordpress\/plugins\/seo\/ -->\n<title>Dodaj wtyczk\u0119 Whatsapp Live Chat do witryny jQuery (\u0142atwo i szybko)<\/title>\n<meta name=\"description\" content=\"Skonfiguruj wtyczk\u0119 czatu na \u017cywo Whatsapp na jQuery tylko w 2 minuty. Poznaj wszystkie g\u0142\u00f3wne cechy najlepszego widgetu czatu w bezp\u0142atnej wersji demonstracyjnej.\" \/>\n<meta name=\"robots\" content=\"index, follow, max-snippet:-1, max-image-preview:large, max-video-preview:-1\" \/>\n<link rel=\"canonical\" href=\"https:\/\/elfsight.com\/pl\/whatsapp-chat-widget\/jquery\/\" \/>\n<meta property=\"og:locale\" content=\"pl_PL\" \/>\n<meta property=\"og:type\" content=\"article\" \/>\n<meta property=\"og:title\" content=\"Dodaj wtyczk\u0119 Whatsapp Live Chat do witryny jQuery (\u0142atwo i szybko)\" \/>\n<meta property=\"og:description\" content=\"Skonfiguruj wtyczk\u0119 czatu na \u017cywo Whatsapp na jQuery tylko w 2 minuty. Poznaj wszystkie g\u0142\u00f3wne cechy najlepszego widgetu czatu w bezp\u0142atnej wersji demonstracyjnej.\" \/>\n<meta property=\"og:url\" content=\"https:\/\/elfsight.com\/pl\/whatsapp-chat-widget\/jquery\/\" \/>\n<meta property=\"og:site_name\" content=\"Elfsight PL\" \/>\n<meta property=\"article:modified_time\" content=\"2025-06-25T09:21:07+00:00\" \/>\n<meta name=\"twitter:card\" content=\"summary_large_image\" \/>\n<meta name=\"twitter:label1\" content=\"Szacowany czas czytania\" \/>\n\t<meta name=\"twitter:data1\" content=\"4 minuty\" \/>\n<!-- \/ Yoast SEO plugin. -->","yoast_head_json":{"title":"Dodaj wtyczk\u0119 Whatsapp Live Chat do witryny jQuery (\u0142atwo i szybko)","description":"Skonfiguruj wtyczk\u0119 czatu na \u017cywo Whatsapp na jQuery tylko w 2 minuty. Poznaj wszystkie g\u0142\u00f3wne cechy najlepszego widgetu czatu w bezp\u0142atnej wersji demonstracyjnej.","robots":{"index":"index","follow":"follow","max-snippet":"max-snippet:-1","max-image-preview":"max-image-preview:large","max-video-preview":"max-video-preview:-1"},"canonical":"https:\/\/elfsight.com\/pl\/whatsapp-chat-widget\/jquery\/","og_locale":"pl_PL","og_type":"article","og_title":"Dodaj wtyczk\u0119 Whatsapp Live Chat do witryny jQuery (\u0142atwo i szybko)","og_description":"Skonfiguruj wtyczk\u0119 czatu na \u017cywo Whatsapp na jQuery tylko w 2 minuty. Poznaj wszystkie g\u0142\u00f3wne cechy najlepszego widgetu czatu w bezp\u0142atnej wersji demonstracyjnej.","og_url":"https:\/\/elfsight.com\/pl\/whatsapp-chat-widget\/jquery\/","og_site_name":"Elfsight PL","article_modified_time":"2025-06-25T09:21:07+00:00","twitter_card":"summary_large_image","twitter_misc":{"Szacowany czas czytania":"4 minuty"},"schema":{"@context":"https:\/\/schema.org","@graph":[{"@type":"WebPage","@id":"https:\/\/elfsight.com\/pl\/whatsapp-chat-widget\/jquery\/","url":"https:\/\/elfsight.com\/pl\/whatsapp-chat-widget\/jquery\/","name":"Dodaj wtyczk\u0119 Whatsapp Live Chat do witryny jQuery (\u0142atwo i szybko)","isPartOf":{"@id":"https:\/\/elfsight.com\/pl\/#website"},"datePublished":"1970-01-01T00:00:00+00:00","dateModified":"2025-06-25T09:21:07+00:00","description":"Skonfiguruj wtyczk\u0119 czatu na \u017cywo Whatsapp na jQuery tylko w 2 minuty. Poznaj wszystkie g\u0142\u00f3wne cechy najlepszego widgetu czatu w bezp\u0142atnej wersji demonstracyjnej.","breadcrumb":{"@id":"https:\/\/elfsight.com\/pl\/whatsapp-chat-widget\/jquery\/#breadcrumb"},"inLanguage":"pl-PL","potentialAction":[{"@type":"ReadAction","target":["https:\/\/elfsight.com\/pl\/whatsapp-chat-widget\/jquery\/"]}]},{"@type":"BreadcrumbList","@id":"https:\/\/elfsight.com\/pl\/whatsapp-chat-widget\/jquery\/#breadcrumb","itemListElement":[{"@type":"ListItem","position":1,"name":"Home","item":"https:\/\/elfsight.com\/pl\/"},{"@type":"ListItem","position":2,"name":"WhatsApp Chat","item":"https:\/\/elfsight.com\/pl\/whatsapp-chat-widget\/"},{"@type":"ListItem","position":3,"name":"Whatsapp Chat &#8211; jQuery"}]},{"@type":"WebSite","@id":"https:\/\/elfsight.com\/pl\/#website","url":"https:\/\/elfsight.com\/pl\/","name":"Elfsight PL","description":"Just another Elfsight Sites site","potentialAction":[{"@type":"SearchAction","target":{"@type":"EntryPoint","urlTemplate":"https:\/\/elfsight.com\/pl\/?s={search_term_string}"},"query-input":{"@type":"PropertyValueSpecification","valueRequired":true,"valueName":"search_term_string"}}],"inLanguage":"pl-PL"}]}},"meta_box":{"industry":"","seo_heading":"","heading":"","description":"","cta_heading":"","cta_description":"","application":"856","h1":"Wtyczka czatu na \u017cywo jQuery Whatsapp","h1_caption":"Daj u\u017cytkownikom mo\u017cliwo\u015b\u0107 skontaktowania si\u0119 z Tob\u0105 za po\u015brednictwem WhatsApp, zapewniaj\u0105c najszybsz\u0105 i najwygodniejsz\u0105 interakcj\u0119 dla odwiedzaj\u0105cych Twoj\u0105 witryn\u0119 z witryn\u0105 jQuery.","application_category":[],"applications_title":"","applications_request_title":"","applications_request_button_text":"","hero_text":"","hero_video":"","hero_video_schema_markup":"","selling_points_title":"","selling_points_caption":"","selling_points":[],"selling_points_cta_text":"","features_title":"","features":"","ed_cta_examples_text":"","ed_cta_examples_hidden":"","ed_cta_demo_text":"","ed_cta_demo_hidden":"","why_caption":"","why_editor_title":"","why_editor_text":"","why_team_title":"","why_team_text":"","why_service_title":"","why_service_text":"","template_catalog_visible":"0","template_catalog_title":"","template_catalog_text":"","template_catalog_categories_visible":"","demo_title":"Utw\u00f3rz wtyczk\u0119 czatu Whatsapp","demo_caption":"Skonfiguruj czat Whatsapp i dodaj go do swojej witryny jQuery za darmo!","default_faq_hidden":"","app_template_category":[],"platform":"56","template_public_id":"","codecanyon_url":"","codecanyon_item_id":"","codecanyon_price":"","pricing_caption":"","pricing_elfsight_apps_hide_column":"","pricing_elfsight_apps_url":"","pricing_codecanyon_price_caption":"","integration_category":[],"integration_request_title":"","integration_request_cta":"","integration_platform":"","integrations":[],"platform_category":[],"video_schema_markup":"","price":"od 0 USD \/ miesi\u0105c","trial":"","benefits":[{"text":"Bezp\u0142atna pomoc w instalacji"},{"text":"Kompetentna obs\u0142uga klienta"},{"text":"14-dniowa gwarancja zwrotu pieni\u0119dzy"}],"button_url":"#demo","button_target_blank":"0","button_nofollow":"0","attributes":[{"name":"Instaluje"},{"name":"Czu\u0142y"},{"name":"Kompatybilne przegl\u0105darki"}],"tags":[],"tags_disable_links":"0","hide_more_platforms":"0","video_object":"","demo_hide_cta":"0","demo_hide_cloud_options":"0","pricing_title":"","pricing":[{"pricing_icon":"platform","pricing_title":"Elfsight Apps","pricing_title_caption":"Niezale\u017cne od platformy rozwi\u0105zanie cyfrowe, kt\u00f3re pasuje do ka\u017cdej witryny internetowej","pricing_price":"od 0 USD \/ miesi\u0105c","pricing_price_caption":"zacznij od bezp\u0142atnego planu","pricing_benefits":[{"text":"Nielimitowane domeny"},{"text":"Dedykowane i terminowe wsparcie"},{"text":"Bezp\u0142atna us\u0142uga monta\u017cu"},{"text":"100% konfigurowalny"}],"pricing_button_text":"Dodaj do witryny","pricing_button_url":"#demo"}],"related_apps_title":"","related_apps_hidden":"0","author":"","image":[],"title":"","job":"","social_networks":[]},"_links":{"self":[{"href":"https:\/\/elfsight.com\/pl\/wp-json\/wp\/v2\/pages\/7343","targetHints":{"allow":["GET"]}}],"collection":[{"href":"https:\/\/elfsight.com\/pl\/wp-json\/wp\/v2\/pages"}],"about":[{"href":"https:\/\/elfsight.com\/pl\/wp-json\/wp\/v2\/types\/page"}],"author":[{"embeddable":true,"href":"https:\/\/elfsight.com\/pl\/wp-json\/wp\/v2\/users\/9"}],"replies":[{"embeddable":true,"href":"https:\/\/elfsight.com\/pl\/wp-json\/wp\/v2\/comments?post=7343"}],"version-history":[{"count":2,"href":"https:\/\/elfsight.com\/pl\/wp-json\/wp\/v2\/pages\/7343\/revisions"}],"predecessor-version":[{"id":10478,"href":"https:\/\/elfsight.com\/pl\/wp-json\/wp\/v2\/pages\/7343\/revisions\/10478"}],"up":[{"embeddable":true,"href":"https:\/\/elfsight.com\/pl\/wp-json\/wp\/v2\/pages\/857"}],"wp:attachment":[{"href":"https:\/\/elfsight.com\/pl\/wp-json\/wp\/v2\/media?parent=7343"}],"curies":[{"name":"wp","href":"https:\/\/api.w.org\/{rel}","templated":true}]}}