{"id":7342,"date":"1970-01-01T00:00:00","date_gmt":"1970-01-01T00:00:00","guid":{"rendered":"https:\/\/elfsight.com\/pl\/?page_id=7342"},"modified":"2024-11-14T12:42:21","modified_gmt":"2024-11-14T12:42:21","slug":"blogger","status":"publish","type":"page","link":"https:\/\/elfsight.com\/pl\/whatsapp-chat-widget\/blogger\/","title":{"rendered":"Whatsapp Chat &#8211; Blogger"},"content":{"rendered":"<div class=\"application-platform-content-item-description application-platform-content-item\" id=\"description\" data-nav-section=\"description\"> <h2>Umie\u015b\u0107 czat WhatsApp za pomoc\u0105 wid\u017cetu Elfsight<\/h2> <p>Widget WhatsApp stworzony przez Elfsight to prosta metoda, dzi\u0119ki kt\u00f3rej klienci Twojej witryny mog\u0105 si\u0119 z Tob\u0105 skontaktowa\u0107 i uzyskaj odpowiedzi na swoje pytania. B\u0105d\u017a zawsze dost\u0119pny online dla swoich klient\u00f3w w najpopularniejszym komunikatorze. Wprowad\u017a czat na stronie internetowej i poka\u017c go na okre\u015blonych stronach lub dla wybranych grup widz\u00f3w; wybierz wyzwalacze rozpocz\u0119cia czatu, poka\u017c w\u0142asn\u0105 wiadomo\u015b\u0107 powitaln\u0105, wybierz ikony i wiele wi\u0119cej. Korzystaj\u0105c z wid\u017cetu Chat Box osadzonego na stronie internetowej, b\u0119dziesz na bie\u017c\u0105co z odwiedzaj\u0105cymi o ka\u017cdej porze i niezale\u017cnie od miejsca, w kt\u00f3rym si\u0119 znajdujesz. <\/p> <div class=\"faq\" data-component=\"FAQ\"> <div class=\"faq-item\">\r\n\t\t\t\t\t<div class=\"faq-item-question\">\r\n\t\t\t\t\t\t<h3 class=\"faq-item-question-text\">Gdzie w mojej witrynie mog\u0119 wy\u015bwietli\u0107 wid\u017cet<\/h3>\r\n\r\n\t\t\t\t\t\t<div class=\"faq-item-question-icon\"><\/div>\r\n\t\t\t\t\t<\/div>\r\n\r\n\t\t\t\t\t<div class=\"faq-item-answer\">\r\n\t\t\t\t\t\t<div class=\"faq-item-answer-text\"> <p>Mo\u017cesz zintegrowa\u0107 czat na \u017cywo WhatsApp z ka\u017cd\u0105 stron\u0105 swojej witryny lub tylko z wybranymi stronami. Mo\u017cliwe jest r\u00f3wnie\u017c ograniczenie tego na niekt\u00f3rych stronach, je\u015bli nie chcesz tam rozmawia\u0107. <\/p> <\/div>\r\n\t\t\t\t\t<\/div>\r\n\t\t\t\t<\/div> <div class=\"faq-item\">\r\n\t\t\t\t\t<div class=\"faq-item-question\">\r\n\t\t\t\t\t\t<h3 class=\"faq-item-question-text\">Jakie mia\u0142bym z tego korzy\u015bci?<\/h3>\r\n\r\n\t\t\t\t\t\t<div class=\"faq-item-question-icon\"><\/div>\r\n\t\t\t\t\t<\/div>\r\n\r\n\t\t\t\t\t<div class=\"faq-item-answer\">\r\n\t\t\t\t\t\t<div class=\"faq-item-answer-text\"> <p>Czat Bloggera umo\u017cliwi wi\u0119kszej liczbie odwiedzaj\u0105cych komunikowanie si\u0119 z Tob\u0105 w sprawie zapyta\u0144, zapyta\u0144 lub problem\u00f3w. Mo\u017ce to pom\u00f3c zwi\u0119kszy\u0107 liczb\u0119 potencjalnych klient\u00f3w i sprzeda\u017c. Ponadto szybka odpowied\u017a i spersonalizowane podej\u015bcie poprawi\u0105 jako\u015b\u0107 interakcji z klientem. <\/p> <\/div>\r\n\t\t\t\t\t<\/div>\r\n\t\t\t\t<\/div> <div class=\"faq-item\">\r\n\t\t\t\t\t<div class=\"faq-item-question\">\r\n\t\t\t\t\t\t<h3 class=\"faq-item-question-text\">Czego potrzebuj\u0119, aby umie\u015bci\u0107 Whatsapp na mojej stronie internetowej?<\/h3>\r\n\r\n\t\t\t\t\t\t<div class=\"faq-item-question-icon\"><\/div>\r\n\t\t\t\t\t<\/div>\r\n\r\n\t\t\t\t\t<div class=\"faq-item-answer\">\r\n\t\t\t\t\t\t<div class=\"faq-item-answer-text\"> <p>Aktywacja wid\u017cetu zajmie Ci tylko trzy minuty. Instalacja jest niezwykle szybka, bezp\u0142atna i nie wymaga kodowania. <\/p> <p>Istnieje mo\u017cliwo\u015b\u0107 osadzenia wid\u017cetu na Twojej witrynie bezpo\u015brednio za po\u015brednictwem naszej us\u0142ugi. Aby to zrobi\u0107, post\u0119puj zgodnie z kr\u00f3tkim opisem na tej stronie.<\/p> <\/div>\r\n\t\t\t\t\t<\/div>\r\n\t\t\t\t<\/div> <\/div> <\/div> <div class=\"application-platform-content-item-features application-platform-content-item\" id=\"features\" data-nav-section=\"features\"> <h2>G\u0142\u00f3wne funkcje WhatsApp Chat Widget<\/h2> <p>Aby lepiej pozna\u0107 widget, mo\u017cesz rzuci\u0107 okiem na list\u0119 jego najwa\u017cniejszych funkcji. Dzi\u0119ki nim ten widget jest dla Ciebie niezwykle skuteczny: <\/p> <ul><li>Wprowad\u017a komunikator WhatsApp na swojej stronie, aby komunikowa\u0107 si\u0119 z klientami; <\/li><li>Odpowiadaj na wiadomo\u015bci bezpo\u015brednio ze swojej strony WhatsApp; <\/li><li>U\u017cyj trzech opcji uk\u0142adu czatu: p\u0142ywaj\u0105ca ba\u0144ka, osadzona ba\u0144ka i osadzona okno czatu; <\/li><li>Odkryj kolekcj\u0119 ikon b\u0105belk\u00f3w do wyboru; <\/li><li>Wprowad\u017a sw\u00f3j osobisty tekst w dymku czatu. <\/li><\/ul><p><a href=\"#demo\">Aby sprawdzi\u0107 pe\u0142n\u0105 list\u0119 funkcji, zobacz demo<\/a><\/p> <\/div> <div class=\"application-platform-content-item-installation application-platform-content-item\" id=\"installation\" data-nav-section=\"installation\"> <h2>Sprawd\u017amy, jak skonfigurowa\u0107 czat Whatsapp w Twojej witrynie Bloggera. To jest szybkie.<\/h2><div class=\"video-container\"><iframe width=\"720\" height=\"405\" src=\"https:\/\/www.youtube.com\/embed\/yUErtGsJqvM\" frameborder=\"0\" allowfullscreen=\"\"><\/iframe><\/div><p>Poni\u017csze kroki to jedyne, czego potrzebujesz, aby skonfigurowa\u0107 wid\u017cet. Jest szybki i nie wymaga kodowania. <\/p> <ul><li><b>Zaprojektuj spersonalizowany czat WhatsApp<\/b><br> Korzystaj\u0105c z naszego bezp\u0142atnego edytora, utw\u00f3rz wtyczk\u0119 o preferowanym sk\u0142adzie i cechach funkcjonalnych. <\/li><li><b>Zdob\u0105d\u017a indywidualny kod, aby skonfigurowa\u0107 wtyczk\u0119<\/b><br> Po utworzeniu wid\u017cetu otrzymasz indywidualny kod z wy\u015bwietlonego okna aplikacji Elfsight. Skopiuj go do p\u00f3\u017aniejszego wykorzystania. <\/li> <li><b>Dodaj wtyczk\u0119 na swojej stronie Bloggera<\/b><br> Wybierz miejsce, w kt\u00f3rym chcesz wy\u015bwietli\u0107 wtyczk\u0119 i dodaj tam skopiowany kod. Zapisz zmiany. <\/li> <li><b>Gotowe!<\/b><br> Przejd\u017a do witryny, aby wy\u015bwietli\u0107 czat.<\/li> <\/ul><p>Nadal nie mo\u017cesz si\u0119 zdecydowa\u0107? Albo masz problemy? Wystarczy napisa\u0107 pro\u015bb\u0119 do naszego dzia\u0142u obs\u0142ugi klienta, kt\u00f3ry pomo\u017ce w rozwi\u0105zaniu ka\u017cdego problemu. <\/p> <\/div><div class=\"faq\" data-component=\"FAQ\"><div class=\"faq-item\">\r\n\t\t\t\t\t<div class=\"faq-item-question\">\r\n\t\t\t\t\t\t<h3 class=\"faq-item-question-text\">Jak mog\u0119 osadzi\u0107 czat Whatsapp na mojej stronie g\u0142\u00f3wnej Bloggera bez do\u015bwiadczenia w programowaniu?<\/h3>\r\n\r\n\t\t\t\t\t\t<div class=\"faq-item-question-icon\"><\/div>\r\n\t\t\t\t\t<\/div>\r\n\r\n\t\t\t\t\t<div class=\"faq-item-answer\">\r\n\t\t\t\t\t\t<div class=\"faq-item-answer-text\"><p>Firma Elfsight wprowadza chmur\u0119 rozwi\u0105zania, kt\u00f3re umo\u017cliwia samodzielne utworzenie aplikacji Whatsapp Chat, przekonaj si\u0119, jak prosty jest ten proces: <\/p><ul><li>Pracuj bezpo\u015brednio w edytorze online, aby utworzy\u0107 wtyczk\u0119 Whatsapp Chat, kt\u00f3r\u0105 chcesz widzie\u0107 na stronie g\u0142\u00f3wnej Bloggera. <\/li><li>Wybierz jeden z naszych wst\u0119pnie zaprojektowanych szablon\u00f3w i dostosuj ustawienia czatu Whatsapp, dodaj tre\u015b\u0107, zmie\u0144 uk\u0142ad i schemat kolor\u00f3w bez umiej\u0119tno\u015bci kodowania.<\/li><li>Kliknij, aby zapisa\u0107 wybrane ustawienia zrobi\u0142em to na czacie Whatsapp i uzyska\u0142em kod wtyczki do osadzenia, kt\u00f3ry mo\u017cesz \u0142atwo i bezp\u0142atnie doda\u0107 na dowolnej stronie Bloggera. <\/li><\/ul><p>Korzystaj\u0105c z naszego przyjaznego dla u\u017cytkownika edytora, ka\u017cdy u\u017cytkownik Internetu mo\u017ce utworzy\u0107 sekcj\u0119 czatu Whatsapp online i \u0142atwo umie\u015bci\u0107 j\u0105 na stronie Bloggera. Aby skorzysta\u0107 z naszego serwisu, nie jest wymagane posiadanie p\u0142atnej subskrypcji ani wprowadzanie danych uwierzytelniaj\u0105cych karty. Je\u015bli na kt\u00f3rymkolwiek etapie napotkasz jakiekolwiek przeszkody, skontaktuj si\u0119 z nasz\u0105 techniczn\u0105 obs\u0142ug\u0105 klienta.<\/p><\/div>\r\n\t\t\t\t\t<\/div>\r\n\t\t\t\t<\/div><\/div>","protected":false},"excerpt":{"rendered":"","protected":false},"author":9,"featured_media":0,"parent":857,"menu_order":0,"comment_status":"closed","ping_status":"closed","template":"templates\/template-application-platform.php","meta":{"publish_to_discourse":"","publish_post_category":"","wpdc_auto_publish_overridden":"","wpdc_topic_tags":"","wpdc_pin_topic":"","wpdc_pin_until":"","discourse_post_id":"","discourse_permalink":"","wpdc_publishing_response":"","wpdc_publishing_error":"","footnotes":""},"class_list":["post-7342","page","type-page","status-publish","hentry"],"yoast_head":"<!-- This site is optimized with the Yoast SEO plugin v25.3.1 - https:\/\/yoast.com\/wordpress\/plugins\/seo\/ -->\n<title>Dodaj wid\u017cet okna czatu Whatsapp do witryny Bloggera (2026)<\/title>\n<meta name=\"description\" content=\"Skonfiguruj wid\u017cet okna czatu Whatsapp na Bloggerze tylko w 2 minuty. Poznaj wszystkie g\u0142\u00f3wne cechy najlepszej wtyczki czatu w bezp\u0142atnej wersji demonstracyjnej.\" \/>\n<meta name=\"robots\" content=\"index, follow, max-snippet:-1, max-image-preview:large, max-video-preview:-1\" \/>\n<link rel=\"canonical\" href=\"https:\/\/elfsight.com\/pl\/whatsapp-chat-widget\/blogger\/\" \/>\n<meta property=\"og:locale\" content=\"pl_PL\" \/>\n<meta property=\"og:type\" content=\"article\" \/>\n<meta property=\"og:title\" content=\"Dodaj wid\u017cet okna czatu Whatsapp do witryny Bloggera (2026)\" \/>\n<meta property=\"og:description\" content=\"Skonfiguruj wid\u017cet okna czatu Whatsapp na Bloggerze tylko w 2 minuty. Poznaj wszystkie g\u0142\u00f3wne cechy najlepszej wtyczki czatu w bezp\u0142atnej wersji demonstracyjnej.\" \/>\n<meta property=\"og:url\" content=\"https:\/\/elfsight.com\/pl\/whatsapp-chat-widget\/blogger\/\" \/>\n<meta property=\"og:site_name\" content=\"Elfsight PL\" \/>\n<meta property=\"article:modified_time\" content=\"2024-11-14T12:42:21+00:00\" \/>\n<meta name=\"twitter:card\" content=\"summary_large_image\" \/>\n<meta name=\"twitter:label1\" content=\"Szacowany czas czytania\" \/>\n\t<meta name=\"twitter:data1\" content=\"4 minuty\" \/>\n<!-- \/ Yoast SEO plugin. -->","yoast_head_json":{"title":"Dodaj wid\u017cet okna czatu Whatsapp do witryny Bloggera (2026)","description":"Skonfiguruj wid\u017cet okna czatu Whatsapp na Bloggerze tylko w 2 minuty. Poznaj wszystkie g\u0142\u00f3wne cechy najlepszej wtyczki czatu w bezp\u0142atnej wersji demonstracyjnej.","robots":{"index":"index","follow":"follow","max-snippet":"max-snippet:-1","max-image-preview":"max-image-preview:large","max-video-preview":"max-video-preview:-1"},"canonical":"https:\/\/elfsight.com\/pl\/whatsapp-chat-widget\/blogger\/","og_locale":"pl_PL","og_type":"article","og_title":"Dodaj wid\u017cet okna czatu Whatsapp do witryny Bloggera (2026)","og_description":"Skonfiguruj wid\u017cet okna czatu Whatsapp na Bloggerze tylko w 2 minuty. Poznaj wszystkie g\u0142\u00f3wne cechy najlepszej wtyczki czatu w bezp\u0142atnej wersji demonstracyjnej.","og_url":"https:\/\/elfsight.com\/pl\/whatsapp-chat-widget\/blogger\/","og_site_name":"Elfsight PL","article_modified_time":"2024-11-14T12:42:21+00:00","twitter_card":"summary_large_image","twitter_misc":{"Szacowany czas czytania":"4 minuty"},"schema":{"@context":"https:\/\/schema.org","@graph":[{"@type":"WebPage","@id":"https:\/\/elfsight.com\/pl\/whatsapp-chat-widget\/blogger\/","url":"https:\/\/elfsight.com\/pl\/whatsapp-chat-widget\/blogger\/","name":"Dodaj wid\u017cet okna czatu Whatsapp do witryny Bloggera (2026)","isPartOf":{"@id":"https:\/\/elfsight.com\/pl\/#website"},"datePublished":"1970-01-01T00:00:00+00:00","dateModified":"2024-11-14T12:42:21+00:00","description":"Skonfiguruj wid\u017cet okna czatu Whatsapp na Bloggerze tylko w 2 minuty. Poznaj wszystkie g\u0142\u00f3wne cechy najlepszej wtyczki czatu w bezp\u0142atnej wersji demonstracyjnej.","breadcrumb":{"@id":"https:\/\/elfsight.com\/pl\/whatsapp-chat-widget\/blogger\/#breadcrumb"},"inLanguage":"pl-PL","potentialAction":[{"@type":"ReadAction","target":["https:\/\/elfsight.com\/pl\/whatsapp-chat-widget\/blogger\/"]}]},{"@type":"BreadcrumbList","@id":"https:\/\/elfsight.com\/pl\/whatsapp-chat-widget\/blogger\/#breadcrumb","itemListElement":[{"@type":"ListItem","position":1,"name":"Home","item":"https:\/\/elfsight.com\/pl\/"},{"@type":"ListItem","position":2,"name":"WhatsApp Chat","item":"https:\/\/elfsight.com\/pl\/whatsapp-chat-widget\/"},{"@type":"ListItem","position":3,"name":"Whatsapp Chat &#8211; Blogger"}]},{"@type":"WebSite","@id":"https:\/\/elfsight.com\/pl\/#website","url":"https:\/\/elfsight.com\/pl\/","name":"Elfsight PL","description":"Just another Elfsight Sites site","potentialAction":[{"@type":"SearchAction","target":{"@type":"EntryPoint","urlTemplate":"https:\/\/elfsight.com\/pl\/?s={search_term_string}"},"query-input":{"@type":"PropertyValueSpecification","valueRequired":true,"valueName":"search_term_string"}}],"inLanguage":"pl-PL"}]}},"meta_box":{"industry":"","seo_heading":"","heading":"","description":"","cta_heading":"","cta_description":"","application":"856","h1":"Wid\u017cet okna czatu Bloggera Whatsapp","h1_caption":"Daj u\u017cytkownikom mo\u017cliwo\u015b\u0107 skontaktowania si\u0119 z Tob\u0105 za po\u015brednictwem WhatsApp, zapewniaj\u0105c odwiedzaj\u0105cym Twoj\u0105 witryn\u0119 najszybsz\u0105 i najwygodniejsz\u0105 interakcj\u0119 z witryn\u0105 Bloggera.","application_category":[],"applications_title":"","applications_request_title":"","applications_request_button_text":"","hero_text":"","hero_video":"","hero_video_schema_markup":"","selling_points_title":"","selling_points_caption":"","selling_points":[],"selling_points_cta_text":"","features_title":"","features":"","ed_cta_examples_text":"","ed_cta_examples_hidden":"","ed_cta_demo_text":"","ed_cta_demo_hidden":"","why_caption":"","why_editor_title":"","why_editor_text":"","why_team_title":"","why_team_text":"","why_service_title":"","why_service_text":"","template_catalog_visible":"","template_catalog_title":"","template_catalog_text":"","template_catalog_categories_visible":"","demo_title":"Utw\u00f3rz wid\u017cet czatu Whatsapp","demo_caption":"Skonfiguruj czat Whatsapp i dodaj go do swojej witryny Bloggera za darmo!","default_faq_hidden":"","app_template_category":[],"platform":"44","template_public_id":"","codecanyon_url":"","codecanyon_item_id":"","codecanyon_price":"","pricing_caption":"","pricing_elfsight_apps_hide_column":"","pricing_elfsight_apps_url":"","pricing_codecanyon_price_caption":"","integration_category":[],"integration_request_title":"","integration_request_cta":"","integration_platform":"","integrations":[],"platform_category":[],"video_schema_markup":"","price":"od 0 USD \/ miesi\u0105c","trial":"","benefits":[{"text":"Bezp\u0142atna pomoc w monta\u017cu"},{"text":"Profesjonalna obs\u0142uga klienta"},{"text":"14-dniowa gwarancja zwrotu pieni\u0119dzy"}],"button_url":"#demo","button_target_blank":"","button_nofollow":"","attributes":[{"name":"Instaluje"},{"name":"Czu\u0142y"},{"name":"Kompatybilne przegl\u0105darki"}],"tags":[],"tags_disable_links":"","hide_more_platforms":"","video_object":"","demo_hide_cta":"","demo_hide_cloud_options":"","pricing_title":"","pricing":[{"pricing_icon":"platform","pricing_title":"Elfsight Apps","pricing_title_caption":"Wieloplatformowe rozwi\u0105zanie cyfrowe, kt\u00f3re pasuje do ka\u017cdej witryny","pricing_price":"od 0 USD \/ miesi\u0105c","pricing_price_caption":"zacznij od bezp\u0142atnego planu","pricing_benefits":[{"text":"Nielimitowane strony internetowe"},{"text":"Ca\u0142odobowe wsparcie firmy i dobrze udokumentowane"},{"text":"Bezp\u0142atna pomoc w monta\u017cu"},{"text":"Elastyczny projekt"}],"pricing_button_text":"Dodaj do witryny","pricing_button_url":"#demo"}],"related_apps_title":"","related_apps_hidden":"","author":"","image":[],"title":"","job":"","social_networks":[]},"_links":{"self":[{"href":"https:\/\/elfsight.com\/pl\/wp-json\/wp\/v2\/pages\/7342","targetHints":{"allow":["GET"]}}],"collection":[{"href":"https:\/\/elfsight.com\/pl\/wp-json\/wp\/v2\/pages"}],"about":[{"href":"https:\/\/elfsight.com\/pl\/wp-json\/wp\/v2\/types\/page"}],"author":[{"embeddable":true,"href":"https:\/\/elfsight.com\/pl\/wp-json\/wp\/v2\/users\/9"}],"replies":[{"embeddable":true,"href":"https:\/\/elfsight.com\/pl\/wp-json\/wp\/v2\/comments?post=7342"}],"version-history":[{"count":2,"href":"https:\/\/elfsight.com\/pl\/wp-json\/wp\/v2\/pages\/7342\/revisions"}],"predecessor-version":[{"id":8138,"href":"https:\/\/elfsight.com\/pl\/wp-json\/wp\/v2\/pages\/7342\/revisions\/8138"}],"up":[{"embeddable":true,"href":"https:\/\/elfsight.com\/pl\/wp-json\/wp\/v2\/pages\/857"}],"wp:attachment":[{"href":"https:\/\/elfsight.com\/pl\/wp-json\/wp\/v2\/media?parent=7342"}],"curies":[{"name":"wp","href":"https:\/\/api.w.org\/{rel}","templated":true}]}}