{"id":7336,"date":"1970-01-01T00:00:00","date_gmt":"1970-01-01T00:00:00","guid":{"rendered":"https:\/\/elfsight.com\/pl\/?page_id=7336"},"modified":"2024-11-14T12:42:21","modified_gmt":"2024-11-14T12:42:21","slug":"bigcommerce","status":"publish","type":"page","link":"https:\/\/elfsight.com\/pl\/whatsapp-chat-widget\/bigcommerce\/","title":{"rendered":"Whatsapp Chat &#8211; BigCommerce"},"content":{"rendered":"<div class=\"application-platform-content-item-description application-platform-content-item\" id=\"description\" data-nav-section=\"description\"> <h2>Osad\u017a czat WhatsApp za pomoc\u0105 wid\u017cetu Elfsight<\/h2> <p>Widget WhatsApp stworzony przez Elfsight to p\u0142ynny i szybki wariant umo\u017cliwiaj\u0105cy klientom Twojej witryny internetowej komunikowa\u0107 si\u0119 z Tob\u0105 i uzyska\u0107 odpowiedzi na ich pytania. Mo\u017cesz pozosta\u0107 dost\u0119pny online dla swoich klient\u00f3w w ukochanym komunikatorze, gdziekolwiek si\u0119 znajdujesz. Skonfiguruj czat na swojej stronie internetowej i wybierz go tak, aby by\u0142 wy\u015bwietlany na okre\u015blonych stronach lub dla okre\u015blonych kategorii widz\u00f3w, tw\u00f3rz wyzwalacze rozpocz\u0119cia czatu, wysy\u0142aj niestandardow\u0105 wiadomo\u015b\u0107 powitaln\u0105, ustawiaj ikony i r\u00f3b wi\u0119cej. Dzi\u0119ki czatowi BigCommerce zainstalowanemu na stronie internetowej b\u0119dziesz na bie\u017c\u0105co informowany o swoich klientach przez ca\u0142y czas i niezale\u017cnie od tego, gdzie si\u0119 znajdujesz. <\/p> <div class=\"faq\" data-component=\"FAQ\"> <div class=\"faq-item\">\r\n\t\t\t\t\t<div class=\"faq-item-question\">\r\n\t\t\t\t\t\t<h3 class=\"faq-item-question-text\">Gdzie mog\u0119 wy\u015bwietli\u0107 wid\u017cet<\/h3>\r\n\r\n\t\t\t\t\t\t<div class=\"faq-item-question-icon\"><\/div>\r\n\t\t\t\t\t<\/div>\r\n\r\n\t\t\t\t\t<div class=\"faq-item-answer\">\r\n\t\t\t\t\t\t<div class=\"faq-item-answer-text\"> <p>Czat na \u017cywo WhatsApp mo\u017cna umie\u015bci\u0107 na wszystkich stronach Twojej witryny lub tylko na niekt\u00f3rych. Inn\u0105 opcj\u0105 jest ograniczenie go do okre\u015blonych stron, na kt\u00f3rych nie chcesz mie\u0107 wid\u017cetu. <\/p> <\/div>\r\n\t\t\t\t\t<\/div>\r\n\t\t\t\t<\/div> <div class=\"faq-item\">\r\n\t\t\t\t\t<div class=\"faq-item-question\">\r\n\t\t\t\t\t\t<h3 class=\"faq-item-question-text\">Jakie korzy\u015bci mi to da?<\/h3>\r\n\r\n\t\t\t\t\t\t<div class=\"faq-item-question-icon\"><\/div>\r\n\t\t\t\t\t<\/div>\r\n\r\n\t\t\t\t\t<div class=\"faq-item-answer\">\r\n\t\t\t\t\t\t<div class=\"faq-item-answer-text\"> <p>Dzi\u0119ki tej wtyczce wi\u0119cej klient\u00f3w b\u0119dzie mog\u0142o zwraca\u0107 si\u0119 do Ciebie ze swoimi pytaniami, zapytaniami lub problemami. Mo\u017ce to pom\u00f3c zwi\u0119kszy\u0107 liczb\u0119 potencjalnych klient\u00f3w i sprzeda\u017c. Co wi\u0119cej, szybka reakcja i indywidualne podej\u015bcie do ludzi podnios\u0105 poziom obs\u0142ugi Twojego klienta. <\/p> <\/div>\r\n\t\t\t\t\t<\/div>\r\n\t\t\t\t<\/div> <div class=\"faq-item\">\r\n\t\t\t\t\t<div class=\"faq-item-question\">\r\n\t\t\t\t\t\t<h3 class=\"faq-item-question-text\">Jak pobra\u0107 Whatsapp?<\/h3>\r\n\r\n\t\t\t\t\t\t<div class=\"faq-item-question-icon\"><\/div>\r\n\t\t\t\t\t<\/div>\r\n\r\n\t\t\t\t\t<div class=\"faq-item-answer\">\r\n\t\t\t\t\t\t<div class=\"faq-item-answer-text\"> <p>Potrzebujesz tylko jednej minuty, aby widget m\u00f3g\u0142 dzia\u0142a\u0107. Integracja jest niezwykle szybka, bezp\u0142atna i nie wymaga kodowania. <\/p> <p>Wid\u017cet mo\u017cna zintegrowa\u0107 za po\u015brednictwem naszej us\u0142ugi lub za po\u015brednictwem rynku. Mo\u017cesz wy\u015bwietli\u0107 wi\u0119cej szczeg\u00f3\u0142\u00f3w na temat tych wariant\u00f3w i wybra\u0107 bardziej odpowiedni.<\/p> <\/div>\r\n\t\t\t\t\t<\/div>\r\n\t\t\t\t<\/div> <\/div> <\/div> <div class=\"application-platform-content-item-features application-platform-content-item\" id=\"features\" data-nav-section=\"features\"> <h2>G\u0142\u00f3wne funkcje WhatsApp Chat Widget<\/h2> <p>Aby uzyska\u0107 jasny odbi\u00f3r Whatsapp, sp\u00f3jrz na list\u0119 jego g\u0142\u00f3wnych cech. Dzi\u0119ki nim nasz widget jest naprawd\u0119 wydajny: <\/p> <ul><li>Dodaj komunikator WhatsApp na swojej stronie internetowej do czatu na \u017cywo z klientami; <\/li><li>Udzielaj odpowiedzi bezpo\u015brednio ze swojego konta WhatsApp; <\/li><li>U\u017cyj trzech wariant\u00f3w pozycji czatu: p\u0142ywaj\u0105ca ba\u0144ka, osadzona ba\u0144ka i osadzona okno czatu; <\/li><li>Odkryj bibliotek\u0119 ikon b\u0105belk\u00f3w do wyboru| Wybierz ikon\u0119 b\u0105belka z naszego zestawu dost\u0119pnych ikon; <\/li><li>Edytuj tekst dymku czatu. <\/li><\/ul><p><a href=\"#demo\">Przejrzyj pe\u0142n\u0105 list\u0119 funkcji w wersji demonstracyjnej<\/a><\/p> <\/div> <div class=\"application-platform-content-item-installation application-platform-content-item\" id=\"installation\" data-nav-section=\"installation\"> <h2>Jak doda\u0107 czat na \u017cywo Whatsapp do swojej witryny BigCommerce<\/h2><div class=\"video-container\"><iframe width=\"720\" height=\"405\" src=\"https:\/\/www.youtube.com\/embed\/uhcopToWmnQ\" frameborder=\"0\" allowfullscreen=\"\"><\/iframe><\/div><p>Wystarczy post\u0119powa\u0107 zgodnie z poni\u017cszymi instrukcjami, aby wstawi\u0107 wid\u017cet na BigCommerce.<\/p> <ol><li><b> Zarz\u0105dzaj naszym darmowym edytorem i zacznij tworzy\u0107 w\u0142asny widget. <\/b><br> Okre\u015bl odpowiedni interfejs i cechy funkcjonalne swojego czatu Whatsapp i zapisz zmiany. <\/li> <li><b>Wy\u015bwietl sw\u00f3j unikalny kod w oknie aplikacji Elfsight. <\/b><br> Po zako\u0144czeniu generowania aplikacji osobistej skopiuj kod osobisty z wy\u015bwietlonego wyskakuj\u0105cego okienka i zapisz go na p\u00f3\u017aniej. <\/li> <li><b>Rozpocznij korzystanie z narz\u0119dzia na swojej stronie BigCommerce. <\/b><br> Wklej zapisany wcze\u015bniej kod na swoj\u0105 stron\u0119 internetow\u0105 i zapisz zmiany. <\/li> <li><b>Instalacja zosta\u0142a pomy\u015blnie przeprowadzona. <\/b><br> Przejd\u017a do swojej witryny i zobacz, jak dzia\u0142a wtyczka. <\/li><\/ol><p>Nadal nie jeste\u015b pewien? Lub masz pytania? Tylko jedna pro\u015bba do naszego zespo\u0142u wsparcia rozwi\u0105\u017ce ka\u017cdy problem. <\/p> <\/div><div class=\"faq\" data-component=\"FAQ\"><div class=\"faq-item\">\r\n\t\t\t\t\t<div class=\"faq-item-question\">\r\n\t\t\t\t\t\t<h3 class=\"faq-item-question-text\">W jaki spos\u00f3b mo\u017cna doda\u0107 czat Whatsapp do mojej witryny BigCommerce bez znajomo\u015bci kodowania?<\/h3>\r\n\r\n\t\t\t\t\t\t<div class=\"faq-item-question-icon\"><\/div>\r\n\t\t\t\t\t<\/div>\r\n\r\n\t\t\t\t\t<div class=\"faq-item-answer\">\r\n\t\t\t\t\t\t<div class=\"faq-item-answer-text\"><p>Elfsight firma oferuje rozwi\u0105zanie, kt\u00f3re umo\u017cliwia w\u0142a\u015bcicielom witryn samodzielne utworzenie sekcji czatu Whatsapp, sprawd\u017a jakie to proste: <\/p><ul><li>Rozpocznij prac\u0119 bezpo\u015brednio w edytorze na \u017cywo, aby utworzy\u0107 wid\u017cet czatu Whatsapp, z kt\u00f3rym chcesz si\u0119 zintegrowa\u0107 Strona internetowa BigCommerce.<\/li><li>Wybierz jeden z wielu gotowych szablon\u00f3w i dostosuj ustawienia czatu Whatsapp, zaktualizuj tre\u015b\u0107, zmie\u0144 uk\u0142ad i kolor element\u00f3w bez umiej\u0119tno\u015bci kodowania.<\/li><li>Zapisz ustawienia wprowadzone w Whatsapp Chat i skopiuj jego kod do instalacji, kt\u00f3ry mo\u017cesz \u0142atwo wklei\u0107 na stronie BigCommerce bez kupowania p\u0142atnego planu. <\/li><\/ul><p>Dzi\u0119ki naszemu \u0142atwemu w u\u017cyciu konfiguratorowi ka\u017cdy u\u017cytkownik Internetu mo\u017ce skonfigurowa\u0107 wtyczk\u0119 Whatsapp Chat online i bez wysi\u0142ku wklei\u0107 j\u0105 na swoj\u0105 witryn\u0119 BigCommerce. Aby uzyska\u0107 dost\u0119p do us\u0142ugi, nie trzeba p\u0142aci\u0107 ani podawa\u0107 danych karty. Je\u015bli napotkasz jakiekolwiek problemy, nie wahaj si\u0119 skontaktowa\u0107 z naszym personelem pomocy technicznej.<\/p><\/div>\r\n\t\t\t\t\t<\/div>\r\n\t\t\t\t<\/div><\/div>","protected":false},"excerpt":{"rendered":"","protected":false},"author":9,"featured_media":0,"parent":857,"menu_order":0,"comment_status":"closed","ping_status":"closed","template":"templates\/template-application-platform.php","meta":{"publish_to_discourse":"","publish_post_category":"","wpdc_auto_publish_overridden":"","wpdc_topic_tags":"","wpdc_pin_topic":"","wpdc_pin_until":"","discourse_post_id":"","discourse_permalink":"","wpdc_publishing_response":"","wpdc_publishing_error":"","footnotes":""},"class_list":["post-7336","page","type-page","status-publish","hentry"],"yoast_head":"<!-- This site is optimized with the Yoast SEO plugin v25.3.1 - https:\/\/yoast.com\/wordpress\/plugins\/seo\/ -->\n<title>Dodaj czat na \u017cywo Whatsapp do swojej witryny BigCommerce (2025)<\/title>\n<meta name=\"description\" content=\"Skonfiguruj aplikacj\u0119 Whatsapp Live Chat na BigCommerce tylko w 2 minuty. Poznaj wszystkie g\u0142\u00f3wne cechy najlepszego widgetu czatu w bezp\u0142atnej wersji demonstracyjnej.\" \/>\n<meta name=\"robots\" content=\"index, follow, max-snippet:-1, max-image-preview:large, max-video-preview:-1\" \/>\n<link rel=\"canonical\" href=\"https:\/\/elfsight.com\/pl\/whatsapp-chat-widget\/bigcommerce\/\" \/>\n<meta property=\"og:locale\" content=\"pl_PL\" \/>\n<meta property=\"og:type\" content=\"article\" \/>\n<meta property=\"og:title\" content=\"Dodaj czat na \u017cywo Whatsapp do swojej witryny BigCommerce (2025)\" \/>\n<meta property=\"og:description\" content=\"Skonfiguruj aplikacj\u0119 Whatsapp Live Chat na BigCommerce tylko w 2 minuty. Poznaj wszystkie g\u0142\u00f3wne cechy najlepszego widgetu czatu w bezp\u0142atnej wersji demonstracyjnej.\" \/>\n<meta property=\"og:url\" content=\"https:\/\/elfsight.com\/pl\/whatsapp-chat-widget\/bigcommerce\/\" \/>\n<meta property=\"og:site_name\" content=\"Elfsight PL\" \/>\n<meta property=\"article:modified_time\" content=\"2024-11-14T12:42:21+00:00\" \/>\n<meta name=\"twitter:card\" content=\"summary_large_image\" \/>\n<meta name=\"twitter:label1\" content=\"Szacowany czas czytania\" \/>\n\t<meta name=\"twitter:data1\" content=\"4 minuty\" \/>\n<!-- \/ Yoast SEO plugin. -->","yoast_head_json":{"title":"Dodaj czat na \u017cywo Whatsapp do swojej witryny BigCommerce (2025)","description":"Skonfiguruj aplikacj\u0119 Whatsapp Live Chat na BigCommerce tylko w 2 minuty. Poznaj wszystkie g\u0142\u00f3wne cechy najlepszego widgetu czatu w bezp\u0142atnej wersji demonstracyjnej.","robots":{"index":"index","follow":"follow","max-snippet":"max-snippet:-1","max-image-preview":"max-image-preview:large","max-video-preview":"max-video-preview:-1"},"canonical":"https:\/\/elfsight.com\/pl\/whatsapp-chat-widget\/bigcommerce\/","og_locale":"pl_PL","og_type":"article","og_title":"Dodaj czat na \u017cywo Whatsapp do swojej witryny BigCommerce (2025)","og_description":"Skonfiguruj aplikacj\u0119 Whatsapp Live Chat na BigCommerce tylko w 2 minuty. Poznaj wszystkie g\u0142\u00f3wne cechy najlepszego widgetu czatu w bezp\u0142atnej wersji demonstracyjnej.","og_url":"https:\/\/elfsight.com\/pl\/whatsapp-chat-widget\/bigcommerce\/","og_site_name":"Elfsight PL","article_modified_time":"2024-11-14T12:42:21+00:00","twitter_card":"summary_large_image","twitter_misc":{"Szacowany czas czytania":"4 minuty"},"schema":{"@context":"https:\/\/schema.org","@graph":[{"@type":"WebPage","@id":"https:\/\/elfsight.com\/pl\/whatsapp-chat-widget\/bigcommerce\/","url":"https:\/\/elfsight.com\/pl\/whatsapp-chat-widget\/bigcommerce\/","name":"Dodaj czat na \u017cywo Whatsapp do swojej witryny BigCommerce (2025)","isPartOf":{"@id":"https:\/\/elfsight.com\/pl\/#website"},"datePublished":"1970-01-01T00:00:00+00:00","dateModified":"2024-11-14T12:42:21+00:00","description":"Skonfiguruj aplikacj\u0119 Whatsapp Live Chat na BigCommerce tylko w 2 minuty. Poznaj wszystkie g\u0142\u00f3wne cechy najlepszego widgetu czatu w bezp\u0142atnej wersji demonstracyjnej.","breadcrumb":{"@id":"https:\/\/elfsight.com\/pl\/whatsapp-chat-widget\/bigcommerce\/#breadcrumb"},"inLanguage":"pl-PL","potentialAction":[{"@type":"ReadAction","target":["https:\/\/elfsight.com\/pl\/whatsapp-chat-widget\/bigcommerce\/"]}]},{"@type":"BreadcrumbList","@id":"https:\/\/elfsight.com\/pl\/whatsapp-chat-widget\/bigcommerce\/#breadcrumb","itemListElement":[{"@type":"ListItem","position":1,"name":"Home","item":"https:\/\/elfsight.com\/pl\/"},{"@type":"ListItem","position":2,"name":"WhatsApp Chat","item":"https:\/\/elfsight.com\/pl\/whatsapp-chat-widget\/"},{"@type":"ListItem","position":3,"name":"Whatsapp Chat &#8211; BigCommerce"}]},{"@type":"WebSite","@id":"https:\/\/elfsight.com\/pl\/#website","url":"https:\/\/elfsight.com\/pl\/","name":"Elfsight PL","description":"Just another Elfsight Sites site","potentialAction":[{"@type":"SearchAction","target":{"@type":"EntryPoint","urlTemplate":"https:\/\/elfsight.com\/pl\/?s={search_term_string}"},"query-input":{"@type":"PropertyValueSpecification","valueRequired":true,"valueName":"search_term_string"}}],"inLanguage":"pl-PL"}]}},"meta_box":{"industry":"","seo_heading":"","heading":"","description":"","cta_heading":"","cta_description":"","application":"856","h1":"Czat na \u017cywo WhatsApp w BigCommerce","h1_caption":"Daj u\u017cytkownikom mo\u017cliwo\u015b\u0107 skontaktowania si\u0119 z Tob\u0105 za po\u015brednictwem WhatsApp, zapewniaj\u0105c najszybsz\u0105 i najwygodniejsz\u0105 interakcj\u0119 dla odwiedzaj\u0105cych Twoj\u0105 witryn\u0119 z Twoj\u0105 witryn\u0105 BigCommerce bez wysi\u0142ku.","application_category":[],"applications_title":"","applications_request_title":"","applications_request_button_text":"","hero_text":"","hero_video":"","hero_video_schema_markup":"","selling_points_title":"","selling_points_caption":"","selling_points":[],"selling_points_cta_text":"","features_title":"","features":"","ed_cta_examples_text":"","ed_cta_examples_hidden":"","ed_cta_demo_text":"","ed_cta_demo_hidden":"","why_caption":"","why_editor_title":"","why_editor_text":"","why_team_title":"","why_team_text":"","why_service_title":"","why_service_text":"","template_catalog_visible":"","template_catalog_title":"","template_catalog_text":"","template_catalog_categories_visible":"","demo_title":"Utw\u00f3rz aplikacj\u0119 do czatowania Whatsapp","demo_caption":"Skonfiguruj sw\u00f3j czat Whatsapp i dodaj go do swojej witryny BigCommerce za darmo!","default_faq_hidden":"","app_template_category":[],"platform":"41","template_public_id":"","codecanyon_url":"","codecanyon_item_id":"","codecanyon_price":"","pricing_caption":"","pricing_elfsight_apps_hide_column":"","pricing_elfsight_apps_url":"","pricing_codecanyon_price_caption":"","integration_category":[],"integration_request_title":"","integration_request_cta":"","integration_platform":"","integrations":[],"platform_category":[],"video_schema_markup":"","price":"od 0 USD \/ miesi\u0105c","trial":"","benefits":[{"text":"Bezp\u0142atna pomoc w instalacji"},{"text":"Profesjonalna obs\u0142uga klienta"},{"text":"14-dniowa gwarancja zwrotu pieni\u0119dzy"}],"button_url":"#demo","button_target_blank":"","button_nofollow":"","attributes":[{"name":"Instaluje"},{"name":"Czu\u0142y"},{"name":"Projekt adaptacyjny"}],"tags":[],"tags_disable_links":"","hide_more_platforms":"","video_object":"","demo_hide_cta":"","demo_hide_cloud_options":"","pricing_title":"","pricing":[{"pricing_icon":"platform","pricing_title":"Elfsight Apps","pricing_title_caption":"Wersja niezale\u017cna od platformy, kt\u00f3ra pasuje do ka\u017cdej witryny internetowej","pricing_price":"od 0 USD \/ miesi\u0105c","pricing_price_caption":"zacznij od bezp\u0142atnego planu","pricing_benefits":[{"text":"Nielimitowane domeny"},{"text":"Profesjonalne wsparcie firmy"},{"text":"Bezp\u0142atne wsparcie przy instalacji"},{"text":"Elastyczny projekt"}],"pricing_button_text":"Dodaj do witryny","pricing_button_url":"#demo"}],"related_apps_title":"","related_apps_hidden":"","author":"","image":[],"title":"","job":"","social_networks":[]},"_links":{"self":[{"href":"https:\/\/elfsight.com\/pl\/wp-json\/wp\/v2\/pages\/7336","targetHints":{"allow":["GET"]}}],"collection":[{"href":"https:\/\/elfsight.com\/pl\/wp-json\/wp\/v2\/pages"}],"about":[{"href":"https:\/\/elfsight.com\/pl\/wp-json\/wp\/v2\/types\/page"}],"author":[{"embeddable":true,"href":"https:\/\/elfsight.com\/pl\/wp-json\/wp\/v2\/users\/9"}],"replies":[{"embeddable":true,"href":"https:\/\/elfsight.com\/pl\/wp-json\/wp\/v2\/comments?post=7336"}],"version-history":[{"count":2,"href":"https:\/\/elfsight.com\/pl\/wp-json\/wp\/v2\/pages\/7336\/revisions"}],"predecessor-version":[{"id":8137,"href":"https:\/\/elfsight.com\/pl\/wp-json\/wp\/v2\/pages\/7336\/revisions\/8137"}],"up":[{"embeddable":true,"href":"https:\/\/elfsight.com\/pl\/wp-json\/wp\/v2\/pages\/857"}],"wp:attachment":[{"href":"https:\/\/elfsight.com\/pl\/wp-json\/wp\/v2\/media?parent=7336"}],"curies":[{"name":"wp","href":"https:\/\/api.w.org\/{rel}","templated":true}]}}