{"id":7335,"date":"1970-01-01T00:00:00","date_gmt":"1970-01-01T00:00:00","guid":{"rendered":"https:\/\/elfsight.com\/pl\/?page_id=7335"},"modified":"2024-11-14T12:42:12","modified_gmt":"2024-11-14T12:42:12","slug":"drupal","status":"publish","type":"page","link":"https:\/\/elfsight.com\/pl\/whatsapp-chat-widget\/drupal\/","title":{"rendered":"Whatsapp Chat &#8211; Drupal"},"content":{"rendered":"<div class=\"application-platform-content-item-description application-platform-content-item\" id=\"description\" data-nav-section=\"description\"> <h2>Umie\u015b\u0107 czat WhatsApp za pomoc\u0105 wid\u017cetu Elfsight<\/h2> <p>Modu\u0142 WhatsApp firmy Elfsight to proste narz\u0119dzie umo\u017cliwiaj\u0105ce u\u017cytkownikom Twojej witryny komunikacj\u0119 z Tob\u0105 i uzyskaj odpowiedzi na swoje pytania. Teraz mo\u017cesz by\u0107 ca\u0142y czas dost\u0119pny dla widz\u00f3w online w ich wygodnym komunikatorze. Wstaw czat w swoim sklepie, a mo\u017ce pojawi\u0107 si\u0119 na najwa\u017cniejszych stronach lub dla wybranych typ\u00f3w u\u017cytkownik\u00f3w, wybierz wyzwalacze rozpocz\u0119cia czatu, wy\u015blij swoj\u0105 unikaln\u0105 wiadomo\u015b\u0107 powitaln\u0105, wybierz ikony i zastosuj inn\u0105 personalizacj\u0119. Maj\u0105c Drupal Live Chat na swojej stronie, b\u0119dziesz w kontakcie ze swoimi odbiorcami o ka\u017cdej porze i niezale\u017cnie od tego, gdzie si\u0119 znajdujesz. <\/p><p>Czat WhatsApp dla Drupala mo\u017ce pom\u00f3c Ci zwi\u0119kszy\u0107 mo\u017cliwo\u015bci biznesowe, pomagaj\u0105c zapewni\u0107 nienagann\u0105 obs\u0142ug\u0119 klienta. Mo\u017cesz doda\u0107 to narz\u0119dzie do wszystkich lub wybranych stron swojej witryny. Istnieje r\u00f3wnie\u017c mo\u017cliwo\u015b\u0107 wybrania odbiorc\u00f3w, kt\u00f3rzy b\u0119d\u0105 widzie\u0107 Tw\u00f3j czat WhatsApp na stronach Twojej witryny Drupal. Ta funkcja mo\u017ce pom\u00f3c Ci pozosta\u0107 w kontakcie z lud\u017ami bez irytowania ich ci\u0105g\u0142ym przesy\u0142aniem wiadomo\u015bci. Czat WhatsApp dla Drupala to doskona\u0142e narz\u0119dzie do wszelkiego rodzaju pomocy, wsparcia, onboardingu i innych us\u0142ug potrzebnych dla Twojego biznesu online i offline. Zapewnij swoim odbiorcom najlepsz\u0105 obs\u0142ug\u0119 klienta za pomoc\u0105 popularnego i znanego komunikatora.<\/p> <div class=\"faq\" data-component=\"FAQ\"><div class=\"faq-item\">\r\n\t\t\t\t\t<div class=\"faq-item-question\">\r\n\t\t\t\t\t\t<h3 class=\"faq-item-question-text\">Jak doda\u0107 okno czatu WhatsApp do Drupala stron\u0119?<\/h3>\r\n\r\n\t\t\t\t\t\t<div class=\"faq-item-question-icon\"><\/div>\r\n\t\t\t\t\t<\/div>\r\n\r\n\t\t\t\t\t<div class=\"faq-item-answer\">\r\n\t\t\t\t\t\t<div class=\"faq-item-answer-text\"><p>Dodanie do serwisu zajmie tylko kilka chwil. Co wi\u0119cej, nie musisz posiada\u0107 \u017cadnych umiej\u0119tno\u015bci programowania.<\/p><ol><li>Dostosuj modu\u0142 WhatsApp Chat dla Drupala w darmowym konfiguratorze na \u017cywo.<\/li> <li>Kliknij kod, aby go pobra\u0107 .<\/li> <li>Osad\u017a kod w odpowiednim miejscu szablonu witryny.<\/li> <li>\u015awietna robota! Konfiguracja modu\u0142u WhatsApp Chat na Drupalu jest perfekcyjna!<\/li><\/ol><p>Masz problemy z instalacj\u0105 wtyczki do Drupala lub ustawieniem czatu WhatsApp? Mo\u017cesz zobaczy\u0107 pe\u0142ny przewodnik <a href=\"https:\/\/elfsight.com\/tutorials\/how-to-add-whatsapp-chat-widget-to-website\/#how-to-add-whatsapp-to-drupal\">na tej stronie<\/a>. <\/p><\/div>\r\n\t\t\t\t\t<\/div>\r\n\t\t\t\t<\/div><div class=\"faq-item\">\r\n\t\t\t\t\t<div class=\"faq-item-question\">\r\n\t\t\t\t\t\t<h3 class=\"faq-item-question-text\">Czy jest mo\u017cliwo\u015b\u0107 zobaczenia, jak widget b\u0119dzie wygl\u0105da\u0142 na mojej stronie?<\/h3>\r\n\r\n\t\t\t\t\t\t<div class=\"faq-item-question-icon\"><\/div>\r\n\t\t\t\t\t<\/div>\r\n\r\n\t\t\t\t\t<div class=\"faq-item-answer\">\r\n\t\t\t\t\t\t<div class=\"faq-item-answer-text\"><p>Absolutnie! Tworz\u0105c modu\u0142 czatu WhatsApp dla Drupala <a href=\"https:\/\/elfsight.com\/whatsapp-chat-widget\/#demo\">w darmowym edytorze na \u017cywo<\/a>, b\u0119dziesz bra\u0107 pod uwag\u0119 wszystkie konfiguracje na Prawid\u0142owy. Okno czatu b\u0119dzie wygl\u0105da\u0107 dok\u0142adnie tak samo, jak w witrynie Drupal.<\/p><\/div>\r\n\t\t\t\t\t<\/div>\r\n\t\t\t\t<\/div><div class=\"faq-item\">\r\n\t\t\t\t\t<div class=\"faq-item-question\">\r\n\t\t\t\t\t\t<h3 class=\"faq-item-question-text\">Jakie wszechstronne modu\u0142y s\u0105 niezb\u0119dne w witrynie Drupal?<\/h3>\r\n\r\n\t\t\t\t\t\t<div class=\"faq-item-question-icon\"><\/div>\r\n\t\t\t\t\t<\/div>\r\n\r\n\t\t\t\t\t<div class=\"faq-item-answer\">\r\n\t\t\t\t\t\t<div class=\"faq-item-answer-text\"> <p>Strony Drupalowe \u015bwietnie nadaj\u0105 si\u0119 do wzmocnienia licznymi modu\u0142ami oferowanymi przez Elfsight. Mo\u017cesz na przyk\u0142ad wybra\u0107 <a href=\"https:\/\/elfsight.com\/whatsapp-chat-widget\/drupal\/\">czat WhatsApp<\/a> i <a href=\"https:\/\/elfsight.com\/online -form-builder\/drupal\/\">Kreator formularzy<\/a>, aby zbiera\u0107 opinie od klient\u00f3w. <a href=\"https:\/\/elfsight.com\/pdf-embed-widget\/drupal\/\">Osadzanie plik\u00f3w PDF<\/a>, <a href=\"https:\/\/elfsight.com\/instagram-feed-instashow\/drupal \/\">Kana\u0142 na Instagramie<\/a> i <a href=\"https:\/\/elfsight.com\/event-calendar-widget\/drupal\/\">Kalendarz wydarze\u0144<\/a> pomog\u0105 Ci w poszerzaniu tre\u015bci i tworzeniu to wi\u0119cej r\u00f3\u017cnych.<\/p><\/div>\r\n\t\t\t\t\t<\/div>\r\n\t\t\t\t<\/div><div class=\"faq-item\">\r\n\t\t\t\t\t<div class=\"faq-item-question\">\r\n\t\t\t\t\t\t<h3 class=\"faq-item-question-text\">Najlepsze przyk\u0142ady wykorzystania integracji czatu na \u017cywo z Whatsapp<\/h3>\r\n\r\n\t\t\t\t\t\t<div class=\"faq-item-question-icon\"><\/div>\r\n\t\t\t\t\t<\/div>\r\n\r\n\t\t\t\t\t<div class=\"faq-item-answer\">\r\n\t\t\t\t\t\t<div class=\"faq-item-answer-text\"><p>Oferujemy mn\u00f3stwo mo\u017cliwo\u015bci dostosowywania: pe\u0142nowymiarowe wid\u017cety do osadzania do obszaru zawarto\u015bci, p\u0142ywaj\u0105ce wid\u017cety z mo\u017cliwo\u015bci\u0105 przewijania, uk\u0142ady stopki, nag\u0142\u00f3wka i wszelkiego rodzaju pionowe mo\u017cliwo\u015bci pask\u00f3w bocznych i menu witryny. <\/p><\/div>\r\n\t\t\t\t\t<\/div>\r\n\t\t\t\t<\/div><div class=\"faq-item\">\r\n\t\t\t\t\t<div class=\"faq-item-question\">\r\n\t\t\t\t\t\t<h3 class=\"faq-item-question-text\">Jak utworzy\u0107 czat WhatsApp dotycz\u0105cy pomocy technicznej lub sprzeda\u017cy za pomoc\u0105 edytora? <\/h3>\r\n\r\n\t\t\t\t\t\t<div class=\"faq-item-question-icon\"><\/div>\r\n\t\t\t\t\t<\/div>\r\n\r\n\t\t\t\t\t<div class=\"faq-item-answer\">\r\n\t\t\t\t\t\t<div class=\"faq-item-answer-text\"><p>Mo\u017cesz utworzy\u0107 dowolne odmiany wid\u017cetu. W edytorze dost\u0119pnych jest mn\u00f3stwo uk\u0142ad\u00f3w, a ka\u017cdy z nich mo\u017cna \u0142atwo dostosowa\u0107 do w\u0142asnych potrzeb. <\/p><\/div>\r\n\t\t\t\t\t<\/div>\r\n\t\t\t\t<\/div><\/div><\/div> <div class=\"application-platform-content-item-features application-platform-content-item\" id=\"features\" data-nav-section=\"features\"> <h2>G\u0142\u00f3wne funkcje wid\u017cetu czatu WhatsApp<\/h2> <p>Aby uzyska\u0107 pe\u0142ny obraz czatu na \u017cywo, przejrzyj list\u0119 jego g\u0142\u00f3wnych funkcji. Sprawiaj\u0105, \u017ce wid\u017cet jest niezwykle skuteczny dla Twojej firmy: <\/p> <ul><li>Skonfiguruj komunikator WhatsApp na swojej stronie internetowej, aby nawi\u0105za\u0107 komunikacj\u0119 z odwiedzaj\u0105cymi; <\/li><li>Udziel odpowiedzi bezpo\u015brednio ze swojego konta WhatsApp; <\/li><li>U\u017cyj trzech opcji uk\u0142adu modu\u0142u: p\u0142ywaj\u0105ca ba\u0144ka, osadzona ba\u0144ka i osadzona okno czatu; <\/li><li> Wybierz wariant ikony b\u0105belka z biblioteki dost\u0119pnych ikon; <\/li><li>Wprowad\u017a w\u0142asny tekst dymka czatu. <\/li><\/ul><p><a href=\"#demo\">Zobacz pe\u0142n\u0105 list\u0119 funkcji wid\u017cetu w naszej wersji demonstracyjnej na \u017cywo<\/a><\/p> <\/div> <div class=\"application-platform-content-item-installation application-platform-content-item\" id=\"installation\" data-nav-section=\"installation\"> <h2>Jak doda\u0107 modu\u0142 czatu na \u017cywo Whatsapp do swojej witryny Drupal<\/h2><div class=\"video-container\"><iframe width=\"720\" height=\"405\" src=\"https:\/\/www.youtube.com\/embed\/u3RYBCjBWJQ\" frameborder=\"0\" allowfullscreen=\"\"><\/iframe><\/div><p>Wystarczy zastosowa\u0107 si\u0119 do poni\u017cszych instrukcji, aby zintegrowa\u0107 modu\u0142 z Drupalem.<\/p> <ol><li><b>Uruchom nasz darmowy edytor i rozpocznij tworzenie spersonalizowanego modu\u0142u. <\/b><br> Znajd\u017a preferowany uk\u0142ad i cechy modu\u0142u Czat Whatsapp i zastosuj modyfikacje. <\/li> <li><b>Zdob\u0105d\u017a sw\u00f3j osobisty kod, kt\u00f3ry pojawi si\u0119 w polu w aplikacjach Elfsight. <\/b><br> Po zako\u0144czeniu konfiguracji narz\u0119dzia skopiuj indywidualny kod z wy\u015bwietlonego pola i zachowaj go do dalszego wykorzystania. <\/li> <li><b>Rozpocznij korzystanie z modu\u0142u na stronie Drupal. <\/b><br> Wstaw zapisany wcze\u015bniej kod na swoj\u0105 stron\u0119 i zapisz poprawki. <\/li> <li><b>Instalacja zosta\u0142a ca\u0142kowicie zako\u0144czona. <\/b><br> Odwied\u017a swoj\u0105 witryn\u0119, aby sprawdzi\u0107, jak dzia\u0142a modu\u0142. <\/li><\/ol><p>Nadal nie mo\u017cesz podj\u0105\u0107 decyzji? Lub do\u015bwiadczasz problem\u00f3w? Po prostu wy\u015blij zapytanie do naszego zespo\u0142u wsparcia, a my pomo\u017cemy w ka\u017cdej sprawie. <\/p> <\/div><div class=\"faq\" data-component=\"FAQ\"><div class=\"faq-item\">\r\n\t\t\t\t\t<div class=\"faq-item-question\">\r\n\t\t\t\t\t\t<h3 class=\"faq-item-question-text\">Czy istnieje mo\u017cliwo\u015b\u0107 osadzenia czatu Whatsapp na mojej stronie Drupal bez umiej\u0119tno\u015bci kodowania?<\/h3>\r\n\r\n\t\t\t\t\t\t<div class=\"faq-item-question-icon\"><\/div>\r\n\t\t\t\t\t<\/div>\r\n\r\n\t\t\t\t\t<div class=\"faq-item-answer\">\r\n\t\t\t\t\t\t<div class=\"faq-item-answer-text\"><p>Firma Elfsight dostarcza rozwi\u0105zanie, kt\u00f3re pozwala u\u017cytkownikom samodzielnie stworzy\u0107 wtyczk\u0119 Whatsapp Chat, odkryj nieskomplikowane kroki: <\/p><ul><li>Przejd\u017a do wersji demonstracyjnej na \u017cywo, aby utworzy\u0107 sekcj\u0119 Whatsapp Chat, kt\u00f3r\u0105 chcesz doda\u0107 na swojej stronie Drupal.<\/li><li>Wybierz jeden z gotowych szablon\u00f3w i zmodyfikuj ustawienia Czatu Whatsapp, zmie\u0144 uk\u0142ad i kolorystyk\u0119, dodaj tre\u015bci bez znajomo\u015bci kodowania.<\/li><li>Zapisz Czat Whatsapp i uzyskaj kod instalacyjny, kt\u00f3ry mo\u017cna \u0142atwo doda\u0107 na stronie g\u0142\u00f3wnej Drupala, bez konieczno\u015bci kupowania wersji p\u0142atnej. <\/li><\/ul><p>Za pomoc\u0105 prostego konfiguratora ka\u017cdy u\u017cytkownik sieci mo\u017ce wygenerowa\u0107 wid\u017cet czatu Whatsapp i po prostu doda\u0107 go do strony g\u0142\u00f3wnej Drupala. Nie mo\u017cesz p\u0142aci\u0107 ani ujawnia\u0107 danych swojej karty, aby uzyska\u0107 dost\u0119p do Edytora Elfsight. Je\u015bli napotkasz jakiekolwiek przeszkody, skontaktuj si\u0119 z naszym zespo\u0142em pomocy.<\/p><\/div>\r\n\t\t\t\t\t<\/div>\r\n\t\t\t\t<\/div><\/div>","protected":false},"excerpt":{"rendered":"","protected":false},"author":9,"featured_media":0,"parent":857,"menu_order":0,"comment_status":"closed","ping_status":"closed","template":"templates\/template-application-platform.php","meta":{"publish_to_discourse":"","publish_post_category":"","wpdc_auto_publish_overridden":"","wpdc_topic_tags":"","wpdc_pin_topic":"","wpdc_pin_until":"","discourse_post_id":"","discourse_permalink":"","wpdc_publishing_response":"","wpdc_publishing_error":"","footnotes":""},"class_list":["post-7335","page","type-page","status-publish","hentry"],"yoast_head":"<!-- This site is optimized with the Yoast SEO plugin v25.3.1 - https:\/\/yoast.com\/wordpress\/plugins\/seo\/ -->\n<title>Dodaj modu\u0142 czatu na \u017cywo Whatsapp do strony Drupal (\u0142atwo i szybko)<\/title>\n<meta name=\"description\" content=\"Skonfiguruj modu\u0142 czatu na \u017cywo Whatsapp na Drupalu tylko w 2 minuty. Poznaj wszystkie g\u0142\u00f3wne cechy najlepszej wtyczki czatu w bezp\u0142atnej wersji demonstracyjnej.\" \/>\n<meta name=\"robots\" content=\"index, follow, max-snippet:-1, max-image-preview:large, max-video-preview:-1\" \/>\n<link rel=\"canonical\" href=\"https:\/\/elfsight.com\/pl\/whatsapp-chat-widget\/drupal\/\" \/>\n<meta property=\"og:locale\" content=\"pl_PL\" \/>\n<meta property=\"og:type\" content=\"article\" \/>\n<meta property=\"og:title\" content=\"Dodaj modu\u0142 czatu na \u017cywo Whatsapp do strony Drupal (\u0142atwo i szybko)\" \/>\n<meta property=\"og:description\" content=\"Skonfiguruj modu\u0142 czatu na \u017cywo Whatsapp na Drupalu tylko w 2 minuty. Poznaj wszystkie g\u0142\u00f3wne cechy najlepszej wtyczki czatu w bezp\u0142atnej wersji demonstracyjnej.\" \/>\n<meta property=\"og:url\" content=\"https:\/\/elfsight.com\/pl\/whatsapp-chat-widget\/drupal\/\" \/>\n<meta property=\"og:site_name\" content=\"Elfsight PL\" \/>\n<meta property=\"article:modified_time\" content=\"2024-11-14T12:42:12+00:00\" \/>\n<meta name=\"twitter:card\" content=\"summary_large_image\" \/>\n<meta name=\"twitter:label1\" content=\"Szacowany czas czytania\" \/>\n\t<meta name=\"twitter:data1\" content=\"5 minut\" \/>\n<!-- \/ Yoast SEO plugin. -->","yoast_head_json":{"title":"Dodaj modu\u0142 czatu na \u017cywo Whatsapp do strony Drupal (\u0142atwo i szybko)","description":"Skonfiguruj modu\u0142 czatu na \u017cywo Whatsapp na Drupalu tylko w 2 minuty. Poznaj wszystkie g\u0142\u00f3wne cechy najlepszej wtyczki czatu w bezp\u0142atnej wersji demonstracyjnej.","robots":{"index":"index","follow":"follow","max-snippet":"max-snippet:-1","max-image-preview":"max-image-preview:large","max-video-preview":"max-video-preview:-1"},"canonical":"https:\/\/elfsight.com\/pl\/whatsapp-chat-widget\/drupal\/","og_locale":"pl_PL","og_type":"article","og_title":"Dodaj modu\u0142 czatu na \u017cywo Whatsapp do strony Drupal (\u0142atwo i szybko)","og_description":"Skonfiguruj modu\u0142 czatu na \u017cywo Whatsapp na Drupalu tylko w 2 minuty. Poznaj wszystkie g\u0142\u00f3wne cechy najlepszej wtyczki czatu w bezp\u0142atnej wersji demonstracyjnej.","og_url":"https:\/\/elfsight.com\/pl\/whatsapp-chat-widget\/drupal\/","og_site_name":"Elfsight PL","article_modified_time":"2024-11-14T12:42:12+00:00","twitter_card":"summary_large_image","twitter_misc":{"Szacowany czas czytania":"5 minut"},"schema":{"@context":"https:\/\/schema.org","@graph":[{"@type":"WebPage","@id":"https:\/\/elfsight.com\/pl\/whatsapp-chat-widget\/drupal\/","url":"https:\/\/elfsight.com\/pl\/whatsapp-chat-widget\/drupal\/","name":"Dodaj modu\u0142 czatu na \u017cywo Whatsapp do strony Drupal (\u0142atwo i szybko)","isPartOf":{"@id":"https:\/\/elfsight.com\/pl\/#website"},"datePublished":"1970-01-01T00:00:00+00:00","dateModified":"2024-11-14T12:42:12+00:00","description":"Skonfiguruj modu\u0142 czatu na \u017cywo Whatsapp na Drupalu tylko w 2 minuty. Poznaj wszystkie g\u0142\u00f3wne cechy najlepszej wtyczki czatu w bezp\u0142atnej wersji demonstracyjnej.","breadcrumb":{"@id":"https:\/\/elfsight.com\/pl\/whatsapp-chat-widget\/drupal\/#breadcrumb"},"inLanguage":"pl-PL","potentialAction":[{"@type":"ReadAction","target":["https:\/\/elfsight.com\/pl\/whatsapp-chat-widget\/drupal\/"]}]},{"@type":"BreadcrumbList","@id":"https:\/\/elfsight.com\/pl\/whatsapp-chat-widget\/drupal\/#breadcrumb","itemListElement":[{"@type":"ListItem","position":1,"name":"Home","item":"https:\/\/elfsight.com\/pl\/"},{"@type":"ListItem","position":2,"name":"WhatsApp Chat","item":"https:\/\/elfsight.com\/pl\/whatsapp-chat-widget\/"},{"@type":"ListItem","position":3,"name":"Whatsapp Chat &#8211; Drupal"}]},{"@type":"WebSite","@id":"https:\/\/elfsight.com\/pl\/#website","url":"https:\/\/elfsight.com\/pl\/","name":"Elfsight PL","description":"Just another Elfsight Sites site","potentialAction":[{"@type":"SearchAction","target":{"@type":"EntryPoint","urlTemplate":"https:\/\/elfsight.com\/pl\/?s={search_term_string}"},"query-input":{"@type":"PropertyValueSpecification","valueRequired":true,"valueName":"search_term_string"}}],"inLanguage":"pl-PL"}]}},"meta_box":{"industry":"","seo_heading":"","heading":"","description":"","cta_heading":"","cta_description":"","application":"856","h1":"Modu\u0142 czatu na \u017cywo Drupal Whatsapp","h1_caption":"Daj u\u017cytkownikom mo\u017cliwo\u015b\u0107 skontaktowania si\u0119 z Tob\u0105 za po\u015brednictwem WhatsApp, zapewniaj\u0105c najszybsz\u0105 i najwygodniejsz\u0105 interakcj\u0119 dla odwiedzaj\u0105cych Twoj\u0105 witryn\u0119 z Twoj\u0105 witryn\u0105 Drupal.","application_category":[],"applications_title":"","applications_request_title":"","applications_request_button_text":"","hero_text":"","hero_video":"","hero_video_schema_markup":"","selling_points_title":"","selling_points_caption":"","selling_points":[],"selling_points_cta_text":"","features_title":"","features":"","ed_cta_examples_text":"","ed_cta_examples_hidden":"","ed_cta_demo_text":"","ed_cta_demo_hidden":"","why_caption":"","why_editor_title":"","why_editor_text":"","why_team_title":"","why_team_text":"","why_service_title":"","why_service_text":"","template_catalog_visible":"","template_catalog_title":"","template_catalog_text":"","template_catalog_categories_visible":"","demo_title":"Utw\u00f3rz modu\u0142 czatu Whatsapp","demo_caption":"Skonfiguruj czat Whatsapp i dodaj go do swojej witryny Drupal za darmo!","default_faq_hidden":"","app_template_category":[],"platform":"47","template_public_id":"","codecanyon_url":"","codecanyon_item_id":"","codecanyon_price":"","pricing_caption":"","pricing_elfsight_apps_hide_column":"","pricing_elfsight_apps_url":"","pricing_codecanyon_price_caption":"","integration_category":[],"integration_request_title":"","integration_request_cta":"","integration_platform":"","integrations":[],"platform_category":[],"video_schema_markup":"","price":"od 0 USD \/ miesi\u0105c","trial":"","benefits":[{"text":"Bezp\u0142atna pomoc w monta\u017cu"},{"text":"Profesjonalna obs\u0142uga klienta"},{"text":"14-dniowa gwarancja zwrotu pieni\u0119dzy"}],"button_url":"#demo","button_target_blank":"","button_nofollow":"","attributes":[{"name":"Instaluje"},{"name":"Czu\u0142y"},{"name":"Kompatybilne przegl\u0105darki"}],"tags":[],"tags_disable_links":"","hide_more_platforms":"","video_object":"","demo_hide_cta":"","demo_hide_cloud_options":"","pricing_title":"","pricing":[{"pricing_icon":"platform","pricing_title":"Elfsight Apps","pricing_title_caption":"Oprogramowanie wieloplatformowe, kt\u00f3re pasuje do ka\u017cdej witryny","pricing_price":"od 0 USD \/ miesi\u0105c","pricing_price_caption":"zacznij od bezp\u0142atnego planu","pricing_benefits":[{"text":"Nielimitowane strony internetowe"},{"text":"Profesjonalne i terminowe wsparcie"},{"text":"Bezp\u0142atna pomoc w monta\u017cu"},{"text":"\u015awietna oferta na wiele aplikacji"}],"pricing_button_text":"Dodaj do witryny","pricing_button_url":"#demo"}],"related_apps_title":"","related_apps_hidden":"","author":"","image":[],"title":"","job":"","social_networks":[]},"_links":{"self":[{"href":"https:\/\/elfsight.com\/pl\/wp-json\/wp\/v2\/pages\/7335","targetHints":{"allow":["GET"]}}],"collection":[{"href":"https:\/\/elfsight.com\/pl\/wp-json\/wp\/v2\/pages"}],"about":[{"href":"https:\/\/elfsight.com\/pl\/wp-json\/wp\/v2\/types\/page"}],"author":[{"embeddable":true,"href":"https:\/\/elfsight.com\/pl\/wp-json\/wp\/v2\/users\/9"}],"replies":[{"embeddable":true,"href":"https:\/\/elfsight.com\/pl\/wp-json\/wp\/v2\/comments?post=7335"}],"version-history":[{"count":2,"href":"https:\/\/elfsight.com\/pl\/wp-json\/wp\/v2\/pages\/7335\/revisions"}],"predecessor-version":[{"id":8136,"href":"https:\/\/elfsight.com\/pl\/wp-json\/wp\/v2\/pages\/7335\/revisions\/8136"}],"up":[{"embeddable":true,"href":"https:\/\/elfsight.com\/pl\/wp-json\/wp\/v2\/pages\/857"}],"wp:attachment":[{"href":"https:\/\/elfsight.com\/pl\/wp-json\/wp\/v2\/media?parent=7335"}],"curies":[{"name":"wp","href":"https:\/\/api.w.org\/{rel}","templated":true}]}}