{"id":7333,"date":"1970-01-01T00:00:00","date_gmt":"1970-01-01T00:00:00","guid":{"rendered":"https:\/\/elfsight.com\/pl\/?page_id=7333"},"modified":"2024-11-14T12:42:12","modified_gmt":"2024-11-14T12:42:12","slug":"joomla","status":"publish","type":"page","link":"https:\/\/elfsight.com\/pl\/whatsapp-chat-widget\/joomla\/","title":{"rendered":"Whatsapp Chat &#8211; Joomla"},"content":{"rendered":"<div class=\"application-platform-content-item-description application-platform-content-item\" id=\"description\" data-nav-section=\"description\"> <h2>Umie\u015b\u0107 czat WhatsApp za pomoc\u0105 wid\u017cetu Elfsight<\/h2> <p>Wtyczka WhatsApp stworzona przez Elfsight to najwygodniejsze narz\u0119dzie umo\u017cliwiaj\u0105ce komunikacj\u0119 klientom Twojej witryny Ciebie i uzyska\u0107 odpowiedzi na ich pytania i pro\u015bby. Mo\u017cesz pozosta\u0107 dost\u0119pny na \u017cywo dla u\u017cytkownik\u00f3w w ich najbardziej ukochanym komunikatorze, gdziekolwiek si\u0119 znajdujesz. Umie\u015b\u0107 czat w swoim sklepie, a b\u0119dzie on wy\u015bwietlany na wybranych stronach lub dla okre\u015blonych typ\u00f3w klient\u00f3w, aktywuj wyzwalacze rozpocz\u0119cia czatu, wpisz w\u0142asn\u0105 wiadomo\u015b\u0107 powitaln\u0105, zmie\u0144 ikony i wiele wi\u0119cej. Korzystaj\u0105c z czatu na \u017cywo WhatsApp na swojej stronie, b\u0119dziesz w kontakcie ze swoimi klientami w dowolnym miejscu i czasie. <\/p> <div class=\"faq\" data-component=\"FAQ\"><div class=\"faq-item\">\r\n\t\t\t\t\t<div class=\"faq-item-question\">\r\n\t\t\t\t\t\t<h3 class=\"faq-item-question-text\">Jak doda\u0107 przycisk Czat WhatsApp do witryny Joomla?<\/h3>\r\n\r\n\t\t\t\t\t\t<div class=\"faq-item-question-icon\"><\/div>\r\n\t\t\t\t\t<\/div>\r\n\r\n\t\t\t\t\t<div class=\"faq-item-answer\">\r\n\t\t\t\t\t\t<div class=\"faq-item-answer-text\"><p>Dodanie rozszerzenia Czat WhatsApp do Joomla zajmuje kilka chwil . Co wi\u0119cej, nie musisz posiada\u0107 \u017cadnej umiej\u0119tno\u015bci programowania. <\/p><ol><li>Reguluj wtyczk\u0119 dla Joomla w darmowym konfiguratorze i zobacz zmiany na \u017cywo. <\/li> <li>Kliknij kod, aby go skopiowa\u0107. <\/li> <li>Wstaw kod rozszerzenia WhatsApp Chat w wymaganym miejscu zaplecza Joomla. <\/li> <li>Rozumiem! Osadzanie modu\u0142u czatu w Joomla zosta\u0142o udoskonalone! <\/li><\/ol><p>Masz problemy z w\u0142o\u017ceniem wtyczki do Joomla lub jej sformatowaniem? Mo\u017cesz zobaczy\u0107 kompletny przewodnik <a href=\"https:\/\/elfsight.com\/tutorials\/how-to-add-whatsapp-chat-widget-to-website\/#how-to-add-whatsapp-to-joomla\">na tej stronie<\/a>.<\/p><\/div>\r\n\t\t\t\t\t<\/div>\r\n\t\t\t\t<\/div><div class=\"faq-item\">\r\n\t\t\t\t\t<div class=\"faq-item-question\">\r\n\t\t\t\t\t\t<h3 class=\"faq-item-question-text\">Czy mam mo\u017cliwo\u015b\u0107 zobaczenia, jak modu\u0142 b\u0119dzie wygl\u0105da\u0142 na stronie internetowej?<\/h3>\r\n\r\n\t\t\t\t\t\t<div class=\"faq-item-question-icon\"><\/div>\r\n\t\t\t\t\t<\/div>\r\n\r\n\t\t\t\t\t<div class=\"faq-item-answer\">\r\n\t\t\t\t\t\t<div class=\"faq-item-answer-text\"><p>Oczywi\u015bcie! W procesie tworzenia wtyczki czatu Joomla <a href=\"https:\/\/elfsight.com\/whatsapp-chat-widget\/#demo\">w kreatorze na \u017cywo<\/a> wszystkie wersje zobaczysz w prawa cz\u0119\u015b\u0107 edytora. Twoje okno czatu b\u0119dzie identyczne z tym, kt\u00f3re znajdziesz w witrynie Joomla.<\/p><\/div>\r\n\t\t\t\t\t<\/div>\r\n\t\t\t\t<\/div><div class=\"faq-item\">\r\n\t\t\t\t\t<div class=\"faq-item-question\">\r\n\t\t\t\t\t\t<h3 class=\"faq-item-question-text\">Jakie popularne rozszerzenia s\u0105 niezb\u0119dne w witrynie Joomla?<\/h3>\r\n\r\n\t\t\t\t\t\t<div class=\"faq-item-question-icon\"><\/div>\r\n\t\t\t\t\t<\/div>\r\n\r\n\t\t\t\t\t<div class=\"faq-item-answer\">\r\n\t\t\t\t\t\t<div class=\"faq-item-answer-text\"><p> Istnieje wiele wszechstronnych modu\u0142\u00f3w Elfsight, kt\u00f3re mo\u017cesz doda\u0107 do swojej witryny internetowej zbudowanej na Joomla. Na przyk\u0142ad istnieje wiele typ\u00f3w przycisk\u00f3w czatu: <a href=\"https:\/\/elfsight.com\/all-in-one-chat-widget\/joomla\/\">Czat All-in-One<\/a> i <a>Czat WhatsApp<\/a> \u2013 aby komunikowa\u0107 si\u0119 z klientami w Twojej witrynie. Ponadto <a href=\"https:\/\/elfsight.com\/online-form-builder\/joomla\/\">Formularze online<\/a>, <a href=\"https:\/\/elfsight.com\/pdf-embed-widget \/joomla\/\">Osadzanie plik\u00f3w PDF<\/a> i <a href=\"https:\/\/elfsight.com\/instagram-feed-instashow\/joomla\/\">Kana\u0142 na Instagramie<\/a>, aby poszerzy\u0107 zawarto\u015b\u0107 witryny i doda\u0107 dynamiki elementy.<\/p><\/div>\r\n\t\t\t\t\t<\/div>\r\n\t\t\t\t<\/div><\/div><\/div> <div class=\"application-platform-content-item-features application-platform-content-item\" id=\"features\" data-nav-section=\"features\"> <h2>G\u0142\u00f3wne funkcje modu\u0142u czatu WhatsApp<\/h2> <p>Aby uzyska\u0107 przejrzyst\u0105 wiedz\u0119 Joomla Chat, oto lista jego g\u0142\u00f3wnych funkcji. Dzi\u0119ki nim nasz widget b\u0119dzie dla Ciebie maksymalnie przydatny: <\/p> <ul><li>Skonfiguruj komunikator WhatsApp na swojej stronie, aby m\u00f3c rozmawia\u0107 na \u017cywo z innymi lud\u017ami; <\/li><li>Kontynuuj komunikacj\u0119 bezpo\u015brednio ze swojego konta WhatsApp; <\/li><li>U\u017cyj 3 typ\u00f3w pozycji modu\u0142u: p\u0142ywaj\u0105ca ba\u0144ka, osadzona ba\u0144ka i osadzona okno czatu; <\/li><li>Korzystaj z biblioteki ikon b\u0105belk\u00f3w; <\/li><li>Wprowad\u017a sw\u00f3j osobisty tekst w dymku czatu. <\/li><\/ul><p><a href=\"#demo\">W wersji demonstracyjnej dost\u0119pnych b\u0119dzie wi\u0119cej funkcji<\/a><\/p> <\/div> <div class=\"application-platform-content-item-installation application-platform-content-item\" id=\"installation\" data-nav-section=\"installation\"> <h2> Jak doda\u0107 wtyczk\u0119 czatu na \u017cywo Whatsapp do Joomla<\/h2><div class=\"video-container\"><iframe width=\"720\" height=\"405\" src=\"https:\/\/www.youtube.com\/embed\/DYT1PiJuOy0\" frameborder=\"0\" allowfullscreen=\"\"><\/iframe><\/div><p>Wystarczy wykona\u0107 kilka krok\u00f3w opisanych poni\u017cej, aby aktywowa\u0107 wtyczk\u0119 w Joomla.<\/p> <ol><li><b>Uruchom nasz darmowy konfigurator i zacznij tworzy\u0107 w\u0142asne rozszerzenie Whatsapp Chat. <\/b><br> Okre\u015bl po\u017c\u0105dany wygl\u0105d i aspekty wtyczki i zastosuj poprawki. <\/li> <li><b>Skopiuj sw\u00f3j osobisty kod wy\u015bwietlany w oknie aplikacji Elfsight. <\/b><br> Po dostosowaniu rozszerzenia skopiuj kod osobisty w wy\u015bwietlonym polu i zapisz go do p\u00f3\u017aniejszego wykorzystania. <\/li> <li><b>Rozpocznij korzystanie z narz\u0119dzia w swojej witrynie Joomla. <\/b><br> Umie\u015b\u0107 ostatnio skopiowany kod w swojej witrynie i zastosuj zmiany. <\/li> <li><b>Konfiguracja zosta\u0142a pomy\u015blnie przeprowadzona. <\/b><br> Przejd\u017a do swojej witryny, aby sprawdzi\u0107 dzia\u0142anie narz\u0119dzia. <\/li><\/ol><p>Nadal masz w\u0105tpliwo\u015bci? Lub masz pytania? Po prostu skieruj pro\u015bb\u0119 do naszego zespo\u0142u wsparcia, a on rozwi\u0105\u017ce ka\u017cdy problem. <\/p> <\/div><div class=\"faq\" data-component=\"FAQ\"><div class=\"faq-item\">\r\n\t\t\t\t\t<div class=\"faq-item-question\">\r\n\t\t\t\t\t\t<h3 class=\"faq-item-question-text\">Jak doda\u0107 czat Whatsapp do mojej Joomla bez znajomo\u015bci kodowania?<\/h3>\r\n\r\n\t\t\t\t\t\t<div class=\"faq-item-question-icon\"><\/div>\r\n\t\t\t\t\t<\/div>\r\n\r\n\t\t\t\t\t<div class=\"faq-item-answer\">\r\n\t\t\t\t\t\t<div class=\"faq-item-answer-text\"><p>Firma Elfsight oferuje rozwi\u0105zanie w chmurze, kt\u00f3re pozwala szerokiej publiczno\u015bci samodzielnie utworzy\u0107 sekcj\u0119 czatu Whatsapp, odkryj jakie to proste: <\/p><ul><li>Pracuj bezpo\u015brednio w wersji demonstracyjnej na \u017cywo, aby utworzy\u0107 sekcj\u0119 czatu Whatsapp, kt\u00f3r\u0105 chcesz osadzi\u0107 na swojej stronie Joomla.<\/p><ul><li> li&gt;<li>Wybierz jeden z wielu wst\u0119pnie zaprojektowanych szablon\u00f3w i zmie\u0144 ustawienia czatu Whatsapp, dodaj tre\u015b\u0107, zmie\u0144 uk\u0142ad i kolor element\u00f3w bez \u017cadnego do\u015bwiadczenia w kodowaniu.<\/li><li>Zapisz czat Whatsapp i skopiuj jego kod do osadzenia, kt\u00f3ry mo\u017cna \u0142atwo wklei\u0107 na swojej stronie Joomla bez konieczno\u015bci zakupu p\u0142atnego planu. <\/li><\/ul><p>Dzi\u0119ki intuicyjnemu konfiguratorowi ka\u017cdy u\u017cytkownik Internetu mo\u017ce zbudowa\u0107 wid\u017cet Whatsapp Chat online i \u0142atwo umie\u015bci\u0107 go na stronie g\u0142\u00f3wnej Joomla. Aby uzyska\u0107 dost\u0119p do us\u0142ugi Elfsight, nie jest wymagane wykupienie p\u0142atnej subskrypcji ani podanie danych karty. Je\u015bli na kt\u00f3rymkolwiek etapie napotkasz jakiekolwiek problemy, nie wahaj si\u0119 porozmawia\u0107 z naszym dzia\u0142em obs\u0142ugi klienta.<\/p><\/div>\r\n\t\t\t\t\t<\/div>\r\n\t\t\t\t<\/div><\/div>","protected":false},"excerpt":{"rendered":"","protected":false},"author":9,"featured_media":0,"parent":857,"menu_order":0,"comment_status":"closed","ping_status":"closed","template":"templates\/template-application-platform.php","meta":{"publish_to_discourse":"","publish_post_category":"","wpdc_auto_publish_overridden":"","wpdc_topic_tags":"","wpdc_pin_topic":"","wpdc_pin_until":"","discourse_post_id":"","discourse_permalink":"","wpdc_publishing_response":"","wpdc_publishing_error":"","footnotes":""},"class_list":["post-7333","page","type-page","status-publish","hentry"],"yoast_head":"<!-- This site is optimized with the Yoast SEO plugin v25.3.1 - https:\/\/yoast.com\/wordpress\/plugins\/seo\/ -->\n<title>Dodaj wtyczk\u0119 Whatsapp Live Chat do strony Joomla (\u0142atwo i szybko)<\/title>\n<meta name=\"description\" content=\"Skonfiguruj wtyczk\u0119 Whatsapp Live Chat w Joomla tylko w 2 minuty. Poznaj wszystkie g\u0142\u00f3wne cechy najlepszego modu\u0142u czatu w bezp\u0142atnej wersji demonstracyjnej.\" \/>\n<meta name=\"robots\" content=\"index, follow, max-snippet:-1, max-image-preview:large, max-video-preview:-1\" \/>\n<link rel=\"canonical\" href=\"https:\/\/elfsight.com\/pl\/whatsapp-chat-widget\/joomla\/\" \/>\n<meta property=\"og:locale\" content=\"pl_PL\" \/>\n<meta property=\"og:type\" content=\"article\" \/>\n<meta property=\"og:title\" content=\"Dodaj wtyczk\u0119 Whatsapp Live Chat do strony Joomla (\u0142atwo i szybko)\" \/>\n<meta property=\"og:description\" content=\"Skonfiguruj wtyczk\u0119 Whatsapp Live Chat w Joomla tylko w 2 minuty. Poznaj wszystkie g\u0142\u00f3wne cechy najlepszego modu\u0142u czatu w bezp\u0142atnej wersji demonstracyjnej.\" \/>\n<meta property=\"og:url\" content=\"https:\/\/elfsight.com\/pl\/whatsapp-chat-widget\/joomla\/\" \/>\n<meta property=\"og:site_name\" content=\"Elfsight PL\" \/>\n<meta property=\"article:modified_time\" content=\"2024-11-14T12:42:12+00:00\" \/>\n<meta name=\"twitter:card\" content=\"summary_large_image\" \/>\n<meta name=\"twitter:label1\" content=\"Szacowany czas czytania\" \/>\n\t<meta name=\"twitter:data1\" content=\"4 minuty\" \/>\n<!-- \/ Yoast SEO plugin. -->","yoast_head_json":{"title":"Dodaj wtyczk\u0119 Whatsapp Live Chat do strony Joomla (\u0142atwo i szybko)","description":"Skonfiguruj wtyczk\u0119 Whatsapp Live Chat w Joomla tylko w 2 minuty. Poznaj wszystkie g\u0142\u00f3wne cechy najlepszego modu\u0142u czatu w bezp\u0142atnej wersji demonstracyjnej.","robots":{"index":"index","follow":"follow","max-snippet":"max-snippet:-1","max-image-preview":"max-image-preview:large","max-video-preview":"max-video-preview:-1"},"canonical":"https:\/\/elfsight.com\/pl\/whatsapp-chat-widget\/joomla\/","og_locale":"pl_PL","og_type":"article","og_title":"Dodaj wtyczk\u0119 Whatsapp Live Chat do strony Joomla (\u0142atwo i szybko)","og_description":"Skonfiguruj wtyczk\u0119 Whatsapp Live Chat w Joomla tylko w 2 minuty. Poznaj wszystkie g\u0142\u00f3wne cechy najlepszego modu\u0142u czatu w bezp\u0142atnej wersji demonstracyjnej.","og_url":"https:\/\/elfsight.com\/pl\/whatsapp-chat-widget\/joomla\/","og_site_name":"Elfsight PL","article_modified_time":"2024-11-14T12:42:12+00:00","twitter_card":"summary_large_image","twitter_misc":{"Szacowany czas czytania":"4 minuty"},"schema":{"@context":"https:\/\/schema.org","@graph":[{"@type":"WebPage","@id":"https:\/\/elfsight.com\/pl\/whatsapp-chat-widget\/joomla\/","url":"https:\/\/elfsight.com\/pl\/whatsapp-chat-widget\/joomla\/","name":"Dodaj wtyczk\u0119 Whatsapp Live Chat do strony Joomla (\u0142atwo i szybko)","isPartOf":{"@id":"https:\/\/elfsight.com\/pl\/#website"},"datePublished":"1970-01-01T00:00:00+00:00","dateModified":"2024-11-14T12:42:12+00:00","description":"Skonfiguruj wtyczk\u0119 Whatsapp Live Chat w Joomla tylko w 2 minuty. Poznaj wszystkie g\u0142\u00f3wne cechy najlepszego modu\u0142u czatu w bezp\u0142atnej wersji demonstracyjnej.","breadcrumb":{"@id":"https:\/\/elfsight.com\/pl\/whatsapp-chat-widget\/joomla\/#breadcrumb"},"inLanguage":"pl-PL","potentialAction":[{"@type":"ReadAction","target":["https:\/\/elfsight.com\/pl\/whatsapp-chat-widget\/joomla\/"]}]},{"@type":"BreadcrumbList","@id":"https:\/\/elfsight.com\/pl\/whatsapp-chat-widget\/joomla\/#breadcrumb","itemListElement":[{"@type":"ListItem","position":1,"name":"Home","item":"https:\/\/elfsight.com\/pl\/"},{"@type":"ListItem","position":2,"name":"WhatsApp Chat","item":"https:\/\/elfsight.com\/pl\/whatsapp-chat-widget\/"},{"@type":"ListItem","position":3,"name":"Whatsapp Chat &#8211; Joomla"}]},{"@type":"WebSite","@id":"https:\/\/elfsight.com\/pl\/#website","url":"https:\/\/elfsight.com\/pl\/","name":"Elfsight PL","description":"Just another Elfsight Sites site","potentialAction":[{"@type":"SearchAction","target":{"@type":"EntryPoint","urlTemplate":"https:\/\/elfsight.com\/pl\/?s={search_term_string}"},"query-input":{"@type":"PropertyValueSpecification","valueRequired":true,"valueName":"search_term_string"}}],"inLanguage":"pl-PL"}]}},"meta_box":{"industry":"","seo_heading":"","heading":"","description":"","cta_heading":"","cta_description":"","application":"856","h1":"Wtyczka Joomla Whatsapp do czatu na \u017cywo","h1_caption":"Daj u\u017cytkownikom mo\u017cliwo\u015b\u0107 skontaktowania si\u0119 z Tob\u0105 za po\u015brednictwem WhatsApp, zapewniaj\u0105c najszybsz\u0105 i najwygodniejsz\u0105 interakcj\u0119 dla odwiedzaj\u0105cych Twoj\u0105 witryn\u0119 z witryn\u0105 Joomla.","application_category":[],"applications_title":"","applications_request_title":"","applications_request_button_text":"","hero_text":"","hero_video":"","hero_video_schema_markup":"","selling_points_title":"","selling_points_caption":"","selling_points":[],"selling_points_cta_text":"","features_title":"","features":"","ed_cta_examples_text":"","ed_cta_examples_hidden":"","ed_cta_demo_text":"","ed_cta_demo_hidden":"","why_caption":"","why_editor_title":"","why_editor_text":"","why_team_title":"","why_team_text":"","why_service_title":"","why_service_text":"","template_catalog_visible":"","template_catalog_title":"","template_catalog_text":"","template_catalog_categories_visible":"","demo_title":"Utw\u00f3rz wtyczk\u0119 czatu Whatsapp","demo_caption":"Skonfiguruj czat Whatsapp i dodaj go do swojej witryny Joomla za darmo!","default_faq_hidden":"","app_template_category":[],"platform":"53","template_public_id":"","codecanyon_url":"","codecanyon_item_id":"","codecanyon_price":"","pricing_caption":"","pricing_elfsight_apps_hide_column":"","pricing_elfsight_apps_url":"","pricing_codecanyon_price_caption":"","integration_category":[],"integration_request_title":"","integration_request_cta":"","integration_platform":"","integrations":[],"platform_category":[],"video_schema_markup":"","price":"od 0 USD \/ miesi\u0105c","trial":"","benefits":[{"text":"Bezp\u0142atna pomoc w monta\u017cu"},{"text":"Wyj\u0105tkowe wsparcie"},{"text":"14-dniowa gwarancja zwrotu pieni\u0119dzy"}],"button_url":"#demo","button_target_blank":"","button_nofollow":"","attributes":[{"name":"Instaluje"},{"name":"Czu\u0142y"},{"name":"Kompatybilne przegl\u0105darki"}],"tags":[],"tags_disable_links":"","hide_more_platforms":"","video_object":"","demo_hide_cta":"","demo_hide_cloud_options":"","pricing_title":"","pricing":[{"pricing_icon":"platform","pricing_title":"Elfsight Apps","pricing_title_caption":"Oprogramowanie niezale\u017cne od platformy","pricing_price":"od 0 USD \/ miesi\u0105c","pricing_price_caption":"zacznij od bezp\u0142atnego planu","pricing_benefits":[{"text":"Nielimitowane domeny"},{"text":"Dedykowana obs\u0142uga klienta"},{"text":"Bezp\u0142atne wsparcie instalacyjne"},{"text":"Oferta specjalna na wiele aplikacji"}],"pricing_button_text":"Dodaj do witryny","pricing_button_url":"#demo"}],"related_apps_title":"","related_apps_hidden":"","author":"","image":[],"title":"","job":"","social_networks":[]},"_links":{"self":[{"href":"https:\/\/elfsight.com\/pl\/wp-json\/wp\/v2\/pages\/7333","targetHints":{"allow":["GET"]}}],"collection":[{"href":"https:\/\/elfsight.com\/pl\/wp-json\/wp\/v2\/pages"}],"about":[{"href":"https:\/\/elfsight.com\/pl\/wp-json\/wp\/v2\/types\/page"}],"author":[{"embeddable":true,"href":"https:\/\/elfsight.com\/pl\/wp-json\/wp\/v2\/users\/9"}],"replies":[{"embeddable":true,"href":"https:\/\/elfsight.com\/pl\/wp-json\/wp\/v2\/comments?post=7333"}],"version-history":[{"count":2,"href":"https:\/\/elfsight.com\/pl\/wp-json\/wp\/v2\/pages\/7333\/revisions"}],"predecessor-version":[{"id":8134,"href":"https:\/\/elfsight.com\/pl\/wp-json\/wp\/v2\/pages\/7333\/revisions\/8134"}],"up":[{"embeddable":true,"href":"https:\/\/elfsight.com\/pl\/wp-json\/wp\/v2\/pages\/857"}],"wp:attachment":[{"href":"https:\/\/elfsight.com\/pl\/wp-json\/wp\/v2\/media?parent=7333"}],"curies":[{"name":"wp","href":"https:\/\/api.w.org\/{rel}","templated":true}]}}