{"id":7328,"date":"1970-01-01T00:00:00","date_gmt":"1970-01-01T00:00:00","guid":{"rendered":"https:\/\/elfsight.com\/pl\/?page_id=7328"},"modified":"2025-06-25T09:22:22","modified_gmt":"2025-06-25T09:22:22","slug":"magento","status":"publish","type":"page","link":"https:\/\/elfsight.com\/pl\/whatsapp-chat-widget\/magento\/","title":{"rendered":"Whatsapp Chat &#8211; Magento"},"content":{"rendered":"<div class=\"application-platform-content-item-description application-platform-content-item\" id=\"description\" data-nav-section=\"description\">\n<h2>Opis<\/h2>\n<p>Wtyczka WhatsApp stworzona przez Elfsight to \u0142atwe narz\u0119dzie umo\u017cliwiaj\u0105ce u\u017cytkownikom Twojej witryny wysy\u0142anie swoich wiadomo\u015bci do Ciebie i uzyskanie odpowiedzi na ich pytania. Mo\u017cesz ju\u017c teraz pozosta\u0107 dost\u0119pny dla swoich odbiorc\u00f3w w jednym z ukochanych komunikator\u00f3w. Zintegruj czat w swoim sklepie i pozw\u00f3l, aby pojawia\u0142 si\u0119 na wybranych stronach lub dla okre\u015blonych typ\u00f3w u\u017cytkownik\u00f3w; aktywuj wyzwalacze rozpocz\u0119cia czatu; napisz w\u0142asn\u0105 wiadomo\u015b\u0107 powitaln\u0105; wybierz ikony i wiele wi\u0119cej. Dzi\u0119ki wbudowanemu w witryn\u0119 Magento Chat b\u0119dziesz dost\u0119pny dla swoich odbiorc\u00f3w w ka\u017cdej chwili i niezale\u017cnie od tego, gdzie si\u0119 znajdujesz.<\/p>\n<p>Rozszerzenie czatu WhatsApp mo\u017ce znacz\u0105co zwi\u0119kszy\u0107 funkcjonalno\u015b\u0107 Twojej witryny. Po prostu zintegruj WhatsApp z dowoln\u0105 stron\u0105 swojej witryny, a zobaczysz, jak ca\u0142kowicie zmienia to spos\u00f3b, w jaki pracujesz z odbiorcami. Mo\u017cesz wybra\u0107 u\u017cytkownik\u00f3w, kt\u00f3rzy b\u0119d\u0105 mogli zobaczy\u0107 Twoj\u0105 integracj\u0119 z WhatsApp. Je\u015bli zdecydujesz si\u0119 doda\u0107 czat WhatsApp do jednej ze stron swojej witryny, b\u0119dziesz m\u00f3g\u0142 zapewni\u0107 swoim klientom dowoln\u0105 pomoc \u2013 od obs\u0142ugi klienta po wsp\u00f3lne rozmowy. Dzi\u0119ki dodaniu WhatsApp do Twojej witryny z pewno\u015bci\u0105 zyskasz mo\u017cliwo\u015b\u0107 szybkiego rozwoju swojej firmy.<\/p>\n<p>Nasze bezp\u0142atne rozszerzenie WhatsApp mo\u017cna r\u00f3wnie\u017c bardzo \u0142atwo dostosowa\u0107, co jest dla Ciebie dobr\u0105 wiadomo\u015bci\u0105, poniewa\u017c mo\u017cesz je ponownie pokolorowa\u0107 zgodnie z projektem strony Twojej firmy. Wystarczy, \u017ce zaczniesz od wybrania odpowiednich kolor\u00f3w lub skorzystasz z jednego z gotowych szablon\u00f3w. Poniewa\u017c mo\u017cesz ca\u0142kowicie zmieni\u0107 wygl\u0105d rozszerzenia czatu WhatsApp, z \u0142atwo\u015bci\u0105 stanie si\u0119 ono nieod\u0142\u0105czn\u0105 cz\u0119\u015bci\u0105 uk\u0142adu i stylu Twojej witryny. Po prostu zacznij tworzy\u0107 rozszerzenie, a zobaczysz, jak zmienia si\u0119 ono w przydatn\u0105 i atrakcyjn\u0105 funkcj\u0119 na stronach Twojej witryny, a wszystko to mo\u017cna uzyska\u0107 jednym klikni\u0119ciem myszy.<\/p>\n<div class=\"faq\" data-component=\"FAQ\">\n    <div class=\"faq-item\">\r\n\t\t\t\t\t<div class=\"faq-item-question\">\r\n\t\t\t\t\t\t<h3 class=\"faq-item-question-text\">Jak doda\u0107 okno czatu WhatsApp do strony Magento?<\/h3>\r\n\r\n\t\t\t\t\t\t<div class=\"faq-item-question-icon\"><\/div>\r\n\t\t\t\t\t<\/div>\r\n\r\n\t\t\t\t\t<div class=\"faq-item-answer\">\r\n\t\t\t\t\t\t<div class=\"faq-item-answer-text\">\n    <p>Instalacja zajmuje oko\u0142o kilku sekund. Najpierw dostosuj wtyczk\u0119 WhatsApp Chat dla Magento w darmowym konfiguratorze na \u017cywo, nast\u0119pnie skopiuj kod instalacyjny z wyskakuj\u0105cego okienka i wklej kod w potrzebne miejsce w szablonie strony. Dobra robota! Osadzanie rozszerzenia czatu WhatsApp na Magento jest perfekcyjne!<\/p>\n    <p>Masz problemy z instalacj\u0105 wtyczki WhatsApp Chat na Magento lub jej formatowaniem? Mo\u017cesz zapozna\u0107 si\u0119 ze szczeg\u00f3\u0142owym przewodnikiem <a href=\"https:\/\/elfsight.com\/tutorials\/how-to-add-whatsapp-chat-widget-to-website\/#how-to-add-whatsapp-to-magento\">na tej stronie<\/a>.<\/p>\n    <\/div>\r\n\t\t\t\t\t<\/div>\r\n\t\t\t\t<\/div>\n    <div class=\"faq-item\">\r\n\t\t\t\t\t<div class=\"faq-item-question\">\r\n\t\t\t\t\t\t<h3 class=\"faq-item-question-text\">Czy mam szans\u0119 zobaczy\u0107, jak rozszerzenie b\u0119dzie wygl\u0105da\u0107 na stronie?<\/h3>\r\n\r\n\t\t\t\t\t\t<div class=\"faq-item-question-icon\"><\/div>\r\n\t\t\t\t\t<\/div>\r\n\r\n\t\t\t\t\t<div class=\"faq-item-answer\">\r\n\t\t\t\t\t\t<div class=\"faq-item-answer-text\">\n    <p>Oczywi\u015bcie! Tworz\u0105c wtyczk\u0119 czatu Magento WhatsApp <a href=\"https:\/\/elfsight.com\/whatsapp-chat-widget\/#demo\">w darmowym edytorze online<\/a>, uwzgl\u0119dnisz wszystkie zmiany po prawej stronie. Okno czatu b\u0119dzie identyczne z tym, kt\u00f3re znajdziesz na stronie Magento.<\/p>\n    <\/div>\r\n\t\t\t\t\t<\/div>\r\n\t\t\t\t<\/div>\n    <div class=\"faq-item\">\r\n\t\t\t\t\t<div class=\"faq-item-question\">\r\n\t\t\t\t\t\t<h3 class=\"faq-item-question-text\">Jakie popularne wtyczki s\u0105 niezb\u0119dne do obs\u0142ugi witryny Magento?<\/h3>\r\n\r\n\t\t\t\t\t\t<div class=\"faq-item-question-icon\"><\/div>\r\n\t\t\t\t\t<\/div>\r\n\r\n\t\t\t\t\t<div class=\"faq-item-answer\">\r\n\t\t\t\t\t\t<div class=\"faq-item-answer-text\">\n    <p>Do swojej witryny Magento mo\u017cesz doda\u0107 dowoln\u0105 liczb\u0119 wtyczek. Co wi\u0119cej, zawsze mo\u017cesz zastosowa\u0107 wtyczki Elfsight, aby poszerzy\u0107 funkcjonalno\u015b\u0107 swojej witryny.<\/p>\n    <p>Dodaj na przyk\u0142ad <a href=\"https:\/\/elfsight.com\/whatsapp-chat-widget\/magento\/\">WhatsApp<\/a> lub <a href=\"https:\/\/elfsight.com\/facebook-chat-widget\/magento\/\">Facebook Chat<\/a> do witryny, aby dotrze\u0107 do klient\u00f3w za po\u015brednictwem preferowanego komunikatora. Dodaj <a href=\"https:\/\/elfsight.com\/amazon-reviews-widget\/magento\/\">Amazon<\/a> i <a href=\"https:\/\/elfsight.com\/google-reviews-widget\/magento\/\">Recenzje Google<\/a> do witryny, aby wy\u015bwietli\u0107 prawdziwe opinie obecnych klient\u00f3w. Na koniec przedstaw <a href=\"https:\/\/elfsight.com\/instagram-feed-instashow\/magento\/\">Kana\u0142 Instagram<\/a> jako pe\u0142noprawn\u0105 galeri\u0119 zdj\u0119\u0107 na stronie internetowej.<\/p>\n    <\/div>\r\n\t\t\t\t\t<\/div>\r\n\t\t\t\t<\/div>\n<\/div>\n<\/div>\n\n<div class=\"application-platform-content-item-features application-platform-content-item\" id=\"features\" data-nav-section=\"features\">\n<h2>G\u0142\u00f3wne funkcje rozszerzenia WhatsApp Chat<\/h2>\n<p>Aby lepiej zrozumie\u0107 czat Whatsapp, odkryj list\u0119 g\u0142\u00f3wnych funkcji. Dzi\u0119ki nim rozszerzenie jest niezwykle skuteczne w promocji: <\/p>\n<ul>\n    <li>Umie\u015b\u0107 komunikator WhatsApp na swojej stronie internetowej, aby pozosta\u0107 w kontakcie z odbiorcami; <\/li>\n    <li>Odpowiadaj na wiadomo\u015bci bezpo\u015brednio ze swojego konta WhatsApp; <\/li>\n    <li>Wypr\u00f3buj trzy opcje pozycji czatu: p\u0142ywaj\u0105ca ba\u0144ka, osadzana ba\u0144ka i osadzanie okna czatu; <\/li>\n    <li>Wybierz wariant ikony b\u0105belka z zestawu dost\u0119pnych ikon; <\/li>\n    <li>Edytuj tekst dymku czatu. <\/li>\n<\/ul>\n<p><a href=\"#demo\">Aby pozna\u0107 wi\u0119cej funkcji, zobacz demonstracj\u0119 na \u017cywo<\/a><\/p>\n<\/div>\n\n<div class=\"application-platform-content-item-installation application-platform-content-item\" id=\"installation\" data-nav-section=\"installation\"><\/div>\n<h2>Jak doda\u0107 rozszerzenie Live Chat do swojej witryny Magento<\/h2>\n<p>Wystarczy wykona\u0107 poni\u017csze kroki, aby rozpocz\u0105\u0107 korzystanie z narz\u0119dzia w Magento.<\/p>\n<ol>\n    <li><b>Otw\u00f3rz nasz darmowy konfigurator i zacznij tworzy\u0107 niestandardowe rozszerzenie czatu Whatsapp. <\/b><br> Okre\u015bl preferowany uk\u0142ad i funkcjonalno\u015b\u0107 rozszerzenia oraz zapisz zmiany. <\/li>\n    <li><b>Zdob\u0105d\u017a osobisty kod widoczny w polu aplikacji Elfsight. <\/b><br> Po zako\u0144czeniu tworzenia osobistego wid\u017cetu skopiuj kod osobisty z pojawiaj\u0105cego si\u0119 wyskakuj\u0105cego okienka i zachowaj go na p\u00f3\u017aniej. <\/li>\n    <li><b>Zacznij korzysta\u0107 z narz\u0119dzia na swojej stronie Magento. <\/b><br> Zintegruj zapisany wcze\u015bniej kod ze swoj\u0105 stron\u0105 g\u0142\u00f3wn\u0105 i zapisz poprawki. <\/li>\n    <li><b>Gotowe! Osadzanie zosta\u0142o ca\u0142kowicie zako\u0144czone. <\/b><br> Odwied\u017a swoj\u0105 witryn\u0119 i sprawd\u017a, jak dzia\u0142a narz\u0119dzie. <\/li>\n<\/ol>\n<p>Nadal masz co\u015b, co budzi Twoje w\u0105tpliwo\u015bci? Albo masz problemy? Wystarczy jedno zg\u0142oszenie do naszego dzia\u0142u obs\u0142ugi klienta, aby rozwi\u0105za\u0107 ka\u017cdy problem. <\/p>\n<div class=\"faq\" data-component=\"FAQ\">\n    <div class=\"faq-item\">\r\n\t\t\t\t\t<div class=\"faq-item-question\">\r\n\t\t\t\t\t\t<h3 class=\"faq-item-question-text\">W jaki spos\u00f3b mo\u017cna osadzi\u0107 czat Whatsapp na mojej stronie Magento bez do\u015bwiadczenia w programowaniu?<\/h3>\r\n\r\n\t\t\t\t\t\t<div class=\"faq-item-question-icon\"><\/div>\r\n\t\t\t\t\t<\/div>\r\n\r\n\t\t\t\t\t<div class=\"faq-item-answer\">\r\n\t\t\t\t\t\t<div class=\"faq-item-answer-text\">\n    <p>Firma Elfsight wprowadza rozwi\u0105zanie w chmurze, kt\u00f3re umo\u017cliwia szerokiemu gronu odbiorc\u00f3w samodzielne wygenerowanie wid\u017cetu Whatsapp Chat, przekonaj si\u0119, jakie to proste: <\/p>\n    <ul>\n        <li>Pracuj bezpo\u015brednio w wersji demonstracyjnej online, aby zbudowa\u0107 aplikacj\u0119 Whatsapp Chat, w kt\u00f3rej chcesz j\u0105 zobaczy\u0107 w swoim Magento.<\/li>\n        <li>Wybierz jeden z gotowych szablon\u00f3w i zmie\u0144 ustawienia Whatsapp Chat, zmie\u0144 uk\u0142ad i kolor element\u00f3w, do\u0142\u0105cz swoj\u0105 tre\u015b\u0107 bez kodowania.<\/li>\n        <li>Kliknij, aby zapisa\u0107 Czat Whatsapp i uzyskaj kod instalacyjny wid\u017cetu, kt\u00f3ry mo\u017cesz \u0142atwo osadzi\u0107 na dowolnej stronie Magento bez konieczno\u015bci zakupu p\u0142atnej subskrypcji. <\/li>\n    <\/ul>\n    <p>Korzystaj\u0105c z naszego intuicyjnego edytora, ka\u017cdy u\u017cytkownik sieci mo\u017ce utworzy\u0107 sekcj\u0119 Czat Whatsapp i \u0142atwo osadzi\u0107 j\u0105 na stronie g\u0142\u00f3wnej Magento. Nie powiniene\u015b p\u0142aci\u0107 ani podawa\u0107 danych swojej karty, aby wej\u015b\u0107 do naszego serwisu. Je\u015bli na kt\u00f3rymkolwiek etapie napotkasz jakiekolwiek problemy, nie wahaj si\u0119 skontaktowa\u0107 z naszym dzia\u0142em obs\u0142ugi klienta.<\/p>\n    <\/div>\r\n\t\t\t\t\t<\/div>\r\n\t\t\t\t<\/div>\n<\/div>","protected":false},"excerpt":{"rendered":"Jak doda\u0107 rozszerzenie Live Chat do swojej witryny Magento Wystarczy wykona\u0107 poni\u017csze kroki, aby rozpocz\u0105\u0107 korzystanie z narz\u0119dzia w Magento. Otw\u00f3rz nasz darmowy konfigurator i zacznij tworzy\u0107 niestandardowe rozszerzenie czatu Whatsapp. Okre\u015bl preferowany uk\u0142ad i funkcjonalno\u015b\u0107 rozszerzenia oraz zapisz zmiany. Zdob\u0105d\u017a osobisty kod widoczny w polu aplikacji Elfsight. Po zako\u0144czeniu&#8230;","protected":false},"author":9,"featured_media":0,"parent":857,"menu_order":0,"comment_status":"closed","ping_status":"closed","template":"templates\/template-application-platform.php","meta":{"publish_to_discourse":"","publish_post_category":"","wpdc_auto_publish_overridden":"","wpdc_topic_tags":"","wpdc_pin_topic":"","wpdc_pin_until":"","discourse_post_id":"","discourse_permalink":"","wpdc_publishing_response":"","wpdc_publishing_error":"","footnotes":""},"class_list":["post-7328","page","type-page","status-publish","hentry"],"yoast_head":"<!-- This site is optimized with the Yoast SEO plugin v25.3.1 - https:\/\/yoast.com\/wordpress\/plugins\/seo\/ -->\n<title>Dodaj rozszerzenie Whatsapp Live Chat do witryny Magento (2025)<\/title>\n<meta name=\"description\" content=\"Skonfiguruj rozszerzenie Whatsapp Live Chat na Magento tylko w 2 minuty. Poznaj wszystkie g\u0142\u00f3wne cechy najlepszej wtyczki czatu w bezp\u0142atnej wersji demonstracyjnej.\" \/>\n<meta name=\"robots\" content=\"index, follow, max-snippet:-1, max-image-preview:large, max-video-preview:-1\" \/>\n<link rel=\"canonical\" href=\"https:\/\/elfsight.com\/pl\/whatsapp-chat-widget\/magento\/\" \/>\n<meta property=\"og:locale\" content=\"pl_PL\" \/>\n<meta property=\"og:type\" content=\"article\" \/>\n<meta property=\"og:title\" content=\"Dodaj rozszerzenie Whatsapp Live Chat do witryny Magento (2025)\" \/>\n<meta property=\"og:description\" content=\"Skonfiguruj rozszerzenie Whatsapp Live Chat na Magento tylko w 2 minuty. Poznaj wszystkie g\u0142\u00f3wne cechy najlepszej wtyczki czatu w bezp\u0142atnej wersji demonstracyjnej.\" \/>\n<meta property=\"og:url\" content=\"https:\/\/elfsight.com\/pl\/whatsapp-chat-widget\/magento\/\" \/>\n<meta property=\"og:site_name\" content=\"Elfsight PL\" \/>\n<meta property=\"article:modified_time\" content=\"2025-06-25T09:22:22+00:00\" \/>\n<meta name=\"twitter:card\" content=\"summary_large_image\" \/>\n<meta name=\"twitter:label1\" content=\"Szacowany czas czytania\" \/>\n\t<meta name=\"twitter:data1\" content=\"5 minut\" \/>\n<!-- \/ Yoast SEO plugin. -->","yoast_head_json":{"title":"Dodaj rozszerzenie Whatsapp Live Chat do witryny Magento (2025)","description":"Skonfiguruj rozszerzenie Whatsapp Live Chat na Magento tylko w 2 minuty. Poznaj wszystkie g\u0142\u00f3wne cechy najlepszej wtyczki czatu w bezp\u0142atnej wersji demonstracyjnej.","robots":{"index":"index","follow":"follow","max-snippet":"max-snippet:-1","max-image-preview":"max-image-preview:large","max-video-preview":"max-video-preview:-1"},"canonical":"https:\/\/elfsight.com\/pl\/whatsapp-chat-widget\/magento\/","og_locale":"pl_PL","og_type":"article","og_title":"Dodaj rozszerzenie Whatsapp Live Chat do witryny Magento (2025)","og_description":"Skonfiguruj rozszerzenie Whatsapp Live Chat na Magento tylko w 2 minuty. Poznaj wszystkie g\u0142\u00f3wne cechy najlepszej wtyczki czatu w bezp\u0142atnej wersji demonstracyjnej.","og_url":"https:\/\/elfsight.com\/pl\/whatsapp-chat-widget\/magento\/","og_site_name":"Elfsight PL","article_modified_time":"2025-06-25T09:22:22+00:00","twitter_card":"summary_large_image","twitter_misc":{"Szacowany czas czytania":"5 minut"},"schema":{"@context":"https:\/\/schema.org","@graph":[{"@type":"WebPage","@id":"https:\/\/elfsight.com\/pl\/whatsapp-chat-widget\/magento\/","url":"https:\/\/elfsight.com\/pl\/whatsapp-chat-widget\/magento\/","name":"Dodaj rozszerzenie Whatsapp Live Chat do witryny Magento (2025)","isPartOf":{"@id":"https:\/\/elfsight.com\/pl\/#website"},"datePublished":"1970-01-01T00:00:00+00:00","dateModified":"2025-06-25T09:22:22+00:00","description":"Skonfiguruj rozszerzenie Whatsapp Live Chat na Magento tylko w 2 minuty. Poznaj wszystkie g\u0142\u00f3wne cechy najlepszej wtyczki czatu w bezp\u0142atnej wersji demonstracyjnej.","breadcrumb":{"@id":"https:\/\/elfsight.com\/pl\/whatsapp-chat-widget\/magento\/#breadcrumb"},"inLanguage":"pl-PL","potentialAction":[{"@type":"ReadAction","target":["https:\/\/elfsight.com\/pl\/whatsapp-chat-widget\/magento\/"]}]},{"@type":"BreadcrumbList","@id":"https:\/\/elfsight.com\/pl\/whatsapp-chat-widget\/magento\/#breadcrumb","itemListElement":[{"@type":"ListItem","position":1,"name":"Home","item":"https:\/\/elfsight.com\/pl\/"},{"@type":"ListItem","position":2,"name":"WhatsApp Chat","item":"https:\/\/elfsight.com\/pl\/whatsapp-chat-widget\/"},{"@type":"ListItem","position":3,"name":"Whatsapp Chat &#8211; Magento"}]},{"@type":"WebSite","@id":"https:\/\/elfsight.com\/pl\/#website","url":"https:\/\/elfsight.com\/pl\/","name":"Elfsight PL","description":"Just another Elfsight Sites site","potentialAction":[{"@type":"SearchAction","target":{"@type":"EntryPoint","urlTemplate":"https:\/\/elfsight.com\/pl\/?s={search_term_string}"},"query-input":{"@type":"PropertyValueSpecification","valueRequired":true,"valueName":"search_term_string"}}],"inLanguage":"pl-PL"}]}},"meta_box":{"industry":"","seo_heading":"","heading":"","description":"","cta_heading":"","cta_description":"","application":"856","h1":"Rozszerzenie czatu na \u017cywo Magento Whatsapp","h1_caption":"Daj u\u017cytkownikom mo\u017cliwo\u015b\u0107 skontaktowania si\u0119 z Tob\u0105 za po\u015brednictwem WhatsApp, zapewniaj\u0105c najszybsz\u0105 i najwygodniejsz\u0105 interakcj\u0119 dla odwiedzaj\u0105cych Twoj\u0105 witryn\u0119 z Twoj\u0105 witryn\u0105 Magento.","application_category":[],"applications_title":"","applications_request_title":"","applications_request_button_text":"","hero_text":"","hero_video":"","hero_video_schema_markup":"","selling_points_title":"","selling_points_caption":"","selling_points":[],"selling_points_cta_text":"","features_title":"","features":"","ed_cta_examples_text":"","ed_cta_examples_hidden":"","ed_cta_demo_text":"","ed_cta_demo_hidden":"","why_caption":"","why_editor_title":"","why_editor_text":"","why_team_title":"","why_team_text":"","why_service_title":"","why_service_text":"","template_catalog_visible":"0","template_catalog_title":"","template_catalog_text":"","template_catalog_categories_visible":"","demo_title":"Utw\u00f3rz rozszerzenie czatu Whatsapp","demo_caption":"Skonfiguruj czat Whatsapp i dodaj go do swojej witryny Magento za darmo!","default_faq_hidden":"","app_template_category":[],"platform":"92","template_public_id":"","codecanyon_url":"","codecanyon_item_id":"","codecanyon_price":"","pricing_caption":"","pricing_elfsight_apps_hide_column":"","pricing_elfsight_apps_url":"","pricing_codecanyon_price_caption":"","integration_category":[],"integration_request_title":"","integration_request_cta":"","integration_platform":"","integrations":[],"platform_category":[],"video_schema_markup":"","price":"od 0 USD \/ miesi\u0105c","trial":"","benefits":[{"text":"Bezp\u0142atna us\u0142uga monta\u017cu"},{"text":"Wyj\u0105tkowe wsparcie"},{"text":"14-dniowa gwarancja zwrotu pieni\u0119dzy"}],"button_url":"#demo","button_target_blank":"0","button_nofollow":"0","attributes":[{"name":"Instaluje"},{"name":"Czu\u0142y"},{"name":"Kompatybilne przegl\u0105darki"}],"tags":[],"tags_disable_links":"0","hide_more_platforms":"0","video_object":"","demo_hide_cta":"0","demo_hide_cloud_options":"0","pricing_title":"","pricing":[{"pricing_icon":"platform","pricing_title":"Elfsight Apps","pricing_title_caption":"Oprogramowanie wieloplatformowe, kt\u00f3re pasuje do ka\u017cdej witryny","pricing_price":"od 0 USD \/ miesi\u0105c","pricing_price_caption":"zacznij od bezp\u0142atnego planu","pricing_benefits":[{"text":"Nielimitowane strony internetowe"},{"text":"Profesjonalne wsparcie firmy i dobrze udokumentowane"},{"text":"Bezp\u0142atna us\u0142uga monta\u017cu"},{"text":"100% konfigurowalny"}],"pricing_button_text":"Dodaj do witryny","pricing_button_url":"#demo"}],"related_apps_title":"","related_apps_hidden":"0","author":"","image":[],"title":"","job":"","social_networks":[]},"_links":{"self":[{"href":"https:\/\/elfsight.com\/pl\/wp-json\/wp\/v2\/pages\/7328","targetHints":{"allow":["GET"]}}],"collection":[{"href":"https:\/\/elfsight.com\/pl\/wp-json\/wp\/v2\/pages"}],"about":[{"href":"https:\/\/elfsight.com\/pl\/wp-json\/wp\/v2\/types\/page"}],"author":[{"embeddable":true,"href":"https:\/\/elfsight.com\/pl\/wp-json\/wp\/v2\/users\/9"}],"replies":[{"embeddable":true,"href":"https:\/\/elfsight.com\/pl\/wp-json\/wp\/v2\/comments?post=7328"}],"version-history":[{"count":2,"href":"https:\/\/elfsight.com\/pl\/wp-json\/wp\/v2\/pages\/7328\/revisions"}],"predecessor-version":[{"id":10479,"href":"https:\/\/elfsight.com\/pl\/wp-json\/wp\/v2\/pages\/7328\/revisions\/10479"}],"up":[{"embeddable":true,"href":"https:\/\/elfsight.com\/pl\/wp-json\/wp\/v2\/pages\/857"}],"wp:attachment":[{"href":"https:\/\/elfsight.com\/pl\/wp-json\/wp\/v2\/media?parent=7328"}],"curies":[{"name":"wp","href":"https:\/\/api.w.org\/{rel}","templated":true}]}}